{"id":16929,"date":"2024-02-26T11:39:10","date_gmt":"2024-02-26T15:39:10","guid":{"rendered":"https:\/\/workinjuryrights.com\/?page_id=16929"},"modified":"2024-02-26T12:12:08","modified_gmt":"2024-02-26T16:12:08","slug":"abogado-de-compensacion-laboral-de-florida","status":"publish","type":"page","link":"https:\/\/workinjuryrights.com\/es\/abogado-de-compensacion-laboral-de-florida\/","title":{"rendered":"Abogado de Compensaci\u00f3n Laboral de Florida"},"content":{"rendered":"<p>\u00bfNecesita un abogado de compensaci\u00f3n laboral en Florida?<\/p>\n<ul>\n<li><strong>Si ha resultado herido en el trabajo, podemos ayudarlo<\/strong><\/li>\n<li><strong>Hemos ayudado a miles a recuperar los beneficios que merecen<\/strong><\/li>\n<li><strong>\u00a1Si no ganamos, usted no paga!<\/strong><\/li>\n<\/ul>\n<p>Llame al <a href=\"tel:+19543888616\">954-388-8616<\/a> para obtener hoy mismo a un abogado experimentado en compensaci\u00f3n laboral.<\/p>\n<p><span style=\"font-weight: 400;\"> <\/span><\/p>\n<h2>Beneficios de Compensaci\u00f3n Laboral<\/h2>\n<p><a href=\"https:\/\/workinjuryrights.com\/wp-content\/uploads\/2024\/02\/shutterstock_213728068-copy.webp\"><img fetchpriority=\"high\" decoding=\"async\" class=\"alignnone wp-image-15827\" src=\"https:\/\/workinjuryrights.com\/wp-content\/uploads\/2024\/02\/shutterstock_213728068-copy-300x169.webp\" alt=\"Workers' Compensation Compensaci\u00f3n Laboral\" width=\"500\" height=\"282\" srcset=\"https:\/\/workinjuryrights.com\/wp-content\/uploads\/2024\/02\/shutterstock_213728068-copy-300x169.webp 300w, https:\/\/workinjuryrights.com\/wp-content\/uploads\/2024\/02\/shutterstock_213728068-copy-768x432.webp 768w, https:\/\/workinjuryrights.com\/wp-content\/uploads\/2024\/02\/shutterstock_213728068-copy.webp 1000w\" sizes=\"(max-width: 500px) 100vw, 500px\" \/><\/a><\/p>\n<p>Comprender los beneficios proporcionados por la compensaci\u00f3n laboral en Florida es crucial para cualquier trabajador lesionado que enfrenta dificultades debido a una lesi\u00f3n en el lugar de trabajo.<\/p>\n<p>Si ha resultado herido en el trabajo, es probable que tenga derecho a una serie de beneficios de compensaci\u00f3n laboral dise\u00f1ados para apoyarlo durante su recuperaci\u00f3n.<\/p>\n<p>Estos beneficios incluyen cubrir sus facturas m\u00e9dicas, compensar <a href=\"https:\/\/workinjuryrights.com\/workers-comp-cover-lost-wages-in-florida\/\" target=\"_blank\" rel=\"noopener\">los salarios<\/a> perdidos debido a una incapacidad para trabajar y proporcionar acceso al tratamiento m\u00e9dico necesario.<\/p>\n<p>En Florida, la compensaci\u00f3n laboral sirve como una red de seguridad para los trabajadores lesionados, asegurando que reciban el apoyo financiero y m\u00e9dico necesario sin el estr\u00e9s de tratar directamente con una compa\u00f1\u00eda de seguros.<\/p>\n<p>Ya sea que haya sufrido una lesi\u00f3n leve o una m\u00e1s grave que pueda requerir beneficios por incapacidad total temporal o incluso beneficios por discapacidad parcial permanente, comprender sus derechos y los beneficios disponibles es el primer paso hacia la recuperaci\u00f3n.<\/p>\n<p><a href=\"https:\/\/workinjuryrights.com\/wp-content\/uploads\/2024\/02\/shutterstock_493275868-copy.webp\"><img decoding=\"async\" class=\"alignnone wp-image-15829\" src=\"https:\/\/workinjuryrights.com\/wp-content\/uploads\/2024\/02\/shutterstock_493275868-copy.webp\" alt=\"Workers' Compensation Claim reclamo de compensaci\u00f3n laboral\" width=\"500\" height=\"282\" srcset=\"https:\/\/workinjuryrights.com\/wp-content\/uploads\/2024\/02\/shutterstock_493275868-copy.webp 1000w, https:\/\/workinjuryrights.com\/wp-content\/uploads\/2024\/02\/shutterstock_493275868-copy-300x169.webp 300w, https:\/\/workinjuryrights.com\/wp-content\/uploads\/2024\/02\/shutterstock_493275868-copy-768x432.webp 768w\" sizes=\"(max-width: 500px) 100vw, 500px\" \/><\/a><\/p>\n<p>Para aquellos que navegan por las complejidades de reclamos de compensaci\u00f3n laboral en Florida, es beneficioso consultar con un abogado de compensaci\u00f3n laboral en Florida.<\/p>\n<p>Un abogado experimentado en compensaci\u00f3n laboral puede proporcionar asistencia invaluable, desde presentar correctamente su reclamo de compensaci\u00f3n laboral hasta asegurarse de que reciba todos los beneficios a los que tiene derecho, incluidos los beneficios por discapacidad del seguro social si corresponde.<\/p>\n<p>Recuerde, cada caso de compensaci\u00f3n laboral es \u00fanico y los beneficios a los que tiene derecho depender\u00e1n de los detalles espec\u00edficos de su accidente laboral y lesi\u00f3n.<\/p>\n<p>Por lo tanto, es esencial buscar asesoramiento legal profesional para navegar efectivamente por las leyes de <a href=\"http:\/\/www.leg.state.fl.us\/statutes\/index.cfm?App_mode=Display_Statute&amp;URL=0400-0499\/0440\/0440.html\" target=\"_blank\" rel=\"noopener\">compensaci\u00f3n laboral en Florida<\/a>.<\/p>\n<p>Una consulta gratuita con un abogado de compensaci\u00f3n laboral de un bufete de abogados de buena reputaci\u00f3n especializado en compensaci\u00f3n laboral en Florida puede sentar las bases para un reclamo exitoso, ayud\u00e1ndole a centrarse en lo m\u00e1s importante: su salud y recuperaci\u00f3n.<\/p>\n<h2>\u00bfQui\u00e9n es Elegible para la Compensaci\u00f3n Laboral?<\/h2>\n<p><a href=\"https:\/\/workinjuryrights.com\/wp-content\/uploads\/2024\/02\/shutterstock_681287770-copy.webp\"><img decoding=\"async\" class=\"alignnone wp-image-15831\" src=\"https:\/\/workinjuryrights.com\/wp-content\/uploads\/2024\/02\/shutterstock_681287770-copy.webp\" alt=\"Who is Eligible Quien es elegible\" width=\"500\" height=\"281\" srcset=\"https:\/\/workinjuryrights.com\/wp-content\/uploads\/2024\/02\/shutterstock_681287770-copy.webp 1000w, https:\/\/workinjuryrights.com\/wp-content\/uploads\/2024\/02\/shutterstock_681287770-copy-300x169.webp 300w, https:\/\/workinjuryrights.com\/wp-content\/uploads\/2024\/02\/shutterstock_681287770-copy-768x432.webp 768w\" sizes=\"(max-width: 500px) 100vw, 500px\" \/><\/a><\/p>\n<p>En Florida, la elegibilidad para la compensaci\u00f3n laboral abarca a la mayor\u00eda de los empleados que sufren una lesi\u00f3n o enfermedad debido a sus deberes laborales o condiciones de trabajo. Ya sea un accidente laboral o una enfermedad desarrollada con el tiempo, el programa de compensaci\u00f3n laboral del estado tiene como objetivo apoyar a aquellos que resultan heridos en el trabajo a trav\u00e9s de una variedad de beneficios, que incluyen tratamiento m\u00e9dico y compensaci\u00f3n por salarios perdidos.<\/p>\n<h3>Para ser elegible para estos beneficios, un individuo debe cumplir con varios criterios:<\/h3>\n<ul>\n<li>Debe ser un empleado de una empresa que tenga un seguro de compensaci\u00f3n laboral.<\/li>\n<li>La lesi\u00f3n o enfermedad debe estar directamente relacionada con las actividades laborales o el entorno laboral.<\/li>\n<li>La notificaci\u00f3n de la lesi\u00f3n al empleador debe ocurrir t\u00edpicamente dentro de los 30 d\u00edas posteriores al incidente.<\/li>\n<\/ul>\n<p>&nbsp;<\/p>\n<p>Los contratistas independientes y algunas categor\u00edas de trabajadores pueden encontrarse fuera del alcance de la cobertura, lo que resalta la importancia de consultar con abogados experimentados en compensaci\u00f3n laboral para comprender plenamente sus derechos.<\/p>\n<p><a href=\"https:\/\/workinjuryrights.com\/wp-content\/uploads\/2024\/02\/shutterstock_1124606546-copy.webp\"><img loading=\"lazy\" decoding=\"async\" class=\"alignnone wp-image-15833\" src=\"https:\/\/workinjuryrights.com\/wp-content\/uploads\/2024\/02\/shutterstock_1124606546-copy.webp\" alt=\"To be eligible for benefits, you must meet several criteria Para ser elegible para recibir beneficios, debe cumplir con varios criterios\" width=\"500\" height=\"281\" srcset=\"https:\/\/workinjuryrights.com\/wp-content\/uploads\/2024\/02\/shutterstock_1124606546-copy.webp 1000w, https:\/\/workinjuryrights.com\/wp-content\/uploads\/2024\/02\/shutterstock_1124606546-copy-300x169.webp 300w, https:\/\/workinjuryrights.com\/wp-content\/uploads\/2024\/02\/shutterstock_1124606546-copy-768x432.webp 768w\" sizes=\"(max-width: 500px) 100vw, 500px\" \/><\/a><\/p>\n<p>Presentar un reclamo de compensaci\u00f3n laboral en Florida puede introducir complejidades, especialmente cuando se enfrenta a una compa\u00f1\u00eda de seguros esc\u00e9ptica sobre la validez del reclamo.<\/p>\n<p>La asistencia de un abogado de compensaci\u00f3n laboral en Florida es invaluable en tales escenarios, ayudando a navegar el proceso, desde la presentaci\u00f3n del reclamo hasta la negociaci\u00f3n con proveedores de seguros, asegurando que los trabajadores lesionados reciban los beneficios integrales que merecen.<\/p>\n<p>Este enfoque simplificado enfatiza la importancia del asesoramiento legal para superar los obst\u00e1culos de los reclamos de compensaci\u00f3n laboral en Florida, asegurando que los empleados elegibles accedan al apoyo y los beneficios necesarios despu\u00e9s de una lesi\u00f3n en el lugar de trabajo.<\/p>\n<h2>C\u00f3mo Presentar su Reclamo de Compensaci\u00f3n Laboral<\/h2>\n<p><a href=\"https:\/\/workinjuryrights.com\/wp-content\/uploads\/2024\/02\/shutterstock_1407724655-copy.webp\"><img loading=\"lazy\" decoding=\"async\" class=\"alignnone wp-image-15911\" src=\"https:\/\/workinjuryrights.com\/wp-content\/uploads\/2024\/02\/shutterstock_1407724655-copy.webp\" alt=\"How to file a workers' compensation claim C\u00f3mo presentar un reclamo de compensaci\u00f3n laboral\" width=\"500\" height=\"282\" srcset=\"https:\/\/workinjuryrights.com\/wp-content\/uploads\/2024\/02\/shutterstock_1407724655-copy.webp 1000w, https:\/\/workinjuryrights.com\/wp-content\/uploads\/2024\/02\/shutterstock_1407724655-copy-300x169.webp 300w, https:\/\/workinjuryrights.com\/wp-content\/uploads\/2024\/02\/shutterstock_1407724655-copy-768x432.webp 768w\" sizes=\"(max-width: 500px) 100vw, 500px\" \/><\/a><\/p>\n<p>Presentar un reclamo de compensaci\u00f3n laboral en Florida es un paso cr\u00edtico para un trabajador lesionado que busca recuperarse de una lesi\u00f3n en el lugar de trabajo. El proceso implica varias acciones clave para asegurar que su reclamo se presente correctamente y que reciba los beneficios a los que tiene derecho.<\/p>\n<p>Aqu\u00ed hay una gu\u00eda simplificada:<\/p>\n<ul>\n<li><strong>Informe la Lesi\u00f3n:<\/strong> Informe a su empleador sobre la lesi\u00f3n lo antes posible, generalmente dentro de los 30 d\u00edas posteriores al incidente.<\/li>\n<li><strong>Busque Atenci\u00f3n M\u00e9dica:<\/strong> Visite a un proveedor de atenci\u00f3n m\u00e9dica para una evaluaci\u00f3n de sus lesiones. Es posible que su empleador o su compa\u00f1\u00eda de seguros tengan proveedores m\u00e9dicos espec\u00edficos que deba ver.<\/li>\n<li><strong>Presente el Reclamo:<\/strong> Su empleador deber\u00eda informar la lesi\u00f3n a su aseguradora de compensaci\u00f3n laboral, pero es prudente hacer un seguimiento y asegurarse de que se presente el reclamo.<\/li>\n<\/ul>\n<p>&nbsp;<\/p>\n<p>Consideraciones clave al presentar reclamos de compensaci\u00f3n laboral incluyen:<\/p>\n<ul>\n<li><strong>La Documentaci\u00f3n es Crucial:<\/strong> Mantenga registros detallados de todos los tratamientos m\u00e9dicos, gastos relacionados con su lesi\u00f3n y cualquier correspondencia con su empleador o la compa\u00f1\u00eda de seguros.<\/li>\n<li><strong>Los Plazos son Importantes:<\/strong> Cumplir con los plazos de informe y presentaci\u00f3n es esencial para evitar la denegaci\u00f3n del reclamo.<\/li>\n<\/ul>\n<p>&nbsp;<\/p>\n<p>Dadas las complejidades de los reclamos de compensaci\u00f3n laboral, contar con un abogado de compensaci\u00f3n laboral en Florida puede proporcionar ventajas significativas. Un abogado experimentado en compensaci\u00f3n laboral puede ofrecer orientaci\u00f3n durante el proceso de presentaci\u00f3n, ayudar a negociar con la compa\u00f1\u00eda de seguros y garantizar que su reclamo incluya toda la informaci\u00f3n necesaria para respaldar su caso para obtener beneficios de compensaci\u00f3n laboral.<\/p>\n<p>Para muchos, una consulta gratuita con un abogado de compensaci\u00f3n laboral puede ser un primer paso valioso para comprender los detalles de su caso y establecer las bases para un reclamo exitoso.<\/p>\n<h2>\u00bfPor qu\u00e9 Contratar a un Abogado de Compensaci\u00f3n Laboral de Work Injury Rights?<\/h2>\n<p><a href=\"https:\/\/workinjuryrights.com\/wp-content\/uploads\/2024\/02\/shutterstock_2159231469-copy.webp\"><img loading=\"lazy\" decoding=\"async\" class=\"alignnone wp-image-15837\" src=\"https:\/\/workinjuryrights.com\/wp-content\/uploads\/2024\/02\/shutterstock_2159231469-copy.webp\" alt=\"Work Injury Rights workers' compensation attorneys abogado de compensaci\u00f3n laboral en Florida de Work Injury Rights\" width=\"500\" height=\"282\" srcset=\"https:\/\/workinjuryrights.com\/wp-content\/uploads\/2024\/02\/shutterstock_2159231469-copy.webp 1000w, https:\/\/workinjuryrights.com\/wp-content\/uploads\/2024\/02\/shutterstock_2159231469-copy-300x169.webp 300w, https:\/\/workinjuryrights.com\/wp-content\/uploads\/2024\/02\/shutterstock_2159231469-copy-768x432.webp 768w\" sizes=\"(max-width: 500px) 100vw, 500px\" \/><\/a><\/p>\n<p>Optar por trabajar con un abogado de compensaci\u00f3n laboral en Florida de <a href=\"\/\">Work Injury Rights<\/a> puede mejorar significativamente su capacidad para navegar por el complejo proceso de reclamar beneficios de compensaci\u00f3n laboral. Nuestros expertos legales son h\u00e1biles en tratar con compa\u00f1\u00edas de seguros, asegurando que no puedan subvalorar o denegar su reclamo injustamente.<\/p>\n<p>Con un profundo conocimiento de las leyes de compensaci\u00f3n laboral en Florida, nuestros abogados trabajan diligentemente para asegurar sus beneficios leg\u00edtimos, incluida la cobertura para tratamiento m\u00e9dico, compensaci\u00f3n por salarios perdidos y elegibilidad para beneficios por discapacidad si su lesi\u00f3n lo justifica. Nuestro compromiso con los empleados lesionados va m\u00e1s all\u00e1 de la representaci\u00f3n legal; proporcionamos una asociaci\u00f3n de apoyo destinada a facilitar su recuperaci\u00f3n y estabilidad financiera.<\/p>\n<p>Adem\u00e1s, <a href=\"\/es\/nosotros\/\">Work Injury Rights<\/a> se dedica a empoderar a los trabajadores lesionados a trav\u00e9s de un apoyo legal integral y defensa. Con \u00e9nfasis en el servicio personalizado, nuestros experimentados abogados de compensaci\u00f3n laboral adaptan sus estrategias a los aspectos \u00fanicos de su caso, asegurando que reciba el espectro completo de beneficios a los que tiene derecho.<\/p>\n<p>Desde la consulta inicial gratuita hasta la resoluci\u00f3n de su reclamo, nuestro equipo est\u00e1 a su lado, ofreciendo orientaci\u00f3n experta y una representaci\u00f3n s\u00f3lida para superar los desaf\u00edos y obst\u00e1culos planteados por los reclamos de compensaci\u00f3n laboral en Florida.<\/p>\n<h2>Preguntas Frecuentes<\/h2>\n<h3>\u00bfQu\u00e9 Hacen los Abogados de Compensaci\u00f3n Laboral en Florida?<\/h3>\n<p>Un abogado de compensaci\u00f3n laboral aboga por los trabajadores lesionados, gui\u00e1ndolos a trav\u00e9s del proceso de presentaci\u00f3n, manejando negociaciones con compa\u00f1\u00edas de seguros y asegurando que se reciban todos los beneficios de compensaci\u00f3n laboral a los que tienen derecho.<\/p>\n<p>Sus roles incluyen:<\/p>\n<ul>\n<li>Proporcionar una navegaci\u00f3n experta de las leyes de compensaci\u00f3n laboral.<\/li>\n<li>Presentar reclamos y garantizar una documentaci\u00f3n precisa.<\/li>\n<li>Representar a clientes en disputas, audiencias o apelaciones.<\/li>\n<\/ul>\n<h3>\u00bfQui\u00e9n es Elegible para Presentar un Reclamo de Compensaci\u00f3n Laboral?<\/h3>\n<p>La elegibilidad incluye:<\/p>\n<ul>\n<li>Empleados que sufren una lesi\u00f3n o enfermedad en el lugar de trabajo directamente relacionada con su trabajo.<\/li>\n<li>Trabajadores en empresas con cobertura de seguro de compensaci\u00f3n laboral.<\/li>\n<\/ul>\n<h3>\u00bfQu\u00e9 es un Examen M\u00e9dico &#8216;Independiente&#8217; de Compensaci\u00f3n Laboral?<\/h3>\n<p>Un EMI es una evaluaci\u00f3n cr\u00edtica realizada por un m\u00e9dico de terceros para evaluar la gravedad de su lesi\u00f3n y su relaci\u00f3n con su trabajo, lo que influye en su reclamo y beneficios.<\/p>\n<h3>Apelar una Denegaci\u00f3n de Compensaci\u00f3n Laboral<\/h3>\n<p>Para apelar:<\/p>\n<ul>\n<li>Entender las razones de la denegaci\u00f3n.<\/li>\n<li>Recopilar m\u00e1s evidencia.<\/li>\n<li>Presentar una apelaci\u00f3n dentro de los plazos designados.<\/li>\n<li>Posiblemente, buscar representaci\u00f3n legal para obtener mejores resultados.<\/li>\n<\/ul>\n<h3>\u00bfLos Abogados de Compensaci\u00f3n Laboral en Florida son Gratuitos?<\/h3>\n<p>Los abogados de compensaci\u00f3n laboral generalmente trabajan sobre la base de honorarios de contingencia, lo que significa que no se requieren tarifas por adelantado. Los honorarios solo se incurren al asegurar un resultado favorable en el reclamo, alineando los costos de asistencia legal con el \u00e9xito de su caso.<\/p>\n","protected":false},"excerpt":{"rendered":"<p>\u00bfNecesita un abogado de compensaci\u00f3n laboral en Florida? Si ha resultado herido en el trabajo, podemos ayudarlo Hemos ayudado a miles a recuperar los beneficios que merecen \u00a1Si no ganamos, usted no paga! Llame al para obtener hoy mismo a un abogado experimentado en compensaci\u00f3n laboral. Beneficios de Compensaci\u00f3n Laboral Comprender los beneficios proporcionados por [&hellip;]<\/p>\n","protected":false},"author":29,"featured_media":0,"parent":0,"menu_order":0,"comment_status":"closed","ping_status":"closed","template":"","meta":{"_acf_changed":false,"anchor_text":"","footnotes":""},"categories":[],"tags":[],"class_list":["post-16929","page","type-page","status-publish","hentry"],"acf":[],"_links":{"self":[{"href":"https:\/\/workinjuryrights.com\/es\/wp-json\/wp\/v2\/pages\/16929","targetHints":{"allow":["GET"]}}],"collection":[{"href":"https:\/\/workinjuryrights.com\/es\/wp-json\/wp\/v2\/pages"}],"about":[{"href":"https:\/\/workinjuryrights.com\/es\/wp-json\/wp\/v2\/types\/page"}],"author":[{"embeddable":true,"href":"https:\/\/workinjuryrights.com\/es\/wp-json\/wp\/v2\/users\/29"}],"replies":[{"embeddable":true,"href":"https:\/\/workinjuryrights.com\/es\/wp-json\/wp\/v2\/comments?post=16929"}],"version-history":[{"count":10,"href":"https:\/\/workinjuryrights.com\/es\/wp-json\/wp\/v2\/pages\/16929\/revisions"}],"predecessor-version":[{"id":16949,"href":"https:\/\/workinjuryrights.com\/es\/wp-json\/wp\/v2\/pages\/16929\/revisions\/16949"}],"wp:attachment":[{"href":"https:\/\/workinjuryrights.com\/es\/wp-json\/wp\/v2\/media?parent=16929"}],"wp:term":[{"taxonomy":"category","embeddable":true,"href":"https:\/\/workinjuryrights.com\/es\/wp-json\/wp\/v2\/categories?post=16929"},{"taxonomy":"post_tag","embeddable":true,"href":"https:\/\/workinjuryrights.com\/es\/wp-json\/wp\/v2\/tags?post=16929"}],"curies":[{"name":"wp","href":"https:\/\/api.w.org\/{rel}","templated":true}]}}