{"id":17208,"date":"2024-02-29T12:08:54","date_gmt":"2024-02-29T16:08:54","guid":{"rendered":"https:\/\/workinjuryrights.com\/abogado-de-compensacion-de-trabajadores-de-florida\/"},"modified":"2025-09-19T07:23:34","modified_gmt":"2025-09-19T12:23:34","slug":"abogado-de-compensacion-de-trabajadores-de-florida","status":"publish","type":"page","link":"https:\/\/workinjuryrights.com\/es\/abogado-de-compensacion-de-trabajadores-de-florida\/","title":{"rendered":"Abogado de Compensaci\u00f3n de Trabajadores de Florida"},"content":{"rendered":"\t\t<div data-elementor-type=\"wp-page\" data-elementor-id=\"17208\" class=\"elementor elementor-17208 elementor-15815\" data-elementor-post-type=\"page\">\n\t\t\t\t<div class=\"elementor-element elementor-element-35705659 e-flex e-con-boxed e-con e-parent\" data-id=\"35705659\" data-element_type=\"container\" data-e-type=\"container\">\n\t\t\t\t\t<div class=\"e-con-inner\">\n\t\t\t\t<div class=\"elementor-element elementor-element-75b11009 elementor-widget elementor-widget-text-editor\" data-id=\"75b11009\" data-element_type=\"widget\" data-e-type=\"widget\" data-widget_type=\"text-editor.default\">\n\t\t\t\t\t\t\t\t\t\n<p class=\"has-medium-font-size\">\u00bfNecesita un abogado de compensaci\u00f3n de trabajadores de Florida?<\/p>\n\n<p>\u00a0<\/p>\n\n<ul class=\"has-medium-font-size\">\n<li><strong>Si te has lesionado en el trabajo, podemos ayudarte<\/strong><\/li>\n\n<li><strong>Hemos ayudado a miles de personas a recuperar las prestaciones que merecen<\/strong><\/li>\n\n<li><strong><strong>Si no ganamos, no pagas.<\/strong><\/strong><\/li>\n<\/ul>\n\n<p>\u00a0<\/p>\n\n<p class=\"has-medium-font-size\">Llame a <a href=\"tel:+19543888616\">954-388-8616<\/a> para obtener un abogado de compensaci\u00f3n de trabajadores con experiencia en la actualidad.<\/p>\n\n<h2 class=\"wp-block-heading\">Prestaciones por accidentes laborales<\/h2>\n\n<figure class=\"wp-block-image size-full is-resized\"><img fetchpriority=\"high\" decoding=\"async\" width=\"500\" height=\"282\" class=\"wp-image-15826\" style=\"width: 500px;\" src=\"https:\/\/workinjuryrights.com\/wp-content\/uploads\/2024\/02\/shutterstock_213728068-copy.webp\" alt=\"\" srcset=\"https:\/\/workinjuryrights.com\/wp-content\/uploads\/2024\/02\/shutterstock_213728068-copy.webp 1000w, https:\/\/workinjuryrights.com\/wp-content\/uploads\/2024\/02\/shutterstock_213728068-copy-300x169.webp 300w, https:\/\/workinjuryrights.com\/wp-content\/uploads\/2024\/02\/shutterstock_213728068-copy-768x432.webp 768w\" sizes=\"(max-width: 500px) 100vw, 500px\" \/><\/figure>\n\n<p>Comprender las prestaciones que ofrece la compensaci\u00f3n de los trabajadores en Florida es crucial para cualquier trabajador lesionado que se enfrente a dificultades debido a una lesi\u00f3n en el lugar de trabajo.<\/p>\n\n<p>Si se ha lesionado en el trabajo, es probable que tenga derecho a una serie de prestaciones de compensaci\u00f3n a los trabajadores dise\u00f1adas para ayudarle durante su recuperaci\u00f3n.<\/p>\n\n<p>These benefits include covering your medical bills, compensating for <a href=\"https:\/\/workinjuryrights.com\/workers-comp-cover-lost-wages-in-florida\/\">lost wages<\/a> due to an inability to work, and providing access to necessary medical treatment.<\/p>\n\n<p>En Florida, la compensaci\u00f3n de los trabajadores sirve como red de seguridad para los trabajadores lesionados, asegurando que reciban el apoyo financiero y m\u00e9dico necesario sin el estr\u00e9s de tratar directamente con una compa\u00f1\u00eda de seguros.<\/p>\n\n<p>Whether you&#8217;ve suffered a minor injury or a more severe one that might require temporary total <a href=\"https:\/\/workinjuryrights.com\/collect-disability-benefits-workers-comp\/\">disability benefits<\/a> or even permanent partial disability benefits, understanding your rights and the benefits available is the first step toward recovery.<\/p>\n\n<figure class=\"wp-block-image size-full is-resized\"><img decoding=\"async\" width=\"500\" height=\"282\" class=\"wp-image-15828\" style=\"width: 500px;\" src=\"https:\/\/workinjuryrights.com\/wp-content\/uploads\/2024\/02\/shutterstock_493275868-copy.webp\" alt=\"El trabajador lesionado solicita beneficios de compensaci\u00f3n laboral con el bufete de abogados Work Injury Rights.\" srcset=\"https:\/\/workinjuryrights.com\/wp-content\/uploads\/2024\/02\/shutterstock_493275868-copy.webp 1000w, https:\/\/workinjuryrights.com\/wp-content\/uploads\/2024\/02\/shutterstock_493275868-copy-300x169.webp 300w, https:\/\/workinjuryrights.com\/wp-content\/uploads\/2024\/02\/shutterstock_493275868-copy-768x432.webp 768w\" sizes=\"(max-width: 500px) 100vw, 500px\" \/><\/figure>\n\n<p>Para aquellos que navegan por las complejidades de las reclamaciones de compensaci\u00f3n de trabajadores en Florida, es beneficioso consultar con un abogado de compensaci\u00f3n de trabajadores de Florida.<\/p>\n\n<p>Un abogado experto en indemnizaci\u00f3n por accidente de trabajo puede proporcionarle una ayuda inestimable, desde presentar correctamente su reclamaci\u00f3n de indemnizaci\u00f3n por accidente de trabajo hasta asegurarse de que recibe todas las prestaciones a las que tiene derecho, incluidas las prestaciones por incapacidad de la Seguridad Social, si procede.<\/p>\n\n<p>Recuerde que cada caso de indemnizaci\u00f3n por accidente de trabajo es \u00fanico y que las prestaciones a las que tiene derecho depender\u00e1n de las caracter\u00edsticas espec\u00edficas de su accidente y lesi\u00f3n en el lugar de trabajo.<\/p>\n\n<p>Por lo tanto, es esencial buscar asesoramiento legal profesional para navegar eficazmente por las <a href=\"http:\/\/www.leg.state.fl.us\/statutes\/index.cfm?App_mode=Display_Statute&amp;URL=0400-0499\/0440\/0440.html\" target=\"_blank\" rel=\"noreferrer noopener\">leyes de compensaci\u00f3n de los trabajadores en Florida<\/a>.<\/p>\n\n<p>Una consulta gratuita con un abogado de compensaci\u00f3n de trabajadores de un bufete de abogados de renombre especializado en compensaci\u00f3n de trabajadores de Florida puede sentar las bases para una reclamaci\u00f3n exitosa, ayud\u00e1ndole a centrarse en lo m\u00e1s importante: su salud y recuperaci\u00f3n.<\/p>\n\n<h2 class=\"wp-block-heading\">\u00bfQui\u00e9n puede optar a la indemnizaci\u00f3n por accidente de trabajo?<\/h2>\n\n<figure class=\"wp-block-image size-full is-resized\"><img decoding=\"async\" width=\"500\" height=\"281\" class=\"wp-image-15830\" style=\"width: 500px;\" src=\"https:\/\/workinjuryrights.com\/wp-content\/uploads\/2024\/02\/shutterstock_681287770-copy.webp\" alt=\"\" srcset=\"https:\/\/workinjuryrights.com\/wp-content\/uploads\/2024\/02\/shutterstock_681287770-copy.webp 1000w, https:\/\/workinjuryrights.com\/wp-content\/uploads\/2024\/02\/shutterstock_681287770-copy-300x169.webp 300w, https:\/\/workinjuryrights.com\/wp-content\/uploads\/2024\/02\/shutterstock_681287770-copy-768x432.webp 768w\" sizes=\"(max-width: 500px) 100vw, 500px\" \/><\/figure>\n\n<p>En Florida, la mayor\u00eda de los empleados que sufren una lesi\u00f3n o enfermedad debido a sus obligaciones laborales o a las condiciones del lugar de trabajo pueden optar a una indemnizaci\u00f3n por accidente laboral. Tanto si se trata de un accidente laboral como de una enfermedad desarrollada a lo largo del tiempo, el programa estatal de compensaci\u00f3n a los trabajadores tiene como objetivo apoyar a los lesionados en el trabajo mediante una serie de prestaciones, entre las que se incluyen el tratamiento m\u00e9dico y la compensaci\u00f3n por los salarios perdidos.<\/p>\n\n<h3 class=\"wp-block-heading\">Para tener derecho a estas prestaciones, una persona debe cumplir varios criterios:<\/h3>\n\n<ul>\n<li>Debe ser empleado de una empresa que tenga contratado un seguro de accidentes de trabajo.<\/li>\n\n<li>La lesi\u00f3n o enfermedad debe estar directamente relacionada con las actividades laborales o el entorno de trabajo.<\/li>\n\n<li>La notificaci\u00f3n de la lesi\u00f3n al empresario debe producirse normalmente en los 30 d\u00edas siguientes al incidente.<\/li>\n<\/ul>\n\n<p>Los contratistas independientes y algunas categor\u00edas de trabajadores pueden encontrarse fuera del \u00e1mbito de la cobertura, lo que pone de relieve la importancia de consultar a abogados expertos en indemnizaci\u00f3n por accidente de trabajo para comprender plenamente los derechos de cada uno.<\/p>\n\n<figure class=\"wp-block-image size-full is-resized\"><img loading=\"lazy\" decoding=\"async\" width=\"500\" height=\"281\" class=\"wp-image-15832\" style=\"width: 500px;\" src=\"https:\/\/workinjuryrights.com\/wp-content\/uploads\/2024\/02\/shutterstock_1124606546-copy.webp\" alt=\"\" srcset=\"https:\/\/workinjuryrights.com\/wp-content\/uploads\/2024\/02\/shutterstock_1124606546-copy.webp 1000w, https:\/\/workinjuryrights.com\/wp-content\/uploads\/2024\/02\/shutterstock_1124606546-copy-300x169.webp 300w, https:\/\/workinjuryrights.com\/wp-content\/uploads\/2024\/02\/shutterstock_1124606546-copy-768x432.webp 768w\" sizes=\"(max-width: 500px) 100vw, 500px\" \/><\/figure>\n\n<p>La presentaci\u00f3n de una reclamaci\u00f3n de indemnizaci\u00f3n por accidente laboral en Florida puede presentar complejidades, especialmente cuando se enfrenta a una compa\u00f1\u00eda de seguros esc\u00e9ptica sobre la validez de la reclamaci\u00f3n.<\/p>\n\n<p>La asistencia de un abogado de compensaci\u00f3n de trabajadores de la Florida es muy valiosa en tales escenarios, ayudando a navegar el proceso, desde la presentaci\u00f3n de reclamaciones a la negociaci\u00f3n con los proveedores de seguros, asegurando que los trabajadores lesionados reciban los beneficios integrales que se merecen.<\/p>\n\n<p>Este enfoque racionalizado subraya la importancia del asesoramiento jur\u00eddico para superar los obst\u00e1culos de las reclamaciones de indemnizaci\u00f3n por accidente laboral en Florida, garantizando que los empleados que re\u00fanen los requisitos accedan a la ayuda y las prestaciones necesarias tras una lesi\u00f3n laboral.<\/p>\n\n<h2 class=\"wp-block-heading\">C\u00f3mo presentar una solicitud de indemnizaci\u00f3n por accidente laboral<\/h2>\n\n<figure class=\"wp-block-image size-full is-resized\"><img loading=\"lazy\" decoding=\"async\" width=\"500\" height=\"282\" class=\"wp-image-15834\" style=\"width: 500px;\" src=\"https:\/\/workinjuryrights.com\/wp-content\/uploads\/2024\/02\/shutterstock_1333814834-copy.webp\" alt=\"Un trabajador lesionado recibe beneficios de compensaci\u00f3n de trabajadores de Florida despu\u00e9s de presentar sus reclamos de compensaci\u00f3n de trabajadores.\" srcset=\"https:\/\/workinjuryrights.com\/wp-content\/uploads\/2024\/02\/shutterstock_1333814834-copy.webp 1000w, https:\/\/workinjuryrights.com\/wp-content\/uploads\/2024\/02\/shutterstock_1333814834-copy-300x169.webp 300w, https:\/\/workinjuryrights.com\/wp-content\/uploads\/2024\/02\/shutterstock_1333814834-copy-768x432.webp 768w\" sizes=\"(max-width: 500px) 100vw, 500px\" \/><\/figure>\n\n<p>Filing a workers&#8217; compensation claim in Florida is a critical step for an injured worker seeking to recover from a <a href=\"https:\/\/workinjuryrights.com\/steps-after-workplace-injury\/\">workplace injury<\/a>. The process involves several key actions to ensure that your claim is properly submitted and that you receive the benefits you&#8217;re entitled to. Here&#8217;s a simplified guide:<\/p>\n\n<ol>\n<li><strong>Informe de la<\/strong> lesi\u00f3n: Informa a tu empresa de la lesi\u00f3n lo antes posible, normalmente en los 30 d\u00edas siguientes al incidente.<\/li>\n\n<li><strong>Busque atenci\u00f3n m\u00e9dica<\/strong>: Visite a un profesional sanitario para que eval\u00fae sus lesiones. Su empresa o su compa\u00f1\u00eda de seguros pueden tener proveedores m\u00e9dicos espec\u00edficos a los que debe acudir.<\/li>\n\n<li><strong>Presentar la reclamaci\u00f3n<\/strong>: La empresa debe informar de la lesi\u00f3n a la compa\u00f1\u00eda de seguros de accidentes de trabajo, pero conviene hacer un seguimiento y asegurarse de que se presenta la reclamaci\u00f3n.<\/li>\n<\/ol>\n\n<p>Key considerations when <a href=\"https:\/\/workinjuryrights.com\/file-a-workers-compensation-claim-in-florida\/\">filing workers comp claims<\/a> include:<\/p>\n\n<ul>\n<li><strong>La documentaci\u00f3n es crucial<\/strong>: Lleve un registro detallado de todos los tratamientos m\u00e9dicos, los gastos relacionados con su lesi\u00f3n y cualquier correspondencia con su empresa o la compa\u00f1\u00eda de seguros.<\/li>\n\n<li><strong>Los plazos son importantes<\/strong>: Cumplir los plazos de notificaci\u00f3n y presentaci\u00f3n es esencial para evitar la denegaci\u00f3n de reclamaciones.<\/li>\n<\/ul>\n\n<p>Dadas las complejidades de las reclamaciones de indemnizaci\u00f3n de los trabajadores, contratar a un abogado de indemnizaci\u00f3n de los trabajadores de Florida puede proporcionar importantes ventajas. Un abogado con experiencia en indemnizaci\u00f3n por accidente de trabajo puede orientarle durante el proceso de solicitud, ayudarle a negociar con la compa\u00f1\u00eda de seguros y asegurarse de que su reclamaci\u00f3n incluye toda la informaci\u00f3n necesaria para respaldar su caso de indemnizaci\u00f3n por accidente de trabajo.<\/p>\n\n<p>Para muchos, una consulta gratuita con un abogado de compensaci\u00f3n de trabajadores puede ser un valioso primer paso para entender los detalles de su caso y sentar las bases para una reclamaci\u00f3n exitosa.<\/p>\n\n<h2 class=\"wp-block-heading\">\u00bfPor qu\u00e9 contratar a un abogado de Compensaci\u00f3n de Trabajadores de Derechos de Lesiones de Trabajo?<\/h2>\n\n<figure class=\"wp-block-image size-full is-resized\"><img loading=\"lazy\" decoding=\"async\" width=\"500\" height=\"282\" class=\"wp-image-15836\" style=\"width: 500px;\" src=\"https:\/\/workinjuryrights.com\/wp-content\/uploads\/2024\/02\/shutterstock_2159231469-copy.webp\" alt=\"Abogado de Compensaci\u00f3n de Trabajadores de la Florida consulta a un reclamante\" srcset=\"https:\/\/workinjuryrights.com\/wp-content\/uploads\/2024\/02\/shutterstock_2159231469-copy.webp 1000w, https:\/\/workinjuryrights.com\/wp-content\/uploads\/2024\/02\/shutterstock_2159231469-copy-300x169.webp 300w, https:\/\/workinjuryrights.com\/wp-content\/uploads\/2024\/02\/shutterstock_2159231469-copy-768x432.webp 768w\" sizes=\"(max-width: 500px) 100vw, 500px\" \/><\/figure>\n\n<p>La elecci\u00f3n de trabajar con un abogado de compensaci\u00f3n de trabajadores de Florida de Work Injury Rights puede mejorar significativamente su capacidad para navegar por el complejo proceso de reclamar beneficios de compensaci\u00f3n de trabajadores. Nuestros expertos jur\u00eddicos son expertos en tratar con las compa\u00f1\u00edas de seguros, asegur\u00e1ndose de que no puedan infravalorar o denegar su reclamaci\u00f3n injustamente.<\/p>\n\n<p>Con un profundo conocimiento de las leyes de compensaci\u00f3n de trabajadores de Florida, nuestros abogados trabajan diligentemente para asegurar sus beneficios leg\u00edtimos, incluyendo la cobertura para el tratamiento m\u00e9dico, compensaci\u00f3n por salarios perdidos, y la elegibilidad para beneficios por incapacidad si su lesi\u00f3n lo justifica. Nuestro compromiso con los empleados lesionados va m\u00e1s all\u00e1 de la representaci\u00f3n legal; proporcionamos una asociaci\u00f3n de apoyo destinada a facilitar su recuperaci\u00f3n y estabilidad financiera.<\/p>\n\n<p>Adem\u00e1s, Work Injury Rights se dedica a capacitar a los trabajadores lesionados a trav\u00e9s de un apoyo y una defensa legales integrales. Con un \u00e9nfasis en el servicio personalizado, nuestros experimentados abogados de compensaci\u00f3n de trabajadores adaptan sus estrategias a los aspectos \u00fanicos de su caso, asegurando que usted reciba todo el espectro de beneficios a los que tiene derecho.<\/p>\n\n<p>From the initial free consultation to the resolution of your claim, <a href=\"https:\/\/workinjuryrights.com\/our-team\/\">our team<\/a> stands by your side, offering expert guidance and robust representation to overcome the challenges and obstacles posed by workers&#8217; compensation claims in Florida.<\/p>\n\n<h2 class=\"wp-block-heading\">Preguntas frecuentes<\/h2>\n\n<h3 class=\"wp-block-heading\">\u00bfQu\u00e9 hacen los abogados de Compensaci\u00f3n de Trabajadores de Florida?<\/h3>\n\n<p>Un abogado especializado en indemnizaciones por accidentes de trabajo defiende a los trabajadores lesionados, gui\u00e1ndoles a lo largo del proceso de tramitaci\u00f3n, negociando con las compa\u00f1\u00edas de seguros y asegur\u00e1ndose de que reciben todas las prestaciones a las que tienen derecho. Sus funciones incluyen:<\/p>\n\n<ul>\n<li>Navegaci\u00f3n experta por las leyes de indemnizaci\u00f3n de los trabajadores.<\/li>\n\n<li>Presentar reclamaciones y garantizar la exactitud de la documentaci\u00f3n.<\/li>\n\n<li>Representar a clientes en litigios, audiencias o recursos.<\/li>\n<\/ul>\n\n<h3 class=\"wp-block-heading\">\u00bfQui\u00e9n puede presentar una demanda de indemnizaci\u00f3n por accidente laboral?<\/h3>\n\n<p>La <strong>elegibilidad incluye<\/strong>:<\/p>\n\n<ul>\n<li>Empleados que sufren una lesi\u00f3n o enfermedad laboral directamente relacionada con su trabajo.<\/li>\n\n<li>Trabajadores de empresas con seguro de accidentes de trabajo.<\/li>\n<\/ul>\n\n<h3 class=\"wp-block-heading\">\u00bfQu\u00e9 es un examen m\u00e9dico \u00abindependiente\u00bb de compensaci\u00f3n de trabajadores?<\/h3>\n\n<p>Un IME es una evaluaci\u00f3n cr\u00edtica realizada por un m\u00e9dico externo para valorar la gravedad de su lesi\u00f3n y su relaci\u00f3n con el trabajo, lo que influye en su reclamaci\u00f3n y en las prestaciones.<\/p>\n\n<h3 class=\"wp-block-heading\">Apelar una denegaci\u00f3n de la compensaci\u00f3n de los trabajadores<\/h3>\n\n<p><strong>Para recurrir<\/strong>:<\/p>\n\n<ul>\n<li>Comprender las razones de la denegaci\u00f3n.<\/li>\n\n<li>Recoge m\u00e1s pruebas.<\/li>\n\n<li>Presentar un recurso dentro de los plazos establecidos.<\/li>\n\n<li>Posiblemente, busque representaci\u00f3n legal para obtener mejores resultados.<\/li>\n<\/ul>\n\n<h3 class=\"wp-block-heading\">\u00bfSon Gratuitos los Abogados de Compensaci\u00f3n Laboral en Florida?<\/h3>\n\n<p>Los abogados especializados en indemnizaci\u00f3n por accidente de trabajo suelen trabajar con honorarios condicionales, lo que significa que no tienen que abonar honorarios por adelantado. Los honorarios s\u00f3lo se devengan cuando se obtiene un resultado favorable en la reclamaci\u00f3n, lo que hace que los costes de la asistencia jur\u00eddica est\u00e9n en consonancia con el \u00e9xito de su caso.<\/p>\n\t\t\t\t\t\t\t\t<\/div>\n\t\t\t\t\t<\/div>\n\t\t\t\t<\/div>\n\t\t\t\t<\/div>\n\t\t","protected":false},"excerpt":{"rendered":"<p>\u00bfNecesita un abogado de compensaci\u00f3n de trabajadores de Florida? \u00a0 Si te has lesionado en el trabajo, podemos ayudarte Hemos ayudado a miles de personas a recuperar las prestaciones que merecen Si no ganamos, no pagas. \u00a0 Llame a para obtener un abogado de compensaci\u00f3n de trabajadores con experiencia en la actualidad. Prestaciones por accidentes [&hellip;]<\/p>\n","protected":false},"author":59,"featured_media":0,"parent":0,"menu_order":0,"comment_status":"closed","ping_status":"closed","template":"","meta":{"_acf_changed":false,"anchor_text":"","footnotes":""},"categories":[],"tags":[],"class_list":["post-17208","page","type-page","status-publish","hentry"],"acf":[],"_links":{"self":[{"href":"https:\/\/workinjuryrights.com\/es\/wp-json\/wp\/v2\/pages\/17208","targetHints":{"allow":["GET"]}}],"collection":[{"href":"https:\/\/workinjuryrights.com\/es\/wp-json\/wp\/v2\/pages"}],"about":[{"href":"https:\/\/workinjuryrights.com\/es\/wp-json\/wp\/v2\/types\/page"}],"author":[{"embeddable":true,"href":"https:\/\/workinjuryrights.com\/es\/wp-json\/wp\/v2\/users\/59"}],"replies":[{"embeddable":true,"href":"https:\/\/workinjuryrights.com\/es\/wp-json\/wp\/v2\/comments?post=17208"}],"version-history":[{"count":7,"href":"https:\/\/workinjuryrights.com\/es\/wp-json\/wp\/v2\/pages\/17208\/revisions"}],"predecessor-version":[{"id":23842,"href":"https:\/\/workinjuryrights.com\/es\/wp-json\/wp\/v2\/pages\/17208\/revisions\/23842"}],"wp:attachment":[{"href":"https:\/\/workinjuryrights.com\/es\/wp-json\/wp\/v2\/media?parent=17208"}],"wp:term":[{"taxonomy":"category","embeddable":true,"href":"https:\/\/workinjuryrights.com\/es\/wp-json\/wp\/v2\/categories?post=17208"},{"taxonomy":"post_tag","embeddable":true,"href":"https:\/\/workinjuryrights.com\/es\/wp-json\/wp\/v2\/tags?post=17208"}],"curies":[{"name":"wp","href":"https:\/\/api.w.org\/{rel}","templated":true}]}}