{"id":22405,"date":"2025-05-30T11:17:35","date_gmt":"2025-05-30T16:17:35","guid":{"rendered":"https:\/\/workinjuryrights.com\/compensacion-laboral-en-bay-lake\/"},"modified":"2025-05-30T12:32:09","modified_gmt":"2025-05-30T17:32:09","slug":"compensacion-laboral-en-bay-lake","status":"publish","type":"page","link":"https:\/\/workinjuryrights.com\/es\/compensacion-laboral-en-bay-lake\/","title":{"rendered":"Compensaci\u00f3n laboral en Bay Lake"},"content":{"rendered":"<h2>Comprensi\u00f3n de los beneficios y la cobertura de la compensaci\u00f3n laboral en Bay Lake City<\/h2>\n<p>El <a href=\"https:\/\/www.myfloridacfo.com\/Division\/wc\/\" target=\"_blank\" rel=\"nofollow noopener\">seguro de compensaci\u00f3n laboral <\/a>es una protecci\u00f3n crucial tanto para empleadores como para empleados. Proporciona cobertura m\u00e9dica y reemplazo salarial cuando un trabajador se lesiona en el trabajo o desarrolla una afecci\u00f3n m\u00e9dica relacionada con el trabajo. Seg\u00fan la ley de Florida, cualquier empleador con cuatro o m\u00e1s empleados est\u00e1 obligado a contar con un seguro de compensaci\u00f3n laboral. Para las empresas de construcci\u00f3n, la cobertura es obligatoria, independientemente del tama\u00f1o de la empresa.   <\/p>\n<p>Ya sea que sea un operador de viajes, un ama de llaves de hotel, un trabajador de servicio de alimentos o un conductor de autob\u00fas, si se lesion\u00f3 en el trabajo en Bay Lake, nuestros abogados de Work Injury Rights est\u00e1n aqu\u00ed para ayudarlo a acceder a los beneficios a los que tiene derecho.<\/p>\n<h3>Tipos de beneficios de compensaci\u00f3n laboral que podemos ayudarle a obtener<\/h3>\n<ul data-spread=\"false\">\n<li><strong>Gastos m\u00e9dicos<\/strong>: desde el tratamiento inicial hasta la atenci\u00f3n m\u00e9dica a largo plazo, los beneficios de compensaci\u00f3n laboral cubren todas las facturas m\u00e9dicas necesarias relacionadas con su lesi\u00f3n laboral.<\/li>\n<li><strong>Salarios perdidos:<\/strong> si no puede trabajar debido a su lesi\u00f3n, la compensaci\u00f3n para trabajadores puede brindarle apoyo financiero basado en su salario semanal promedio.<\/li>\n<li><strong>Incapacidad Total Temporal (TTD) e Incapacidad Parcial Temporal (TPD):<\/strong> Estos beneficios ofrecen asistencia financiera mientras usted no puede trabajar o su capacidad laboral est\u00e1 limitada.<\/li>\n<li><strong>Beneficios por incapacidad total permanente<\/strong>: para aquellos que han alcanzado la m\u00e1xima mejor\u00eda m\u00e9dica y no pueden regresar a trabajar, estos beneficios garantizan seguridad financiera a largo plazo.<\/li>\n<li><strong>Beneficios por Muerte y Gastos Funerarios:<\/strong> Las familias que pierden a un ser querido debido a un accidente laboral o una enfermedad ocupacional pueden recuperar los gastos funerarios y el apoyo financiero.<\/li>\n<\/ul>\n<h3>\u00bfCu\u00e1les son las lesiones m\u00e1s comunes en accidentes laborales?<\/h3>\n<p>Si bien cada lugar de trabajo es diferente, ciertas lesiones son m\u00e1s comunes en Bay Lake debido a sus industrias dominantes. Algunas de las lesiones laborales m\u00e1s frecuentes incluyen: <\/p>\n<ul>\n<li><a href=\"https:\/\/workinjuryrights.com\/es\/tipo-de-lesion\/resbalar-y-caer\/\">Resbalones y ca\u00eddas<\/a><\/li>\n<li><a href=\"https:\/\/workinjuryrights.com\/es\/tipo-de-lesion\/lesion-espalda\/\">Lesiones de espalda y cuello<\/a><\/li>\n<li><a href=\"https:\/\/workinjuryrights.com\/es\/tipo-de-lesion\/huesos-rotos-fracturas\/\">Lesiones \u00f3seas de espalda y cuello<\/a><\/li>\n<li><a href=\"https:\/\/workinjuryrights.com\/es\/tipo-de-lesion\/lesion-quemaduras\/\">Quemaduras<\/a><\/li>\n<li><a href=\"https:\/\/workinjuryrights.com\/es\/tipo-de-lesion\/perdida-vision-audicion\/\">P\u00e9rdida de audici\u00f3n<\/a><\/li>\n<li>Accidentes de transporte, como <a href=\"https:\/\/workinjuryrights.com\/es\/tipo-de-lesion\/accidentes-automovilisticos-relacionados-trabajo\/\">choques y colisiones<\/a> durante <a href=\"https:\/\/workinjuryrights.com\/es\/ubicacion-de-la-lesion\/de-viaje\/\">viajes de negocios<\/a>.<\/li>\n<li><a href=\"https:\/\/workinjuryrights.com\/es\/tipo-de-lesion\/exposicion-productos-quimicos-humos\/\">Inhalaci\u00f3n de humos t\u00f3xicos<\/a><\/li>\n<li>Amputaciones<\/li>\n<li><a href=\"https:\/\/workinjuryrights.com\/es\/tipo-de-lesion\/accidentes-sitio-construccion\/\">Accidentes de construcci\u00f3n<\/a><\/li>\n<li>Accidentes al trabajar con <a href=\"https:\/\/workinjuryrights.com\/es\/causa-de-accidente\/accidentes-maquinaria\/\">maquinaria o herramientas<\/a>. Accidentes laborales.<\/li>\n<\/ul>\n<p data-start=\"3364\" data-end=\"3529\">No importa c\u00f3mo ocurri\u00f3 su lesi\u00f3n, si ocurri\u00f3 mientras estaba realizando tareas relacionadas con el trabajo, usted puede ser elegible para recibir beneficios de compensaci\u00f3n laboral. <\/p>\n<h2>Responsabilidades del empleado y del empleador durante el proceso de compensaci\u00f3n laboral<\/h2>\n<p>Tanto los empleadores como los empleados tienen responsabilidades legales espec\u00edficas durante una reclamaci\u00f3n de compensaci\u00f3n laboral en Florida. Comprender estas obligaciones es fundamental para garantizar que el proceso de reclamaci\u00f3n se desarrolle sin problemas y que los beneficios no se retrasen ni se nieguen. <\/p>\n<h3>Obligaciones de los empleados:<\/h3>\n<ul>\n<li style=\"font-weight: 400;\" aria-level=\"1\">Comun\u00edquese con su gerente o empleador para notificarles sobre su lesi\u00f3n o enfermedad en el trabajo dentro de los 30 d\u00edas.<\/li>\n<li style=\"font-weight: 400;\" aria-level=\"1\">Proporcione a su empleador una copia del formulario de informe de estado o del formulario de tratamiento m\u00e9dico (DWC25) despu\u00e9s de cada cita m\u00e9dica.<\/li>\n<li style=\"font-weight: 400;\" aria-level=\"1\">Mantenga sus citas y siga las instrucciones del m\u00e9dico.<\/li>\n<li style=\"font-weight: 400;\" aria-level=\"1\">Intente regresar a trabajar cuando su m\u00e9dico le d\u00e9 el alta y cuando su empleador le ofrezca un trabajo dentro de sus limitaciones f\u00edsicas.<\/li>\n<li style=\"font-weight: 400;\" aria-level=\"1\">Revise, firme y env\u00ede la declaraci\u00f3n de fraude obligatoria a la compa\u00f1\u00eda de seguros de compensaci\u00f3n laboral de su empleador.<\/li>\n<li style=\"font-weight: 400;\" aria-level=\"1\">Informe todos sus ingresos de todas las fuentes si tuvo m\u00e1s de un empleador dentro de las 13 semanas anteriores a la fecha del accidente.<\/li>\n<li style=\"font-weight: 400;\" aria-level=\"1\">Notifique a su empleador, su compa\u00f1\u00eda de seguros y a su m\u00e9dico tratante sobre cualquier cambio de tel\u00e9fono o direcci\u00f3n.<\/li>\n<\/ul>\n<h3>Obligaciones del empleador:<\/h3>\n<ul>\n<li>Tan pronto como los empleadores tengan conocimiento de una lesi\u00f3n relacionada con el trabajo, deben comunicarse de inmediato con su compa\u00f1\u00eda de seguros de compensaci\u00f3n laboral o dentro de los siete d\u00edas posteriores a la lesi\u00f3n.<\/li>\n<li>Proporcionar atenci\u00f3n m\u00e9dica<\/li>\n<li>Permitir a los trabajadores lesionados volver al trabajo<\/li>\n<\/ul>\n<h2>Asesor\u00eda legal especializada para casos de compensaci\u00f3n laboral en Bay Lake<\/h2>\n<p>Bay Lake, Florida, alberga algunos de los parques tem\u00e1ticos, resorts de lujo y centros de transporte m\u00e1s concurridos del mundo. Si bien estas industrias impulsan la econom\u00eda local, tambi\u00e9n exponen a los trabajadores a riesgos laborales \u00fanicos y posibles lesiones. Estas lesiones a menudo resultan en facturas m\u00e9dicas, impago de salarios y frustraci\u00f3n al tratar con las aseguradoras. En Work Injury Rights, nuestros abogados especializados en compensaci\u00f3n laboral en Bay Lake se comprometen a ayudar a los empleados lesionados a obtener los beneficios a los que tienen derecho legalmente. Ya sea que sufra una lesi\u00f3n por esfuerzo repetitivo o un incidente catastr\u00f3fico, le brindamos el apoyo legal que necesita para navegar por el sistema de compensaci\u00f3n laboral de Florida.    <\/p>\n<h3>\u00bfPor qu\u00e9 deber\u00eda contratar a un abogado especializado en compensaci\u00f3n laboral?<\/h3>\n<p>Le acompa\u00f1amos de principio a fin: presentamos su reclamaci\u00f3n, negociamos su acuerdo y le acompa\u00f1amos en cada paso del proceso. Los beneficios de contratar a un abogado especializado en compensaci\u00f3n laboral en Bay Lake incluyen: <\/p>\n<ul>\n<li><strong>Cumpla con los plazos cr\u00edticos<\/strong>: un abogado garantiza que su lesi\u00f3n se informe y que su reclamo se presente a tiempo, protegiendo su elegibilidad.<\/li>\n<li><strong>Lidiar con leyes complejas:<\/strong> El sistema de compensaci\u00f3n laboral de Florida puede ser confuso, especialmente durante la recuperaci\u00f3n de una lesi\u00f3n. Un abogado sabe c\u00f3mo gestionar el proceso legal. <\/li>\n<li><strong>Construya un caso s\u00f3lido:<\/strong> Su abogado recopilar\u00e1 documentos vitales como registros m\u00e9dicos, declaraciones de salario e informes de accidentes para respaldar su reclamo.<\/li>\n<li><strong>Manejar disputas con empleadores o aseguradoras:<\/strong> si su reclamo es impugnado o rechazado, su abogado representar\u00e1 sus intereses y luchar\u00e1 por un trato justo.<\/li>\n<li><strong>Maximice sus beneficios:<\/strong> Los abogados expertos saben c\u00f3mo obtener la gama completa de beneficios disponibles, desde gastos m\u00e9dicos hasta salarios perdidos y discapacidad.<\/li>\n<li><strong>Evite pagos insuficientes o rechazos<\/strong>: las compa\u00f1\u00edas de seguro pueden intentar reducir o rechazar su reclamo; un abogado le ayuda a garantizar que no le den un pago insuficiente.<\/li>\n<li><strong>Conocimiento de la industria local:<\/strong> Nuestros abogados de Bay Lake comprenden los riesgos y desaf\u00edos \u00fanicos que enfrentan los trabajadores de parques tem\u00e1ticos, hoteler\u00eda y transporte.<\/li>\n<\/ul>\n<h3>Por qu\u00e9 Work Injury Rights es la opci\u00f3n correcta para los trabajadores de Bay Lake<\/h3>\n<p>Elegir al abogado adecuado puede influir significativamente en el resultado de su caso. Por eso, nuestros clientes en Bay Lake conf\u00edan en nosotros: <\/p>\n<ul>\n<li><strong>Experiencia local en reclamos de la industria de Bay Lake y parques tem\u00e1ticos:<\/strong> Entendemos los riesgos \u00fanicos que enfrentan los empleados en los sectores de turismo y servicios del \u00e1rea.<\/li>\n<li><strong>Sin honorarios por adelantado:<\/strong> Trabajamos con honorarios de contingencia, por lo que solo paga si ganamos su caso.<\/li>\n<li><strong>Consulta Inicial Gratuita: <\/strong>Obtenga respuestas e informaci\u00f3n legal sin compromiso.<\/li>\n<li><strong>Gesti\u00f3n de casos de principio a fin: <\/strong>desde la presentaci\u00f3n de documentos y la recopilaci\u00f3n de evidencia m\u00e9dica hasta la representaci\u00f3n en las audiencias, manejamos cada paso del proceso.<\/li>\n<\/ul>\n<h3>D\u00e9 el primer paso hacia la recuperaci\u00f3n financiera en Bay Lake, FL<\/h3>\n<p>Si sufri\u00f3 una lesi\u00f3n laboral en Bay Lake, no tiene que afrontar solo el proceso de compensaci\u00f3n laboral. El equipo legal de <strong>Work Injury Rights<\/strong> est\u00e1 aqu\u00ed para garantizar que reciba la atenci\u00f3n m\u00e9dica, los beneficios salariales y el apoyo que necesita para recuperarse y seguir adelante. <\/p>\n<p>\ud83d\udcde <strong>Ll\u00e1menos al 954-324-COMP o complete nuestro formulario de consulta gratuito para comenzar hoy.<\/strong><\/p>\n<p>Luchemos por sus derechos, para que usted pueda concentrarse en su recuperaci\u00f3n y su futuro.<\/p>\n<h2>Preguntas frecuentes sobre compensaci\u00f3n laboral en Florida<\/h2>\n<h3 id=\"elementor-tab-title-1331\" data-tab=\"1\" role=\"button\" aria-controls=\"elementor-tab-content-1331\" aria-expanded=\"false\">\n\t\t\t\t\t\t\t\t\t\t\t\t<a tabindex=\"0\">\u00bfMe pueden despedir por presentar un reclamo de compensaci\u00f3n laboral?<\/a><br \/>\n\t\t\t\t\t<\/h3>\n<p>Legalmente, no. <\/p>\n<p>Los empresarios de Bay Lake, Florida, no pueden despedirte como represalia por reclamar prestaciones de compensaci\u00f3n a los trabajadores tras un accidente laboral. Es tu derecho legal solicitar estas prestaciones. Si crees que te han despedido injustamente tras presentar una demanda de indemnizaci\u00f3n por accidente laboral, llama a Derechos por Lesiones Laborales para ponerte en contacto con un abogado que luchar\u00e1 para que se te haga justicia.  <\/p>\n<h3 id=\"elementor-tab-title-1332\" data-tab=\"2\" role=\"button\" aria-controls=\"elementor-tab-content-1332\" aria-expanded=\"false\">\n\t\t\t\t\t\t\t\t\t\t\t\t<a tabindex=\"0\">\u00bfPuedo demandar a mi empleador?<\/a><br \/>\n\t\t\t\t\t<\/h3>\n<p>No, no puedes demandar a tu empleador<\/p>\n<p>La cobertura del seguro de compensaci\u00f3n laboral hace que los empleadores sean inmunes a demandas por lesiones personales por parte de los empleados; sin embargo, si cree que un tercero comparti\u00f3 la responsabilidad por su accidente laboral, puede presentar una demanda en su contra.<\/p>\n<h3 id=\"elementor-tab-title-1333\" data-tab=\"3\" role=\"button\" aria-controls=\"elementor-tab-content-1333\" aria-expanded=\"false\">\n\t\t\t\t\t\t\t\t\t\t\t\t<a tabindex=\"0\">\u00bfPuede un contratista independiente presentar un reclamo de compensaci\u00f3n laboral?<\/a><br \/>\n\t\t\t\t\t<\/h3>\n<p>Los contratistas independientes en Florida que no trabajan en la construcci\u00f3n o en una industria relacionada con la construcci\u00f3n no est\u00e1n cubiertos por la compensaci\u00f3n laboral y no pueden recuperar beneficios.<\/p>\n<p>Sin embargo, la <a href=\"https:\/\/flrules.org\/gateway\/RuleNo.asp?id=69L-6.021\" target=\"_blank\" rel=\"nofollow noopener\">Regla 69L-6.021 del C\u00f3digo Administrativo de Florida<\/a> requiere que cualquier compa\u00f1\u00eda en la industria de la construcci\u00f3n o que trabaje en un campo relacionado con la construcci\u00f3n no puede tener contratistas independientes; los trabajadores son due\u00f1os de la empresa o empleados.<\/p>\n<h3 id=\"elementor-tab-title-1334\" data-tab=\"4\" role=\"button\" aria-controls=\"elementor-tab-content-1334\" aria-expanded=\"false\">\n\t\t\t\t\t\t\t\t\t\t\t\t<a tabindex=\"0\">\u00bfCu\u00e1nto cuesta contratar a un abogado de compensaci\u00f3n laboral?<\/a><br \/>\n\t\t\t\t\t<\/h3>\n<p>Seg\u00fan la ley de Florida, los abogados especializados en compensaci\u00f3n laboral solo reciben el pago del acuerdo que usted recibe, no de su bolsillo. Adem\u00e1s, la Ley de Compensaci\u00f3n Laboral de Florida establece los honorarios m\u00e1ximos que pueden cobrar los abogados especializados en compensaci\u00f3n laboral. Estos incluyen:  <\/p>\n<ul>\n<li>20% de los primeros $5,000<\/li>\n<li>15% de los pr\u00f3ximos $5,000<\/li>\n<li>10% del saldo restante. El dinero debe entregarse dentro de los diez a\u00f1os siguientes a la fecha de presentaci\u00f3n de su reclamo de compensaci\u00f3n laboral. <\/li>\n<li>5% del importe de la liquidaci\u00f3n garantizada despu\u00e9s de diez a\u00f1os<\/li>\n<\/ul>\n<p>Como abogados de renombre especializados en compensaci\u00f3n laboral en Florida, cumplimos con las disposiciones de la Ley de Compensaci\u00f3n Laboral. Tambi\u00e9n ofrecemos una revisi\u00f3n inicial gratuita del caso.  <\/p>\n<h3 id=\"elementor-tab-title-1335\" data-tab=\"5\" role=\"button\" aria-controls=\"elementor-tab-content-1335\" aria-expanded=\"false\">\n\t\t\t\t\t\t\t\t\t\t\t\t<a tabindex=\"0\">\u00bfExiste un l\u00edmite de tiempo para presentar un reclamo de compensaci\u00f3n laboral en Florida?<\/a><br \/>\n\t\t\t\t\t<\/h3>\n<p>S\u00ed.<\/p>\n<p>Existen plazos estrictos para los reclamos de compensaci\u00f3n laboral en Orlando, Florida, que incluyen:<\/p>\n<ul>\n<li aria-level=\"1\">Tienes 30 d\u00edas despu\u00e9s de la lesi\u00f3n para informar a tu empleador. <\/li>\n<li style=\"font-weight: 400;\" aria-level=\"1\">Tiene dos a\u00f1os a partir de la fecha de la lesi\u00f3n para presentar una petici\u00f3n de beneficios (un reclamo de compensaci\u00f3n laboral)<br \/>O<\/li>\n<li style=\"font-weight: 400;\" aria-level=\"1\">Despu\u00e9s de los dos a\u00f1os iniciales, debe presentar su reclamo dentro de un a\u00f1o a partir de la \u00faltima prestaci\u00f3n de atenci\u00f3n\/tratamiento m\u00e9dico autorizado o un a\u00f1o a partir del \u00faltimo pago de beneficios.<\/li>\n<\/ul>\n<p>Su reclamaci\u00f3n de compensaci\u00f3n laboral de Bay Lake City podr\u00eda ser cancelada permanentemente a menos que se presente dentro de los plazos indicados. Un abogado especializado en compensaci\u00f3n laboral de Orlando puede ayudarle a presentar estas reclamaciones a tiempo. \u00daltima prestaci\u00f3n de atenci\u00f3n\/tratamiento m\u00e9dico autorizado o un a\u00f1o despu\u00e9s del \u00faltimo pago de beneficios. <\/p>\n<h3 id=\"elementor-tab-title-1336\" data-tab=\"6\" role=\"button\" aria-controls=\"elementor-tab-content-1336\" aria-expanded=\"false\">\n\t\t\t\t\t\t\t\t\t\t\t\t<a tabindex=\"0\">\u00bfQu\u00e9 debo hacer si me lesiono en el trabajo?<\/a><br \/>\n\t\t\t\t\t<\/h3>\n<p>*Tenga cuidado al hablar con su compa\u00f1\u00eda de seguros. Consulte con un abogado antes de hacer declaraciones o firmar cualquier documento. <\/p>\n<ul>\n<li>Busque atenci\u00f3n m\u00e9dica inmediata, incluso para lesiones menores.<\/li>\n<li>Documentar el incidente (lesiones, hora, fecha y lugar).<\/li>\n<li>Tome fotograf\u00edas de la escena y recopile informaci\u00f3n de los testigos.<\/li>\n<li>Reporte la lesi\u00f3n a su empleador lo antes posible. En Florida, tiene <strong>30 d\u00edas <\/strong>despu\u00e9s del incidente para reportar la lesi\u00f3n a su empleador o supervisor y recopilar informaci\u00f3n de los testigos. <\/li>\n<li>Presente una reclamaci\u00f3n de compensaci\u00f3n laboral y guarde copias.<\/li>\n<li>Continuar el tratamiento m\u00e9dico, mantener registros de los salarios perdidos y los costos m\u00e9dicos.<\/li>\n<li>Consulte con un abogado especializado en derechos de lesiones laborales. Le ayudaremos a navegar el proceso, resolver disputas y evitar que la aseguradora se aproveche de usted. <\/li>\n<li>Regrese al trabajo cuando est\u00e9 listo y lo autorice un m\u00e9dico.<\/li>\n<\/ul>\n<h3 id=\"elementor-tab-title-1337\" data-tab=\"7\" role=\"button\" aria-controls=\"elementor-tab-content-1337\" aria-expanded=\"false\">\n\t\t\t\t\t\t\t\t\t\t\t\t<a tabindex=\"0\">\u00bfQu\u00e9 debo hacer si mi reclamo de compensaci\u00f3n laboral es rechazado?<\/a><br \/>\n\t\t\t\t\t<\/h3>\n<p>Con demasiada frecuencia, a los empleados con reclamaciones leg\u00edtimas se les niegan los beneficios que merecen. Algunas de las razones que esgrimen para denegar las reclamaciones incluyen: <\/p>\n<ul>\n<li>Acusar al empleado de mentir sobre la lesi\u00f3n<\/li>\n<li>Atribuir la enfermedad o lesi\u00f3n ocupacional a la condici\u00f3n preexistente del empleado<\/li>\n<li>Afirmar que el accidente no ocurri\u00f3 en el trabajo<\/li>\n<\/ul>\n<p>Si su empleador o su compa\u00f1\u00eda aseguradora de compensaci\u00f3n laboral rechaza su reclamo, no tiene que renunciar a su derecho a los beneficios que le corresponden.<\/p>\n<p>Tiene la opci\u00f3n de presentar un reclamo en disputa por compensaci\u00f3n ante la Oficina de Audiencias del Departamento de Administraci\u00f3n del Juez de Reclamaciones de Compensaci\u00f3n de la Divisi\u00f3n de Compensaci\u00f3n de Trabajadores. <strong>Sin embargo, hay l\u00edmites de tiempo.<\/strong><\/p>\n<p>Si su reclamo de compensaci\u00f3n laboral ha sido denegado, nuestro abogado de compensaci\u00f3n laboral de Florida puede preparar y presentar una petici\u00f3n de beneficios en su nombre, representarlo en la mediaci\u00f3n obligatoria y en cualquier audiencia ante un Juez de Reclamos de Compensaci\u00f3n.<\/p>\n<h2>Explore art\u00edculos \u00fatiles sobre compensaci\u00f3n laboral y derechos legales<\/h2>\n<p>Aqu\u00ed encontrar\u00e1 algunos recursos esenciales para ayudarle a navegar por los reclamos de compensaci\u00f3n laboral, los procesos legales y sus derechos:<\/p>\n<ol>\n<li style=\"font-weight: 400;\" aria-level=\"1\"><a href=\"https:\/\/workinjuryrights.com\/can-i-get-workers-compensation-and-fmla\/\"><b>\u00bfPuedo obtener compensaci\u00f3n laboral y FMLA?<\/b><b><br \/><\/b><\/a>Aprenda c\u00f3mo interact\u00faan los beneficios de compensaci\u00f3n para trabajadores y la Ley de Licencia Familiar y M\u00e9dica (FMLA) y c\u00f3mo pueden afectar su empleo y sus beneficios.<\/li>\n<li style=\"font-weight: 400;\" aria-level=\"1\"><a href=\"https:\/\/workinjuryrights.com\/workers-comp-settlement-returning-to-work\/\"><b>Acuerdo de Compensaci\u00f3n Laboral y Reincorporaci\u00f3n al <\/b><b>Trabajo<\/b><\/a><br \/>Conozca sus derechos y opciones para reincorporarse al trabajo despu\u00e9s de un acuerdo de compensaci\u00f3n laboral, incluyendo consideraciones importantes para su puesto y beneficios.<\/li>\n<li style=\"font-weight: 400;\" aria-level=\"1\"><a href=\"https:\/\/workinjuryrights.com\/what-does-a-workers-compensation-lawyer-do\/\"><b>\u00bfQu\u00e9 hace un abogado de compensaci\u00f3n laboral?<\/b><b><br \/><\/b><\/a>Descubra el papel fundamental que desempe\u00f1a un abogado especializado en compensaci\u00f3n laboral para proteger sus derechos y maximizar sus beneficios durante todo el proceso de reclamos.<\/li>\n<li style=\"font-weight: 400;\" aria-level=\"1\"><a href=\"https:\/\/workinjuryrights.com\/es\/como-presento-un-reclamo-de-compensacion-para-trabajadores-en-florida\/\"><b>C\u00f3mo presentar una reclamaci\u00f3n de compensaci\u00f3n laboral en <\/b><b>Florida<\/b><\/a><br \/>Una gu\u00eda paso a paso para presentar un reclamo de compensaci\u00f3n laboral en Florida, que incluye plazos clave, formularios y consejos para garantizar una solicitud exitosa.<\/li>\n<li style=\"font-weight: 400;\" aria-level=\"1\"><a href=\"https:\/\/workinjuryrights.com\/choose-orlando-workers-comp-lawyer\/\"><b>C\u00f3mo elegir un abogado de compensaci\u00f3n laboral en <\/b><b>Bay Lake<\/b><\/a><br \/>Obtenga asesoramiento de expertos para seleccionar el abogado de compensaci\u00f3n laboral adecuado en Orlando para representar su caso y proteger sus derechos de manera efectiva.<\/li>\n<\/ol>\n<h2><b>Llame a Work Injury Rights para una consulta gratuita<\/b><\/h2>\n<p>Gestionar una reclamaci\u00f3n de compensaci\u00f3n laboral puede ser abrumador, pero no tiene que hacerlo solo. En Work Injury Rights, nuestros abogados expertos en compensaci\u00f3n laboral est\u00e1n aqu\u00ed para guiarlo en cada paso del proceso. Ya sea que presente una reclamaci\u00f3n, negocie un acuerdo o regrese al trabajo, nuestros abogados especializados en compensaci\u00f3n laboral le brindar\u00e1n el apoyo confiable que necesita para obtener los beneficios que merece.  <\/p>\n<p>\t\t\t\t\t<a href=\"https:\/\/workinjuryrights.com\/es\/contacto\/\"><br \/>\n\t\t\t\t\t\t\t\t\tNo esperes, contacta con nosotros hoy!<br \/>\n\t\t\t\t\t<\/a><\/p>\n","protected":false},"excerpt":{"rendered":"<p>Comprensi\u00f3n de los beneficios y la cobertura de la compensaci\u00f3n laboral en Bay Lake City El seguro de compensaci\u00f3n laboral es una protecci\u00f3n crucial tanto para empleadores como para empleados. Proporciona cobertura m\u00e9dica y reemplazo salarial cuando un trabajador se lesiona en el trabajo o desarrolla una afecci\u00f3n m\u00e9dica relacionada con el trabajo. Seg\u00fan la [&hellip;]<\/p>\n","protected":false},"author":57,"featured_media":0,"parent":0,"menu_order":0,"comment_status":"closed","ping_status":"closed","template":"","meta":{"_acf_changed":false,"anchor_text":"","footnotes":""},"categories":[],"tags":[],"class_list":["post-22405","page","type-page","status-publish","hentry"],"acf":[],"_links":{"self":[{"href":"https:\/\/workinjuryrights.com\/es\/wp-json\/wp\/v2\/pages\/22405","targetHints":{"allow":["GET"]}}],"collection":[{"href":"https:\/\/workinjuryrights.com\/es\/wp-json\/wp\/v2\/pages"}],"about":[{"href":"https:\/\/workinjuryrights.com\/es\/wp-json\/wp\/v2\/types\/page"}],"author":[{"embeddable":true,"href":"https:\/\/workinjuryrights.com\/es\/wp-json\/wp\/v2\/users\/57"}],"replies":[{"embeddable":true,"href":"https:\/\/workinjuryrights.com\/es\/wp-json\/wp\/v2\/comments?post=22405"}],"version-history":[{"count":1,"href":"https:\/\/workinjuryrights.com\/es\/wp-json\/wp\/v2\/pages\/22405\/revisions"}],"predecessor-version":[{"id":22406,"href":"https:\/\/workinjuryrights.com\/es\/wp-json\/wp\/v2\/pages\/22405\/revisions\/22406"}],"wp:attachment":[{"href":"https:\/\/workinjuryrights.com\/es\/wp-json\/wp\/v2\/media?parent=22405"}],"wp:term":[{"taxonomy":"category","embeddable":true,"href":"https:\/\/workinjuryrights.com\/es\/wp-json\/wp\/v2\/categories?post=22405"},{"taxonomy":"post_tag","embeddable":true,"href":"https:\/\/workinjuryrights.com\/es\/wp-json\/wp\/v2\/tags?post=22405"}],"curies":[{"name":"wp","href":"https:\/\/api.w.org\/{rel}","templated":true}]}}