{"id":5682,"date":"2021-08-13T18:16:30","date_gmt":"2021-08-13T18:16:30","guid":{"rendered":"https:\/\/workinjuryrights.com\/boca-raton\/workers-compensation-lawyer\/"},"modified":"2022-03-14T18:51:47","modified_gmt":"2022-03-14T18:51:47","slug":"abogado-compensacion-laboral","status":"publish","type":"page","link":"https:\/\/workinjuryrights.com\/es\/boca-raton\/abogado-compensacion-laboral\/","title":{"rendered":"Abogado de Compensaci\u00f3n Laboral en Boca Rat\u00f3n"},"content":{"rendered":"<p><span style=\"font-weight: 400;\">Si se lesiona en su lugar de trabajo, adem\u00e1s del dolor y el sufrimiento, podr\u00eda perder su salario e incluso su carrera. Afortunadamente, independientemente de c\u00f3mo ocurri\u00f3 el accidente o la lesi\u00f3n, la ley de compensaci\u00f3n para trabajadores de Florida lo protege al ofrecer beneficios de compensaci\u00f3n para trabajadores. Aunque puede tener derecho a estos beneficios, recibirlos no siempre es sencillo y, a veces, puede terminar perdiendo una parte o todos los beneficios de compensaci\u00f3n que se merece. Aqu\u00ed es donde puede ayudar un abogado de compensaci\u00f3n para trabajadores de Boca Rat\u00f3n.<\/span><\/p>\n<p><span style=\"font-weight: 400;\">Tenga en cuenta que los empleadores y las compa\u00f1\u00edas de seguros actuar\u00e1n en su mejor inter\u00e9s. Si no sigue los procedimientos y procesos adecuados en caso de accidente de trabajo, la compa\u00f1\u00eda aseguradora puede rechazar la compensaci\u00f3n. Afortunadamente, nuestros abogados de compensaci\u00f3n para trabajadores de Boca Rat\u00f3n tienen muchos a\u00f1os de experiencia en la ley de compensaci\u00f3n para trabajadores de Florida, y podemos ayudarlo a seguir los procedimientos legales y negociar en su nombre.<\/span><\/p>\n<p><span style=\"font-weight: 400;\">Si ha estado involucrado en un accidente relacionado con el trabajo o sufri\u00f3 una lesi\u00f3n en el lugar de trabajo, no dude en comunicarse con nuestras <\/span><a href=\"https:\/\/workinjuryrights.com\/es\/boca-raton\/\"><span style=\"font-weight: 400;\">oficinas de Boca Rat\u00f3n<\/span><\/a><span style=\"font-weight: 400;\"> al <a href=\"tel:+19543888616\">954-388-8616<\/a> para una evaluaci\u00f3n gratuita de su caso y servicios legales expertos en compensaci\u00f3n para trabajadores.<\/span><\/p>\n<p><span style=\"font-weight: 400;\"> <\/span><\/p>\n<h2><b>\u00bfQu\u00e9 es la Compensaci\u00f3n para Trabajadores?<\/b><\/h2>\n<p><span style=\"font-weight: 400;\">El programa de compensaci\u00f3n para trabajadores es un seguro contratado por un empleador o empresa con el \u00fanico prop\u00f3sito de ofrecer beneficios en forma de atenci\u00f3n m\u00e9dica y reemplazo de salario en caso de accidente de trabajo. La ley de Florida requiere que los empleadores obtengan cobertura de compensaci\u00f3n laboral para sus empleados.<\/span><\/p>\n<p><span style=\"font-weight: 400;\">A trav\u00e9s de la compensaci\u00f3n de trabajadores, los empleados reciben una compensaci\u00f3n por accidentes en el trabajo independientemente de su culpa. Esta cobertura tambi\u00e9n protege a los empleadores de demandas por lesiones personales.<\/span><\/p>\n<h2><b>\u00bfQu\u00e9 debo hacer si me lesiono en el trabajo?<\/b><\/h2>\n<p><span style=\"font-weight: 400;\">Si se lesiona en el lugar de trabajo o mientras participa en un recado de la empresa, puede ser elegible para los beneficios de compensaci\u00f3n para trabajadores seg\u00fan la pol\u00edtica de compensaci\u00f3n para trabajadores de su empleador. Sin embargo, la compensaci\u00f3n no es autom\u00e1tica y debe seguir los pasos adecuados para asegurarse de que le paguen.<\/span><\/p>\n<p><span style=\"font-weight: 400;\">Estos pasos incluyen:<\/span><\/p>\n<h3><b>Acuda a un m\u00e9dico lo antes posible y siga las instrucciones de su m\u00e9dico<\/b><\/h3>\n<p><span style=\"font-weight: 400;\">Lo primero que debe hacer despu\u00e9s de una lesi\u00f3n en Florida es ver a un m\u00e9dico. Recibir un diagn\u00f3stico y un tratamiento lo m\u00e1s r\u00e1pido posible es fundamental para la recuperaci\u00f3n. Tambi\u00e9n es aconsejable que llame a una ambulancia si est\u00e1 gravemente herido. Es fundamental obtener ayuda m\u00e9dica de un m\u00e9dico aprobado por su empleador. Debe tener una lista de d\u00f3nde encontrarlo, generalmente en un cartel en la sala de descanso o cerca del reloj.<\/span><\/p>\n<h3><b>D\u00edgale a su empleador que est\u00e1 herido<\/b><\/h3>\n<p><span style=\"font-weight: 400;\">Una vez que reciba tratamiento y est\u00e9 estable, debe informar el accidente a su empleador. Incluso si usa una ambulancia a la que llama el empleador, le recomendamos que notifique al empleador por escrito. Es probable que haya alguien en su empresa con quien deba comunicarse, tal vez su gerente o alguien de Recursos Humanos. El primer paso para presentar una reclamaci\u00f3n suele ser alertar a su empleador sobre el accidente, la hora y el lugar del accidente y la informaci\u00f3n sobre los m\u00e9dicos que lo tratan.<\/span><\/p>\n<h3><b>Inicie y mantenga un registro escrito de sus lesiones y s\u00edntomas<\/b><\/h3>\n<p><span style=\"font-weight: 400;\">Mantener registros es esencial cuando se trata de compensaci\u00f3n por atenci\u00f3n m\u00e9dica. Despu\u00e9s de consultar a su m\u00e9dico, anote toda la informaci\u00f3n que reciba sobre el tratamiento, la afecci\u00f3n y la progresi\u00f3n de los s\u00edntomas y las lesiones.<\/span><\/p>\n<h3><b>Tome fotograf\u00edas de su lesi\u00f3n si es visible<\/b><\/h3>\n<p><span style=\"font-weight: 400;\">A veces, la lesi\u00f3n puede ser f\u00edsicamente visible. En tal caso, aseg\u00farese de tomar fotograf\u00edas de la lesi\u00f3n mientras se recupera. Ayuda a proporcionar una copia de seguridad de la informaci\u00f3n escrita sobre el progreso del da\u00f1o. Por lo general, esto a menudo elimina las dudas sobre el tipo y el alcance de la lesi\u00f3n al reclamar una indemnizaci\u00f3n.<\/span><\/p>\n<h3><b>Presente un reclamo de compensaci\u00f3n para trabajadores con la ayuda de un abogado de compensaci\u00f3n para trabajadores de Boca Rat\u00f3n<\/b><\/h3>\n<p><span style=\"font-weight: 400;\">La ley de Florida establece que si tiene un accidente en el lugar de trabajo, tiene 30 d\u00edas a partir del d\u00eda de la lesi\u00f3n para informar al empleador. Luego, el empleador debe informar lo mismo a la aseguradora dentro de una semana. Por lo general, un empleado tiene un m\u00e1ximo de dos a\u00f1os para presentar una reclamaci\u00f3n de compensaci\u00f3n para empleados. Poco despu\u00e9s de informar el incidente a la compa\u00f1\u00eda de seguros, deber\u00eda recibir una llamada de la compa\u00f1\u00eda de seguros que le explica c\u00f3mo proceder.<\/span><\/p>\n<p><span style=\"font-weight: 400;\">Recuerde que <\/span><a href=\"https:\/\/workinjuryrights.com\/es\/boca-raton\/\"><span style=\"font-weight: 400;\">presentar un reclamo de compensaci\u00f3n para trabajadores<\/span><\/a><span style=\"font-weight: 400;\"> puede ser un desaf\u00edo, especialmente si ya est\u00e1 luchando contra una lesi\u00f3n. Por lo tanto, es recomendable trabajar con abogados de compensaci\u00f3n que est\u00e9n familiarizados con la ley de Florida, como nuestro equipo, para ayudarlo a obtener su compensaci\u00f3n.<\/span><\/p>\n<h3><b>Descansar y recuperar<\/b><\/h3>\n<p><span style=\"font-weight: 400;\">Una vez que se completa el proceso de presentaci\u00f3n, puede descansar para recuperarse. Por lo general, un abogado de compensaci\u00f3n le dar\u00e1\u00a0 seguimiento.<\/span><\/p>\n<p><a href=\"https:\/\/workinjuryrights.com\/wp-content\/uploads\/2021\/08\/injured-knee-employee-1-2.jpg\"><img fetchpriority=\"high\" decoding=\"async\" class=\"alignnone size-full wp-image-3304\" src=\"https:\/\/workinjuryrights.com\/wp-content\/uploads\/2021\/08\/injured-knee-employee-1-2.jpg\" alt=\"Image is of a man who injured knee while working on construction site concept of Boca Raton workers' compensation lawyer\" width=\"500\" height=\"281\" srcset=\"https:\/\/workinjuryrights.com\/wp-content\/uploads\/2021\/08\/injured-knee-employee-1-2.jpg 500w, https:\/\/workinjuryrights.com\/wp-content\/uploads\/2021\/08\/injured-knee-employee-1-2-300x169.jpg 300w\" sizes=\"(max-width: 500px) 100vw, 500px\" \/><\/a><\/p>\n<h2><b>\u00bfCu\u00e1les son las lesiones por accidentes laborales m\u00e1s comunes?<\/b><\/h2>\n<p><span style=\"font-weight: 400;\">Independientemente de la naturaleza del lugar de trabajo, un accidente puede provocar una amplia gama de lesiones. Aqu\u00ed est\u00e1n las diez lesiones laborales m\u00e1s comunes:<\/span><\/p>\n<ul>\n<li><span style=\"font-weight: 400;\"> Lesiones de cuello \/ espalda<\/span><\/li>\n<li><span style=\"font-weight: 400;\"> Fracturas<\/span><\/li>\n<li><span style=\"font-weight: 400;\"> quemaduras<\/span><\/li>\n<li><span style=\"font-weight: 400;\"> p\u00e9rdida de audici\u00f3n<\/span><\/li>\n<li><span style=\"font-weight: 400;\"> Dolor articular<\/span><\/li>\n<li><span style=\"font-weight: 400;\"> Amputaciones<\/span><\/li>\n<li><span style=\"font-weight: 400;\"> ca\u00eddas<\/span><\/li>\n<li><span style=\"font-weight: 400;\"> Accidentes de maquinaria<\/span><\/li>\n<li><span style=\"font-weight: 400;\"> Accidentes en un viaje de negocios<\/span><\/li>\n<li><span style=\"font-weight: 400;\"> Accidentes de construcci\u00f3n<\/span><\/li>\n<li><a href=\"https:\/\/www.aans.org\/en\/Patients\/Neurosurgical-Conditions-and-Treatments\/Traumatic-Brain-Injury#:~:text=Traumatic%20Brain%20Injury%20(TBI)%20is,skull%20and%20enters%20brain%20tissue.\" target=\"_blank\" rel=\"noopener\"><span style=\"font-weight: 400;\">Lesi\u00f3n cerebral traum\u00e1tica<\/span><\/a><\/li>\n<\/ul>\n<h2><b>\u00bfPor qu\u00e9 deber\u00eda contratar a un abogado de indemnizaci\u00f3n laboral en Boca Rat\u00f3n?<\/b><\/h2>\n<p><span style=\"font-weight: 400;\">La Ley de Compensaci\u00f3n para Trabajadores de Florida tiene como objetivo ofrecer asistencia m\u00e9dica, atenci\u00f3n y apoyo a los trabajadores lesionados. Sin embargo, las aseguradoras niegan muchas reclamaciones de indemnizaci\u00f3n. Aunque los trabajadores tienen derecho a recibir beneficios despu\u00e9s de accidentes en el lugar de trabajo, contratar a un abogado calificado en compensaci\u00f3n para empleados en Boca Rat\u00f3n puede ayudar a reducir la probabilidad de perder los beneficios.<\/span><\/p>\n<p><span style=\"font-weight: 400;\">Ya sea que tenga un accidente o una enfermedad debido a un ambiente de trabajo deficiente, un abogado calificado en compensaci\u00f3n para trabajadores de Boca con experiencia en asuntos de salario para trabajadores en Florida como nuestro equipo lo representar\u00e1 de manera efectiva y le brindar\u00e1 los beneficios que se merece.<\/span><\/p>\n<p><span style=\"font-weight: 400;\">Es importante recordar que contratar a un abogado que pueda desarrollar las estrategias necesarias adaptadas a su circunstancia espec\u00edfica brinda la mejor oportunidad de obtener una compensaci\u00f3n justa. No importa cu\u00e1n grave sea su accidente, nuestros abogados de compensaci\u00f3n para trabajadores de Boca Raton pueden ayudarlo a obtener los beneficios que se le deben.<\/span><\/p>\n<h2><b>\u00bfCu\u00e1nto cuesta contratar a un abogado de indemnizaci\u00f3n laboral en Boca Rat\u00f3n?<\/b><\/h2>\n<p><span style=\"font-weight: 400;\">Las leyes de Florida tienen una limitaci\u00f3n en el costo de contratar a un abogado de compensaci\u00f3n para trabajadores de Boca Rat\u00f3n. El abogado recibe el pago sobre una base de contingencia, lo que significa un porcentaje del monto del acuerdo. Lo bueno es que no pagar\u00e1 ninguna tarifa si no recibe los beneficios.<\/span><\/p>\n<p><span style=\"font-weight: 400;\">La ley estipula que un abogado solo puede obtener un m\u00e1ximo del 20% en los primeros $5000 usd el 15% en el siguiente grupo equivalente y el 10% en los primeros diez a\u00f1os y el 5% en el resto. Como abogados de compensaci\u00f3n para trabajadores de <\/span><a href=\"https:\/\/www.myboca.us\" target=\"_blank\" rel=\"noopener\"><span style=\"font-weight: 400;\">Boca Rat\u00f3n<\/span><\/a><span style=\"font-weight: 400;\"> , damos un paso m\u00e1s para que sea conveniente para los trabajadores al ofrecer evaluaci\u00f3n y consulta gratuitas de casos.<\/span><\/p>\n<h2><b>\u00bfQu\u00e9 debo hacer si se rechaza mi reclamo de indemnizaci\u00f3n por accidentes de trabajo?<\/b><\/h2>\n<p><span style=\"font-weight: 400;\">Si su reclamo es rechazado \/ negado, recibir\u00e1 una carta con el motivo exacto del rechazo e informaci\u00f3n sobre la apelaci\u00f3n. Tiene dos a\u00f1os desde el accidente para presentar una queja a menos que est\u00e9 apelando una denegaci\u00f3n de beneficios.<\/span><\/p>\n<p><span style=\"font-weight: 400;\">En este caso, dispone de un a\u00f1o desde la fecha del \u00faltimo beneficio o tratamiento. Siempre es mejor presentar una apelaci\u00f3n lo m\u00e1s r\u00e1pido posible. Un abogado de compensaci\u00f3n para trabajadores de Boca Rat\u00f3n puede ayudarle a presentar una apelaci\u00f3n en el estado de Florida.<\/span><\/p>\n<h2><b>\u00bfQu\u00e9 responsabilidad tiene el empleado al presentar una reclamaci\u00f3n de indemnizaci\u00f3n laboral?<\/b><\/h2>\n<p><span style=\"font-weight: 400;\">Si sufre una lesi\u00f3n relacionada con el trabajo, como empleado, tiene la <\/span><a href=\"https:\/\/www.doi.gov\/workerscompensation\/responsibilites-for-employees\" target=\"_blank\" rel=\"noopener\"><span style=\"font-weight: 400;\">responsabilidad<\/span><\/a><span style=\"font-weight: 400;\"> de hacer lo siguiente:<\/span><\/p>\n<ul>\n<li><span style=\"font-weight: 400;\"> Informe la lesi\u00f3n inmediatamente o tan pronto como sea posible a su empleador o gerente.<\/span><\/li>\n<li><span style=\"font-weight: 400;\"> Registre y mantenga la informaci\u00f3n sobre lesiones que obtenga de su empleador, los formularios y la correspondencia de la compa\u00f1\u00eda de compensaci\u00f3n para su empleador, o la informaci\u00f3n que reciba de su m\u00e9dico.<\/span><\/li>\n<li><span style=\"font-weight: 400;\"> Coopere con los requisitos de la aseguradora.<\/span><\/li>\n<\/ul>\n<h2><b>\u00bfQu\u00e9 responsabilidad tiene el empleador en el proceso de indemnizaci\u00f3n laboral?<\/b><\/h2>\n<p><span style=\"font-weight: 400;\">Una vez que el empleado se lesiona, el empleador tiene las siguientes obligaciones:<\/span><\/p>\n<ul>\n<li><span style=\"font-weight: 400;\"> Aseg\u00farese de que el primer formulario de reclamo u otro documento equivalente est\u00e9 completado y enviado a la Compa\u00f1\u00eda de Seguros de Compensaci\u00f3n para Trabajadores.<\/span><\/li>\n<li><span style=\"font-weight: 400;\"> Si un empleado lesionado necesita tratamiento inmediato debido a una lesi\u00f3n grave, el empleador debe llamar a una ambulancia.<\/span><\/li>\n<li><span style=\"font-weight: 400;\"> Si el empleado a\u00fan est\u00e1 estable, el empleador debe dirigir al empleado a un m\u00e9dico de la empresa.<\/span><\/li>\n<\/ul>\n<h2><b>\u00bfMe pueden despedir por reclamar beneficios de compensaci\u00f3n para trabajadores despu\u00e9s de una lesi\u00f3n relacionada con el trabajo?<\/b><\/h2>\n<p><span style=\"font-weight: 400;\">No. Seg\u00fan la Secci\u00f3n 440.205 de la Constituci\u00f3n de Florida, los empleadores no pueden suspender o despedir a un empleado por presentar una reclamaci\u00f3n de compensaci\u00f3n de trabajadores en Florida. Por lo general, se trata de una \u00abrepresalia\u00bb y est\u00e1 prohibido por la ley del estado de Florida. Si siente que fue despedido o suspendido por reclamar beneficios de compensaci\u00f3n para trabajadores, llame hoy mismo a un abogado de compensaci\u00f3n para trabajadores de Boca Raton en Work Injury Rights.<\/span><\/p>\n<h2><b>\u00bfExiste un l\u00edmite de tiempo para presentar una reclamaci\u00f3n de compensaci\u00f3n para trabajadores en Boca Rat\u00f3n, Florida?<\/b><\/h2>\n<p><span style=\"font-weight: 400;\">Tiene que presentar una solicitud ante la Junta de Compensaci\u00f3n para Trabajadores de Florida dentro de los dos a\u00f1os posteriores a la lesi\u00f3n o enfermedad. Si ya ha recibido beneficios para empleados y necesita volver a solicitarlos, debe hacerlo dentro de un a\u00f1o desde el \u00faltimo beneficio.<\/span><\/p>\n<h2><b>\u00bfPuedo demandar a mi empleador despu\u00e9s de una lesi\u00f3n en el lugar de trabajo?<\/b><\/h2>\n<p><span style=\"font-weight: 400;\">La ley de compensaci\u00f3n para trabajadores de Florida est\u00e1 dise\u00f1ada como una cobertura sin culpa, lo que garantiza la protecci\u00f3n de los trabajadores independientemente de la parte que contribuya a la negligencia. Sin embargo, existen excepciones a esta ley que le permiten demandar al empleador. Tales excepciones incluyen lesiones intencionales, denegaci\u00f3n de reclamos, una certeza virtual y la falta de cobertura de compensaci\u00f3n para trabajadores. Es por eso que es mejor hablar con un abogado de compensaci\u00f3n laboral de Boca Rat\u00f3n.<\/span><\/p>\n<h2><b>\u00bfPuede un contratista independiente presentar una reclamaci\u00f3n de indemnizaci\u00f3n laboral?<\/b><\/h2>\n<p><span style=\"font-weight: 400;\">Las personas que trabajan como contratistas independientes generalmente no tienen derecho a beneficios de compensaci\u00f3n para trabajadores. Normalmente, es porque no se les considera trabajadores de esa empresa. Sin embargo, todav\u00eda pueden ser elegibles para la compensaci\u00f3n de trabajadores de sus respectivos empleadores. La \u00fanica excepci\u00f3n es si la persona trabaja por cuenta propia o trabaja para un empleador que no tiene seguro de compensaci\u00f3n.<\/span><\/p>\n<p><span style=\"font-weight: 400;\">Para comprender plenamente sus derechos como empleado o contratista que se lesiona mientras trabaja, es mejor hablar con un abogado de compensaci\u00f3n para trabajadores de Boca Rat\u00f3n que pueda explicarle cu\u00e1les son sus derechos y cu\u00e1l es la mejor manera de recibir la compensaci\u00f3n que se merece.<\/span><\/p>\n<h2><b>\u00bfCu\u00e1l es el valor de mi reclamo de compensaci\u00f3n para trabajadores de Boca Rat\u00f3n Florida?<\/b><\/h2>\n<p><span style=\"font-weight: 400;\">Es posible que tenga derecho a una determinada cantidad seg\u00fan la situaci\u00f3n y la naturaleza del accidente, enfermedad o lesi\u00f3n. Es por eso que le conviene ponerse en contacto con un abogado de compensaci\u00f3n para trabajadores de Boca Rat\u00f3n para que luche en su nombre para obtener la compensaci\u00f3n que necesita y merece.<\/span><\/p>\n<p><span style=\"font-weight: 400;\">Principalmente, los beneficios de compensaci\u00f3n para trabajadores pueden cubrir:<\/span><\/p>\n<ul>\n<li><span style=\"font-weight: 400;\"> Facturas m\u00e9dicas<\/span><\/li>\n<li><span style=\"font-weight: 400;\"> Facturas de rehabilitaci\u00f3n<\/span><\/li>\n<li><span style=\"font-weight: 400;\"> Receta m\u00e9dica<\/span><\/li>\n<li><span style=\"font-weight: 400;\"> Una parte de las ganancias p\u00e9rdidas<\/span><\/li>\n<li><span style=\"font-weight: 400;\"> Gastos de transporte relacionados con el accidente.<\/span><\/li>\n<li><span style=\"font-weight: 400;\"> Compensaci\u00f3n por ingresos perdidos<\/span><\/li>\n<li><span style=\"font-weight: 400;\"> Discapacidad parcial permanente (DPP)<\/span><\/li>\n<\/ul>\n<p><a href=\"https:\/\/workinjuryrights.com\/wp-content\/uploads\/2021\/08\/lawyer-paperwork-desk-1.jpg\"><img decoding=\"async\" class=\"alignnone size-full wp-image-3307\" src=\"https:\/\/workinjuryrights.com\/wp-content\/uploads\/2021\/08\/lawyer-paperwork-desk-1.jpg\" alt=\"Image is of a Boca Raton workers' compensation lawyer looking at a client's case at her desk\" width=\"500\" height=\"334\" srcset=\"https:\/\/workinjuryrights.com\/wp-content\/uploads\/2021\/08\/lawyer-paperwork-desk-1.jpg 500w, https:\/\/workinjuryrights.com\/wp-content\/uploads\/2021\/08\/lawyer-paperwork-desk-1-300x200.jpg 300w\" sizes=\"(max-width: 500px) 100vw, 500px\" \/><\/a><\/p>\n<h2><b>Programe hoy mismo una consulta gratuita con un abogado de indemnizaci\u00f3n laboral de Boca Rat\u00f3n<\/b><\/h2>\n<p><span style=\"font-weight: 400;\">Recuerde, si bien el departamento de compensaci\u00f3n de su empresa o su compa\u00f1\u00eda de seguros investigar\u00e1n el accidente, lo est\u00e1n haciendo mientras velan por sus mejores intereses. Eso puede significar que la cantidad pagada puede no ser la que se merece.<\/span><\/p>\n<p><span style=\"font-weight: 400;\">Como equipo de abogados profesionales en Boca Rat\u00f3n, <\/span><a href=\"\/\"><span style=\"font-weight: 400;\">Work Injury Rights<\/span><\/a><span style=\"font-weight: 400;\"> puede ayudarle a llevar a cabo una investigaci\u00f3n exhaustiva y negociar por usted para asegurarse de que obtenga lo que se merece. Una vez que est\u00e9 involucrado en cualquier accidente de construcci\u00f3n, maquinaria o veh\u00edculo motorizado en su lugar de trabajo, comun\u00edquese con nuestros abogados de compensaci\u00f3n para trabajadores de Boca Rat\u00f3n al <a href=\"tel:+19543888616\">954-388-8616<\/a>para que lo ayuden a presentar un reclamo de compensaci\u00f3n. \u00a1Ofrecemos revisiones de casos gratis!<\/span><\/p>\n","protected":false},"excerpt":{"rendered":"<p>Si se lesiona en su lugar de trabajo, adem\u00e1s del dolor y el sufrimiento, podr\u00eda perder su salario e incluso su carrera. Afortunadamente, independientemente de c\u00f3mo ocurri\u00f3 el accidente o la lesi\u00f3n, la ley de compensaci\u00f3n para trabajadores de Florida lo protege al ofrecer beneficios de compensaci\u00f3n para trabajadores. Aunque puede tener derecho a estos [&hellip;]<\/p>\n","protected":false},"author":29,"featured_media":0,"parent":5679,"menu_order":0,"comment_status":"closed","ping_status":"closed","template":"","meta":{"_acf_changed":false,"anchor_text":"","footnotes":""},"categories":[],"tags":[45,113,108],"class_list":["post-5682","page","type-page","status-publish","hentry","tag-workers-compensation","tag-workers-compensation-es-2","tag-workers-compensation-es"],"acf":[],"_links":{"self":[{"href":"https:\/\/workinjuryrights.com\/es\/wp-json\/wp\/v2\/pages\/5682","targetHints":{"allow":["GET"]}}],"collection":[{"href":"https:\/\/workinjuryrights.com\/es\/wp-json\/wp\/v2\/pages"}],"about":[{"href":"https:\/\/workinjuryrights.com\/es\/wp-json\/wp\/v2\/types\/page"}],"author":[{"embeddable":true,"href":"https:\/\/workinjuryrights.com\/es\/wp-json\/wp\/v2\/users\/29"}],"replies":[{"embeddable":true,"href":"https:\/\/workinjuryrights.com\/es\/wp-json\/wp\/v2\/comments?post=5682"}],"version-history":[{"count":7,"href":"https:\/\/workinjuryrights.com\/es\/wp-json\/wp\/v2\/pages\/5682\/revisions"}],"predecessor-version":[{"id":8181,"href":"https:\/\/workinjuryrights.com\/es\/wp-json\/wp\/v2\/pages\/5682\/revisions\/8181"}],"up":[{"embeddable":true,"href":"https:\/\/workinjuryrights.com\/es\/wp-json\/wp\/v2\/pages\/5679"}],"wp:attachment":[{"href":"https:\/\/workinjuryrights.com\/es\/wp-json\/wp\/v2\/media?parent=5682"}],"wp:term":[{"taxonomy":"category","embeddable":true,"href":"https:\/\/workinjuryrights.com\/es\/wp-json\/wp\/v2\/categories?post=5682"},{"taxonomy":"post_tag","embeddable":true,"href":"https:\/\/workinjuryrights.com\/es\/wp-json\/wp\/v2\/tags?post=5682"}],"curies":[{"name":"wp","href":"https:\/\/api.w.org\/{rel}","templated":true}]}}