{"id":5683,"date":"2021-08-13T18:38:15","date_gmt":"2021-08-13T18:38:15","guid":{"rendered":"https:\/\/workinjuryrights.com\/boca-raton\/compensable-work-injuries\/"},"modified":"2021-10-05T15:03:04","modified_gmt":"2021-10-05T15:03:04","slug":"lesiones-laborales-indemnizables","status":"publish","type":"page","link":"https:\/\/workinjuryrights.com\/es\/boca-raton\/abogado-compensacion-laboral\/lesiones-laborales-indemnizables\/","title":{"rendered":"Lesiones laborales indemnizables en Boca Raton"},"content":{"rendered":"<p><span style=\"font-weight: 400;\">No son s\u00f3lo las operaciones mineras y los aserraderos los que sufren lesiones en el lugar de trabajo. Los empleados de todo tipo de lugares de trabajo pueden sufrir lesiones y enfermedades debido a accidentes y entornos laborales inseguros. Lo importante que debe saber es que si se lesion\u00f3 en el lugar de trabajo, su lesi\u00f3n puede considerarse como lesi\u00f3n laboral indemnizable en Boca Rat\u00f3n.<\/span><\/p>\n<p><span style=\"font-weight: 400;\">En Work Injury Rights en Boca Rat\u00f3n, Florida, entendemos perfectamente que los accidentes pueden ocurrir en cualquier momento y que no todos conocen sus derechos o los procedimientos adecuados para comenzar un proceso que les otorgue la compensaci\u00f3n que necesitan para recuperarse.<\/span><\/p>\n<p><span style=\"font-weight: 400;\">Por este motivo, ofrecemos nuestro apoyo y experiencia en este sentido. Si ha resultado lesionado en el lugar de trabajo y no est\u00e1 seguro de qu\u00e9 hacer a continuaci\u00f3n, llame a nuestros servicios legales al <a href=\"tel:+19543888616\">954-388-8616<\/a> y obtenga ayuda de un<\/span>\u00a0<a href=\"https:\/\/workinjuryrights.com\/es\/boca-raton\/abogado-compensacion-laboral\/\"><span style=\"font-weight: 400;\">abogado con experiencia en compensaci\u00f3n para trabajadores<\/span><\/a>.<\/p>\n<p><span style=\"font-weight: 400;\"> <\/span><\/p>\n<h2><b>\u00bfQu\u00e9 son las lesiones laborales indemnizables en Boca Rat\u00f3n?<\/b><\/h2>\n<p><span style=\"font-weight: 400;\">Son muchos los accidentes y situaciones que pueden provocar una lesi\u00f3n en el lugar de trabajo. Si ha sufrido una lesi\u00f3n indemnizable, esto significa que su lesi\u00f3n le da derecho a una indemnizaci\u00f3n por ley. Este tipo de \u00ablesi\u00f3n resarcible\u00bb generalmente ocurre en el curso normal de su deber profesional o en el desempe\u00f1o de su trabajo. Las lesiones que ocurren durante la hora del almuerzo o durante su viaje regular hacia y desde el trabajo no pueden considerarse lesiones laborales indemnizables en Boca Rat\u00f3n.<\/span><\/p>\n<p><span style=\"font-weight: 400;\">Los diferentes estados tendr\u00e1n diferentes leyes que establecen la cantidad de compensaci\u00f3n que se puede obtener por diferentes lesiones indemnizables. Por lo tanto, es importante ponerse en contacto con un experto en compensaci\u00f3n para trabajadores bien informado aqu\u00ed mismo en Boca Rat\u00f3n para obtener m\u00e1s informaci\u00f3n sobre la compensaci\u00f3n disponible para usted y sus lesiones laborales compensables en Boca Raton.<\/span><\/p>\n<p><span style=\"font-weight: 400;\">Estas son algunas de las lesiones laborales m\u00e1s comunes y las causas comunes de ellas:<\/span><\/p>\n<ul>\n<li><span style=\"font-weight: 400;\"> Esguinces y esguinces<\/span><\/li>\n<li><span style=\"font-weight: 400;\"> Cortes y laceraciones<\/span><\/li>\n<li><span style=\"font-weight: 400;\"> Contusiones<\/span><\/li>\n<li><a href=\"https:\/\/www.medscape.com\/answers\/325370-155833\/what-is-the-mechanism-of-inflammation-in-joint-and-soft-tissue-injuries-treated-with-corticosteroid-injections\" target=\"_blank\" rel=\"noopener\"><span style=\"font-weight: 400;\">Lesiones por inflamaci\u00f3n<\/span><\/a><\/li>\n<li><span style=\"font-weight: 400;\"> Fracturas de huesos<\/span><\/li>\n<\/ul>\n<p><span style=\"font-weight: 400;\">Estos por s\u00ed solos pueden representar hasta el 70% de todas las lesiones en el lugar de trabajo y son causados \u200b\u200bpor algunas condiciones bastante comunes y evitables, que incluyen:<\/span><\/p>\n<h3><b>Levantamiento<\/b><\/h3>\n<p><span style=\"font-weight: 400;\">El levantamiento de objetos puede causar lesiones en la espalda si no se realiza correctamente o si la carga excede la capacidad del trabajador.<\/span><\/p>\n<h3><b>Fatiga<\/b><\/h3>\n<p><span style=\"font-weight: 400;\">Cuando las personas se esfuerzan m\u00e1s all\u00e1 de su capacidad f\u00edsica o mental, pueden sufrir un agotamiento que puede obstaculizar su agudeza mental y hacerlas propensas a sufrir accidentes.<\/span><\/p>\n<h3><b>Mala iluminaci\u00f3n<\/b><\/h3>\n<p><span style=\"font-weight: 400;\">Si el lugar de trabajo no est\u00e1 adecuadamente iluminado, alguien puede tropezar y caer sobre obst\u00e1culos o lesionarse por peligros que est\u00e1n ocultos a la vista en su entorno.<\/span><\/p>\n<h3><b>Materiales peligrosos<\/b><\/h3>\n<p><span style=\"font-weight: 400;\">Muchos lugares de trabajo aplican sustancias qu\u00edmicas o sustancias peligrosas en sus operaciones habituales. Se debe proporcionar a los empleados ropa protectora adecuada, m\u00e1scaras y equipo para los ojos para asegurarse de que no se lesionen.<\/span><\/p>\n<h3><b>Actos de violencia en el lugar de trabajo<\/b><\/h3>\n<p><span style=\"font-weight: 400;\">Lamentablemente, la violencia en el lugar de trabajo se est\u00e1 volviendo una ocurrencia m\u00e1s com\u00fan, esto se puede prevenir mediante la resoluci\u00f3n de conflictos y los esfuerzos para reducir el estr\u00e9s y la animosidad en el lugar de trabajo.<\/span><\/p>\n<h3><b>Tropiezos y ca\u00eddas<\/b><\/h3>\n<p><span style=\"font-weight: 400;\">Desde cables el\u00e9ctricos fuera de lugar, charcos de agua y objetos que no est\u00e1n debidamente guardados, hay muchas formas en que los obst\u00e1culos en el entorno pueden provocar tropiezos y ca\u00eddas.<\/span><\/p>\n<h3><b>Estr\u00e9s<\/b><\/h3>\n<p><span style=\"font-weight: 400;\">Desde la amenaza de la seguridad laboral hasta los problemas personales, el estr\u00e9s puede afectar la capacidad para la funci\u00f3n f\u00edsica y mental, lo que lleva a un desempe\u00f1o deficiente en el lugar de trabajo y esto puede provocar accidentes.<\/span><\/p>\n<h3><b>No cubierto por la compensaci\u00f3n de trabajadores<\/b><\/h3>\n<p><span style=\"font-weight: 400;\">Estas son solo algunas de las causas m\u00e1s comunes de lesiones en el lugar de trabajo que los empleados y empleadores deben conocer. Sin embargo, tambi\u00e9n es importante saber que no todas las lesiones sufridas en el lugar de trabajo se considerar\u00e1n lesiones laborales indemnizables en Boca Rat\u00f3n.<\/span><\/p>\n<p><span style=\"font-weight: 400;\">Por ejemplo, muchas personas que han sufrido un ataque card\u00edaco ser\u00e1n diligentes al adjudicar al alto estr\u00e9s de su trabajo por este desafortunado incidente. Pero esta no es una condici\u00f3n resarcible. Otro ejemplo ser\u00eda caerse de una silla y lesionarse despu\u00e9s de mecerse hacia atr\u00e1s en la silla.<\/span><\/p>\n<p><span style=\"font-weight: 400;\">Tropezarse con los propios pies y, por lo tanto, lesionarse la mu\u00f1eca tampoco es algo que pueda considerarse una lesi\u00f3n laboral indemnizable en Boca Rat\u00f3n. Los empleadores y sus proveedores de seguros siempre rechazar\u00e1n categ\u00f3ricamente reclamos como estos.<\/span><\/p>\n<p><span style=\"font-weight: 400;\">Por otro lado, su empleador o su proveedor de seguros pueden intentar decirle que debido a que su condici\u00f3n es preexistente, no es elegible para una compensaci\u00f3n. Sin embargo, siempre que el accidente sufrido sea la principal causa que contribuya a la necesidad de tratamiento y atenci\u00f3n m\u00e9dica de acuerdo con el m\u00e9dico que trata la lesi\u00f3n, la compa\u00f1\u00eda de seguros debe estar de acuerdo en proporcionar una compensaci\u00f3n a los trabajadores.<\/span><\/p>\n<p><span style=\"font-weight: 400;\">Para asegurarse de obtener la cobertura que necesita para cualquiera de sus lesiones laborales compensables en Boca Raton, llame a Work Injury Rights ahora para programar una consulta gratuita. Puede contactarnos las 24 horas del d\u00eda, los 7 d\u00edas de la semana, los 365 d\u00edas del a\u00f1o.<\/span><\/p>\n<p><a href=\"https:\/\/workinjuryrights.com\/wp-content\/uploads\/2021\/08\/injured-work-comp-paper-1.jpg\"><img fetchpriority=\"high\" decoding=\"async\" class=\"alignnone size-full wp-image-3321\" src=\"https:\/\/workinjuryrights.com\/wp-content\/uploads\/2021\/08\/injured-work-comp-paper-1.jpg\" alt=\"Injured employee fills out benefits paperwork for their compensable work injuries in Boca Raton\" width=\"500\" height=\"333\" srcset=\"https:\/\/workinjuryrights.com\/wp-content\/uploads\/2021\/08\/injured-work-comp-paper-1.jpg 500w, https:\/\/workinjuryrights.com\/wp-content\/uploads\/2021\/08\/injured-work-comp-paper-1-300x200.jpg 300w\" sizes=\"(max-width: 500px) 100vw, 500px\" \/><\/a><\/p>\n<h2><b>\u00bfQu\u00e9 tipos de compensaci\u00f3n puedo reclamar?<\/b><\/h2>\n<p><span style=\"font-weight: 400;\">Como muchos otros estados, Florida aplica el concepto de \u201cNo-Culpable\u201d al proporcionar compensaci\u00f3n para trabajadores. Esto significa que no necesitar\u00e1 probar que su empleador actu\u00f3 descuidadamente cuando sufri\u00f3 su lesi\u00f3n. Si su lesi\u00f3n fue sufrida en su lugar o trabajo o por su actividad laboral habitual, la ley de Florida la considera lesiones laborales compensables en Boca Rat\u00f3n y usted tiene derecho a recibir beneficios seg\u00fan el plan de seguro de compensaci\u00f3n para trabajadores de su empleador.<\/span><\/p>\n<p><span style=\"font-weight: 400;\">Estos son algunos de los beneficios que los empleados elegibles pueden recibir por sus lesiones laborales compensables en Boca Raton:<\/span><\/p>\n<ul>\n<li><span style=\"font-weight: 400;\"> beneficios por discapacidad temporal<\/span><\/li>\n<li><span style=\"font-weight: 400;\"> atenci\u00f3n m\u00e9dica razonable y necesaria<\/span><\/li>\n<li><span style=\"font-weight: 400;\"> beneficios por discapacidad: para limitaciones permanentes y amputaciones<\/span><\/li>\n<li><span style=\"font-weight: 400;\"> rehabilitaci\u00f3n vocacional<\/span><\/li>\n<\/ul>\n<h2><b>\u00bfCu\u00e1nto tiempo tiene para solicitar una indemnizaci\u00f3n en Florida?<\/b><\/h2>\n<p><span style=\"font-weight: 400;\">En Florida, tendr\u00e1 <\/span><a href=\"https:\/\/www.medscape.com\/answers\/325370-155833\/what-is-the-mechanism-of-inflammation-in-joint-and-soft-tissue-injuries-treated-with-corticosteroid-injections\" target=\"_blank\" rel=\"noopener\"><span style=\"font-weight: 400;\">30 d\u00edas<\/span><\/a><span style=\"font-weight: 400;\"> para informar su lesi\u00f3n a su empleado si espera recibir beneficios de compensaci\u00f3n. El primer paso ser\u00e1 informar la lesi\u00f3n a su empleador dentro de los 30 d\u00edas posteriores al accidente que caus\u00f3 las lesiones laborales indemnizables en Boca Rat\u00f3n.<\/span><\/p>\n<p><span style=\"font-weight: 400;\">En el caso de una afecci\u00f3n que se haya desarrollado como resultado de su entorno de trabajo o actividades, por ejemplo, movimientos repetitivos, tendr\u00e1 30 d\u00edas desde el momento en que se enter\u00f3 por primera vez de la afecci\u00f3n a trav\u00e9s del diagn\u00f3stico de un m\u00e9dico.<\/span><\/p>\n<p><span style=\"font-weight: 400;\">Para solicitar los beneficios de compensaci\u00f3n para trabajadores, existe un <\/span><a href=\"https:\/\/www.myfloridacfo.com\/division\/wc\/Employee\/faq.htm#:~:text=440.192%2C%20Florida%20Statutes-,WHAT%20IS%20THE%20TIME%20LIMIT%20FOR%20FILING%20A%20PETITION%20FOR,1741%20or%20e-mail%20wceao%40myfloridacfo.com%20for%20specific%20information.,-Reference%3A%20Section%20440.19\" target=\"_blank\" rel=\"noopener\"><span style=\"font-weight: 400;\">plazo de prescripci\u00f3n de 2 a\u00f1os<\/span><\/a><span style=\"font-weight: 400;\"> . La mejor manera de hacerlo ser\u00e1 comunicarse con un profesional experimentado de Work Injury Rights y obtener ayuda para completar y presentar este documento legal.<\/span><\/p>\n<h2><b>Programe una consulta gratuita con nuestros abogados de compensaci\u00f3n laboral sobre sus lesiones laborales indemnizables en Boca Rat\u00f3n, Florida<\/b><\/h2>\n<p><span style=\"font-weight: 400;\">Como puede ver, el mundo de la compensaci\u00f3n laboral es complejo y los detalles de las lesiones laborales compensables en Boca Rat\u00f3n pueden ser confusos para el profesional promedio sin experiencia en la ley de compensaci\u00f3n laboral de Florida. Si tiene preguntas o <\/span><\/p>\n","protected":false},"excerpt":{"rendered":"<p>No son s\u00f3lo las operaciones mineras y los aserraderos los que sufren lesiones en el lugar de trabajo. Los empleados de todo tipo de lugares de trabajo pueden sufrir lesiones y enfermedades debido a accidentes y entornos laborales inseguros. Lo importante que debe saber es que si se lesion\u00f3 en el lugar de trabajo, su [&hellip;]<\/p>\n","protected":false},"author":29,"featured_media":0,"parent":5682,"menu_order":0,"comment_status":"closed","ping_status":"closed","template":"","meta":{"_acf_changed":false,"anchor_text":"","footnotes":""},"categories":[],"tags":[113,108],"class_list":["post-5683","page","type-page","status-publish","hentry","tag-workers-compensation-es-2","tag-workers-compensation-es"],"acf":[],"_links":{"self":[{"href":"https:\/\/workinjuryrights.com\/es\/wp-json\/wp\/v2\/pages\/5683","targetHints":{"allow":["GET"]}}],"collection":[{"href":"https:\/\/workinjuryrights.com\/es\/wp-json\/wp\/v2\/pages"}],"about":[{"href":"https:\/\/workinjuryrights.com\/es\/wp-json\/wp\/v2\/types\/page"}],"author":[{"embeddable":true,"href":"https:\/\/workinjuryrights.com\/es\/wp-json\/wp\/v2\/users\/29"}],"replies":[{"embeddable":true,"href":"https:\/\/workinjuryrights.com\/es\/wp-json\/wp\/v2\/comments?post=5683"}],"version-history":[{"count":6,"href":"https:\/\/workinjuryrights.com\/es\/wp-json\/wp\/v2\/pages\/5683\/revisions"}],"predecessor-version":[{"id":6457,"href":"https:\/\/workinjuryrights.com\/es\/wp-json\/wp\/v2\/pages\/5683\/revisions\/6457"}],"up":[{"embeddable":true,"href":"https:\/\/workinjuryrights.com\/es\/wp-json\/wp\/v2\/pages\/5682"}],"wp:attachment":[{"href":"https:\/\/workinjuryrights.com\/es\/wp-json\/wp\/v2\/media?parent=5683"}],"wp:term":[{"taxonomy":"category","embeddable":true,"href":"https:\/\/workinjuryrights.com\/es\/wp-json\/wp\/v2\/categories?post=5683"},{"taxonomy":"post_tag","embeddable":true,"href":"https:\/\/workinjuryrights.com\/es\/wp-json\/wp\/v2\/tags?post=5683"}],"curies":[{"name":"wp","href":"https:\/\/api.w.org\/{rel}","templated":true}]}}