{"id":5684,"date":"2021-08-13T19:10:31","date_gmt":"2021-08-13T19:10:31","guid":{"rendered":"https:\/\/workinjuryrights.com\/boca-raton\/preexisting-injuries-conditions\/"},"modified":"2021-10-05T15:05:11","modified_gmt":"2021-10-05T15:05:11","slug":"lesiones-preexistentes","status":"publish","type":"page","link":"https:\/\/workinjuryrights.com\/es\/boca-raton\/abogado-compensacion-laboral\/lesiones-preexistentes\/","title":{"rendered":"Lesiones y afecciones pre-existentes en Boca Rat\u00f3n"},"content":{"rendered":"<p><span style=\"font-weight: 400;\">Cuando se trata de un reclamo de compensaci\u00f3n para trabajadores, las lesiones y condiciones preexistentes en Boca Rat\u00f3n, como una enfermedad cr\u00f3nica o una discapacidad parcial, podr\u00edan complicar enormemente su reclamo. Una condici\u00f3n que es anterior a las fechas probablemente afectar\u00e1 la forma en que se perciben las nuevas lesiones y puede tener un impacto en los beneficios que finalmente recibir\u00e1. Si la condici\u00f3n preexistente est\u00e1 relacionada m\u00e9dicamente con su reclamo de compensaci\u00f3n para trabajadores, entonces el impacto ser\u00e1 mucho m\u00e1s significativo.<\/span><\/p>\n<p><span style=\"font-weight: 400;\">A menudo es dif\u00edcil demostrar c\u00f3mo una afecci\u00f3n preexistente se ve agravada por una lesi\u00f3n o enfermedad sufrida en el lugar de trabajo. En algunos casos, la condici\u00f3n preexistente simplemente no tiene ning\u00fan efecto sobre la capacidad del trabajador para realizar sus deberes, pero el empleador sostendr\u00e1 que la condici\u00f3n preexistente es el problema, en lugar de la nueva enfermedad o lesi\u00f3n, y buscar\u00e1 obtener la reclamaci\u00f3n denegada.<\/span><\/p>\n<p><span style=\"font-weight: 400;\">Si su condici\u00f3n m\u00e9dica preexistente ha empeorado debido a un accidente en el lugar de trabajo o las condiciones laborales que lo empeoran, debe trabajar con un abogado con experiencia en compensaci\u00f3n de trabajadores para que lo ayude a buscar la justicia y los beneficios que se merece.<\/span><\/p>\n<p><span style=\"font-weight: 400;\">Los <\/span><a href=\"https:\/\/workinjuryrights.com\/es\/boca-raton\/abogado-compensacion-laboral\/\"><span style=\"font-weight: 400;\">abogados de Work Injury Rights en Boca Rat\u00f3n<\/span><\/a><span style=\"font-weight: 400;\"> , Florida tienen d\u00e9cadas de experiencia con reclamos de compensaci\u00f3n para trabajadores, incluidos los relacionados con lesiones y condiciones preexistentes en Boca Rat\u00f3n. Podemos trabajar con usted para ayudarlo a recibir los beneficios que se merece. Ll\u00e1menos hoy al [tel\u00e9fono] o env\u00ede este formulario en l\u00ednea para programar una consulta gratuita con nuestros abogados.<\/span><\/p>\n<p><span style=\"font-weight: 400;\"> <\/span><\/p>\n<h2><b>\u00bfQu\u00e9 son las afecciones y lesiones preexistentes?<\/b><\/h2>\n<p><span style=\"font-weight: 400;\">En la ley de compensaci\u00f3n para trabajadores, las condiciones preexistentes se definen como cualquier condici\u00f3n m\u00e9dica previa o lesiones que estaban presentes antes de la lesi\u00f3n relacionada con el trabajo en cuesti\u00f3n, o las razones para presentar un reclamo. La agravaci\u00f3n de una condici\u00f3n preexistente debido a una lesi\u00f3n relacionada con el trabajo generalmente est\u00e1 cubierta por la compensaci\u00f3n para trabajadores.<\/span><\/p>\n<p><span style=\"font-weight: 400;\">Las condiciones preexistentes pueden variar desde una lesi\u00f3n laboral previa hasta una <\/span><a href=\"https:\/\/www.cdc.gov\/chronicdisease\/about\/index.htm\" target=\"_blank\" rel=\"noopener\"><span style=\"font-weight: 400;\">enfermedad cr\u00f3nica<\/span><\/a><span style=\"font-weight: 400;\">. Un ejemplo es un empleado que anteriormente se lesion\u00f3 la espalda mientras estaba en el trabajo y, posteriormente, se lesion\u00f3 nuevamente al intentar levantar un instrumento pesado.<\/span><\/p>\n<p><span style=\"font-weight: 400;\">Ejemplos de lesiones y afecciones preexistentes comunes en Boca Rat\u00f3n incluyen:<\/span><\/p>\n<ul>\n<li><span style=\"font-weight: 400;\"> Lesiones anteriores de hombro y espalda.<\/span><\/li>\n<li><span style=\"font-weight: 400;\"> Lesiones de rodilla anteriores<\/span><\/li>\n<li><span style=\"font-weight: 400;\"> Enfermedades degenerativas del disco<\/span><\/li>\n<li><span style=\"font-weight: 400;\"> Artritis reumatoide o <\/span><a href=\"https:\/\/www.mayoclinic.org\/diseases-conditions\/osteoarthritis\/symptoms-causes\/syc-20351925\" target=\"_blank\" rel=\"noopener\"><span style=\"font-weight: 400;\">osteoartritis<\/span><\/a><\/li>\n<\/ul>\n<h2><b>Seg\u00fan las leyes de Florida, \u00bflas afecciones o lesiones preexistentes le impiden presentar reclamaciones de indemnizaci\u00f3n laboral?<\/b><\/h2>\n<p><span style=\"font-weight: 400;\">Las condiciones y lesiones preexistentes en Boca Rat\u00f3n no impiden que nadie reciba beneficios de compensaci\u00f3n para trabajadores. En realidad, la compensaci\u00f3n para trabajadores debe pagarse siempre que su condici\u00f3n pre-existente empeore o se acelere debido a una lesi\u00f3n o enfermedad sufrida en el lugar de trabajo.<\/span><\/p>\n<p><span style=\"font-weight: 400;\">Sin embargo, esto no significa que sea f\u00e1cil conseguir esos beneficios. Muchos empleadores y compa\u00f1\u00edas de seguros buscar\u00e1n formas de evitar pagar los reclamos, y una de las t\u00e1cticas comunes es argumentar que la lesi\u00f3n es una condici\u00f3n preexistente.<\/span><\/p>\n<p><span style=\"font-weight: 400;\">En este caso, se aplica la regla de Causa Contribuyente Mayor (MCC). Para que su reclamo de compensaci\u00f3n para trabajadores tenga \u00e9xito, debe demostrar que su lesi\u00f3n o enfermedad es al menos el 51% responsable de su necesidad actual de beneficios de atenci\u00f3n m\u00e9dica o por discapacidad.<\/span><\/p>\n<p><span style=\"font-weight: 400;\">Por ejemplo, suponga que le han diagnosticado una enfermedad degenerativa del disco y meses despu\u00e9s, sufre una lesi\u00f3n en la espalda en un accidente en el lugar de trabajo, lo que lo impulsa a buscar tratamiento y da como resultado que se ausente del trabajo. Durante su reclamo, deber\u00e1 demostrar que la lesi\u00f3n en el lugar de trabajo fue al menos el 50% responsable de su raz\u00f3n para buscar tratamiento, y no su enfermedad de disco preexistente. Programe una revisi\u00f3n gratuita del caso de su reclamo de compensaci\u00f3n para trabajadores y sus lesiones y condiciones preexistentes en Boca Rat\u00f3n hoy.<\/span><\/p>\n<h2><b>\u00bfQu\u00e9 obst\u00e1culos puedo enfrentar con mi reclamo de compensaci\u00f3n para trabajadores cuando intento probar que una condici\u00f3n preexistente empeor\u00f3?<\/b><\/h2>\n<p><span style=\"font-weight: 400;\">En Florida, el proceso formal de presentaci\u00f3n de un reclamo generalmente implica informarle a su empleador y hacer que su compa\u00f1\u00eda de seguros procese su reclamo y pague los beneficios. Sin embargo, en muchos casos, el proceso no es tan f\u00e1cil: la compa\u00f1\u00eda de seguros puede impugnar el reclamo, en cuyo caso es posible que deba acudir a una agencia gubernamental para resolverlo. De cualquier manera, el \u00e9xito de su reclamo depender\u00e1 en \u00faltima instancia de la naturaleza de la lesi\u00f3n y de las lesiones y condiciones preexistentes en Boca Rat\u00f3n.<\/span><\/p>\n<p><span style=\"font-weight: 400;\">Por ejemplo, si ha tenido antecedentes de artritis en el pie derecho y sufre una lesi\u00f3n en el lugar de trabajo en el pie derecho, sus beneficios se ver\u00e1n m\u00e1s afectados en comparaci\u00f3n con una persona que anteriormente se someti\u00f3 a una cirug\u00eda de cadera en la rodilla derecha y se cur\u00f3, solo sufrir una lesi\u00f3n laboral en la misma rodilla m\u00e1s tarde.<\/span><\/p>\n<p><span style=\"font-weight: 400;\">La raz\u00f3n detr\u00e1s de esto es porque el empleador es responsable de s\u00f3lo empeorar la condici\u00f3n f\u00edsica provocada por una lesi\u00f3n en el lugar de trabajo. Es posible que puedan reunir pruebas para demostrar que el impedimento permanente que sufri\u00f3 fue el resultado de su afecci\u00f3n preexistente y no la lesi\u00f3n en el lugar de trabajo.<\/span><\/p>\n<p><span style=\"font-weight: 400;\">Es por eso que desea trabajar con un abogado de compensaci\u00f3n de trabajadores experimentado y bien capacitado para ayudarlo a preparar su caso de manera adecuada y darle a su reclamo la mejor oportunidad de \u00e9xito al presentar un reclamo de compensaci\u00f3n de trabajadores con lesiones y condiciones preexistentes en Boca. Rat\u00f3n.<\/span><\/p>\n<p><a href=\"https:\/\/workinjuryrights.com\/wp-content\/uploads\/2021\/08\/workers-com-injury.jpg\"><img fetchpriority=\"high\" decoding=\"async\" class=\"alignnone wp-image-3327 size-full\" src=\"https:\/\/workinjuryrights.com\/wp-content\/uploads\/2021\/08\/workers-com-injury.jpg\" alt=\"Image is of an employee with pre-existing injuries and conditions in Boca Raton were worsened while working on the job.\" width=\"500\" height=\"500\" srcset=\"https:\/\/workinjuryrights.com\/wp-content\/uploads\/2021\/08\/workers-com-injury.jpg 500w, https:\/\/workinjuryrights.com\/wp-content\/uploads\/2021\/08\/workers-com-injury-300x300.jpg 300w, https:\/\/workinjuryrights.com\/wp-content\/uploads\/2021\/08\/workers-com-injury-150x150.jpg 150w\" sizes=\"(max-width: 500px) 100vw, 500px\" \/><\/a><\/p>\n<h2><b>\u00bfC\u00f3mo puede proteger su reclamo de indemnizaci\u00f3n laboral cuando tiene lesiones y afecciones preexistentes en Boca Rat\u00f3n?<\/b><\/h2>\n<p><span style=\"font-weight: 400;\">Dado que es probable que la compa\u00f1\u00eda de seguros luche contra un reclamo que involucre lesiones y afecciones preexistentes en Boca Rat\u00f3n, es importante tomar las medidas correctas para proteger su reclamo. En Work Injury Rights, recomendamos lo siguiente:<\/span><\/p>\n<h3><b>Presente su informe de lesiones a tiempo<\/b><\/h3>\n<p><span style=\"font-weight: 400;\">Tiene 30 d\u00edas desde el momento del accidente para informar su lesi\u00f3n a su empleador.<\/span><\/p>\n<h3><b>Mantener registros m\u00e9dicos<\/b><\/h3>\n<p><span style=\"font-weight: 400;\">Si tiene afecciones preexistentes, debe estar preparado para recopilar registros m\u00e9dicos y otras pruebas tanto de la afecci\u00f3n como de la lesi\u00f3n en el lugar de trabajo. Esto ser\u00e1 importante a la hora de demostrar c\u00f3mo empeor\u00f3 la afecci\u00f3n.<\/span><\/p>\n<h3><b>Someterse a un examen m\u00e9dico<\/b><\/h3>\n<p><span style=\"font-weight: 400;\">La compa\u00f1\u00eda de seguros de su empleador puede solicitar un examen m\u00e9dico independiente, donde un m\u00e9dico designado evaluar\u00e1 su historial m\u00e9dico, su lesi\u00f3n relacionada con el trabajo, as\u00ed como sus lesiones y afecciones preexistentes en Boca Rat\u00f3n. Debes cumplir con esto.<\/span><\/p>\n<h3><b>Comun\u00edquese con un abogado de compensaci\u00f3n laboral<\/b><\/h3>\n<p><span style=\"font-weight: 400;\">Presentar cualquier forma de reclamo de compensaci\u00f3n para trabajadores puede ser un proceso largo y desalentador, pero los reclamos que involucran condiciones preexistentes generalmente ser\u00e1n mucho m\u00e1s complejos. Trabajar con un abogado garantizar\u00e1 mayores posibilidades de \u00e9xito al presentar un reclamo con lesiones y afecciones preexistentes en Boca Rat\u00f3n.<\/span><\/p>\n<h2><b>Llame hoy mismo a un abogado de indemnizaci\u00f3n laboral de Boca Rat\u00f3n para analizar su reclamo de indemnizaci\u00f3n laboral y las lesiones y afecciones preexistentes en Boca Rat\u00f3n<\/b><\/h2>\n<p><span style=\"font-weight: 400;\">Si se lesion\u00f3 en el lugar de trabajo mientras ten\u00eda lesiones y afecciones preexistentes en Boca Rat\u00f3n, puede enfrentar una batalla cuesta arriba contra la compa\u00f1\u00eda de seguros. Si bien la ley de Florida protege sus derechos y le da derecho a beneficios en caso de que la lesi\u00f3n en el lugar de trabajo empeore su condici\u00f3n, demostrar esto a menudo es dif\u00edcil y la compa\u00f1\u00eda de seguros probablemente lo cuestionar\u00e1.<\/span><\/p>\n<p><span style=\"font-weight: 400;\">Los <\/span><a href=\"\/\"><span style=\"font-weight: 400;\">derechos de lesiones laborales<\/span><\/a><span style=\"font-weight: 400;\"> pueden ayudar a proteger sus derechos legales y luchar por la compensaci\u00f3n que se merece. Comun\u00edquese con nuestra oficina al <a href=\"tel:+19543888616\">954-388-8616<\/a> para programar una evaluaci\u00f3n gratuita de su caso con nuestros abogados.<\/span><\/p>\n<h2><\/h2>\n","protected":false},"excerpt":{"rendered":"<p>Cuando se trata de un reclamo de compensaci\u00f3n para trabajadores, las lesiones y condiciones preexistentes en Boca Rat\u00f3n, como una enfermedad cr\u00f3nica o una discapacidad parcial, podr\u00edan complicar enormemente su reclamo. Una condici\u00f3n que es anterior a las fechas probablemente afectar\u00e1 la forma en que se perciben las nuevas lesiones y puede tener un impacto [&hellip;]<\/p>\n","protected":false},"author":29,"featured_media":0,"parent":5682,"menu_order":0,"comment_status":"closed","ping_status":"closed","template":"","meta":{"_acf_changed":false,"anchor_text":"","footnotes":""},"categories":[],"tags":[113,108],"class_list":["post-5684","page","type-page","status-publish","hentry","tag-workers-compensation-es-2","tag-workers-compensation-es"],"acf":[],"_links":{"self":[{"href":"https:\/\/workinjuryrights.com\/es\/wp-json\/wp\/v2\/pages\/5684","targetHints":{"allow":["GET"]}}],"collection":[{"href":"https:\/\/workinjuryrights.com\/es\/wp-json\/wp\/v2\/pages"}],"about":[{"href":"https:\/\/workinjuryrights.com\/es\/wp-json\/wp\/v2\/types\/page"}],"author":[{"embeddable":true,"href":"https:\/\/workinjuryrights.com\/es\/wp-json\/wp\/v2\/users\/29"}],"replies":[{"embeddable":true,"href":"https:\/\/workinjuryrights.com\/es\/wp-json\/wp\/v2\/comments?post=5684"}],"version-history":[{"count":5,"href":"https:\/\/workinjuryrights.com\/es\/wp-json\/wp\/v2\/pages\/5684\/revisions"}],"predecessor-version":[{"id":6458,"href":"https:\/\/workinjuryrights.com\/es\/wp-json\/wp\/v2\/pages\/5684\/revisions\/6458"}],"up":[{"embeddable":true,"href":"https:\/\/workinjuryrights.com\/es\/wp-json\/wp\/v2\/pages\/5682"}],"wp:attachment":[{"href":"https:\/\/workinjuryrights.com\/es\/wp-json\/wp\/v2\/media?parent=5684"}],"wp:term":[{"taxonomy":"category","embeddable":true,"href":"https:\/\/workinjuryrights.com\/es\/wp-json\/wp\/v2\/categories?post=5684"},{"taxonomy":"post_tag","embeddable":true,"href":"https:\/\/workinjuryrights.com\/es\/wp-json\/wp\/v2\/tags?post=5684"}],"curies":[{"name":"wp","href":"https:\/\/api.w.org\/{rel}","templated":true}]}}