{"id":5685,"date":"2021-08-13T18:57:07","date_gmt":"2021-08-13T18:57:07","guid":{"rendered":"https:\/\/workinjuryrights.com\/boca-raton\/reporting-a-work-injury\/"},"modified":"2022-03-14T18:57:14","modified_gmt":"2022-03-14T18:57:14","slug":"informar-lesion-laboral","status":"publish","type":"page","link":"https:\/\/workinjuryrights.com\/es\/boca-raton\/abogado-compensacion-laboral\/informar-lesion-laboral\/","title":{"rendered":"C\u00f3mo informar una lesi\u00f3n laboral en Boca Rat\u00f3n"},"content":{"rendered":"<p><span style=\"font-weight: 400;\">Los accidentes laborales pueden provocar lesiones leves o graves que pueden tardar un per\u00edodo prolongado en sanar. Cuando esto sucede, el desempe\u00f1o de un negocio se ve afectado debido al puesto de trabajo vacante que dej\u00f3 el empleado lesionado. Adem\u00e1s, la vida del empleado lesionado tambi\u00e9n se ve afectada, especialmente si sufri\u00f3 lesiones graves y no informa una lesi\u00f3n laboral en Boca Rat\u00f3n . Esto se debe a que las lesiones graves pueden tardar m\u00e1s de lo esperado en sanar y puede costar una fortuna buscar el tratamiento adecuado.<\/span><\/p>\n<p><span style=\"font-weight: 400;\">Debido a esta raz\u00f3n, el gobierno ha establecido una forma conveniente de asegurarse de que los empleados se recuperen de las lesiones relacionadas con el trabajo, y es a trav\u00e9s de un proceso de reclamos de compensaci\u00f3n para trabajadores en Florida, usted tiene derecho a buscar una compensaci\u00f3n si est\u00e1 sufriendo de trabajo enfermedades o lesiones relacionadas.<\/span><\/p>\n<p><span style=\"font-weight: 400;\">Presentar un reclamo de compensaci\u00f3n para trabajadores no es f\u00e1cil. Esto se debe a que debe asegurarse de cumplir con todos los requisitos legales y asegurarse de informar sus lesiones a tiempo. No se arriesgue a perder sus beneficios de compensaci\u00f3n al intentar presentar su reclamo solo. En su lugar, contrate a un representante legal experimentado para que lo ayude a proteger sus intereses.<\/span><\/p>\n<p><span style=\"font-weight: 400;\">Los <\/span><a href=\"https:\/\/workinjuryrights.com\/es\/boca-raton\/abogado-compensacion-laboral\/\"><span style=\"font-weight: 400;\">abogados de compensaci\u00f3n para trabajadores en Boca Rat\u00f3n <\/span><\/a><span style=\"font-weight: 400;\">\u00a0pueden ayudar a superar con \u00e9xito el proceso de reclamo de compensaci\u00f3n para trabajadores. Esto se debe a que nuestro equipo tiene experiencia en casos de compensaci\u00f3n para trabajadores y tenemos un profundo conocimiento de Boca Rat\u00f3n , las pol\u00edticas de compensaci\u00f3n para trabajadores. Por lo tanto, comun\u00edquese con Work Injury Rights hoy mismo para que lo ayude a presentar su reclamo.<\/span><\/p>\n<p><span style=\"font-weight: 400;\"> <\/span><\/p>\n<h2><b>\u00bfCu\u00e1nto tiempo tengo para denunciar una lesi\u00f3n laboral en Boca Rat\u00f3n , Florida?<\/b><\/h2>\n<p><span style=\"font-weight: 400;\">Despu\u00e9s de estar involucrado en un accidente relacionado con el trabajo y sufrir lesiones, el tiempo que lleva informar el incidente es importante. Esto se debe a que si tarda demasiado en informar las lesiones relacionadas con el trabajo, su proceso de reclamaci\u00f3n se retrasar\u00e1. Debido a esto, es esencial asegurarse de informar su lesi\u00f3n laboral dentro del per\u00edodo requerido, que es menos de <\/span><a href=\"https:\/\/www.myfloridacfo.com\/division\/wc\/Employee\/faq.htm#:~:text=public%20record%20request%3F-,HOW%20LONG%20AFTER%20AN%20ACCIDENT%20DO%20I%20HAVE%20TO%20REPORT,than%20thirty%20(30)%20days%20or%20your%20claim%20may%20be%20denied.,-Reference%3A%20Section%20440.185\" target=\"_blank\" rel=\"noopener\"><span style=\"font-weight: 400;\">treinta d\u00edas<\/span><\/a><span style=\"font-weight: 400;\"> desde el momento en que se lesion\u00f3.<\/span><\/p>\n<p><span style=\"font-weight: 400;\">Sin embargo, siempre recomendamos a los empleados lesionados que informen sobre las lesiones relacionadas con el trabajo lo antes posible o de inmediato. Esto se debe a que tomar medidas r\u00e1pidas puede ayudar a iniciar temprano el proceso de reclamo de compensaci\u00f3n para trabajadores. Adem\u00e1s, si tarda demasiado en denunciar una lesi\u00f3n en el trabajo en Boca Rat\u00f3n , corre el riesgo de perder pruebas que puedan utilizarse para respaldar su caso.<\/span><\/p>\n<p><a href=\"https:\/\/workinjuryrights.com\/wp-content\/uploads\/2021\/08\/workers-comp-injury-1.jpg\"><img fetchpriority=\"high\" decoding=\"async\" class=\"alignnone size-full wp-image-3331\" src=\"https:\/\/workinjuryrights.com\/wp-content\/uploads\/2021\/08\/workers-comp-injury-1.jpg\" alt=\"Injured employee on ground reporting a work injury in Boca Raton to supervisor\" width=\"500\" height=\"334\" srcset=\"https:\/\/workinjuryrights.com\/wp-content\/uploads\/2021\/08\/workers-comp-injury-1.jpg 500w, https:\/\/workinjuryrights.com\/wp-content\/uploads\/2021\/08\/workers-comp-injury-1-300x200.jpg 300w\" sizes=\"(max-width: 500px) 100vw, 500px\" \/><\/a><\/p>\n<h2><b>\u00bfA qui\u00e9n tengo que informar de una lesi\u00f3n en el lugar de trabajo?<\/b><\/h2>\n<p><span style=\"font-weight: 400;\">Adem\u00e1s, para asegurarse de informar sus lesiones relacionadas con el trabajo dentro de los treinta d\u00edas, tambi\u00e9n debe informar el asunto a la persona adecuada. De acuerdo con la ley en Boca Rat\u00f3n , Florida, un trabajador lesionado debe informar el incidente al empleador o alguien que sea superior, como un supervisor, gerente o incluso un capataz. Informar una lesi\u00f3n laboral en Boca Rat\u00f3n\u00a0 a la persona correcta es una parte importante y absolutamente necesaria del proceso de reclamos de compensaci\u00f3n para trabajadores.<\/span><\/p>\n<h2><b>\u00bfCu\u00e1les son las responsabilidades del empleador despu\u00e9s de una lesi\u00f3n en el lugar de trabajo?<\/b><\/h2>\n<p><span style=\"font-weight: 400;\">Despu\u00e9s de que un empleado ha sufrido lesiones y ha comenzado el proceso de informar una lesi\u00f3n laboral en Boca Rat\u00f3n , hay ciertas cosas que tanto el empleador como el empleado deben hacer. Estas responsabilidades ayudan a garantizar que el proceso de reclamo de compensaci\u00f3n para trabajadores se realice sin disputas.<\/span><\/p>\n<p><span style=\"font-weight: 400;\">A continuaci\u00f3n se detallan las responsabilidades de un empleador despu\u00e9s de que un trabajador ha sufrido lesiones relacionadas con el trabajo:<\/span><\/p>\n<h3><b>Escriba un informe y env\u00edelo a la Junta de Seguros y Seguridad de los Estados<\/b><\/h3>\n<p><span style=\"font-weight: 400;\">Despu\u00e9s de que usted se vea involucrado en un accidente laboral y posteriormente informe una lesi\u00f3n laboral en Boca Rat\u00f3n , su empleador es responsable de redactar un informe de sus lesiones laborales y enviarlo a la Junta de Seguros y Seguridad del Estado. Algunos de los detalles que se incluyen en este informe en particular son la gravedad de las lesiones relacionadas con el trabajo, la causa del accidente y el tiempo necesario para que el empleado lesionado se recupere.<\/span><\/p>\n<h3><b>Brindar atenci\u00f3n m\u00e9dica al empleado lesionado<\/b><\/h3>\n<p><span style=\"font-weight: 400;\">Despu\u00e9s de reportar una lesi\u00f3n laboral en Boca Rat\u00f3n , su empleador debe brindar atenci\u00f3n m\u00e9dica al empleado lesionado. Eso significa que, si es necesario, su empleador se asegurar\u00e1 de que lo lleven al hospital si sufri\u00f3 lesiones graves.<\/span><\/p>\n<h3><b>Proteja su puesto de trabajo<\/b><\/h3>\n<p><span style=\"font-weight: 400;\">Despu\u00e9s de sufrir lesiones o enfermedades relacionadas con el trabajo, algunos empleados tardan m\u00e1s de lo esperado en recuperarse de sus lesiones. Dependiendo de la gravedad de sus lesiones, puede tomar un per\u00edodo corto o largo para recuperarse. Durante este per\u00edodo, su empleador debe proteger su puesto de trabajo hasta que se recupere y vuelva a trabajar.<\/span><\/p>\n<p><span style=\"font-weight: 400;\">Sin embargo, si el m\u00e9dico determina que su condici\u00f3n no puede mejorar o que sufre de una discapacidad permanente, entonces su empleador puede contratar a otro empleado calificado.<\/span><\/p>\n<h3><b>Brindar el apoyo necesario<\/b><\/h3>\n<p><span style=\"font-weight: 400;\">Es responsabilidad de su empleador asegurarse de que obtenga el apoyo que necesita, como seguro de vida, pensi\u00f3n, beneficios de cotizaci\u00f3n laboral y seguro m\u00e9dico.<\/span><\/p>\n<h2><b>\u00bfCu\u00e1les son las responsabilidades de los empleados despu\u00e9s de denunciar una lesi\u00f3n laboral en Boca Rat\u00f3n ?<\/b><\/h2>\n<p><span style=\"font-weight: 400;\">En Boca Rat\u00f3n , Florida, un empleado tambi\u00e9n debe cumplir con todas las responsabilidades legales necesarias si desea ser compensado por enfermedades o lesiones relacionadas con el trabajo.<\/span><\/p>\n<p><span style=\"font-weight: 400;\">Por lo tanto, como v\u00edctima en este asunto, aseg\u00farese de hacer lo siguiente al denunciar una lesi\u00f3n laboral en Boca Rat\u00f3n :<\/span><\/p>\n<h3><b>Informe la enfermedad o lesi\u00f3n relacionada con el trabajo<\/b><\/h3>\n<p><span style=\"font-weight: 400;\">Despu\u00e9s de sufrir una lesi\u00f3n relacionada con el trabajo, lo primero que debe hacer es informar a su empleador sobre una lesi\u00f3n en el trabajo en Boca Rat\u00f3n . Si sufri\u00f3 lesiones graves que lo llevaron a buscar atenci\u00f3n m\u00e9dica primero, aseg\u00farese de informar una lesi\u00f3n laboral en Boca Rat\u00f3n\u00a0 dentro del per\u00edodo indicado, que es de treinta d\u00edas.<\/span><\/p>\n<h3><b>Busque atenci\u00f3n m\u00e9dica<\/b><\/h3>\n<p><span style=\"font-weight: 400;\">Si sufri\u00f3 lesiones leves despu\u00e9s de estar involucrado en un accidente laboral, la ley requiere que busque atenci\u00f3n m\u00e9dica despu\u00e9s de informar el asunto a su empleador. Despu\u00e9s de recibir el tratamiento, solicite una copia de su informe m\u00e9dico para que pueda utilizar dichos datos para probar su reclamo.<\/span><\/p>\n<h3><b>Adquirir un formulario WC-14 y llenarlo<\/b><\/h3>\n<p><span style=\"font-weight: 400;\">El siguiente paso es obtener un <\/span><a href=\"https:\/\/www.myfloridacfo.com\/division\/wc\/pdf\/DFS-F2-DWC-14.pdf\" target=\"_blank\" rel=\"noopener\"><span style=\"font-weight: 400;\">formulario WC-14<\/span><\/a><span style=\"font-weight: 400;\"> y completarlo correctamente antes de enviarlo a la Junta de Seguros y Seguridad en el Lugar de Trabajo. Adem\u00e1s, se le aconseja no proporcionar ninguna informaci\u00f3n falsa al completar este formulario en particular porque se considera un delito grave y se le puede cobrar por tal acto.<\/span><\/p>\n<p><a href=\"https:\/\/workinjuryrights.com\/wp-content\/uploads\/2021\/08\/lawyer-paperwork-desk-2.jpg\"><img decoding=\"async\" class=\"alignnone size-full wp-image-3332\" src=\"https:\/\/workinjuryrights.com\/wp-content\/uploads\/2021\/08\/lawyer-paperwork-desk-2.jpg\" alt=\"Workers' compensation lawyer filling out paperwork for employee reporting a work injury in Boca Raton.\" width=\"500\" height=\"334\" srcset=\"https:\/\/workinjuryrights.com\/wp-content\/uploads\/2021\/08\/lawyer-paperwork-desk-2.jpg 500w, https:\/\/workinjuryrights.com\/wp-content\/uploads\/2021\/08\/lawyer-paperwork-desk-2-300x200.jpg 300w\" sizes=\"(max-width: 500px) 100vw, 500px\" \/><\/a><\/p>\n<h2><b>Si tiene m\u00e1s preguntas sobre c\u00f3mo reportar una lesi\u00f3n laboral en Boca Rat\u00f3n , llame a nuestros abogados de compensaci\u00f3n laboral para una consulta gratuita hoy<\/b><\/h2>\n<p><span style=\"font-weight: 400;\">Muchos empleados lesionados en Boca Rat\u00f3n , Florida, pierden la oportunidad de ser compensados \u200b\u200bpor no cumplir con todos los requisitos legales al reportar una lesi\u00f3n laboral en Boca Rat\u00f3n . Por lo tanto, comun\u00edquese con los <\/span><a href=\"\/\"><span style=\"font-weight: 400;\">Abogados de Compensaci\u00f3n para Trabajadores<\/span><\/a><span style=\"font-weight: 400;\"> para que podamos ayudarlo a evitar cometer los mismos errores.<\/span><\/p>\n<p><span style=\"font-weight: 400;\">Nuestro equipo dedicado siempre est\u00e1 decidido a proteger los intereses y derechos de los clientes. Ll\u00e1menos hoy al <a href=\"tel:+19543888616\">954-388-8616<\/a> y obtenga una consulta gratuita.<\/span><\/p>\n","protected":false},"excerpt":{"rendered":"<p>Los accidentes laborales pueden provocar lesiones leves o graves que pueden tardar un per\u00edodo prolongado en sanar. Cuando esto sucede, el desempe\u00f1o de un negocio se ve afectado debido al puesto de trabajo vacante que dej\u00f3 el empleado lesionado. Adem\u00e1s, la vida del empleado lesionado tambi\u00e9n se ve afectada, especialmente si sufri\u00f3 lesiones graves y [&hellip;]<\/p>\n","protected":false},"author":29,"featured_media":0,"parent":5682,"menu_order":0,"comment_status":"closed","ping_status":"closed","template":"","meta":{"_acf_changed":false,"anchor_text":"","footnotes":""},"categories":[],"tags":[45,113,108],"class_list":["post-5685","page","type-page","status-publish","hentry","tag-workers-compensation","tag-workers-compensation-es-2","tag-workers-compensation-es"],"acf":[],"_links":{"self":[{"href":"https:\/\/workinjuryrights.com\/es\/wp-json\/wp\/v2\/pages\/5685","targetHints":{"allow":["GET"]}}],"collection":[{"href":"https:\/\/workinjuryrights.com\/es\/wp-json\/wp\/v2\/pages"}],"about":[{"href":"https:\/\/workinjuryrights.com\/es\/wp-json\/wp\/v2\/types\/page"}],"author":[{"embeddable":true,"href":"https:\/\/workinjuryrights.com\/es\/wp-json\/wp\/v2\/users\/29"}],"replies":[{"embeddable":true,"href":"https:\/\/workinjuryrights.com\/es\/wp-json\/wp\/v2\/comments?post=5685"}],"version-history":[{"count":6,"href":"https:\/\/workinjuryrights.com\/es\/wp-json\/wp\/v2\/pages\/5685\/revisions"}],"predecessor-version":[{"id":8183,"href":"https:\/\/workinjuryrights.com\/es\/wp-json\/wp\/v2\/pages\/5685\/revisions\/8183"}],"up":[{"embeddable":true,"href":"https:\/\/workinjuryrights.com\/es\/wp-json\/wp\/v2\/pages\/5682"}],"wp:attachment":[{"href":"https:\/\/workinjuryrights.com\/es\/wp-json\/wp\/v2\/media?parent=5685"}],"wp:term":[{"taxonomy":"category","embeddable":true,"href":"https:\/\/workinjuryrights.com\/es\/wp-json\/wp\/v2\/categories?post=5685"},{"taxonomy":"post_tag","embeddable":true,"href":"https:\/\/workinjuryrights.com\/es\/wp-json\/wp\/v2\/tags?post=5685"}],"curies":[{"name":"wp","href":"https:\/\/api.w.org\/{rel}","templated":true}]}}