{"id":5686,"date":"2021-08-13T19:04:50","date_gmt":"2021-08-13T19:04:50","guid":{"rendered":"https:\/\/workinjuryrights.com\/boca-raton\/workers-compensation-benefits\/"},"modified":"2021-10-05T14:52:25","modified_gmt":"2021-10-05T14:52:25","slug":"beneficios-laborales","status":"publish","type":"page","link":"https:\/\/workinjuryrights.com\/es\/boca-raton\/abogado-compensacion-laboral\/beneficios-laborales\/","title":{"rendered":"Beneficios de compensaci\u00f3n laboral en Boca Rat\u00f3n"},"content":{"rendered":"<p><span style=\"font-weight: 400;\">Cualquier p\u00e9rdida corporal relacionada con el trabajo de un empleado debe recibir beneficios de compensaci\u00f3n para trabajadores en Boca Rat\u00f3n utilizando el seguro de compensaci\u00f3n para trabajadores. Su funci\u00f3n principal es garantizar que el empleado lesionado o enfermo haya recibido atenci\u00f3n m\u00e9dica, salarios perdidos y otros beneficios de compensaci\u00f3n para trabajadores. Si sufri\u00f3 lesiones ocupacionales, puede calificar para estos beneficios.<\/span><\/p>\n<p><span style=\"font-weight: 400;\">De acuerdo con la ley de compensaci\u00f3n para trabajadores de Florida, un empleado tiene derecho a recibir compensaci\u00f3n para trabajadores por salarios perdidos, gastos de tratamiento, discapacidad temporal y permanente y muerte. Aunque este es el caso, la compa\u00f1\u00eda de seguros de su empleador no estar\u00e1 feliz de gastar dinero en compensaci\u00f3n. Por esta raz\u00f3n, la compa\u00f1\u00eda de seguros estar\u00e1 dispuesta a hacer un esfuerzo adicional para encontrar lagunas para negar o reducir el monto de la compensaci\u00f3n.<\/span><\/p>\n<p><span style=\"font-weight: 400;\">Debido a que las compa\u00f1\u00edas de seguros utilizan diferentes t\u00e9cnicas para ahorrar dinero y buscan formas de reducir los beneficios de compensaci\u00f3n para trabajadores en Boca Rat\u00f3n, usted se beneficiar\u00e1 enormemente de los servicios de un abogado profesional de compensaci\u00f3n para trabajadores.<\/span><\/p>\n<p><span style=\"font-weight: 400;\">En Work Injury Rights, contamos con un equipo de abogados con experiencia en <\/span><a href=\"https:\/\/workinjuryrights.com\/es\/boca-raton\/abogado-compensacion-laboral\/\"><span style=\"font-weight: 400;\">compensaci\u00f3n para trabajadores de Boca Rat\u00f3n<\/span><\/a><span style=\"font-weight: 400;\"> que se han especializado en reclamos de compensaci\u00f3n para trabajadores. Tenemos una experiencia combinada de 45 a\u00f1os. De hecho, algunos de nuestros abogados trabajaron anteriormente para compa\u00f1\u00edas de seguros y, como tal, conocemos las t\u00e9cnicas y la mentalidad que tienen las compa\u00f1\u00edas de seguros.<\/span><\/p>\n<p><span style=\"font-weight: 400;\">Para obtener representaci\u00f3n y asesor\u00eda legal profesional, comun\u00edquese con nosotros a trav\u00e9s del [tel\u00e9fono]. Ofrecemos servicios de consulta inicial gratuitos y no obligatorios. Adem\u00e1s, trabajamos sobre una base de contingencia, lo que significa que no nos pagan si no obtenemos los beneficios de compensaci\u00f3n para trabajadores en Boca Rat\u00f3n para usted.<\/span><\/p>\n<p><span style=\"font-weight: 400;\"> <\/span><\/p>\n<h2><b>\u00bfCu\u00e1les son los l\u00edmites de ingresos de compensaci\u00f3n para trabajadores de Florida?<\/b><\/h2>\n<p><span style=\"font-weight: 400;\">El l\u00edmite m\u00e1ximo de ingresos de compensaci\u00f3n para trabajadores ha estado en una tendencia creciente desde 1951. Sin embargo, la cantidad m\u00ednima se ha mantenido igual desde 1972, que es de $20, y permanecer\u00e1 as\u00ed este a\u00f1o. Esta informaci\u00f3n est\u00e1 de acuerdo con la Divisi\u00f3n de Compensaci\u00f3n para Trabajadores de Florida.<\/span><\/p>\n<p><span style=\"font-weight: 400;\">Por otro lado, el beneficio semanal m\u00e1ximo por discapacidad para un empleado lesionado en Florida aumentar\u00e1 en $31 para 2021. El aumento en el l\u00edmite de ingresos de compensaci\u00f3n para trabajadores se rige por la ley 440.12 (2) del Estatuto de Florida, que establece que la compensaci\u00f3n semanal m\u00e1xima La tarifa por lesiones relacionadas con el trabajo ser\u00e1 igual al 100% del salario semanal promedio de Florida y se redondear\u00e1 al d\u00f3lar m\u00e1s cercano.<\/span><\/p>\n<p><span style=\"font-weight: 400;\">El a\u00f1o pasado, la Divisi\u00f3n de Compensaci\u00f3n para Trabajadores de Florida vio un aumento en el salario semanal en todo el estado. En 2018, la tasa m\u00e1xima de ingresos semanales era de $917 usd; en 2019, la tasa m\u00e1xima de ingresos semanales fue de\u00a0 939; y en 2020, la tasa m\u00e1xima de ingresos semanales fue de $971 usd. A partir del 1 de enero de 2021, el l\u00edmite m\u00e1ximo de ingresos semanales ser\u00e1 de $1,011 usd.<\/span><\/p>\n<p><span style=\"font-weight: 400;\">\u00bfQu\u00e9 significa esto? Bueno, significa que si un trabajador se lesiona este a\u00f1o (2021), la cantidad m\u00e1xima que puede recibir es de $1,011 usd. Sin embargo, si un trabajador se lesion\u00f3 el a\u00f1o pasado (2020), su l\u00edmite m\u00e1ximo de ingresos semanales ser\u00e1 de $971 usd.<\/span><\/p>\n<h2><b>\u00bfCu\u00e1les son los tipos de beneficios de compensaci\u00f3n laboral en Boca Rat\u00f3n?<\/b><\/h2>\n<p><span style=\"font-weight: 400;\">Un trabajador tiene derecho a recibir beneficios de compensaci\u00f3n para trabajadores siempre que se hayan cumplido todos los par\u00e1metros. Por supuesto, el tipo de beneficio que obtendr\u00e1 un trabajador variar\u00e1 seg\u00fan el tipo de discapacidad.<\/span><\/p>\n<p><span style=\"font-weight: 400;\">Generalmente, hay cuatro <\/span><a href=\"https:\/\/www.myfloridacfo.com\/division\/wc\/Employee\/Benefits\/lost-wages.htm\" target=\"_blank\" rel=\"noopener\"><span style=\"font-weight: 400;\">tipos de discapacidades en Florida<\/span><\/a><span style=\"font-weight: 400;\"> que incluyen:<\/span><\/p>\n<h3><b>Beneficios por discapacidad total temporal (TTD)<\/b><\/h3>\n<p><span style=\"font-weight: 400;\">En Florida, los beneficios de TTD est\u00e1n disponibles para un trabajador que no puede regresar temporalmente al trabajo debido a sus lesiones. Los beneficios por discapacidad total temporal vienen con un per\u00edodo de gracia o de espera de 7 d\u00edas. Esto significa que no se le pagar\u00e1 al trabajador durante los primeros 7 d\u00edas, a menos que la lesi\u00f3n dure m\u00e1s de 21 d\u00edas. Los beneficios de TTD se otorgan hasta un m\u00e1ximo de 104 semanas o hasta que se alcance la mejor\u00eda m\u00e9dica m\u00e1xima.<\/span><\/p>\n<h3><b>Beneficios por discapacidad parcial temporal (TPD)<\/b><\/h3>\n<p><span style=\"font-weight: 400;\">En Florida, el beneficio TPD se otorga a los trabajadores que pueden regresar al trabajo pero con restricciones m\u00e9dicas y ganan menos del 80% de lo que ganaban antes de la lesi\u00f3n. Es importante se\u00f1alar que los beneficios por incapacidad parcial temporal se pagar\u00e1n al 80% de la diferencia entre los salarios anteriores y los actuales.<\/span><\/p>\n<h3><b>Beneficios por discapacidad parcial permanente (PPD)<\/b><\/h3>\n<p><span style=\"font-weight: 400;\">El PPD se otorga cuando la lesi\u00f3n tiene un impedimento permanente. Como tal, el m\u00e9dico asignar\u00e1 a la lesi\u00f3n una calificaci\u00f3n de deterioro. La calificaci\u00f3n se proporciona en porcentaje, y ese porcentaje se utilizar\u00e1 para calcular la cantidad de beneficio que una persona califica para recibir. Sin embargo, es importante recordar que el beneficio por discapacidad se pagar\u00e1 al 75% de la tasa de discapacidad total temporal del trabajador.<\/span><\/p>\n<h3><b>Beneficios por discapacidad total permanente (PTD)<\/b><\/h3>\n<p><span style=\"font-weight: 400;\">Despu\u00e9s del tratamiento, el m\u00e9dico tratante examinar\u00e1 la discapacidad permanente. Si se determina que tiene una discapacidad permanente que tiene una discapacidad total y permanente, puede continuar recuperando los beneficios de compensaci\u00f3n para trabajadores de por vida.<\/span><\/p>\n<h2><b>\u00bfC\u00f3mo se calculan los beneficios de compensaci\u00f3n para trabajadores de Florida?<\/b><\/h2>\n<p><span style=\"font-weight: 400;\">Los beneficios de compensaci\u00f3n para trabajadores en Boca Rat\u00f3n comprenden 2\/3 de las ganancias semanales promedio de 13 semanas de un trabajador. Sin embargo, es importante tener en cuenta que no puede exceder el l\u00edmite m\u00e1ximo de ingresos semanales establecido. En 2021, la cantidad m\u00e1xima de ingresos semanales que puede recibir un trabajador es de $1,011 usd.<\/span><\/p>\n<p><span style=\"font-weight: 400;\">Es importante recordar que los beneficios por incapacidad total temporal vienen con un per\u00edodo de espera de 7 d\u00edas durante el cual el trabajador no recibir\u00e1 el beneficio de ingresos. Al trabajador s\u00f3lo se le pagar\u00e1 por los primeros 7 d\u00edas de beneficios de ingresos si las lesiones le impiden ir a trabajar por m\u00e1s de 21 d\u00edas. Se otorga por un per\u00edodo m\u00e1ximo de 104 semanas o hasta que se declare la mejor\u00eda m\u00e9dica m\u00e1xima (MMI).<\/span><\/p>\n<p><span style=\"font-weight: 400;\">El sitio web oficial del estado de Florida para la compensaci\u00f3n de trabajadores tiene una <\/span><a href=\"https:\/\/www.myfloridacfo.com\/division\/wc\/Employee\/calculator.htm\" target=\"_blank\" rel=\"noopener\"><span style=\"font-weight: 400;\">calculadora de beneficios de compensaci\u00f3n de trabajadores<\/span><\/a><span style=\"font-weight: 400;\"> que puede ayudarle a determinar sus beneficios.<\/span><\/p>\n<p><a href=\"https:\/\/workinjuryrights.com\/wp-content\/uploads\/2021\/08\/worker-comp-benefits-1-1.jpg\"><img fetchpriority=\"high\" decoding=\"async\" class=\"alignnone size-full wp-image-3347\" src=\"https:\/\/workinjuryrights.com\/wp-content\/uploads\/2021\/08\/worker-comp-benefits-1-1.jpg\" alt=\"Man receiving care from doctor through workers' compensation benefits in Boca Raton\" width=\"500\" height=\"268\" srcset=\"https:\/\/workinjuryrights.com\/wp-content\/uploads\/2021\/08\/worker-comp-benefits-1-1.jpg 500w, https:\/\/workinjuryrights.com\/wp-content\/uploads\/2021\/08\/worker-comp-benefits-1-1-300x161.jpg 300w\" sizes=\"(max-width: 500px) 100vw, 500px\" \/><\/a><\/p>\n<h2><b>\u00bfSe gravan los beneficios de compensaci\u00f3n laboral en Boca Rat\u00f3n?<\/b><\/h2>\n<p><span style=\"font-weight: 400;\">\u00a1NO! Cualquier beneficio otorgado a un trabajador a trav\u00e9s del seguro de compensaci\u00f3n para trabajadores no est\u00e1 sujeto a impuestos, ni a nivel estatal ni federal. Est\u00e1n exentos de impuestos.<\/span><\/p>\n<h2><b>Para obtener asesoramiento legal sobre los beneficios de compensaci\u00f3n para trabajadores en Boca Rat\u00f3n, llame hoy a nuestros abogados de compensaci\u00f3n para trabajadores de confianza<\/b><\/h2>\n<p><span style=\"font-weight: 400;\">En <\/span><a href=\"\/\"><span style=\"font-weight: 400;\">Work Injury Rights<\/span><\/a><span style=\"font-weight: 400;\"> , tenemos a\u00f1os de experiencia en reclamos de indemnizaci\u00f3n laboral. Sabemos lo que se necesita y entendemos lo que busca un abogado. Luchamos agresivamente por los derechos de nuestros clientes y nos aseguramos de que no sean ignorados.<\/span><\/p>\n<p><span style=\"font-weight: 400;\">Para obtener asesoramiento y orientaci\u00f3n legal, ll\u00e1menos a trav\u00e9s del [tel\u00e9fono]. Ofrecemos una consulta inicial gratuita de sus beneficios de compensaci\u00f3n para trabajadores en Boca Rat\u00f3n. Perm\u00edtanos revisar su caso y ofrecerle la mejor acci\u00f3n legal para emprender de forma gratuita.<\/span><\/p>\n","protected":false},"excerpt":{"rendered":"<p>Cualquier p\u00e9rdida corporal relacionada con el trabajo de un empleado debe recibir beneficios de compensaci\u00f3n para trabajadores en Boca Rat\u00f3n utilizando el seguro de compensaci\u00f3n para trabajadores. Su funci\u00f3n principal es garantizar que el empleado lesionado o enfermo haya recibido atenci\u00f3n m\u00e9dica, salarios perdidos y otros beneficios de compensaci\u00f3n para trabajadores. Si sufri\u00f3 lesiones ocupacionales, [&hellip;]<\/p>\n","protected":false},"author":29,"featured_media":0,"parent":5682,"menu_order":0,"comment_status":"closed","ping_status":"closed","template":"","meta":{"_acf_changed":false,"anchor_text":"","footnotes":""},"categories":[],"tags":[113,108],"class_list":["post-5686","page","type-page","status-publish","hentry","tag-workers-compensation-es-2","tag-workers-compensation-es"],"acf":[],"_links":{"self":[{"href":"https:\/\/workinjuryrights.com\/es\/wp-json\/wp\/v2\/pages\/5686","targetHints":{"allow":["GET"]}}],"collection":[{"href":"https:\/\/workinjuryrights.com\/es\/wp-json\/wp\/v2\/pages"}],"about":[{"href":"https:\/\/workinjuryrights.com\/es\/wp-json\/wp\/v2\/types\/page"}],"author":[{"embeddable":true,"href":"https:\/\/workinjuryrights.com\/es\/wp-json\/wp\/v2\/users\/29"}],"replies":[{"embeddable":true,"href":"https:\/\/workinjuryrights.com\/es\/wp-json\/wp\/v2\/comments?post=5686"}],"version-history":[{"count":5,"href":"https:\/\/workinjuryrights.com\/es\/wp-json\/wp\/v2\/pages\/5686\/revisions"}],"predecessor-version":[{"id":6454,"href":"https:\/\/workinjuryrights.com\/es\/wp-json\/wp\/v2\/pages\/5686\/revisions\/6454"}],"up":[{"embeddable":true,"href":"https:\/\/workinjuryrights.com\/es\/wp-json\/wp\/v2\/pages\/5682"}],"wp:attachment":[{"href":"https:\/\/workinjuryrights.com\/es\/wp-json\/wp\/v2\/media?parent=5686"}],"wp:term":[{"taxonomy":"category","embeddable":true,"href":"https:\/\/workinjuryrights.com\/es\/wp-json\/wp\/v2\/categories?post=5686"},{"taxonomy":"post_tag","embeddable":true,"href":"https:\/\/workinjuryrights.com\/es\/wp-json\/wp\/v2\/tags?post=5686"}],"curies":[{"name":"wp","href":"https:\/\/api.w.org\/{rel}","templated":true}]}}