{"id":5687,"date":"2021-08-13T18:20:05","date_gmt":"2021-08-13T18:20:05","guid":{"rendered":"https:\/\/workinjuryrights.com\/boca-raton\/workers-compensation-claims-process\/"},"modified":"2023-08-22T09:41:53","modified_gmt":"2023-08-22T14:41:53","slug":"proceso-reclamaciones-indemnizacion-laboral","status":"publish","type":"page","link":"https:\/\/workinjuryrights.com\/es\/boca-raton\/abogado-compensacion-laboral\/proceso-reclamaciones-indemnizacion-laboral\/","title":{"rendered":"Proceso de reclamos de indemnizaci\u00f3n laboral en Boca Rat\u00f3n"},"content":{"rendered":"<p><span style=\"font-weight: 400;\">Cada a\u00f1o, hay miles de empleados en Florida que comienzan el proceso de reclamos de compensaci\u00f3n para trabajadores en Boca Rat\u00f3n por lesiones y condiciones de salud relacionadas con el trabajo. Desafortunadamente, m\u00e1s de la mitad de estos reclamos terminan siendo rechazados por el empleador y \/ o el proveedor de seguros. Si usted o un ser querido se lesion\u00f3 en el trabajo, no est\u00e1 solo.<\/span><\/p>\n<p><span style=\"font-weight: 400;\">Si desea mejorar sus posibilidades de presentar un caso de compensaci\u00f3n para trabajadores exitosos, es fundamental seguir algunas pautas espec\u00edficas y mantenerse al tanto de los plazos al pasar por el proceso de reclamos de compensaci\u00f3n para trabajadores en Boca Rat\u00f3n.<\/span><\/p>\n<p><span style=\"font-weight: 400;\">En Work Injury Rights, nuestros <\/span><a href=\"https:\/\/workinjuryrights.com\/es\/boca-raton\/abogado-compensacion-laboral\/\"><span style=\"font-weight: 400;\">abogados de compensaci\u00f3n para trabajadores de Boca Rat\u00f3n<\/span><\/a><span style=\"font-weight: 400;\"> est\u00e1n disponibles para ayudarlo a solicitar los beneficios de compensaci\u00f3n para trabajadores y buscar agresivamente los beneficios que necesita y merece. Nuestro equipo ofrece d\u00e9cadas de experiencia en esta \u00e1rea del derecho a clientes en Boca Rat\u00f3n y en toda Florida.<\/span><\/p>\n<p><span style=\"font-weight: 400;\">Proporcionamos la informaci\u00f3n a continuaci\u00f3n para ayudarlo a comprender lo que est\u00e1 involucrado en el proceso de reclamos de compensaci\u00f3n para trabajadores en Boca Rat\u00f3n, Florida.<\/span><\/p>\n<p><span style=\"font-weight: 400;\"> <\/span><\/p>\n<h2><b>\u00bfC\u00f3mo puedo saber si una reclamaci\u00f3n de indemnizaci\u00f3n laboral cubrir\u00e1 mi lesi\u00f3n?<\/b><\/h2>\n<p><span style=\"font-weight: 400;\">En Florida, la mayor\u00eda de las enfermedades y lesiones que ocurren en el lugar de trabajo o son causadas por los requisitos normales de un trabajo est\u00e1n cubiertas por la ley de compensaci\u00f3n para trabajadores. Cuando un empleado sufre de alguna infecci\u00f3n, lesi\u00f3n o enfermedad en su lugar de trabajo, est\u00e1 cubierto aqu\u00ed. La muerte tambi\u00e9n est\u00e1 cubierta, junto con todas las lesiones laborales f\u00edsicas.<\/span><\/p>\n<p><span style=\"font-weight: 400;\">Sin embargo, la angustia emocional y la angustia mental, incluido el dolor y el sufrimiento, no est\u00e1n cubiertos por la compensaci\u00f3n de trabajadores de Florida. Esto significa que cosas como cualquier forma de trauma psicol\u00f3gico, como miedos y trauma, no est\u00e1n cubiertas. Otras excepciones incluyen casos en los que la lesi\u00f3n fue causada por el consumo de alcohol o drogas en el trabajo, no seguir los procedimientos establecidos o juegos bruscos.<\/span><\/p>\n<p><span style=\"font-weight: 400;\">La mejor manera de garantizar que sus lesiones y \/ o condiciones sean compensables es iniciar correctamente el proceso de reclamos de compensaci\u00f3n para trabajadores en Boca Rat\u00f3n. Las siguientes son algunas de las enfermedades y lesiones m\u00e1s comunes cubiertas por las leyes de compensaci\u00f3n para trabajadores en Florida:<\/span><\/p>\n<ul>\n<li><span style=\"font-weight: 400;\"> Lesiones de cuello, hombros y espalda, junto con lesiones de tejidos blandos asociadas con el esfuerzo excesivo y los movimientos repetitivos.<\/span><\/li>\n<li><span style=\"font-weight: 400;\"> Esguinces y torceduras<\/span><\/li>\n<li><span style=\"font-weight: 400;\"> s\u00edndrome del t\u00fanel carpiano<\/span><\/li>\n<li><span style=\"font-weight: 400;\"> Lesiones o enfermedades respiratorias, incluido el c\u00e1ncer de pulm\u00f3n y el mesotelioma, as\u00ed como cualquier otro trastorno potencialmente mortal causado por la exposici\u00f3n a materiales peligrosos.<\/span><\/li>\n<li><span style=\"font-weight: 400;\"> quemaduras<\/span><\/li>\n<li><span style=\"font-weight: 400;\"> Lesi\u00f3n cerebral traum\u00e1tica y otras lesiones en la cabeza.<\/span><\/li>\n<li><span style=\"font-weight: 400;\"> Lesiones de la m\u00e9dula espinal, incluida la par\u00e1lisis.<\/span><\/li>\n<li><span style=\"font-weight: 400;\"> Golpes<\/span><\/li>\n<li><span style=\"font-weight: 400;\"> Laceraciones y contusiones<\/span><\/li>\n<li><span style=\"font-weight: 400;\"> P\u00e9rdida de audici\u00f3n y visi\u00f3n.<\/span><\/li>\n<li><span style=\"font-weight: 400;\"> Trastornos psicol\u00f3gicos<\/span><\/li>\n<li><span style=\"font-weight: 400;\"> Huesos aplastados y fracturados<\/span><\/li>\n<li><span style=\"font-weight: 400;\"> Da\u00f1o de \u00f3rganos internos<\/span><\/li>\n<li><span style=\"font-weight: 400;\"> Amputaciones<\/span><\/li>\n<li><span style=\"font-weight: 400;\"> Muerte<\/span><\/li>\n<\/ul>\n<p><span style=\"font-weight: 400;\">Comprender los beneficios permitidos en el sistema de compensaci\u00f3n de trabajadores es un paso crucial despu\u00e9s de una lesi\u00f3n. Si a\u00fan tiene alguna pregunta sobre las lesiones cubiertas y el proceso de reclamos de compensaci\u00f3n para trabajadores en Boca Rat\u00f3n, comun\u00edquese con nosotros para obtener m\u00e1s informaci\u00f3n.<\/span><\/p>\n<p><a href=\"https:\/\/workinjuryrights.com\/wp-content\/uploads\/2021\/08\/workers-com-pic.jpg\"><img fetchpriority=\"high\" decoding=\"async\" class=\"alignnone size-full wp-image-3370\" src=\"https:\/\/workinjuryrights.com\/wp-content\/uploads\/2021\/08\/workers-com-pic.jpg\" alt=\"Image is of an injured employee filling paperwork to begin the workers' compensation claims process in Boca Raton\" width=\"500\" height=\"500\" srcset=\"https:\/\/workinjuryrights.com\/wp-content\/uploads\/2021\/08\/workers-com-pic.jpg 500w, https:\/\/workinjuryrights.com\/wp-content\/uploads\/2021\/08\/workers-com-pic-300x300.jpg 300w, https:\/\/workinjuryrights.com\/wp-content\/uploads\/2021\/08\/workers-com-pic-150x150.jpg 150w\" sizes=\"(max-width: 500px) 100vw, 500px\" \/><\/a><\/p>\n<h2><b>\u00bfCu\u00e1nto tiempo tiene para comenzar el proceso de reclamos de indemnizaci\u00f3n laboral en Boca Rat\u00f3n?<\/b><\/h2>\n<p><span style=\"font-weight: 400;\">Si se lesiona en el trabajo o desarrolla una enfermedad relacionada con el trabajo, debe presentar una <\/span><span style=\"font-weight: 400;\">Petici\u00f3n de Beneficios<\/span><span style=\"font-weight: 400;\"> o buscar atenci\u00f3n m\u00e9dica autorizada o beneficios de indemnizaci\u00f3n dentro de los 2 a\u00f1os a partir de la fecha de la lesi\u00f3n. Despu\u00e9s de esto, se le permite un a\u00f1o para presentar su reclamo de compensaci\u00f3n para trabajadores, seg\u00fan el estatuto de limitaciones de Florida.<\/span><\/p>\n<p><span style=\"font-weight: 400;\">Seg\u00fan este estatuto de un a\u00f1o, no debe permitir que pase m\u00e1s de un a\u00f1o sin recibir tratamiento de un m\u00e9dico autorizado. Un m\u00e9dico autorizado es aquel que ha sido aprobado para brindar atenci\u00f3n m\u00e9dica por la compa\u00f1\u00eda de seguros que le brinda cobertura de compensaci\u00f3n para trabajadores.<\/span><\/p>\n<p><span style=\"font-weight: 400;\">Una vez que transcurre un a\u00f1o antes de que reciba tratamiento de un m\u00e9dico autorizado, efectivamente perder\u00e1 sus derechos para presentar una reclamaci\u00f3n en el futuro. En ese caso, no podr\u00e1 recibir m\u00e1s beneficios, incluido el tratamiento m\u00e9dico para la lesi\u00f3n en cuesti\u00f3n.<\/span><\/p>\n<h2><b>\u00bfC\u00f3mo se presenta una reclamaci\u00f3n de indemnizaci\u00f3n laboral en Florida?<\/b><\/h2>\n<p><span style=\"font-weight: 400;\">La siguiente es una lista de cosas que debe hacer para comenzar correctamente el <\/span><span style=\"font-weight: 400;\">proceso de reclamos de compensaci\u00f3n para trabajadores en Boca Rat\u00f3n<\/span><span style=\"font-weight: 400;\"> :<\/span><\/p>\n<h3><b>Informe el accidente lo antes posible<\/b><\/h3>\n<p><span style=\"font-weight: 400;\">Es fundamental informar el accidente o la lesi\u00f3n lo antes posible, idealmente dentro de los 30 d\u00edas. De lo contrario, su empleador y \/ o su compa\u00f1\u00eda de seguros pueden rechazar su reclamo. Aseg\u00farese de informar la lesi\u00f3n a su empleador, incluso si no caus\u00f3 que falte al trabajo.<\/span><\/p>\n<h3><b>Visite un centro m\u00e9dico autorizado o un practicante<\/b><\/h3>\n<p><span style=\"font-weight: 400;\">Visite a un m\u00e9dico o grupo m\u00e9dico autorizado por su empleador o su compa\u00f1\u00eda de seguros para que le brinde tratamiento m\u00e9dico. Si elige ver a su propio m\u00e9dico, es posible que no reciba compensaci\u00f3n por esos servicios m\u00e9dicos.<\/span><\/p>\n<h3><b>Informar a la Compa\u00f1\u00eda de Seguros<\/b><\/h3>\n<p><span style=\"font-weight: 400;\">Se requiere que su empleador se comunique con su proveedor de seguros dentro de los 7 d\u00edas posteriores a la notificaci\u00f3n de su lesi\u00f3n. Si no es as\u00ed, considere hacerlo usted mismo, con la ayuda de un abogado. Luego, debe recibir documentaci\u00f3n para explicar sus derechos y responsabilidades, junto con m\u00e1s informaci\u00f3n sobre el proceso de reclamos.<\/span><\/p>\n<h3><b>Solicite una copia del informe de su empleador<\/b><\/h3>\n<p><span style=\"font-weight: 400;\">Solicite a su empleador que le proporcione una copia del informe que present\u00f3 a su proveedor de seguros. En caso de que su supervisor no haya realizado un informe escrito, querr\u00e1 hacer un informe sobre el mismo para sus propios archivos.<\/span><\/p>\n<h3><b>Hable con un abogado de indemnizaci\u00f3n laboral<\/b><\/h3>\n<p><span style=\"font-weight: 400;\">Si cree que tiene un reclamo de compensaci\u00f3n para trabajadores, debe ponerse en contacto con un abogado con experiencia en compensaci\u00f3n para trabajadores en Boca Rat\u00f3n, Florida en Work Injury Rights. Brindamos a todos nuestros clientes una consulta inicial gratuita para el proceso de reclamos de compensaci\u00f3n para trabajadores en Boca Rat\u00f3n, y no le cobraremos nada en caso de que no podamos recuperar los beneficios de compensaci\u00f3n a los que tiene derecho.<\/span><\/p>\n<p><span style=\"font-weight: 400;\">Algunos de los posibles beneficios de compensaci\u00f3n para trabajadores a los que puede tener derecho incluyen reemplazo de salario, atenci\u00f3n m\u00e9dica e incapacidad temporal. A lo largo del proceso de reclamos de compensaci\u00f3n para trabajadores en Boca Rat\u00f3n, se requiere precauci\u00f3n para garantizar que la lesi\u00f3n se informe con precisi\u00f3n, que su reclamo se presente correctamente y que se sigan los procedimientos correctos al buscar beneficios, incluso cuando su reclamo sea denegado.<\/span><\/p>\n<h2><a style=\"font-size: 16px;\" href=\"https:\/\/workinjuryrights.com\/wp-content\/uploads\/2021\/08\/lawyer-client-explaining-case-1.jpg\"><img decoding=\"async\" class=\"alignnone size-full wp-image-3371\" src=\"https:\/\/workinjuryrights.com\/wp-content\/uploads\/2021\/08\/lawyer-client-explaining-case-1.jpg\" alt=\"Lawyer and client discussing the workers' compensation claims process in Boca Raton\" width=\"500\" height=\"334\" srcset=\"https:\/\/workinjuryrights.com\/wp-content\/uploads\/2021\/08\/lawyer-client-explaining-case-1.jpg 500w, https:\/\/workinjuryrights.com\/wp-content\/uploads\/2021\/08\/lawyer-client-explaining-case-1-300x200.jpg 300w\" sizes=\"(max-width: 500px) 100vw, 500px\" \/><\/a><\/h2>\n<h2><b>Comun\u00edquese con un abogado de indemnizaci\u00f3n laboral hoy mismo para obtener ayuda con el proceso de reclamos de indemnizaci\u00f3n laboral en Boca Rat\u00f3n<\/b><\/h2>\n<p><span style=\"font-weight: 400;\">Si usted o un ser querido sufri\u00f3 una lesi\u00f3n en su lugar de trabajo, comun\u00edquese con un abogado con experiencia en compensaci\u00f3n para trabajadores de Boca Rat\u00f3n hoy en <\/span><a href=\"\/\"><span style=\"font-weight: 400;\">Work Injury Rights<\/span><\/a><span style=\"font-weight: 400;\"> . Nuestro equipo tiene las habilidades y la experiencia para defender los derechos de cualquier trabajador lesionado que est\u00e1 comenzando el proceso de reclamos de compensaci\u00f3n para trabajadores en Boca Rat\u00f3n.<\/span><\/p>\n<p><span style=\"font-weight: 400;\">Ll\u00e1menos hoy para programar una consulta con un miembro de nuestro equipo legal para discutir las circunstancias que rodean su caso y c\u00f3mo podemos ayudarlo a obtener los beneficios para los que es elegible. Entendemos el complejo proceso de reclamos de compensaci\u00f3n para trabajadores en Boca Rat\u00f3n, y no dudaremos en luchar por la compensaci\u00f3n que necesita y merece. Para hablar con nuestro equipo legal, cont\u00e1ctenos hoy al <a href=\"tel:+19543888616\">954-388-8616<\/a> y programe la evaluaci\u00f3n gratuita de su caso.<\/span><\/p>\n","protected":false},"excerpt":{"rendered":"<p>Cada a\u00f1o, hay miles de empleados en Florida que comienzan el proceso de reclamos de compensaci\u00f3n para trabajadores en Boca Rat\u00f3n por lesiones y condiciones de salud relacionadas con el trabajo. Desafortunadamente, m\u00e1s de la mitad de estos reclamos terminan siendo rechazados por el empleador y \/ o el proveedor de seguros. Si usted o [&hellip;]<\/p>\n","protected":false},"author":29,"featured_media":0,"parent":5682,"menu_order":0,"comment_status":"closed","ping_status":"closed","template":"","meta":{"_acf_changed":false,"anchor_text":"","footnotes":""},"categories":[],"tags":[113,108],"class_list":["post-5687","page","type-page","status-publish","hentry","tag-workers-compensation-es-2","tag-workers-compensation-es"],"acf":[],"_links":{"self":[{"href":"https:\/\/workinjuryrights.com\/es\/wp-json\/wp\/v2\/pages\/5687","targetHints":{"allow":["GET"]}}],"collection":[{"href":"https:\/\/workinjuryrights.com\/es\/wp-json\/wp\/v2\/pages"}],"about":[{"href":"https:\/\/workinjuryrights.com\/es\/wp-json\/wp\/v2\/types\/page"}],"author":[{"embeddable":true,"href":"https:\/\/workinjuryrights.com\/es\/wp-json\/wp\/v2\/users\/29"}],"replies":[{"embeddable":true,"href":"https:\/\/workinjuryrights.com\/es\/wp-json\/wp\/v2\/comments?post=5687"}],"version-history":[{"count":7,"href":"https:\/\/workinjuryrights.com\/es\/wp-json\/wp\/v2\/pages\/5687\/revisions"}],"predecessor-version":[{"id":12676,"href":"https:\/\/workinjuryrights.com\/es\/wp-json\/wp\/v2\/pages\/5687\/revisions\/12676"}],"up":[{"embeddable":true,"href":"https:\/\/workinjuryrights.com\/es\/wp-json\/wp\/v2\/pages\/5682"}],"wp:attachment":[{"href":"https:\/\/workinjuryrights.com\/es\/wp-json\/wp\/v2\/media?parent=5687"}],"wp:term":[{"taxonomy":"category","embeddable":true,"href":"https:\/\/workinjuryrights.com\/es\/wp-json\/wp\/v2\/categories?post=5687"},{"taxonomy":"post_tag","embeddable":true,"href":"https:\/\/workinjuryrights.com\/es\/wp-json\/wp\/v2\/tags?post=5687"}],"curies":[{"name":"wp","href":"https:\/\/api.w.org\/{rel}","templated":true}]}}