{"id":5688,"date":"2021-08-13T18:45:20","date_gmt":"2021-08-13T18:45:20","guid":{"rendered":"https:\/\/workinjuryrights.com\/boca-raton\/workers-compensation-disputes\/"},"modified":"2022-03-14T19:06:24","modified_gmt":"2022-03-14T19:06:24","slug":"disputas","status":"publish","type":"page","link":"https:\/\/workinjuryrights.com\/es\/boca-raton\/abogado-compensacion-laboral\/disputas\/","title":{"rendered":"Disputas de compensaci\u00f3n laboral en Boca Rat\u00f3n"},"content":{"rendered":"<p><span style=\"font-weight: 400;\">Los empleadores de Florida con m\u00e1s de cuatro empleados est\u00e1n obligados legalmente a tener un seguro de <\/span><a href=\"https:\/\/workinjuryrights.com\/es\/boca-raton\/abogado-compensacion-laboral\/\"><span style=\"font-weight: 400;\">compensaci\u00f3n para<\/span><\/a><span style=\"font-weight: 400;\"><a href=\"https:\/\/workinjuryrights.com\/es\/boca-raton\/abogado-compensacion-laboral\/\"> trabajadores<\/a>. Desafortunadamente, las disputas de compensaci\u00f3n para trabajadores en Boca Rat\u00f3n pueden impedir que los trabajadores accedan a los beneficios despu\u00e9s de una lesi\u00f3n. Trabajar con un abogado puede ayudarlo a resolver r\u00e1pidamente estas disputas, permiti\u00e9ndole cobrar la compensaci\u00f3n a la que tiene derecho.<\/span><\/p>\n<p><span style=\"font-weight: 400;\">Los abogados de compensaci\u00f3n para trabajadores de Boca Rat\u00f3n y el equipo legal de Work Injury Rights tienen d\u00e9cadas de experiencia y han recuperado con \u00e9xito millones en nombre de nuestros clientes. Ll\u00e1menos al <a href=\"tel:+19543888616\">954-388-8616<\/a> para programar una evaluaci\u00f3n gratuita de su caso hoy. Lucharemos por usted y por cualquiera de sus disputas de compensaci\u00f3n laboral en Boca Rat\u00f3n.<\/span><\/p>\n<p><span style=\"font-weight: 400;\"> <\/span><\/p>\n<h2><b>\u00bfCu\u00e1les son algunas de las causas de las disputas por indemnizaci\u00f3n laboral?<\/b><\/h2>\n<p><span style=\"font-weight: 400;\">Aunque la compensaci\u00f3n para trabajadores est\u00e1 dise\u00f1ada para ayudar a los empleadores que se lesionan en el trabajo, las compa\u00f1\u00edas de seguros a menudo <\/span><a href=\"http:\/\/www.leg.state.fl.us\/statutes\/index.cfm?App_mode=Display_Statute&amp;Search_String=&amp;URL=0400-0499\/0440\/Sections\/0440.192.html\" target=\"_blank\" rel=\"noopener\"><span style=\"font-weight: 400;\">disputan o rechazan un reclamo<\/span><\/a><span style=\"font-weight: 400;\"> , incluso cuando el reclamo es v\u00e1lido. Las causas comunes de las disputas de compensaci\u00f3n para trabajadores en Boca Rat\u00f3n incluyen:<\/span><\/p>\n<h3><b>Estado de Empleo<\/b><\/h3>\n<p><span style=\"font-weight: 400;\">De acuerdo con la Ley de Compensaci\u00f3n para Trabajadores de Florida, los empleadores no est\u00e1n obligados a brindar cobertura a los trabajadores clasificados como contratistas independientes. Sin embargo, los contratistas independientes pueden recibir beneficios si est\u00e1n mal clasificados y cumplen con la definici\u00f3n legal de empleado. Adem\u00e1s, si un empleado no presenta un reclamo hasta despu\u00e9s de haber sido despedido o despedido, puede causar disputas de compensaci\u00f3n para trabajadores en Boca Rat\u00f3n.<\/span><\/p>\n<h3><b>Alcance externo del empleo<\/b><\/h3>\n<p><span style=\"font-weight: 400;\">Para que una lesi\u00f3n est\u00e9 cubierta por la compensaci\u00f3n de trabajadores, debe ocurrir cuando un empleado est\u00e1 trabajando o realizando tareas bajo la direcci\u00f3n de su empleador. No solo se cubren las lesiones en el trabajo, sino que tambi\u00e9n se cubren otras lesiones relacionadas con el trabajo, como los accidentes que ocurren cuando un trabajador viaja por negocios.<\/span><\/p>\n<p><span style=\"font-weight: 400;\">Las compa\u00f1\u00edas de seguros pueden argumentar que su lesi\u00f3n queda fuera del \u00e1mbito del empleo para evitar el pago de beneficios. Aqu\u00ed es cuando tener un abogado con experiencia en compensaci\u00f3n para trabajadores puede ayudarlo a luchar contra cualquier disputa de compensaci\u00f3n para trabajadores en Boca Rat\u00f3n.<\/span><\/p>\n<h3><b>Falta de causalidad<\/b><\/h3>\n<p><span style=\"font-weight: 400;\">Cuando ocurre un accidente frente a testigos y la parte lesionada es tratada de inmediato, es f\u00e1cil establecer la causa de una lesi\u00f3n. Sin embargo, cuando los empleados no tienen ese tipo de evidencia, las compa\u00f1\u00edas de seguros pueden determinar la causa de la lesi\u00f3n. Es importante informar las lesiones de inmediato y buscar atenci\u00f3n m\u00e9dica de inmediato.<\/span><\/p>\n<p><a href=\"https:\/\/workinjuryrights.com\/wp-content\/uploads\/2021\/08\/injured-knee-employee-1-3.jpg\"><img fetchpriority=\"high\" decoding=\"async\" class=\"alignnone size-full wp-image-3381\" src=\"https:\/\/workinjuryrights.com\/wp-content\/uploads\/2021\/08\/injured-knee-employee-1-3.jpg\" alt=\"Injured employee without any witnesses is more vulnerable to workers' compensation disputes in Boca Raton\" width=\"500\" height=\"281\" srcset=\"https:\/\/workinjuryrights.com\/wp-content\/uploads\/2021\/08\/injured-knee-employee-1-3.jpg 500w, https:\/\/workinjuryrights.com\/wp-content\/uploads\/2021\/08\/injured-knee-employee-1-3-300x169.jpg 300w\" sizes=\"(max-width: 500px) 100vw, 500px\" \/><\/a><\/p>\n<h3><b>Fecha l\u00edmite perdida<\/b><\/h3>\n<p><span style=\"font-weight: 400;\">En Florida, una lesi\u00f3n debe informarse dentro de los 30 d\u00edas. Si bien es probable que su reclamo sea denegado si no cumple con ese plazo, es posible que a\u00fan tenga opciones. Debe programar una consulta con un abogado que pueda evaluar su reclamo y hablar con usted sobre lo que puede hacer a continuaci\u00f3n.<\/span><\/p>\n<h3><b>Informaci\u00f3n inadecuada<\/b><\/h3>\n<p><span style=\"font-weight: 400;\">Cuando informe su lesi\u00f3n a su empleador, querr\u00e1 brindarle la mayor cantidad de informaci\u00f3n posible. Aseg\u00farese de que est\u00e9n al tanto de los testigos y de que tengan copias de sus registros m\u00e9dicos. Su empleador debe darle una copia del primer informe de lesiones o enfermedades. Revise el informe y hable con su empleador si falta informaci\u00f3n importante.<\/span><\/p>\n<h2><b>\u00bfQu\u00e9 hacer si se rechaza su reclamo de indemnizaci\u00f3n laboral en Florida?<\/b><\/h2>\n<p><span style=\"font-weight: 400;\">Si ha recibido un <\/span><a href=\"https:\/\/www.myfloridacfo.com\/division\/wc\/pdf\/DFS-F2-DWC-12.pdf\" target=\"_blank\" rel=\"noopener\"><span style=\"font-weight: 400;\">Aviso de denegaci\u00f3n<\/span><\/a><span style=\"font-weight: 400;\"> de su empleador, tiene derecho a apelar esa decisi\u00f3n. Sin embargo, antes de hacer esto, debe comunicarse con un abogado. Usted y su abogado deben negociar con su empleador y ver si es posible resolver las disputas de compensaci\u00f3n laboral en Boca Rat\u00f3n.<\/span><\/p>\n<p><span style=\"font-weight: 400;\">Si no puede llegar a un acuerdo, debe comunicarse con la Oficina de Jueces de Reclamaciones de Compensaci\u00f3n para presentar una Petici\u00f3n de Beneficios. Su apelaci\u00f3n inicial debe presentarse dentro de los dos a\u00f1os posteriores a su lesi\u00f3n. Una vez que se haya presentado su petici\u00f3n, se le asignar\u00e1 un juez a su caso.<\/span><\/p>\n<h2><b>\u00bfCu\u00e1les son algunos de los tipos de disputas de indemnizaci\u00f3n laboral en Boca Rat\u00f3n?<\/b><\/h2>\n<p><span style=\"font-weight: 400;\">Si bien hay una serie de razones por las que se puede disputar un reclamo de compensaci\u00f3n para trabajadores, la mayor\u00eda de las disputas se dividen en dos categor\u00edas. Las disputas m\u00e9dicas ocurren cuando hay un desacuerdo sobre la atenci\u00f3n m\u00e9dica de un empleado.<\/span><\/p>\n<p><span style=\"font-weight: 400;\">Por ejemplo, un empleador puede querer que un empleado cambie de m\u00e9dico, o puede que no est\u00e9 dispuesto a pagar por cierto tipo de tratamiento. En estos casos, el empleador acepta que la reclamaci\u00f3n es v\u00e1lida. Los beneficios m\u00e9dicos a los que tiene derecho el empleado son la fuente de la disputa.<\/span><\/p>\n<p><span style=\"font-weight: 400;\">Sin embargo, las <\/span><a href=\"https:\/\/www.myfloridacfo.com\/division\/wc\/provider\/reimbursement-disputes.htm\" target=\"_blank\" rel=\"noopener\"><span style=\"font-weight: 400;\">disputas por<\/span><\/a><span style=\"font-weight: 400;\"><a href=\"https:\/\/www.myfloridacfo.com\/division\/wc\/provider\/reimbursement-disputes.htm\" target=\"_blank\" rel=\"noopener\"> reclamos<\/a> ocurren cuando la compa\u00f1\u00eda de seguros del empleado tiene un problema con el reclamo en s\u00ed. Es m\u00e1s probable que este tipo de disputas conduzcan a la denegaci\u00f3n de beneficios. En ambos casos, es importante trabajar con un abogado que pueda representar sus intereses mientras trabaja para resolver las disputas de compensaci\u00f3n laboral en Boca Rat\u00f3n.<\/span><\/p>\n<h2><b>\u00bfQu\u00e9 es el Proceso de Apelaciones y Disputas de Compensaci\u00f3n para Trabajadores en Florida?<\/b><\/h2>\n<p><span style=\"font-weight: 400;\">Una vez que haya presentado una apelaci\u00f3n, se le dar\u00e1 un n\u00famero de caso y se le asignar\u00e1 un juez. Sin embargo, antes de que su caso sea escuchado por un juez, deber\u00e1 pasar por una mediaci\u00f3n. Durante la mediaci\u00f3n, un tercero neutral intentar\u00e1 resolver la disputa entre usted y la compa\u00f1\u00eda de seguros de su empleador. La mediaci\u00f3n se llevar\u00e1 a cabo dentro de los 130 d\u00edas posteriores a la fecha en que se present\u00f3 su petici\u00f3n.<\/span><\/p>\n<p><span style=\"font-weight: 400;\">Si el proceso de mediaci\u00f3n no tiene \u00e9xito, se llevar\u00e1 a cabo una audiencia dentro de los 90 d\u00edas. Durante esta audiencia, tanto usted como la compa\u00f1\u00eda de seguros podr\u00e1n presentar pruebas ante el juez que supervisa su caso. Hay reglas formales de evidencia que se deben presentar, por lo que es esencial que tenga representaci\u00f3n legal calificada cuando se enfrenten disputas de compensaci\u00f3n para trabajadores en Boca Rat\u00f3n.<\/span><\/p>\n<p><span style=\"font-weight: 400;\">El juez tendr\u00e1 la oportunidad de revisar la evidencia despu\u00e9s de la audiencia antes de que se tome una decisi\u00f3n final. Se enviar\u00e1 una decisi\u00f3n por escrito a ambas partes en un plazo de 30 d\u00edas. Si no est\u00e1 de acuerdo con la decisi\u00f3n del juez, tiene 30 d\u00edas para presentar una apelaci\u00f3n ante el Tribunal de Apelaciones del Primer Distrito. Tenga en cuenta que hay una acumulaci\u00f3n de casos de apelaciones y podr\u00eda pasar un a\u00f1o antes de que se escuche su caso.<\/span><\/p>\n<p><a href=\"https:\/\/workinjuryrights.com\/wp-content\/uploads\/2021\/08\/work-comp-disputes.jpg\"><img decoding=\"async\" class=\"alignnone size-full wp-image-3380\" src=\"https:\/\/workinjuryrights.com\/wp-content\/uploads\/2021\/08\/work-comp-disputes.jpg\" alt=\"Workers comp lawyer and client discussing workers' compensation disputes in Boca Raton.\" width=\"500\" height=\"334\" srcset=\"https:\/\/workinjuryrights.com\/wp-content\/uploads\/2021\/08\/work-comp-disputes.jpg 500w, https:\/\/workinjuryrights.com\/wp-content\/uploads\/2021\/08\/work-comp-disputes-300x200.jpg 300w\" sizes=\"(max-width: 500px) 100vw, 500px\" \/><\/a><\/p>\n<h2><b>\u00bfLidiando con Disputas de Compensaci\u00f3n Laboral en Boca Rat\u00f3n? Llame a nuestros abogados experimentados hoy para ayudarlo a obtener la compensaci\u00f3n que se merece<\/b><\/h2>\n<p><span style=\"font-weight: 400;\">Las disputas de compensaci\u00f3n para trabajadores en Boca Rat\u00f3n pueden tardar mucho en resolverse, especialmente si tiene que pasar por el proceso de apelaciones. Afortunadamente, es mucho m\u00e1s f\u00e1cil resolver disputas cuando se tiene un abogado experimentado que lucha por sus intereses. Work Injury Rights lo guiar\u00e1 a trav\u00e9s de este proceso y trabajar\u00e1 para garantizar que se le indemnice por sus lesiones.<\/span><\/p>\n<p><span style=\"font-weight: 400;\">No dude en comunicarse con nosotros, incluso si no est\u00e1 seguro de tener un reclamo v\u00e1lido. Ofrecemos revisiones gratuitas de casos y estaremos encantados de evaluar su reclamo y las disputas de compensaci\u00f3n laboral en Boca Rat\u00f3n. Ll\u00e1menos hoy al <a href=\"tel:+19543888616\">954-388-8616<\/a> para que pueda obtener sus beneficios lo antes posible.<\/span><\/p>\n","protected":false},"excerpt":{"rendered":"<p>Los empleadores de Florida con m\u00e1s de cuatro empleados est\u00e1n obligados legalmente a tener un seguro de compensaci\u00f3n para trabajadores. Desafortunadamente, las disputas de compensaci\u00f3n para trabajadores en Boca Rat\u00f3n pueden impedir que los trabajadores accedan a los beneficios despu\u00e9s de una lesi\u00f3n. Trabajar con un abogado puede ayudarlo a resolver r\u00e1pidamente estas disputas, permiti\u00e9ndole [&hellip;]<\/p>\n","protected":false},"author":29,"featured_media":0,"parent":5682,"menu_order":0,"comment_status":"closed","ping_status":"closed","template":"","meta":{"_acf_changed":false,"anchor_text":"","footnotes":""},"categories":[],"tags":[45,113,108],"class_list":["post-5688","page","type-page","status-publish","hentry","tag-workers-compensation","tag-workers-compensation-es-2","tag-workers-compensation-es"],"acf":[],"_links":{"self":[{"href":"https:\/\/workinjuryrights.com\/es\/wp-json\/wp\/v2\/pages\/5688","targetHints":{"allow":["GET"]}}],"collection":[{"href":"https:\/\/workinjuryrights.com\/es\/wp-json\/wp\/v2\/pages"}],"about":[{"href":"https:\/\/workinjuryrights.com\/es\/wp-json\/wp\/v2\/types\/page"}],"author":[{"embeddable":true,"href":"https:\/\/workinjuryrights.com\/es\/wp-json\/wp\/v2\/users\/29"}],"replies":[{"embeddable":true,"href":"https:\/\/workinjuryrights.com\/es\/wp-json\/wp\/v2\/comments?post=5688"}],"version-history":[{"count":5,"href":"https:\/\/workinjuryrights.com\/es\/wp-json\/wp\/v2\/pages\/5688\/revisions"}],"predecessor-version":[{"id":6456,"href":"https:\/\/workinjuryrights.com\/es\/wp-json\/wp\/v2\/pages\/5688\/revisions\/6456"}],"up":[{"embeddable":true,"href":"https:\/\/workinjuryrights.com\/es\/wp-json\/wp\/v2\/pages\/5682"}],"wp:attachment":[{"href":"https:\/\/workinjuryrights.com\/es\/wp-json\/wp\/v2\/media?parent=5688"}],"wp:term":[{"taxonomy":"category","embeddable":true,"href":"https:\/\/workinjuryrights.com\/es\/wp-json\/wp\/v2\/categories?post=5688"},{"taxonomy":"post_tag","embeddable":true,"href":"https:\/\/workinjuryrights.com\/es\/wp-json\/wp\/v2\/tags?post=5688"}],"curies":[{"name":"wp","href":"https:\/\/api.w.org\/{rel}","templated":true}]}}