{"id":5689,"date":"2021-08-13T18:46:50","date_gmt":"2021-08-13T18:46:50","guid":{"rendered":"https:\/\/workinjuryrights.com\/boca-raton\/workers-compensation-mmi\/"},"modified":"2022-03-14T18:47:59","modified_gmt":"2022-03-14T18:47:59","slug":"mmm-maxima-mejoria-medica","status":"publish","type":"page","link":"https:\/\/workinjuryrights.com\/es\/boca-raton\/abogado-compensacion-laboral\/mmm-maxima-mejoria-medica\/","title":{"rendered":"M\u00e1xima Mejor\u00eda M\u00e9dica de Boca Rat\u00f3n"},"content":{"rendered":"<p><span style=\"font-weight: 400;\">Es importante saber qu\u00e9 hacer cuando se trata de una lesi\u00f3n en el lugar de trabajo.<\/span><\/p>\n<p><span style=\"font-weight: 400;\">El proceso de recuperaci\u00f3n puede ser riguroso y eso es algo que la mayor\u00eda de la gente mencionara con los casos de m\u00e1xima mejor\u00eda m\u00e9dica de Boca Rat\u00f3n. Llegar\u00e1 un punto en el que no podr\u00e1 mejorar y eso puede ser dif\u00edcil de manejar.<\/span><\/p>\n<p><span style=\"font-weight: 400;\">En una situaci\u00f3n como esta, ser\u00e1 importante analizar cu\u00e1les son sus pr\u00f3ximos pasos. Esto puede incluir hablar con un bufete de abogados como el nuestro en Work Injury Rights.<\/span><\/p>\n<p><span style=\"font-weight: 400;\">Estamos comprometidos a ayudar a los clientes legales en la ciudad y siempre haremos el esfuerzo necesario para maximizar sus posibilidades de obtener resultados. Para obtener m\u00e1s informaci\u00f3n sobre lo que podemos hacer en <\/span><a href=\"https:\/\/workinjuryrights.com\/es\/boca-raton\/abogado-compensacion-laboral\/\"><span style=\"font-weight: 400;\">Work Injury Rights<\/span><\/a><span style=\"font-weight: 400;\"> , ll\u00e1menos al <a href=\"tel:+19543888616\">954-388-8616<\/a>. Estaremos m\u00e1s que felices de ayudar.<\/span><\/p>\n<p><span style=\"font-weight: 400;\"> <\/span><\/p>\n<h2>\u00bfQu\u00e9 es la M\u00e1xima Mejor\u00eda M\u00e9dica (MMI)?<\/h2>\n<p><a href=\"https:\/\/en.wikipedia.org\/wiki\/Maximum_medical_improvement\" target=\"_blank\" rel=\"noopener\"><span style=\"font-weight: 400;\">La mejora m\u00e9dica m\u00e1xima<\/span><\/a><span style=\"font-weight: 400;\"> es un diagn\u00f3stico que solo se les da a los pacientes cuando no pueden mejorar su condici\u00f3n actual.<\/span><\/p>\n<p><span style=\"font-weight: 400;\">Esto variar\u00e1 de una situaci\u00f3n a otra, pero la mayor\u00eda de los m\u00e9dicos pasar\u00e1n por una amplia gama de tratamientos antes de llegar a esta conclusi\u00f3n. El objetivo es ayudar al paciente tanto como sea posible sin dejar de ser realista sobre la afecci\u00f3n en cuesti\u00f3n.<\/span><\/p>\n<p><span style=\"font-weight: 400;\">Este es un diagn\u00f3stico com\u00fan que se les da a las personas discapacitadas debido a una lesi\u00f3n en el lugar de trabajo. Para obtener m\u00e1s informaci\u00f3n sobre lo que esto significa en su situaci\u00f3n, ll\u00e1menos al <a href=\"tel:+19543888616\">954-388-8616<\/a>.<\/span><\/p>\n<p><a href=\"https:\/\/workinjuryrights.com\/wp-content\/uploads\/2021\/08\/injured-knee-employee-1-1.jpg\"><img fetchpriority=\"high\" decoding=\"async\" class=\"alignnone size-full wp-image-3295\" src=\"https:\/\/workinjuryrights.com\/wp-content\/uploads\/2021\/08\/injured-knee-employee-1-1.jpg\" alt=\"Image is of a man who injured knee while working on construction site concept of Boca RAton maximum medical improvement\" width=\"500\" height=\"281\" srcset=\"https:\/\/workinjuryrights.com\/wp-content\/uploads\/2021\/08\/injured-knee-employee-1-1.jpg 500w, https:\/\/workinjuryrights.com\/wp-content\/uploads\/2021\/08\/injured-knee-employee-1-1-300x169.jpg 300w\" sizes=\"(max-width: 500px) 100vw, 500px\" \/><\/a><\/p>\n<h2><b>\u00bfQui\u00e9n determina cu\u00e1ndo el empleado ha logrado la m\u00e1xima mejor\u00eda m\u00e9dica en Boca Rat\u00f3n?<\/b><\/h2>\n<p><span style=\"font-weight: 400;\">Cuando se trata de casos de m\u00e1xima mejor\u00eda m\u00e9dica en <\/span><a href=\"https:\/\/workinjuryrights.com\/es\/boca-raton\/\"><span style=\"font-weight: 400;\">Boca Rat\u00f3n<\/span><\/a><span style=\"font-weight: 400;\"> , querr\u00e1 comenzar por enfocarse en el origen del diagn\u00f3stico.<\/span><\/p>\n<p><span style=\"font-weight: 400;\">Esto es fundamental para asegurarse de que los siguientes procedimientos legales se lleven a cabo seg\u00fan lo planeado. En general, la persona que se va a encargar de este tipo de diagn\u00f3stico va a ser un profesional m\u00e9dico cercano al caso.<\/span><\/p>\n<p><span style=\"font-weight: 400;\">Este ser\u00e1 un m\u00e9dico que ha estado trabajando con usted en el tratamiento durante los \u00faltimos meses.<\/span><\/p>\n<p><span style=\"font-weight: 400;\">Esto vendr\u00e1 junto con un formulario que indicar\u00e1 que ha recibido este diagn\u00f3stico y por qu\u00e9 ese es el caso. Es importante tener esta informaci\u00f3n con usted en todo momento, ya que ser\u00e1 \u00fatil cuando sea el momento de presentar un reclamo de compensaci\u00f3n para trabajadores en Boca Rat\u00f3n.<\/span><\/p>\n<p><span style=\"font-weight: 400;\">Para aquellos que necesitan ayuda con su m\u00e1xima mejor\u00eda m\u00e9dica en Boca Rat\u00f3n, ll\u00e1menos al <a href=\"tel:+19543888616\">954-388-8616<\/a>.<\/span><\/p>\n<h2><b>\u00bfContin\u00faa el tratamiento m\u00e9dico despu\u00e9s de un diagn\u00f3stico de m\u00e1xima mejor\u00eda m\u00e9dica en Boca Rat\u00f3n?<\/b><\/h2>\n<p><span style=\"font-weight: 400;\">Supongamos que le han dado el diagn\u00f3stico de MMM y ahora quiere averiguar cu\u00e1les son sus opciones en el futuro. Podr\u00e1 continuar con el tratamiento, ya que tambi\u00e9n puede ser una forma de regular los s\u00edntomas asociados con una lesi\u00f3n en el lugar de trabajo. Querr\u00e1 continuar con este tratamiento, ya que mejorar\u00e1 su calidad de vida incluso si no cura el problema.<\/span><\/p>\n<p><span style=\"font-weight: 400;\">Aqu\u00ed es donde entra en acci\u00f3n Work Injury Rights porque tambi\u00e9n podemos guiarlo por el camino correcto. Explicaremos cu\u00e1les son sus opciones legales y cu\u00e1ndo comenzar su tratamiento nuevamente despu\u00e9s de un diagn\u00f3stico de m\u00e1xima mejor\u00eda m\u00e9dica de Boca Rat\u00f3n.<\/span><\/p>\n<h2><b>\u00bfQu\u00e9 sucede si no puede regresar a trabajar y desempe\u00f1arse al mismo nivel despu\u00e9s de su diagn\u00f3stico del MMM?<\/b><\/h2>\n<p><span style=\"font-weight: 400;\">Son los resultados los que comenzar\u00e1n a afectar c\u00f3mo se siente con respecto al diagn\u00f3stico de MMI y todo lo que conlleva. Muchos clientes intentar\u00e1n volver a trabajar con la esperanza de poder conservar el mismo rendimiento que sol\u00edan tener en el pasado. Esto no ser\u00e1 posible en algunos casos y es entonces cuando debe comenzar a buscar los beneficios de compensaci\u00f3n para trabajadores bajo los que est\u00e1 cubierto.<\/span><\/p>\n<p><span style=\"font-weight: 400;\">En nuestro bufete de abogados, comenzaremos a analizar las opciones que est\u00e1n disponibles para usted. No hay raz\u00f3n para preocuparse, ya que estaremos m\u00e1s que felices de discutir estos detalles con usted tan pronto como acuda a una consulta.<\/span><\/p>\n<p><span style=\"font-weight: 400;\">En Work Injury Rights, hemos visto este tipo de casos antes y nos aseguraremos de que presente su reclamo de compensaci\u00f3n para trabajadores de manera r\u00e1pida y eficiente. Ll\u00e1menos para obtener ayuda cuando alcance la m\u00e1xima mejor\u00eda m\u00e9dica de Boca Rat\u00f3n.<\/span><\/p>\n<h2><b>Ll\u00e1menos hoy para comprender su m\u00e1xima mejora m\u00e9dica en Boca Rat\u00f3n<\/b><\/h2>\n<p><span style=\"font-weight: 400;\">Esta es una de esas situaciones en las que necesitar\u00e1 asesoramiento legal adecuado y deber\u00e1 acudir lo antes posible. No desea retrasar esto, ya que s\u00f3lo lo alejar\u00e1 m\u00e1s de los beneficios de compensaci\u00f3n para trabajadores que se merece. Sabemos que esta es una situaci\u00f3n en la que las cosas se van a complicar y es por eso que nuestros expertos legales siempre est\u00e1n listos para ayudar.<\/span><\/p>\n<p><span style=\"font-weight: 400;\">Vamos a analizar todo con usted, incluida la forma en que se desarrollar\u00e1 el proceso legal. Al tener esta informaci\u00f3n, se sentir\u00e1 seguro del trabajo que estamos haciendo y de c\u00f3mo se unir\u00e1 una vez que comience el proceso.<\/span><\/p>\n<p><span style=\"font-weight: 400;\">Si desea saber m\u00e1s sobre lo que podemos hacer por usted cuando alcance la m\u00e1xima mejor\u00eda m\u00e9dica en Boca Rat\u00f3n en Work Injury Rights, no dude en llamarnos.<\/span><\/p>\n<p><a href=\"https:\/\/workinjuryrights.com\/wp-content\/uploads\/2021\/08\/injured-employee-benefits-1.jpg\"><img decoding=\"async\" class=\"alignnone size-full wp-image-3296\" src=\"https:\/\/workinjuryrights.com\/wp-content\/uploads\/2021\/08\/injured-employee-benefits-1.jpg\" alt=\"Image is of an injured employee filling out paperwork after having reached Boca Raton maximum medical improvement \" width=\"500\" height=\"333\" srcset=\"https:\/\/workinjuryrights.com\/wp-content\/uploads\/2021\/08\/injured-employee-benefits-1.jpg 500w, https:\/\/workinjuryrights.com\/wp-content\/uploads\/2021\/08\/injured-employee-benefits-1-300x200.jpg 300w\" sizes=\"(max-width: 500px) 100vw, 500px\" \/><\/a><\/p>\n<h2><b>Hable con uno de Nuestros Abogados de Compensaci\u00f3n para Trabajadores de Confianza Sobre la M\u00e1xima Mejor\u00eda M\u00e9dica de Boca Rat\u00f3n<\/b><\/h2>\n<p><span style=\"font-weight: 400;\">No es f\u00e1cil estar en una situaci\u00f3n en la que todo parece ir en tu contra. Esta es una preocupaci\u00f3n que enfrentan muchos clientes y ah\u00ed es donde entramos nosotros. En Work Injury Rights, estamos dedicados a comprender lo que nuestros clientes necesitan adem\u00e1s de enfocarnos en entregar una estrategia tangible que produzca buenos resultados.<\/span><\/p>\n<p><span style=\"font-weight: 400;\">Sabemos que este va a ser un momento en el que las cosas no van a funcionar como usted desea. Con nuestro asesoramiento legal, tendr\u00e1 la oportunidad de comprender mejor lo que debe suceder y al mismo tiempo cumplir con las leyes del pa\u00eds.<\/span><\/p>\n<p><span style=\"font-weight: 400;\">Para obtener m\u00e1s informaci\u00f3n sobre lo que nuestro bufete de abogados en <\/span><a href=\"\/\"><span style=\"font-weight: 400;\">Work Injury Rights<\/span><\/a><span style=\"font-weight: 400;\"> puede hacer por usted, es mejor que nos llame al <a href=\"tel:+19543888616\">954-388-8616<\/a>. Esto nos permitir\u00e1 comenzar a trabajar en una estrategia legal que est\u00e9 en sinton\u00eda con sus necesidades luego de alcanzar la m\u00e1xima mejor\u00eda m\u00e9dica de Boca Rat\u00f3n.<\/span><\/p>\n","protected":false},"excerpt":{"rendered":"<p>Es importante saber qu\u00e9 hacer cuando se trata de una lesi\u00f3n en el lugar de trabajo. El proceso de recuperaci\u00f3n puede ser riguroso y eso es algo que la mayor\u00eda de la gente mencionara con los casos de m\u00e1xima mejor\u00eda m\u00e9dica de Boca Rat\u00f3n. Llegar\u00e1 un punto en el que no podr\u00e1 mejorar y eso [&hellip;]<\/p>\n","protected":false},"author":29,"featured_media":0,"parent":5682,"menu_order":0,"comment_status":"closed","ping_status":"closed","template":"","meta":{"_acf_changed":false,"anchor_text":"","footnotes":""},"categories":[],"tags":[113,108],"class_list":["post-5689","page","type-page","status-publish","hentry","tag-workers-compensation-es-2","tag-workers-compensation-es"],"acf":[],"_links":{"self":[{"href":"https:\/\/workinjuryrights.com\/es\/wp-json\/wp\/v2\/pages\/5689","targetHints":{"allow":["GET"]}}],"collection":[{"href":"https:\/\/workinjuryrights.com\/es\/wp-json\/wp\/v2\/pages"}],"about":[{"href":"https:\/\/workinjuryrights.com\/es\/wp-json\/wp\/v2\/types\/page"}],"author":[{"embeddable":true,"href":"https:\/\/workinjuryrights.com\/es\/wp-json\/wp\/v2\/users\/29"}],"replies":[{"embeddable":true,"href":"https:\/\/workinjuryrights.com\/es\/wp-json\/wp\/v2\/comments?post=5689"}],"version-history":[{"count":9,"href":"https:\/\/workinjuryrights.com\/es\/wp-json\/wp\/v2\/pages\/5689\/revisions"}],"predecessor-version":[{"id":8178,"href":"https:\/\/workinjuryrights.com\/es\/wp-json\/wp\/v2\/pages\/5689\/revisions\/8178"}],"up":[{"embeddable":true,"href":"https:\/\/workinjuryrights.com\/es\/wp-json\/wp\/v2\/pages\/5682"}],"wp:attachment":[{"href":"https:\/\/workinjuryrights.com\/es\/wp-json\/wp\/v2\/media?parent=5689"}],"wp:term":[{"taxonomy":"category","embeddable":true,"href":"https:\/\/workinjuryrights.com\/es\/wp-json\/wp\/v2\/categories?post=5689"},{"taxonomy":"post_tag","embeddable":true,"href":"https:\/\/workinjuryrights.com\/es\/wp-json\/wp\/v2\/tags?post=5689"}],"curies":[{"name":"wp","href":"https:\/\/api.w.org\/{rel}","templated":true}]}}