{"id":5691,"date":"2021-08-13T19:35:46","date_gmt":"2021-08-13T19:35:46","guid":{"rendered":"https:\/\/workinjuryrights.com\/coral-gables\/compensable-work-injuries\/"},"modified":"2021-10-05T15:25:40","modified_gmt":"2021-10-05T15:25:40","slug":"lesiones-laborales-indemnizables","status":"publish","type":"page","link":"https:\/\/workinjuryrights.com\/es\/coral-gables\/abogado-compensacion-laboral\/lesiones-laborales-indemnizables\/","title":{"rendered":"Lesiones Laborales Indemnizables en Coral Gables"},"content":{"rendered":"<p><span style=\"font-weight: 400;\">La compensaci\u00f3n para trabajadores es un programa de seguro que fue dise\u00f1ado para ofrecer una manera simple y sin complicaciones de compensar a los trabajadores que se lesionan mientras est\u00e1n en el trabajo. Si bien los beneficios de compensaci\u00f3n para trabajadores ayudan a los empleados lesionados a recuperarse, la mayor\u00eda de los casos implicar\u00e1n que se les nieguen dichos beneficios o que los empleados reciban menos de lo que merecen.<\/span><\/p>\n<p><span style=\"font-weight: 400;\">Una raz\u00f3n com\u00fan por la que se niegan las reclamaciones de compensaci\u00f3n para trabajadores es el tipo de lesi\u00f3n informada. Seg\u00fan las leyes de compensaci\u00f3n para trabajadores, su lesi\u00f3n debe ser compensable para que pueda recibir los beneficios de compensaci\u00f3n para trabajadores. De ello se desprende que los empleados que sufren lesiones laborales no indemnizables en Coral Gables pueden no recibir beneficios de compensaci\u00f3n para trabajadores.<\/span><\/p>\n<p><span style=\"font-weight: 400;\">Antes de que pueda comenzar su proceso de reclamo, es importante establecer si su lesi\u00f3n se incluye en lesiones laborales compensables en Coral Gables, Florida. Si se lesion\u00f3 en el trabajo y no est\u00e1 seguro de si es elegible para los beneficios de compensaci\u00f3n para trabajadores, comun\u00edquese con nosotros en Work Injury Rights para hablar con uno de nuestros <\/span><a href=\"https:\/\/workinjuryrights.com\/es\/coral-gables\/abogado-compensacion-laboral\/\"><span style=\"font-weight: 400;\">abogados de compensaci\u00f3n para trabajadores de Coral Gables<\/span><\/a><span style=\"font-weight: 400;\"> sobre su lesi\u00f3n en el lugar de trabajo. Ll\u00e1manos hoy al <a href=\"tel:+19543888616\">954-388-8616<\/a>.<\/span><\/p>\n<p><span style=\"font-weight: 400;\"> <\/span><\/p>\n<h2><b>\u00bfQu\u00e9 son las lesiones laborales indemnizables en Coral Gables?<\/b><\/h2>\n<p><span style=\"font-weight: 400;\">Seg\u00fan <\/span><a href=\"https:\/\/www.myfloridacfo.com\/Division\/WC\/\" target=\"_blank\" rel=\"noopener\"><span style=\"font-weight: 400;\">la compensaci\u00f3n para trabajadores<\/span><\/a><span style=\"font-weight: 400;\"> , las lesiones indemnizables son aquellas que ocurren fuera del empleo y en el transcurso del mismo. Para que su lesi\u00f3n se considere indemnizable, debe haber ocurrido mientras hac\u00eda lo que su trabajo espera que haga.<\/span><\/p>\n<p><span style=\"font-weight: 400;\">Si una lesi\u00f3n surge fuera del alcance de su empleo, entonces podr\u00eda considerarse no indemnizable y es posible que no reciba beneficios de compensaci\u00f3n para trabajadores. Algunos tipos de lesiones laborales compensables en Coral Gables, FL, y sus causas se han discutido a continuaci\u00f3n:<\/span><\/p>\n<h3><b>Lesiones de espalda, cuello y columna<\/b><\/h3>\n<p><span style=\"font-weight: 400;\">Estas lesiones en el lugar de trabajo son algunas de las m\u00e1s graves, ya que pueden causar discapacidad o par\u00e1lisis parcial o total. De forma aislada, una lesi\u00f3n en la espalda puede limitar su movilidad y provocar dolor cr\u00f3nico. El tratamiento de estas lesiones laborales indemnizables en Coral Gables incluye cirug\u00eda, medicaci\u00f3n a largo plazo y rehabilitaci\u00f3n, lo que significa que los trabajadores pueden pasar mucho tiempo sin trabajar.<\/span><\/p>\n<p><span style=\"font-weight: 400;\">Dado el alto costo del tratamiento para estas lesiones, es com\u00fan experimentar rechazo por parte de las compa\u00f1\u00edas de seguros que a menudo afirman que las lesiones fueron causadas por condiciones preexistentes u otras causas no relacionadas con el trabajo.<\/span><\/p>\n<h3><b>Lesiones en la cabeza y el cerebro<\/b><\/h3>\n<p><span style=\"font-weight: 400;\">Un golpe grave en la cabeza en el lugar de trabajo podr\u00eda provocar f\u00e1cilmente lesiones en la cabeza y el cerebro. En la mayor\u00eda de los casos, estas lesiones no se notar\u00e1n ya que los s\u00edntomas no siempre son obvios. Estas lesiones pueden ocurrir en sitios de construcci\u00f3n cuando un trabajador es golpeado por un objeto en la cabeza o cae desde una altura.<\/span><\/p>\n<h3><b>Lesiones de hombro y rodilla<\/b><\/h3>\n<p><span style=\"font-weight: 400;\">Estas lesiones suelen ser debilitantes y limitantes independientemente de su empleo. Adem\u00e1s de restringir a los empleados a las actividades que pueden realizar mientras est\u00e1n lesionados, requieren largos per\u00edodos de recuperaci\u00f3n. Las lesiones de rodilla impiden que los empleados caminen con normalidad e incluso conduzcan, mientras que las lesiones de hombro limitan la capacidad de un empleado para levantar objetos.<\/span><\/p>\n<p><span style=\"font-weight: 400;\">Estas lesiones generalmente son causadas por desgarros de tendones y m\u00fasculos, y su tratamiento incluye medicamentos, cirug\u00eda, fisioterapia y rehabilitaci\u00f3n. Los accidentes que causan estas lesiones incluyen accidentes por resbalones, tropiezos y ca\u00eddas, levantamiento de objetos pesados \u200b\u200bo movimientos repetitivos que provocan un trauma acumulativo.<\/span><\/p>\n<h3><b>Lesiones por movimientos repetitivos<\/b><\/h3>\n<p><span style=\"font-weight: 400;\">Estas lesiones son algunas de las m\u00e1s dif\u00edciles de probar en las reclamaciones de compensaci\u00f3n para trabajadores. Sin embargo, siguen apareciendo como un tipo importante de lesi\u00f3n en el lugar de trabajo. Las lesiones por movimientos repetitivos son comunes entre los trabajadores que realizan el mismo trabajo todos los d\u00edas y durante muchas horas del d\u00eda.<\/span><\/p>\n<p><span style=\"font-weight: 400;\">Por ejemplo, los empleados que sufren del s\u00edndrome del t\u00fanel carpiano o un trastorno de la espalda lumbar pueden estar en l\u00ednea para recibir los beneficios de compensaci\u00f3n para trabajadores si pueden demostrar que estas lesiones son el resultado de su empleo.<\/span><\/p>\n<h3><b>Exposici\u00f3n t\u00f3xica<\/b><\/h3>\n<p><span style=\"font-weight: 400;\">Los empleados que trabajan en industrias que involucran exposici\u00f3n a solventes industriales y qu\u00edmicos deben usar el tipo de equipo de protecci\u00f3n adecuado seg\u00fan las regulaciones de OSHA, que incluyen gafas, guantes, ropa de protecci\u00f3n qu\u00edmica y respiradores. Sin embargo, la falta de ese equipo y la ventilaci\u00f3n adecuada podr\u00edan dejar a los trabajadores expuestos a toxinas. A su vez, dicha exposici\u00f3n podr\u00eda provocar lesiones como quemaduras, irritaci\u00f3n de los ojos, piel, garganta o pulmones, c\u00e1ncer, enfermedades respiratorias, da\u00f1o hep\u00e1tico y da\u00f1o cerebral.<\/span><\/p>\n<p><a href=\"https:\/\/workinjuryrights.com\/wp-content\/uploads\/2021\/08\/compensable-work-injuries-in-Coral-Gables.jpg\"><img fetchpriority=\"high\" decoding=\"async\" class=\"alignnone size-full wp-image-3362\" src=\"https:\/\/workinjuryrights.com\/wp-content\/uploads\/2021\/08\/compensable-work-injuries-in-Coral-Gables.jpg\" alt=\"Concept of compensable work injuries in Coral Gables, Florida\" width=\"500\" height=\"375\" srcset=\"https:\/\/workinjuryrights.com\/wp-content\/uploads\/2021\/08\/compensable-work-injuries-in-Coral-Gables.jpg 500w, https:\/\/workinjuryrights.com\/wp-content\/uploads\/2021\/08\/compensable-work-injuries-in-Coral-Gables-300x225.jpg 300w\" sizes=\"(max-width: 500px) 100vw, 500px\" \/><\/a><\/p>\n<h3><b>Hipertensi\u00f3n de primera respuesta<\/b><\/h3>\n<p><span style=\"font-weight: 400;\">Si bien muchos trabajos son estresantes, los socorristas se enfrentan constantemente a factores de estr\u00e9s ocupacional que los ponen en riesgo de sufrir hipertensi\u00f3n. Estos empleados se ven obligados a trabajar durante turnos largos e irregulares y durante horas y condiciones impredecibles.<\/span><\/p>\n<p><span style=\"font-weight: 400;\">Estos trabajos a menudo los ponen en situaciones de crisis, aumentan sus niveles de adrenalina, lo que conduce a niveles poco saludables de estr\u00e9s y fatiga. Con el estr\u00e9s cr\u00f3nico vienen los trastornos del sue\u00f1o, los trastornos alimentarios, la ansiedad y la depresi\u00f3n, todos los cuales culminan en la hipertensi\u00f3n y pueden considerarse lesiones laborales compensables en Coral Gables.<\/span><\/p>\n<h3><b>P\u00e9rdida de la audici\u00f3n<\/b><\/h3>\n<p><span style=\"font-weight: 400;\">La exposici\u00f3n prolongada a niveles peligrosos de ruido ocupacional, lesiones en la cabeza y traumatismos ac\u00fasticos son algunas de las causas de la p\u00e9rdida auditiva. Si puede demostrar que ha sufrido lesiones laborales indemnizables en Coral Gables, como p\u00e9rdida de audici\u00f3n, puede recibir beneficios de compensaci\u00f3n para trabajadores.<\/span><\/p>\n<h2><b>\u00bfQu\u00e9 tipos de compensaci\u00f3n puede reclamar?<\/b><\/h2>\n<p><span style=\"font-weight: 400;\">Si ha sufrido una lesi\u00f3n o enfermedad relacionada con el trabajo y ha incurrido en costos o ha sufrido p\u00e9rdidas debido a las lesiones laborales indemnizables en Coral Gables, puede presentar una reclamaci\u00f3n para buscar una compensaci\u00f3n por sus p\u00e9rdidas. Algunos tipos de compensaci\u00f3n que puede reclamar incluyen:<\/span><\/p>\n<h3><b>Compensaci\u00f3n por discapacidad permanente<\/b><\/h3>\n<p><span style=\"font-weight: 400;\">Sufrir una lesi\u00f3n grave como una lesi\u00f3n en la espalda o la columna vertebral podr\u00eda provocar una discapacidad permanente, lo que significa que es posible que nunca pueda realizar ning\u00fan tipo de trabajo remunerado. En tales casos de estas lesiones laborales compensatorias en Coral Gables, puede presentar un reclamo para buscar beneficios por discapacidad permanente.<\/span><\/p>\n<h3><b>Salarios perdidos<\/b><\/h3>\n<p><span style=\"font-weight: 400;\">Si sufre una lesi\u00f3n relacionada con el trabajo que lo obliga a ausentarse del trabajo, puede presentar un reclamo para buscar una compensaci\u00f3n por la p\u00e9rdida de salario. Normalmente, la cantidad de beneficios por ingresos depender\u00e1 de la cantidad de d\u00edas que un empleado pase sin trabajo.<\/span><\/p>\n<h3><b>Gastos m\u00e9dicos<\/b><\/h3>\n<p><span style=\"font-weight: 400;\">Si un empleado incurri\u00f3 en gastos m\u00e9dicos, incluidos medicamentos recetados, cirug\u00eda, equipo m\u00e9dico y gastos de viaje, es elegible para recibir beneficios m\u00e9dicos de acuerdo con la compensaci\u00f3n para trabajadores.<\/span><\/p>\n<h3><b>Costos de rehabilitaci\u00f3n vocacional<\/b><\/h3>\n<p><span style=\"font-weight: 400;\">Los trabajadores que sufren lesiones laborales compensables a largo plazo en Coral Gables a menudo necesitan <\/span><a href=\"http:\/\/www.rehabworks.org\" target=\"_blank\" rel=\"noopener\"><span style=\"font-weight: 400;\">rehabilitaci\u00f3n vocacional<\/span><\/a><span style=\"font-weight: 400;\"> y reentrenamiento para prepararlos para regresar al empleo. Seg\u00fan la compensaci\u00f3n de trabajadores, los trabajadores que incurren en estos costos son elegibles para recibir beneficios para cubrir estos costos.<\/span><\/p>\n<h2><b>\u00bfCu\u00e1nto tiempo tiene para solicitar una indemnizaci\u00f3n en Coral Gables, Florida?<\/b><\/h2>\n<p><span style=\"font-weight: 400;\">Las leyes de compensaci\u00f3n para trabajadores de Florida, Secci\u00f3n 440.19, establecen que tiene 2 a\u00f1os a partir de la fecha en que se hizo evidente que sufri\u00f3 una lesi\u00f3n relacionada con el trabajo para presentar una reclamaci\u00f3n de compensaci\u00f3n para trabajadores. Si no se presenta a tiempo, su reclamo puede ser denegado y puede perder sus beneficios de compensaci\u00f3n para trabajadores. Independientemente de si ha sufrido lo que se consideran lesiones laborales indemnizables en Coral Gables.<\/span><\/p>\n<p><span style=\"font-weight: 400;\">Florida tiene un estatuto de limitaciones secundario, donde un trabajador lesionado tiene 1 a\u00f1o a partir de la fecha final de pago de los beneficios m\u00e9dicos para presentar un reclamo, si esos beneficios terminan sin cumplir con las obligaciones del empleador o sin todos los tratamientos m\u00e9dicos necesarios.<\/span><\/p>\n<h2><b>Llame hoy para obtener m\u00e1s informaci\u00f3n sobre las lesiones laborales indemnizables en Coral Gables<\/b><\/h2>\n<p><span style=\"font-weight: 400;\">Seg\u00fan la compensaci\u00f3n para trabajadores, los trabajadores solo pueden recibir beneficios si han sufrido lesiones laborales compensables en Coral Gables. Al trabajar con un abogado con experiencia en compensaci\u00f3n para trabajadores de Coral Gables, puede probar f\u00e1cilmente que su lesi\u00f3n est\u00e1 relacionada con el trabajo y que merece beneficios por los salarios perdidos y los gastos incurridos.<\/span><\/p>\n<p><span style=\"font-weight: 400;\">Si no est\u00e1 seguro de si su lesi\u00f3n se considera lesi\u00f3n laboral indemnizable en Coral Gables, ll\u00e1menos hoy al <a href=\"tel:+19543888616\">954-388-8616<\/a> para programar una consulta legal gratuita con uno de nuestros <\/span><a href=\"\/\"><span style=\"font-weight: 400;\">abogados de compensaci\u00f3n para trabajadores<\/span><\/a><span style=\"font-weight: 400;\"> en Work Injury Rights.<\/span><\/p>\n","protected":false},"excerpt":{"rendered":"<p>La compensaci\u00f3n para trabajadores es un programa de seguro que fue dise\u00f1ado para ofrecer una manera simple y sin complicaciones de compensar a los trabajadores que se lesionan mientras est\u00e1n en el trabajo. Si bien los beneficios de compensaci\u00f3n para trabajadores ayudan a los empleados lesionados a recuperarse, la mayor\u00eda de los casos implicar\u00e1n que [&hellip;]<\/p>\n","protected":false},"author":29,"featured_media":0,"parent":5693,"menu_order":0,"comment_status":"closed","ping_status":"closed","template":"","meta":{"_acf_changed":false,"anchor_text":"","footnotes":""},"categories":[],"tags":[113,108],"class_list":["post-5691","page","type-page","status-publish","hentry","tag-workers-compensation-es-2","tag-workers-compensation-es"],"acf":[],"_links":{"self":[{"href":"https:\/\/workinjuryrights.com\/es\/wp-json\/wp\/v2\/pages\/5691","targetHints":{"allow":["GET"]}}],"collection":[{"href":"https:\/\/workinjuryrights.com\/es\/wp-json\/wp\/v2\/pages"}],"about":[{"href":"https:\/\/workinjuryrights.com\/es\/wp-json\/wp\/v2\/types\/page"}],"author":[{"embeddable":true,"href":"https:\/\/workinjuryrights.com\/es\/wp-json\/wp\/v2\/users\/29"}],"replies":[{"embeddable":true,"href":"https:\/\/workinjuryrights.com\/es\/wp-json\/wp\/v2\/comments?post=5691"}],"version-history":[{"count":5,"href":"https:\/\/workinjuryrights.com\/es\/wp-json\/wp\/v2\/pages\/5691\/revisions"}],"predecessor-version":[{"id":6465,"href":"https:\/\/workinjuryrights.com\/es\/wp-json\/wp\/v2\/pages\/5691\/revisions\/6465"}],"up":[{"embeddable":true,"href":"https:\/\/workinjuryrights.com\/es\/wp-json\/wp\/v2\/pages\/5693"}],"wp:attachment":[{"href":"https:\/\/workinjuryrights.com\/es\/wp-json\/wp\/v2\/media?parent=5691"}],"wp:term":[{"taxonomy":"category","embeddable":true,"href":"https:\/\/workinjuryrights.com\/es\/wp-json\/wp\/v2\/categories?post=5691"},{"taxonomy":"post_tag","embeddable":true,"href":"https:\/\/workinjuryrights.com\/es\/wp-json\/wp\/v2\/tags?post=5691"}],"curies":[{"name":"wp","href":"https:\/\/api.w.org\/{rel}","templated":true}]}}