{"id":5692,"date":"2021-08-13T19:49:40","date_gmt":"2021-08-13T19:49:40","guid":{"rendered":"https:\/\/workinjuryrights.com\/coral-gables\/workers-compensation-mmi\/"},"modified":"2022-03-14T19:11:11","modified_gmt":"2022-03-14T19:11:11","slug":"mmm-maxima-mejoria-medica","status":"publish","type":"page","link":"https:\/\/workinjuryrights.com\/es\/coral-gables\/abogado-compensacion-laboral\/mmm-maxima-mejoria-medica\/","title":{"rendered":"M\u00e1xima Mejora M\u00e9dica de Coral Gables"},"content":{"rendered":"<p><span style=\"font-weight: 400;\">\u00bfEst\u00e1 lesionado en el trabajo y busca informaci\u00f3n sobre la mejor\u00eda m\u00e9dica m\u00e1xima de Coral Gables? Si es as\u00ed, usted ha venido al lugar correcto. Cuando se lesiona en el trabajo en Coral Gables, Florida, tiene derecho a reclamar la compensaci\u00f3n m\u00e1xima por sus lesiones.<\/span><\/p>\n<p><span style=\"font-weight: 400;\">Sin embargo, las leyes de compensaci\u00f3n para trabajadores de Florida son bastante complejas y requieren la intervenci\u00f3n profesional para reclamar la compensaci\u00f3n que le corresponde. De hecho, debe contratar al mejor <\/span><a href=\"https:\/\/workinjuryrights.com\/es\/coral-gables\/abogado-compensacion-laboral\/\"><span style=\"font-weight: 400;\">abogado de compensaci\u00f3n de trabajadores en Coral Gables, FL<\/span><\/a><span style=\"font-weight: 400;\"> para manejar su reclamo y obtener los m\u00e1ximos beneficios por sus lesiones.<\/span><\/p>\n<p><span style=\"font-weight: 400;\">Coral Gables tiene su propia participaci\u00f3n en bufetes de abogados de lesiones personales. Pero todos estos servicios no se crean de la misma manera. Debe investigar adecuadamente y elegir el mejor bufete de abogados para manejar su reclamo. Work Injury Rights es su socio de confianza en Coral Gables FL para manejar su reclamo de compensaci\u00f3n para trabajadores y obtener los m\u00e1ximos beneficios en el proceso.<\/span><\/p>\n<p><span style=\"font-weight: 400;\">El equipo de abogados de indemnizaci\u00f3n laboral de Work Injury Rights tiene mucha experiencia en la representaci\u00f3n de cientos de reclamaciones de indemnizaci\u00f3n laboral, en el manejo de la m\u00e1xima mejora m\u00e9dica de Coral Gables y en la obtenci\u00f3n de millones de d\u00f3lares en nombre de nuestros clientes. Nuestro equipo siempre lo tratar\u00e1 como una persona y no solo como un n\u00famero.<\/span><\/p>\n<p><span style=\"font-weight: 400;\">Garantizamos proteger sus derechos legales y representar su reclamo lo mejor que podamos. Su reclamo siempre est\u00e1 seguro en manos del equipo de abogados de Work Injury Rights. Llame a Work Injury Rights al <a href=\"tel:+19543888616\">954-388-8616<\/a> para manejar su reclamo de compensaci\u00f3n para trabajadores en Coral Gables, FL, y obtener los m\u00e1ximos beneficios en el proceso.<\/span><\/p>\n<p><span style=\"font-weight: 400;\"><\/span><\/p>\n<h2><b>\u00bfQu\u00e9 es MMM o M\u00e1xima Mejora M\u00e9dica?<\/b><\/h2>\n<p><a href=\"https:\/\/en.wikipedia.org\/wiki\/Maximum_medical_improvement\" target=\"_blank\" rel=\"noopener\"><span style=\"font-weight: 400;\">La mejora m\u00e9dica m\u00e1xima o MMM<\/span><\/a><span style=\"font-weight: 400;\"> es el punto en el que su m\u00e9dico de compensaci\u00f3n de trabajadores autorizado ya no espera ninguna mejora adicional o recuperaci\u00f3n de los s\u00edntomas de su accidente relacionado con el trabajo. El Estatuto de Florida 440.02 (10) define la Mejora M\u00e9dica M\u00e1xima o MMM como la fecha despu\u00e9s de la cual ya no se puede anticipar razonablemente una mayor recuperaci\u00f3n de una enfermedad o lesi\u00f3n.<\/span><\/p>\n<p><span style=\"font-weight: 400;\">MMM es siempre una cuesti\u00f3n m\u00e9dica que solo puede abordar un m\u00e9dico autorizado. El proveedor de seguros decidir\u00e1 resolver el reclamo cuando el trabajador lesionado llegue a MMM. El trabajador lesionado dejar\u00e1 de recibir los beneficios por discapacidad temporal que estaba recibiendo hasta ese momento una vez que llegue a MMM.<\/span><\/p>\n<p><span style=\"font-weight: 400;\">Incluso despu\u00e9s de alcanzar la m\u00e1xima mejora m\u00e9dica de Coral Gables, es posible que contin\u00fae recibiendo tratamientos para su afecci\u00f3n. El m\u00e9dico tratante le asignar\u00e1 una calificaci\u00f3n de discapacidad permanente una vez que alcance el MMM. Esta calificaci\u00f3n juega un papel importante al calcular sus <\/span><a href=\"https:\/\/www.myfloridacfo.com\/Division\/WC\/Employee\/Benefits\/lost-wages.htm\" target=\"_blank\" rel=\"noopener\"><span style=\"font-weight: 400;\">beneficios por incapacidad permanente<\/span><\/a><span style=\"font-weight: 400;\"> .<\/span><\/p>\n<h2><b>\u00bfQui\u00e9n determina que el empleado lesionado ha logrado la m\u00e1xima mejora m\u00e9dica en Coral Gables?<\/b><\/h2>\n<p><span style=\"font-weight: 400;\">Solo un m\u00e9dico autorizado de compensaci\u00f3n para trabajadores puede determinar si el trabajador lesionado ha alcanzado la mejora m\u00e9dica m\u00e1xima de Coral Gables o MMM. Ni el empleador ni su compa\u00f1\u00eda de seguros pueden determinar cu\u00e1ndo el trabajador lesionado alcanzar\u00e1 la m\u00e1xima mejora m\u00e9dica. Es un estado al que llegar\u00e1 un empleado lesionado solo despu\u00e9s de recibir tratamientos para su afecci\u00f3n.<\/span><\/p>\n<p><span style=\"font-weight: 400;\">Por lo tanto, es ilegal que el empleador o su proveedor de seguros determinen que el trabajador ha alcanzado el MMM. De hecho, llegar a MMM no significa que est\u00e9 100% curado o curado de la afecci\u00f3n. Significa que ha mejorado tanto desde el punto de vista m\u00e9dico como ha sido posible y su condici\u00f3n no mejorar\u00e1 m\u00e1s.<\/span><\/p>\n<p><span style=\"font-weight: 400;\">Si tiene alguna duda sobre MMM, siempre puede obtener una segunda opini\u00f3n de otro m\u00e9dico calificado. La mayor\u00eda de las veces, la compa\u00f1\u00eda de seguros intentar\u00e1 resolver el reclamo una vez que el trabajador lesionado alcance la mejor\u00eda m\u00e9dica m\u00e1xima de Coral Gables.<\/span><\/p>\n<p><a href=\"https:\/\/workinjuryrights.com\/wp-content\/uploads\/2021\/08\/Coral-Gables-maximum-medical-improvement.jpg\"><img fetchpriority=\"high\" decoding=\"async\" class=\"alignnone size-full wp-image-3377\" src=\"https:\/\/workinjuryrights.com\/wp-content\/uploads\/2021\/08\/Coral-Gables-maximum-medical-improvement.jpg\" alt=\"Doctor determining Coral Gables maximum medical improvement\" width=\"500\" height=\"282\" srcset=\"https:\/\/workinjuryrights.com\/wp-content\/uploads\/2021\/08\/Coral-Gables-maximum-medical-improvement.jpg 500w, https:\/\/workinjuryrights.com\/wp-content\/uploads\/2021\/08\/Coral-Gables-maximum-medical-improvement-300x169.jpg 300w\" sizes=\"(max-width: 500px) 100vw, 500px\" \/><\/a><\/p>\n<h2><b>\u00bfContin\u00faa el tratamiento m\u00e9dico despu\u00e9s de un diagn\u00f3stico de m\u00e1xima mejor\u00eda m\u00e9dica de Coral Gables?<\/b><\/h2>\n<p><span style=\"font-weight: 400;\">S\u00ed, el tratamiento m\u00e9dico puede continuar incluso despu\u00e9s de que el paciente alcance la mejor\u00eda m\u00e9dica m\u00e1xima de Coral Gables. Puede depender de su condici\u00f3n y de si se le asigna un nuevo puesto de trabajo ligero en la empresa debido a las lesiones que ha sufrido despu\u00e9s del accidente.<\/span><\/p>\n<p><span style=\"font-weight: 400;\">La compa\u00f1\u00eda de seguros intentar\u00e1 resolver su reclamo de compensaci\u00f3n para trabajadores una vez que el m\u00e9dico determine que ha alcanzado la mejor\u00eda m\u00e9dica m\u00e1xima en Coral Gables. Es entonces cuando necesita contratar a un abogado confiable de compensaci\u00f3n de trabajadores en Coral Gables para evaluar su reclamo y asesorarlo sobre el mejor curso de acci\u00f3n.<\/span><\/p>\n<p><span style=\"font-weight: 400;\">Los abogados con experiencia en compensaci\u00f3n para trabajadores de Work Injury Rights son su mejor opci\u00f3n para manejar el reclamo y obtener los m\u00e1ximos beneficios en el proceso. Nuestros abogados han manejado cientos de casos similares en el pasado. Es por eso que debe confiar su reclamo de compensaci\u00f3n para trabajadores con nuestro equipo experto de abogados de compensaci\u00f3n para trabajadores.<\/span><\/p>\n<h2><b>\u00bfQu\u00e9 pasar\u00eda si no puede regresar a trabajar y desempe\u00f1arse al mismo nivel despu\u00e9s de su diagn\u00f3stico?<\/b><\/h2>\n<p><span style=\"font-weight: 400;\">Incluso despu\u00e9s de que su m\u00e9dico determine que ha alcanzado la mejor\u00eda m\u00e9dica m\u00e1xima de Coral Gables, es posible que le resulte dif\u00edcil regresar al trabajo y desempe\u00f1arse en el mismo puesto. Su empleador deber\u00eda asignarle un puesto de trabajo liviano en tal caso. De hecho, continuar\u00e1 recibiendo beneficios m\u00e9dicos y por discapacidad si no puede desempe\u00f1arse al mismo nivel despu\u00e9s de su diagn\u00f3stico de MMM.<\/span><\/p>\n<p><span style=\"font-weight: 400;\">Por otro lado, si no puede regresar a trabajar por el resto de su vida como resultado de sus lesiones, tendr\u00e1 derecho a recibir beneficios por discapacidad permanente del seguro de compensaci\u00f3n para trabajadores. Sus beneficios por discapacidad temporal finalizar\u00e1n tan pronto como comience a recibir beneficios por discapacidad permanente por sus lesiones.<\/span><\/p>\n<h2><b>Llame a nuestros abogados de confianza hoy para comprender su m\u00e1xima mejora m\u00e9dica en Coral Gables<\/b><\/h2>\n<p><span style=\"font-weight: 400;\">Cuando se lesiona mientras realizaba su trabajo en Coral Gables, Florida, tiene derecho a recibir beneficios de compensaci\u00f3n para trabajadores por sus lesiones. Las leyes de compensaci\u00f3n de trabajadores de Florida son bastante complejas y requieren ayuda profesional para reclamar la compensaci\u00f3n m\u00e1xima del sistema.<\/span><\/p>\n<p><span style=\"font-weight: 400;\">Necesita contratar a los mejores abogados de compensaci\u00f3n laboral en la ciudad para manejar su reclamo y obtener la compensaci\u00f3n m\u00e1xima por sus lesiones. Work Injury Rights es su socio de confianza en Coral Gables, FL para manejar su reclamo. Contamos con las habilidades, el conocimiento y la experiencia necesarios para manejar su reclamo y obtener los m\u00e1ximos beneficios.<\/span><\/p>\n<p><span style=\"font-weight: 400;\">Llame a <\/span><a href=\"\/\"><span style=\"font-weight: 400;\">Work Injury Rights<\/span><\/a><span style=\"font-weight: 400;\"> al <a href=\"tel:+19543888616\">954-388-8616<\/a> para manejar su reclamo de compensaci\u00f3n para trabajadores despu\u00e9s de un diagn\u00f3stico de m\u00e1xima mejora m\u00e9dica de Coral Gables y obtener los m\u00e1ximos beneficios en el proceso.<\/span><\/p>\n","protected":false},"excerpt":{"rendered":"<p>\u00bfEst\u00e1 lesionado en el trabajo y busca informaci\u00f3n sobre la mejor\u00eda m\u00e9dica m\u00e1xima de Coral Gables? Si es as\u00ed, usted ha venido al lugar correcto. Cuando se lesiona en el trabajo en Coral Gables, Florida, tiene derecho a reclamar la compensaci\u00f3n m\u00e1xima por sus lesiones. Sin embargo, las leyes de compensaci\u00f3n para trabajadores de Florida [&hellip;]<\/p>\n","protected":false},"author":29,"featured_media":0,"parent":5693,"menu_order":0,"comment_status":"closed","ping_status":"closed","template":"","meta":{"_acf_changed":false,"anchor_text":"","footnotes":""},"categories":[],"tags":[45,113,108],"class_list":["post-5692","page","type-page","status-publish","hentry","tag-workers-compensation","tag-workers-compensation-es-2","tag-workers-compensation-es"],"acf":[],"_links":{"self":[{"href":"https:\/\/workinjuryrights.com\/es\/wp-json\/wp\/v2\/pages\/5692","targetHints":{"allow":["GET"]}}],"collection":[{"href":"https:\/\/workinjuryrights.com\/es\/wp-json\/wp\/v2\/pages"}],"about":[{"href":"https:\/\/workinjuryrights.com\/es\/wp-json\/wp\/v2\/types\/page"}],"author":[{"embeddable":true,"href":"https:\/\/workinjuryrights.com\/es\/wp-json\/wp\/v2\/users\/29"}],"replies":[{"embeddable":true,"href":"https:\/\/workinjuryrights.com\/es\/wp-json\/wp\/v2\/comments?post=5692"}],"version-history":[{"count":5,"href":"https:\/\/workinjuryrights.com\/es\/wp-json\/wp\/v2\/pages\/5692\/revisions"}],"predecessor-version":[{"id":6467,"href":"https:\/\/workinjuryrights.com\/es\/wp-json\/wp\/v2\/pages\/5692\/revisions\/6467"}],"up":[{"embeddable":true,"href":"https:\/\/workinjuryrights.com\/es\/wp-json\/wp\/v2\/pages\/5693"}],"wp:attachment":[{"href":"https:\/\/workinjuryrights.com\/es\/wp-json\/wp\/v2\/media?parent=5692"}],"wp:term":[{"taxonomy":"category","embeddable":true,"href":"https:\/\/workinjuryrights.com\/es\/wp-json\/wp\/v2\/categories?post=5692"},{"taxonomy":"post_tag","embeddable":true,"href":"https:\/\/workinjuryrights.com\/es\/wp-json\/wp\/v2\/tags?post=5692"}],"curies":[{"name":"wp","href":"https:\/\/api.w.org\/{rel}","templated":true}]}}