{"id":5694,"date":"2021-08-13T20:11:26","date_gmt":"2021-08-13T20:11:26","guid":{"rendered":"https:\/\/workinjuryrights.com\/coral-gables\/preexisting-injuries-conditions\/"},"modified":"2022-02-04T15:23:46","modified_gmt":"2022-02-04T15:23:46","slug":"lesiones-preexistentes","status":"publish","type":"page","link":"https:\/\/workinjuryrights.com\/es\/coral-gables\/abogado-compensacion-laboral\/lesiones-preexistentes\/","title":{"rendered":"Lesiones y Afecciones Preexistentes en Coral Gables"},"content":{"rendered":"<p><span style=\"font-weight: 400;\">Si sufre una enfermedad ocupacional o una lesi\u00f3n en el lugar de trabajo, tiene derecho a los beneficios de compensaci\u00f3n para trabajadores en Coral Gables. Los beneficios pagan sus salarios perdidos y sus facturas m\u00e9dicas. Si sufre de lesiones o afecciones preexistentes y empeoraron debido a sus actividades laborales, a\u00fan puede buscar los beneficios de compensaci\u00f3n para trabajadores.<\/span><\/p>\n<p><span style=\"font-weight: 400;\">Sin embargo, su empleador puede negarle los beneficios de compensaci\u00f3n para trabajadores debido a sus lesiones y condiciones preexistentes en Coral Gables. Por lo tanto, necesitar\u00e1 una representaci\u00f3n legal s\u00f3lida, ya que su empleador puede afirmar que los s\u00edntomas que le impiden trabajar est\u00e1n relacionados con su condici\u00f3n preexistente y no con su trabajo. Es dif\u00edcil demostrar que sus actividades laborales agravaron o exacerbaron su condici\u00f3n preexistente. Si su empleador niega su reclamo de compensaci\u00f3n para trabajadores debido a sus lesiones y condiciones preexistentes en Coral Gables, contrate a un abogado experimentado en compensaci\u00f3n para trabajadores para que luche por los beneficios a los que tiene derecho.<\/span><\/p>\n<p><span style=\"font-weight: 400;\">Si tiene una lesi\u00f3n o condici\u00f3n preexistente y est\u00e1 buscando <\/span><a href=\"https:\/\/workinjuryrights.com\/es\/coral-gables\/abogado-compensacion-laboral\/\"><span style=\"font-weight: 400;\">abogados de compensaci\u00f3n de trabajadores<\/span><\/a><span style=\"font-weight: 400;\"> cre\u00edbles , comun\u00edquese con Work Injury Rights para discutir su caso con nuestros <\/span><a href=\"https:\/\/workinjuryrights.com\/es\/coral-gables\/abogado-compensacion-laboral\/\"><span style=\"font-weight: 400;\">abogados de compensaci\u00f3n de trabajadores<\/span><\/a><span style=\"font-weight: 400;\"> con experiencia y conocimiento. Protegeremos sus derechos legales y lucharemos por sus beneficios. Cont\u00e1ctenos hoy mismo al <a href=\"tel:+19543888616\">954-388-8616<\/a>.<\/span><\/p>\n<p><span style=\"font-weight: 400;\"><\/span><\/p>\n<h2><b>\u00bfQu\u00e9 son las afecciones y lesiones preexistentes?<\/b><\/h2>\n<p><span style=\"font-weight: 400;\">Las condiciones y lesiones preexistentes en la<\/span><span style=\"font-weight: 400;\"> ley de <\/span><span style=\"font-weight: 400;\">compensaci\u00f3n para trabajadores<\/span><span style=\"font-weight: 400;\"> son condiciones m\u00e9dicas y lesiones previas. En su mayor\u00eda son las viejas condiciones y lesiones que pueden impedirle trabajar, incluida una lesi\u00f3n por movimientos repetitivos o una lesi\u00f3n en la espalda a largo plazo.<\/span><\/p>\n<p><span style=\"font-weight: 400;\">Por lo tanto, si es un empleado, debe comprender el tipo de afecciones y lesiones preexistentes que puede tener. \u00bfPor qu\u00e9? Porque los tipos de beneficios de compensaci\u00f3n para trabajadores que recibir\u00e1 depender\u00e1n del origen de sus afecciones y lesiones preexistentes.<\/span><\/p>\n<p><span style=\"font-weight: 400;\">Si sus afecciones y lesiones preexistentes se debieron a una enfermedad o lesi\u00f3n anterior relacionada con el trabajo, puede recibir beneficios adicionales de compensaci\u00f3n para trabajadores si las actividades de su lugar de trabajo agravan a\u00fan m\u00e1s sus afecciones y lesiones preexistentes.<\/span><\/p>\n<p><span style=\"font-weight: 400;\">Sin embargo, si sus condiciones y lesiones preexistentes no est\u00e1n relacionadas con sus actividades laborales y no se ha demostrado que sus actividades laborales hayan causado sus lesiones actuales, no recibir\u00e1 beneficios de compensaci\u00f3n para trabajadores. La compensaci\u00f3n para trabajadores solo paga por lesiones y enfermedades relacionadas con el trabajo.<\/span><\/p>\n<h2><b>\u00bfLas condiciones o lesiones preexistentes le impiden solicitar una indemnizaci\u00f3n por accidentes de trabajo en Florida?<\/b><\/h2>\n<p><span style=\"font-weight: 400;\">Seg\u00fan la ley de compensaci\u00f3n para trabajadores en Florida, tener condiciones o lesiones preexistentes no le impide presentar reclamaciones de compensaci\u00f3n para trabajadores. De hecho, recibir\u00e1s<\/span><\/p>\n<p><span style=\"font-weight: 400;\">beneficios de compensaci\u00f3n para trabajadores si una lesi\u00f3n en el lugar de trabajo empeora su condici\u00f3n o lesi\u00f3n preexistente.<\/span><\/p>\n<p><a href=\"https:\/\/workinjuryrights.com\/wp-content\/uploads\/2021\/08\/pre-existing-injuries-and-conditions-in-Coral-Gables.jpg\"><img fetchpriority=\"high\" decoding=\"async\" class=\"alignnone size-full wp-image-3395\" src=\"https:\/\/workinjuryrights.com\/wp-content\/uploads\/2021\/08\/pre-existing-injuries-and-conditions-in-Coral-Gables.jpg\" alt=\"Concept of pre-existing injuries and conditions in Coral Gables workers' compensation\" width=\"500\" height=\"333\" srcset=\"https:\/\/workinjuryrights.com\/wp-content\/uploads\/2021\/08\/pre-existing-injuries-and-conditions-in-Coral-Gables.jpg 500w, https:\/\/workinjuryrights.com\/wp-content\/uploads\/2021\/08\/pre-existing-injuries-and-conditions-in-Coral-Gables-300x200.jpg 300w\" sizes=\"(max-width: 500px) 100vw, 500px\" \/><\/a><\/p>\n<h2><b>\u00bfQu\u00e9 obst\u00e1culos puedo enfrentar con mi reclamo de compensaci\u00f3n para trabajadores cuando intento probar que una condici\u00f3n preexistente empeor\u00f3?<\/b><\/h2>\n<p><span style=\"font-weight: 400;\">No es f\u00e1cil recibir beneficios de compensaci\u00f3n para trabajadores si tiene afecciones o lesiones preexistentes. La compa\u00f1\u00eda de seguros puede reclamar que su lesi\u00f3n se debe a su condici\u00f3n preexistente, por lo que pueden negar su reclamo de compensaci\u00f3n para trabajadores. Por lo tanto, debe demostrar que su condici\u00f3n o lesi\u00f3n relacionada con el trabajo es m\u00e1s del 51% responsable de su condici\u00f3n o lesi\u00f3n actual.<\/span><\/p>\n<p><span style=\"font-weight: 400;\">Aqu\u00ed hay un ejemplo:<\/span><\/p>\n<p><span style=\"font-weight: 400;\">Si usted es un trabajador de la construcci\u00f3n y se lesiona mientras trabaja en un sitio de construcci\u00f3n, puede buscar beneficios de compensaci\u00f3n para trabajadores. Si se da\u00f1a la espalda en el proceso de hacer su trabajo, es m\u00e1s probable que reciba beneficios de compensaci\u00f3n para trabajadores, ya que su lesi\u00f3n laboral cumple con los requisitos de compensaci\u00f3n para trabajadores.<\/span><\/p>\n<p><span style=\"font-weight: 400;\">Si su espalda estaba d\u00e9bil debido a lesiones y afecciones de la espalda anteriores, puede resultarle dif\u00edcil recibir los beneficios de compensaci\u00f3n para trabajadores. Si su espalda se debilit\u00f3 debido a una lesi\u00f3n anterior relacionada con el trabajo, a\u00fan puede recibir compensaci\u00f3n para trabajadores.<\/span><\/p>\n<p><span style=\"font-weight: 400;\">Sin embargo, si su espalda ya se estaba rompiendo, la compa\u00f1\u00eda de seguros puede negar su reclamo de compensaci\u00f3n para trabajadores.<\/span><\/p>\n<p><span style=\"font-weight: 400;\">Por lo tanto, es necesario contratar a un abogado de compensaci\u00f3n para trabajadores bien capacitado para preparar su caso y aumentar las posibilidades de ganar su reclamo de compensaci\u00f3n para trabajadores. Nuestros abogados est\u00e1n listos para ayudarlo a preparar su caso de compensaci\u00f3n para trabajadores.<\/span><\/p>\n<p><span style=\"font-weight: 400;\">\u00a0<\/span><\/p>\n<h2><b>\u00bfC\u00f3mo puede proteger su reclamo de indemnizaci\u00f3n laboral?<\/b><\/h2>\n<p><span style=\"font-weight: 400;\">Debe comprender sus derechos legales y contratar al abogado de compensaci\u00f3n para trabajadores adecuado para proteger su reclamo de compensaci\u00f3n para trabajadores. Si tiene lesiones y afecciones preexistentes en Coral Gables, estas son algunas de las cosas que puede hacer para proteger su reclamo de compensaci\u00f3n para trabajadores:<\/span><\/p>\n<h3><b>Presente su reclamo a tiempo<\/b><\/h3>\n<p><span style=\"font-weight: 400;\">En Coral Gables, deber\u00e1 informar un accidente laboral a su empleador dentro de los 30 d\u00edas. Por lo tanto, si se lesiona mientras realiza su trabajo, debe informar su lesi\u00f3n en el trabajo dentro de los 30 d\u00edas. Es importante presentar su reclamo de inmediato para proteger sus derechos legales.<\/span><\/p>\n<h3><b>Mantener registros m\u00e9dicos<\/b><\/h3>\n<p><span style=\"font-weight: 400;\">Si tiene lesiones y afecciones preexistentes en Coral Gables, deber\u00e1 recopilar registros m\u00e9dicos tanto de sus lesiones en el lugar de trabajo como de sus afecciones y lesiones preexistentes. Los registros m\u00e9dicos deben demostrar que el accidente en el lugar de trabajo empeor\u00f3 su condici\u00f3n o lesi\u00f3n preexistente.<\/span><\/p>\n<h3><b>Someterse a un examen m\u00e9dico<\/b><\/h3>\n<p><span style=\"font-weight: 400;\">El proveedor de seguros de su empleador requerir\u00e1 un examen m\u00e9dico independiente. Por lo tanto, deber\u00e1 consultar a un m\u00e9dico despu\u00e9s del accidente laboral. El m\u00e9dico examinar\u00e1 su historial m\u00e9dico y sus lesiones relacionadas con el trabajo. Es importante cumplir con el examen.<\/span><\/p>\n<h3><b>Comun\u00edquese con un abogado de compensaci\u00f3n laboral<\/b><\/h3>\n<p><span style=\"font-weight: 400;\">Si su reclamo de compensaci\u00f3n para trabajadores involucra lesiones y condiciones preexistentes en Coral Gables, necesitar\u00e1 una s\u00f3lida representaci\u00f3n legal. No te animamos a que te enfrentes solo a la compa\u00f1\u00eda de seguros. Estamos listos para ayudarlo a construir un caso s\u00f3lido. Lucharemos por los <\/span><span style=\"font-weight: 400;\"><a href=\"https:\/\/www.myfloridacfo.com\/Division\/WC\/Employee\/Benefits\/\" target=\"_blank\" rel=\"noopener\">beneficios de compensaci\u00f3n laboral<\/a> que<\/span><span style=\"font-weight: 400;\"> usted merece.<\/span><\/p>\n<p><a href=\"https:\/\/workinjuryrights.com\/wp-content\/uploads\/2021\/09\/lawyer-client-consult-1-1.jpg\"><img decoding=\"async\" class=\"alignnone size-full wp-image-4330\" src=\"https:\/\/workinjuryrights.com\/wp-content\/uploads\/2021\/09\/lawyer-client-consult-1-1.jpg\" alt=\"Lawyer and client discussing pre-existing injuries and conditions in Coral Gables\" width=\"500\" height=\"333\" srcset=\"https:\/\/workinjuryrights.com\/wp-content\/uploads\/2021\/09\/lawyer-client-consult-1-1.jpg 500w, https:\/\/workinjuryrights.com\/wp-content\/uploads\/2021\/09\/lawyer-client-consult-1-1-300x200.jpg 300w\" sizes=\"(max-width: 500px) 100vw, 500px\" \/><\/a><\/p>\n<h2><b>Llame hoy para obtener m\u00e1s informaci\u00f3n sobre c\u00f3mo presentar una indemnizaci\u00f3n por accidentes de trabajo con lesiones y afecciones preexistentes en Coral Gables<\/b><\/h2>\n<p><span style=\"font-weight: 400;\">Es dif\u00edcil navegar por el sistema de compensaci\u00f3n para trabajadores en Florida. Si se lesion\u00f3 mientras realizaba su trabajo y tiene lesiones y afecciones preexistentes en Coral Gables, la compa\u00f1\u00eda de seguros puede negar su reclamo de compensaci\u00f3n para trabajadores. Por lo tanto, es posible que no obtenga ning\u00fan beneficio.<\/span><\/p>\n<p><span style=\"font-weight: 400;\">Si tiene condiciones o lesiones preexistentes y est\u00e1 luchando por los beneficios de compensaci\u00f3n para trabajadores, es importante contratar a un abogado con experiencia en compensaci\u00f3n para trabajadores. Su abogado nunca permitir\u00e1 que la compa\u00f1\u00eda de seguros niegue su reclamo debido a sus afecciones o lesiones preexistentes.<\/span><\/p>\n<p><span style=\"font-weight: 400;\">Si est\u00e1 listo para buscar beneficios de compensaci\u00f3n para trabajadores con lesiones y condiciones preexistentes en Coral Gables, estamos listos para ayudarlo a obtener los beneficios que se merece. En Work Injury Rights, lo representaremos en su caso de compensaci\u00f3n para trabajadores. Ll\u00e1menos al <a href=\"tel:+19543888616\">954-388-8616<\/a> para programar una consulta gratuita.<\/span><\/p>\n","protected":false},"excerpt":{"rendered":"<p>Si sufre una enfermedad ocupacional o una lesi\u00f3n en el lugar de trabajo, tiene derecho a los beneficios de compensaci\u00f3n para trabajadores en Coral Gables. Los beneficios pagan sus salarios perdidos y sus facturas m\u00e9dicas. Si sufre de lesiones o afecciones preexistentes y empeoraron debido a sus actividades laborales, a\u00fan puede buscar los beneficios de [&hellip;]<\/p>\n","protected":false},"author":29,"featured_media":0,"parent":5693,"menu_order":0,"comment_status":"closed","ping_status":"closed","template":"","meta":{"_acf_changed":false,"anchor_text":"","footnotes":""},"categories":[],"tags":[45,113,108],"class_list":["post-5694","page","type-page","status-publish","hentry","tag-workers-compensation","tag-workers-compensation-es-2","tag-workers-compensation-es"],"acf":[],"_links":{"self":[{"href":"https:\/\/workinjuryrights.com\/es\/wp-json\/wp\/v2\/pages\/5694","targetHints":{"allow":["GET"]}}],"collection":[{"href":"https:\/\/workinjuryrights.com\/es\/wp-json\/wp\/v2\/pages"}],"about":[{"href":"https:\/\/workinjuryrights.com\/es\/wp-json\/wp\/v2\/types\/page"}],"author":[{"embeddable":true,"href":"https:\/\/workinjuryrights.com\/es\/wp-json\/wp\/v2\/users\/29"}],"replies":[{"embeddable":true,"href":"https:\/\/workinjuryrights.com\/es\/wp-json\/wp\/v2\/comments?post=5694"}],"version-history":[{"count":6,"href":"https:\/\/workinjuryrights.com\/es\/wp-json\/wp\/v2\/pages\/5694\/revisions"}],"predecessor-version":[{"id":7672,"href":"https:\/\/workinjuryrights.com\/es\/wp-json\/wp\/v2\/pages\/5694\/revisions\/7672"}],"up":[{"embeddable":true,"href":"https:\/\/workinjuryrights.com\/es\/wp-json\/wp\/v2\/pages\/5693"}],"wp:attachment":[{"href":"https:\/\/workinjuryrights.com\/es\/wp-json\/wp\/v2\/media?parent=5694"}],"wp:term":[{"taxonomy":"category","embeddable":true,"href":"https:\/\/workinjuryrights.com\/es\/wp-json\/wp\/v2\/categories?post=5694"},{"taxonomy":"post_tag","embeddable":true,"href":"https:\/\/workinjuryrights.com\/es\/wp-json\/wp\/v2\/tags?post=5694"}],"curies":[{"name":"wp","href":"https:\/\/api.w.org\/{rel}","templated":true}]}}