{"id":5696,"date":"2021-08-13T20:05:40","date_gmt":"2021-08-13T20:05:40","guid":{"rendered":"https:\/\/workinjuryrights.com\/coral-gables\/workers-compensation-benefits\/"},"modified":"2021-10-05T15:19:49","modified_gmt":"2021-10-05T15:19:49","slug":"beneficios-laborales","status":"publish","type":"page","link":"https:\/\/workinjuryrights.com\/es\/coral-gables\/abogado-compensacion-laboral\/beneficios-laborales\/","title":{"rendered":"Beneficios de Compensaci\u00f3n Laboral en Coral Gables"},"content":{"rendered":"<p><span style=\"font-weight: 400;\">Un accidente de trabajo puede afectar gravemente su vida y su salud f\u00edsica. Adem\u00e1s de sus finanzas, carrera y bienestar general. Los beneficios de compensaci\u00f3n para trabajadores en Coral Gables tienen como objetivo compensar algunas de estas p\u00e9rdidas, ayud\u00e1ndole a recuperarse m\u00e1s r\u00e1pido. Por lo general, la compensaci\u00f3n para trabajadores liquida todas las facturas m\u00e9dicas por accidentes y lesiones relacionados con el trabajo.<\/span><\/p>\n<p><span style=\"font-weight: 400;\">Adem\u00e1s, la compensaci\u00f3n por rehabilitaci\u00f3n cubre los costos del tratamiento, como la fisioterapia. Si el trabajador que sufre un accidente o una enfermedad en el trabajo no puede volver a su trabajo anterior, tambi\u00e9n puede tener derecho a las prestaciones profesionales del seguro. Sin embargo, navegar por el proceso para obtener beneficios de compensaci\u00f3n para trabajadores en Coral Gables puede ser abrumador mientras se recupera.<\/span><\/p>\n<p><span style=\"font-weight: 400;\">Afortunadamente, como <\/span><a href=\"https:\/\/workinjuryrights.com\/es\/coral-gables\/abogado-compensacion-laboral\/\"><span style=\"font-weight: 400;\">abogados con experiencia en compensaci\u00f3n de trabajadores<\/span><\/a><span style=\"font-weight: 400;\"> en Coral Gables, Florida, podemos ayudarlo a completar los procesos legales necesarios para recibir sus beneficios. Comun\u00edquese con nosotros al <a href=\"tel:+19543888616\">954-388-8616<\/a> para averiguar las posibles formas de ayudarlo a recibir los beneficios m\u00e1ximos de compensaci\u00f3n para trabajadores despu\u00e9s de una lesi\u00f3n relacionada con el trabajo.<\/span><\/p>\n<p><span style=\"font-weight: 400;\"> <\/span><\/p>\n<h2><b>\u00bfCu\u00e1les son los l\u00edmites de ingresos de compensaci\u00f3n para trabajadores de Florida?<\/b><\/h2>\n<p><span style=\"font-weight: 400;\">La compensaci\u00f3n para trabajadores s\u00f3lo paga una fracci\u00f3n de las ganancias perdidas, aunque los beneficios de compensaci\u00f3n para trabajadores est\u00e1n libres de impuestos en la mayor\u00eda de los casos. Tampoco puede ser compensado por el sufrimiento y el dolor resultantes del accidente o lesi\u00f3n. Si bien puede parecer injusto, es parte del salario del sistema salarial de los empleados.<\/span><\/p>\n<p><span style=\"font-weight: 400;\">Lo bueno es que puede obtener los beneficios m\u00e1s r\u00e1pido sin entablar acciones legales o probar que su empleador caus\u00f3 el da\u00f1o. El problema es que no puede obtener la cantidad total de p\u00e9rdidas. Sin embargo, puede emprender acciones legales fuera del sistema de compensaci\u00f3n de trabajadores para buscar una compensaci\u00f3n m\u00e1s integral que incluya sufrimiento y dolor en ciertas situaciones.<\/span><\/p>\n<h2><b>\u00bfCu\u00e1les son los tipos de beneficios de compensaci\u00f3n laboral en Coral Gables?<\/b><\/h2>\n<p><span style=\"font-weight: 400;\">Si la enfermedad o lesi\u00f3n relacionada con el trabajo provoc\u00f3 una discapacidad que le impide trabajar de forma temporal o permanente, es posible que tenga derecho a recibir beneficios de compensaci\u00f3n salarial. La cantidad de beneficios de compensaci\u00f3n para trabajadores que puede obtener depende de su discapacidad. Si la lesi\u00f3n resulta en la muerte, su familia puede reclamar los beneficios de compensaci\u00f3n para trabajadores en Coral Gables.<\/span><\/p>\n<p><span style=\"font-weight: 400;\">A continuaci\u00f3n, desglosamos los tipos de <\/span><a href=\"https:\/\/www.myfloridacfo.com\/Division\/WC\/Employee\/Benefits\/\" target=\"_blank\" rel=\"noopener\"><span style=\"font-weight: 400;\">beneficios de compensaci\u00f3n para trabajadores<\/span><span style=\"font-weight: 400;\"> de <\/span><span style=\"font-weight: 400;\">Florida<\/span><\/a><span style=\"font-weight: 400;\">:<\/span><\/p>\n<h3><b>Beneficios por discapacidad total temporal (TTD)<\/b><\/h3>\n<p><span style=\"font-weight: 400;\">Este tipo de discapacidad se aplica a situaciones en las que es imposible regresar al trabajo debido a lesiones. Durante su incapacidad total temporal, obtiene un beneficio equivalente a dos tercios de su salario t\u00edpico.<\/span><\/p>\n<h3><b>Beneficios por discapacidad parcial temporal (TPD)<\/b><\/h3>\n<p><span style=\"font-weight: 400;\">Este tipo de discapacidad es cuando puede regresar a su trabajo pero solo trabaja con limitaciones de tiempo. Si no puede ganar el 80% o m\u00e1s de su salario anterior, puede obtener beneficios de compensaci\u00f3n por discapacidad parcial temporal.<\/span><\/p>\n<h3><b>Beneficios por discapacidad parcial permanente (PPD)<\/b><\/h3>\n<p><span style=\"font-weight: 400;\">Si la lesi\u00f3n es grave y es poco probable que su condici\u00f3n mejore, es posible que sea elegible para los beneficios por discapacidad. El m\u00e9dico debe certificar que ha logrado la \u00abmejor\u00eda m\u00e9dica m\u00e1xima\u00bb seg\u00fan su criterio profesional calificado.<\/span><\/p>\n<p><span style=\"font-weight: 400;\">Recibir\u00e1 una puntuaci\u00f3n de discapacidad para evaluar su discapacidad y una restricci\u00f3n de empleo permanente. Su compensaci\u00f3n depende de su discapacidad y su condici\u00f3n particular de discapacidad.<\/span><\/p>\n<h3><b>Beneficios por discapacidad total permanente (PTD)<\/b><\/h3>\n<p><span style=\"font-weight: 400;\">Si sus lesiones causadas por una lesi\u00f3n o enfermedad en el trabajo son lo suficientemente graves como para evitar que regrese al trabajo incluso despu\u00e9s de lograr \u00absu mejor mejora m\u00e9dica\u00bb, puede ser elegible para los beneficios por discapacidad total permanente de Florida.<\/span><\/p>\n<h3><b>Beneficios por muerte<\/b><\/h3>\n<p><span style=\"font-weight: 400;\">Suponga que el accidente en el trabajo resulta en la muerte dentro de un a\u00f1o de la lesi\u00f3n o cinco a\u00f1os despu\u00e9s de la discapacidad resultante. En ese caso, su familia puede obtener una compensaci\u00f3n por fallecimiento, incluidas las asignaciones para dependientes, los beneficios de educaci\u00f3n y los gastos funerarios. Para los trabajadores que fallecen sin familiares, los beneficios solo cubren los gastos del funeral. Adem\u00e1s, los beneficiarios del fallecido pueden recibir parte del salario. La cantidad puede ser alta, y lo ayudaremos a averiguar qu\u00e9 beneficios de compensaci\u00f3n para trabajadores se le deben y cu\u00e1nto se le debe si su ser querido tuvo un accidente en el trabajo que result\u00f3 en la muerte.<\/span><\/p>\n<p><a href=\"https:\/\/workinjuryrights.com\/wp-content\/uploads\/2021\/08\/Workers-compensation-benefits-in-Coral-Gables-FL.jpg\"><img fetchpriority=\"high\" decoding=\"async\" class=\"alignnone size-full wp-image-3389\" src=\"https:\/\/workinjuryrights.com\/wp-content\/uploads\/2021\/08\/Workers-compensation-benefits-in-Coral-Gables-FL.jpg\" alt=\"Concept of workers' compensation benefits in Coral Gables\" width=\"500\" height=\"333\" srcset=\"https:\/\/workinjuryrights.com\/wp-content\/uploads\/2021\/08\/Workers-compensation-benefits-in-Coral-Gables-FL.jpg 500w, https:\/\/workinjuryrights.com\/wp-content\/uploads\/2021\/08\/Workers-compensation-benefits-in-Coral-Gables-FL-300x200.jpg 300w\" sizes=\"(max-width: 500px) 100vw, 500px\" \/><\/a><\/p>\n<h2><b>\u00bfC\u00f3mo se calculan los beneficios de compensaci\u00f3n laboral en Coral Gables?<\/b><\/h2>\n<p><span style=\"font-weight: 400;\">Existen diferentes tipos de beneficios de compensaci\u00f3n para empleados en Florida que dependen del per\u00edodo sin trabajar y la gravedad de la lesi\u00f3n. Sin embargo, deber\u00e1 presentar un reclamo de compensaci\u00f3n para empleados para recibir cualquiera de estos beneficios de compensaci\u00f3n para trabajadores en Coral Gables. A continuaci\u00f3n se muestra c\u00f3mo calcular estos tipos de beneficios de compensaci\u00f3n para trabajadores en Coral Gables:<\/span><\/p>\n<h3><b>Beneficios por discapacidad total temporal (TTD):<\/b><\/h3>\n<p><span style=\"font-weight: 400;\">Se calcula tomando dos tercios del salario semanal bruto promedio del salario 13 semanas antes de la lesi\u00f3n. El beneficio m\u00e1ximo por discapacidad temporal es de $ 971 por semana en Florida. Recuerde que no obtendr\u00e1 beneficios de compensaci\u00f3n para trabajadores en Coral Gables durante la primera semana a menos que su discapacidad le impida trabajar o limite su capacidad laboral por m\u00e1s de 21 d\u00edas.<\/span><\/p>\n<p><span style=\"font-weight: 400;\">En el caso de una discapacidad m\u00e1s grave, la prestaci\u00f3n puede aumentar hasta en un 80% del salario antes de la discapacidad. En tales situaciones, no hay una cantidad m\u00e1xima que pueda obtener.<\/span><\/p>\n<h3><b>Beneficios totales por discapacidad parcial (TPD)<\/b><\/h3>\n<p><span style=\"font-weight: 400;\">Puede recibir estos beneficios de compensaci\u00f3n cuando regrese al trabajo con limitaciones relacionadas con las lesiones. La compensaci\u00f3n PDT es t\u00edpicamente una diferencia del 80% entre el salario semanal promedio de un empleado del 80% y lo que puede ganar despu\u00e9s de una lesi\u00f3n.<\/span><\/p>\n<h3><b>Beneficios por incapacidad permanente<\/b><\/h3>\n<p><span style=\"font-weight: 400;\">La cantidad otorgada por los beneficios por discapacidad permanente se calcula tomando el 75% de su beneficio por discapacidad temporal. Sin embargo, si contin\u00faa ganando la cantidad exacta antes del accidente, sus beneficios se reducir\u00e1n en un 50%.<\/span><\/p>\n<h3><b>Beneficios por discapacidad total permanente (PTD)<\/b><\/h3>\n<p><span style=\"font-weight: 400;\">Estos beneficios equivalen a la tasa de discapacidad temporal de dos tercios del salario semanal m\u00e1s el ajuste anual por costo de vida (COLA) hasta la edad de 62 a\u00f1os si tambi\u00e9n tiene derecho a los beneficios del seguro social.<\/span><\/p>\n<h3><b>Beneficios por muerte<\/b><\/h3>\n<p><span style=\"font-weight: 400;\">El monto del beneficio depende del n\u00famero de dependientes. A\u00fan as\u00ed, no puede exceder dos tercios del salario semanal dentro de los mismos l\u00edmites que para una discapacidad temporal o un total de $150,000. Tambi\u00e9n cubre hasta $7,500 en gastos funerarios.<\/span><\/p>\n<h2><b>\u00bfSe gravan los beneficios de compensaci\u00f3n laboral en Coral Gables?<\/b><\/h2>\n<p><span style=\"font-weight: 400;\">No hay impuestos sobre los beneficios de compensaci\u00f3n para trabajadores en Coral Gables en la mayor\u00eda de los casos, ya que Florida no tiene impuestos estatales sobre la renta. Los beneficios por discapacidad, de acuerdo con la <\/span><a href=\"https:\/\/www.irs.gov\/pub\/irs-drop\/rr-04-55.pdf\" target=\"_blank\" rel=\"noopener\"><span style=\"font-weight: 400;\">Secci\u00f3n 104 del C\u00f3digo de Rentas Internas<\/span><\/a><span style=\"font-weight: 400;\"> , est\u00e1n libres de impuestos. En determinadas circunstancias, la compensaci\u00f3n puede estar sujeta a impuestos, y le recomendamos que consulte con un especialista fiscal o con nosotros para comprobar si su situaci\u00f3n est\u00e1 sujeta a impuestos.<\/span><\/p>\n<h2><b>Obtenga hoy una consulta gratuita sobre los beneficios de compensaci\u00f3n para trabajadores en Coral Gables<\/b><\/h2>\n<p><span style=\"font-weight: 400;\">Florida, como muchos estados, tiene leyes de compensaci\u00f3n laboral. Florida ofrece muchos beneficios a los empleados para garantizar una compensaci\u00f3n justa en casos de lesiones o enfermedades en el lugar de trabajo. En esos momentos, es recomendable buscar representaci\u00f3n legal de un abogado calificado en compensaci\u00f3n de trabajadores en Coral Gables, Florida, tan pronto como sea posible.<\/span><\/p>\n<p><span style=\"font-weight: 400;\">Comun\u00edquese con nosotros al <a href=\"tel:+19543888616\">954-388-8616<\/a> en cualquier momento para obtener m\u00e1s informaci\u00f3n sobre los beneficios de compensaci\u00f3n para trabajadores en Coral Gables y c\u00f3mo nuestros abogados de <\/span><a href=\"\/\"><span style=\"font-weight: 400;\">Work Injury Rights<\/span><\/a><span style=\"font-weight: 400;\"> pueden ayudarlo con su situaci\u00f3n.<\/span><\/p>\n","protected":false},"excerpt":{"rendered":"<p>Un accidente de trabajo puede afectar gravemente su vida y su salud f\u00edsica. Adem\u00e1s de sus finanzas, carrera y bienestar general. Los beneficios de compensaci\u00f3n para trabajadores en Coral Gables tienen como objetivo compensar algunas de estas p\u00e9rdidas, ayud\u00e1ndole a recuperarse m\u00e1s r\u00e1pido. Por lo general, la compensaci\u00f3n para trabajadores liquida todas las facturas m\u00e9dicas [&hellip;]<\/p>\n","protected":false},"author":29,"featured_media":0,"parent":5693,"menu_order":0,"comment_status":"closed","ping_status":"closed","template":"","meta":{"_acf_changed":false,"anchor_text":"","footnotes":""},"categories":[],"tags":[113,108],"class_list":["post-5696","page","type-page","status-publish","hentry","tag-workers-compensation-es-2","tag-workers-compensation-es"],"acf":[],"_links":{"self":[{"href":"https:\/\/workinjuryrights.com\/es\/wp-json\/wp\/v2\/pages\/5696","targetHints":{"allow":["GET"]}}],"collection":[{"href":"https:\/\/workinjuryrights.com\/es\/wp-json\/wp\/v2\/pages"}],"about":[{"href":"https:\/\/workinjuryrights.com\/es\/wp-json\/wp\/v2\/types\/page"}],"author":[{"embeddable":true,"href":"https:\/\/workinjuryrights.com\/es\/wp-json\/wp\/v2\/users\/29"}],"replies":[{"embeddable":true,"href":"https:\/\/workinjuryrights.com\/es\/wp-json\/wp\/v2\/comments?post=5696"}],"version-history":[{"count":5,"href":"https:\/\/workinjuryrights.com\/es\/wp-json\/wp\/v2\/pages\/5696\/revisions"}],"predecessor-version":[{"id":6462,"href":"https:\/\/workinjuryrights.com\/es\/wp-json\/wp\/v2\/pages\/5696\/revisions\/6462"}],"up":[{"embeddable":true,"href":"https:\/\/workinjuryrights.com\/es\/wp-json\/wp\/v2\/pages\/5693"}],"wp:attachment":[{"href":"https:\/\/workinjuryrights.com\/es\/wp-json\/wp\/v2\/media?parent=5696"}],"wp:term":[{"taxonomy":"category","embeddable":true,"href":"https:\/\/workinjuryrights.com\/es\/wp-json\/wp\/v2\/categories?post=5696"},{"taxonomy":"post_tag","embeddable":true,"href":"https:\/\/workinjuryrights.com\/es\/wp-json\/wp\/v2\/tags?post=5696"}],"curies":[{"name":"wp","href":"https:\/\/api.w.org\/{rel}","templated":true}]}}