{"id":5697,"date":"2021-08-13T19:21:58","date_gmt":"2021-08-13T19:21:58","guid":{"rendered":"https:\/\/workinjuryrights.com\/coral-gables\/workers-compensation-claims-process\/"},"modified":"2021-10-05T15:30:49","modified_gmt":"2021-10-05T15:30:49","slug":"proceso-reclamaciones-indemnizacion-laboral","status":"publish","type":"page","link":"https:\/\/workinjuryrights.com\/es\/coral-gables\/abogado-compensacion-laboral\/proceso-reclamaciones-indemnizacion-laboral\/","title":{"rendered":"Proceso de Reclamos de Indemnizaci\u00f3n Laboral en Coral Gables"},"content":{"rendered":"<p><span style=\"font-weight: 400;\">El seguro de compensaci\u00f3n para trabajadores est\u00e1 dise\u00f1ado para ofrecer asistencia a los empleados que se han lesionado o se han enfermado mientras realizaban su trabajo. Si el proceso de reclamos de compensaci\u00f3n para trabajadores en Coral Gables tiene \u00e9xito, un empleado recibir\u00e1 tratamiento m\u00e9dico, salarios perdidos y otros beneficios. Sin embargo, dado que la compensaci\u00f3n de trabajadores es una p\u00f3liza de seguro exigida por el estado, todos los empleados o trabajadores deben cumplir con requisitos espec\u00edficos para que su proceso de reclamo sea exitoso. Esto tambi\u00e9n se ve afectado por el plazo de presentaci\u00f3n de informes.<\/span><\/p>\n<p><span style=\"font-weight: 400;\">Por otro lado, presentar usted mismo una reclamaci\u00f3n de compensaci\u00f3n para trabajadores puede ser una de las cosas m\u00e1s desafiantes que haya intentado abordar. De hecho, presentar una compensaci\u00f3n para trabajadores usted mismo aumenta la probabilidad de que se le niegue o no reciba la atenci\u00f3n m\u00e9dica que realmente se merece. Todo esto puede evitarse buscando los servicios de un <\/span><a href=\"https:\/\/workinjuryrights.com\/es\/coral-gables\/abogado-compensacion-laboral\/\"><span style=\"font-weight: 400;\">abogado con<\/span><span style=\"font-weight: 400;\"> experiencia en <\/span><span style=\"font-weight: 400;\">compensaci\u00f3n para trabajadores de Coral Gables<\/span><\/a><span style=\"font-weight: 400;\">.<\/span><\/p>\n<p><span style=\"font-weight: 400;\">En Work Injury Rights valoramos a nuestros clientes, y es por eso que hacemos todo lo posible (y legal, por supuesto) para proteger sus derechos. Esto nos ha convertido en la principal opci\u00f3n para la representaci\u00f3n en el proceso de reclamos de compensaci\u00f3n para trabajadores en Coral Gables, Florida. Ofrecemos servicios de consulta gratuitos y trabajamos de forma contingente. Ll\u00e1menos hoy al <a href=\"tel:+19543888616\">954-388-8616<\/a> para obtener m\u00e1s informaci\u00f3n sobre sus opciones legales y ayudarnos a comprender mejor su caso.<\/span><\/p>\n<p><span style=\"font-weight: 400;\"> <\/span><\/p>\n<h2><b>\u00bfC\u00f3mo puedo saber si una reclamaci\u00f3n de indemnizaci\u00f3n laboral cubrir\u00e1 mi lesi\u00f3n?<\/b><\/h2>\n<p><span style=\"font-weight: 400;\">La mayor\u00eda de las reclamaciones de compensaci\u00f3n para trabajadores son sencillas para todas las partes involucradas. Sin embargo, hay aquellos que son inusuales, lo que puede hacer que uno se pregunte si est\u00e1n cubiertos en un reclamo de compensaci\u00f3n para trabajadores. Lo que debe comprender es que el proceso de reclamos de compensaci\u00f3n para trabajadores en Coral Gables est\u00e1 determinado por tres criterios principales que deben cumplirse. Estos son:<\/span><\/p>\n<h3><b>Debe haber una lesi\u00f3n o enfermedad<\/b><\/h3>\n<p><span style=\"font-weight: 400;\">Este es el requisito m\u00e1s b\u00e1sico para comenzar el proceso de reclamos de compensaci\u00f3n para trabajadores en Coral Gables. Tenga en cuenta que cualquier accidente relacionado con el trabajo que resulte en da\u00f1os a la propiedad de un empleado, pero sin lesiones, no justifica un reclamo de compensaci\u00f3n para trabajadores. La llamada cercana no crea un reclamo de compensaci\u00f3n para trabajadores sin importar cu\u00e1n asustado est\u00e9 el empleado.<\/span><\/p>\n<h3><b>La lesi\u00f3n o enfermedad debe provenir de una actividad relacionada con el trabajo (durante el curso del empleo)<\/b><\/h3>\n<p><span style=\"font-weight: 400;\">La lesi\u00f3n o enfermedad que sufre un trabajador debe ocurrir durante el empleo. Por lo tanto, si se lesiona haciendo otra cosa como practicar deportes o relajarse en casa, eso no justifica un reclamo de compensaci\u00f3n para trabajadores.<\/span><\/p>\n<h3><b>La lesi\u00f3n debe ser como resultado del empleo<\/b><\/h3>\n<p><span style=\"font-weight: 400;\">Este es un t\u00e9rmino que muchos no comprenden. En otras palabras, significa que la lesi\u00f3n o enfermedad debe estar relacionada con el trabajo. El hecho de que un trabajador o empleado haya resultado lesionado mientras estaba en el trabajo no significa que crea una oportunidad para presentar un reclamo de compensaci\u00f3n para trabajadores. Por ejemplo, un empleado que ha ido a almorzar y de alguna manera termina lesionado mientras come, no justifica el inicio del proceso de reclamos de compensaci\u00f3n para trabajadores en Coral Gables. La actividad no est\u00e1 relacionada con el trabajo.<\/span><\/p>\n<h2><b>\u00bfCu\u00e1nto tiempo tengo para presentar un reclamo de indemnizaci\u00f3n laboral en Florida?<\/b><\/h2>\n<p><span style=\"font-weight: 400;\">Cuando se trata de comenzar el proceso de reclamos de compensaci\u00f3n para trabajadores en Coral Gables, el primer paso es informar al empleador. Esto debe hacerse <\/span><a href=\"https:\/\/www.myfloridacfo.com\/division\/wc\/employee\/reportaclaim.htm\" target=\"_blank\" rel=\"noopener\"><span style=\"font-weight: 400;\">dentro de los 30 d\u00edas<\/span><\/a><span style=\"font-weight: 400;\"> posteriores a la lesi\u00f3n o despu\u00e9s de haber descubierto que la lesi\u00f3n o enfermedad est\u00e1 relacionada con el trabajo. Si no cumple con este plazo, puede perder algunos o todos sus beneficios. Al informar al empleador, es aconsejable proporcionar un relato detallado posible sobre todo, como:<\/span><\/p>\n<ul>\n<li style=\"font-weight: 400;\" aria-level=\"1\"><span style=\"font-weight: 400;\">Cuando ocurri\u00f3 el accidente<\/span><span style=\"font-weight: 400;\">\u00a0\u00a0\u00a0\u00a0\u00a0\u00a0<\/span><\/li>\n<li style=\"font-weight: 400;\" aria-level=\"1\"><span style=\"font-weight: 400;\">La forma en que se lesion\u00f3<\/span><span style=\"font-weight: 400;\">\u00a0\u00a0\u00a0\u00a0\u00a0\u00a0<\/span><\/li>\n<li style=\"font-weight: 400;\" aria-level=\"1\"><span style=\"font-weight: 400;\">Los s\u00edntomas que est\u00e1 experimentando.<\/span><\/li>\n<\/ul>\n<p><a href=\"https:\/\/workinjuryrights.com\/wp-content\/uploads\/2021\/08\/Workers-compensation-claims-process-Coral-Gables-Florida.jpg\"><img fetchpriority=\"high\" decoding=\"async\" class=\"alignnone size-full wp-image-3357\" src=\"https:\/\/workinjuryrights.com\/wp-content\/uploads\/2021\/08\/Workers-compensation-claims-process-Coral-Gables-Florida.jpg\" alt=\"Form for workers' compensation claims process in Coral Gables, Florida\" width=\"500\" height=\"331\" srcset=\"https:\/\/workinjuryrights.com\/wp-content\/uploads\/2021\/08\/Workers-compensation-claims-process-Coral-Gables-Florida.jpg 500w, https:\/\/workinjuryrights.com\/wp-content\/uploads\/2021\/08\/Workers-compensation-claims-process-Coral-Gables-Florida-300x199.jpg 300w\" sizes=\"(max-width: 500px) 100vw, 500px\" \/><\/a><\/p>\n<p><span style=\"font-weight: 400;\">Se recomienda encarecidamente que lo haga por escrito si es posible. En el momento en que hagas esto; el empleador tiene el deber de enviarle a un m\u00e9dico del trabajo. De acuerdo con <\/span><a href=\"https:\/\/www.myfloridacfo.com\/Division\/WC\/PublicationsFormsManualsReports\/StatutesRules\/Default.htm\" target=\"_blank\" rel=\"noopener\"><span style=\"font-weight: 400;\">las regulaciones de compensaci\u00f3n<\/span><span style=\"font-weight: 400;\"> para <\/span><span style=\"font-weight: 400;\">trabajadores en Florida<\/span><\/a><span style=\"font-weight: 400;\"> , el empleador tiene derecho a elegir al m\u00e9dico tratante, a menos que se trate de una emergencia. Proporcione al m\u00e9dico informaci\u00f3n veraz sobre su afecci\u00f3n y los s\u00edntomas que est\u00e1 experimentando.<\/span><\/p>\n<h2><b>\u00bfC\u00f3mo presentar el reclamo de indemnizaci\u00f3n laboral en Florida?<\/b><\/h2>\n<p><span style=\"font-weight: 400;\">Se debe seguir el proceso de reclamo de compensaci\u00f3n para trabajadores en Coral Gables, Florida, para que sea un \u00e9xito. Si no est\u00e1 seguro de qu\u00e9 hacer, es aconsejable buscar asesor\u00eda legal. No obstante, a continuaci\u00f3n se muestran los pasos a seguir:<\/span><\/p>\n<h3><b>Reportar el incidente<\/b><\/h3>\n<p><span style=\"font-weight: 400;\">El primer paso es informar el incidente o la lesi\u00f3n a sus superiores. Es aconsejable hacerlo por escrito o registrar los detalles. Proporcione un relato detallado del incidente. No olvides que solo tienes 30 d\u00edas para reportar la lesi\u00f3n a tus superiores. Si el empleador no informa la lesi\u00f3n, inf\u00f3rmeselo a la aseguradora.<\/span><\/p>\n<h3><b>Recolectar evidencia<\/b><\/h3>\n<p><span style=\"font-weight: 400;\">La mejor manera de hacerlo es tomando fotos de los accidentes, las lesiones que ha sufrido (si es posible) y todo lo relacionado.<\/span><\/p>\n<h3><b>Recopile los nombres y la informaci\u00f3n de contacto de los testigos<\/b><\/h3>\n<p><span style=\"font-weight: 400;\">Es aconsejable recopilar los nombres y la informaci\u00f3n de contacto de cualquier persona que haya presenciado el accidente. Esto es muy importante, especialmente para aquellos que est\u00e1n en el trabajo pero fuera de su entorno laboral t\u00edpico.<\/span><\/p>\n<h3><b>Busque atenci\u00f3n m\u00e9dica inmediata<\/b><\/h3>\n<p><span style=\"font-weight: 400;\">Es aconsejable buscar atenci\u00f3n m\u00e9dica inmediata; si es una emergencia. De lo contrario, debe esperar hasta que haya informado de la enfermedad o lesi\u00f3n al empleador. No olvide que debe consultar al m\u00e9dico autorizado de la aseguradora.<\/span><\/p>\n<h3><b>Hacer un seguimiento<\/b><\/h3>\n<p><span style=\"font-weight: 400;\">No se limite a denunciar el caso y dejar de darle seguimiento. Siempre es aconsejable hacer un seguimiento con la compa\u00f1\u00eda de seguros para saber si el empleador inform\u00f3 el caso. Se le entregar\u00e1 un formulario de &#8216;Primer informe de lesi\u00f3n o enfermedad para que lo llene y firme. Recuerde, el empleador tiene solo siete d\u00edas para enviarlo a la compa\u00f1\u00eda de seguros.<\/span><\/p>\n<h2><b>Comun\u00edquese hoy para obtener asesoramiento legal sobre el proceso de reclamos de compensaci\u00f3n para trabajadores en Coral Gables<\/b><\/h2>\n<p><span style=\"font-weight: 400;\">En <\/span><a href=\"\/\"><span style=\"font-weight: 400;\">Work Injury Rights<\/span><\/a><span style=\"font-weight: 400;\"> , estamos comprometidos a ofrecer a cada cliente asesor\u00eda legal para reclamos de compensaci\u00f3n de trabajadores de calidad. Tenemos una experiencia legal colectiva de 45 a\u00f1os y estamos listos para enfrentarnos a la gran corporaci\u00f3n para proteger al peque\u00f1o. Le ofreceremos la asesor\u00eda legal que necesita para que su reclamo sea un \u00e9xito.<\/span><\/p>\n<p><span style=\"font-weight: 400;\">Ofrecemos servicios de consulta gratuitos, donde conocemos su reclamo, respondemos cualquier pregunta que pueda tener y ofrecemos la mejor asesor\u00eda legal en funci\u00f3n de su circunstancia \u00fanica. Ll\u00e1menos al <a href=\"tel:+19543888616\">954-388-8616<\/a> para obtener ayuda con el proceso de reclamos de compensaci\u00f3n para trabajadores en Coral Gables.<\/span><\/p>\n","protected":false},"excerpt":{"rendered":"<p>El seguro de compensaci\u00f3n para trabajadores est\u00e1 dise\u00f1ado para ofrecer asistencia a los empleados que se han lesionado o se han enfermado mientras realizaban su trabajo. Si el proceso de reclamos de compensaci\u00f3n para trabajadores en Coral Gables tiene \u00e9xito, un empleado recibir\u00e1 tratamiento m\u00e9dico, salarios perdidos y otros beneficios. Sin embargo, dado que la [&hellip;]<\/p>\n","protected":false},"author":29,"featured_media":0,"parent":5693,"menu_order":0,"comment_status":"closed","ping_status":"closed","template":"","meta":{"_acf_changed":false,"anchor_text":"","footnotes":""},"categories":[],"tags":[113,108],"class_list":["post-5697","page","type-page","status-publish","hentry","tag-workers-compensation-es-2","tag-workers-compensation-es"],"acf":[],"_links":{"self":[{"href":"https:\/\/workinjuryrights.com\/es\/wp-json\/wp\/v2\/pages\/5697","targetHints":{"allow":["GET"]}}],"collection":[{"href":"https:\/\/workinjuryrights.com\/es\/wp-json\/wp\/v2\/pages"}],"about":[{"href":"https:\/\/workinjuryrights.com\/es\/wp-json\/wp\/v2\/types\/page"}],"author":[{"embeddable":true,"href":"https:\/\/workinjuryrights.com\/es\/wp-json\/wp\/v2\/users\/29"}],"replies":[{"embeddable":true,"href":"https:\/\/workinjuryrights.com\/es\/wp-json\/wp\/v2\/comments?post=5697"}],"version-history":[{"count":5,"href":"https:\/\/workinjuryrights.com\/es\/wp-json\/wp\/v2\/pages\/5697\/revisions"}],"predecessor-version":[{"id":6468,"href":"https:\/\/workinjuryrights.com\/es\/wp-json\/wp\/v2\/pages\/5697\/revisions\/6468"}],"up":[{"embeddable":true,"href":"https:\/\/workinjuryrights.com\/es\/wp-json\/wp\/v2\/pages\/5693"}],"wp:attachment":[{"href":"https:\/\/workinjuryrights.com\/es\/wp-json\/wp\/v2\/media?parent=5697"}],"wp:term":[{"taxonomy":"category","embeddable":true,"href":"https:\/\/workinjuryrights.com\/es\/wp-json\/wp\/v2\/categories?post=5697"},{"taxonomy":"post_tag","embeddable":true,"href":"https:\/\/workinjuryrights.com\/es\/wp-json\/wp\/v2\/tags?post=5697"}],"curies":[{"name":"wp","href":"https:\/\/api.w.org\/{rel}","templated":true}]}}