{"id":5698,"date":"2021-08-13T19:42:29","date_gmt":"2021-08-13T19:42:29","guid":{"rendered":"https:\/\/workinjuryrights.com\/coral-gables\/workers-compensation-disputes\/"},"modified":"2022-02-04T15:23:16","modified_gmt":"2022-02-04T15:23:16","slug":"disputas","status":"publish","type":"page","link":"https:\/\/workinjuryrights.com\/es\/coral-gables\/abogado-compensacion-laboral\/disputas\/","title":{"rendered":"Disputas de Compensaci\u00f3n Laboral en Coral Gables"},"content":{"rendered":"<p><span style=\"font-weight: 400;\">\u00bfQu\u00e9 hace despu\u00e9s de lesionarse en el trabajo? Muchos empleados en Coral Gables, Florida, no saben que tienen derecho a beneficios de compensaci\u00f3n despu\u00e9s de sufrir una lesi\u00f3n relacionada con el trabajo. Solo unos pocos empleados en esta regi\u00f3n conocen este derecho legal, pero solo un peque\u00f1o n\u00famero de empleados lesionados buscan estos beneficios. Esto se debe a que no es un proceso f\u00e1cil y la compa\u00f1\u00eda de seguros utilizar\u00e1 varios medios para denegar su reclamo.<\/span><\/p>\n<p><span style=\"font-weight: 400;\">Nuestros abogados de Work Injury Rights luchar\u00e1n por usted en las disputas de compensaci\u00f3n laboral en Coral Gables. Con la ayuda de nuestros abogados de compensaci\u00f3n laboral, tiene la mejor oportunidad de ser compensado. Tambi\u00e9n debe comprender que, al igual que nosotros estamos decididos a luchar por sus derechos, la compa\u00f1\u00eda de seguros y su empleador est\u00e1n decididos a negarle su reclamo.<\/span><\/p>\n<p><span style=\"font-weight: 400;\">Cuando se trata de las leyes de compensaci\u00f3n para trabajadores de Florida, nuestro equipo de <\/span><a href=\"https:\/\/workinjuryrights.com\/es\/coral-gables\/abogado-compensacion-laboral\/\"><span style=\"font-weight: 400;\">abogados de compensaci\u00f3n para trabajadores<\/span><span style=\"font-weight: 400;\"> de <\/span><span style=\"font-weight: 400;\">Coral Gables<\/span><\/a><span style=\"font-weight: 400;\"> tiene una experiencia combinada de m\u00e1s de cuarenta a\u00f1os. Eso significa que estamos al tanto de cada t\u00e1ctica que usan las compa\u00f1\u00edas de seguros y los empleadores para disputar el reclamo de un trabajador lesionado. Por lo tanto, comun\u00edquese con nuestro bufete de abogados hoy mismo llamando al <a href=\"tel:+19543888616\">954-388-8616<\/a> si sufri\u00f3 lesiones despu\u00e9s de estar involucrado en un accidente laboral.<\/span><\/p>\n<p><span style=\"font-weight: 400;\"><\/span><\/p>\n<h2><b>\u00bfCu\u00e1les son las causas de las disputas por compensaci\u00f3n laboral en Coral Gables, Florida?<\/b><\/h2>\n<p><span style=\"font-weight: 400;\">La raz\u00f3n por la que surgen disputas de compensaci\u00f3n para trabajadores es porque una de las partes involucradas, ya sea el empleador o el empleado, no cumple con las obligaciones legales necesarias. De acuerdo con las leyes de compensaci\u00f3n para trabajadores de Florida, su reclamo solo puede considerarse v\u00e1lido si cumple con todas las responsabilidades legales.<\/span><\/p>\n<p><span style=\"font-weight: 400;\">A continuaci\u00f3n se presentan las causas comunes de las disputas de compensaci\u00f3n laboral en Coral Gables, Florida:<\/span><\/p>\n<h3><b>Estado de Empleo<\/b><\/h3>\n<p><span style=\"font-weight: 400;\">En Coral Gables, Florida, su situaci\u00f3n laboral puede determinar si puede obtener beneficios de compensaci\u00f3n para trabajadores o no. Por lo tanto, es vital como empleado conocer su<\/span><\/p>\n<p><span style=\"font-weight: 400;\">Estado de Empleo. Esto se debe a que un empleador puede afirmar que un trabajador lesionado no era uno de su personal para negar ser responsable de las lesiones sufridas por el empleado.<\/span><\/p>\n<h3><b>Alcance externo del empleo<\/b><\/h3>\n<p><span style=\"font-weight: 400;\">Tambi\u00e9n se puede negar un reclamo de compensaci\u00f3n para trabajadores si el empleado lesionado sufri\u00f3 lesiones mientras estaba fuera de servicio. Seg\u00fan la ley, los beneficios de compensaci\u00f3n para trabajadores solo se pueden otorgar a un empleado lesionado si sufri\u00f3 lesiones relacionadas con el trabajo mientras estaba de servicio.<\/span><\/p>\n<h3><b>Falta de causalidad<\/b><\/h3>\n<p><span style=\"font-weight: 400;\">Una de las t\u00e1cticas utilizadas por los proveedores de seguros es afirmar que las lesiones sufridas no est\u00e1n relacionadas con el trabajo. Por lo tanto, como empleado lesionado, debe tener pruebas suficientes para respaldar su reclamo.<\/span><\/p>\n<h3><b>Fecha l\u00edmite perdida<\/b><\/h3>\n<p><span style=\"font-weight: 400;\">Un reclamo de compensaci\u00f3n para trabajadores lesionados tambi\u00e9n puede ser denegado si no se presenta en el momento apropiado. Si se rechaza su reclamo, debe presentar una petici\u00f3n de beneficios <\/span><span style=\"font-weight: 400;\">dentro de los 2 a\u00f1os<\/span><span style=\"font-weight: 400;\"> . Por lo tanto, despu\u00e9s de involucrarse en un accidente laboral, aseg\u00farese de comunicarse con los Abogados de Compensaci\u00f3n para Trabajadores para que lo ayuden a presentar su reclamo a tiempo.<\/span><\/p>\n<h3><b>Informaci\u00f3n inadecuada<\/b><\/h3>\n<p><span style=\"font-weight: 400;\">Otra causa com\u00fan de disputas por compensaci\u00f3n de trabajadores en Coral Gables, Florida, es la informaci\u00f3n inadecuada. Como empleado lesionado, debe proporcionar informaci\u00f3n genuina al presentar su reclamo de compensaci\u00f3n para trabajadores. Adem\u00e1s, tambi\u00e9n debe proporcionar pruebas de sus lesiones.<\/span><\/p>\n<h2><b>\u00bfQu\u00e9 hacer si se rechaza su reclamo de indemnizaci\u00f3n laboral en Coral Gables, Florida?<\/b><\/h2>\n<p><span style=\"font-weight: 400;\">Tiene derecho a apelar y revocar una denegaci\u00f3n en Florida. Si su reclamo ha sido denegado, debe comunicarse con un abogado con experiencia en compensaci\u00f3n para trabajadores en Coral Gables para obtener asesoramiento legal. En Work Injury Rights, nuestro equipo legal reunir\u00e1 evidencia y analizar\u00e1 los hechos de su caso para descubrir si su empleador y su compa\u00f1\u00eda de seguros negaron injustamente su reclamo de compensaci\u00f3n para trabajadores.<\/span><\/p>\n<p><span style=\"font-weight: 400;\">Si descubrimos que tiene un caso, apelaremos la decisi\u00f3n en la Oficina de Jueces de Reclamaciones de Compensaci\u00f3n (OJCC). Se entregar\u00e1n copias de la apelaci\u00f3n a su empleador y su compa\u00f1\u00eda de seguros, quienes deben responder dentro de los 14 d\u00edas. Recuerde, tiene dos a\u00f1os a partir de la fecha de su accidente en el lugar de trabajo para presentar una reclamaci\u00f3n de compensaci\u00f3n para trabajadores en Florida.<\/span><\/p>\n<p><a href=\"https:\/\/workinjuryrights.com\/wp-content\/uploads\/2021\/08\/workers-compensation-disputes-in-Coral-Gables-FL.jpg\"><img fetchpriority=\"high\" decoding=\"async\" class=\"alignnone size-full wp-image-3367\" src=\"https:\/\/workinjuryrights.com\/wp-content\/uploads\/2021\/08\/workers-compensation-disputes-in-Coral-Gables-FL.jpg\" alt=\"Concept of workers' compensation disputes in Coral Gables, Florida\" width=\"500\" height=\"375\" srcset=\"https:\/\/workinjuryrights.com\/wp-content\/uploads\/2021\/08\/workers-compensation-disputes-in-Coral-Gables-FL.jpg 500w, https:\/\/workinjuryrights.com\/wp-content\/uploads\/2021\/08\/workers-compensation-disputes-in-Coral-Gables-FL-300x225.jpg 300w\" sizes=\"(max-width: 500px) 100vw, 500px\" \/><\/a><\/p>\n<h2><b>\u00bfCu\u00e1les son los tipos de disputas por compensaci\u00f3n laboral?<\/b><\/h2>\n<p><span style=\"font-weight: 400;\">Las disputas de compensaci\u00f3n para trabajadores en Coral Gables, Florida, generalmente se clasifican en dos categor\u00edas como se indica a continuaci\u00f3n:<\/span><\/p>\n<h3><b>Disputas m\u00e9dicas<\/b><\/h3>\n<p><span style=\"font-weight: 400;\">Las disputas m\u00e9dicas est\u00e1n destinadas a cubrir cualquier desacuerdo relacionado con el tratamiento m\u00e9dico del trabajador lesionado. Su abogado de compensaci\u00f3n para trabajadores describir\u00e1 varios temas relacionados con sus lesiones laborales, incluidas disputas de responsabilidad, disputas de rehabilitaci\u00f3n, disputas de manejo de lesiones, as\u00ed como disputas por discapacidad permanente.<\/span><\/p>\n<h3><b>Reclamar disputas<\/b><\/h3>\n<p><span style=\"font-weight: 400;\">El prop\u00f3sito de las disputas de reclamos es resolver cualquier problema relacionado con reclamos de compensaci\u00f3n para trabajadores. Algunos de los factores que se tratan en las disputas de reclamos son las disputas de primas y las disputas de compensaci\u00f3n para trabajadores en Coral Gables.<\/span><\/p>\n<h2><b>\u00bfQu\u00e9 es el Proceso de Apelaciones y Disputas de Compensaci\u00f3n para Trabajadores en Florida?<\/b><\/h2>\n<p><span style=\"font-weight: 400;\">Una vez que reciba su rechazo, el primer paso que debe tomar es hablar con su empleador y su compa\u00f1\u00eda de seguros. Los casos como los errores administrativos pueden resolverse sin la intervenci\u00f3n del tribunal. El siguiente paso al plantear una disputa es comunicarse con la <\/span><a href=\"https:\/\/myfloridacfo.com\/Division\/wc\/Employee\/eao.htm\" target=\"_blank\" rel=\"noopener\"><span style=\"font-weight: 400;\">Oficina de Asistencia<\/span><span style=\"font-weight: 400;\"> al <\/span><span style=\"font-weight: 400;\">Empleador y Defensor\u00eda del Pueblo<\/span><\/a><span style=\"font-weight: 400;\">. Ellos consultar\u00e1n con el proveedor de seguros para averiguar si existe una manera amistosa de resolver su caso de compensaci\u00f3n para trabajadores.<\/span><\/p>\n<p><span style=\"font-weight: 400;\">Si este proceso no funciona, nuestros abogados de compensaci\u00f3n de trabajadores de Coral Gables lo ayudar\u00e1n a presentar una <\/span><a href=\"https:\/\/www.jcc.state.fl.us\/JCC\/forms\/jccPFB.doc\" target=\"_blank\" rel=\"noopener\"><span style=\"font-weight: 400;\">Petici\u00f3n de Beneficios<\/span><\/a><span style=\"font-weight: 400;\"> dentro de los dos a\u00f1os posteriores a la fecha de su accidente en el lugar de trabajo. Su abogado debe enviar este formulario a la Oficina de Jueces de Reclamaciones de Compensaci\u00f3n (OJCC). La OJCC notificar\u00e1 a su empleador y su compa\u00f1\u00eda de seguros, quienes deben responder a su petici\u00f3n dentro de dos semanas o pagar sus beneficios de compensaci\u00f3n.<\/span><\/p>\n<p><span style=\"font-weight: 400;\">La siguiente etapa es la mediaci\u00f3n. Esta reuni\u00f3n se llevar\u00e1 a cabo en presencia de un tercero neutral que podr\u00eda ser un ex juez u otro abogado de compensaci\u00f3n de trabajadores. Work Injury Rights est\u00e1 preparado para representar sus intereses durante esta reuni\u00f3n informal con respecto a cualquier disputa de compensaci\u00f3n laboral en Coral Gables.<\/span><\/p>\n<p><span style=\"font-weight: 400;\">Si la mediaci\u00f3n no funciona, el proceso de apelaciones se dirigir\u00e1 a una audiencia previa al juicio. Esta audiencia debe realizarse dentro del condado donde sufri\u00f3 su lesi\u00f3n laboral. Aqu\u00ed, un juez escuchar\u00e1 los argumentos de ambos lados y emitir\u00e1 un juicio sobre su caso. Se llevar\u00e1 a cabo una audiencia final de su caso dentro de los 90 d\u00edas. Una vez que el juez haya escuchado los argumentos de ambas partes, emitir\u00e1 un veredicto por escrito sobre el asunto dentro de los 30 d\u00edas.<\/span><\/p>\n<p><span style=\"font-weight: 400;\">Si no est\u00e1 de acuerdo con la decisi\u00f3n del juez, puede presentar su apelaci\u00f3n final ante el Tribunal de Apelaciones del Primer Distrito. Esto debe hacerse dentro de los 30 d\u00edas posteriores a la recepci\u00f3n de la decisi\u00f3n del juez. El tribunal puede revocar la decisi\u00f3n de la OJCC, estar de acuerdo con la decisi\u00f3n o enviar el caso de vuelta a la OJCC para deliberaciones adicionales.<\/span><\/p>\n<h2><b>Llame a nuestros abogados para una consulta gratuita sobre cualquier disputa de indemnizaci\u00f3n laboral en Coral Gables<\/b><\/h2>\n<p><span style=\"font-weight: 400;\">Muchos trabajadores no pueden presentar su reclamo de compensaci\u00f3n para trabajadores despu\u00e9s de sufrir una lesi\u00f3n relacionada con el trabajo porque no conocen sus derechos o qu\u00e9 hacer despu\u00e9s de que su reclamo haya sido denegado. Sin embargo, nuestros abogados de compensaci\u00f3n para trabajadores pueden ayudarlo a superar el proceso de disputas de compensaci\u00f3n para trabajadores en Coral Gables.<\/span><\/p>\n<p><span style=\"font-weight: 400;\"><a href=\"\/\">P\u00f3ngase en contacto con Work Injury Rights<\/a> hoy mismo si desea que un abogado con experiencia proteja sus intereses. Una vez que se comunique con nuestra firma llamando al <a href=\"tel:+19543888616\">954-388-8616<\/a>, se le comunicar\u00e1 con uno de nuestros representantes legales, quien le ofrecer\u00e1 una consulta gratuita y responder\u00e1 cualquiera de sus preguntas sobre las disputas de compensaci\u00f3n para trabajadores en Coral Gables.<\/span><\/p>\n","protected":false},"excerpt":{"rendered":"<p>\u00bfQu\u00e9 hace despu\u00e9s de lesionarse en el trabajo? Muchos empleados en Coral Gables, Florida, no saben que tienen derecho a beneficios de compensaci\u00f3n despu\u00e9s de sufrir una lesi\u00f3n relacionada con el trabajo. Solo unos pocos empleados en esta regi\u00f3n conocen este derecho legal, pero solo un peque\u00f1o n\u00famero de empleados lesionados buscan estos beneficios. Esto [&hellip;]<\/p>\n","protected":false},"author":29,"featured_media":0,"parent":5693,"menu_order":0,"comment_status":"closed","ping_status":"closed","template":"","meta":{"_acf_changed":false,"anchor_text":"","footnotes":""},"categories":[],"tags":[45,113,108],"class_list":["post-5698","page","type-page","status-publish","hentry","tag-workers-compensation","tag-workers-compensation-es-2","tag-workers-compensation-es"],"acf":[],"_links":{"self":[{"href":"https:\/\/workinjuryrights.com\/es\/wp-json\/wp\/v2\/pages\/5698","targetHints":{"allow":["GET"]}}],"collection":[{"href":"https:\/\/workinjuryrights.com\/es\/wp-json\/wp\/v2\/pages"}],"about":[{"href":"https:\/\/workinjuryrights.com\/es\/wp-json\/wp\/v2\/types\/page"}],"author":[{"embeddable":true,"href":"https:\/\/workinjuryrights.com\/es\/wp-json\/wp\/v2\/users\/29"}],"replies":[{"embeddable":true,"href":"https:\/\/workinjuryrights.com\/es\/wp-json\/wp\/v2\/comments?post=5698"}],"version-history":[{"count":6,"href":"https:\/\/workinjuryrights.com\/es\/wp-json\/wp\/v2\/pages\/5698\/revisions"}],"predecessor-version":[{"id":7671,"href":"https:\/\/workinjuryrights.com\/es\/wp-json\/wp\/v2\/pages\/5698\/revisions\/7671"}],"up":[{"embeddable":true,"href":"https:\/\/workinjuryrights.com\/es\/wp-json\/wp\/v2\/pages\/5693"}],"wp:attachment":[{"href":"https:\/\/workinjuryrights.com\/es\/wp-json\/wp\/v2\/media?parent=5698"}],"wp:term":[{"taxonomy":"category","embeddable":true,"href":"https:\/\/workinjuryrights.com\/es\/wp-json\/wp\/v2\/categories?post=5698"},{"taxonomy":"post_tag","embeddable":true,"href":"https:\/\/workinjuryrights.com\/es\/wp-json\/wp\/v2\/tags?post=5698"}],"curies":[{"name":"wp","href":"https:\/\/api.w.org\/{rel}","templated":true}]}}