{"id":5700,"date":"2021-08-13T15:19:34","date_gmt":"2021-08-13T15:19:34","guid":{"rendered":"https:\/\/workinjuryrights.com\/coral-springs\/compensable-work-injuries\/"},"modified":"2022-03-14T18:48:48","modified_gmt":"2022-03-14T18:48:48","slug":"lesiones-laborales-indemnizables","status":"publish","type":"page","link":"https:\/\/workinjuryrights.com\/es\/coral-springs\/abogado-compensacion-laboral\/lesiones-laborales-indemnizables\/","title":{"rendered":"Lesiones Laborales Indemnizables en Coral Springs"},"content":{"rendered":"<p><span style=\"font-weight: 400;\">Independientemente de la naturaleza de su empleo, siempre corre el riesgo de sufrir una lesi\u00f3n debido a un accidente laboral. A diferencia de otros casos, puede recuperar los da\u00f1os sin emprender acciones legales contra su empleador si \u00e9ste incluye compensaci\u00f3n para trabajadores. Sin embargo, sus lesiones deben considerarse como lesiones laborales indemnizables en Coral Springs para que pueda recibir estos beneficios.<\/span><\/p>\n<p><span style=\"font-weight: 400;\">En Florida, su lesi\u00f3n debe haber ocurrido debido a actividades relacionadas con el trabajo y en el curso de su empleo para que pueda recibir beneficios. Esto significa que si se lesiona haciendo lo que se espera de usted en su trabajo, entonces merece ser compensado. Si su lesi\u00f3n no est\u00e1 relacionada con el trabajo, es posible que no reciba los beneficios de compensaci\u00f3n para trabajadores.<\/span><\/p>\n<p><span style=\"font-weight: 400;\">Si se lesion\u00f3 en el trabajo y no est\u00e1 seguro de que su lesi\u00f3n sea indemnizable, es importante que hable con un abogado. En Work Injury Rights, nuestros <\/span><span style=\"font-weight: 400;\"><a href=\"https:\/\/workinjuryrights.com\/es\/coral-springs\/abogado-compensacion-laboral\/\">abogados de compensaci\u00f3n para trabajadores de Coral Springs<\/a> se<\/span><span style=\"font-weight: 400;\"> especializan en la ley de Florida y pueden ayudarlo con su caso.<\/span><\/p>\n<p><span style=\"font-weight: 400;\">Ll\u00e1menos al <a href=\"tel:+19543888616\">954-388-8616<\/a> o complete nuestro <\/span><a href=\"https:\/\/workinjuryrights.com\/es\/contacto\/\"><span style=\"font-weight: 400;\">formulario en l\u00ednea<\/span><\/a><span style=\"font-weight: 400;\"> hoy para programar una evaluaci\u00f3n de caso y averiguar los beneficios a los que puede tener derecho por sus lesiones laborales indemnizables en Coral Springs.<\/span><\/p>\n<p><span style=\"font-weight: 400;\"> <\/span><\/p>\n<p><span style=\"font-weight: 400;\">]<\/span><b>\u00bfQu\u00e9 son las lesiones laborales indemnizables?<\/b><\/p>\n<p><span style=\"font-weight: 400;\">Seg\u00fan la compensaci\u00f3n para trabajadores, <\/span><a href=\"http:\/\/www.leg.state.fl.us\/statutes\/index.cfm?App_mode=Display_Statute&amp;URL=0400-0499\/0440\/0440.html#:~:text=440.09%E2%80%83Coverage.%E2%80%94,medical%20evidence%20only.\" target=\"_blank\" rel=\"noopener\"><span style=\"font-weight: 400;\">las lesiones indemnizables<\/span><\/a><span style=\"font-weight: 400;\"> son aquellas que ocurren debido a y en el curso del empleo de una persona, y resultan en una discapacidad o p\u00e9rdida de salario. Son lesiones que sufre un empleado mientras realiza lo que su trabajo le exige.<\/span><\/p>\n<p><span style=\"font-weight: 400;\">Los accidentes en el lugar de trabajo pueden ser devastadores y agotadores desde el punto de vista financiero, pero es importante reconocer que algunas lesiones no ser\u00e1n compensadas por la compensaci\u00f3n de trabajadores, incluso si ocurren en su lugar de trabajo. A continuaci\u00f3n se presentan algunas lesiones laborales comunes que son indemnizables en Coral Springs cubiertas por el seguro de compensaci\u00f3n para trabajadores:<\/span><\/p>\n<h3><b>Lesiones de espalda y cuello<\/b><\/h3>\n<p><span style=\"font-weight: 400;\">Estas lesiones son comunes entre los empleados del sector de la construcci\u00f3n y pueden ser causadas por la ca\u00edda de objetos, el levantamiento continuo de objetos pesados \u200b\u200bo accidentes automovil\u00edsticos.<\/span><\/p>\n<h3><b>Fracturas<\/b><\/h3>\n<p><span style=\"font-weight: 400;\">Los accidentes por resbalones, tropiezos y ca\u00eddas en los lugares de trabajo pueden f\u00e1cilmente resultar en fracturas. Los empleados que est\u00e1n involucrados en accidentes automovil\u00edsticos o son golpeados por objetos que caen tambi\u00e9n pueden sufrir fracturas.<\/span><\/p>\n<h3><b>Dolor en las articulaciones<\/b><\/h3>\n<p><span style=\"font-weight: 400;\">Las actividades repetitivas, como escribir a m\u00e1quina y levantar objetos pesados, son algunas de las causas comunes de dolor en las articulaciones, que pueden ser cr\u00f3nicas si un empleado no recibe tratamiento temprano.<\/span><\/p>\n<h3><b>Dislocaciones y huesos rotos<\/b><\/h3>\n<p><span style=\"font-weight: 400;\">Las ca\u00eddas desde alturas considerablemente peligrosas, a menudo experimentadas en sitios de construcci\u00f3n, pueden causar f\u00e1cilmente dislocaciones y fracturas de huesos. Estas lesiones tambi\u00e9n podr\u00edan ocurrir debido a accidentes automovil\u00edsticos de alto impacto.<\/span><\/p>\n<h3><b>Amputaciones<\/b><\/h3>\n<p><span style=\"font-weight: 400;\">La operaci\u00f3n de maquinaria pesada y el manejo de herramientas o equipos de corte grandes ponen a los trabajadores en riesgo de cortarse las extremidades cuando ocurre un accidente.<\/span><\/p>\n<h3><b>Par\u00e1lisis y lesi\u00f3n cerebral traum\u00e1tica (TBI)<\/b><\/h3>\n<p><span style=\"font-weight: 400;\">Estas son algunas de las lesiones que se consideran catastr\u00f3ficas ya que es posible que los empleados nunca puedan regresar al trabajo, como par\u00e1lisis y <\/span><a href=\"http:\/\/www.leg.state.fl.us\/statutes\/index.cfm?App_mode=Display_Statute&amp;URL=0400-0499\/0440\/0440.html#:~:text=440.09%E2%80%83Coverage.%E2%80%94,medical%20evidence%20only.\" target=\"_blank\" rel=\"noopener\"><span style=\"font-weight: 400;\">lesi\u00f3n cerebral traum\u00e1tica<\/span><\/a><span style=\"font-weight: 400;\">. Pueden surgir de ca\u00eddas de alto impacto, accidentes automovil\u00edsticos o ser golpeados por objetos pesados.<\/span><\/p>\n<h3><b>Cortes y laceraciones<\/b><\/h3>\n<p><span style=\"font-weight: 400;\">Estas lesiones son comunes cuando ocurren accidentes al trabajar con maquinaria o herramientas afiladas.<\/span><\/p>\n<h3><b>Quemaduras<\/b><\/h3>\n<p><span style=\"font-weight: 400;\">Los trabajadores que est\u00e1n constantemente expuestos a radiaci\u00f3n, calor excesivo o productos qu\u00edmicos corrosivos suelen correr el riesgo de sufrir quemaduras.<\/span><\/p>\n<h3><b>P\u00e9rdida de la audici\u00f3n<\/b><\/h3>\n<p><span style=\"font-weight: 400;\">La exposici\u00f3n constante a ruidos fuertes sin la protecci\u00f3n suficiente podr\u00eda provocar una p\u00e9rdida de audici\u00f3n a corto o largo plazo, y los trabajadores podr\u00edan recibir beneficios si pierden la capacidad auditiva.<\/span><\/p>\n<h3><b>Agravaci\u00f3n de condiciones preexistentes<\/b><\/h3>\n<p><span style=\"font-weight: 400;\">El agravamiento de condiciones preexistentes en el trabajo podr\u00eda obligar a los empleados a tomarse un tiempo libre y buscar tratamiento m\u00e9dico. Sin embargo, dichos trabajadores tienen que demostrar que su condici\u00f3n preexistente empeor\u00f3 por las actividades relacionadas con el trabajo solo para que puedan recibir beneficios por lesiones laborales compensables en Coral Springs.<\/span><\/p>\n<h3><b>Enfermedades profesionales<\/b><\/h3>\n<p><span style=\"font-weight: 400;\">Los empleados pueden recibir beneficios de compensaci\u00f3n para trabajadores si sufren enfermedades como resultado de sus actividades laborales. Para recibir los beneficios, necesitan un informe m\u00e9dico que indique que su enfermedad fue causada por su trabajo y nada m\u00e1s.<\/span><\/p>\n<p><a href=\"https:\/\/workinjuryrights.com\/wp-content\/uploads\/2021\/08\/worker-comp-benefits-1.jpg\"><img fetchpriority=\"high\" decoding=\"async\" class=\"alignnone wp-image-3268 size-full\" src=\"https:\/\/workinjuryrights.com\/wp-content\/uploads\/2021\/08\/worker-comp-benefits-1.jpg\" alt=\"Man being evaluated by doctor about his compensable work injuries in Coral Springs\" width=\"500\" height=\"268\" srcset=\"https:\/\/workinjuryrights.com\/wp-content\/uploads\/2021\/08\/worker-comp-benefits-1.jpg 500w, https:\/\/workinjuryrights.com\/wp-content\/uploads\/2021\/08\/worker-comp-benefits-1-300x161.jpg 300w\" sizes=\"(max-width: 500px) 100vw, 500px\" \/><\/a><\/p>\n<h2><b>\u00bfQu\u00e9 tipos de compensaci\u00f3n puede reclamar?<\/b><\/h2>\n<p><span style=\"font-weight: 400;\">Las lesiones laborales indemnizables en Coral Springs a menudo conducen a una discapacidad temporal o permanente y a la p\u00e9rdida de salarios, ya que es posible que un empleado lesionado no pueda reanudar el trabajo de inmediato. En tales situaciones, el empleado lesionado puede tener derecho a recibir los siguientes beneficios:<\/span><\/p>\n<h3><b>Beneficios m\u00e9dicos<\/b><\/h3>\n<p><span style=\"font-weight: 400;\">En la mayor\u00eda de los casos, deber\u00e1 buscar tratamiento m\u00e9dico si ha sufrido una lesi\u00f3n relacionada con el trabajo. Seg\u00fan la compensaci\u00f3n para trabajadores, la compa\u00f1\u00eda de seguros de su empleador pagar\u00e1 los gastos m\u00e9dicos si se consideran lesiones laborales compensables en Coral Springs.<\/span><\/p>\n<p><span style=\"font-weight: 400;\">Algunos de estos gastos m\u00e9dicos que est\u00e1n cubiertos por la compensaci\u00f3n de trabajadores incluyen:<\/span><\/p>\n<ul>\n<li><span style=\"font-weight: 400;\"> Visitas al m\u00e9dico<\/span><\/li>\n<li><span style=\"font-weight: 400;\"> Cirug\u00eda<\/span><\/li>\n<li><span style=\"font-weight: 400;\"> Medicamentos recetados<\/span><\/li>\n<li><span style=\"font-weight: 400;\"> Equipo m\u00e9dico como sillas de ruedas y muletas.<\/span><\/li>\n<li><span style=\"font-weight: 400;\"> Fisioterapia.<\/span><\/li>\n<\/ul>\n<h3><b>Beneficios de ingresos<\/b><\/h3>\n<p><span style=\"font-weight: 400;\">Estos beneficios se otorgan a los trabajadores que sufren una discapacidad, ya sea temporal o permanente, para cubrir parte de su salario perdido. Cada estado tiene sus propias reglas con respecto a estos beneficios y sus l\u00edmites, y es importante que hable con un abogado experimentado si no est\u00e1 seguro de los beneficios a los que tiene derecho.<\/span><\/p>\n<p><span style=\"font-weight: 400;\">A continuaci\u00f3n se presentan algunos de los beneficios de ingresos que los empleados lesionados en Florida pueden recibir bajo la compensaci\u00f3n de trabajadores:<\/span><\/p>\n<ul>\n<li><span style=\"font-weight: 400;\"> Beneficios por incapacidad total temporal, que se otorgan si un empleado falta al trabajo por m\u00e1s de 21 d\u00edas debido a su lesi\u00f3n o enfermedad.<\/span><\/li>\n<li><span style=\"font-weight: 400;\"> Tambi\u00e9n se pueden otorgar beneficios por discapacidad parcial temporal si un empleado regresa a trabajar despu\u00e9s de su lesi\u00f3n pero gana menos que su salario semanal promedio previo a la lesi\u00f3n.<\/span><\/li>\n<li><span style=\"font-weight: 400;\"> Los beneficios por discapacidad parcial permanente se otorgan a los trabajadores que han sufrido una discapacidad permanente pero que pueden realizar alg\u00fan trabajo o empleo remunerado.<\/span><\/li>\n<li><span style=\"font-weight: 400;\"> Los beneficios por incapacidad total permanente se otorgan a los trabajadores que se considera que han sufrido un impedimento permanente incluso despu\u00e9s de alcanzar la mejor\u00eda m\u00e9dica m\u00e1xima, y \u200b\u200bel impedimento les impide trabajar o participar en un empleo remunerado.<\/span><\/li>\n<\/ul>\n<p><span style=\"font-weight: 400;\">Llame a Work Injury Rights para saber si sus lesiones o enfermedades se consideran lesiones laborales indemnizables en Coral Springs.<\/span><\/p>\n<h2><b>\u00bfCu\u00e1nto tiempo tiene para solicitar una indemnizaci\u00f3n en Florida?<\/b><\/h2>\n<p><span style=\"font-weight: 400;\">En la mayor\u00eda de los casos de compensaci\u00f3n para trabajadores, los empleados tendr\u00e1n 2 a\u00f1os a partir de la fecha del accidente en el lugar de trabajo para presentar una Petici\u00f3n de Beneficios. Sin embargo, este l\u00edmite de tiempo puede extenderse por un a\u00f1o si recibe beneficios m\u00e9dicos o de indemnizaci\u00f3n de la compa\u00f1\u00eda de seguros de compensaci\u00f3n de trabajadores de su empleador. Comun\u00edquese con un abogado de compensaci\u00f3n para trabajadores en Work Injury Rights para obtener m\u00e1s informaci\u00f3n sobre sus lesiones laborales compensables en Coral Springs.<\/span><\/p>\n<h2><strong>Programe una consulta gratuita hoy mismo para obtener m\u00e1s informaci\u00f3n sobre las lesiones laborales indemnizables en Coral Springs<\/strong><\/h2>\n<p><span style=\"font-weight: 400;\">La compensaci\u00f3n para trabajadores ofrece cobertura para lesiones y enfermedades relacionadas con el trabajo. Por lo tanto, los empleados pueden recibir parte de su salario y la compa\u00f1\u00eda de seguros de su empleador puede pagar sus gastos m\u00e9dicos. Sin embargo, es importante tener en cuenta que su lesi\u00f3n debe ser compensable seg\u00fan la compensaci\u00f3n de trabajadores para que pueda recibir estos beneficios.<\/span><\/p>\n<p><span style=\"font-weight: 400;\">Si ha resultado lesionado en Coral Springs y no est\u00e1 seguro de si su lesi\u00f3n o enfermedad es indemnizable, debe hablar con un abogado. Comun\u00edquese hoy con <\/span><a href=\"\/\"><span style=\"font-weight: 400;\">Work Injury Rights<\/span><\/a><span style=\"font-weight: 400;\"> por <a href=\"tel:+19543888616\">954-388-8616<\/a> para hablar con uno de nuestros abogados de compensaci\u00f3n para trabajadores de Coral Springs sobre su caso.<\/span><\/p>\n","protected":false},"excerpt":{"rendered":"<p>Independientemente de la naturaleza de su empleo, siempre corre el riesgo de sufrir una lesi\u00f3n debido a un accidente laboral. A diferencia de otros casos, puede recuperar los da\u00f1os sin emprender acciones legales contra su empleador si \u00e9ste incluye compensaci\u00f3n para trabajadores. Sin embargo, sus lesiones deben considerarse como lesiones laborales indemnizables en Coral Springs [&hellip;]<\/p>\n","protected":false},"author":29,"featured_media":0,"parent":5702,"menu_order":0,"comment_status":"closed","ping_status":"closed","template":"","meta":{"_acf_changed":false,"anchor_text":"","footnotes":""},"categories":[],"tags":[45,113,108],"class_list":["post-5700","page","type-page","status-publish","hentry","tag-workers-compensation","tag-workers-compensation-es-2","tag-workers-compensation-es"],"acf":[],"_links":{"self":[{"href":"https:\/\/workinjuryrights.com\/es\/wp-json\/wp\/v2\/pages\/5700","targetHints":{"allow":["GET"]}}],"collection":[{"href":"https:\/\/workinjuryrights.com\/es\/wp-json\/wp\/v2\/pages"}],"about":[{"href":"https:\/\/workinjuryrights.com\/es\/wp-json\/wp\/v2\/types\/page"}],"author":[{"embeddable":true,"href":"https:\/\/workinjuryrights.com\/es\/wp-json\/wp\/v2\/users\/29"}],"replies":[{"embeddable":true,"href":"https:\/\/workinjuryrights.com\/es\/wp-json\/wp\/v2\/comments?post=5700"}],"version-history":[{"count":6,"href":"https:\/\/workinjuryrights.com\/es\/wp-json\/wp\/v2\/pages\/5700\/revisions"}],"predecessor-version":[{"id":8179,"href":"https:\/\/workinjuryrights.com\/es\/wp-json\/wp\/v2\/pages\/5700\/revisions\/8179"}],"up":[{"embeddable":true,"href":"https:\/\/workinjuryrights.com\/es\/wp-json\/wp\/v2\/pages\/5702"}],"wp:attachment":[{"href":"https:\/\/workinjuryrights.com\/es\/wp-json\/wp\/v2\/media?parent=5700"}],"wp:term":[{"taxonomy":"category","embeddable":true,"href":"https:\/\/workinjuryrights.com\/es\/wp-json\/wp\/v2\/categories?post=5700"},{"taxonomy":"post_tag","embeddable":true,"href":"https:\/\/workinjuryrights.com\/es\/wp-json\/wp\/v2\/tags?post=5700"}],"curies":[{"name":"wp","href":"https:\/\/api.w.org\/{rel}","templated":true}]}}