{"id":5701,"date":"2021-08-13T16:01:21","date_gmt":"2021-08-13T16:01:21","guid":{"rendered":"https:\/\/workinjuryrights.com\/coral-springs\/workers-compensation-mmi\/"},"modified":"2022-03-14T18:46:44","modified_gmt":"2022-03-14T18:46:44","slug":"mmm-maxima-mejoria-medica","status":"publish","type":"page","link":"https:\/\/workinjuryrights.com\/es\/coral-springs\/abogado-compensacion-laboral\/mmm-maxima-mejoria-medica\/","title":{"rendered":"M\u00e1xima mejor\u00eda m\u00e9dica de Coral Springs"},"content":{"rendered":"<p><span style=\"font-weight: 400;\">Cuando se lesiona en el trabajo, el proceso de recuperaci\u00f3n no siempre se desarrollar\u00e1 como usted desea. Esto puede llevar a una situaci\u00f3n en la que el proceso de recuperaci\u00f3n no sea tan sencillo como deber\u00eda ser. Esto incluye que termine con un diagn\u00f3stico de MMI de un profesional m\u00e9dico.<\/span><\/p>\n<p><span style=\"font-weight: 400;\">Para aquellos que se ocupan de casos de m\u00e1xima mejora m\u00e9dica de Coral Springs, querr\u00e1n aprender m\u00e1s sobre el proceso y cu\u00e1les son sus opciones legales. Esta es una ocurrencia com\u00fan con las lesiones en el lugar de trabajo y se reduce a su estrategia legal. En Work Injury Rights, nuestros <\/span><a href=\"https:\/\/workinjuryrights.com\/es\/coral-springs\/abogado-compensacion-laboral\/\"><span style=\"font-weight: 400;\">abogados de compensaci\u00f3n para trabajadores de Coral Springs<\/span><\/a><span style=\"font-weight: 400;\"> pueden ayudar con esta parte del proceso una vez que llame al <a href=\"tel:+19543888616\">954-388-8616<\/a>.<\/span><\/p>\n<p><span style=\"font-weight: 400;\"> <\/span><\/p>\n<h2><b>\u00bfQu\u00e9 es la Mejora M\u00e9dica M\u00e1xima (MMI)?<\/b><\/h2>\n<p><span style=\"font-weight: 400;\">Un diagn\u00f3stico de <\/span><a href=\"https:\/\/en.wikipedia.org\/wiki\/Maximum_medical_improvement\" target=\"_blank\" rel=\"noopener\"><span style=\"font-weight: 400;\">m\u00e1xima mejor\u00eda m\u00e9dica<\/span><\/a><span style=\"font-weight: 400;\"> est\u00e1 dise\u00f1ado para indicar que un paciente no mejorar\u00e1 su condici\u00f3n actual. Esto puede suceder cuando un m\u00e9dico pasa por una amplia gama de planes de tratamiento y agota todas sus opciones. Si la lesi\u00f3n no mejora, entonces podr\u00eda declararse como un diagn\u00f3stico de MMI. Esto est\u00e1 dise\u00f1ado para hacer las cosas oficiales indicando lo que el m\u00e9dico intent\u00f3 hacer y por qu\u00e9 no va a mejorar seg\u00fan las pr\u00e1cticas m\u00e9dicas actuales.<\/span><\/p>\n<p><span style=\"font-weight: 400;\">Para obtener m\u00e1s informaci\u00f3n sobre lo que esto implica, llame a Work Injury Rights al <a href=\"tel:+19543888616\">954-388-8616<\/a>.<\/span><\/p>\n<h2><b>\u00bfQui\u00e9n determina cu\u00e1ndo el empleado ha logrado la m\u00e1xima mejor\u00eda m\u00e9dica en Coral Springs?<\/b><\/h2>\n<p><span style=\"font-weight: 400;\">Un detalle en el que vas a querer pensar ser\u00e1 c\u00f3mo llega el diagn\u00f3stico de m\u00e1xima mejor\u00eda m\u00e9dica. Esto es algo de lo que te preguntar\u00e1s cuando se trata de hacer las cosas oficiales.<\/span><\/p>\n<p><span style=\"font-weight: 400;\">En general, se necesita un profesional m\u00e9dico del \u00e1rea para brindar el diagn\u00f3stico. Esta es una persona que estar\u00e1 calificada para trabajar en Florida y tendr\u00e1 experiencia en la elaboraci\u00f3n de un documento como este.<\/span><\/p>\n<p><span style=\"font-weight: 400;\">Cuando tenga el documento en la mano, ser\u00e1 m\u00e1s f\u00e1cil avanzar con el siguiente paso en el proceso legal. Esto incluye la creaci\u00f3n de una solicitud de beneficios de compensaci\u00f3n para trabajadores. Es mejor tener toda esta informaci\u00f3n lista para usar. Para obtener m\u00e1s informaci\u00f3n sobre c\u00f3mo va a funcionar el proceso, ll\u00e1menos al <a href=\"tel:+19543888616\">954-388-8616<\/a>.<\/span><\/p>\n<h2><b>\u00bfContin\u00faa el tratamiento m\u00e9dico despu\u00e9s de un diagn\u00f3stico de MMI?<\/b><\/h2>\n<p><span style=\"font-weight: 400;\">Con un caso de m\u00e1xima mejor\u00eda m\u00e9dica de Coral Springs, debe comprender el valor de un plan de tratamiento. A menudo se supone que no puede recibir tratamiento despu\u00e9s de un diagn\u00f3stico como este, pero eso es incorrecto. Es m\u00e1s que bienvenido a continuar con el plan de tratamiento con su m\u00e9dico.<\/span><\/p>\n<p><span style=\"font-weight: 400;\">Esto variar\u00e1 seg\u00fan el caso, pero el objetivo ser\u00e1 adaptar el tratamiento para ayudar a reducir los s\u00edntomas. Una persona que est\u00e1 luchando con su condici\u00f3n m\u00e9dica no se mantendr\u00e1 saludable tan pronto como llegue el diagn\u00f3stico. Va a ser un trabajo en progreso incluso si el objetivo es cuidar los s\u00edntomas subyacentes. Es por eso que lo ayudamos a comprender cu\u00e1les son sus derechos legales con respecto a la m\u00e1xima mejor\u00eda m\u00e9dica de Coral Springs.<\/span><\/p>\n<p><a href=\"https:\/\/workinjuryrights.com\/wp-content\/uploads\/2021\/08\/doctor-patient-consult-1.jpg\"><img fetchpriority=\"high\" decoding=\"async\" class=\"alignnone size-full wp-image-3280\" src=\"https:\/\/workinjuryrights.com\/wp-content\/uploads\/2021\/08\/doctor-patient-consult-1.jpg\" alt=\"Doctor discussing Coral Springs maximum medical improvement with patient\" width=\"500\" height=\"333\" srcset=\"https:\/\/workinjuryrights.com\/wp-content\/uploads\/2021\/08\/doctor-patient-consult-1.jpg 500w, https:\/\/workinjuryrights.com\/wp-content\/uploads\/2021\/08\/doctor-patient-consult-1-300x200.jpg 300w\" sizes=\"(max-width: 500px) 100vw, 500px\" \/><\/a><\/p>\n<h2><b>\u00bfQu\u00e9 puede suceder si no puede ir a trabajar y cumplir como sol\u00eda hacer despu\u00e9s de su diagn\u00f3stico de MMI?<\/b><\/h2>\n<p><span style=\"font-weight: 400;\">Una persona puede intentar volver a trabajar y no ofrecer el mismo valor que sol\u00eda ofrecer. Esta es una ocurrencia com\u00fan debido a la naturaleza de las lesiones en el lugar de trabajo. Si eres alguien que quiere volver al trabajo para intentarlo, est\u00e1 bien. Sin embargo, puede haber un momento en el que no pueda obtener los resultados que desea o seguir siendo tan eficiente como sea necesario para ofrecer valor a su trabajo.<\/span><\/p>\n<p><span style=\"font-weight: 400;\">Cuando esto suceda, querr\u00e1 buscar alternativas potenciales. Es posible que el empleador no le permita mantener el mismo trabajo o recibir la misma compensaci\u00f3n que sol\u00eda recibir en el pasado. Esto es algo para lo que hay que estar preparado en Coral Springs. Aqu\u00ed, en Work Injury Rights, nos tomamos el tiempo para discutir estas posibilidades con los casos de m\u00e1xima mejor\u00eda m\u00e9dica de Coral Springs. Para obtener m\u00e1s informaci\u00f3n sobre lo que podemos hacer, llame al <a href=\"tel:+19543888616\">954-388-8616<\/a> ahora mismo.<\/span><\/p>\n<h2><b>Ll\u00e1menos hoy para comprender su m\u00e1xima mejora m\u00e9dica en Coral Springs<\/b><\/h2>\n<p><span style=\"font-weight: 400;\">Es importante reconocer los matices que acompa\u00f1an a un diagn\u00f3stico de m\u00e1xima mejor\u00eda m\u00e9dica. Querr\u00e1 saber cu\u00e1les son los entresijos de este proceso. Puede ser un desaf\u00edo examinar las variables de un caso como este, ya que puede ser frustrante tratar.<\/span><\/p>\n<p><span style=\"font-weight: 400;\">Sabemos que esta es una situaci\u00f3n que ser\u00e1 dif\u00edcil de manejar, pero se puede hacer con nuestra ayuda. Nuestros expertos legales est\u00e1n certificados y se tomar\u00e1n el tiempo para hacer un esfuerzo adicional. Vamos a investigar mucho y discutiremos cada paso con usted.<\/span><\/p>\n<p><span style=\"font-weight: 400;\">Para obtener m\u00e1s informaci\u00f3n sobre lo que podemos hacer por usted, llame a Work Injury Rights al <a href=\"tel:+19543888616\">954-388-8616<\/a>. Vamos a revisar cada detalle y usted terminar\u00e1 con un plan legal completo. Esto es lo que nos distingue como bufete de abogados si se trata de un diagn\u00f3stico de m\u00e1xima mejora m\u00e9dica.<\/span><\/p>\n<p><span style=\"font-weight: 400;\">No vamos a perder su tiempo y nuestro objetivo ser\u00e1 comprometernos con la tarea que tenemos entre manos. Esto incluye personalizar el proceso legal y luego encontrar una soluci\u00f3n que valga la pena.<\/span><\/p>\n<h2><b>Programe hoy mismo una consulta gratuita con nuestros abogados de compensaci\u00f3n para trabajadores de Coral Springs<\/b><\/h2>\n<p><span style=\"font-weight: 400;\">Cuando se trata de la m\u00e1xima mejor\u00eda m\u00e9dica de Coral Springs, es esencial tener un plan en mente. Luchar\u00e1s con las secuelas de un caso como este y eso es normal. El objetivo es comprender cu\u00e1les son sus derechos legales y qu\u00e9 debe suceder para que se procese el reclamo.<\/span><\/p>\n<p><span style=\"font-weight: 400;\">Puede parecer dif\u00edcil manejar una situaci\u00f3n como esta, pero se puede hacer con la ayuda de un bufete de abogados calificado.<\/span><\/p>\n<p><span style=\"font-weight: 400;\">En <\/span><a href=\"\/\"><span style=\"font-weight: 400;\">Work Injury Rights<\/span><\/a><span style=\"font-weight: 400;\"> , somos un bufete de abogados que se dedica a brindar resultados y no tomar\u00e1 atajos en el camino. Para obtener m\u00e1s informaci\u00f3n sobre lo que podemos hacer por usted con los derechos de compensaci\u00f3n para trabajadores, lo mejor es llamar al <a href=\"tel:+19543888616\">954-388-8616<\/a>.<\/span><\/p>\n","protected":false},"excerpt":{"rendered":"<p>Cuando se lesiona en el trabajo, el proceso de recuperaci\u00f3n no siempre se desarrollar\u00e1 como usted desea. Esto puede llevar a una situaci\u00f3n en la que el proceso de recuperaci\u00f3n no sea tan sencillo como deber\u00eda ser. Esto incluye que termine con un diagn\u00f3stico de MMI de un profesional m\u00e9dico. Para aquellos que se ocupan [&hellip;]<\/p>\n","protected":false},"author":29,"featured_media":0,"parent":5702,"menu_order":0,"comment_status":"closed","ping_status":"closed","template":"","meta":{"_acf_changed":false,"anchor_text":"","footnotes":""},"categories":[],"tags":[45,113,108],"class_list":["post-5701","page","type-page","status-publish","hentry","tag-workers-compensation","tag-workers-compensation-es-2","tag-workers-compensation-es"],"acf":[],"_links":{"self":[{"href":"https:\/\/workinjuryrights.com\/es\/wp-json\/wp\/v2\/pages\/5701","targetHints":{"allow":["GET"]}}],"collection":[{"href":"https:\/\/workinjuryrights.com\/es\/wp-json\/wp\/v2\/pages"}],"about":[{"href":"https:\/\/workinjuryrights.com\/es\/wp-json\/wp\/v2\/types\/page"}],"author":[{"embeddable":true,"href":"https:\/\/workinjuryrights.com\/es\/wp-json\/wp\/v2\/users\/29"}],"replies":[{"embeddable":true,"href":"https:\/\/workinjuryrights.com\/es\/wp-json\/wp\/v2\/comments?post=5701"}],"version-history":[{"count":5,"href":"https:\/\/workinjuryrights.com\/es\/wp-json\/wp\/v2\/pages\/5701\/revisions"}],"predecessor-version":[{"id":6480,"href":"https:\/\/workinjuryrights.com\/es\/wp-json\/wp\/v2\/pages\/5701\/revisions\/6480"}],"up":[{"embeddable":true,"href":"https:\/\/workinjuryrights.com\/es\/wp-json\/wp\/v2\/pages\/5702"}],"wp:attachment":[{"href":"https:\/\/workinjuryrights.com\/es\/wp-json\/wp\/v2\/media?parent=5701"}],"wp:term":[{"taxonomy":"category","embeddable":true,"href":"https:\/\/workinjuryrights.com\/es\/wp-json\/wp\/v2\/categories?post=5701"},{"taxonomy":"post_tag","embeddable":true,"href":"https:\/\/workinjuryrights.com\/es\/wp-json\/wp\/v2\/tags?post=5701"}],"curies":[{"name":"wp","href":"https:\/\/api.w.org\/{rel}","templated":true}]}}