{"id":5702,"date":"2021-08-13T14:49:46","date_gmt":"2021-08-13T14:49:46","guid":{"rendered":"https:\/\/workinjuryrights.com\/coral-springs\/workers-compensation-lawyer\/"},"modified":"2023-08-22T09:32:21","modified_gmt":"2023-08-22T14:32:21","slug":"abogado-compensacion-laboral","status":"publish","type":"page","link":"https:\/\/workinjuryrights.com\/es\/coral-springs\/abogado-compensacion-laboral\/","title":{"rendered":"Abogado de Compensaci\u00f3n Laboral de Coral Springs"},"content":{"rendered":"<p><span style=\"font-weight: 400;\">Los accidentes en el lugar de trabajo ocurren todos los d\u00edas en Florida y en todo Estados Unidos. m\u00e1s propenso a sufrir lesiones laborales. Todos los empleados de Florida merecen una compensaci\u00f3n despu\u00e9s de sufrir una lesi\u00f3n o una enfermedad debido a la naturaleza de su trabajo. Una lesi\u00f3n laboral puede causar dolor y sufrimiento, p\u00e9rdida de ingresos y p\u00e9rdida de empleo.<\/span><\/p>\n<p><span style=\"font-weight: 400;\">Si ha sufrido una lesi\u00f3n en el trabajo en Coral Springs, es posible que tenga derecho a beneficios de compensaci\u00f3n. Debe considerar comunicarse con un abogado competente en compensaci\u00f3n para trabajadores de Coral Springs para determinar si tiene un caso. Work Injury Rights est\u00e1 preparado para ayudarlo con todos los aspectos de su caso en <\/span><a href=\"https:\/\/workinjuryrights.com\/es\/coral-springs\/\"><span style=\"font-weight: 400;\">Coral Springs<\/span><\/a><span style=\"font-weight: 400;\"> . Llame al <a href=\"tel:+19543888616\">954-388-8616<\/a> ahora para programar la revisi\u00f3n gratuita de su caso. Recuerde, no paga nada a menos que ganemos su caso.<\/span><\/p>\n<p><span style=\"font-weight: 400;\"> <\/span><\/p>\n<h2><b>\u00bfQu\u00e9 es la Compensaci\u00f3n para Trabajadores?<\/b><\/h2>\n<p><span style=\"font-weight: 400;\">Todos los empleados en Florida tienen derecho a beneficios de compensaci\u00f3n para trabajadores despu\u00e9s de accidentes laborales. La compensaci\u00f3n para trabajadores es un tipo de seguro comercial que cubre a los empleados en caso de que se lesionen o se enfermen como resultado de su trabajo.<\/span><\/p>\n<p><span style=\"font-weight: 400;\">Si ha resultado lesionado despu\u00e9s de un accidente laboral en Coral Springs, FL, puede tener derecho a los siguientes beneficios de compensaci\u00f3n:<\/span><\/p>\n<ul>\n<li><span style=\"font-weight: 400;\"> Gastos m\u00e9dicos, como costos de cirug\u00eda relacionados con su lesi\u00f3n laboral.<\/span><\/li>\n<li><span style=\"font-weight: 400;\"> Costos de fisioterapia<\/span><\/li>\n<li><span style=\"font-weight: 400;\"> Recetas recetadas por un m\u00e9dico tratante autorizado<\/span><\/li>\n<li><span style=\"font-weight: 400;\"> Gastos de viaje relacionados con su lesi\u00f3n en el lugar de trabajo.<\/span><\/li>\n<li><span style=\"font-weight: 400;\"> Gastos de rehabilitaci\u00f3n vocacional para ayudarlo a volver al trabajo despu\u00e9s de su lesi\u00f3n.<\/span><\/li>\n<li><span style=\"font-weight: 400;\"> Beneficios por fallecimiento para los dependientes que quedan despu\u00e9s del fallecimiento de un trabajador.<\/span><\/li>\n<\/ul>\n<p><span style=\"font-weight: 400;\">Cada estado tiene diferentes leyes de compensaci\u00f3n para trabajadores para proteger tanto a los empleados como a los empleadores despu\u00e9s de los accidentes laborales. Necesita el asesoramiento legal de un abogado con experiencia en compensaci\u00f3n para trabajadores de Coral Springs para que lo ayude a obtener la justicia que se merece despu\u00e9s de una lesi\u00f3n laboral. Work Injury Rights est\u00e1 listo para impulsar los m\u00e1ximos beneficios de compensaci\u00f3n para compensar cualquier da\u00f1o asociado con su lesi\u00f3n laboral.<\/span><\/p>\n<h2><b>\u00bfQu\u00e9 debo hacer si me lesiono en el trabajo?<\/b><\/h2>\n<p><span style=\"font-weight: 400;\">Como se indic\u00f3 anteriormente, la Oficina de Estad\u00edsticas Laborales de EE. UU. Informa que los empleadores de la industria privada informaron <\/span><a href=\"https:\/\/www.bls.gov\/news.release\/pdf\/osh.pdf\" target=\"_blank\" rel=\"noopener\"><span style=\"font-weight: 400;\">2.8 millones de lesiones y enfermedades no fatales<\/span><\/a><span style=\"font-weight: 400;\"> en 2019.<\/span><\/p>\n<p><span style=\"font-weight: 400;\">En Work Injury Rights, nuestros abogados de compensaci\u00f3n para trabajadores de Coral Springs aconsejan a los trabajadores que han resultado lesionados en el trabajo que sigan estos pasos:<\/span><\/p>\n<ul>\n<li><span style=\"font-weight: 400;\"> Notifique a su empleador de inmediato sobre su lesi\u00f3n laboral. Recuerde, tiene <\/span><span style=\"font-weight: 400;\">30 d\u00edas<\/span><span style=\"font-weight: 400;\"> para reportar su lesi\u00f3n en Florida.<\/span><\/li>\n<li><span style=\"font-weight: 400;\"> Busque tratamiento m\u00e9dico y siga las \u00f3rdenes de su m\u00e9dico.<\/span><\/li>\n<li><span style=\"font-weight: 400;\"> Mantenga un registro de todos sus s\u00edntomas y gastos relacionados con las lesiones.<\/span><\/li>\n<li><span style=\"font-weight: 400;\"> Tomar evidencia fotogr\u00e1fica de cualquier lesi\u00f3n visible y cualquier peligro en el lugar de trabajo que pueda haber provocado un accidente en el lugar de trabajo.<\/span><\/li>\n<li><span style=\"font-weight: 400;\"> Comun\u00edquese con un abogado de compensaci\u00f3n para trabajadores de Coral Springs para que lo ayude a presentar una reclamaci\u00f3n de compensaci\u00f3n para trabajadores.<\/span><\/li>\n<li><span style=\"font-weight: 400;\"> Descanse y recup\u00e9rese mientras Work Injury Rights maneja su reclamo.<\/span><\/li>\n<\/ul>\n<p><span style=\"font-weight: 400;\">Seguir estos puede ayudarlo a maximizar sus posibilidades de recibir una compensaci\u00f3n completa y justa por sus da\u00f1os.<\/span><\/p>\n<h2><b>\u00bfCu\u00e1les son las lesiones por accidentes laborales m\u00e1s comunes?<\/b><\/h2>\n<p><span style=\"font-weight: 400;\">Nadie es inmune a las lesiones en el lugar de trabajo. Desde trabajadores manuales hasta ejecutivos, los accidentes en el lugar de trabajo pueden dejar a cualquiera con lesiones graves. Pueden ocurrir en cualquier industria. Algunas de las lesiones por accidentes laborales m\u00e1s comunes incluyen:<\/span><\/p>\n<ul>\n<li><span style=\"font-weight: 400;\"> Lesiones de espalda y cuello<\/span><\/li>\n<li><span style=\"font-weight: 400;\"> Quemaduras por explosiones, incendios y productos qu\u00edmicos t\u00f3xicos.<\/span><\/li>\n<li><span style=\"font-weight: 400;\"> Fracturas de huesos<\/span><\/li>\n<li><span style=\"font-weight: 400;\"> Amputaciones<\/span><\/li>\n<li><span style=\"font-weight: 400;\"> p\u00e9rdida de audici\u00f3n<\/span><\/li>\n<li><span style=\"font-weight: 400;\"> Dolor articular<\/span><\/li>\n<li><span style=\"font-weight: 400;\"> Accidentes por tropiezos, resbalones y ca\u00eddas<\/span><\/li>\n<li><span style=\"font-weight: 400;\"> Accidentes en sitios de construcci\u00f3n<\/span><\/li>\n<li><span style=\"font-weight: 400;\"> Accidentes durante viajes de negocios oficiales<\/span><\/li>\n<li><span style=\"font-weight: 400;\"> Accidentes provocados por maquinaria o equipo de trabajo.<\/span><\/li>\n<\/ul>\n<p><a href=\"https:\/\/workinjuryrights.com\/wp-content\/uploads\/2021\/08\/lawyer-client-explaining-case.jpg\"><img fetchpriority=\"high\" decoding=\"async\" class=\"alignnone size-full wp-image-3275\" src=\"https:\/\/workinjuryrights.com\/wp-content\/uploads\/2021\/08\/lawyer-client-explaining-case.jpg\" alt=\"Coral Springs workers' compensation lawyer explaining the case to an employee.\" width=\"500\" height=\"334\" srcset=\"https:\/\/workinjuryrights.com\/wp-content\/uploads\/2021\/08\/lawyer-client-explaining-case.jpg 500w, https:\/\/workinjuryrights.com\/wp-content\/uploads\/2021\/08\/lawyer-client-explaining-case-300x200.jpg 300w\" sizes=\"(max-width: 500px) 100vw, 500px\" \/><\/a><\/p>\n<h2><b>\u00bfPor qu\u00e9 deber\u00eda contratar a un abogado de compensaci\u00f3n laboral en Coral Springs?<\/b><\/h2>\n<p><span style=\"font-weight: 400;\">Despu\u00e9s de una lesi\u00f3n laboral, es recomendable contratar a un abogado experimentado en lesiones laborales en Coral Springs mientras descansa y se recupera. En Work Injury Rights, nuestro equipo legal presionar\u00e1 para obtener la m\u00e1xima compensaci\u00f3n en su caso de compensaci\u00f3n para trabajadores de Florida.<\/span><\/p>\n<p><span style=\"font-weight: 400;\">As\u00ed es como pueden ayudar nuestros abogados de compensaci\u00f3n para trabajadores de Coral Springs:<\/span><\/p>\n<ul>\n<li><span style=\"font-weight: 400;\"> Investigar y recopilar pruebas relevantes relacionadas con su caso.<\/span><\/li>\n<li><span style=\"font-weight: 400;\"> Presenta tu reclamo antes de que sea demasiado tarde.<\/span><\/li>\n<li><span style=\"font-weight: 400;\"> Manejar las conversaciones de conciliaci\u00f3n con su empleador y su compa\u00f1\u00eda de seguros.<\/span><\/li>\n<li><span style=\"font-weight: 400;\"> Demandar a un tercero.<\/span><\/li>\n<li><span style=\"font-weight: 400;\"> Manejar su despido injustificado o cualquier problema relacionado con el pago retrasado de los beneficios.<\/span><\/li>\n<\/ul>\n<h2><b>\u00bfCu\u00e1nto cuesta contratar a un abogado de compensaci\u00f3n laboral en Coral Springs?<\/b><\/h2>\n<p><span style=\"font-weight: 400;\">Los abogados de compensaci\u00f3n para trabajadores de Coral Springs y el equipo legal de Work Injury Rights operan en base a honorarios de contingencia. Esto implica que solo nos pagan despu\u00e9s de que ganemos su caso. A\u00fan as\u00ed, nos regimos por las estructuras establecidas de <\/span><a href=\"http:\/\/www.leg.state.fl.us\/statutes\/index.cfm?App_mode=Display_Statute&amp;URL=0400-0499\/0440\/Sections\/0440.34.html\" target=\"_blank\" rel=\"noopener\"><span style=\"font-weight: 400;\">honorarios de abogados<\/span><\/a><span style=\"font-weight: 400;\"> en el estado de Florida.<\/span><\/p>\n<p><span style=\"font-weight: 400;\">Los bufetes de abogados en Florida deben cobrar un m\u00e1ximo del 20% por los primeros $5,000 que obtiene un trabajador, el 15% de los siguientes $5,000, el 10% del resto durante 10 a\u00f1os y el 5% despu\u00e9s de 10 a\u00f1os.<\/span><\/p>\n<h2><b>\u00bfQu\u00e9 debo hacer si se rechaza mi reclamo de indemnizaci\u00f3n por accidentes de trabajo?<\/b><\/h2>\n<p><span style=\"font-weight: 400;\">Si su reclamo ha sido denegado en Florida, comun\u00edquese con un abogado experto en compensaci\u00f3n para trabajadores de Coral Springs lo antes posible.<\/span><\/p>\n<p><span style=\"font-weight: 400;\">En Work Injury Rights, nuestros abogados investigar\u00e1n los hechos de su caso de compensaci\u00f3n laboral y determinar\u00e1n si la compa\u00f1\u00eda de seguros actu\u00f3 de mala fe. Nuestro equipo legal est\u00e1 listo para ayudarlo a apelar la decisi\u00f3n en la <\/span><a href=\"https:\/\/www.jcc.state.fl.us\/jcc\/\" target=\"_blank\" rel=\"noopener\"><span style=\"font-weight: 400;\">Oficina de Jueces de Reclamaciones de Compensaci\u00f3n<\/span><\/a><span style=\"font-weight: 400;\"> .<\/span><\/p>\n<h2><b>\u00bfQu\u00e9 responsabilidad tiene el empleado al presentar una reclamaci\u00f3n de indemnizaci\u00f3n laboral?<\/b><\/h2>\n<p><span style=\"font-weight: 400;\">Despu\u00e9s de un accidente en el lugar de trabajo, es su responsabilidad como empleado:<\/span><\/p>\n<ul>\n<li><span style=\"font-weight: 400;\"> Informe su accidente a su empleador lo antes posible<\/span><\/li>\n<li><span style=\"font-weight: 400;\"> Busque tratamiento de emergencia despu\u00e9s de un accidente en el lugar de trabajo.<\/span><\/li>\n<li><span style=\"font-weight: 400;\"> Visite a un m\u00e9dico especificado por su empleador.<\/span><\/li>\n<li><span style=\"font-weight: 400;\"> Siga las instrucciones de su m\u00e9dico.<\/span><\/li>\n<\/ul>\n<h2><b>\u00bfQu\u00e9 responsabilidad tiene el empleador en el proceso de indemnizaci\u00f3n laboral?<\/b><\/h2>\n<p><span style=\"font-weight: 400;\">Despu\u00e9s de un accidente en el lugar de trabajo, es responsabilidad de su empleador investigar el accidente de inmediato. Los hechos relacionados con su accidente deben compartirse con el proveedor de seguros.<\/span><\/p>\n<p><span style=\"font-weight: 400;\">Su empleador tambi\u00e9n debe notificar a la compa\u00f1\u00eda de seguros sobre su lesi\u00f3n laboral y presentar un <\/span><a href=\"https:\/\/www.myfloridacfo.com\/Division\/WC\/pdf\/DFS-F2-DWC-1.pdf\" target=\"_blank\" rel=\"noopener\"><span style=\"font-weight: 400;\">primer informe de lesi\u00f3n<\/span><\/a><span style=\"font-weight: 400;\"> dentro de los siete d\u00edas. Este formulario tambi\u00e9n debe enviarse a la Divisi\u00f3n de Compensaci\u00f3n para Trabajadores de Florida.<\/span><\/p>\n<h2><b>\u00bfMe pueden despedir por reclamar un reclamo de compensaci\u00f3n para trabajadores?<\/b><\/h2>\n<p><span style=\"font-weight: 400;\">De acuerdo con el cap\u00edtulo 440.205 de los Estatutos de la Florida, ning\u00fan empleador puede despedir, intimidar o amenazar a un empleado por presentar un reclamo de compensaci\u00f3n para trabajadores. Si su empleador lo despidi\u00f3, nuestros abogados de compensaci\u00f3n para trabajadores en Coral Springs pueden ayudarlo a presentar una demanda por despido injustificado contra su empleador.<\/span><\/p>\n<h2><b>\u00bfExiste un l\u00edmite de tiempo para presentar un reclamo de compensaci\u00f3n para trabajadores en Coral Springs, Florida?<\/b><\/h2>\n<p><span style=\"font-weight: 400;\">En Florida, tiene <\/span><a href=\"https:\/\/www.myfloridacfo.com\/Division\/WC\/pdf\/DFS-F2-DWC-1.pdf\" target=\"_blank\" rel=\"noopener\"><span style=\"font-weight: 400;\">dos a\u00f1os<\/span><\/a> <span style=\"font-weight: 400;\">a partir de la fecha de su accidente en el lugar de trabajo para presentar una reclamaci\u00f3n de compensaci\u00f3n para trabajadores. Tambi\u00e9n puede presentar un reclamo de compensaci\u00f3n para trabajadores dentro de un a\u00f1o desde la \u00faltima vez que recibi\u00f3 beneficios por su lesi\u00f3n laboral con la ayuda de un abogado de compensaci\u00f3n para trabajadores de Coral Springs.<\/span><\/p>\n<h2><b>\u00bfPuedo demandar a mi empleador?<\/b><\/h2>\n<p><span style=\"font-weight: 400;\">El seguro de compensaci\u00f3n para trabajadores act\u00faa como un recurso exclusivo para la mayor\u00eda de las reclamaciones de compensaci\u00f3n. No puede demandar a su empleador si est\u00e1 cubierto por esta pol\u00edtica en Florida. Renuncia a su derecho a demandar a su empleador.<\/span><\/p>\n<p><span style=\"font-weight: 400;\">Sin embargo, existen ciertas circunstancias en las que puede ser elegible para demandar a su empleador. Por ejemplo, si su empleador no le proporcion\u00f3 el equipo de seguridad adecuado o lo oblig\u00f3 a seguir trabajando con una m\u00e1quina defectuosa, es posible que pueda demandar a su empleador.<\/span><\/p>\n<p><span style=\"font-weight: 400;\">Un abogado con experiencia en compensaci\u00f3n para trabajadores de Coral Springs puede asesorarlo en consecuencia durante tales situaciones.<\/span><\/p>\n<h2><b>\u00bfPuede un contratista independiente presentar una reclamaci\u00f3n de indemnizaci\u00f3n laboral?<\/b><\/h2>\n<p><span style=\"font-weight: 400;\">En Florida, la Ley de Compensaci\u00f3n para Trabajadores exime a ciertas personas de la cobertura obligatoria de compensaci\u00f3n para trabajadores.<\/span><\/p>\n<p><span style=\"font-weight: 400;\">Incluyen:<\/span><\/p>\n<ul>\n<li><span style=\"font-weight: 400;\"> Contratistas independientes<\/span><\/li>\n<li><span style=\"font-weight: 400;\"> Agentes inmobiliarios con licencia<\/span><\/li>\n<li><span style=\"font-weight: 400;\"> Empleados federales<\/span><\/li>\n<li><span style=\"font-weight: 400;\"> Corredores pagados por comisi\u00f3n.<\/span><\/li>\n<li><span style=\"font-weight: 400;\"> Reparadores que ganan menos de $ 2,000 por a\u00f1o<\/span><\/li>\n<\/ul>\n<p><span style=\"font-weight: 400;\">Si usted es un contratista independiente en Florida, lo m\u00e1s probable es que no est\u00e9 cubierto por esta p\u00f3liza de seguro. Es posible que no sea elegible para solicitar beneficios de compensaci\u00f3n despu\u00e9s de una lesi\u00f3n en el lugar de trabajo.<\/span><\/p>\n<p><span style=\"font-weight: 400;\">Para obtener m\u00e1s informaci\u00f3n, llame a nuestros abogados de compensaci\u00f3n para trabajadores de Coral Springs al <a href=\"tel:+19543888616\">954-388-8616<\/a>.<\/span><\/p>\n<h2><b>\u00bfCu\u00e1l es el valor de mi reclamo de compensaci\u00f3n para trabajadores de Coral Springs?<\/b><\/h2>\n<p><span style=\"font-weight: 400;\">Los empleados a menudo preguntan a los abogados de Work Injury Rights cu\u00e1nto valen sus reclamos. Esta es una de las <\/span><a href=\"https:\/\/www.myfloridacfo.com\/Division\/WC\/pdf\/DFS-F2-DWC-1.pdf\" target=\"_blank\" rel=\"noopener\"><span style=\"font-weight: 400;\">preguntas m\u00e1s frecuentes que<\/span><\/a><span style=\"font-weight: 400;\"> enfrentan nuestros abogados de compensaci\u00f3n para trabajadores de Coral Springs cuando tratan con trabajadores lesionados.<\/span><\/p>\n<p><span style=\"font-weight: 400;\">Si sufre lesiones despu\u00e9s de un accidente en el lugar de trabajo, puede recibir beneficios de compensaci\u00f3n para cubrir:<\/span><\/p>\n<ul>\n<li><span style=\"font-weight: 400;\"> Facturas m\u00e9dicas: la aseguradora de su empleador debe pagar todos los gastos m\u00e9dicos asociados con su accidente laboral.<\/span><\/li>\n<li><span style=\"font-weight: 400;\"> Salarios perdidos<\/span><\/li>\n<li><span style=\"font-weight: 400;\"> Gastos de viaje necesarios, como visitas al hospital y a la farmacia.<\/span><\/li>\n<li><span style=\"font-weight: 400;\"> Rehabilitaci\u00f3n f\u00edsica y vocacional<\/span><\/li>\n<li><span style=\"font-weight: 400;\"> Beneficios por discapacidad parcial temporal (TPD) si puede realizar una versi\u00f3n modificada de su trabajo anterior<\/span><\/li>\n<li><span style=\"font-weight: 400;\"> Beneficios por discapacidad total temporal (TTD) si est\u00e1 totalmente discapacitado y no puede regresar al trabajo<\/span><\/li>\n<li><span style=\"font-weight: 400;\"> Beneficios por muerte: tienen un l\u00edmite de $150,000 y est\u00e1n disponibles en caso de muerte de un trabajador debido a una lesi\u00f3n o enfermedad en el lugar de trabajo.<\/span><\/li>\n<\/ul>\n<h2><b>\u00bfTengo un caso de lesiones laborales? Llame a nuestros abogados de compensaci\u00f3n para trabajadores de Coral Springs para obtener m\u00e1s informaci\u00f3n<\/b><\/h2>\n<p><span style=\"font-weight: 400;\">Despu\u00e9s de una lesi\u00f3n laboral, es normal preocuparse y asustarse. Quiz\u00e1s se pregunte qui\u00e9n pagar\u00e1 sus facturas m\u00e9dicas y si podr\u00e1 regresar al trabajo. Si ha resultado lesionado en un accidente laboral en Florida, deber\u00eda considerar comunicarse con un abogado con experiencia en compensaci\u00f3n para trabajadores de Coral Springs.<\/span><\/p>\n<p><a href=\"\/\"><span style=\"font-weight: 400;\">Work Injury Rights<\/span><\/a><span style=\"font-weight: 400;\"> est\u00e1 listo para ayudarlo con todos los aspectos de su reclamo. Operamos sobre la base de una tarifa de contingencia. No tiene que preocuparse por las tarifas iniciales cuando se comunique con nosotros.<\/span><\/p>\n<p><a href=\"https:\/\/workinjuryrights.com\/es\/contacto\/\"><span style=\"font-weight: 400;\">Cont\u00e1ctenos<\/span><\/a><span style=\"font-weight: 400;\"> ahora para averiguar si tiene un caso. Nuestros abogados y equipo legal de compensaci\u00f3n para trabajadores de Coral Springs est\u00e1n listos para ayudarlo a obtener la justicia que se merece. Comience ahora para obtener los m\u00e1ximos beneficios de compensaci\u00f3n por su lesi\u00f3n laboral en Coral Springs, FL llam\u00e1ndonos hoy al <a href=\"tel:+19543888616\">954-388-8616<\/a>.<\/span><\/p>\n","protected":false},"excerpt":{"rendered":"<p>Los accidentes en el lugar de trabajo ocurren todos los d\u00edas en Florida y en todo Estados Unidos. m\u00e1s propenso a sufrir lesiones laborales. Todos los empleados de Florida merecen una compensaci\u00f3n despu\u00e9s de sufrir una lesi\u00f3n o una enfermedad debido a la naturaleza de su trabajo. Una lesi\u00f3n laboral puede causar dolor y sufrimiento, [&hellip;]<\/p>\n","protected":false},"author":29,"featured_media":0,"parent":5699,"menu_order":0,"comment_status":"closed","ping_status":"closed","template":"","meta":{"_acf_changed":false,"anchor_text":"","footnotes":""},"categories":[],"tags":[45,113,108],"class_list":["post-5702","page","type-page","status-publish","hentry","tag-workers-compensation","tag-workers-compensation-es-2","tag-workers-compensation-es"],"acf":[],"_links":{"self":[{"href":"https:\/\/workinjuryrights.com\/es\/wp-json\/wp\/v2\/pages\/5702","targetHints":{"allow":["GET"]}}],"collection":[{"href":"https:\/\/workinjuryrights.com\/es\/wp-json\/wp\/v2\/pages"}],"about":[{"href":"https:\/\/workinjuryrights.com\/es\/wp-json\/wp\/v2\/types\/page"}],"author":[{"embeddable":true,"href":"https:\/\/workinjuryrights.com\/es\/wp-json\/wp\/v2\/users\/29"}],"replies":[{"embeddable":true,"href":"https:\/\/workinjuryrights.com\/es\/wp-json\/wp\/v2\/comments?post=5702"}],"version-history":[{"count":7,"href":"https:\/\/workinjuryrights.com\/es\/wp-json\/wp\/v2\/pages\/5702\/revisions"}],"predecessor-version":[{"id":12670,"href":"https:\/\/workinjuryrights.com\/es\/wp-json\/wp\/v2\/pages\/5702\/revisions\/12670"}],"up":[{"embeddable":true,"href":"https:\/\/workinjuryrights.com\/es\/wp-json\/wp\/v2\/pages\/5699"}],"wp:attachment":[{"href":"https:\/\/workinjuryrights.com\/es\/wp-json\/wp\/v2\/media?parent=5702"}],"wp:term":[{"taxonomy":"category","embeddable":true,"href":"https:\/\/workinjuryrights.com\/es\/wp-json\/wp\/v2\/categories?post=5702"},{"taxonomy":"post_tag","embeddable":true,"href":"https:\/\/workinjuryrights.com\/es\/wp-json\/wp\/v2\/tags?post=5702"}],"curies":[{"name":"wp","href":"https:\/\/api.w.org\/{rel}","templated":true}]}}