{"id":5706,"date":"2021-08-13T15:12:42","date_gmt":"2021-08-13T15:12:42","guid":{"rendered":"https:\/\/workinjuryrights.com\/coral-springs\/workers-compensation-claims-process\/"},"modified":"2021-10-05T16:04:59","modified_gmt":"2021-10-05T16:04:59","slug":"proceso-reclamaciones-indemnizacion-laboral","status":"publish","type":"page","link":"https:\/\/workinjuryrights.com\/es\/coral-springs\/abogado-compensacion-laboral\/proceso-reclamaciones-indemnizacion-laboral\/","title":{"rendered":"Proceso de reclamos de indemnizaci\u00f3n laboral en Coral Springs"},"content":{"rendered":"<p><span style=\"font-weight: 400;\">Despu\u00e9s de lesionarse en el trabajo, el proceso de reclamos de compensaci\u00f3n para trabajadores en Coral Springs es una parte integral de su elegibilidad para recibir compensaci\u00f3n por sus lesiones. Es uno de esos detalles importantes que querr\u00e1 hacer bien sin tomar atajos. Al tener un equipo legal como Work Injury Rights a su lado, ser\u00e1 mucho m\u00e1s sencillo ver los resultados que busca.<\/span><\/p>\n<p><span style=\"font-weight: 400;\">Si esta es una situaci\u00f3n con la que est\u00e1 lidiando, entonces es el momento de llamarnos al <a href=\"tel:+19543888616\">954-388-8616<\/a>. Somos un bufete de abogados bien capacitado que est\u00e1 equipado para manejar este tipo de casos de frente. Estamos m\u00e1s que dispuestos a representarlo en Florida y presentar el reclamo cuando lo desee.<\/span><\/p>\n<p><span style=\"font-weight: 400;\">Cuando se trata de iniciar el proceso de reclamos de compensaci\u00f3n para trabajadores en Coral Springs, nadie lo hace mejor que nosotros. Los<\/span><a href=\"https:\/\/workinjuryrights.com\/es\/coral-springs\/abogado-compensacion-laboral\/\"><span style=\"font-weight: 400;\"> abogados de compensaci\u00f3n para trabajadores de Coral Springs<\/span><\/a><span style=\"font-weight: 400;\"> en Work Injury Rights est\u00e1n capacitados para ofrecer un gran valor y lo har\u00e1n de la manera correcta en todo momento.<\/span><\/p>\n<p><span style=\"font-weight: 400;\"> <\/span><\/p>\n<p><span style=\"font-weight: 400;\">\u00ab]<\/span><b>\u00bfC\u00f3mo puedo saber si mi lesi\u00f3n estar\u00e1 cubierta por el seguro de compensaci\u00f3n para trabajadores?<\/b><\/p>\n<p><span style=\"font-weight: 400;\">Esta es una de las preguntas que tendr\u00e1 una persona tan pronto como se le presente una situaci\u00f3n como esta. En general, estar\u00e1 cubierto con los beneficios de compensaci\u00f3n para trabajadores siempre que se lesione mientras representaba al empleador. A menudo se asume que la lesi\u00f3n tiene que ocurrir en el lugar de trabajo, pero eso es incorrecto. La lesi\u00f3n tiene que ocurrir cuando representa al empleador en cualquier situaci\u00f3n y eso incluye trabajar fuera del sitio.<\/span><\/p>\n<p><span style=\"font-weight: 400;\">Todo depender\u00e1 del tipo de trabajo que est\u00e9 haciendo y de la causa de la lesi\u00f3n. Si puede probar que la lesi\u00f3n ocurri\u00f3 debido al trabajo que estaba haciendo, eso lo har\u00e1 elegible para los beneficios de compensaci\u00f3n para trabajadores. Sabemos que ser\u00e1 un detalle confuso de administrar y ah\u00ed es donde entran en juego nuestros expertos legales. Podemos arrojar luz sobre lo que funciona para su caso y si puede o no presentar un reclamo, y c\u00f3mo comenzar el proceso de reclamos de compensaci\u00f3n para trabajadores en Coral Springs.<\/span><\/p>\n<p><span style=\"font-weight: 400;\">Si desea realizar el proceso de reclamos de compensaci\u00f3n para trabajadores en Coral Springs de la manera correcta, es mejor programar una consulta con nosotros en Work Injury Rights. Estaremos m\u00e1s que felices de discutir estos detalles tan pronto como llame al <a href=\"tel:+19543888616\">954-388-8616<\/a>.<\/span><\/p>\n<p><span style=\"font-weight: 400;\">Esta es una de esas situaciones en las que conseguir la ayuda de un experto legal ser\u00e1 de gran ayuda. Le proporcionar\u00e1 tranquilidad y aprender\u00e1 mucho m\u00e1s sobre lo que implica su caso. \u00c9sta es informaci\u00f3n importante que le ayudar\u00e1.<\/span><\/p>\n<h2><b>\u00bfCu\u00e1nto tiempo tiene para presentar una reclamaci\u00f3n de compensaci\u00f3n para trabajadores en Florida?<\/b><\/h2>\n<p><span style=\"font-weight: 400;\">Uno de los detalles clave que querr\u00e1 tener en cuenta ser\u00e1 el\u00a0<\/span><a href=\"http:\/\/www.leg.state.fl.us\/statutes\/index.cfm?App_mode=Display_Statute&amp;URL=0400-0499\/0440\/0440.html#:~:text=440.19%E2%80%83Time%20bars%20to%20filing%20petitions%20for%20benefits.%E2%80%94,23%2C%20ch.%2093-415%3B%20s.%20113%2C%20ch.%2097-103.\" target=\"_blank\" rel=\"noopener\"><span style=\"font-weight: 400;\">estatuto de limitaciones en Florida<\/span><\/a><span style=\"font-weight: 400;\"> . Este es un caso que va a tener un estatuto de limitaciones en vigor y se fijar\u00e1 en dos a\u00f1os desde el momento del incidente. Esto puede parecer tiempo suficiente, pero el reloj comenzar\u00e1 a correr de inmediato. Esto significa que querr\u00e1 comunicarse con un abogado de confianza en el estado lo antes posible para comenzar el proceso de reclamos de compensaci\u00f3n para trabajadores en Coral Springs.<\/span><\/p>\n<p><span style=\"font-weight: 400;\">Esto le dar\u00e1 a Work Injury Rights la oportunidad de elaborar una buena respuesta legal que conducir\u00e1 a un reclamo razonable. Cuanto m\u00e1s tiempo tenga, m\u00e1s f\u00e1cil ser\u00e1 pasar por el proceso legal. No se trata solo de superar la l\u00ednea de tiempo, sino tambi\u00e9n de avanzar con un reclamo cuando los hechos est\u00e1n frescos. Esto es de gran ayuda para que el reclamo se procese cuando lo desee.<\/span><\/p>\n<p><span style=\"font-weight: 400;\">Si le preocupa c\u00f3mo se desarrollar\u00e1 este proceso o cu\u00e1ndo ocurri\u00f3 el incidente, no dude en comenzar con los Derechos de Accidentes Laborales llamando al <a href=\"tel:+19543888616\">954-388-8616<\/a>. Discutiremos todas sus opciones junto con lo que debe suceder a continuaci\u00f3n en el proceso de reclamos de compensaci\u00f3n para trabajadores en Coral Springs.<\/span><a href=\"https:\/\/workinjuryrights.com\/wp-content\/uploads\/2021\/08\/report-work-injury-1.jpg\"><br \/>\n<img fetchpriority=\"high\" decoding=\"async\" class=\"alignnone size-full wp-image-3273\" src=\"https:\/\/workinjuryrights.com\/wp-content\/uploads\/2021\/08\/report-work-injury-1.jpg\" alt=\"Employee reporting an injury to supervisor beginning the workers' compensation claims process in Coral Springs\" width=\"500\" height=\"315\" srcset=\"https:\/\/workinjuryrights.com\/wp-content\/uploads\/2021\/08\/report-work-injury-1.jpg 500w, https:\/\/workinjuryrights.com\/wp-content\/uploads\/2021\/08\/report-work-injury-1-300x189.jpg 300w\" sizes=\"(max-width: 500px) 100vw, 500px\" \/><\/a><\/p>\n<h2><b>\u00bfC\u00f3mo presentar la reclamaci\u00f3n de compensaci\u00f3n para trabajadores en Florida?<\/b><\/h2>\n<p><span style=\"font-weight: 400;\">Querr\u00e1 aprender m\u00e1s sobre el\u00a0<\/span><a href=\"https:\/\/www.myfloridacfo.com\/division\/wc\/Employee\/default.htm\" target=\"_blank\" rel=\"noopener\"><span style=\"font-weight: 400;\">proceso de reclamos en Florida<\/span><\/a><span style=\"font-weight: 400;\">. El proceso de reclamos de compensaci\u00f3n para trabajadores en Coral Springs es sencillo e implicar\u00e1 acudir a un abogado de confianza en el estado. Al acudir a un abogado con experiencia en compensaci\u00f3n para trabajadores de Coral Springs, va a superar todos los problemas que surgen en una situaci\u00f3n como esta. El abogado lo guiar\u00e1 a trav\u00e9s del proceso y le aclarar\u00e1 cu\u00e1les son sus opciones legales.<\/span><\/p>\n<p><span style=\"font-weight: 400;\">En Work Injury Rights, estamos dedicados a la tarea y sabemos que esta es una parte esencial del proceso legal para usted. Debido a nuestros recursos legales, siempre daremos nuestro mejor esfuerzo y entregaremos un valor que valga la pena. Cuando se encuentra en una situaci\u00f3n en la que es hora de obtener los fondos adecuados para su futuro, lo mejor es presentar un reclamo de compensaci\u00f3n para trabajadores. Esto le permitir\u00e1 presentar su caso y seguir adelante con los beneficios que necesita en este momento.<\/span><\/p>\n<p><span style=\"font-weight: 400;\">Sabemos que esta es una fase importante en su vida y haremos todo lo posible para adaptarla a sus necesidades. Para obtener m\u00e1s informaci\u00f3n sobre lo que podemos hacer para ayudarlo con el proceso de reclamos de compensaci\u00f3n para trabajadores en Coral Springs, ll\u00e1menos al <a href=\"tel:+19543888616\">954-388-8616<\/a>.<\/span><\/p>\n<h2><b>Llame a nuestros abogados de confianza para obtener ayuda con el proceso de reclamos de compensaci\u00f3n para trabajadores en Coral Springs<\/b><\/h2>\n<p><span style=\"font-weight: 400;\">Puede ser un desaf\u00edo lidiar con una situaci\u00f3n en la que el proceso de reclamos de compensaci\u00f3n para trabajadores en Coral Springs es completamente desconocido para usted. Nos damos cuenta de esto en Work Injury Rights y nos tomamos el tiempo para escuchar lo que necesita durante el proceso.<\/span><\/p>\n<p><span style=\"font-weight: 400;\">Despu\u00e9s de haber pasado a\u00f1os trabajando en Florida, estamos comprometidos con la tarea y sabremos lo que necesita tan pronto como escuchemos su caso. Nuestro objetivo es tomarnos el tiempo para comprender lo que usted necesita en cada paso del camino. Si eso es lo que quieres, es hora de echar un vistazo a lo que traemos a la mesa.<\/span><\/p>\n<p><span style=\"font-weight: 400;\">Vamos a discutir todas sus opciones y elaborar un plan que funcionar\u00e1 bien. Esto incluye comenzar el proceso de reclamos de compensaci\u00f3n para trabajadores en Coral Springs lo antes posible. Para obtener m\u00e1s informaci\u00f3n sobre los\u00a0<\/span><a href=\"\/\"><span style=\"font-weight: 400;\">derechos en caso de accidentes laborales<\/span><\/a><span style=\"font-weight: 400;\"> y lo que hacemos, ll\u00e1menos r\u00e1pidamente al <a href=\"tel:+19543888616\">954-388-8616<\/a> o complete un<\/span>\u00a0<a href=\"https:\/\/workinjuryrights.com\/es\/contacto\/\"><span style=\"font-weight: 400;\">formulario de contacto<\/span><\/a><span style=\"font-weight: 400;\"> hoy mismo.<\/span><\/p>\n","protected":false},"excerpt":{"rendered":"<p>Despu\u00e9s de lesionarse en el trabajo, el proceso de reclamos de compensaci\u00f3n para trabajadores en Coral Springs es una parte integral de su elegibilidad para recibir compensaci\u00f3n por sus lesiones. Es uno de esos detalles importantes que querr\u00e1 hacer bien sin tomar atajos. Al tener un equipo legal como Work Injury Rights a su lado, [&hellip;]<\/p>\n","protected":false},"author":29,"featured_media":0,"parent":5702,"menu_order":0,"comment_status":"closed","ping_status":"closed","template":"","meta":{"_acf_changed":false,"anchor_text":"","footnotes":""},"categories":[],"tags":[113,108],"class_list":["post-5706","page","type-page","status-publish","hentry","tag-workers-compensation-es-2","tag-workers-compensation-es"],"acf":[],"_links":{"self":[{"href":"https:\/\/workinjuryrights.com\/es\/wp-json\/wp\/v2\/pages\/5706","targetHints":{"allow":["GET"]}}],"collection":[{"href":"https:\/\/workinjuryrights.com\/es\/wp-json\/wp\/v2\/pages"}],"about":[{"href":"https:\/\/workinjuryrights.com\/es\/wp-json\/wp\/v2\/types\/page"}],"author":[{"embeddable":true,"href":"https:\/\/workinjuryrights.com\/es\/wp-json\/wp\/v2\/users\/29"}],"replies":[{"embeddable":true,"href":"https:\/\/workinjuryrights.com\/es\/wp-json\/wp\/v2\/comments?post=5706"}],"version-history":[{"count":5,"href":"https:\/\/workinjuryrights.com\/es\/wp-json\/wp\/v2\/pages\/5706\/revisions"}],"predecessor-version":[{"id":6482,"href":"https:\/\/workinjuryrights.com\/es\/wp-json\/wp\/v2\/pages\/5706\/revisions\/6482"}],"up":[{"embeddable":true,"href":"https:\/\/workinjuryrights.com\/es\/wp-json\/wp\/v2\/pages\/5702"}],"wp:attachment":[{"href":"https:\/\/workinjuryrights.com\/es\/wp-json\/wp\/v2\/media?parent=5706"}],"wp:term":[{"taxonomy":"category","embeddable":true,"href":"https:\/\/workinjuryrights.com\/es\/wp-json\/wp\/v2\/categories?post=5706"},{"taxonomy":"post_tag","embeddable":true,"href":"https:\/\/workinjuryrights.com\/es\/wp-json\/wp\/v2\/tags?post=5706"}],"curies":[{"name":"wp","href":"https:\/\/api.w.org\/{rel}","templated":true}]}}