{"id":5707,"date":"2021-08-13T15:50:21","date_gmt":"2021-08-13T15:50:21","guid":{"rendered":"https:\/\/workinjuryrights.com\/coral-springs\/workers-compensation-disputes\/"},"modified":"2021-10-05T15:46:16","modified_gmt":"2021-10-05T15:46:16","slug":"disputas","status":"publish","type":"page","link":"https:\/\/workinjuryrights.com\/es\/coral-springs\/abogado-compensacion-laboral\/disputas\/","title":{"rendered":"Disputas de compensaci\u00f3n laboral en Coral Springs"},"content":{"rendered":"<p><span style=\"font-weight: 400;\">Los empleados en Florida tienen derecho a beneficios de compensaci\u00f3n despu\u00e9s de accidentes laborales. Desafortunadamente, no todos los empleados reciben compensaci\u00f3n para trabajadores despu\u00e9s de sufrir lesiones en el lugar de trabajo. Los empleadores y las compa\u00f1\u00edas de seguros a menudo niegan, deval\u00faan o retrasan los beneficios de compensaci\u00f3n. Esto, a su vez, conduce a disputas de compensaci\u00f3n para trabajadores en Coral Springs.<\/span><\/p>\n<p><span style=\"font-weight: 400;\">Si su empleador ha disputado su reclamo, es posible que a\u00fan pueda recibir una compensaci\u00f3n por sus lesiones. Su empleador y su compa\u00f1\u00eda de seguros no tienen la \u00faltima palabra.<\/span><\/p>\n<p><span style=\"font-weight: 400;\">Un abogado experto en compensaci\u00f3n para trabajadores puede asesorar si a\u00fan tiene un caso. Nuestros<\/span><a href=\"https:\/\/workinjuryrights.com\/es\/coral-springs\/abogado-compensacion-laboral\/\"><span style=\"font-weight: 400;\"> abogados de compensaci\u00f3n para trabajadores de Coral Springs<\/span><\/a><span style=\"font-weight: 400;\"> en Work Injury Rights pueden ayudarlo a apelar la decisi\u00f3n una vez que hayamos reunido evidencia relevante con respecto a su caso.<\/span><\/p>\n<p><span style=\"font-weight: 400;\">Cont\u00e1ctenos hoy para comenzar antes de que sea demasiado tarde para recuperar los beneficios de compensaci\u00f3n.<\/span><\/p>\n<p><span style=\"font-weight: 400;\"> <\/span><\/p>\n<h2><b>\u00bfCu\u00e1les son las causas de las disputas por compensaci\u00f3n laboral en Coral Springs?<\/b><\/h2>\n<p><span style=\"font-weight: 400;\">Hay muchas razones por las que se niegan los reclamos de compensaci\u00f3n para trabajadores en Florida. Tales decisiones a menudo conducen a disputas de compensaci\u00f3n para trabajadores en Coral Springs.<\/span><\/p>\n<p><span style=\"font-weight: 400;\">Algunas de las causas de estas disputas son:<\/span><\/p>\n<ul>\n<li><span style=\"font-weight: 400;\"> El empleado no cumpli\u00f3 con el plazo establecido.<\/span><span style=\"font-weight: 400;\"> \u00a0 <\/span><\/li>\n<li><span style=\"font-weight: 400;\"> El empleado no busc\u00f3 tratamiento m\u00e9dico.<\/span><span style=\"font-weight: 400;\"> \u00a0 <\/span><\/li>\n<li><span style=\"font-weight: 400;\"> La lesi\u00f3n ocurri\u00f3 fuera del \u00e1mbito del empleo.<\/span><span style=\"font-weight: 400;\"> \u00a0 <\/span><\/li>\n<li><span style=\"font-weight: 400;\"> La solicitud estaba incompleta.<\/span><span style=\"font-weight: 400;\"> \u00a0 <\/span><\/li>\n<li><span style=\"font-weight: 400;\"> Inconsistencia en los registros m\u00e9dicos y los informes de accidentes.<\/span><span style=\"font-weight: 400;\"> \u00a0 <\/span><\/li>\n<li><span style=\"font-weight: 400;\"> El empleado busc\u00f3 tratamiento de un m\u00e9dico no autorizado.<\/span><span style=\"font-weight: 400;\"> \u00a0 <\/span><\/li>\n<li><span style=\"font-weight: 400;\"> El empleado se neg\u00f3 a dar una declaraci\u00f3n grabada.<\/span><span style=\"font-weight: 400;\"> \u00a0 <\/span><\/li>\n<li><span style=\"font-weight: 400;\"> El empleado estaba intoxicado.<\/span><span style=\"font-weight: 400;\"> \u00a0 <\/span><\/li>\n<li><span style=\"font-weight: 400;\"> La lesi\u00f3n fue causada por juegos bruscos.<\/span><span style=\"font-weight: 400;\"> \u00a0 <\/span><\/li>\n<li><span style=\"font-weight: 400;\"> No hubo testigos<\/span><span style=\"font-weight: 400;\"> \u00a0 <\/span><\/li>\n<li><span style=\"font-weight: 400;\"> La situaci\u00f3n laboral del solicitante no es la de un empleado.<\/span><span style=\"font-weight: 400;\"> \u00a0 <\/span><\/li>\n<\/ul>\n<p><span style=\"font-weight: 400;\">Un abogado experimentado puede ayudar a resolver sus disputas de compensaci\u00f3n laboral en Coral Springs. En Work Injury Rights, nuestros abogados est\u00e1n listos para intercambiar ideas y desarrollar la mejor estrategia legal para resolver su caso.<\/span><\/p>\n<h2><b>\u00bfQu\u00e9 hacer si se rechaza su reclamo de indemnizaci\u00f3n laboral en Florida?<\/b><\/h2>\n<p><span style=\"font-weight: 400;\">Tiene derecho a apelar y revocar una denegaci\u00f3n en Florida. Si su reclamo ha sido denegado, debe comunicarse con un abogado con experiencia en compensaci\u00f3n para trabajadores en Coral Springs para obtener asesoramiento legal. En Work Injury Rights, nuestro equipo legal reunir\u00e1 evidencia y analizar\u00e1 los hechos de su caso para descubrir si su empleador y su compa\u00f1\u00eda de seguros negaron injustamente su reclamo de compensaci\u00f3n para trabajadores.<\/span><\/p>\n<p><span style=\"font-weight: 400;\">Si descubrimos que tiene un caso, apelaremos la decisi\u00f3n en la Oficina de Jueces de Reclamaciones de Compensaci\u00f3n (OJCC). Se entregar\u00e1n copias de la apelaci\u00f3n a su empleador y su compa\u00f1\u00eda de seguros, quienes deben responder dentro de los 14 d\u00edas. Recuerde, tiene <\/span><a href=\"http:\/\/www.leg.state.fl.us\/statutes\/index.cfm?App_mode=Display_Statute&amp;URL=0400-0499\/0440\/Sections\/0440.19.html\" target=\"_blank\" rel=\"noopener\"><span style=\"font-weight: 400;\">dos a\u00f1os<\/span><\/a> a<span style=\"font-weight: 400;\"> partir de la fecha de su accidente en el lugar de trabajo para presentar una reclamaci\u00f3n de compensaci\u00f3n para trabajadores en Florida.<\/span><\/p>\n<h2><b>\u00bfCu\u00e1les son los tipos de disputas por compensaci\u00f3n laboral?<\/b><\/h2>\n<p><span style=\"font-weight: 400;\">Las disputas de compensaci\u00f3n para trabajadores en Coral Springs ocurren debido a muchas razones. Algunos de los tipos comunes de disputas que manejan nuestros abogados de compensaci\u00f3n para trabajadores incluyen:<\/span><\/p>\n<h3><b>Disputas m\u00e9dicas<\/b><\/h3>\n<p><span style=\"font-weight: 400;\">La cobertura de compensaci\u00f3n para trabajadores de su empleador debe pagar todas sus facturas m\u00e9dicas despu\u00e9s de un accidente laboral en Florida. Esto incluye cirug\u00edas, pruebas de diagn\u00f3stico, medicamentos, facturas de ambulancia y costos de la sala de emergencias.<\/span><\/p>\n<p><span style=\"font-weight: 400;\">Sin embargo, este no es siempre el caso. Su empleador y su compa\u00f1\u00eda de seguros pueden negarse a pagar estas facturas. Pueden usar razones como su condici\u00f3n preexistente o afirmar que sus lesiones fueron auto-infligidas para disputar su caso.<\/span><\/p>\n<h3><b>Reclamar disputas<\/b><\/h3>\n<p><span style=\"font-weight: 400;\">Las disputas de reclamos surgen debido a problemas no relacionados con sus facturas m\u00e9dicas y de salud. Su empleador puede reclamar que su lesi\u00f3n no est\u00e1 relacionada con el trabajo o que no es indemnizable y rechazar su reclamo. Estas disputas tambi\u00e9n pueden surgir si no cumple con una fecha l\u00edmite o si la compa\u00f1\u00eda de seguros ha devaluado o retrasado sus beneficios de compensaci\u00f3n.<\/span><\/p>\n<p><span style=\"font-weight: 400;\">Las disputas de compensaci\u00f3n laboral en Coral Springs pueden ser complicadas y abrumadoras. El equipo legal de Work Injury Rights puede ayudar a resolver estas disputas y asegurar la compensaci\u00f3n que se merece. A veces, una simple llamada telef\u00f3nica de 15 minutos m\u00e1s varios correos electr\u00f3nicos de seguimiento pueden ser todo lo que necesita para resolver su disputa de compensaci\u00f3n para trabajadores de Coral Springs.<\/span><\/p>\n<p><a href=\"https:\/\/workinjuryrights.com\/wp-content\/uploads\/2021\/08\/lawyer-paperwork-desk.jpg\"><img fetchpriority=\"high\" decoding=\"async\" class=\"alignnone size-full wp-image-3277\" src=\"https:\/\/workinjuryrights.com\/wp-content\/uploads\/2021\/08\/lawyer-paperwork-desk.jpg\" alt=\"Coral Springs workers' compensation lawyer going through paperwork for workers' compensation disputes in Coral Springs\" width=\"500\" height=\"334\" srcset=\"https:\/\/workinjuryrights.com\/wp-content\/uploads\/2021\/08\/lawyer-paperwork-desk.jpg 500w, https:\/\/workinjuryrights.com\/wp-content\/uploads\/2021\/08\/lawyer-paperwork-desk-300x200.jpg 300w\" sizes=\"(max-width: 500px) 100vw, 500px\" \/><\/a><\/p>\n<h2><b>\u00bfQu\u00e9 est\u00e1 involucrado en el proceso de apelaciones y disputas de compensaci\u00f3n laboral en Florida?<\/b><\/h2>\n<p><span style=\"font-weight: 400;\">Una vez que reciba su rechazo, el primer paso que debe tomar es hablar con su empleador y su compa\u00f1\u00eda de seguros. Los casos como los errores administrativos pueden resolverse sin la intervenci\u00f3n del tribunal.<\/span><\/p>\n<p><span style=\"font-weight: 400;\">El siguiente paso al plantear una disputa es comunicarse con la <\/span><a href=\"https:\/\/myfloridacfo.com\/Division\/wc\/Employee\/eao.htm#:~:text=Bureau%20of%20Employee%20Assistance%20and%20Ombudsman%20Mailing%20Address%3A,32399-4225%20Toll-Free%3A%20%28800%29%20342-1741%20Central%20Office%3A%20%28850%29%20413-1610\" target=\"_blank\" rel=\"noopener\"><span style=\"font-weight: 400;\">Oficina de Asistencia al Empleador y Defensor\u00eda del Pueblo<\/span><\/a><span style=\"font-weight: 400;\"> . Ellos consultar\u00e1n con el proveedor de seguros para averiguar si existe una manera amistosa de resolver su caso de compensaci\u00f3n para trabajadores.<\/span><\/p>\n<p><span style=\"font-weight: 400;\">Si este proceso no funciona, nuestros abogados de compensaci\u00f3n de trabajadores de Coral Springs lo ayudar\u00e1n a presentar una<\/span>\u00a0<a href=\"https:\/\/www.jcc.state.fl.us\/JCC\/forms\/jccPFB.doc\" target=\"_blank\" rel=\"noopener\"><span style=\"font-weight: 400;\">Petici\u00f3n de Beneficios<\/span><\/a><span style=\"font-weight: 400;\"> dentro de los dos a\u00f1os posteriores a la fecha de su accidente en el lugar de trabajo. Su abogado debe enviar este formulario a la Oficina de Jueces de Reclamaciones de Compensaci\u00f3n (OJCC). La OJCC notificar\u00e1 a su empleador y su compa\u00f1\u00eda de seguros, quienes deben responder a su petici\u00f3n dentro de dos semanas o pagar sus beneficios de compensaci\u00f3n.<\/span><\/p>\n<p><span style=\"font-weight: 400;\">La siguiente etapa es la mediaci\u00f3n. Esta reuni\u00f3n se llevar\u00e1 a cabo en presencia de un tercero neutral que podr\u00eda ser un ex juez u otro abogado de compensaci\u00f3n de trabajadores. Work Injury Rights est\u00e1 preparado para representar sus intereses durante esta reuni\u00f3n informal.<\/span><\/p>\n<p><span style=\"font-weight: 400;\">Si la mediaci\u00f3n no funciona, el proceso de apelaciones se dirigir\u00e1 a una audiencia previa al juicio. Esta audiencia debe realizarse dentro del condado donde sufri\u00f3 su lesi\u00f3n laboral. Aqu\u00ed, un juez escuchar\u00e1 los argumentos de ambos lados y emitir\u00e1 un juicio sobre su caso.<\/span><\/p>\n<p><span style=\"font-weight: 400;\">Se llevar\u00e1 a cabo una audiencia final de su caso dentro de los 90 d\u00edas. Una vez que el juez haya escuchado los argumentos de ambas partes, emitir\u00e1 un veredicto por escrito sobre el asunto dentro de los 30 d\u00edas.<\/span><\/p>\n<p><span style=\"font-weight: 400;\">Si no est\u00e1 de acuerdo con la decisi\u00f3n del juez, puede presentar su apelaci\u00f3n final ante el Tribunal de Apelaciones del Primer Distrito. Esto debe hacerse dentro de los 30 d\u00edas posteriores a la recepci\u00f3n de la decisi\u00f3n del juez. El tribunal puede revocar la decisi\u00f3n de la OJCC, estar de acuerdo con la decisi\u00f3n o enviar el caso de vuelta a la OJCC para deliberaciones adicionales.<\/span><\/p>\n<p><span style=\"font-weight: 400;\">Esta etapa final de resoluci\u00f3n de disputas de compensaci\u00f3n para trabajadores en Coral Springs puede demorar un a\u00f1o o m\u00e1s para que se llegue a una resoluci\u00f3n amistosa. El equipo legal de Work Injury Rights est\u00e1 listo para ayudarlo a lidiar con este complicado proceso mientras descansa y se recupera.<\/span><\/p>\n<h2><b>Ll\u00e1menos ahora para obtener asesoramiento legal con respecto a sus disputas de compensaci\u00f3n laboral en Coral Springs<\/b><\/h2>\n<p><span style=\"font-weight: 400;\">Los empleados tienen derechos que los empleadores y las compa\u00f1\u00edas de seguros deben respetar. Si se lesiona en el trabajo, es posible que tenga derecho a beneficios de compensaci\u00f3n. Estos beneficios ayudan a cubrir sus gastos m\u00e9dicos y una parte de sus ingresos perdidos.<\/span><\/p>\n<p><span style=\"font-weight: 400;\">Desafortunadamente, su empleador y su compa\u00f1\u00eda de seguros pueden disputar su reclamo. Si se enfrenta a tal dilema, comun\u00edquese con un abogado confiable de compensaci\u00f3n para trabajadores de inmediato.<\/span><\/p>\n<p><span style=\"font-weight: 400;\">En<\/span><a href=\"\/\"><span style=\"font-weight: 400;\"> Work Injury Rights<\/span><\/a><span style=\"font-weight: 400;\"> , nuestro equipo legal est\u00e1 listo para luchar y proteger sus derechos. Recuerde, \u00a1no paga nada a menos que ganemos! Reserve su revisi\u00f3n gratuita de su caso ahora para comenzar a luchar contra cualquier disputa de compensaci\u00f3n laboral en Coral Springs.<\/span><\/p>\n","protected":false},"excerpt":{"rendered":"<p>Los empleados en Florida tienen derecho a beneficios de compensaci\u00f3n despu\u00e9s de accidentes laborales. Desafortunadamente, no todos los empleados reciben compensaci\u00f3n para trabajadores despu\u00e9s de sufrir lesiones en el lugar de trabajo. Los empleadores y las compa\u00f1\u00edas de seguros a menudo niegan, deval\u00faan o retrasan los beneficios de compensaci\u00f3n. Esto, a su vez, conduce a [&hellip;]<\/p>\n","protected":false},"author":29,"featured_media":0,"parent":5702,"menu_order":0,"comment_status":"closed","ping_status":"closed","template":"","meta":{"_acf_changed":false,"anchor_text":"","footnotes":""},"categories":[],"tags":[113,108],"class_list":["post-5707","page","type-page","status-publish","hentry","tag-workers-compensation-es-2","tag-workers-compensation-es"],"acf":[],"_links":{"self":[{"href":"https:\/\/workinjuryrights.com\/es\/wp-json\/wp\/v2\/pages\/5707","targetHints":{"allow":["GET"]}}],"collection":[{"href":"https:\/\/workinjuryrights.com\/es\/wp-json\/wp\/v2\/pages"}],"about":[{"href":"https:\/\/workinjuryrights.com\/es\/wp-json\/wp\/v2\/types\/page"}],"author":[{"embeddable":true,"href":"https:\/\/workinjuryrights.com\/es\/wp-json\/wp\/v2\/users\/29"}],"replies":[{"embeddable":true,"href":"https:\/\/workinjuryrights.com\/es\/wp-json\/wp\/v2\/comments?post=5707"}],"version-history":[{"count":5,"href":"https:\/\/workinjuryrights.com\/es\/wp-json\/wp\/v2\/pages\/5707\/revisions"}],"predecessor-version":[{"id":6472,"href":"https:\/\/workinjuryrights.com\/es\/wp-json\/wp\/v2\/pages\/5707\/revisions\/6472"}],"up":[{"embeddable":true,"href":"https:\/\/workinjuryrights.com\/es\/wp-json\/wp\/v2\/pages\/5702"}],"wp:attachment":[{"href":"https:\/\/workinjuryrights.com\/es\/wp-json\/wp\/v2\/media?parent=5707"}],"wp:term":[{"taxonomy":"category","embeddable":true,"href":"https:\/\/workinjuryrights.com\/es\/wp-json\/wp\/v2\/categories?post=5707"},{"taxonomy":"post_tag","embeddable":true,"href":"https:\/\/workinjuryrights.com\/es\/wp-json\/wp\/v2\/tags?post=5707"}],"curies":[{"name":"wp","href":"https:\/\/api.w.org\/{rel}","templated":true}]}}