{"id":5710,"date":"2021-08-13T20:37:20","date_gmt":"2021-08-13T20:37:20","guid":{"rendered":"https:\/\/workinjuryrights.com\/fort-lauderdale\/compensable-work-injuries\/"},"modified":"2021-10-05T16:54:44","modified_gmt":"2021-10-05T16:54:44","slug":"lesiones-laborales-indemnizables","status":"publish","type":"page","link":"https:\/\/workinjuryrights.com\/es\/fort-lauderdale\/abogado-compensacion-laboral\/lesiones-laborales-indemnizables\/","title":{"rendered":"Lesiones Laborales Indemnizables en Fort Lauderdale"},"content":{"rendered":"<p><span style=\"font-weight: 400;\">Independientemente de lo seguro que parezca su entorno de trabajo, siempre corre el riesgo de sufrir una lesi\u00f3n en el trabajo. Seg\u00fan la compensaci\u00f3n de trabajadores, \u00bfQu\u00e9 se considera lesiones laborales compensables en Fort Lauderdale?<\/span><\/p>\n<p><span style=\"font-weight: 400;\">Los lugares de trabajo son muy diferentes y existen factores \u00fanicos que pueden contribuir a tipos espec\u00edficos de lesiones en cada lugar de trabajo. Por ejemplo, los trabajadores que pasan la mayor parte de su tiempo cargando y descargando mercanc\u00edas en un almac\u00e9n suelen correr el riesgo de sufrir dolor en las articulaciones.<\/span><\/p>\n<p><span style=\"font-weight: 400;\">Si bien los trabajadores tienen garantizados los beneficios de compensaci\u00f3n para trabajadores en caso de una lesi\u00f3n o enfermedad relacionada con el trabajo, sus lesiones deben ser compensables para que puedan recibir dichos beneficios. Si se lesion\u00f3 en el trabajo y no est\u00e1 seguro de si sus lesiones se consideran lesiones laborales compensables en Fort Lauderdale, hablar con un abogado con experiencia en compensaci\u00f3n para trabajadores es un buen lugar para comenzar.<\/span><\/p>\n<p><span style=\"font-weight: 400;\">En Work Injury Rights, nuestros<\/span><a href=\"https:\/\/workinjuryrights.com\/es\/fort-lauderdale\/abogado-compensacion-laboral\/\"> <span style=\"font-weight: 400;\">abogados de compensaci\u00f3n para trabajadores de Fort Lauderdale<\/span><\/a><span style=\"font-weight: 400;\"> tienen experiencia y pueden ayudarlo con su reclamo de compensaci\u00f3n para trabajadores y brindar respuestas claras a cualquiera de sus consultas. Ll\u00e1menos hoy al <a href=\"tel:+19543888616\">954-388-8616<\/a> para averiguar si su lesi\u00f3n en el lugar de trabajo es indemnizable y cu\u00e1l es la mejor manera de abordar su reclamo.<\/span><\/p>\n<p><span style=\"font-weight: 400;\"><\/span><\/p>\n<h2><b>\u00bfQu\u00e9 son las lesiones indemnizables en Fort Lauderdale?<\/b><\/h2>\n<p><span style=\"font-weight: 400;\">Seg\u00fan la compensaci\u00f3n para trabajadores, las lesiones indemnizables se definen como aquellas que surgen durante y durante el empleo. Los trabajadores que se considera que han sufrido lesiones no indemnizables pueden no recibir beneficios, incluso si esas lesiones ocurrieron mientras estaban en el trabajo.<\/span><\/p>\n<p><span style=\"font-weight: 400;\">Algunas de las lesiones indemnizables m\u00e1s comunes en Fort Lauderdale, Florida se enumeran a continuaci\u00f3n:<\/span><\/p>\n<h3><b>Lesiones de espalda, cuello y columna<\/b><\/h3>\n<p><span style=\"font-weight: 400;\">Dependiendo de su gravedad, las lesiones de cuello y columna pueden causar alg\u00fan grado de discapacidad o par\u00e1lisis. Las lesiones de espalda tambi\u00e9n pueden ser debilitantes, ya que pueden provocar dolor cr\u00f3nico y movimiento limitado. A menudo, estas lesiones ocurren cuando un trabajador es golpeado por un objeto o contra \u00e9l. Estas lesiones tambi\u00e9n podr\u00edan ser el resultado de una fuerte ca\u00edda directamente al suelo.<\/span><\/p>\n<h3><b>Fracturas<\/b><\/h3>\n<p><span style=\"font-weight: 400;\">Los resbalones, tropiezos y ca\u00eddas son accidentes que f\u00e1cilmente pueden resultar en fracturas. Los trabajadores que caen al suelo desde una superficie elevada, como una escalera o una escalera, tambi\u00e9n corren el riesgo de sufrir fracturas. Si no se controlan, las fracturas pueden provocar dolor e hinchaz\u00f3n extremos.<\/span><\/p>\n<h3><b>Dolor en las articulaciones<\/b><\/h3>\n<p><span style=\"font-weight: 400;\">La mayor\u00eda de los casos de dolor en las articulaciones son causados \u200b\u200bpor un esfuerzo f\u00edsico excesivo, ya que los trabajadores podr\u00edan estar realizando tareas repetitivas o levantando objetos pesados \u200b\u200bsin un descanso adecuado. Si bien los dolores en las articulaciones no son tan graves como otros tipos de lesiones, pronto pueden convertirse en afecciones cr\u00f3nicas si no se tratan.<\/span><\/p>\n<h3><b>Quemaduras<\/b><\/h3>\n<p><span style=\"font-weight: 400;\">Adem\u00e1s de los trabajadores que operan calderas u hornos de alta temperatura, aquellos que est\u00e1n constantemente expuestos a qu\u00edmicos y solventes tambi\u00e9n corren el riesgo de sufrir quemaduras. Para prevenir estas lesiones, es importante que dichos trabajadores usen equipo de protecci\u00f3n como ropa de protecci\u00f3n qu\u00edmica y respiradores cuando est\u00e9n en su lugar de trabajo.<\/span><\/p>\n<h3><b>Cortes y laceraciones<\/b><\/h3>\n<p><span style=\"font-weight: 400;\">Los trabajadores que operan constantemente maquinaria y portan herramientas de corte generalmente corren el riesgo de sufrir cortes o laceraciones.<\/span><\/p>\n<h3><b>P\u00e9rdida de la audici\u00f3n<\/b><\/h3>\n<p><span style=\"font-weight: 400;\">La exposici\u00f3n continua o prolongada a niveles peligrosos de ruido laboral puede provocar p\u00e9rdida de audici\u00f3n entre los trabajadores. Este tipo de lesi\u00f3n tambi\u00e9n puede ser causado por un traumatismo ac\u00fastico o una lesi\u00f3n en la cabeza y otras afecciones naturales y m\u00e9dicas, como la edad y la presi\u00f3n arterial alta.<\/span><\/p>\n<h3><b>Lesiones por estr\u00e9s repetitivo<\/b><\/h3>\n<p><span style=\"font-weight: 400;\">Algunas lesiones no se pueden vincular a un evento espec\u00edfico y generalmente se desarrollan con el tiempo. Condiciones como tendinitis,<\/span>\u00a0<a href=\"https:\/\/www.webmd.com\/pain-management\/carpal-tunnel\/carpal-tunnel-syndrome\" target=\"_blank\" rel=\"noopener\"><span style=\"font-weight: 400;\">s\u00edndrome del t\u00fanel carpiano<\/span><\/a><span style=\"font-weight: 400;\"> y otras afecciones ortop\u00e9dicas son algunas de las que ocurren debido a actividades repetitivas.<\/span><\/p>\n<h3><b>Lesiones en la cabeza y el cerebro<\/b><\/h3>\n<p><span style=\"font-weight: 400;\">Algunas lesiones, como la cabeza y el cerebro, pueden ser sutiles y dif\u00edciles de diagnosticar. Estas lesiones a menudo surgen cuando un trabajador recibe un golpe grave en la cabeza. Las lesiones en la cabeza y el cerebro a menudo provocan dolores de cabeza constantes y visi\u00f3n borrosa.<\/span><\/p>\n<p><span style=\"font-weight: 400;\">Las lesiones cerebrales traum\u00e1ticas (LCT), junto con las amputaciones y las lesiones de la columna vertebral, a menudo se denominan catastr\u00f3ficas, ya que es posible que los trabajadores nunca se recuperen, lo que significa que es posible que nunca puedan realizar un trabajo remunerado en el futuro.<\/span><\/p>\n<p><span style=\"font-weight: 400;\">Otras condiciones que son lesiones laborales compensables en Fort Lauderdale bajo la compensaci\u00f3n de trabajadores incluyen enfermedades ocupacionales, como enfermedades respiratorias y da\u00f1os a los \u00f3rganos debido al empleo.<\/span><\/p>\n<p><a href=\"https:\/\/workinjuryrights.com\/wp-content\/uploads\/2021\/08\/worker-comp-benefits-1-2.jpg\"><img fetchpriority=\"high\" decoding=\"async\" class=\"alignnone size-full wp-image-3408\" src=\"https:\/\/workinjuryrights.com\/wp-content\/uploads\/2021\/08\/worker-comp-benefits-1-2.jpg\" alt=\"Image is of a man receiving doctors benefits after following the workers' compensation claims process in Fort Lauderdale\" width=\"500\" height=\"268\" srcset=\"https:\/\/workinjuryrights.com\/wp-content\/uploads\/2021\/08\/worker-comp-benefits-1-2.jpg 500w, https:\/\/workinjuryrights.com\/wp-content\/uploads\/2021\/08\/worker-comp-benefits-1-2-300x161.jpg 300w\" sizes=\"(max-width: 500px) 100vw, 500px\" \/><\/a><\/p>\n<h2><b>\u00bfQu\u00e9 tipos de compensaci\u00f3n puede reclamar?<\/b><\/h2>\n<p><span style=\"font-weight: 400;\">Si se lesion\u00f3 o enferm\u00f3 mientras estaba en el trabajo, generalmente puede reclamar beneficios m\u00e9dicos, beneficios de ingresos y otros\u00a0<\/span><a href=\"https:\/\/www.myfloridacfo.com\/division\/wc\/Employee\/Benefits\/default.htm\" target=\"_blank\" rel=\"noopener\"><span style=\"font-weight: 400;\">tipos de beneficios<\/span><\/a><span style=\"font-weight: 400;\"> , dependiendo de su lesi\u00f3n y si se consideran lesiones laborales indemnizables en Fort Lauderdale.<\/span><\/p>\n<p><span style=\"font-weight: 400;\">Estos tipos de compensaci\u00f3n se destacan a continuaci\u00f3n:<\/span><\/p>\n<h3><b>Beneficios m\u00e9dicos<\/b><\/h3>\n<p><span style=\"font-weight: 400;\">Si ha incurrido en gastos m\u00e9dicos debido a su lesi\u00f3n o enfermedad relacionada con el trabajo, tiene derecho a reclamar beneficios m\u00e9dicos. Algunos de estos gastos m\u00e9dicos incluyen estad\u00edas en el hospital, medicamentos recetados, equipo m\u00e9dico, cirug\u00eda y gastos de viaje. Estos gastos pueden compensarse reclamando beneficios m\u00e9dicos por estas lesiones laborales indemnizables en Fort Lauderdale.<\/span><\/p>\n<h3><b>Beneficios de rehabilitaci\u00f3n f\u00edsica<\/b><\/h3>\n<p><span style=\"font-weight: 400;\">Si su lesi\u00f3n requiri\u00f3 fisioterapia como parte del programa de recuperaci\u00f3n, los costos incurridos en fisioterapia tambi\u00e9n pueden incluirse en su reclamo para que reciba<\/span><\/p>\n<p><span style=\"font-weight: 400;\">Beneficios de rehabilitaci\u00f3n f\u00edsica.<\/span><\/p>\n<h3><b>Beneficios de rehabilitaci\u00f3n vocacional<\/b><\/h3>\n<p><span style=\"font-weight: 400;\">A veces, una lesi\u00f3n en el lugar de trabajo es tan grave que es posible que necesite rehabilitaci\u00f3n vocacional o reentrenamiento para ayudarlo a reanudar su empleo. Cualquier costo incurrido en dichos programas puede compensarse mediante beneficios de rehabilitaci\u00f3n vocacional.<\/span><\/p>\n<h3><b>Salarios perdidos<\/b><\/h3>\n<p><span style=\"font-weight: 400;\">Si su lesi\u00f3n lo obliga a tomarse un tiempo sin trabajo, entonces puede estar en l\u00ednea para recibir varios tipos de beneficios de ingresos para cubrir sus salarios perdidos. Estos beneficios incluyen:<\/span><\/p>\n<ul>\n<li><span style=\"font-weight: 400;\"> Beneficios por discapacidad total temporal<\/span><span style=\"font-weight: 400;\"> \u00a0 <\/span><\/li>\n<li><span style=\"font-weight: 400;\"> Beneficios por discapacidad parcial temporal<\/span><span style=\"font-weight: 400;\"> \u00a0 <\/span><\/li>\n<li><span style=\"font-weight: 400;\"> Beneficios por discapacidad<\/span><span style=\"font-weight: 400;\"> \u00a0 <\/span><\/li>\n<li><span style=\"font-weight: 400;\"> Beneficios por discapacidad total permanente<\/span><span style=\"font-weight: 400;\"> \u00a0 <\/span><\/li>\n<li><span style=\"font-weight: 400;\"> Los dependientes o el patrimonio de un trabajador que muere como resultado de un accidente en el lugar de trabajo pueden reclamar beneficios por fallecimiento y funeral.<\/span><span style=\"font-weight: 400;\"> \u00a0 <\/span><\/li>\n<\/ul>\n<h2><b>\u00bfCu\u00e1nto tiempo tiene para solicitar beneficios por lesiones laborales indemnizables en Fort Lauderdale?<\/b><\/h2>\n<p><span style=\"font-weight: 400;\">Si ha sufrido lesiones laborales indemnizables en Fort Lauderdale, tiene 2 a\u00f1os a partir de la fecha de la lesi\u00f3n o cuando su enfermedad se hace evidente para solicitar una compensaci\u00f3n para trabajadores. Los estatutos de Florida tambi\u00e9n permiten 1 a\u00f1o adicional a partir de la fecha del \u00faltimo pago de beneficios o la \u00faltima fecha de prestaci\u00f3n de atenci\u00f3n m\u00e9dica si desea presentar una Petici\u00f3n de beneficios.<\/span><\/p>\n<p><a href=\"https:\/\/workinjuryrights.com\/wp-content\/uploads\/2021\/08\/hourglass-time-limit-1.jpg\"><img decoding=\"async\" class=\"alignnone size-full wp-image-3407\" src=\"https:\/\/workinjuryrights.com\/wp-content\/uploads\/2021\/08\/hourglass-time-limit-1.jpg\" alt=\"Hourglass showing time is passing concept of workers' compensation claims process in Fort Lauderdale\" width=\"500\" height=\"235\" srcset=\"https:\/\/workinjuryrights.com\/wp-content\/uploads\/2021\/08\/hourglass-time-limit-1.jpg 500w, https:\/\/workinjuryrights.com\/wp-content\/uploads\/2021\/08\/hourglass-time-limit-1-300x141.jpg 300w\" sizes=\"(max-width: 500px) 100vw, 500px\" \/><\/a><\/p>\n<h2><b>Para obtener ayuda para comprender las lesiones laborales indemnizables en Fort Lauderdale, llame a nuestro equipo legal hoy<\/b><\/h2>\n<p><span style=\"font-weight: 400;\">Los trabajadores de Fort Lauderdale generalmente corren el riesgo de sufrir varios tipos de lesiones seg\u00fan su empleo. Algunas de las lesiones laborales compensables m\u00e1s comunes en Fort Lauderdale incluyen lesiones de espalda, cuello y columna, lesiones en la cabeza, fracturas y dolor en las articulaciones. Al presentar una compensaci\u00f3n para trabajadores, es importante tener en cuenta que su lesi\u00f3n debe ser compensable para que reciba los beneficios.<\/span><\/p>\n<p><span style=\"font-weight: 400;\">Si se lesion\u00f3 mientras trabajaba y a\u00fan no ha presentado su reclamo, comun\u00edquese con<\/span><a href=\"\/\"> <span style=\"font-weight: 400;\">Work Injury Rights<\/span><\/a><span style=\"font-weight: 400;\"> al <a href=\"tel:+19543888616\">954-388-8616<\/a> para programar una evaluaci\u00f3n gratuita de su caso para que comprenda sus derechos y posibles beneficios.<\/span><\/p>\n","protected":false},"excerpt":{"rendered":"<p>Independientemente de lo seguro que parezca su entorno de trabajo, siempre corre el riesgo de sufrir una lesi\u00f3n en el trabajo. Seg\u00fan la compensaci\u00f3n de trabajadores, \u00bfQu\u00e9 se considera lesiones laborales compensables en Fort Lauderdale? Los lugares de trabajo son muy diferentes y existen factores \u00fanicos que pueden contribuir a tipos espec\u00edficos de lesiones en [&hellip;]<\/p>\n","protected":false},"author":29,"featured_media":4720,"parent":5712,"menu_order":0,"comment_status":"closed","ping_status":"closed","template":"","meta":{"_acf_changed":false,"anchor_text":"","footnotes":""},"categories":[],"tags":[113,108],"class_list":["post-5710","page","type-page","status-publish","has-post-thumbnail","hentry","tag-workers-compensation-es-2","tag-workers-compensation-es"],"acf":[],"_links":{"self":[{"href":"https:\/\/workinjuryrights.com\/es\/wp-json\/wp\/v2\/pages\/5710","targetHints":{"allow":["GET"]}}],"collection":[{"href":"https:\/\/workinjuryrights.com\/es\/wp-json\/wp\/v2\/pages"}],"about":[{"href":"https:\/\/workinjuryrights.com\/es\/wp-json\/wp\/v2\/types\/page"}],"author":[{"embeddable":true,"href":"https:\/\/workinjuryrights.com\/es\/wp-json\/wp\/v2\/users\/29"}],"replies":[{"embeddable":true,"href":"https:\/\/workinjuryrights.com\/es\/wp-json\/wp\/v2\/comments?post=5710"}],"version-history":[{"count":5,"href":"https:\/\/workinjuryrights.com\/es\/wp-json\/wp\/v2\/pages\/5710\/revisions"}],"predecessor-version":[{"id":6489,"href":"https:\/\/workinjuryrights.com\/es\/wp-json\/wp\/v2\/pages\/5710\/revisions\/6489"}],"up":[{"embeddable":true,"href":"https:\/\/workinjuryrights.com\/es\/wp-json\/wp\/v2\/pages\/5712"}],"wp:featuredmedia":[{"embeddable":true,"href":"https:\/\/workinjuryrights.com\/es\/wp-json\/wp\/v2\/media\/4720"}],"wp:attachment":[{"href":"https:\/\/workinjuryrights.com\/es\/wp-json\/wp\/v2\/media?parent=5710"}],"wp:term":[{"taxonomy":"category","embeddable":true,"href":"https:\/\/workinjuryrights.com\/es\/wp-json\/wp\/v2\/categories?post=5710"},{"taxonomy":"post_tag","embeddable":true,"href":"https:\/\/workinjuryrights.com\/es\/wp-json\/wp\/v2\/tags?post=5710"}],"curies":[{"name":"wp","href":"https:\/\/api.w.org\/{rel}","templated":true}]}}