{"id":5711,"date":"2021-08-13T20:47:51","date_gmt":"2021-08-13T20:47:51","guid":{"rendered":"https:\/\/workinjuryrights.com\/fort-lauderdale\/workers-compensation-mmi\/"},"modified":"2022-03-14T19:15:17","modified_gmt":"2022-03-14T19:15:17","slug":"mmm-maxima-mejoria-medica","status":"publish","type":"page","link":"https:\/\/workinjuryrights.com\/es\/fort-lauderdale\/abogado-compensacion-laboral\/mmm-maxima-mejoria-medica\/","title":{"rendered":"Mejora M\u00e9dica M\u00e1xima de Fort Lauderdale"},"content":{"rendered":"<p><span style=\"font-weight: 400;\">Para muchos trabajadores, la conclusi\u00f3n de la Mejora M\u00e9dica M\u00e1xima de Fort Lauderdale es algo que no esperaban. Como resultado, la mayor\u00eda de las personas tienen pocas o ninguna opci\u00f3n para continuar con el tratamiento y la recuperaci\u00f3n. Si ha estado recibiendo tratamiento y le acaban de informar que sus lesiones han alcanzado la m\u00e1xima mejora m\u00e9dica, entonces es hora de que se ponga en contacto con los abogados de compensaci\u00f3n de trabajadores de Work Injury Rights para obtener ayuda.<\/span><\/p>\n<p><span style=\"font-weight: 400;\">Si se lesion\u00f3 en el trabajo y ha estado recibiendo beneficios de compensaci\u00f3n para trabajadores, muchos factores podr\u00edan afectar sus beneficios de recuperaci\u00f3n. Como trabajador lesionado, vale la pena se\u00f1alar que los beneficios que cobra por da\u00f1os y lesiones est\u00e1n, hasta cierto punto, determinados por el tiempo que necesita para recuperarse.<\/span><\/p>\n<p><span style=\"font-weight: 400;\">La relaci\u00f3n perfecta entre lesi\u00f3n y tiempo de recuperaci\u00f3n, aunque poco pr\u00e1ctica, es aquella en la que el tiempo que se tarda en recuperarse cae casualmente en un par\u00e1metro de tiempo establecido. En tal caso, la gravedad de una lesi\u00f3n ser\u00eda lo que se usar\u00eda para determinar la duraci\u00f3n (discapacidad total, a largo plazo o a corto plazo) de su tiempo de recuperaci\u00f3n y por cu\u00e1nto tiempo deber\u00eda recibir los beneficios de compensaci\u00f3n para trabajadores.<\/span><\/p>\n<p><span style=\"font-weight: 400;\">Desafortunadamente, las cosas relacionadas con la compensaci\u00f3n de trabajadores no funcionan con tanta precisi\u00f3n. Para algunas lesiones, es imposible saber cu\u00e1ndo sanar\u00e1n. El problema con esto es que los beneficios tienen sus l\u00edmites, lo que significa que es posible que no se extiendan hasta el punto en que se recupere por completo.<\/span><\/p>\n<p><span style=\"font-weight: 400;\">P\u00f3ngase en contacto con un<\/span> <a href=\"https:\/\/workinjuryrights.com\/es\/fort-lauderdale\/abogado-compensacion-laboral\/\"><span style=\"font-weight: 400;\">abogado<\/span><span style=\"font-weight: 400;\"> con experiencia en<\/span> <span style=\"font-weight: 400;\">compensaci\u00f3n de trabajadores de Fort Lauderdale<\/span><\/a><span style=\"font-weight: 400;\"> hoy mismo para obtener m\u00e1s informaci\u00f3n sobre la mejora m\u00e9dica m\u00e1xima de Fort Lauderdale y c\u00f3mo podemos ayudarlo. Llame al <a href=\"tel:+19543888616\">954-388-8616<\/a> ahora para programar una consulta inicial gratuita.<\/span><\/p>\n<p><span style=\"font-weight: 400;\"><\/span><\/p>\n<h2><b>\u00bfQu\u00e9 significa la mejora m\u00e9dica m\u00e1xima (MMM)?<\/b><\/h2>\n<p><span style=\"font-weight: 400;\">Los beneficios de compensaci\u00f3n para trabajadores brindan cobertura a los trabajadores lesionados durante un per\u00edodo espec\u00edfico, despu\u00e9s del cual cesan. Sin embargo, vale la pena se\u00f1alar que una vez que se considere que su recuperaci\u00f3n ha alcanzado la m\u00e1xima mejor\u00eda m\u00e9dica, existe la posibilidad de que su per\u00edodo de recuperaci\u00f3n termine.<\/span><\/p>\n<p><a href=\"https:\/\/en.wikipedia.org\/wiki\/Maximum_medical_improvement\" target=\"_blank\" rel=\"noopener\"><span style=\"font-weight: 400;\">Mejora m\u00e9dica m\u00e1xima<\/span><\/a><span style=\"font-weight: 400;\">, o MMM, es un t\u00e9rmino que se usa para decir que sus lesiones han llegado a un punto en el que ning\u00fan tratamiento adicional podr\u00eda ayudar a mejorar la situaci\u00f3n. En algunos casos, la mejora m\u00e9dica m\u00e1xima se alcanza cuando las lesiones de un trabajador lesionado han sanado por completo y han vuelto a su estado normal.<\/span><\/p>\n<p><span style=\"font-weight: 400;\">Sin embargo, tenga en cuenta que su Mejora M\u00e9dica M\u00e1xima de Fort Lauderdale no significa necesariamente que el trabajador lesionado se haya recuperado por completo, sino que el tratamiento que ha estado recibiendo ya no es efectivo.<\/span><\/p>\n<p><span style=\"font-weight: 400;\">Como trabajador lesionado, tenga en cuenta que un diagn\u00f3stico de mejor\u00eda m\u00e9dica m\u00e1xima podr\u00eda significar una de tres cosas:<\/span><\/p>\n<ul>\n<li style=\"font-weight: 400;\" aria-level=\"1\"><span style=\"font-weight: 400;\">Sus lesiones est\u00e1n completamente curadas y puede regresar al trabajo.<\/span><span style=\"font-weight: 400;\"> \u00a0 <\/span><\/li>\n<li style=\"font-weight: 400;\" aria-level=\"1\"><span style=\"font-weight: 400;\">Sus lesiones no han sanado por completo, pero su m\u00e9dico ha determinado que no mejorar\u00e1n incluso con m\u00e1s tratamiento. En tal caso, a\u00fan podr\u00eda volver a trabajar siempre que el trabajo que realice est\u00e9 dentro de sus nuevas limitaciones.<\/span><span style=\"font-weight: 400;\"> \u00a0 <\/span><\/li>\n<li><span style=\"font-weight: 400;\">Sus lesiones no est\u00e1n completamente curadas y se ha determinado que no mejorar\u00e1n. Luego, el m\u00e9dico que lo atiende le da a sus lesiones una calificaci\u00f3n de discapacidad, lo que lo califica para los Beneficios de ingresos por discapacidad extendidos.<\/span><span style=\"font-weight: 400;\">\u00a0\u00a0\u00a0<\/span><\/li>\n<\/ul>\n<p><a href=\"https:\/\/workinjuryrights.com\/wp-content\/uploads\/2021\/08\/worker-comp-benefits-1-3.jpg\"><img fetchpriority=\"high\" decoding=\"async\" class=\"alignnone size-full wp-image-3426\" src=\"https:\/\/workinjuryrights.com\/wp-content\/uploads\/2021\/08\/worker-comp-benefits-1-3.jpg\" alt=\"Injured man being examined by doctor for a Fort Lauderdale maximum medical improvement\" width=\"500\" height=\"268\" srcset=\"https:\/\/workinjuryrights.com\/wp-content\/uploads\/2021\/08\/worker-comp-benefits-1-3.jpg 500w, https:\/\/workinjuryrights.com\/wp-content\/uploads\/2021\/08\/worker-comp-benefits-1-3-300x161.jpg 300w\" sizes=\"(max-width: 500px) 100vw, 500px\" \/><\/a><\/p>\n<h2><b>\u00bfQui\u00e9n determina cu\u00e1ndo las lesiones de un empleado han alcanzado la m\u00e1xima mejora m\u00e9dica en Florida?<\/b><\/h2>\n<p><span style=\"font-weight: 400;\">En\u00a0<\/span><a href=\"http:\/\/www.myflorida.com\" target=\"_blank\" rel=\"noopener\"><span style=\"font-weight: 400;\">Florida<\/span><\/a><span style=\"font-weight: 400;\">, solo un m\u00e9dico osteop\u00e1tico designado o un m\u00e9dico puede determinar si su lesi\u00f3n relacionada con el trabajo ha alcanzado la mejor\u00eda m\u00e9dica m\u00e1xima o no.<\/span><\/p>\n<p><span style=\"font-weight: 400;\">En la mayor\u00eda de los casos, es su m\u00e9dico autorizado, el m\u00e9dico tratante que eligi\u00f3 del panel de m\u00e9dicos que le proporcion\u00f3 su empleador o su aseguradora, o que fue remitido por su m\u00e9dico, quien decide si ha alcanzado la mejor\u00eda m\u00e9dica m\u00e1xima de Fort Lauderdale. o no.<\/span><\/p>\n<p><span style=\"font-weight: 400;\">Sin embargo, vale la pena se\u00f1alar que el proveedor de seguros de su empleador podr\u00eda alegar que ha alcanzado la mejor\u00eda m\u00e9dica m\u00e1xima seg\u00fan las opiniones de un m\u00e9dico que lo examin\u00f3 a trav\u00e9s de un IME o un examen m\u00e9dico independiente.<\/span><\/p>\n<p><span style=\"font-weight: 400;\">Los IME, tambi\u00e9n conocidos como CDME o Ex\u00e1menes m\u00e9dicos de defensa obligatorios, son citas \u00fanicas con un m\u00e9dico que la compa\u00f1\u00eda de seguros ha elegido. De acuerdo con la Ley de Compensaci\u00f3n para Trabajadores, las aseguradoras o empleadores se reservan el derecho de pedir a los trabajadores lesionados que asistan al menos a un examen m\u00e9dico independiente por especialidad m\u00e9dica por a\u00f1o.<\/span><\/p>\n<p><span style=\"font-weight: 400;\">Si su empleador o la aseguradora le han pedido que asista a un CDME, es probable que el informe que proporcione el m\u00e9dico independiente no lo favorezca. En la mayor\u00eda de los casos, el m\u00e9dico independiente puede indicar que ha alcanzado la mejor\u00eda m\u00e9dica m\u00e1xima aunque su m\u00e9dico no est\u00e9 de acuerdo.<\/span><\/p>\n<p><span style=\"font-weight: 400;\">Si le han dicho que se ha comunicado con MMM o que su empleador lo obliga a tomar un IME, comun\u00edquese con nosotros en Work Injury Rights Fort Lauderdale para obtener ayuda. Nuestros abogados tienen a\u00f1os de experiencia en el manejo de reclamos de compensaci\u00f3n de trabajadores y entienden c\u00f3mo funciona la mejora m\u00e9dica m\u00e1xima de Fort Lauderdale. Llame (tel\u00e9fono) ahora para obtener ayuda.<\/span><\/p>\n<h2><b>\u00bfContin\u00faa el tratamiento m\u00e9dico despu\u00e9s de un diagn\u00f3stico de MMM?<\/b><\/h2>\n<p><span style=\"font-weight: 400;\">En algunos casos, s\u00ed. El hecho de que su m\u00e9dico haya determinado que se encuentra en una mejor\u00eda m\u00e9dica m\u00e1xima no significa que ya no necesite tratamiento. Una vez que haya alcanzado la m\u00e1xima mejora m\u00e9dica de Fort Lauderdale, todav\u00eda tiene un premio m\u00e9dico de por vida que puede usar para continuar viendo a su m\u00e9dico por los medicamentos recetados, equipo m\u00e9dico, inyecciones, endurecimiento por trabajo, fisioterapia, cuidados paliativos y pruebas de diagn\u00f3stico que necesita. necesita manejar sus lesiones.<\/span><\/p>\n<h2><b>\u00bfQu\u00e9 sucede si no puede regresar a trabajar o desempe\u00f1arse al mismo nivel despu\u00e9s de su diagn\u00f3stico de MMM?<\/b><\/h2>\n<p><span style=\"font-weight: 400;\">Si a\u00fan no ha sido autorizado para regresar al trabajo, entonces su m\u00e9dico podr\u00eda recetarle que se le asignen responsabilidades de tareas livianas por un tiempo. En una situaci\u00f3n ideal, su empleador podr\u00eda optar por encontrar un trabajo que sea capaz de hacer incluso si no puede regresar al puesto que ocupaba antes del accidente.<\/span><\/p>\n<p><span style=\"font-weight: 400;\">Como trabajador lesionado, debe aceptar el trabajo que est\u00e9 disponible a la tarifa est\u00e1ndar para ese puesto espec\u00edfico.<\/span><\/p>\n<p><span style=\"font-weight: 400;\">Sin embargo, si su empleador no puede adaptarse a sus restricciones, a\u00fan tiene la opci\u00f3n de recuperarse en casa y recibir una parte de su salario. Sin embargo, su abogado de compensaci\u00f3n para trabajadores a\u00fan considerar\u00e1 esto al negociar los t\u00e9rminos de compensaci\u00f3n con el proveedor de seguros de su empleador despu\u00e9s de alcanzar el diagn\u00f3stico de mejor\u00eda m\u00e9dica m\u00e1xima de Fort Lauderdale.<\/span><\/p>\n<p><a href=\"https:\/\/workinjuryrights.com\/wp-content\/uploads\/2021\/08\/lawyer-client-consult-1.jpg\"><img decoding=\"async\" class=\"alignnone size-full wp-image-3427\" src=\"https:\/\/workinjuryrights.com\/wp-content\/uploads\/2021\/08\/lawyer-client-consult-1.jpg\" alt=\"Workers' comp attorney explaining Fort Lauderdale maximum medical improvement to client\" width=\"500\" height=\"333\" srcset=\"https:\/\/workinjuryrights.com\/wp-content\/uploads\/2021\/08\/lawyer-client-consult-1.jpg 500w, https:\/\/workinjuryrights.com\/wp-content\/uploads\/2021\/08\/lawyer-client-consult-1-300x200.jpg 300w\" sizes=\"(max-width: 500px) 100vw, 500px\" \/><\/a><\/p>\n<h2><b>Llame a nuestros abogados de confianza hoy mismo para obtener ayuda con su mejora m\u00e9dica m\u00e1xima de Fort Lauderdale<\/b><\/h2>\n<p><span style=\"font-weight: 400;\">Si bien, como abogados de compensaci\u00f3n para trabajadores, siempre esperamos que las aseguradoras y los empleadores que trabajan con trabajadores lesionados obtengan el mejor resultado, a\u00fan entendemos que lo mejor para ellos es poner sus resultados en primer lugar. En<\/span>\u00a0<a href=\"\/\"><span style=\"font-weight: 400;\">Work Injury Rights<\/span><\/a><span style=\"font-weight: 400;\">, sus mejores intereses son lo primero.<\/span><\/p>\n<p><span style=\"font-weight: 400;\">Nuestros abogados de compensaci\u00f3n de trabajadores de Fort Lauderdale est\u00e1n aqu\u00ed para ayudarlo a asegurarse de que no se apresure con el papeleo o regrese al trabajo antes de que est\u00e9 listo. Como bufete de abogados de compensaci\u00f3n para trabajadores, nuestra misi\u00f3n es asegurarnos de que reciba los beneficios que se merece por sus lesiones, atenci\u00f3n continua y discapacidades.<\/span><\/p>\n<p><span style=\"font-weight: 400;\">Si necesita ayuda con su caso o le gustar\u00eda aprender m\u00e1s sobre lo que implica una Mejora M\u00e9dica M\u00e1xima de Fort Lauderdale, llame al <a href=\"tel:+19543888616\">954-388-8616<\/a> ahora para programar una reuni\u00f3n con uno de nuestros abogados.<\/span><\/p>\n","protected":false},"excerpt":{"rendered":"<p>Para muchos trabajadores, la conclusi\u00f3n de la Mejora M\u00e9dica M\u00e1xima de Fort Lauderdale es algo que no esperaban. Como resultado, la mayor\u00eda de las personas tienen pocas o ninguna opci\u00f3n para continuar con el tratamiento y la recuperaci\u00f3n. Si ha estado recibiendo tratamiento y le acaban de informar que sus lesiones han alcanzado la m\u00e1xima [&hellip;]<\/p>\n","protected":false},"author":29,"featured_media":4726,"parent":5712,"menu_order":0,"comment_status":"closed","ping_status":"closed","template":"","meta":{"_acf_changed":false,"anchor_text":"","footnotes":""},"categories":[],"tags":[113,108],"class_list":["post-5711","page","type-page","status-publish","has-post-thumbnail","hentry","tag-workers-compensation-es-2","tag-workers-compensation-es"],"acf":[],"_links":{"self":[{"href":"https:\/\/workinjuryrights.com\/es\/wp-json\/wp\/v2\/pages\/5711","targetHints":{"allow":["GET"]}}],"collection":[{"href":"https:\/\/workinjuryrights.com\/es\/wp-json\/wp\/v2\/pages"}],"about":[{"href":"https:\/\/workinjuryrights.com\/es\/wp-json\/wp\/v2\/types\/page"}],"author":[{"embeddable":true,"href":"https:\/\/workinjuryrights.com\/es\/wp-json\/wp\/v2\/users\/29"}],"replies":[{"embeddable":true,"href":"https:\/\/workinjuryrights.com\/es\/wp-json\/wp\/v2\/comments?post=5711"}],"version-history":[{"count":6,"href":"https:\/\/workinjuryrights.com\/es\/wp-json\/wp\/v2\/pages\/5711\/revisions"}],"predecessor-version":[{"id":8184,"href":"https:\/\/workinjuryrights.com\/es\/wp-json\/wp\/v2\/pages\/5711\/revisions\/8184"}],"up":[{"embeddable":true,"href":"https:\/\/workinjuryrights.com\/es\/wp-json\/wp\/v2\/pages\/5712"}],"wp:featuredmedia":[{"embeddable":true,"href":"https:\/\/workinjuryrights.com\/es\/wp-json\/wp\/v2\/media\/4726"}],"wp:attachment":[{"href":"https:\/\/workinjuryrights.com\/es\/wp-json\/wp\/v2\/media?parent=5711"}],"wp:term":[{"taxonomy":"category","embeddable":true,"href":"https:\/\/workinjuryrights.com\/es\/wp-json\/wp\/v2\/categories?post=5711"},{"taxonomy":"post_tag","embeddable":true,"href":"https:\/\/workinjuryrights.com\/es\/wp-json\/wp\/v2\/tags?post=5711"}],"curies":[{"name":"wp","href":"https:\/\/api.w.org\/{rel}","templated":true}]}}