{"id":5712,"date":"2021-08-13T20:26:04","date_gmt":"2021-08-13T20:26:04","guid":{"rendered":"https:\/\/workinjuryrights.com\/fort-lauderdale\/workers-compensation-lawyer\/"},"modified":"2021-10-05T16:26:27","modified_gmt":"2021-10-05T16:26:27","slug":"abogado-compensacion-laboral","status":"publish","type":"page","link":"https:\/\/workinjuryrights.com\/es\/fort-lauderdale\/abogado-compensacion-laboral\/","title":{"rendered":"Abogado de Compensaci\u00f3n Laboral de Fort Lauderdale"},"content":{"rendered":"<p><span style=\"font-weight: 400;\">La indemnizaci\u00f3n por accidentes laborales que provoquen lesiones a un trabajador deber\u00eda ser sencilla. Gracias a la compensaci\u00f3n para trabajadores, dichos trabajadores tienen derecho a beneficios monetarios si se lesionan mientras est\u00e1n en el reloj. Bajo este sistema de seguro, los empleados tienen ciertos beneficios, derechos y responsabilidades, y es vital comprenderlos si ha sufrido una lesi\u00f3n relacionada con el trabajo; aqu\u00ed es cuando un abogado de compensaci\u00f3n laboral de Fort Lauderdale puede ayudar.<\/span><\/p>\n<p><span style=\"font-weight: 400;\">Las reclamaciones de compensaci\u00f3n para trabajadores no siempre son sencillas. Los empleadores y sus aseguradoras pueden negar su reclamo, ya que a menudo priorizan sus propios intereses en lugar de su bienestar. Las lesiones en el lugar de trabajo y las enfermedades profesionales a menudo dejan a los empleados y sus familias con una enorme carga financiera. Por eso es importante hablar con un abogado de compensaci\u00f3n para trabajadores de Fort Lauderdale para asegurarse de recibir los beneficios monetarios a los que tiene derecho.<\/span><\/p>\n<p><span style=\"font-weight: 400;\">En Work Injury Rights, nos dedicamos a ayudar a los trabajadores lesionados en Fort Lauderdale, Florida, asegur\u00e1ndonos de que obst\u00e1culos como condiciones preexistentes y la denegaci\u00f3n de un reclamo no se interpongan en el camino para recibir la compensaci\u00f3n que se merece. Si se lesion\u00f3 en el trabajo, ll\u00e1menos hoy al <a href=\"tel:+19543888616\">954-388-8616<\/a> para hablar con uno de nuestros <\/span><a href=\"https:\/\/workinjuryrights.com\/es\/fort-lauderdale\/\"><span style=\"font-weight: 400;\">abogados de compensaci\u00f3n para trabajadores de Fort Lauderdale, abogados de compensaci\u00f3n para<\/span><\/a><span style=\"font-weight: 400;\"> trabajadores y conocer sus derechos, beneficios y responsabilidades.<\/span><\/p>\n<p><span style=\"font-weight: 400;\"><\/span><\/p>\n<h2><b>\u00bfQu\u00e9 es la Compensaci\u00f3n para Trabajadores?<\/b><\/h2>\n<p><span style=\"font-weight: 400;\">La compensaci\u00f3n para trabajadores, tambi\u00e9n conocida como compensaci\u00f3n para trabajadores o compensaci\u00f3n para trabajadores, se refiere a una forma de seguro exigido por el gobierno que llevan los empleadores para proporcionar compensaci\u00f3n a los empleados que se lesionan mientras est\u00e1n en el trabajo. Bajo este sistema, los empleados que sufren lesiones relacionadas con el trabajo tienen derecho a beneficios a cambio de su derecho a demandar a sus empleadores.<\/span><\/p>\n<p><span style=\"font-weight: 400;\">A trav\u00e9s de la compensaci\u00f3n para trabajadores, tiene derecho a los siguientes beneficios:<\/span><\/p>\n<ul>\n<li style=\"font-weight: 400;\" aria-level=\"1\"><span style=\"font-weight: 400;\">\u00a0<\/span><span style=\"font-weight: 400;\">Beneficios m\u00e9dicos, incluidas visitas al m\u00e9dico, medicamentos recetados, cirug\u00eda, fisioterapia y equipo m\u00e9dico.<\/span><\/li>\n<li style=\"font-weight: 400;\" aria-level=\"1\"><span style=\"font-weight: 400;\">\u00a0<\/span><span style=\"font-weight: 400;\">Beneficios de ingresos, si su m\u00e9dico tratante le aconseja que se ausente del trabajo por la cantidad de tiempo legal<\/span><\/li>\n<li style=\"font-weight: 400;\" aria-level=\"1\"><span style=\"font-weight: 400;\">\u00a0<\/span><span style=\"font-weight: 400;\">Gastos de viaje necesarios<\/span><\/li>\n<li style=\"font-weight: 400;\" aria-level=\"1\"><span style=\"font-weight: 400;\">\u00a0<\/span><span style=\"font-weight: 400;\">Posibles gastos de rehabilitaci\u00f3n vocacional<\/span><\/li>\n<\/ul>\n<p><span style=\"font-weight: 400;\">Es aconsejable hablar con un abogado de compensaci\u00f3n para trabajadores de Fort Lauderdale que se especialice en la ley de Florida, ya que cada estado tiene su conjunto \u00fanico de reglas de compensaci\u00f3n para trabajadores.<\/span><\/p>\n<h2><b>\u00bfQu\u00e9 debo hacer si me lesiono en el trabajo?<\/b><\/h2>\n<p><span style=\"font-weight: 400;\">Si se lesion\u00f3 en el trabajo en <\/span><a href=\"https:\/\/www.fortlauderdale.gov\" target=\"_blank\" rel=\"noopener\"><span style=\"font-weight: 400;\">Fort Lauderdale<\/span><\/a><span style=\"font-weight: 400;\">, aqu\u00ed hay cosas que debe hacer para proteger su derecho a recibir beneficios de compensaci\u00f3n para trabajadores:<\/span><a href=\"https:\/\/translate.google.com\/translate?hl=es&amp;prev=_t&amp;sl=en&amp;tl=es&amp;u=https:\/\/www.fortlauderdale.gov\" target=\"_blank\" rel=\"noopener\"><span style=\"font-weight: 400;\">\u00a0<\/span><\/a><\/p>\n<ul>\n<li style=\"font-weight: 400;\" aria-level=\"1\"><span style=\"font-weight: 400;\">\u00a0<\/span><span style=\"font-weight: 400;\">Informe a su empleador sobre su lesi\u00f3n.<\/span><\/li>\n<li style=\"font-weight: 400;\" aria-level=\"1\"><span style=\"font-weight: 400;\">\u00a0<\/span><span style=\"font-weight: 400;\">Consulte a un m\u00e9dico lo antes posible para recibir la atenci\u00f3n m\u00e9dica que necesita y siga sus instrucciones.<\/span><\/li>\n<li style=\"font-weight: 400;\" aria-level=\"1\"><span style=\"font-weight: 400;\">\u00a0<\/span><span style=\"font-weight: 400;\">Mantenga un registro escrito de sus lesiones y s\u00edntomas en el lugar de trabajo<\/span><\/li>\n<li style=\"font-weight: 400;\" aria-level=\"1\"><span style=\"font-weight: 400;\">\u00a0<\/span><span style=\"font-weight: 400;\">Si es posible, tome fotograf\u00edas claras de su lesi\u00f3n.<\/span><\/li>\n<li style=\"font-weight: 400;\" aria-level=\"1\"><span style=\"font-weight: 400;\">\u00a0<\/span><span style=\"font-weight: 400;\">Comun\u00edquese con un abogado de compensaci\u00f3n laboral de Fort Lauderdale y presente un reclamo de compensaci\u00f3n laboral bajo su gu\u00eda legal<\/span><\/li>\n<li style=\"font-weight: 400;\" aria-level=\"1\"><span style=\"font-weight: 400;\">\u00a0<\/span><span style=\"font-weight: 400;\">Siga los consejos de su m\u00e9dico y descanse al m\u00e1ximo para recuperarse.<\/span><\/li>\n<\/ul>\n<h2><b>\u00bfCu\u00e1les son las lesiones por accidentes laborales m\u00e1s comunes?<\/b><\/h2>\n<p><span style=\"font-weight: 400;\">Los empleados pueden sufrir varios tipos de lesiones seg\u00fan su empleo.<\/span><\/p>\n<p><span style=\"font-weight: 400;\">Sin embargo, las lesiones laborales m\u00e1s comunes incluyen:<\/span><\/p>\n<ul>\n<li style=\"font-weight: 400;\" aria-level=\"1\"><span style=\"font-weight: 400;\">\u00a0<\/span><span style=\"font-weight: 400;\">Lesiones de espalda y cuello, que pueden ocurrir despu\u00e9s de accidentes automovil\u00edsticos, debido a la ca\u00edda de objetos o incluso al levantamiento continuo de objetos pesados.<\/span><\/li>\n<li style=\"font-weight: 400;\" aria-level=\"1\"><span style=\"font-weight: 400;\">\u00a0<\/span><span style=\"font-weight: 400;\">Las quemaduras pueden ocurrir entre trabajadores que operan hornos, hornos o aquellos que est\u00e1n constantemente expuestos a radiaci\u00f3n o qu\u00edmicos corrosivos.<\/span><\/li>\n<li style=\"font-weight: 400;\" aria-level=\"1\"><span style=\"font-weight: 400;\">\u00a0<\/span><span style=\"font-weight: 400;\">Las fracturas pueden ocurrir debido a fuertes ca\u00eddas, accidentes automovil\u00edsticos o entre empleados que realizan actividades repetitivas.<\/span><\/li>\n<li style=\"font-weight: 400;\" aria-level=\"1\"><span style=\"font-weight: 400;\">\u00a0<\/span><span style=\"font-weight: 400;\">Pueden ocurrir amputaciones o p\u00e9rdida de miembros entre los trabajadores que operan maquinaria pesada y manipulan constantemente herramientas de corte grandes.<\/span><\/li>\n<li style=\"font-weight: 400;\" aria-level=\"1\"><span style=\"font-weight: 400;\">\u00a0<\/span><span style=\"font-weight: 400;\">La p\u00e9rdida auditiva es un tipo com\u00fan de lesi\u00f3n en lugares de trabajo demasiado ruidosos que brindan a los empleados equipos de protecci\u00f3n auditiva de mala calidad o sin ellos.<\/span><\/li>\n<li style=\"font-weight: 400;\" aria-level=\"1\"><span style=\"font-weight: 400;\">\u00a0<\/span><span style=\"font-weight: 400;\">El dolor en las articulaciones es com\u00fan entre los empleados que realizan tareas repetitivas y trabajos que implican levantar objetos pesados.<\/span><\/li>\n<li style=\"font-weight: 400;\" aria-level=\"1\"><span style=\"font-weight: 400;\">\u00a0<\/span><span style=\"font-weight: 400;\">Los accidentes por resbalones, tropiezos y ca\u00eddas a menudo resultan en lesiones como fracturas y dislocaciones.<\/span><\/li>\n<li style=\"font-weight: 400;\" aria-level=\"1\"><span style=\"font-weight: 400;\">\u00a0<\/span><span style=\"font-weight: 400;\">Los accidentes de construcci\u00f3n se consideran algunos de los m\u00e1s graves, ya que pueden provocar lesiones en la cabeza y la cara, fracturas de huesos e incluso par\u00e1lisis.<\/span><\/li>\n<li style=\"font-weight: 400;\" aria-level=\"1\"><span style=\"font-weight: 400;\">\u00a0<\/span><span style=\"font-weight: 400;\">Lesiones resultantes de accidentes automovil\u00edsticos durante un viaje por motivos laborales.<\/span><\/li>\n<li style=\"font-weight: 400;\" aria-level=\"1\"><span style=\"font-weight: 400;\">\u00a0<\/span><span style=\"font-weight: 400;\">Los cortes y laceraciones son lesiones que pueden ocurrir al trabajar con maquinaria o herramientas de corte.<\/span><\/li>\n<\/ul>\n<p><span style=\"font-weight: 400;\">P\u00f3ngase en contacto con un abogado de compensaci\u00f3n para trabajadores de Fort Lauderdale hoy mismo para averiguar si su lesi\u00f3n calificar\u00e1 como una lesi\u00f3n laboral indemnizable.<\/span><\/p>\n<p><a href=\"https:\/\/workinjuryrights.com\/wp-content\/uploads\/2021\/08\/injured-arm-employee-1-1.jpg\"><img fetchpriority=\"high\" decoding=\"async\" class=\"alignnone size-full wp-image-3393\" src=\"https:\/\/workinjuryrights.com\/wp-content\/uploads\/2021\/08\/injured-arm-employee-1-1.jpg\" alt=\"Female employee with injured arm concept of Fort Lauderdale workers' compensation lawyer\" width=\"500\" height=\"199\" srcset=\"https:\/\/workinjuryrights.com\/wp-content\/uploads\/2021\/08\/injured-arm-employee-1-1.jpg 500w, https:\/\/workinjuryrights.com\/wp-content\/uploads\/2021\/08\/injured-arm-employee-1-1-300x119.jpg 300w\" sizes=\"(max-width: 500px) 100vw, 500px\" \/><\/a><\/p>\n<h2><b>\u00bfPor qu\u00e9 deber\u00eda contratar a un abogado de indemnizaci\u00f3n laboral en Fort Lauderdale?<\/b><\/h2>\n<p><span style=\"font-weight: 400;\">Si bien no todos los casos de compensaci\u00f3n de trabajadores necesitar\u00e1n un abogado, generalmente es aconsejable buscar asesor\u00eda legal tan pronto como sufra una lesi\u00f3n relacionada con el trabajo, ya que es posible que no est\u00e9 familiarizado con todas las leyes de compensaci\u00f3n de trabajadores. Generalmente, un abogado de compensaci\u00f3n para trabajadores de Fort Lauderdale lo ayudar\u00e1 a informar su lesi\u00f3n y presentar una notificaci\u00f3n de reclamo dentro del tiempo legal permitido.<\/span><\/p>\n<p><span style=\"font-weight: 400;\">Un abogado tambi\u00e9n ser\u00e1 \u00fatil si su empleador rechaza su reclamo, ya que pueden ayudar a recopilar pruebas y representarlo ante la <\/span><a href=\"https:\/\/www.myfloridacfo.com\/Division\/wc\/\" target=\"_blank\" rel=\"noopener\"><span style=\"font-weight: 400;\">Junta Estatal de Compensaci\u00f3n para Trabajadores<\/span><\/a><span style=\"font-weight: 400;\">. Su abogado de compensaci\u00f3n para trabajadores de Fort Lauderdale tambi\u00e9n puede asesorarlo sobre la posibilidad de presentar una demanda si un tercero fue responsable del accidente que result\u00f3 en su lesi\u00f3n.<\/span><a href=\"https:\/\/translate.google.com\/translate?hl=es&amp;prev=_t&amp;sl=en&amp;tl=es&amp;u=https:\/\/www.myfloridacfo.com\/Division\/wc\/\" target=\"_blank\" rel=\"noopener\"><span style=\"font-weight: 400;\">\u00a0<\/span><\/a><\/p>\n<h2><b>\u00bfCu\u00e1nto cuesta contratar a un abogado de indemnizaci\u00f3n laboral en Fort Lauderdale?<\/b><\/h2>\n<p><span style=\"font-weight: 400;\">Nuestros abogados de compensaci\u00f3n para trabajadores de Fort Lauderdale en Work Injury Rights, al igual que la mayor\u00eda de los abogados de compensaci\u00f3n para trabajadores en Florida, trabajan de manera contingente. Esto significa que no paga nada hasta que se cierre su caso y se otorguen los beneficios. Despu\u00e9s de la adjudicaci\u00f3n, un porcentaje se utiliza como honorarios de abogados.<\/span><\/p>\n<p><span style=\"font-weight: 400;\">La ley de Florida limita esto al 20% para los primeros $5,000, al 15% para los siguientes $5,000 y al 10% para los beneficios restantes recibidos en los primeros diez a\u00f1os a partir de la fecha de presentaci\u00f3n del reclamo, y al 5% de los beneficios restantes recibidos despu\u00e9s del 10 a\u00f1os.<\/span><\/p>\n<h2><b>\u00bfQu\u00e9 debo hacer si se rechaza mi reclamo de indemnizaci\u00f3n por accidentes de trabajo?<\/b><\/h2>\n<p><span style=\"font-weight: 400;\">Si su empleador o su compa\u00f1\u00eda de seguros niegan su reclamo de compensaci\u00f3n para trabajadores, recibir\u00e1 un Aviso de denegaci\u00f3n de la compa\u00f1\u00eda de seguros de compensaci\u00f3n para trabajadores de su empleador. Si este es el caso, tiene derecho a presentar una Petici\u00f3n de Beneficios ante la Oficina de Jueces de Reclamaciones de Compensaci\u00f3n (OJCC).<\/span><\/p>\n<p><span style=\"font-weight: 400;\">Si los esfuerzos de mediaci\u00f3n no tienen \u00e9xito, usted y la compa\u00f1\u00eda de seguros de su empleador (o su equipo de defensa) comparecer\u00e1n ante la OJCC, y un juez escuchar\u00e1 a ambos lados del caso y decidir\u00e1, dentro de los 30 d\u00edas, si le otorga los beneficios o no.<\/span><\/p>\n<p><span style=\"font-weight: 400;\">Tener su reclamo denegado podr\u00eda reducir sus posibilidades de recibir beneficios, y es importante que trabaje con un abogado experimentado en compensaci\u00f3n de trabajadores de Fort Lauderdale para que su reclamo sea aprobado lo antes posible.<\/span><\/p>\n<p><a href=\"https:\/\/workinjuryrights.com\/wp-content\/uploads\/2021\/08\/lawyer-paperwork-desk-3.jpg\"><img decoding=\"async\" class=\"alignnone size-full wp-image-3394\" src=\"https:\/\/workinjuryrights.com\/wp-content\/uploads\/2021\/08\/lawyer-paperwork-desk-3.jpg\" alt=\"Fort Lauderdale workers' compensation lawyer reviewing a client's case.\" width=\"500\" height=\"334\" srcset=\"https:\/\/workinjuryrights.com\/wp-content\/uploads\/2021\/08\/lawyer-paperwork-desk-3.jpg 500w, https:\/\/workinjuryrights.com\/wp-content\/uploads\/2021\/08\/lawyer-paperwork-desk-3-300x200.jpg 300w\" sizes=\"(max-width: 500px) 100vw, 500px\" \/><\/a><\/p>\n<h2><b>\u00bfQu\u00e9 responsabilidad tiene el empleado al presentar una reclamaci\u00f3n de indemnizaci\u00f3n laboral?<\/b><\/h2>\n<p><span style=\"font-weight: 400;\">Los empleados que se lesionan en el trabajo deben cumplir con ciertas responsabilidades a trav\u00e9s del proceso de reclamos de compensaci\u00f3n de trabajadores para garantizar que reciban los beneficios que merecen.<\/span><\/p>\n<p><span style=\"font-weight: 400;\">Estas responsabilidades incluyen:<\/span><\/p>\n<ul>\n<li style=\"font-weight: 400;\" aria-level=\"1\"><span style=\"font-weight: 400;\">\u00a0<\/span><span style=\"font-weight: 400;\">Informar la lesi\u00f3n relacionada con el trabajo al empleador o supervisor dentro del per\u00edodo legal (30 d\u00edas a partir de la fecha del accidente).<\/span><\/li>\n<li style=\"font-weight: 400;\" aria-level=\"1\"><span style=\"font-weight: 400;\">\u00a0<\/span><span style=\"font-weight: 400;\">Presentar una reclamaci\u00f3n de compensaci\u00f3n para trabajadores dentro del per\u00edodo legal (2 a\u00f1os a partir de la fecha del accidente).<\/span><\/li>\n<li style=\"font-weight: 400;\" aria-level=\"1\"><span style=\"font-weight: 400;\">\u00a0<\/span><span style=\"font-weight: 400;\">Buscar atenci\u00f3n m\u00e9dica razonable del m\u00e9dico recomendado.<\/span><\/li>\n<li style=\"font-weight: 400;\" aria-level=\"1\"><span style=\"font-weight: 400;\">\u00a0<\/span><span style=\"font-weight: 400;\">Someterse a una prueba de drogas si el empleador lo solicita cuando investiga su lesi\u00f3n relacionada con el trabajo.<\/span><\/li>\n<li style=\"font-weight: 400;\" aria-level=\"1\"><span style=\"font-weight: 400;\">\u00a0<\/span><span style=\"font-weight: 400;\">Aceptar un trabajo recomendado por el m\u00e9dico tratante si puede regresar al trabajo antes de alcanzar la m\u00e1xima mejor\u00eda m\u00e9dica.<\/span><\/li>\n<li style=\"font-weight: 400;\" aria-level=\"1\"><span style=\"font-weight: 400;\">\u00a0<\/span><span style=\"font-weight: 400;\">Mantener al empleador actualizado sobre temas importantes como su fecha probable de regreso y las recomendaciones del m\u00e9dico.<\/span><\/li>\n<\/ul>\n<p><span style=\"font-weight: 400;\">La contrataci\u00f3n de un abogado con experiencia en compensaci\u00f3n para trabajadores en Fort Lauderdale puede garantizar que se hayan seguido todos estos pasos.<\/span><\/p>\n<h2><b>\u00bfQu\u00e9 responsabilidad tiene el empleador en el proceso de indemnizaci\u00f3n laboral?<\/b><\/h2>\n<p><span style=\"font-weight: 400;\">Seg\u00fan las leyes de Florida, los empleadores tienen las siguientes responsabilidades en el proceso de compensaci\u00f3n de trabajadores:<\/span><\/p>\n<ul>\n<li style=\"font-weight: 400;\" aria-level=\"1\"><span style=\"font-weight: 400;\">\u00a0<\/span><span style=\"font-weight: 400;\">Env\u00ede al trabajador lesionado a un m\u00e9dico autorizado para que reciba atenci\u00f3n m\u00e9dica.<\/span><\/li>\n<li style=\"font-weight: 400;\" aria-level=\"1\"><span style=\"font-weight: 400;\">\u00a0<\/span><span style=\"font-weight: 400;\">Investigue el accidente laboral que caus\u00f3 la lesi\u00f3n del empleado.<\/span><\/li>\n<li style=\"font-weight: 400;\" aria-level=\"1\"><span style=\"font-weight: 400;\">\u00a0<\/span><span style=\"font-weight: 400;\">Informe la lesi\u00f3n del empleado a su compa\u00f1\u00eda de seguros dentro del per\u00edodo legal (a m\u00e1s tardar 7 d\u00edas despu\u00e9s de enterarse de la lesi\u00f3n).<\/span><\/li>\n<\/ul>\n<p><span style=\"font-weight: 400;\">Si su empleador no ha cumplido con sus responsabilidades despu\u00e9s de su lesi\u00f3n laboral, comun\u00edquese con uno de nuestros abogados de compensaci\u00f3n para trabajadores de Fort Lauderdale para analizar sus opciones.<\/span><\/p>\n<h2><b>\u00bfMe pueden despedir por reclamar una reclamaci\u00f3n de indemnizaci\u00f3n por accidentes de trabajo?<\/b><\/h2>\n<p><span style=\"font-weight: 400;\">Por ley, los empleadores de Florida no pueden despedir a sus empleados por presentar una reclamaci\u00f3n de compensaci\u00f3n para trabajadores. Los empleados est\u00e1n protegidos contra el despido injusto o cualquier forma de represalia que pueda ser el resultado de presentar una reclamaci\u00f3n de compensaci\u00f3n para trabajadores.<\/span><\/p>\n<p><span style=\"font-weight: 400;\">Si cree que fue despedido como resultado de un reclamo por lesiones laborales, comun\u00edquese con uno de nuestros abogados de compensaci\u00f3n para trabajadores de Fort Lauderdale para conocer sus opciones legales y la mejor manera de seguir adelante.<\/span><\/p>\n<h2><b>\u00bfExiste un l\u00edmite de tiempo para presentar una reclamaci\u00f3n de indemnizaci\u00f3n laboral en Fort Lauderdale, Florida?<\/b><\/h2>\n<p><span style=\"font-weight: 400;\">Los reclamos de compensaci\u00f3n para trabajadores en Florida tienen un l\u00edmite de tiempo, y los empleados lesionados deben presentar sus reclamos dentro del l\u00edmite de tiempo legal. En Florida, las reclamaciones de compensaci\u00f3n para trabajadores deben presentarse a m\u00e1s tardar 2 a\u00f1os despu\u00e9s de la fecha del accidente. El incumplimiento del estatuto de limitaciones puede llevar a la p\u00e9rdida de su derecho a solicitar beneficios de compensaci\u00f3n para trabajadores.<\/span><\/p>\n<h2><b>\u00bfPuedo demandar a mi empleador?<\/b><\/h2>\n<p><span style=\"font-weight: 400;\">Seg\u00fan la compensaci\u00f3n para trabajadores, un empleado que sufre lesiones relacionadas con el trabajo puede recibir beneficios a cambio de su derecho a presentar una demanda por lesiones personales contra su empleador. De ello se desprende que en la mayor\u00eda de las reclamaciones de compensaci\u00f3n para trabajadores, los empleados pueden no tener derecho a demandar a sus empleadores.<\/span><\/p>\n<p><span style=\"font-weight: 400;\">Sin embargo, debe hablar con un abogado de compensaci\u00f3n para trabajadores de Fort Lauderdale sobre la posibilidad de presentar una demanda si su empleo es despedido por presentar un reclamo de compensaci\u00f3n para trabajadores.<\/span><\/p>\n<h2><b>\u00bfPuede un contratista independiente presentar una reclamaci\u00f3n de indemnizaci\u00f3n laboral?<\/b><\/h2>\n<p><span style=\"font-weight: 400;\">En Florida, los contratistas independientes no est\u00e1n cubiertos por la compensaci\u00f3n de trabajadores y no pueden recibir beneficios si se lesionan en el trabajo. Adem\u00e1s, la ley de compensaci\u00f3n de trabajadores de Florida no permite contratistas independientes en la industria de la construcci\u00f3n. Generalmente, los contratistas independientes no recibir\u00e1n beneficios de compensaci\u00f3n para trabajadores en Florida. Si cree que puede calificar para recibir beneficios como contratista independiente, llame a nuestros abogados de compensaci\u00f3n para trabajadores de Fort Lauderdale para revisar su caso sin cargo.<\/span><\/p>\n<h2><b>\u00bfCu\u00e1l es el valor de mi reclamo de compensaci\u00f3n para trabajadores de Fort Lauderdale?<\/b><\/h2>\n<p><span style=\"font-weight: 400;\">Para establecer el valor total de su reclamo de compensaci\u00f3n para trabajadores, tendr\u00eda que tener en cuenta todos los beneficios que se le otorgaron debido a su lesi\u00f3n relacionada con el trabajo. Normalmente, los siguientes beneficios compensar\u00e1n el valor de su reclamo:<\/span><\/p>\n<ul>\n<li style=\"font-weight: 400;\" aria-level=\"1\"><span style=\"font-weight: 400;\">\u00a0<\/span><span style=\"font-weight: 400;\">Gastos m\u00e9dicos<\/span><\/li>\n<li style=\"font-weight: 400;\" aria-level=\"1\"><span style=\"font-weight: 400;\">\u00a0<\/span><span style=\"font-weight: 400;\">Cualquier costo de rehabilitaci\u00f3n f\u00edsica o vocacional<\/span><\/li>\n<li style=\"font-weight: 400;\" aria-level=\"1\"><span style=\"font-weight: 400;\">\u00a0<\/span><span style=\"font-weight: 400;\">Parte de su salario perdido<\/span><\/li>\n<li style=\"font-weight: 400;\" aria-level=\"1\"><span style=\"font-weight: 400;\">\u00a0<\/span><span style=\"font-weight: 400;\">Beneficios de ingresos, incluidos los beneficios por discapacidad total temporal, los beneficios por discapacidad parcial temporal, los beneficios por discapacidad parcial permanente y los beneficios por discapacidad total permanente. En muchos casos, los beneficios por discapacidad total temporal (TTD) se otorgan y generalmente son dos tercios de su salario semanal promedio previo a la lesi\u00f3n (con un l\u00edmite de $1,011 por semana).<\/span><\/li>\n<\/ul>\n<h2><b>Llame a nuestros abogados de compensaci\u00f3n para trabajadores de Fort Lauderdale hoy para una consulta gratuita<\/b><\/h2>\n<p><span style=\"font-weight: 400;\">La compensaci\u00f3n para trabajadores garantiza que los trabajadores reciban los beneficios que merecen si sufren una lesi\u00f3n o enfermedad relacionada con el trabajo. A trav\u00e9s de la compensaci\u00f3n para trabajadores, dichos empleados pueden pagar sus facturas m\u00e9dicas y recibir beneficios monetarios para cubrir sus salarios perdidos si la lesi\u00f3n o enfermedad los obliga a ausentarse del trabajo.<\/span><\/p>\n<p><span style=\"font-weight: 400;\">Un abogado con experiencia en compensaci\u00f3n para trabajadores de Fort Lauderdale puede manejar su reclamo de compensaci\u00f3n para trabajadores, asegur\u00e1ndose de que todo se haga de acuerdo con la ley y dentro de los l\u00edmites de tiempo permitidos.<\/span><\/p>\n<p><span style=\"font-weight: 400;\">Si es un empleado en Fort Lauderdale y se lesion\u00f3 mientras trabajaba, llame hoy a Work Injury Rights al <a href=\"tel:+19543888616\">954-388-8616<\/a> para programar una consulta para conocer sus derechos y posibles beneficios.<\/span><\/p>\n","protected":false},"excerpt":{"rendered":"<p>La indemnizaci\u00f3n por accidentes laborales que provoquen lesiones a un trabajador deber\u00eda ser sencilla. Gracias a la compensaci\u00f3n para trabajadores, dichos trabajadores tienen derecho a beneficios monetarios si se lesionan mientras est\u00e1n en el reloj. Bajo este sistema de seguro, los empleados tienen ciertos beneficios, derechos y responsabilidades, y es vital comprenderlos si ha sufrido [&hellip;]<\/p>\n","protected":false},"author":29,"featured_media":4700,"parent":5709,"menu_order":0,"comment_status":"closed","ping_status":"closed","template":"","meta":{"_acf_changed":false,"anchor_text":"","footnotes":""},"categories":[],"tags":[113,108],"class_list":["post-5712","page","type-page","status-publish","has-post-thumbnail","hentry","tag-workers-compensation-es-2","tag-workers-compensation-es"],"acf":[],"_links":{"self":[{"href":"https:\/\/workinjuryrights.com\/es\/wp-json\/wp\/v2\/pages\/5712","targetHints":{"allow":["GET"]}}],"collection":[{"href":"https:\/\/workinjuryrights.com\/es\/wp-json\/wp\/v2\/pages"}],"about":[{"href":"https:\/\/workinjuryrights.com\/es\/wp-json\/wp\/v2\/types\/page"}],"author":[{"embeddable":true,"href":"https:\/\/workinjuryrights.com\/es\/wp-json\/wp\/v2\/users\/29"}],"replies":[{"embeddable":true,"href":"https:\/\/workinjuryrights.com\/es\/wp-json\/wp\/v2\/comments?post=5712"}],"version-history":[{"count":6,"href":"https:\/\/workinjuryrights.com\/es\/wp-json\/wp\/v2\/pages\/5712\/revisions"}],"predecessor-version":[{"id":6485,"href":"https:\/\/workinjuryrights.com\/es\/wp-json\/wp\/v2\/pages\/5712\/revisions\/6485"}],"up":[{"embeddable":true,"href":"https:\/\/workinjuryrights.com\/es\/wp-json\/wp\/v2\/pages\/5709"}],"wp:featuredmedia":[{"embeddable":true,"href":"https:\/\/workinjuryrights.com\/es\/wp-json\/wp\/v2\/media\/4700"}],"wp:attachment":[{"href":"https:\/\/workinjuryrights.com\/es\/wp-json\/wp\/v2\/media?parent=5712"}],"wp:term":[{"taxonomy":"category","embeddable":true,"href":"https:\/\/workinjuryrights.com\/es\/wp-json\/wp\/v2\/categories?post=5712"},{"taxonomy":"post_tag","embeddable":true,"href":"https:\/\/workinjuryrights.com\/es\/wp-json\/wp\/v2\/tags?post=5712"}],"curies":[{"name":"wp","href":"https:\/\/api.w.org\/{rel}","templated":true}]}}