{"id":5715,"date":"2021-08-13T20:59:40","date_gmt":"2021-08-13T20:59:40","guid":{"rendered":"https:\/\/workinjuryrights.com\/fort-lauderdale\/workers-compensation-benefits\/"},"modified":"2022-02-04T16:04:32","modified_gmt":"2022-02-04T16:04:32","slug":"beneficios-laborales","status":"publish","type":"page","link":"https:\/\/workinjuryrights.com\/es\/fort-lauderdale\/abogado-compensacion-laboral\/beneficios-laborales\/","title":{"rendered":"Beneficios de Compensaci\u00f3n Laboral en Fort Lauderdale"},"content":{"rendered":"<p><span style=\"font-weight: 400;\">Las leyes federales y estatales obligan a ciertos empleadores a pagar la compensaci\u00f3n de los trabajadores. Este tipo de seguro cubre los gastos m\u00e9dicos, los salarios perdidos y permite otros beneficios a los empleados que sufren una lesi\u00f3n o enfermedad relacionada con el trabajo en el curso de su empleo. Entonces, \u00bfa qu\u00e9 tipos de beneficios de compensaci\u00f3n para trabajadores en Fort Lauderdale tiene derecho un trabajador lesionado?<\/span><\/p>\n<p><span style=\"font-weight: 400;\">Seg\u00fan la ley de Florida, dichos beneficios deben otorgarse incluso si el empleado tuvo la culpa del accidente. Dependiendo de la lesi\u00f3n, un empleado puede ser elegible para varios beneficios. En la mayor\u00eda de los casos, los empleados recibir\u00e1n beneficios m\u00e9dicos para cubrir sus gastos m\u00e9dicos. Los empleados que se ausenten del trabajo debido a una lesi\u00f3n o enfermedad relacionada con el trabajo tambi\u00e9n pueden recibir beneficios de ingresos para cubrir parte de sus salarios perdidos.<\/span><\/p>\n<p><span style=\"font-weight: 400;\">Si se lesion\u00f3 mientras trabajaba, es posible que tenga que hacer cola para recibir los beneficios de compensaci\u00f3n para trabajadores en Fort Lauderdale. Llame a la oficina de Derechos de Lesiones Laborales hoy al <a href=\"tel:+19543888616\">954-388-8616<\/a> para hablar con un <\/span><a href=\"https:\/\/workinjuryrights.com\/es\/fort-lauderdale\/abogado-compensacion-laboral\/\"><span style=\"font-weight: 400;\">abogado de compensaci\u00f3n para trabajadores de Fort Lauderdale<\/span><\/a><span style=\"font-weight: 400;\"> y averiguar los beneficios para los que puede ser elegible.<\/span><\/p>\n<p><span style=\"font-weight: 400;\"><\/span><\/p>\n<h2><b>\u00bfCu\u00e1les son los l\u00edmites de ingresos de compensaci\u00f3n para trabajadores de Florida?<\/b><\/h2>\n<p><span style=\"font-weight: 400;\">Normalmente, la compa\u00f1\u00eda de seguros de compensaci\u00f3n de trabajadores del empleador pagar\u00e1 los gastos m\u00e9dicos del empleado durante un per\u00edodo estipulado. En Florida, no hay l\u00edmite de tiempo ni vencimiento de los beneficios m\u00e9dicos, siempre que necesite atenci\u00f3n m\u00e9dica debido al accidente laboral. Sin embargo, debe recibir tratamiento m\u00e9dico \u00abautorizado\u00bb al menos una vez cada 12 meses.<\/span><\/p>\n<p><span style=\"font-weight: 400;\">Los beneficios de ingresos tambi\u00e9n est\u00e1n limitados por la ley de Florida, y los trabajadores solo pueden recibir hasta un cierto m\u00e1ximo durante un per\u00edodo espec\u00edfico. Los beneficios por discapacidad total temporal tienen un l\u00edmite de $<\/span><span style=\"font-weight: 400;\">1,011 por semana y no se pueden otorgar por m\u00e1s de 260 semanas a partir de la fecha de la lesi\u00f3n.<\/span><\/p>\n<p><span style=\"font-weight: 400;\">Los empleados que son elegibles para los beneficios por discapacidad parcial permanente (PPD) recibir\u00e1n estos beneficios durante un per\u00edodo espec\u00edfico. El l\u00edmite de estos beneficios depender\u00e1 del da\u00f1o causado a una parte espec\u00edfica del cuerpo (la calificaci\u00f3n de deterioro establecida).<\/span><\/p>\n<p><span style=\"font-weight: 400;\">Si sufre una discapacidad permanente, puede seguir recibiendo beneficios semanales por discapacidad total permanente hasta que tenga 75 a\u00f1os, pero puede seguir recibiendo estos beneficios si no es elegible para los beneficios del Seguro Social.<\/span><\/p>\n<p><span style=\"font-weight: 400;\">Si necesita ayuda para calcular sus l\u00edmites de ingresos con respecto a sus beneficios de compensaci\u00f3n para trabajadores en Fort Lauderdale, llame a Work Injury Rights hoy mismo.<\/span><\/p>\n<p><a href=\"https:\/\/workinjuryrights.com\/wp-content\/uploads\/2021\/08\/worker-comp-benefits-1-4.jpg\"><img fetchpriority=\"high\" decoding=\"async\" class=\"alignnone size-full wp-image-3442\" src=\"https:\/\/workinjuryrights.com\/wp-content\/uploads\/2021\/08\/worker-comp-benefits-1-4.jpg\" alt=\"Doctor examining patient with workers' compensation benefits in Fort Lauderdale\" width=\"500\" height=\"268\" srcset=\"https:\/\/workinjuryrights.com\/wp-content\/uploads\/2021\/08\/worker-comp-benefits-1-4.jpg 500w, https:\/\/workinjuryrights.com\/wp-content\/uploads\/2021\/08\/worker-comp-benefits-1-4-300x161.jpg 300w\" sizes=\"(max-width: 500px) 100vw, 500px\" \/><\/a><\/p>\n<h2><b>\u00bfCu\u00e1les son los tipos de beneficios de compensaci\u00f3n laboral en Fort Lauderdale?<\/b><\/h2>\n<p><span style=\"font-weight: 400;\">Los beneficios m\u00e9dicos y los beneficios de ingresos son los beneficios de compensaci\u00f3n para trabajadores m\u00e1s comunes en <\/span><a href=\"https:\/\/www.visitflorida.com\/en-us\/cities\/fort-lauderdale.html\" target=\"_blank\" rel=\"noopener\"><span style=\"font-weight: 400;\">Fort Lauderdale<\/span><\/a><span style=\"font-weight: 400;\"> otorgados en casos de compensaci\u00f3n para trabajadores. Sin embargo, la familia de un trabajador puede tener derecho a beneficios funerarios y por fallecimiento en caso de una lesi\u00f3n mortal.<\/span><\/p>\n<p><span style=\"font-weight: 400;\">A continuaci\u00f3n, se muestran los tipos de beneficios de ingresos otorgados a los trabajadores que sufren una lesi\u00f3n o enfermedad relacionada con el trabajo:<\/span><\/p>\n<h3><b>Beneficios por discapacidad total temporal (TTD)<\/b><\/h3>\n<p><span style=\"font-weight: 400;\">Estos beneficios se otorgan si sufre una lesi\u00f3n o enfermedad relacionada con el trabajo y est\u00e1 sin trabajo durante al menos 21 d\u00edas, y contin\u00faan hasta que alcance la mejor\u00eda m\u00e9dica m\u00e1xima.<\/span><\/p>\n<h3><b>Beneficios por discapacidad parcial temporal (TPD)<\/b><\/h3>\n<p><span style=\"font-weight: 400;\">Si sufre una lesi\u00f3n o enfermedad relacionada con el trabajo, pero puede realizar alg\u00fan tipo de trabajo, es posible que est\u00e9 en l\u00ednea para recibir beneficios por discapacidad parcial temporal. En la mayor\u00eda de los casos, el m\u00e9dico tratante aprobar\u00e1 un trabajo liviano y lo m\u00e1s probable es que gane el 80% de sus ingresos antes de la lesi\u00f3n o menos.<\/span><\/p>\n<h3><b>Beneficios por discapacidad parcial permanente (PPD)<\/b><\/h3>\n<p><span style=\"font-weight: 400;\">Despu\u00e9s de alcanzar la mejor\u00eda m\u00e9dica m\u00e1xima, su m\u00e9dico tratante evaluar\u00e1 su condici\u00f3n para determinar si ha sufrido una discapacidad. Si ha sufrido una discapacidad permanente pero puede seguir trabajando o conseguir otro empleo, se le otorgar\u00e1n beneficios por discapacidad parcial permanente. Su m\u00e9dico le asignar\u00e1 una calificaci\u00f3n de discapacidad que se utilizar\u00e1 para calcular sus beneficios.<\/span><\/p>\n<h3><b>Beneficios por discapacidad total permanente (PTD)<\/b><\/h3>\n<p><span style=\"font-weight: 400;\">Los empleados de Florida que sufren una discapacidad permanente y total despu\u00e9s de una lesi\u00f3n relacionada con el trabajo pueden recibir beneficios por discapacidad total permanente en virtud de la compensaci\u00f3n para trabajadores. Estos beneficios se otorgan principalmente a los trabajadores que sufren lesiones catastr\u00f3ficas como quemaduras graves, lesiones cerebrales traum\u00e1ticas, amputaciones y par\u00e1lisis, que les impiden regresar al trabajo o conseguir cualquier tipo de empleo remunerado.<\/span><\/p>\n<h2><b>\u00bfC\u00f3mo se calculan los beneficios de compensaci\u00f3n para trabajadores en Fort Lauderdale?<\/b><\/h2>\n<p><span style=\"font-weight: 400;\">Cada estado tiene su propio conjunto de leyes de compensaci\u00f3n para trabajadores, incluidos los l\u00edmites de tiempo y los l\u00edmites de ingresos. As\u00ed es como se calculan los beneficios de ingresos en <\/span><span style=\"font-weight: 400;\">Florida bajo la compensaci\u00f3n de trabajadores<\/span><span style=\"font-weight: 400;\">:<\/span><\/p>\n<p><span style=\"font-weight: 400;\">Los beneficios por discapacidad total temporal equivalen a dos tercios de su salario semanal promedio previo a la lesi\u00f3n, pero puede recibir el 80% (cuatro quintos) de sus ingresos previos a la lesi\u00f3n durante 6 meses si su lesi\u00f3n es m\u00e1s grave. Si su salario semanal antes de su lesi\u00f3n era de $300, entonces sus beneficios por incapacidad total temporal ser\u00e1n de $200.<\/span><\/p>\n<p><span style=\"font-weight: 400;\">Los empleados que pueden regresar al trabajo pero ganan menos de lo que ganaban antes de la lesi\u00f3n reciben beneficios por discapacidad parcial temporal. Estos beneficios se calculan al 80% de la diferencia entre el 80% de su ingreso semanal promedio previo a la lesi\u00f3n y su ingreso actual. Por ejemplo, si ganaba $1,000 y ahora gana $600, recibir\u00e1 el 80% de (80% de $1,000 menos $600), que son $160.<\/span><\/p>\n<p><span style=\"font-weight: 400;\">Siempre que alcance la mejora m\u00e9dica m\u00e1xima (MMM), pero su m\u00e9dico tratante determine que ha sufrido una discapacidad permanente, estar\u00e1 en l\u00ednea para recibir beneficios por discapacidad parcial permanente. Estos beneficios se otorgan como compensaci\u00f3n por el da\u00f1o a una parte del cuerpo en particular.<\/span><\/p>\n<p><span style=\"font-weight: 400;\">Para calcular los beneficios por discapacidad parcial permanente, el m\u00e9dico tratante decide una calificaci\u00f3n de discapacidad permanente (PIR). La cantidad de beneficios de PPD no superar\u00e1 el 75% del m\u00e1ximo estatal, y la cantidad de semanas que se pagar\u00e1n estos beneficios depende de la calificaci\u00f3n de discapacidad.<\/span><\/p>\n<p><span style=\"font-weight: 400;\">En Florida, los empleados lesionados en el trabajo recibir\u00e1n los siguientes beneficios de compensaci\u00f3n laboral en Fort Lauderdale:<\/span><\/p>\n<ul>\n<li><span style=\"font-weight: 400;\"> 2 semanas por cada punto porcentual de deterioro del 1 al 10% (incluido el 10%)<\/span><\/li>\n<li><span style=\"font-weight: 400;\"> 3 semanas por cada punto porcentual de deterioro del 11 al 15%<\/span><\/li>\n<li><span style=\"font-weight: 400;\"> 4 semanas por cada punto porcentual de deterioro del 16 al 20%<\/span><\/li>\n<li><span style=\"font-weight: 400;\"> 6 semanas por cada punto porcentual de deterioro a partir del 21%.<\/span><\/li>\n<\/ul>\n<h2><b>\u00bfSe gravan los beneficios de compensaci\u00f3n para trabajadores en Fort Lauderdale?<\/b><\/h2>\n<p><span style=\"font-weight: 400;\">Seg\u00fan la ley de Florida, los beneficios de compensaci\u00f3n para trabajadores en Fort Lauderdale no se consideran ingresos y no est\u00e1n sujetos a impuestos a nivel federal o estatal.<\/span><\/p>\n<p><a href=\"https:\/\/workinjuryrights.com\/wp-content\/uploads\/2021\/08\/lawyer-working-desk-1.jpg\"><img decoding=\"async\" class=\"alignnone size-full wp-image-3444\" src=\"https:\/\/workinjuryrights.com\/wp-content\/uploads\/2021\/08\/lawyer-working-desk-1.jpg\" alt=\"Lawyer working on clients' workers' compensation benefits in Fort Lauderdale \" width=\"500\" height=\"333\" srcset=\"https:\/\/workinjuryrights.com\/wp-content\/uploads\/2021\/08\/lawyer-working-desk-1.jpg 500w, https:\/\/workinjuryrights.com\/wp-content\/uploads\/2021\/08\/lawyer-working-desk-1-300x200.jpg 300w\" sizes=\"(max-width: 500px) 100vw, 500px\" \/><\/a><\/p>\n<h2><b>Nuestros abogados de confianza pueden brindarle los beneficios de compensaci\u00f3n para trabajadores en Fort Lauderdale que usted se merece<\/b><\/h2>\n<p><span style=\"font-weight: 400;\">Dependiendo de la lesi\u00f3n relacionada con el trabajo sufrida, un empleado puede recibir varios beneficios. Si se lesion\u00f3 en el trabajo y no est\u00e1 seguro de qu\u00e9 beneficios de compensaci\u00f3n laboral en Fort Lauderdale puede recibir, si es que recibe alguno, es importante que hable con un abogado.<\/span><\/p>\n<p><span style=\"font-weight: 400;\">Llame a la oficina de <\/span><a href=\"\/\"><span style=\"font-weight: 400;\">Derechos de Lesiones Laborales<\/span><\/a><span style=\"font-weight: 400;\"> hoy al <a href=\"tel:+19543888616\">954-388-8616<\/a> para hablar con uno de nuestros abogados con experiencia en compensaci\u00f3n para trabajadores para averiguar los beneficios de compensaci\u00f3n para trabajadores en Fort Lauderdale que puede recibir y c\u00f3mo calcularlos.<\/span><\/p>\n","protected":false},"excerpt":{"rendered":"<p>Las leyes federales y estatales obligan a ciertos empleadores a pagar la compensaci\u00f3n de los trabajadores. Este tipo de seguro cubre los gastos m\u00e9dicos, los salarios perdidos y permite otros beneficios a los empleados que sufren una lesi\u00f3n o enfermedad relacionada con el trabajo en el curso de su empleo. Entonces, \u00bfa qu\u00e9 tipos de [&hellip;]<\/p>\n","protected":false},"author":29,"featured_media":4741,"parent":5712,"menu_order":0,"comment_status":"closed","ping_status":"closed","template":"","meta":{"_acf_changed":false,"anchor_text":"","footnotes":""},"categories":[],"tags":[45,113,108],"class_list":["post-5715","page","type-page","status-publish","has-post-thumbnail","hentry","tag-workers-compensation","tag-workers-compensation-es-2","tag-workers-compensation-es"],"acf":[],"_links":{"self":[{"href":"https:\/\/workinjuryrights.com\/es\/wp-json\/wp\/v2\/pages\/5715","targetHints":{"allow":["GET"]}}],"collection":[{"href":"https:\/\/workinjuryrights.com\/es\/wp-json\/wp\/v2\/pages"}],"about":[{"href":"https:\/\/workinjuryrights.com\/es\/wp-json\/wp\/v2\/types\/page"}],"author":[{"embeddable":true,"href":"https:\/\/workinjuryrights.com\/es\/wp-json\/wp\/v2\/users\/29"}],"replies":[{"embeddable":true,"href":"https:\/\/workinjuryrights.com\/es\/wp-json\/wp\/v2\/comments?post=5715"}],"version-history":[{"count":6,"href":"https:\/\/workinjuryrights.com\/es\/wp-json\/wp\/v2\/pages\/5715\/revisions"}],"predecessor-version":[{"id":7688,"href":"https:\/\/workinjuryrights.com\/es\/wp-json\/wp\/v2\/pages\/5715\/revisions\/7688"}],"up":[{"embeddable":true,"href":"https:\/\/workinjuryrights.com\/es\/wp-json\/wp\/v2\/pages\/5712"}],"wp:featuredmedia":[{"embeddable":true,"href":"https:\/\/workinjuryrights.com\/es\/wp-json\/wp\/v2\/media\/4741"}],"wp:attachment":[{"href":"https:\/\/workinjuryrights.com\/es\/wp-json\/wp\/v2\/media?parent=5715"}],"wp:term":[{"taxonomy":"category","embeddable":true,"href":"https:\/\/workinjuryrights.com\/es\/wp-json\/wp\/v2\/categories?post=5715"},{"taxonomy":"post_tag","embeddable":true,"href":"https:\/\/workinjuryrights.com\/es\/wp-json\/wp\/v2\/tags?post=5715"}],"curies":[{"name":"wp","href":"https:\/\/api.w.org\/{rel}","templated":true}]}}