{"id":5716,"date":"2021-08-13T20:32:18","date_gmt":"2021-08-13T20:32:18","guid":{"rendered":"https:\/\/workinjuryrights.com\/fort-lauderdale\/workers-compensation-claims-process\/"},"modified":"2022-03-14T19:18:16","modified_gmt":"2022-03-14T19:18:16","slug":"proceso-reclamaciones-indemnizacion-laboral","status":"publish","type":"page","link":"https:\/\/workinjuryrights.com\/es\/fort-lauderdale\/abogado-compensacion-laboral\/proceso-reclamaciones-indemnizacion-laboral\/","title":{"rendered":"Proceso de Reclamos de Compensaci\u00f3n para Trabajadores en Fort Lauderdale"},"content":{"rendered":"<p><span style=\"font-weight: 400;\">\u00bfHa sufrido una lesi\u00f3n en su lugar de trabajo en Florida? \u00bfSab\u00eda que la ley estipula que mientras est\u00e9 en una empresa con al menos 3 empleados, califica para los beneficios de compensaci\u00f3n para trabajadores? Esto significa que si se lesiona en el trabajo, es elegible para la cobertura de gastos m\u00e9dicos y salarios perdidos, a medida que se recupera.<\/span><\/p>\n<p><span style=\"font-weight: 400;\">Comprender el proceso de reclamos de compensaci\u00f3n para trabajadores en Fort Lauderdale es dif\u00edcil. En Work Injury Rights, lo ayudamos a navegar a trav\u00e9s de ese proceso. La compensaci\u00f3n para trabajadores o compensaci\u00f3n para trabajadores es un tipo de cobertura que fue dise\u00f1ada para trabajar a favor del empleado y no castigar a sus empleadores u otras partes.<\/span><\/p>\n<p><span style=\"font-weight: 400;\">En realidad, sin embargo, puede ser dif\u00edcil para el trabajador promedio saber si su lesi\u00f3n califica o no para una compensaci\u00f3n. Esto es particularmente cierto, dado que algunos empleadores y compa\u00f1\u00edas de seguros pueden intentar minimizar el alcance de las lesiones e incluso negarlas por completo. Despu\u00e9s de todo, pueden ahorrar mucho dinero si se rechaza su reclamo.<\/span><\/p>\n<p><span style=\"font-weight: 400;\">Si ha sufrido una lesi\u00f3n mientras hac\u00eda su trabajo, un <\/span><a href=\"https:\/\/workinjuryrights.com\/es\/fort-lauderdale\/abogado-compensacion-laboral\/\"><span style=\"font-weight: 400;\">abogado<\/span><span style=\"font-weight: 400;\"> experimentado en compensaci\u00f3n de <\/span><span style=\"font-weight: 400;\">trabajadores de Fort Lauderdale<\/span><\/a><span style=\"font-weight: 400;\"> puede ayudarlo a establecer si tiene un caso de lesi\u00f3n indemnizable. Nuestro equipo ha estado en la industria durante a\u00f1os y ha manejado casos similares, que se cuentan por cientos.<\/span><\/p>\n<p><span style=\"font-weight: 400;\">Hay numerosos bufetes de abogados en la ciudad, pero Work Injury Rights se enorgullece de anteponer los intereses de nuestros clientes y asegurarse de que obtengan la compensaci\u00f3n m\u00e1xima aplicable. Para quitarse de encima el obst\u00e1culo del proceso de reclamos de compensaci\u00f3n para trabajadores en Fort Lauderdale, comun\u00edquese con nuestras oficinas al <a href=\"tel:+19543888616\">954-388-8616<\/a>.<\/span><\/p>\n<p><span style=\"font-weight: 400;\"><\/span><\/p>\n<h2><b>\u00bfC\u00f3mo saber si una reclamaci\u00f3n de indemnizaci\u00f3n laboral cubrir\u00e1 su lesi\u00f3n?<\/b><\/h2>\n<p><span style=\"font-weight: 400;\">La mayor\u00eda de las lesiones sufridas mientras trabaja son elegibles para una compensaci\u00f3n a trav\u00e9s de la p\u00f3liza de seguro de compensaci\u00f3n para trabajadores. Estos incluyen exposici\u00f3n a humos t\u00f3xicos y materiales peligrosos, colisiones y choques, distensiones musculares, resbalones y ca\u00eddas, cortes y laceraciones, peleas, exposici\u00f3n a ruidos fuertes, etc.<\/span><\/p>\n<p><span style=\"font-weight: 400;\">Aqu\u00ed hay un vistazo m\u00e1s de cerca a algunas de las reclamaciones m\u00e1s comunes que califican para la compensaci\u00f3n de trabajadores en Fort Lauderdale, Florida:<\/span><\/p>\n<h3><b>Resbalones y ca\u00eddas<\/b><\/h3>\n<p><span style=\"font-weight: 400;\">Estos tienden a ocurrir debido a pisos resbalosos o mojados como resultado de derrames y limpieza de rutina. Puede ser elegible para una compensaci\u00f3n si puede demostrar que no caus\u00f3 el accidente o que no fue como resultado de su complacencia.<\/span><\/p>\n<p><a href=\"https:\/\/workinjuryrights.com\/wp-content\/uploads\/2021\/08\/slip-fall-worker-1.jpg\"><img fetchpriority=\"high\" decoding=\"async\" class=\"alignnone size-full wp-image-3402\" src=\"https:\/\/workinjuryrights.com\/wp-content\/uploads\/2021\/08\/slip-fall-worker-1.jpg\" alt=\"Image is of a man that slipped on steps at work and hurt back and will need to begin the workers' compensation claims process in Fort Lauderdale\" width=\"500\" height=\"333\" srcset=\"https:\/\/workinjuryrights.com\/wp-content\/uploads\/2021\/08\/slip-fall-worker-1.jpg 500w, https:\/\/workinjuryrights.com\/wp-content\/uploads\/2021\/08\/slip-fall-worker-1-300x200.jpg 300w\" sizes=\"(max-width: 500px) 100vw, 500px\" \/><\/a><\/p>\n<h3><b>Accidentes automovil\u00edsticos<\/b><\/h3>\n<p><span style=\"font-weight: 400;\">\u00bfSab\u00edas que los accidentes automovil\u00edsticos son la principal causa de muerte en el lugar de trabajo en el pa\u00eds? Estos accidentes pueden involucrar diversos tipos de veh\u00edculos, desde camiones de basura y tractocamiones hasta camiones de reparto, autom\u00f3viles de pasajeros e incluso veh\u00edculos de respuesta a emergencias. Si ha estado involucrado en un accidente automovil\u00edstico mientras estaba en el trabajo, puede ser elegible para salarios perdidos y beneficios m\u00e9dicos.<\/span><\/p>\n<h3><b>Lesiones relacionadas con la m\u00e1quina<\/b><\/h3>\n<p><span style=\"font-weight: 400;\">Las herramientas el\u00e9ctricas y el equipo pesado pueden causar una variedad de accidentes que incluyen amputaciones, huesos rotos, laceraciones, quemaduras el\u00e9ctricas, extremidades aplastadas, etc.<\/span><\/p>\n<h3><b>Movimiento repetitivo y sobreesfuerzo<\/b><\/h3>\n<p><span style=\"font-weight: 400;\">Hacer el mismo movimiento todos los d\u00edas puede provocar lesiones permanentes o temporales en los m\u00fasculos, ligamentos, tendones y nervios.<\/span><\/p>\n<h3><b>Accidentes industriales<\/b><\/h3>\n<p><span style=\"font-weight: 400;\">Estos incluyen derrumbes de edificios e incendios en la oficina, que provocan muchos tipos de lesiones como cortes, quemaduras, extremidades rotas, etc. De ah\u00ed la elegibilidad para la compensaci\u00f3n.<\/span><\/p>\n<h3><b>Objetos que caen<\/b><\/h3>\n<p><span style=\"font-weight: 400;\">Los art\u00edculos que generalmente caen van desde art\u00edculos enormes como vigas de acero, cerchas de techo, sujetadores, herramientas manuales peque\u00f1as, etc. La fuerza de los objetos que caen puede resultar en torceduras, esguinces, contusiones, fracturas e incluso la muerte.<\/span><\/p>\n<p><span style=\"font-weight: 400;\">Si bien la mayor\u00eda de las lesiones en el lugar de trabajo ocurren a menudo en entornos de trabajo peligrosos como las f\u00e1bricas, cualquier lesi\u00f3n en el lugar de trabajo, incluso si sucedi\u00f3 en un trabajo de escritorio, es elegible para una compensaci\u00f3n. Sin embargo, es posible que su lesi\u00f3n no d\u00e9 lugar a una reclamaci\u00f3n v\u00e1lida si:<\/span><\/p>\n<ul>\n<li><span style=\"font-weight: 400;\"> Ocurri\u00f3 por no seguir las reglas de seguridad.<\/span><\/li>\n<li><span style=\"font-weight: 400;\"> Ocurri\u00f3 mientras estaba bajo los efectos del alcohol o las drogas.<\/span><\/li>\n<li><span style=\"font-weight: 400;\"> No llevaba el atuendo de seguridad ni las herramientas provistas.<\/span><\/li>\n<li><span style=\"font-weight: 400;\"> Estabas participando en una pelea no relacionada con el trabajo.<\/span><\/li>\n<li><span style=\"font-weight: 400;\"> Proporcion\u00f3 informaci\u00f3n falsa para obtener una compensaci\u00f3n.<\/span><\/li>\n<\/ul>\n<p><span style=\"font-weight: 400;\">Para determinar la validez de su reclamo de compensaci\u00f3n para trabajadores, es mejor consultar a un abogado con experiencia. El equipo de Work Injury Rights podr\u00e1 brindar consejos s\u00f3lidos y recomendaciones sobre c\u00f3mo proceder con el proceso de reclamos de compensaci\u00f3n para trabajadores en Fort Lauderdale.<\/span><\/p>\n<h2><b>\u00bfCu\u00e1nto tiempo tengo para iniciar un proceso de reclamos de indemnizaci\u00f3n laboral en Fort Lauderdale?<\/b><\/h2>\n<p><span style=\"font-weight: 400;\">De acuerdo con <\/span><span style=\"font-weight: 400;\">la Ley de Compensaci\u00f3n para Trabajadores de Florida<\/span><span style=\"font-weight: 400;\">, debe presentar un reclamo dentro de los dos a\u00f1os posteriores a la fecha de la lesi\u00f3n relacionada con el trabajo. Si pasa este per\u00edodo y no se presenta ning\u00fan reclamo, el plazo de prescripci\u00f3n expirar\u00e1 y su empleador o su compa\u00f1\u00eda de seguros tendr\u00e1n fundamentos legales para denegar su reclamo.<\/span><\/p>\n<p><span style=\"font-weight: 400;\">El estado idealmente tiene un estatuto de limitaciones secundario. Si se lesion\u00f3 y recibi\u00f3 tratamiento m\u00e9dico y beneficios financieros, pero estos terminan sin completar los tratamientos necesarios o las obligaciones del empleador, entonces tiene un a\u00f1o desde el pago final para presentar un reclamo.<\/span><\/p>\n<p><span style=\"font-weight: 400;\">Adem\u00e1s, tenga en cuenta que tiene 30 d\u00edas a partir de la fecha de la lesi\u00f3n para notificar a su empleador, preferiblemente por escrito. Los abogados de Derechos de Lesiones Laborales pueden ayudarlo a navegar el proceso de reclamos de compensaci\u00f3n para trabajadores, a menudo complicado, en Fort Lauderdale.<\/span><\/p>\n<h2><b>\u00bfC\u00f3mo comienzo el proceso de reclamos de indemnizaci\u00f3n laboral en Fort Lauderdale?<\/b><\/h2>\n<p><span style=\"font-weight: 400;\">El proceso se inicia presentando y enviando el <\/span><a href=\"https:\/\/www.myfloridacfo.com\/division\/wc\/pdf\/DFS-F2-DWC-14.pdf\" target=\"_blank\" rel=\"noopener\"><span style=\"font-weight: 400;\">formulario WC-14<\/span><\/a><span style=\"font-weight: 400;\"> ante la Junta Estatal de Compensaci\u00f3n para Trabajadores. A continuaci\u00f3n, deber\u00e1 enviar una copia del mismo a su jefe y a su compa\u00f1\u00eda de seguros. Puede obtener este formulario en el sitio web de Compensaci\u00f3n de la Junta Estatal de Trabajadores de Florida.<\/span><\/p>\n<p><span style=\"font-weight: 400;\">En caso de que su lesi\u00f3n requiera atenci\u00f3n m\u00e9dica, su empleador est\u00e1 obligado a darle una lista de m\u00e9dicos autorizados que pueden ayudarlo. Posteriormente, su proveedor de seguros debe pagar el tratamiento m\u00e9dico autorizado.<\/span><\/p>\n<p><span style=\"font-weight: 400;\">El proceso de presentar un reclamo de compensaci\u00f3n para trabajadores en Florida no es complicado de ninguna manera. Sin embargo, no siempre se puede confiar en que algunos empleadores y compa\u00f1\u00edas de seguros desempe\u00f1en sus funciones. Como tal, le conviene contar con un abogado competente en compensaci\u00f3n de trabajadores a su lado.<\/span><\/p>\n<p><span style=\"font-weight: 400;\">El equipo de Work Injury Rights es lo suficientemente competente como para hacer nuestra parte para guiarlo y manejar todo el papeleo necesario que es parte del proceso de reclamos de compensaci\u00f3n para trabajadores en Fort Lauderdale para garantizar el mejor resultado para su reclamo.<\/span><\/p>\n<p><a href=\"https:\/\/workinjuryrights.com\/wp-content\/uploads\/2021\/08\/lawyer-client-case-1.jpg\"><img decoding=\"async\" class=\"alignnone size-full wp-image-3404\" src=\"https:\/\/workinjuryrights.com\/wp-content\/uploads\/2021\/08\/lawyer-client-case-1.jpg\" alt=\"Lawyer explaining the workers' compensation claims process in Fort Lauderdale to client\" width=\"500\" height=\"166\" srcset=\"https:\/\/workinjuryrights.com\/wp-content\/uploads\/2021\/08\/lawyer-client-case-1.jpg 500w, https:\/\/workinjuryrights.com\/wp-content\/uploads\/2021\/08\/lawyer-client-case-1-300x100.jpg 300w\" sizes=\"(max-width: 500px) 100vw, 500px\" \/><\/a><\/p>\n<h2><b>Llame a nuestros abogados de confianza para obtener ayuda con el proceso de reclamos de compensaci\u00f3n para trabajadores en Fort Lauderdale hoy<\/b><\/h2>\n<p><span style=\"font-weight: 400;\">En el desafortunado caso de que sufra una lesi\u00f3n o se enferme mientras trabaja, puede ser elegible para recibir beneficios m\u00e9dicos y financieros de su empleador. Mientras se concentra en la recuperaci\u00f3n, necesitar\u00e1 la mejor representaci\u00f3n legal disponible y nuestro equipo siempre est\u00e1 disponible para ayudarlo en todos los aspectos, incluido el proceso de reclamos.<\/span><\/p>\n<p><span style=\"font-weight: 400;\">Comun\u00edquese con los abogados de compensaci\u00f3n para trabajadores de <\/span><a href=\"\/\"><span style=\"font-weight: 400;\">Work Injury Rights<\/span><\/a><span style=\"font-weight: 400;\"> llamando a nuestras oficinas al <a href=\"tel:+19543888616\">954-388-8616<\/a> y lo guiaremos a trav\u00e9s del complejo proceso de reclamos de compensaci\u00f3n para trabajadores en Fort Lauderdale.<\/span><\/p>\n","protected":false},"excerpt":{"rendered":"<p>\u00bfHa sufrido una lesi\u00f3n en su lugar de trabajo en Florida? \u00bfSab\u00eda que la ley estipula que mientras est\u00e9 en una empresa con al menos 3 empleados, califica para los beneficios de compensaci\u00f3n para trabajadores? Esto significa que si se lesiona en el trabajo, es elegible para la cobertura de gastos m\u00e9dicos y salarios perdidos, [&hellip;]<\/p>\n","protected":false},"author":29,"featured_media":4717,"parent":5712,"menu_order":0,"comment_status":"closed","ping_status":"closed","template":"","meta":{"_acf_changed":false,"anchor_text":"","footnotes":""},"categories":[],"tags":[113,108],"class_list":["post-5716","page","type-page","status-publish","has-post-thumbnail","hentry","tag-workers-compensation-es-2","tag-workers-compensation-es"],"acf":[],"_links":{"self":[{"href":"https:\/\/workinjuryrights.com\/es\/wp-json\/wp\/v2\/pages\/5716","targetHints":{"allow":["GET"]}}],"collection":[{"href":"https:\/\/workinjuryrights.com\/es\/wp-json\/wp\/v2\/pages"}],"about":[{"href":"https:\/\/workinjuryrights.com\/es\/wp-json\/wp\/v2\/types\/page"}],"author":[{"embeddable":true,"href":"https:\/\/workinjuryrights.com\/es\/wp-json\/wp\/v2\/users\/29"}],"replies":[{"embeddable":true,"href":"https:\/\/workinjuryrights.com\/es\/wp-json\/wp\/v2\/comments?post=5716"}],"version-history":[{"count":5,"href":"https:\/\/workinjuryrights.com\/es\/wp-json\/wp\/v2\/pages\/5716\/revisions"}],"predecessor-version":[{"id":7690,"href":"https:\/\/workinjuryrights.com\/es\/wp-json\/wp\/v2\/pages\/5716\/revisions\/7690"}],"up":[{"embeddable":true,"href":"https:\/\/workinjuryrights.com\/es\/wp-json\/wp\/v2\/pages\/5712"}],"wp:featuredmedia":[{"embeddable":true,"href":"https:\/\/workinjuryrights.com\/es\/wp-json\/wp\/v2\/media\/4717"}],"wp:attachment":[{"href":"https:\/\/workinjuryrights.com\/es\/wp-json\/wp\/v2\/media?parent=5716"}],"wp:term":[{"taxonomy":"category","embeddable":true,"href":"https:\/\/workinjuryrights.com\/es\/wp-json\/wp\/v2\/categories?post=5716"},{"taxonomy":"post_tag","embeddable":true,"href":"https:\/\/workinjuryrights.com\/es\/wp-json\/wp\/v2\/tags?post=5716"}],"curies":[{"name":"wp","href":"https:\/\/api.w.org\/{rel}","templated":true}]}}