{"id":5717,"date":"2021-08-13T20:43:45","date_gmt":"2021-08-13T20:43:45","guid":{"rendered":"https:\/\/workinjuryrights.com\/fort-lauderdale\/workers-compensation-disputes\/"},"modified":"2021-10-05T16:52:16","modified_gmt":"2021-10-05T16:52:16","slug":"disputas","status":"publish","type":"page","link":"https:\/\/workinjuryrights.com\/es\/fort-lauderdale\/abogado-compensacion-laboral\/disputas\/","title":{"rendered":"Disputas de Compensaci\u00f3n Laboral en Fort Lauderdale"},"content":{"rendered":"<p><span style=\"font-weight: 400;\">Al igual que con cualquier reclamo de compensaci\u00f3n para trabajadores, es probable que ocurran disputas de compensaci\u00f3n para trabajadores en Fort Lauderdale. Su lugar de trabajo es uno de los pocos lugares donde nunca esperar\u00eda sufrir da\u00f1os o lesiones a menos que su ocupaci\u00f3n implique trabajar en entornos de alto riesgo como la miner\u00eda y la construcci\u00f3n. Si bien ese es el caso, lo que la mayor\u00eda de la gente no comprende es que los accidentes en el lugar de trabajo que provocan lesiones graves son bastante comunes en pr\u00e1cticamente todas las industrias.<\/span><\/p>\n<p><span style=\"font-weight: 400;\">Afortunadamente, en Florida, como en la mayor\u00eda de los estados, existen leyes que est\u00e1n dise\u00f1adas para proteger los derechos de los trabajadores lesionados en caso de que se lesionen mientras trabajan. De acuerdo con la ley de Florida, los empleadores con m\u00e1s de cuatro empleados deben asegurarse de proporcionar un seguro de compensaci\u00f3n laboral para sus trabajadores, excepto en la industria de la construcci\u00f3n, donde todos los empleadores deben proporcionar compensaci\u00f3n laboral independientemente de la cantidad de personas que empleen.<\/span><\/p>\n<p><span style=\"font-weight: 400;\">Y aunque el prop\u00f3sito de este seguro es proteger a los empleados, las disputas de compensaci\u00f3n laboral en Fort Lauderdale, Florida, siguen siendo bastante comunes. La raz\u00f3n de esto es que las compa\u00f1\u00edas de seguros y los empleadores buscan constantemente razones para denegar el reclamo de un trabajador lesionado o para asegurarse de que ofrecen la cantidad m\u00e1s baja posible.<\/span><\/p>\n<p><span style=\"font-weight: 400;\">Como empleado lesionado, que le denieguen su reclamo o le ofrezcan man\u00ed en compensaci\u00f3n puede resultar perjudicial para su bienestar y sustento, especialmente si no tiene otra fuente de ingresos y est\u00e1 sin trabajo. Si su empleador o su aseguradora han disputado su reclamo, entonces lo que necesita es un abogado de compensaci\u00f3n laboral profesional y con experiencia que luche por usted y se asegure de que reciba una compensaci\u00f3n por sus lesiones y da\u00f1os.<\/span><\/p>\n<p><span style=\"font-weight: 400;\">Si est\u00e1 buscando asesor\u00eda legal y representaci\u00f3n en la que pueda confiar, entonces ha venido al lugar correcto. En Work Injury Rights, nos especializamos en el manejo de disputas de compensaci\u00f3n para trabajadores en Fort Lauderdale y podemos ayudarlo a obtener los beneficios que se merece. Nuestros abogados no solo tienen conocimientos sobre asuntos relacionados con las Leyes de Compensaci\u00f3n para Trabajadores de Florida; tambi\u00e9n son bastante agresivos cuando se trata de perseguir casos relacionados con disputas de compensaci\u00f3n laboral en Fort Lauderdale.<\/span><\/p>\n<p><span style=\"font-weight: 400;\">Para obtener m\u00e1s informaci\u00f3n sobre c\u00f3mo podemos ayudarlo, llame al <a href=\"tel:+19543888616\">954-388-8616<\/a> hoy para programar una reuni\u00f3n sin compromiso con uno de nuestros <\/span><a href=\"https:\/\/workinjuryrights.com\/es\/fort-lauderdale\/abogado-compensacion-laboral\/\"><span style=\"font-weight: 400;\">abogados<\/span><span style=\"font-weight: 400;\"> expertos en <\/span><span style=\"font-weight: 400;\">compensaci\u00f3n para trabajadores de Fort Lauderdale<\/span><\/a><span style=\"font-weight: 400;\">.<\/span><\/p>\n<p><span style=\"font-weight: 400;\"><\/span><\/p>\n<h2><b>\u00bfCu\u00e1les son algunas de las causas de las disputas por indemnizaci\u00f3n laboral en Fort Lauderdale?<\/b><\/h2>\n<p><span style=\"font-weight: 400;\">Una de las principales razones por las que surgen disputas de compensaci\u00f3n de trabajadores es porque una de las partes involucradas, ya sea el empleado o el empleador, no cumpli\u00f3 con sus obligaciones legales. Seg\u00fan las leyes de compensaci\u00f3n de trabajadores de Florida, el reclamo de un empleado lesionado solo se considera v\u00e1lido si cumple con todas sus responsabilidades legales.<\/span><\/p>\n<p><span style=\"font-weight: 400;\">Los problemas comunes que conducen a disputas de compensaci\u00f3n laboral en Fort Lauderdale son:<\/span><\/p>\n<h3><b>Estado de Empleo<\/b><\/h3>\n<p><span style=\"font-weight: 400;\">Si vive y trabaja en <\/span><a href=\"https:\/\/en.wikipedia.org\/wiki\/Fort_Lauderdale,_Florida\" target=\"_blank\" rel=\"noopener\"><span style=\"font-weight: 400;\">Ft. Lauderdale<\/span><\/a><span style=\"font-weight: 400;\"> , entonces tenga en cuenta que su situaci\u00f3n laboral podr\u00eda determinar si califica para los beneficios de compensaci\u00f3n para trabajadores o no, as\u00ed que aseg\u00farese de conocer su situaci\u00f3n laboral. Esto se debe a que su empleador podr\u00eda alegar que usted, aunque se lesion\u00f3 en el trabajo, no forma parte de su personal solo para evitar el pago de beneficios.<\/span><\/p>\n<h3><b>Alcance externo del empleo<\/b><\/h3>\n<p><span style=\"font-weight: 400;\">Sus reclamos de compensaci\u00f3n para trabajadores tambi\u00e9n pueden ser denegados si se lesion\u00f3 mientras estaba fuera de servicio o fuera de su lugar de trabajo. De acuerdo con las leyes de compensaci\u00f3n de trabajadores de Florida, los beneficios solo se pueden ofrecer a los trabajadores lesionados si sufrieron sus lesiones mientras trabajaban o cumpl\u00edan funciones oficiales.<\/span><\/p>\n<h3><b>Falta de causalidad<\/b><\/h3>\n<p><span style=\"font-weight: 400;\">Uno de los trucos que suelen utilizar las compa\u00f1\u00edas de seguros es afirmar que las lesiones que sufri\u00f3 un empleado no est\u00e1n relacionadas con el trabajo. Como tal, si se lesion\u00f3 mientras realizaba sus deberes en el trabajo, aseg\u00farese de tener pruebas suficientes para respaldar su caso.<\/span><\/p>\n<p><a href=\"https:\/\/workinjuryrights.com\/wp-content\/uploads\/2021\/08\/work-comp-disputes-1.jpg\"><img fetchpriority=\"high\" decoding=\"async\" class=\"alignnone size-full wp-image-3419\" src=\"https:\/\/workinjuryrights.com\/wp-content\/uploads\/2021\/08\/work-comp-disputes-1.jpg\" alt=\"Image of a employer showing workers' compensation disputes in Fort Lauderdale to employee\" width=\"500\" height=\"334\" srcset=\"https:\/\/workinjuryrights.com\/wp-content\/uploads\/2021\/08\/work-comp-disputes-1.jpg 500w, https:\/\/workinjuryrights.com\/wp-content\/uploads\/2021\/08\/work-comp-disputes-1-300x200.jpg 300w\" sizes=\"(max-width: 500px) 100vw, 500px\" \/><\/a><\/p>\n<h3><b>Fecha l\u00edmite perdida<\/b><\/h3>\n<p><span style=\"font-weight: 400;\">Su reclamo tambi\u00e9n podr\u00eda terminar siendo denegado si no se presenta dentro del tiempo estipulado. En Florida, las personas lesionadas en el trabajo tienen 30 d\u00edas para reportar sus lesiones y uno o dos a\u00f1os para presentar una reclamaci\u00f3n. Para asegurarse de presentar su reclamo a tiempo, comun\u00edquese con nosotros en Work Injury Rights para obtener ayuda.<\/span><\/p>\n<h3><b>Informaci\u00f3n inadecuada<\/b><\/h3>\n<p><span style=\"font-weight: 400;\">Otra raz\u00f3n com\u00fan por la que las reclamaciones de compensaci\u00f3n para trabajadores se disputan en Fort Lauderdale es la informaci\u00f3n insuficiente. Como empleado lesionado, debe proporcionar informaci\u00f3n veraz y honesta al completar y presentar su reclamo de compensaci\u00f3n para trabajadores. Adem\u00e1s, debe asegurarse de proporcionar pruebas suficientes de las lesiones sufridas o, de lo contrario, su reclamo podr\u00eda ser denegado.<\/span><\/p>\n<p><span style=\"font-weight: 400;\">Para evitar que se le niegue su reclamo debido a algunas de las razones mencionadas anteriormente, considere contratar los servicios de un abogado profesional y experimentado y p\u00eddales que lo ayuden a presentar su reclamo y cuestionar cualquier decisi\u00f3n que su empleador pueda haber tomado. Llame (tel\u00e9fono) ahora para contratar los servicios de un abogado de compensaci\u00f3n de trabajadores de Work Injury Rights para disputas de compensaci\u00f3n de trabajadores en Fort Lauderdale.<\/span><\/p>\n<h2><b>\u00bfQu\u00e9 hacer si se rechaza su reclamo de indemnizaci\u00f3n por accidentes de trabajo en Fort Lauderdale?<\/b><\/h2>\n<p><span style=\"font-weight: 400;\">Si bien a muchos trabajadores lesionados en Florida se les ha negado su reclamo de compensaci\u00f3n para trabajadores, eso no deber\u00eda desanimarlo a luchar para asegurarse de obtener una compensaci\u00f3n por sus lesiones. Si le han negado su reclamo, lo que debe hacer es presentar una apelaci\u00f3n para que se anule la decisi\u00f3n.<\/span><\/p>\n<p><span style=\"font-weight: 400;\">Sin embargo, apelar un reclamo en Florida puede ser complicado y frustrante, por lo que se le aconseja que considere buscar la ayuda de un abogado de compensaci\u00f3n laboral profesional. Antes de presentar una apelaci\u00f3n de compensaci\u00f3n para trabajadores en Florida, lo primero que se le recomienda que haga es negociar con su empleador o la compa\u00f1\u00eda de seguros. Si las negociaciones fracasan, puede presentar una apelaci\u00f3n de denegaci\u00f3n formal ante la Divisi\u00f3n de Compensaci\u00f3n para Trabajadores del Estado.<\/span><\/p>\n<p><span style=\"font-weight: 400;\">Tambi\u00e9n tendr\u00e1 que enviar una petici\u00f3n a la Oficina de Jueces de Reclamaciones de Compensaci\u00f3n, donde su caso es escuchado por un juez que luego decide si la compa\u00f1\u00eda de seguros debe pagar su reclamo o no. Llame a un abogado de compensaci\u00f3n de trabajadores para que lo ayude a manejar cualquier disputa de compensaci\u00f3n de trabajadores en Fort Lauderdale.<\/span><\/p>\n<h2><b>\u00bfCu\u00e1les son algunos tipos de disputas de compensaci\u00f3n laboral?<\/b><\/h2>\n<p><span style=\"font-weight: 400;\">Las disputas de compensaci\u00f3n para trabajadores en Fort Lauderdale generalmente se clasifican en dos categor\u00edas principales. Estos son:<\/span><\/p>\n<h3><b>Disputas m\u00e9dicas<\/b><\/h3>\n<p><span style=\"font-weight: 400;\">Tales disputas a menudo surgen cuando los empleadores o sus aseguradoras niegan un reclamo de aquellos que resultaron lesionados por motivos m\u00e9dicos. Por ejemplo, su empleador podr\u00eda argumentar que ten\u00eda una afecci\u00f3n subyacente o que ya hab\u00eda resultado lesionado antes de su supuesto accidente.<\/span><\/p>\n<h3><b>Reclamar disputas<\/b><\/h3>\n<p><span style=\"font-weight: 400;\">Estos a menudo surgen cuando los empleadores (o sus aseguradoras) niegan el reclamo de un empleado lesionado alegando que no siguieron los procedimientos y las reglas para presentar un reclamo de compensaci\u00f3n para trabajadores en Florida. Por ejemplo, el proveedor de seguros podr\u00eda argumentar que no present\u00f3 su reclamo dentro del plazo estipulado o que su lesi\u00f3n no ocurri\u00f3 en su lugar de trabajo, etc.<\/span><\/p>\n<h2><b>\u00bfQu\u00e9 son las disputas de compensaci\u00f3n laboral en Fort Lauderdale y el proceso de apelaciones?<\/b><\/h2>\n<p><span style=\"font-weight: 400;\">El proceso de apelaci\u00f3n de disputas de compensaci\u00f3n laboral en Fort Lauderdale sigue un orden muy espec\u00edfico. Para obtener ayuda para disputar un reclamo denegado, comun\u00edquese con Work Injury Rights y deje que nuestros abogados con experiencia lo gu\u00eden a trav\u00e9s del proceso.<\/span><\/p>\n<p><span style=\"font-weight: 400;\">Esto es lo que implica el proceso de apelaciones en Florida:<\/span><\/p>\n<ul>\n<li><span style=\"font-weight: 400;\"> Despu\u00e9s de una denegaci\u00f3n, el primer paso consiste en presentar una petici\u00f3n ante las audiencias de la Divisi\u00f3n de Administraci\u00f3n de Florida.<\/span><\/li>\n<li><span style=\"font-weight: 400;\"> El Juez de Reclamaciones de Compensaci\u00f3n programar\u00e1 una conferencia dentro de los cuarenta d\u00edas.<\/span><\/li>\n<li><span style=\"font-weight: 400;\"> Luego, se presentan pruebas para demostrar el alcance de las lesiones sufridas durante lo que se conoce como audiencia previa al juicio.<\/span><\/li>\n<li><span style=\"font-weight: 400;\"> Se puede llegar a una resoluci\u00f3n mediante arbitraje en ADR (resoluci\u00f3n alternativa de disputas).<\/span><\/li>\n<li><span style=\"font-weight: 400;\"> Su apelaci\u00f3n puede llegar hasta el <\/span><a href=\"https:\/\/www.1dca.org\" target=\"_blank\" rel=\"noopener\"><span style=\"font-weight: 400;\">Tribunal de Apelaciones<\/span><span style=\"font-weight: 400;\"> del <\/span><span style=\"font-weight: 400;\">Primer Distrito<\/span><\/a><span style=\"font-weight: 400;\"> si el juez que preside rechaza sus reclamos.<\/span><\/li>\n<\/ul>\n<p><span style=\"font-weight: 400;\">Para asegurarse de que le resulte m\u00e1s f\u00e1cil apelar las disputas de compensaci\u00f3n para trabajadores en Fort Lauderdale y que su caso sea reconsiderado, comun\u00edquese con nuestros abogados para obtener ayuda.<\/span><\/p>\n<p><a href=\"https:\/\/workinjuryrights.com\/wp-content\/uploads\/2021\/08\/lawyer-book-case-1.jpg\"><img decoding=\"async\" class=\"alignnone size-full wp-image-3421\" src=\"https:\/\/workinjuryrights.com\/wp-content\/uploads\/2021\/08\/lawyer-book-case-1.jpg\" alt=\"Image is a lawyer working for client appealing workers' compensation disputes in Fort Lauderdale\" width=\"500\" height=\"333\" srcset=\"https:\/\/workinjuryrights.com\/wp-content\/uploads\/2021\/08\/lawyer-book-case-1.jpg 500w, https:\/\/workinjuryrights.com\/wp-content\/uploads\/2021\/08\/lawyer-book-case-1-300x200.jpg 300w\" sizes=\"(max-width: 500px) 100vw, 500px\" \/><\/a><\/p>\n<h2><b>P\u00f3ngase en contacto con los abogados con experiencia en compensaci\u00f3n para trabajadores de Fort Lauderdale en los derechos de lesiones laborales<\/b><\/h2>\n<p><span style=\"font-weight: 400;\">Si se lesion\u00f3 en el trabajo y se le neg\u00f3 su reclamo, es probable que est\u00e9 angustiado y preocupado. Afortunadamente, eso no significa que ya no sea elegible para obtener los beneficios de compensaci\u00f3n para trabajadores. Como trabajador lesionado, todav\u00eda tiene opciones cuando se enfrenta a disputas de compensaci\u00f3n para trabajadores en Fort Lauderdale. Sin embargo, debe actuar con rapidez si desea proteger sus derechos.<\/span><\/p>\n<p><span style=\"font-weight: 400;\">Con la ayuda de un abogado experimentado y profesional en compensaci\u00f3n de trabajadores de <\/span><a href=\"\/\"><span style=\"font-weight: 400;\">Work Injury Rights<\/span><\/a><span style=\"font-weight: 400;\"> , deber\u00eda poder apelar la decisi\u00f3n de su empleador y asegurar la compensaci\u00f3n que se merece por sus lesiones y da\u00f1os. Llame al <a href=\"tel:+19543888616\">954-388-8616<\/a> ahora para que se eval\u00fae su caso de forma gratuita.<\/span><\/p>\n","protected":false},"excerpt":{"rendered":"<p>Al igual que con cualquier reclamo de compensaci\u00f3n para trabajadores, es probable que ocurran disputas de compensaci\u00f3n para trabajadores en Fort Lauderdale. Su lugar de trabajo es uno de los pocos lugares donde nunca esperar\u00eda sufrir da\u00f1os o lesiones a menos que su ocupaci\u00f3n implique trabajar en entornos de alto riesgo como la miner\u00eda y [&hellip;]<\/p>\n","protected":false},"author":29,"featured_media":4723,"parent":5712,"menu_order":0,"comment_status":"closed","ping_status":"closed","template":"","meta":{"_acf_changed":false,"anchor_text":"","footnotes":""},"categories":[],"tags":[113,108],"class_list":["post-5717","page","type-page","status-publish","has-post-thumbnail","hentry","tag-workers-compensation-es-2","tag-workers-compensation-es"],"acf":[],"_links":{"self":[{"href":"https:\/\/workinjuryrights.com\/es\/wp-json\/wp\/v2\/pages\/5717","targetHints":{"allow":["GET"]}}],"collection":[{"href":"https:\/\/workinjuryrights.com\/es\/wp-json\/wp\/v2\/pages"}],"about":[{"href":"https:\/\/workinjuryrights.com\/es\/wp-json\/wp\/v2\/types\/page"}],"author":[{"embeddable":true,"href":"https:\/\/workinjuryrights.com\/es\/wp-json\/wp\/v2\/users\/29"}],"replies":[{"embeddable":true,"href":"https:\/\/workinjuryrights.com\/es\/wp-json\/wp\/v2\/comments?post=5717"}],"version-history":[{"count":5,"href":"https:\/\/workinjuryrights.com\/es\/wp-json\/wp\/v2\/pages\/5717\/revisions"}],"predecessor-version":[{"id":6488,"href":"https:\/\/workinjuryrights.com\/es\/wp-json\/wp\/v2\/pages\/5717\/revisions\/6488"}],"up":[{"embeddable":true,"href":"https:\/\/workinjuryrights.com\/es\/wp-json\/wp\/v2\/pages\/5712"}],"wp:featuredmedia":[{"embeddable":true,"href":"https:\/\/workinjuryrights.com\/es\/wp-json\/wp\/v2\/media\/4723"}],"wp:attachment":[{"href":"https:\/\/workinjuryrights.com\/es\/wp-json\/wp\/v2\/media?parent=5717"}],"wp:term":[{"taxonomy":"category","embeddable":true,"href":"https:\/\/workinjuryrights.com\/es\/wp-json\/wp\/v2\/categories?post=5717"},{"taxonomy":"post_tag","embeddable":true,"href":"https:\/\/workinjuryrights.com\/es\/wp-json\/wp\/v2\/tags?post=5717"}],"curies":[{"name":"wp","href":"https:\/\/api.w.org\/{rel}","templated":true}]}}