{"id":5718,"date":"2021-08-16T15:10:30","date_gmt":"2021-08-16T15:10:30","guid":{"rendered":"https:\/\/workinjuryrights.com\/fort-myers\/"},"modified":"2022-06-09T20:51:06","modified_gmt":"2022-06-09T20:51:06","slug":"fort-myers","status":"publish","type":"page","link":"https:\/\/workinjuryrights.com\/es\/fort-myers\/","title":{"rendered":"Fort Myers"},"content":{"rendered":"<p><span style=\"font-weight: 400;\">Si ha resultado lesionado en su lugar de trabajo en Fort Myers, la ley de Florida establece que es elegible para los beneficios de compensaci\u00f3n para trabajadores siempre que se cumplan ciertas condiciones. Si ha solicitado beneficios y le han negado, o a\u00fan no lo ha presentado, presentar su reclamo con la ayuda de un abogado de compensaci\u00f3n para trabajadores aumentar\u00e1 en gran medida sus posibilidades de obtener la compensaci\u00f3n que se merece. P\u00f3ngase en contacto con Work Injury Rights hoy mismo para programar su <\/span><b>consulta sin riesgos <\/b><span style=\"font-weight: 400;\">con uno de nuestros abogados con experiencia en compensaci\u00f3n para trabajadores.<\/span><\/p>\n<p><span style=\"font-weight: 400;\">Nuestros abogados est\u00e1n disponibles las 24 horas del d\u00eda, los 7 d\u00edas de la semana para hablar con usted. Nuestro equipo tiene a\u00f1os de experiencia ayudando a personas como usted a obtener la compensaci\u00f3n que merecen y a la que tienen derecho por sus lesiones en el lugar de trabajo. Lo mejor de todo <\/span><b>es que no nos paga nada a menos que ganemos su caso <\/b><span style=\"font-weight: 400;\">. Llame a nuestra oficina hoy y perm\u00edtanos ayudarlo a obtener la m\u00e1xima compensaci\u00f3n para su reclamo de compensaci\u00f3n para trabajadores.<\/span><\/p>\n","protected":false},"excerpt":{"rendered":"<p>Si ha resultado lesionado en su lugar de trabajo en Fort Myers, la ley de Florida establece que es elegible para los beneficios de compensaci\u00f3n para trabajadores siempre que se cumplan ciertas condiciones. Si ha solicitado beneficios y le han negado, o a\u00fan no lo ha presentado, presentar su reclamo con la ayuda de un [&hellip;]<\/p>\n","protected":false},"author":29,"featured_media":4918,"parent":0,"menu_order":0,"comment_status":"closed","ping_status":"closed","template":"","meta":{"_acf_changed":false,"anchor_text":"","footnotes":""},"categories":[],"tags":[],"class_list":["post-5718","page","type-page","status-publish","has-post-thumbnail","hentry"],"acf":[],"_links":{"self":[{"href":"https:\/\/workinjuryrights.com\/es\/wp-json\/wp\/v2\/pages\/5718","targetHints":{"allow":["GET"]}}],"collection":[{"href":"https:\/\/workinjuryrights.com\/es\/wp-json\/wp\/v2\/pages"}],"about":[{"href":"https:\/\/workinjuryrights.com\/es\/wp-json\/wp\/v2\/types\/page"}],"author":[{"embeddable":true,"href":"https:\/\/workinjuryrights.com\/es\/wp-json\/wp\/v2\/users\/29"}],"replies":[{"embeddable":true,"href":"https:\/\/workinjuryrights.com\/es\/wp-json\/wp\/v2\/comments?post=5718"}],"version-history":[{"count":4,"href":"https:\/\/workinjuryrights.com\/es\/wp-json\/wp\/v2\/pages\/5718\/revisions"}],"predecessor-version":[{"id":8854,"href":"https:\/\/workinjuryrights.com\/es\/wp-json\/wp\/v2\/pages\/5718\/revisions\/8854"}],"wp:featuredmedia":[{"embeddable":true,"href":"https:\/\/workinjuryrights.com\/es\/wp-json\/wp\/v2\/media\/4918"}],"wp:attachment":[{"href":"https:\/\/workinjuryrights.com\/es\/wp-json\/wp\/v2\/media?parent=5718"}],"wp:term":[{"taxonomy":"category","embeddable":true,"href":"https:\/\/workinjuryrights.com\/es\/wp-json\/wp\/v2\/categories?post=5718"},{"taxonomy":"post_tag","embeddable":true,"href":"https:\/\/workinjuryrights.com\/es\/wp-json\/wp\/v2\/tags?post=5718"}],"curies":[{"name":"wp","href":"https:\/\/api.w.org\/{rel}","templated":true}]}}