{"id":5719,"date":"2021-08-16T15:44:12","date_gmt":"2021-08-16T15:44:12","guid":{"rendered":"https:\/\/workinjuryrights.com\/fort-myers\/compensable-work-injuries\/"},"modified":"2022-02-04T16:17:32","modified_gmt":"2022-02-04T16:17:32","slug":"lesiones-laborales-indemnizables","status":"publish","type":"page","link":"https:\/\/workinjuryrights.com\/es\/fort-myers\/abogado-compensacion-laboral\/lesiones-laborales-indemnizables\/","title":{"rendered":"Lesiones Laborales Indemnizables en Fort Myers"},"content":{"rendered":"<p><span style=\"font-weight: 400;\">A pesar de los mejores esfuerzos del empleador para mantener el lugar de trabajo seguro y saludable, pueden ocurrir accidentes y son los empleados los que est\u00e1n en mayor riesgo. Los empleados en todo tipo de lugares de trabajo pueden lesionarse y desarrollar condiciones del entorno o actividades que experimentan d\u00eda tras d\u00eda. Pero lo importante que debe saber es que existe una compensaci\u00f3n disponible para aliviar el impacto financiero de una lesi\u00f3n en el lugar de trabajo.<\/span><\/p>\n<p><span style=\"font-weight: 400;\">Sabemos qu\u00e9 lesiones y condiciones califican como lesiones laborales indemnizables en Fort Myers. Nuestros expertos expertos en Work Injury Rights en Fort Myers, Florida, tienen una amplia experiencia en casos de compensaci\u00f3n para trabajadores y garantizan que se respeten los derechos de los empleados cuando se lesionan en el curso de sus deberes profesionales.<\/span><\/p>\n<p><span style=\"font-weight: 400;\">Si ha sufrido un accidente laboral o condiciones laborales insalubres, podemos ayudarlo. Permita que un experto en compensaci\u00f3n para trabajadores de Work Injury Rights lo gu\u00ede a trav\u00e9s del complejo mundo de las lesiones laborales compensables en Fort Myers y obtenga la ayuda financiera que necesita para recuperarse. Llame a nuestros <\/span><a href=\"https:\/\/workinjuryrights.com\/es\/fort-myers\/abogado-compensacion-laboral\/\"><span style=\"font-weight: 400;\">abogados de compensaci\u00f3n de trabajadores de Fort Myers<\/span><\/a><span style=\"font-weight: 400;\"> al <a href=\"tel:+19543888616\">954-388-8616<\/a> hoy para una consulta gratuita.<\/span><\/p>\n<p><span style=\"font-weight: 400;\"><\/span><\/p>\n<h2><b>\u00bfQu\u00e9 son las lesiones laborales indemnizables en Fort Myers, Florida?<\/b><\/h2>\n<p><span style=\"font-weight: 400;\">A pesar de la naturaleza \u00absegura\u00bb de la mayor\u00eda de los lugares de trabajo, los empleados pueden sufrir accidentes y desarrollar condiciones f\u00edsicas en casi cualquier l\u00ednea de trabajo. Muchas de estas lesiones se clasifican como \u00abindemnizables\u00bb, lo que significa que la persona que sufri\u00f3 la lesi\u00f3n tiene derecho a una indemnizaci\u00f3n. Las lesiones \u00abcompensables\u00bb son aquellas que ocurren en el lugar de trabajo y en el curso normal de las tareas profesionales.<\/span><\/p>\n<p><span style=\"font-weight: 400;\">Entonces, si se lesion\u00f3 durante la pausa del almuerzo, esto no est\u00e1 cubierto por la compensaci\u00f3n para trabajadores. Estas son algunas de las lesiones y afecciones m\u00e1s comunes que se pueden sufrir en el curso normal del deber profesional y, por lo general, se consideran lesiones laborales indemnizables en Fort Myers:<\/span><\/p>\n<ul>\n<li><span style=\"font-weight: 400;\"> Esguinces y esguinces<\/span><\/li>\n<li><span style=\"font-weight: 400;\"> Contusiones<\/span><\/li>\n<li><span style=\"font-weight: 400;\"> Cortes y laceraciones<\/span><\/li>\n<li><span style=\"font-weight: 400;\"> Lesiones por inflamaci\u00f3n<\/span><\/li>\n<li><span style=\"font-weight: 400;\"> Inhalar humos t\u00f3xicos<\/span><\/li>\n<li><span style=\"font-weight: 400;\"> P\u00e9rdida de audici\u00f3n<\/span><\/li>\n<li><span style=\"font-weight: 400;\"> Fracturas de huesos.<\/span><\/li>\n<\/ul>\n<p><span style=\"font-weight: 400;\">Estos por s\u00ed solos pueden representar la mayor\u00eda de las lesiones en el lugar de trabajo y generalmente son causados \u200b\u200bpor las siguientes situaciones, muchas de las cuales son evitables:<\/span><\/p>\n<h3><b>Levantamiento<\/b><\/h3>\n<p><span style=\"font-weight: 400;\">Los empleados pueden lesionarse la espalda al levantar objetos pesados \u200b\u200bo al esforzarse contra ellos.<\/span><\/p>\n<h3><b>Fatiga<\/b><\/h3>\n<p><span style=\"font-weight: 400;\">Cuando un empleado se esfuerza m\u00e1s all\u00e1 de su capacidad mental o f\u00edsica, su funci\u00f3n se ve gravemente afectada y esto puede conducir a situaciones que pueden resultar en lesiones graves.<\/span><\/p>\n<h3><b>Mala iluminaci\u00f3n<\/b><\/h3>\n<p><span style=\"font-weight: 400;\">Los lugares de trabajo que no est\u00e1n debidamente iluminados son accidentes que esperan suceder. La mala visibilidad puede dificultar la navegaci\u00f3n alrededor de los peligros y los tropiezos y las ca\u00eddas son comunes.<\/span><\/p>\n<h3><b>Materiales, sustancias y humos peligrosos<\/b><\/h3>\n<p><span style=\"font-weight: 400;\">Muchos empleados manipulan o trabajan cerca de sustancias peligrosas. Sin ropa y equipo de protecci\u00f3n, as\u00ed como sin procedimientos de seguridad, los peligros de contactar o<\/span><\/p>\n<p><span style=\"font-weight: 400;\">La inhalaci\u00f3n de estas sustancias peligrosas puede ser grave.<\/span><\/p>\n<h3><b>Actos de violencia en el lugar de trabajo<\/b><\/h3>\n<p><span style=\"font-weight: 400;\">Desafortunadamente, ocurren cada vez m\u00e1s casos de violencia en el lugar de trabajo. Muchas veces, estos se pueden prevenir mediante la intervenci\u00f3n de los compa\u00f1eros o la resoluci\u00f3n de conflictos, as\u00ed como con los esfuerzos para reducir el estr\u00e9s y la tensi\u00f3n en el lugar de trabajo.<\/span><\/p>\n<p><a href=\"https:\/\/workinjuryrights.com\/wp-content\/uploads\/2021\/08\/Compensable-work-injuries-in-Fort-Myers.jpg\"><img fetchpriority=\"high\" decoding=\"async\" class=\"alignnone size-full wp-image-3447\" src=\"https:\/\/workinjuryrights.com\/wp-content\/uploads\/2021\/08\/Compensable-work-injuries-in-Fort-Myers.jpg\" alt=\"Concept of compensable work injuries in Fort Myers, man with broken foot\" width=\"500\" height=\"281\" srcset=\"https:\/\/workinjuryrights.com\/wp-content\/uploads\/2021\/08\/Compensable-work-injuries-in-Fort-Myers.jpg 500w, https:\/\/workinjuryrights.com\/wp-content\/uploads\/2021\/08\/Compensable-work-injuries-in-Fort-Myers-300x169.jpg 300w\" sizes=\"(max-width: 500px) 100vw, 500px\" \/><\/a><\/p>\n<h3><b>Tropiezos y ca\u00eddas<\/b><\/h3>\n<p><span style=\"font-weight: 400;\">Uno de los accidentes m\u00e1s comunes puede ocurrir por una gran variedad de razones. Los l\u00edquidos derramados, los cables que atraviesan los pasillos y las malas condiciones de iluminaci\u00f3n preparan el escenario para accidentes y todo tipo de lesiones.<\/span><\/p>\n<h3><b>Estr\u00e9s<\/b><\/h3>\n<p><span style=\"font-weight: 400;\">El estr\u00e9s es la plaga de la sociedad moderna y los niveles indebidos de estr\u00e9s pueden afectar el juicio y reducir la funci\u00f3n f\u00edsica y mental. Esto puede llevar a que los empleados cometan errores que resulten en accidentes.<\/span><\/p>\n<h3><b>No cubierto por la compensaci\u00f3n de trabajadores<\/b><\/h3>\n<p><span style=\"font-weight: 400;\">Tambi\u00e9n es importante saber que no todas las lesiones sufridas en el lugar de trabajo se considerar\u00e1n lesiones laborales indemnizables en Fort Myers. Por ejemplo, muchas personas que han sufrido un ataque card\u00edaco se apresurar\u00e1n a culpar al alto estr\u00e9s de su trabajo por este desafortunado incidente. Pero esto no se considera lesiones laborales indemnizables.<\/span><\/p>\n<p><span style=\"font-weight: 400;\">Si se balanceara hacia atr\u00e1s en su silla, se cayera y se lastimara, esto tampoco estar\u00eda cubierto porque no se considerar\u00edan lesiones laborales indemnizables en Fort Myers. Los empleados no recibir\u00e1n compensaci\u00f3n para trabajadores si se lastimaron porque no siguieron las reglas de seguridad.<\/span><\/p>\n<h2><b>\u00bfQu\u00e9 pasa con las afecciones y lesiones preexistentes?<\/b><\/h2>\n<p><span style=\"font-weight: 400;\">En algunas situaciones, es posible que padezca una <\/span><a href=\"https:\/\/workinjuryrights.com\/es\/boca-raton\/abogado-compensacion-laboral\/lesiones-preexistentes\/\"><span style=\"font-weight: 400;\">afecci\u00f3n preexistente<\/span><\/a><span style=\"font-weight: 400;\"> que se haya visto afectada o agravada por una afecci\u00f3n o accidente en el lugar de trabajo. Su empleador o sus proveedores de seguros pueden intentar denegar su reclamo de compensaci\u00f3n para trabajadores porque ten\u00eda esta condici\u00f3n de antemano, pero es posible que a\u00fan tenga derechos. En tal situaci\u00f3n, es importante ponerse en contacto con un abogado con experiencia en compensaci\u00f3n para trabajadores que pueda asesorarlo sobre sus lesiones laborales compensables en Fort Myers.<\/span><\/p>\n<h2><b>\u00bfQu\u00e9 tipos de compensaci\u00f3n puedo reclamar?<\/b><\/h2>\n<p><span style=\"font-weight: 400;\">Florida aplica el concepto de \u00abSin culpa\u00bb al asignar los beneficios de compensaci\u00f3n para trabajadores. B\u00e1sicamente, esto significa que no es necesario que demuestre que su empleado fue negligente en la gesti\u00f3n del lugar de trabajo para recibir una compensaci\u00f3n. Siempre que su lesi\u00f3n haya sido sufrida en su lugar de trabajo o en el marco de sus deberes profesionales, tiene derecho a una indemnizaci\u00f3n.<\/span><\/p>\n<p><span style=\"font-weight: 400;\">Estos son los beneficios disponibles para usted por sus lesiones laborales indemnizables en Fort Myers:<\/span><\/p>\n<ul>\n<li><span style=\"font-weight: 400;\"> Beneficios por discapacidad temporal<\/span><\/li>\n<li><span style=\"font-weight: 400;\"> Atenci\u00f3n m\u00e9dica necesaria y razonable<\/span><\/li>\n<li><span style=\"font-weight: 400;\"> Rehabilitaci\u00f3n vocacional si ya no es capaz de realizar su trabajo.<\/span><\/li>\n<li><span style=\"font-weight: 400;\"> Beneficios por discapacidad por limitaciones permanentes y amputaciones.<\/span><\/li>\n<\/ul>\n<h2><b>\u00bfCu\u00e1nto tiempo tiene para solicitar una indemnizaci\u00f3n por accidentes de trabajo en Florida?<\/b><\/h2>\n<p><span style=\"font-weight: 400;\">Hay un l\u00edmite de tiempo en el que tendr\u00e1 que solicitar una compensaci\u00f3n para trabajadores. Tendr\u00e1 <\/span><a href=\"https:\/\/www.myfloridacfo.com\/division\/wc\/employee\/reportaclaim.htm\" target=\"_blank\" rel=\"noopener\"><span style=\"font-weight: 400;\">30 d\u00edas<\/span><\/a><span style=\"font-weight: 400;\"> para notificar a su empleador sobre la lesi\u00f3n y el accidente o perder\u00e1 sus derechos de compensaci\u00f3n por completo. Si padece una afecci\u00f3n que ha sido causada o agravada gravemente por su entorno de trabajo o actividades profesionales, tendr\u00e1 30 d\u00edas a partir de la fecha en que el diagn\u00f3stico de un m\u00e9dico le inform\u00f3 de la conexi\u00f3n entre la afecci\u00f3n y su trabajo para presentarla como Lesiones laborales indemnizables en Fort Myers.<\/span><\/p>\n<p><span style=\"font-weight: 400;\">Siempre es mejor intentar resolver el problema con su empleador primero. Pero si su reclamo es denegado, deber\u00e1 presentar una petici\u00f3n de beneficios <\/span><span style=\"font-weight: 400;\">dentro de los dos a\u00f1os<\/span><span style=\"font-weight: 400;\"> posteriores al accidente. Se recomienda encarecidamente tener este importante documento preparado por un abogado experimentado en compensaci\u00f3n de trabajadores para garantizar las mayores posibilidades de \u00e9xito en la obtenci\u00f3n de la compensaci\u00f3n debida por sus lesiones laborales compensables en Fort Myers.<\/span><\/p>\n<h2><b>Averig\u00fce si tiene lesiones laborales indemnizables en Fort Myers, Florida<\/b><\/h2>\n<p><span style=\"font-weight: 400;\">El proceso para obtener su compensaci\u00f3n laboral puede ser muy complejo y contar con un gu\u00eda experimentado que le brinde orientaci\u00f3n puede brindarle las mejores posibilidades de \u00e9xito. Si ha resultado lesionado en un accidente laboral o est\u00e1 sufriendo una afecci\u00f3n causada por las condiciones del lugar de trabajo o la naturaleza de sus deberes profesionales, no espere un d\u00eda m\u00e1s.<\/span><\/p>\n<p><span style=\"font-weight: 400;\">Llame a <\/span><a href=\"\/\"><span style=\"font-weight: 400;\">Work Injury Rights<\/span><\/a><span style=\"font-weight: 400;\"> al <a href=\"tel:+19543888616\">954-388-8616<\/a> para programar una consulta gratuita con un abogado de compensaci\u00f3n para trabajadores de Fort Myers. Aplicaremos nuestras habilidades y experiencia para abordar su caso y obtener la compensaci\u00f3n a la que tiene derecho por sus lesiones laborales compensables en Fort Myers.<\/span><\/p>\n","protected":false},"excerpt":{"rendered":"<p>A pesar de los mejores esfuerzos del empleador para mantener el lugar de trabajo seguro y saludable, pueden ocurrir accidentes y son los empleados los que est\u00e1n en mayor riesgo. Los empleados en todo tipo de lugares de trabajo pueden lesionarse y desarrollar condiciones del entorno o actividades que experimentan d\u00eda tras d\u00eda. Pero lo [&hellip;]<\/p>\n","protected":false},"author":29,"featured_media":0,"parent":5721,"menu_order":0,"comment_status":"closed","ping_status":"closed","template":"","meta":{"_acf_changed":false,"anchor_text":"","footnotes":""},"categories":[],"tags":[45,113,108],"class_list":["post-5719","page","type-page","status-publish","hentry","tag-workers-compensation","tag-workers-compensation-es-2","tag-workers-compensation-es"],"acf":[],"_links":{"self":[{"href":"https:\/\/workinjuryrights.com\/es\/wp-json\/wp\/v2\/pages\/5719","targetHints":{"allow":["GET"]}}],"collection":[{"href":"https:\/\/workinjuryrights.com\/es\/wp-json\/wp\/v2\/pages"}],"about":[{"href":"https:\/\/workinjuryrights.com\/es\/wp-json\/wp\/v2\/types\/page"}],"author":[{"embeddable":true,"href":"https:\/\/workinjuryrights.com\/es\/wp-json\/wp\/v2\/users\/29"}],"replies":[{"embeddable":true,"href":"https:\/\/workinjuryrights.com\/es\/wp-json\/wp\/v2\/comments?post=5719"}],"version-history":[{"count":6,"href":"https:\/\/workinjuryrights.com\/es\/wp-json\/wp\/v2\/pages\/5719\/revisions"}],"predecessor-version":[{"id":7695,"href":"https:\/\/workinjuryrights.com\/es\/wp-json\/wp\/v2\/pages\/5719\/revisions\/7695"}],"up":[{"embeddable":true,"href":"https:\/\/workinjuryrights.com\/es\/wp-json\/wp\/v2\/pages\/5721"}],"wp:attachment":[{"href":"https:\/\/workinjuryrights.com\/es\/wp-json\/wp\/v2\/media?parent=5719"}],"wp:term":[{"taxonomy":"category","embeddable":true,"href":"https:\/\/workinjuryrights.com\/es\/wp-json\/wp\/v2\/categories?post=5719"},{"taxonomy":"post_tag","embeddable":true,"href":"https:\/\/workinjuryrights.com\/es\/wp-json\/wp\/v2\/tags?post=5719"}],"curies":[{"name":"wp","href":"https:\/\/api.w.org\/{rel}","templated":true}]}}