{"id":5720,"date":"2021-08-16T16:00:17","date_gmt":"2021-08-16T16:00:17","guid":{"rendered":"https:\/\/workinjuryrights.com\/fort-myers\/workers-compensation-mmi\/"},"modified":"2022-03-14T19:21:45","modified_gmt":"2022-03-14T19:21:45","slug":"mmm-maxima-mejoria-medica","status":"publish","type":"page","link":"https:\/\/workinjuryrights.com\/es\/fort-myers\/abogado-compensacion-laboral\/mmm-maxima-mejoria-medica\/","title":{"rendered":"Mejora M\u00e9dica M\u00e1xima en Fort Myers"},"content":{"rendered":"<p><span style=\"font-weight: 400;\">Si usted o sus seres queridos resultaron heridos en un accidente en el lugar de trabajo, la ley le permite buscar beneficios de compensaci\u00f3n para trabajadores en Fort Myers. Sin embargo, puede perder sus beneficios de compensaci\u00f3n para trabajadores una vez que su m\u00e9dico determine que ha logrado la m\u00e1xima mejora m\u00e9dica de Fort Myers.<\/span><\/p>\n<p><span style=\"font-weight: 400;\">En nuestra opini\u00f3n, es mejor contratar a un abogado de compensaci\u00f3n para trabajadores confiable para que lo ayude a buscar los beneficios de compensaci\u00f3n para trabajadores. Su abogado se asegurar\u00e1 de que no pierda sus beneficios una vez que alcance la mejor\u00eda m\u00e9dica m\u00e1xima. Sin embargo, debe contratar a un <\/span><span style=\"font-weight: 400;\"><a href=\"https:\/\/workinjuryrights.com\/es\/fort-myers\/abogado-compensacion-laboral\/\">abogado de compensaci\u00f3n de trabajadores de Fort Myers<\/a> con<\/span><span style=\"font-weight: 400;\"> experiencia y conocimiento.<\/span><\/p>\n<p><span style=\"font-weight: 400;\">Nuestros abogados de Work Injury Rights tienen una experiencia combinada de 45 a\u00f1os en el manejo de casos de compensaci\u00f3n para trabajadores en Florida. Estamos listos para ayudarlo a recibir los beneficios que se merece. Incluso lo ayudaremos a comprender la m\u00e1xima mejora m\u00e9dica de Fort Myers. Cont\u00e1ctenos hoy al <a href=\"tel:+19543888616\">954-388-8616<\/a> para hablar con uno de nuestros abogados con experiencia.<\/span><\/p>\n<p><span style=\"font-weight: 400;\"><\/span><\/p>\n<h2><b>\u00bfQu\u00e9 es la mejora m\u00e9dica m\u00e1xima?<\/b><\/h2>\n<p><span style=\"font-weight: 400;\">Es cuando su lesi\u00f3n laboral se ha estabilizado o sanado, por lo que ya no necesita m\u00e1s tratamiento m\u00e9dico. En algunos casos, puede significar que no se ha recuperado por completo de su lesi\u00f3n laboral. Significa que no puede continuar con el tratamiento m\u00e9dico ya que no producir\u00eda m\u00e1s mejoras.<\/span><\/p>\n<p><span style=\"font-weight: 400;\">Sin embargo, si se ha recuperado por completo de su lesi\u00f3n en el lugar de trabajo, es posible que ya no necesite tratamiento m\u00e9dico. Si no iba a su trabajo, ahora puede volver a trabajar.<\/span><\/p>\n<p><span style=\"font-weight: 400;\">Desafortunadamente, es normal que los empleadores presionen a sus empleados lesionados para que regresen al trabajo una vez que reciban un diagn\u00f3stico de m\u00e1xima mejora m\u00e9dica de Fort Myers. No permita que su empleador lo presione para que vuelva a trabajar. Solo puede regresar al trabajo una vez que su m\u00e9dico lo apruebe para regresar al trabajo.<\/span><\/p>\n<p><span style=\"font-weight: 400;\">Por lo tanto, no se apresure a volver al trabajo. Es mucho mejor hablar con su m\u00e9dico. Es posible que a\u00fan necesite descansar para recuperarse por completo de su lesi\u00f3n laboral, incluso despu\u00e9s de alcanzar la m\u00e1xima mejora m\u00e9dica de Fort Myers.<\/span><\/p>\n<p><span style=\"font-weight: 400;\">Si no puede regresar al trabajo y la compa\u00f1\u00eda de seguros interrumpe sus beneficios, puede afectar negativamente su vida. Necesitar\u00e1 una representaci\u00f3n legal s\u00f3lida para evitar perder los beneficios de compensaci\u00f3n para trabajadores una vez que su m\u00e9dico determine que ha alcanzado la mejor\u00eda m\u00e9dica m\u00e1xima.<\/span><\/p>\n<p><span style=\"font-weight: 400;\">Nuestro equipo de abogados se asegurar\u00e1 de que comprenda sus opciones una vez que alcance la <\/span><a href=\"https:\/\/www.flsenate.gov\/Laws\/Statutes\/2018\/440.15\" target=\"_blank\" rel=\"noopener\"><span style=\"font-weight: 400;\">m\u00e1xima mejora m\u00e9dica de Fort Myers<\/span><\/a><span style=\"font-weight: 400;\"> . Podemos ayudarlo a evitar perder los beneficios.<\/span><\/p>\n<h2><b>\u00bfQui\u00e9n determina cu\u00e1ndo el empleado ha alcanzado la m\u00e1xima mejora m\u00e9dica en Florida?<\/b><\/h2>\n<p><span style=\"font-weight: 400;\">El m\u00e9dico del trabajador lesionado determina cu\u00e1ndo el trabajador ha alcanzado la mejor\u00eda m\u00e9dica m\u00e1xima en Fort Myers, Florida. Por lo tanto, su m\u00e9dico probar\u00e1 todos los m\u00e9todos de tratamiento disponibles para tratar su lesi\u00f3n laboral antes de afirmar que ha logrado la m\u00e1xima mejor\u00eda m\u00e9dica.<\/span><\/p>\n<p><span style=\"font-weight: 400;\">La compa\u00f1\u00eda de seguros o su empleador no determinar\u00e1n si ha logrado la m\u00e1xima mejora m\u00e9dica de Fort Myers. Es mejor escuchar a su m\u00e9dico para evitar perder sus beneficios. Si su empleador lo obliga a volver a trabajar antes de que se recupere por completo, puede demandarlo. Sin embargo, debe contar con el abogado adecuado para que lo ayude a comprender sus derechos legales.<\/span><\/p>\n<p><a href=\"https:\/\/workinjuryrights.com\/wp-content\/uploads\/2021\/08\/Fort-Myers-maximum-medical-improvement.jpg\"><img fetchpriority=\"high\" decoding=\"async\" class=\"alignnone wp-image-3466 size-full\" src=\"https:\/\/workinjuryrights.com\/wp-content\/uploads\/2021\/08\/Fort-Myers-maximum-medical-improvement.jpg\" alt=\"Doctor determining Fort Myers maximum medical improvement\" width=\"500\" height=\"282\" srcset=\"https:\/\/workinjuryrights.com\/wp-content\/uploads\/2021\/08\/Fort-Myers-maximum-medical-improvement.jpg 500w, https:\/\/workinjuryrights.com\/wp-content\/uploads\/2021\/08\/Fort-Myers-maximum-medical-improvement-300x169.jpg 300w\" sizes=\"(max-width: 500px) 100vw, 500px\" \/><\/a><\/p>\n<h2><b>\u00bfContin\u00faa el tratamiento m\u00e9dico despu\u00e9s de un diagn\u00f3stico de MMM?<\/b><\/h2>\n<p><span style=\"font-weight: 400;\">El tratamiento m\u00e9dico puede continuar despu\u00e9s de un diagn\u00f3stico de m\u00e1xima mejora m\u00e9dica de Fort Myers, seg\u00fan la naturaleza de su lesi\u00f3n laboral. Si ha alcanzado el tratamiento m\u00e9dico m\u00e1ximo, no significa que ya no necesite m\u00e1s tratamiento m\u00e9dico. En algunos casos, es posible que a\u00fan necesite atenci\u00f3n y ex\u00e1menes regulares ya que sufri\u00f3 lesiones graves en el lugar de trabajo.<\/span><\/p>\n<p><span style=\"font-weight: 400;\">Si est\u00e1 lidiando con discapacidades parciales, su abogado puede ayudarlo a buscar <\/span><a href=\"https:\/\/www.myfloridacfo.com\/Division\/WC\/Employee\/Benefits\/lost-wages.htm\" target=\"_blank\" rel=\"noopener\"><span style=\"font-weight: 400;\">los beneficios de compensaci\u00f3n para trabajadores<\/span><\/a><span style=\"font-weight: 400;\"> si no puede regresar a su trabajo anterior. Una vez que haya logrado el m\u00e1ximo tratamiento m\u00e9dico, deber\u00e1 contar con un abogado con experiencia para evitar perder sus beneficios.<\/span><\/p>\n<p><span style=\"font-weight: 400;\">Si puede regresar al trabajo, a\u00fan puede recibir beneficios de compensaci\u00f3n para trabajadores. Por ejemplo, si su m\u00e9dico lo aprueba para realizar tareas livianas, recibir\u00e1 los beneficios. Esto se debe a que no gana tanto como antes del accidente de trabajo. Los beneficios cubren la diferencia en sus ingresos.<\/span><\/p>\n<h2><b>\u00bfQu\u00e9 sucede si no puede regresar a trabajar y desempe\u00f1arse al mismo nivel despu\u00e9s de su diagn\u00f3stico de MMM?<\/b><\/h2>\n<p><span style=\"font-weight: 400;\">Una vez que alcance la mejor\u00eda m\u00e9dica m\u00e1xima en Fort Myers, FL, no significa que pueda regresar al trabajo y desempe\u00f1arse al mismo nivel. Si no est\u00e1 completamente curado de su lesi\u00f3n laboral, no se desempe\u00f1ar\u00e1 al mismo nivel que antes del accidente laboral. Si su m\u00e9dico no lo aprueba para regresar y desempe\u00f1arse al mismo nivel, recibir\u00e1 los beneficios.<\/span><\/p>\n<p><span style=\"font-weight: 400;\">Trabajar\u00e1 con su empleador para determinar lo que es capaz de realizar. Si no puede hacer el mismo trabajo, puede buscar uno nuevo. Si necesita la capacitaci\u00f3n para comenzar el nuevo trabajo, los beneficios de compensaci\u00f3n para trabajadores cubrir\u00e1n el costo de la capacitaci\u00f3n.<\/span><\/p>\n<p><span style=\"font-weight: 400;\">En algunos casos, puede trabajar con su empleador para determinar un acuerdo porque no puede volver a su trabajo. Su empleador le pagar\u00e1 una enorme suma de dinero para cerrar su caso. Por lo tanto, necesitar\u00e1 un abogado que lo ayude a negociar un monto de liquidaci\u00f3n con la aseguradora de su empleador.<\/span><\/p>\n<p><span style=\"font-weight: 400;\">Si no tiene una representaci\u00f3n legal s\u00f3lida, su empleador puede ofrecer el monto de liquidaci\u00f3n m\u00e1s bajo. No aceptes su primera oferta. Es mejor ponerse en contacto con un abogado para obtener el monto total del acuerdo.<\/span><\/p>\n<h2><b>Hable con nuestros abogados sobre su caso de m\u00e1xima mejora m\u00e9dica de Fort Myers<\/b><\/h2>\n<p><span style=\"font-weight: 400;\">Es f\u00e1cil perder algunos beneficios de compensaci\u00f3n para trabajadores una vez que su m\u00e9dico determina que ha alcanzado la mejor\u00eda m\u00e9dica m\u00e1xima de Fort Myers. Si no comprende la compensaci\u00f3n para trabajadores, es m\u00e1s probable que pierda todos los beneficios.<\/span><\/p>\n<p><span style=\"font-weight: 400;\">Contratar a un abogado de compensaci\u00f3n para trabajadores puede darle paz y ahorrarle tiempo y dinero. Su abogado nunca permitir\u00e1 que la compa\u00f1\u00eda de seguros o su empleador lo ignoren una vez que alcance la mejora m\u00e9dica m\u00e1xima de Fort Myers. Puede confiar en su abogado para que lo ayude a buscar los m\u00e1ximos beneficios de compensaci\u00f3n para trabajadores.<\/span><\/p>\n<p><span style=\"font-weight: 400;\">Si ha resultado lesionado en su lugar de trabajo y est\u00e1 buscando abogados de compensaci\u00f3n para trabajadores calificados y con experiencia en Fort Myers, Florida, comun\u00edquese con <\/span><a href=\"\/\"><span style=\"font-weight: 400;\">Work Injury Rights<\/span><\/a><span style=\"font-weight: 400;\"> . Tenemos en mente los mejores intereses de nuestros clientes. No nos apresuraremos con el papeleo y nunca lo apuraremos para que regrese al trabajo antes de que est\u00e9 listo. Trabajaremos duro para conseguirle la m\u00e1xima compensaci\u00f3n que se le debe. Ll\u00e1menos hoy al <a href=\"tel:+19543888616\">954-388-8616<\/a> para una revisi\u00f3n gratuita del caso de su mejor\u00eda m\u00e9dica m\u00e1xima en Fort Myers.<\/span><\/p>\n","protected":false},"excerpt":{"rendered":"<p>Si usted o sus seres queridos resultaron heridos en un accidente en el lugar de trabajo, la ley le permite buscar beneficios de compensaci\u00f3n para trabajadores en Fort Myers. Sin embargo, puede perder sus beneficios de compensaci\u00f3n para trabajadores una vez que su m\u00e9dico determine que ha logrado la m\u00e1xima mejora m\u00e9dica de Fort Myers. [&hellip;]<\/p>\n","protected":false},"author":29,"featured_media":0,"parent":5721,"menu_order":0,"comment_status":"closed","ping_status":"closed","template":"","meta":{"_acf_changed":false,"anchor_text":"","footnotes":""},"categories":[],"tags":[45,113,108],"class_list":["post-5720","page","type-page","status-publish","hentry","tag-workers-compensation","tag-workers-compensation-es-2","tag-workers-compensation-es"],"acf":[],"_links":{"self":[{"href":"https:\/\/workinjuryrights.com\/es\/wp-json\/wp\/v2\/pages\/5720","targetHints":{"allow":["GET"]}}],"collection":[{"href":"https:\/\/workinjuryrights.com\/es\/wp-json\/wp\/v2\/pages"}],"about":[{"href":"https:\/\/workinjuryrights.com\/es\/wp-json\/wp\/v2\/types\/page"}],"author":[{"embeddable":true,"href":"https:\/\/workinjuryrights.com\/es\/wp-json\/wp\/v2\/users\/29"}],"replies":[{"embeddable":true,"href":"https:\/\/workinjuryrights.com\/es\/wp-json\/wp\/v2\/comments?post=5720"}],"version-history":[{"count":6,"href":"https:\/\/workinjuryrights.com\/es\/wp-json\/wp\/v2\/pages\/5720\/revisions"}],"predecessor-version":[{"id":6498,"href":"https:\/\/workinjuryrights.com\/es\/wp-json\/wp\/v2\/pages\/5720\/revisions\/6498"}],"up":[{"embeddable":true,"href":"https:\/\/workinjuryrights.com\/es\/wp-json\/wp\/v2\/pages\/5721"}],"wp:attachment":[{"href":"https:\/\/workinjuryrights.com\/es\/wp-json\/wp\/v2\/media?parent=5720"}],"wp:term":[{"taxonomy":"category","embeddable":true,"href":"https:\/\/workinjuryrights.com\/es\/wp-json\/wp\/v2\/categories?post=5720"},{"taxonomy":"post_tag","embeddable":true,"href":"https:\/\/workinjuryrights.com\/es\/wp-json\/wp\/v2\/tags?post=5720"}],"curies":[{"name":"wp","href":"https:\/\/api.w.org\/{rel}","templated":true}]}}