{"id":5721,"date":"2021-08-16T15:19:49","date_gmt":"2021-08-16T15:19:49","guid":{"rendered":"https:\/\/workinjuryrights.com\/fort-myers\/workers-compensation-lawyer\/"},"modified":"2025-12-22T10:51:55","modified_gmt":"2025-12-22T15:51:55","slug":"abogado-compensacion-laboral","status":"publish","type":"page","link":"https:\/\/workinjuryrights.com\/es\/fort-myers\/abogado-compensacion-laboral\/","title":{"rendered":"Abogado de Compensaci\u00f3n Laboral en Fort Myers"},"content":{"rendered":"\t\t<div data-elementor-type=\"wp-page\" data-elementor-id=\"5721\" class=\"elementor elementor-5721 elementor-1823\" data-elementor-post-type=\"page\">\n\t\t\t\t<div class=\"elementor-element elementor-element-726353ae e-flex e-con-boxed e-con e-parent\" data-id=\"726353ae\" data-element_type=\"container\" data-e-type=\"container\">\n\t\t\t\t\t<div class=\"e-con-inner\">\n\t\t\t\t<div class=\"elementor-element elementor-element-60e2d940 elementor-widget elementor-widget-text-editor\" data-id=\"60e2d940\" data-element_type=\"widget\" data-e-type=\"widget\" data-widget_type=\"text-editor.default\">\n\t\t\t\t\t\t\t\t\t<p><span style=\"font-weight: 400;\">Los trabajadores de Florida tienen derecho a una indemnizaci\u00f3n cuando se lesionan o se enferman en el \u00e1mbito y curso de su ocupaci\u00f3n profesional. Florida se encuentra entre los muchos estados de Estados Unidos que otorgan a los derechos de los trabajadores o de los problemas la seriedad que se merecen. Por lo tanto, el estado tiene reglas de procedimiento estrictas que definen y hacen cumplir varias pr\u00e1cticas que garantizan los derechos de los empleados.<\/span><\/p><p><span style=\"font-weight: 400;\">Como individuo que trabaja en Florida, la ley estipula que podr\u00eda calificar para perseguir compensaci\u00f3n por lesiones laborales. Ser\u00eda mejor trabajar en estrecha colaboraci\u00f3n con un <\/span><span style=\"font-weight: 400;\"><a href=\"https:\/\/workinjuryrights.com\/es\/contacto\/\">abogado de compensaci\u00f3n para trabajadores de Fort Myers<\/a> de<\/span><span style=\"font-weight: 400;\"> confianza y con experiencia cuando luche por sus derechos e intereses.<\/span><\/p><p><span style=\"font-weight: 400;\">En Work Injury Rights, somos una firma compuesta por un equipo de expertos legales con una experiencia combinada de 45 a\u00f1os en el manejo de casos de compensaci\u00f3n para trabajadores en Florida. Por lo tanto, estamos seguros de que somos su mejor opci\u00f3n si desea un asesoramiento legal confiable y una representaci\u00f3n de comit\u00e9s para ayudarlo a ganar el caso y recuperar todos los beneficios adeudados. Llame a nuestros abogados de compensaci\u00f3n para trabajadores de Fort Myers al <a href=\"tel:+19543888616\">954-388-8616<\/a> o cont\u00e1ctenos en l\u00ednea para una revisi\u00f3n gratuita del caso y obtenga m\u00e1s informaci\u00f3n sobre c\u00f3mo podemos ayudar.<\/span><\/p><p><span style=\"font-weight: 400;\"><\/span><\/p><h2><b>\u00bfQu\u00e9 es la compensaci\u00f3n laboral?<\/b><\/h2><p><span style=\"font-weight: 400;\">De acuerdo con las leyes de Florida, la compensaci\u00f3n para trabajadores es una cobertura de seguro sin culpa, lo que significa que el enfoque no estar\u00e1 en determinar la responsabilidad sino en el lugar donde ocurri\u00f3 el accidente laboral. Por ejemplo, es posible que haya sufrido un accidente mientras trabajaba en el desempe\u00f1o de sus funciones. Seg\u00fan la ley de compensaci\u00f3n para trabajadores del estado de Florida, es posible que califique para recuperar da\u00f1os incluso si el incidente fue su culpa.<\/span><\/p><p><span style=\"font-weight: 400;\">Por lo tanto, podr\u00edamos ayudarlo a buscar los siguientes beneficios:<\/span><\/p><ul><li style=\"font-weight: 400;\" aria-level=\"1\"><span style=\"font-weight: 400;\">\u00a0<\/span><span style=\"font-weight: 400;\">Gastos m\u00e9dicos y p\u00e9rdidas relacionadas con el tratamiento<\/span><\/li><li style=\"font-weight: 400;\" aria-level=\"1\"><span style=\"font-weight: 400;\">\u00a0<\/span><span style=\"font-weight: 400;\">Beneficios por discapacidad, que cubren TPD, TTD, PTD y PPD<\/span><\/li><li style=\"font-weight: 400;\" aria-level=\"1\"><span style=\"font-weight: 400;\">\u00a0<\/span><span style=\"font-weight: 400;\">Costos de fisioterapia y gastos de rehabilitaci\u00f3n<\/span><\/li><li style=\"font-weight: 400;\" aria-level=\"1\"><span style=\"font-weight: 400;\">\u00a0<\/span><span style=\"font-weight: 400;\">Costos de medicamentos recetados<\/span><\/li><li style=\"font-weight: 400;\" aria-level=\"1\"><span style=\"font-weight: 400;\">\u00a0<\/span><span style=\"font-weight: 400;\">Gastos de viaje relacionados con sus citas de tratamiento y recuperaci\u00f3n<\/span><\/li><\/ul><h2><b>\u00bfQu\u00e9 debo hacer si me lesiono en el trabajo?<\/b><\/h2><p><span style=\"font-weight: 400;\">Estar informado es una ventaja para usted, especialmente en lo que respecta a sus derechos como empleado. Es un elemento que hemos visto en muchos de los trabajadores que hemos visto venir a nosotros para ayudarlos a luchar por sus derechos y asegurar sus beneficios de compensaci\u00f3n laboral.<\/span><\/p><p><span style=\"font-weight: 400;\">Algunos de los pasos que debe seguir despu\u00e9s de un accidente en su lugar de trabajo incluyen:<\/span><\/p><ul><li style=\"font-weight: 400;\" aria-level=\"1\"><span style=\"font-weight: 400;\">\u00a0<\/span><span style=\"font-weight: 400;\">Tome fotograf\u00edas de la escena del accidente y de sus lesiones.<\/span><\/li><li style=\"font-weight: 400;\" aria-level=\"1\"><span style=\"font-weight: 400;\">\u00a0<\/span><span style=\"font-weight: 400;\">Revisarse poco despu\u00e9s del incidente para asegurarse de que no tenga problemas que pongan en peligro su vida y recibir tratamientos si es necesario.<\/span><\/li><li style=\"font-weight: 400;\" aria-level=\"1\"><span style=\"font-weight: 400;\">\u00a0<\/span><span style=\"font-weight: 400;\">Informar a la autoridad competente sobre el accidente laboral. Puede ser su empleador, l\u00edder de equipo, supervisor, gerente o incluso la polic\u00eda en las circunstancias del momento.<\/span><\/li><li style=\"font-weight: 400;\" aria-level=\"1\"><span style=\"font-weight: 400;\">\u00a0<\/span><span style=\"font-weight: 400;\">Mantenga registros de los informes de incidentes, el informe m\u00e9dico y otros documentos esenciales.<\/span><\/li><li style=\"font-weight: 400;\" aria-level=\"1\"><span style=\"font-weight: 400;\">\u00a0<\/span><span style=\"font-weight: 400;\">Considere contratar a un abogado de compensaci\u00f3n laboral de Fort Myers de confianza, confiable y con experiencia para ayudar a luchar por nuestros derechos e intereses.<\/span><\/li><li style=\"font-weight: 400;\" aria-level=\"1\"><span style=\"font-weight: 400;\">\u00a0<\/span><span style=\"font-weight: 400;\">Descanse y recup\u00e9rese.<\/span><\/li><\/ul><h2><b>\u00bfCu\u00e1les son algunas de las lesiones por accidentes laborales m\u00e1s comunes en Fort Myers, Florida?<\/b><\/h2><p><span style=\"font-weight: 400;\">A menudo, no tenemos a nadie a quien culpar cuando nos lastimamos o enfermamos m\u00e1s que a nosotros mismos. Tales eventos son una parte desafortunada de la vida. Sin embargo, en ocasiones son incidentes atribuidos a negligencia ajena. Cualquiera sea el motivo del accidente en el lugar de trabajo, el da\u00f1o resultante puede incluir:<\/span><\/p><ul><li style=\"font-weight: 400;\" aria-level=\"1\"><span style=\"font-weight: 400;\">\u00a0<\/span><span style=\"font-weight: 400;\">Fracturas<\/span><\/li><li style=\"font-weight: 400;\" aria-level=\"1\"><span style=\"font-weight: 400;\">\u00a0<\/span><span style=\"font-weight: 400;\">Lesiones por resbalones y ca\u00eddas<\/span><\/li><li style=\"font-weight: 400;\" aria-level=\"1\"><span style=\"font-weight: 400;\">\u00a0<\/span><span style=\"font-weight: 400;\">Quemaduras<\/span><\/li><li style=\"font-weight: 400;\" aria-level=\"1\"><span style=\"font-weight: 400;\">\u00a0<\/span><span style=\"font-weight: 400;\">Lesi\u00f3n de espalda (espinal) y cuello<\/span><\/li><li style=\"font-weight: 400;\" aria-level=\"1\"><span style=\"font-weight: 400;\">\u00a0<\/span><span style=\"font-weight: 400;\">Latigazo<\/span><\/li><li style=\"font-weight: 400;\" aria-level=\"1\"><span style=\"font-weight: 400;\">\u00a0<\/span><span style=\"font-weight: 400;\">Dolor en las articulaciones<\/span><\/li><li style=\"font-weight: 400;\" aria-level=\"1\"><span style=\"font-weight: 400;\">\u00a0<\/span><span style=\"font-weight: 400;\">Amputaciones<\/span><\/li><li style=\"font-weight: 400;\" aria-level=\"1\"><span style=\"font-weight: 400;\">\u00a0<\/span><span style=\"font-weight: 400;\">Laceraci\u00f3n severa<\/span><\/li><li style=\"font-weight: 400;\" aria-level=\"1\"><span style=\"font-weight: 400;\">\u00a0<\/span><span style=\"font-weight: 400;\">P\u00e9rdida de la vista<\/span><\/li><li style=\"font-weight: 400;\" aria-level=\"1\"><span style=\"font-weight: 400;\">\u00a0<\/span><span style=\"font-weight: 400;\">P\u00e9rdida de la audici\u00f3n<\/span><\/li><li style=\"font-weight: 400;\" aria-level=\"1\"><span style=\"font-weight: 400;\">\u00a0<\/span><span style=\"font-weight: 400;\">Par\u00e1lisis<\/span><\/li><li style=\"font-weight: 400;\" aria-level=\"1\"><span style=\"font-weight: 400;\">\u00a0<\/span><span style=\"font-weight: 400;\">Muerte<\/span><\/li><\/ul><h2><b>\u00bfPor qu\u00e9 deber\u00eda contratar a un abogado de indemnizaci\u00f3n laboral en Fort Myers?<\/b><\/h2><p><span style=\"font-weight: 400;\">No podemos negar que las personas pueden representarse a s\u00ed mismas cuando persiguen casos de compensaci\u00f3n de trabajadores. Sin embargo, las posibilidades de que obtengan un peque\u00f1o acuerdo o de que se nieguen sus reclamaciones son altas. Carecen de un conocimiento adecuado de lo que implica un caso de compensaci\u00f3n para trabajadores y los diversos requisitos legales y lagunas que existen, entre otros obst\u00e1culos.<\/span><\/p><p><span style=\"font-weight: 400;\">Pero las probabilidades est\u00e1n a su favor cuando contrate a un profesional para que lo represente. Es mejor contratar a un abogado de compensaci\u00f3n laboral de Fort Myers comprometido a garantizar que sus derechos e intereses sean respetados y protegidos. Somos una firma de abogados que dedicar\u00e1 nuestros recursos a desenterrar y presentar la verdad que lo ayude a obtener todos los beneficios que se le deben.<\/span><\/p><p><a href=\"https:\/\/workinjuryrights.com\/wp-content\/uploads\/2021\/08\/Fort-Myers-workers-compensation-lawyer.jpeg\"><img fetchpriority=\"high\" decoding=\"async\" class=\"alignnone wp-image-3411 size-full\" src=\"https:\/\/workinjuryrights.com\/wp-content\/uploads\/2021\/08\/Fort-Myers-workers-compensation-lawyer.jpeg\" alt=\"Fort Myers workers' compensation lawyer meeting client\" width=\"500\" height=\"334\" srcset=\"https:\/\/workinjuryrights.com\/wp-content\/uploads\/2021\/08\/Fort-Myers-workers-compensation-lawyer.jpeg 500w, https:\/\/workinjuryrights.com\/wp-content\/uploads\/2021\/08\/Fort-Myers-workers-compensation-lawyer-300x200.jpeg 300w\" sizes=\"(max-width: 500px) 100vw, 500px\" \/><\/a><\/p><h2><b>\u00bfCu\u00e1nto cuesta contratar a un abogado de compensaci\u00f3n laboral en Fort Myers?<\/b><\/h2><p><span style=\"font-weight: 400;\">Entendemos la tensi\u00f3n que pueden tener estos asuntos legales, y es por eso que nos enfocamos en tranquilizarlo. Las cosas pueden ser insoportables para usted financieramente, especialmente si no puede reanudar el trabajo debido a sus lesiones o enfermedad. Como tal, podemos proporcionar una consulta inicial gratuita y una revisi\u00f3n del caso. Y si aceptamos su caso, podemos ofrecer nuestros servicios legales en un acuerdo de honorarios de contingencia. Seg\u00fan este arreglo, usted nos pagar\u00e1 despu\u00e9s de que lo ayudemos a ganar el caso y recuperar los beneficios.<\/span><\/p><h2><b>\u00bfQu\u00e9 debo hacer si se rechaza mi reclamo de indemnizaci\u00f3n por accidentes de trabajo?<\/b><\/h2><p><span style=\"font-weight: 400;\">Las reclamaciones de compensaci\u00f3n para trabajadores que son rechazadas es un resultado demasiado familiar que vemos con mayor frecuencia en situaciones en las que las personas optan por representarse a s\u00ed mismas o trabajar con abogados sin experiencia. Sin embargo, una reclamaci\u00f3n puede rechazarse por diferentes motivos. A\u00fan as\u00ed, podemos ayudarlo a apelar la denegaci\u00f3n. Nuestros reconocidos abogados de compensaci\u00f3n para trabajadores de Fort Myers pueden solicitar a la <\/span><a href=\"https:\/\/www.myfloridacfo.com\/Division\/wc\/\" target=\"_blank\" rel=\"noopener\"><span style=\"font-weight: 400;\">Divisi\u00f3n de Compensaci\u00f3n para Trabajadores en Florida<\/span><\/a><span style=\"font-weight: 400;\"> que revise la denegaci\u00f3n. Por el contrario, podemos llevar el asunto ante el juez de derecho administrativo y, si esto falla, podemos presentar una apelaci\u00f3n ante la Corte Suprema de Florida.<\/span><a href=\"https:\/\/translate.google.com\/translate?hl=es&amp;prev=_t&amp;sl=en&amp;tl=es&amp;u=https:\/\/www.myfloridacfo.com\/Division\/wc\/\" target=\"_blank\" rel=\"noopener\"><span style=\"font-weight: 400;\">\u00a0<\/span><\/a><\/p><h2><b>\u00bfQu\u00e9 responsabilidad tiene el empleado al presentar una reclamaci\u00f3n de indemnizaci\u00f3n por accidentes de trabajo?<\/b><\/h2><p><span style=\"font-weight: 400;\">La ley de compensaci\u00f3n para trabajadores de Florida estipul\u00f3 que un empleado debe cumplir con las siguientes obligaciones al presentar un reclamo de compensaci\u00f3n para trabajadores:<\/span><\/p><ul><li style=\"font-weight: 400;\" aria-level=\"1\"><span style=\"font-weight: 400;\">\u00a0<\/span><span style=\"font-weight: 400;\">Reduzca el riesgo de tener dificultades para obtener una compensaci\u00f3n asegur\u00e1ndose de cumplir con las reglas y procedimientos de seguridad en el lugar de trabajo.<\/span><\/li><li style=\"font-weight: 400;\" aria-level=\"1\"><span style=\"font-weight: 400;\">\u00a0<\/span><span style=\"font-weight: 400;\">Informe los accidentes laborales tan pronto como sea posible despu\u00e9s de que ocurran (que debe ser dentro de los 30 d\u00edas posteriores a la fecha del incidente). Aseg\u00farese de que su empleador y su proveedor de seguros est\u00e9n al tanto del incidente, su necesidad de buscar tratamiento y cu\u00e1ndo podr\u00eda reanudar el trabajo.<\/span><\/li><li style=\"font-weight: 400;\" aria-level=\"1\"><span style=\"font-weight: 400;\">\u00a0<\/span><span style=\"font-weight: 400;\">Est\u00e9 preparado para someterse a una prueba de detecci\u00f3n de drogas para asegurarse de que no estaba intoxicado mientras trabajaba.<\/span><\/li><li style=\"font-weight: 400;\" aria-level=\"1\"><span style=\"font-weight: 400;\">\u00a0<\/span><span style=\"font-weight: 400;\">Re\u00fana evidencia que demuestre que el accidente ocurri\u00f3 mientras realizaba sus tareas laborales.<\/span><\/li><li style=\"font-weight: 400;\" aria-level=\"1\"><span style=\"font-weight: 400;\">\u00a0<\/span><span style=\"font-weight: 400;\">Vaya a un chequeo m\u00e9dico, reciba tratamiento y t\u00f3mese el tiempo suficiente para recuperarse, cumpliendo con las directivas de la junta de compensaci\u00f3n para trabajadores.<\/span><\/li><li style=\"font-weight: 400;\" aria-level=\"1\"><span style=\"font-weight: 400;\">\u00a0<\/span><span style=\"font-weight: 400;\">Presente un reclamo de compensaci\u00f3n para trabajadores ante la Divisi\u00f3n de Compensaci\u00f3n para Trabajadores <\/span><span style=\"font-weight: 400;\">dentro de los 2 a\u00f1os<\/span><span style=\"font-weight: 400;\"> posteriores al accidente en el lugar de trabajo.<\/span><a href=\"https:\/\/translate.google.com\/translate?hl=es&amp;prev=_t&amp;sl=en&amp;tl=es&amp;u=http:\/\/www.leg.state.fl.us\/statutes\/index.cfm%3FApp_mode%3DDisplay_Statute%26URL%3D0400-0499\/0440\/Sections\/0440.19.html\" target=\"_blank\" rel=\"noopener\"><span style=\"font-weight: 400;\">\u00a0<\/span><\/a><\/li><\/ul><h2><b>\u00bfQu\u00e9 responsabilidad tiene el empleador en el proceso de indemnizaci\u00f3n laboral?<\/b><\/h2><p><span style=\"font-weight: 400;\">De acuerdo con la Ley de Compensaci\u00f3n para Trabajadores en Florida, tambi\u00e9n se espera que los empleadores cumplan con varias obligaciones con respecto a las posibles compensaciones que un empleado presentar\u00e1 por una lesi\u00f3n o enfermedad ocupacional. Las responsabilidades incluyen:<\/span><\/p><ul><li style=\"font-weight: 400;\" aria-level=\"1\"><span style=\"font-weight: 400;\">\u00a0<\/span><span style=\"font-weight: 400;\">Publique un aviso de cumplimiento de las compensaciones de los trabajadores y aseg\u00farese de que todos los empleados est\u00e9n al tanto de la cobertura del seguro.<\/span><\/li><li style=\"font-weight: 400;\" aria-level=\"1\"><span style=\"font-weight: 400;\">\u00a0<\/span><span style=\"font-weight: 400;\">Proporcionar al personal informaci\u00f3n sobre d\u00f3nde buscar tratamiento inmediato despu\u00e9s de un accidente laboral.<\/span><\/li><li style=\"font-weight: 400;\" aria-level=\"1\"><span style=\"font-weight: 400;\">Llene y presente un informe de enfermedad o lesi\u00f3n ocupacional a la Divisi\u00f3n de Compensaci\u00f3n para Trabajadores.<\/span><\/li><li style=\"font-weight: 400;\" aria-level=\"1\"><span style=\"font-weight: 400;\">Informar a la compa\u00f1\u00eda de seguros sobre el progreso del tratamiento del accidente y del trabajador, la recuperaci\u00f3n y la probabilidad de reanudar el trabajo.<\/span><\/li><li style=\"font-weight: 400;\" aria-level=\"1\"><span style=\"font-weight: 400;\">Conservar el puesto de trabajo del empleado lesionado.<\/span><\/li><\/ul><h2><b>\u00bfSe puede despedir a un trabajador lesionado en Florida por presentar una reclamaci\u00f3n de indemnizaci\u00f3n laboral?<\/b><\/h2><p><span style=\"font-weight: 400;\">Si bien las leyes de Florida otorgan a los empleadores el derecho de revocar un contrato de trabajo si consideran que un empleado no es beneficioso para su negocio, existen excepciones a esta regla. La Ley de Compensaci\u00f3n para Trabajadores de Florida estipula que ning\u00fan empleador debe despedir a un miembro del personal porque reclame beneficios de compensaci\u00f3n por una lesi\u00f3n o enfermedad relacionada con el trabajo.<\/span><\/p><p><span style=\"font-weight: 400;\">Adem\u00e1s, la ley afirma los derechos de los empleados a conservar sus puestos de trabajo cuando se someten a tratamiento y se recuperan de lesiones o enfermedades relacionadas con el trabajo. Pero las situaciones pueden ser complicadas, y tener experiencia en el manejo de casos de compensaci\u00f3n de trabajadores y los diversos obst\u00e1culos legales involucrados juegan un papel importante en la obtenci\u00f3n de un acuerdo completo. Nuestro abogado de compensaci\u00f3n para trabajadores de Fort Myers lo guiar\u00e1 a trav\u00e9s de lo que debe hacer si lo despiden por reclamar beneficios de compensaci\u00f3n.<\/span><\/p><p><a href=\"https:\/\/workinjuryrights.com\/wp-content\/uploads\/2021\/08\/Fort-Myers-workers-compensation-lawyer-2.jpg\"><img decoding=\"async\" class=\"alignnone size-full wp-image-3413\" src=\"https:\/\/workinjuryrights.com\/wp-content\/uploads\/2021\/08\/Fort-Myers-workers-compensation-lawyer-2.jpg\" alt=\"Construction worker who needs Fort Myers workers' compensation lawyer\" width=\"500\" height=\"333\" srcset=\"https:\/\/workinjuryrights.com\/wp-content\/uploads\/2021\/08\/Fort-Myers-workers-compensation-lawyer-2.jpg 500w, https:\/\/workinjuryrights.com\/wp-content\/uploads\/2021\/08\/Fort-Myers-workers-compensation-lawyer-2-300x200.jpg 300w\" sizes=\"(max-width: 500px) 100vw, 500px\" \/><\/a><\/p><h2><b>\u00bfExiste un estatuto de limitaciones para presentar un reclamo de compensaci\u00f3n para trabajadores en Florida?<\/b><\/h2><p><span style=\"font-weight: 400;\">\u00a1S\u00ed! La Ley de Compensaci\u00f3n para Trabajadores de Florida otorga a las personas empleadas dos a\u00f1os a partir del momento en que ocurri\u00f3 el accidente en el lugar de trabajo para presentar la reclamaci\u00f3n. Sin embargo, preferimos comenzar el proceso antes porque nos da tiempo suficiente para investigar, reunir pruebas y manejar los requisitos legales. Por lo tanto, p\u00f3ngase en contacto con nuestros experimentados abogados de compensaci\u00f3n para trabajadores de Fort Myers hoy mismo.<\/span><\/p><h2><b>\u00bfPuedo demandar a mi empleador?<\/b><\/h2><p><span style=\"font-weight: 400;\">Algunas situaciones ameritan demandar a los empleadores por accidentes laborales. Sin embargo, el seguro de compensaci\u00f3n para trabajadores es una cobertura que lo protege a usted y a su empleador. Como tal, demandar a su empleador no es sensato porque el caso se enfocar\u00e1 en proteger sus derechos e intereses mientras busca beneficios de compensaci\u00f3n. Hable con un abogado de compensaci\u00f3n laboral de Fort Myers para obtener m\u00e1s informaci\u00f3n.<\/span><\/p><h2><b>\u00bfPueden los contratistas independientes de Fort Myers, FL, presentar una reclamaci\u00f3n de indemnizaci\u00f3n por accidentes de trabajo?<\/b><\/h2><p><span style=\"font-weight: 400;\">Las leyes de compensaci\u00f3n para trabajadores de Florida dictan que las personas con empleo legal (permanente) califican para reclamar beneficios de compensaci\u00f3n. Dado que los contratistas independientes no se consideran empleados, significa que no pueden presentar la reclamaci\u00f3n de compensaci\u00f3n para trabajadores.<\/span><\/p><p><span style=\"font-weight: 400;\">Sin embargo, los empleadores pueden aprovechar esta regla para evitar pagar los beneficios de compensaci\u00f3n al clasificarlo err\u00f3neamente como un contratista independiente. Hablar con un abogado con experiencia en compensaci\u00f3n para trabajadores de Fort Myers le asegurar\u00e1 que obtenga el mejor asesoramiento posible.<\/span><\/p><h2><b>\u00bfCu\u00e1l es el valor de mi reclamo de indemnizaci\u00f3n por accidentes de trabajo en Fort Myers?<\/b><\/h2><p><span style=\"font-weight: 400;\">Determinar el valor de sus reclamos de compensaci\u00f3n implica considerar varios factores asociados con las p\u00e9rdidas incurridas debido a la lesi\u00f3n o enfermedad ocupacional. Algunas de las cosas<\/span><\/p><p><span style=\"font-weight: 400;\">que nuestro abogado de compensaci\u00f3n para trabajadores de Fort Myers considerar\u00e1 incluyen:<\/span><\/p><ul><li style=\"font-weight: 400;\" aria-level=\"1\"><span style=\"font-weight: 400;\">Sus facturas m\u00e9dicas<\/span><\/li><li style=\"font-weight: 400;\" aria-level=\"1\"><span style=\"font-weight: 400;\">Costos de medicamentos recetados<\/span><\/li><li style=\"font-weight: 400;\" aria-level=\"1\"><span style=\"font-weight: 400;\">Costos de rehabilitaci\u00f3n<\/span><\/li><li style=\"font-weight: 400;\" aria-level=\"1\"><a href=\"https:\/\/www.myfloridacfo.com\/Division\/WC\/Employee\/Benefits\/lost-wages.htm\" target=\"_blank\" rel=\"noopener\"><span style=\"font-weight: 400;\">Un porcentaje de su salario perdido<\/span><\/a><\/li><li style=\"font-weight: 400;\" aria-level=\"1\"><span style=\"font-weight: 400;\">Gastos de viaje relacionados con su tratamiento, rehabilitaci\u00f3n y sesiones de terapia de recuperaci\u00f3n.<\/span><\/li><li style=\"font-weight: 400;\" aria-level=\"1\"><span style=\"font-weight: 400;\">Su beneficio de reemplazo por p\u00e9rdida de ingresos<\/span><\/li><li style=\"font-weight: 400;\" aria-level=\"1\"><span style=\"font-weight: 400;\">Beneficios de PPD (discapacidad parcial permanente) basados \u200b\u200ben su calificaci\u00f3n de discapacidad de un m\u00e9dico autorizado que cumple con las pautas de la AMA (Asociaci\u00f3n M\u00e9dica Estadounidense).<\/span><\/li><\/ul><h2><b>Llame a nuestro abogado de compensaci\u00f3n para trabajadores de Fort Myers hoy para obtener un asesor legal confiable<\/b><\/h2><p><span style=\"font-weight: 400;\">Como individuo que trabaja en Florida, la ley estipula que podr\u00eda calificar para perseguir lesiones laborales compensables. Ser\u00eda mejor si considerara trabajar en estrecha colaboraci\u00f3n con un abogado de compensaci\u00f3n para trabajadores de Fort Myers de confianza y con experiencia cuando luche por sus derechos e intereses.<\/span><\/p><p><span style=\"font-weight: 400;\">Somos una firma compuesta por un equipo de abogados expertos en compensaci\u00f3n para trabajadores de Fort Myers con una experiencia combinada de 45 a\u00f1os en el manejo de casos de compensaci\u00f3n para trabajadores en Florida. Por lo tanto, estamos seguros de que somos su mejor opci\u00f3n si desea un asesoramiento legal confiable y una representaci\u00f3n que comit\u00e9s para ayudarlo a ganar el caso y recuperar todos los beneficios adeudados.<\/span><\/p><p><span style=\"font-weight: 400;\">Llame a Work Injury Rights al <a href=\"tel:+19543888616\">954-388-8616<\/a> o cont\u00e1ctenos en l\u00ednea para una revisi\u00f3n gratuita del caso y obtenga m\u00e1s informaci\u00f3n sobre c\u00f3mo podemos ayudar.<\/span><\/p>\t\t\t\t\t\t\t\t<\/div>\n\t\t\t\t\t<\/div>\n\t\t\t\t<\/div>\n\t\t\t\t<\/div>\n\t\t","protected":false},"excerpt":{"rendered":"<p>Los trabajadores de Florida tienen derecho a una indemnizaci\u00f3n cuando se lesionan o se enferman en el \u00e1mbito y curso de su ocupaci\u00f3n profesional. Florida se encuentra entre los muchos estados de Estados Unidos que otorgan a los derechos de los trabajadores o de los problemas la seriedad que se merecen. Por lo tanto, el [&hellip;]<\/p>\n","protected":false},"author":29,"featured_media":0,"parent":5718,"menu_order":0,"comment_status":"closed","ping_status":"closed","template":"","meta":{"_acf_changed":false,"anchor_text":"","footnotes":""},"categories":[],"tags":[45],"class_list":["post-5721","page","type-page","status-publish","hentry","tag-workers-compensation"],"acf":[],"_links":{"self":[{"href":"https:\/\/workinjuryrights.com\/es\/wp-json\/wp\/v2\/pages\/5721","targetHints":{"allow":["GET"]}}],"collection":[{"href":"https:\/\/workinjuryrights.com\/es\/wp-json\/wp\/v2\/pages"}],"about":[{"href":"https:\/\/workinjuryrights.com\/es\/wp-json\/wp\/v2\/types\/page"}],"author":[{"embeddable":true,"href":"https:\/\/workinjuryrights.com\/es\/wp-json\/wp\/v2\/users\/29"}],"replies":[{"embeddable":true,"href":"https:\/\/workinjuryrights.com\/es\/wp-json\/wp\/v2\/comments?post=5721"}],"version-history":[{"count":9,"href":"https:\/\/workinjuryrights.com\/es\/wp-json\/wp\/v2\/pages\/5721\/revisions"}],"predecessor-version":[{"id":25531,"href":"https:\/\/workinjuryrights.com\/es\/wp-json\/wp\/v2\/pages\/5721\/revisions\/25531"}],"up":[{"embeddable":true,"href":"https:\/\/workinjuryrights.com\/es\/wp-json\/wp\/v2\/pages\/5718"}],"wp:attachment":[{"href":"https:\/\/workinjuryrights.com\/es\/wp-json\/wp\/v2\/media?parent=5721"}],"wp:term":[{"taxonomy":"category","embeddable":true,"href":"https:\/\/workinjuryrights.com\/es\/wp-json\/wp\/v2\/categories?post=5721"},{"taxonomy":"post_tag","embeddable":true,"href":"https:\/\/workinjuryrights.com\/es\/wp-json\/wp\/v2\/tags?post=5721"}],"curies":[{"name":"wp","href":"https:\/\/api.w.org\/{rel}","templated":true}]}}