{"id":5722,"date":"2021-08-16T18:09:55","date_gmt":"2021-08-16T18:09:55","guid":{"rendered":"https:\/\/workinjuryrights.com\/fort-myers\/preexisting-injuries-conditions\/"},"modified":"2022-02-04T16:18:22","modified_gmt":"2022-02-04T16:18:22","slug":"lesiones-preexistentes","status":"publish","type":"page","link":"https:\/\/workinjuryrights.com\/es\/fort-myers\/abogado-compensacion-laboral\/lesiones-preexistentes\/","title":{"rendered":"Lesiones y Afecciones Preexistentes en Fort Myers"},"content":{"rendered":"<p><span style=\"font-weight: 400;\">No es f\u00e1cil comprender los entresijos del sistema de compensaci\u00f3n para trabajadores en Florida. Esto es especialmente cierto para aquellos que tienen lesiones y afecciones preexistentes en Fort Myers. En Work Injury Rights, queremos aclarar cada paso para asegurarnos de que reciba la orientaci\u00f3n legal adecuada cuando m\u00e1s la necesite.<\/span><\/p>\n<p><span style=\"font-weight: 400;\">Podemos ayudarlo a presentar un reclamo si tiene una afecci\u00f3n preexistente que se vio afectada por un incidente en el lugar de trabajo. Querr\u00e1 tener todos sus derechos legales en orden cuando solicite un reclamo de compensaci\u00f3n para trabajadores.<\/span><\/p>\n<p><span style=\"font-weight: 400;\">Para hacer esto de la manera correcta, comun\u00edquese con nuestros <\/span><a href=\"https:\/\/workinjuryrights.com\/es\/fort-myers\/abogado-compensacion-laboral\/\"><span style=\"font-weight: 400;\">abogados de compensaci\u00f3n para trabajadores de Fort Myers<\/span><\/a><span style=\"font-weight: 400;\"> al <a href=\"tel:+19543888616\">954-388-8616<\/a> para una consulta gratuita sobre su caso de compensaci\u00f3n para trabajadores, as\u00ed como sobre las lesiones y condiciones preexistentes en Fort Myers.<\/span><\/p>\n<p><span style=\"font-weight: 400;\"><\/span><\/p>\n<h2><b>\u00bfQu\u00e9 son las afecciones y lesiones preexistentes?<\/b><\/h2>\n<p><span style=\"font-weight: 400;\">Las afecciones y lesiones preexistentes<\/span><span style=\"font-weight: 400;\"> pueden involucrar problemas m\u00e9dicos diagnosticados espec\u00edficos que han estado molestando a una persona antes de que se lastimara en el trabajo.<\/span><\/p>\n<p><span style=\"font-weight: 400;\">Esta condici\u00f3n preexistente puede ser la raz\u00f3n por la que los s\u00edntomas act\u00faan en lugar de un incidente que tuvo lugar en el lugar. Es por eso que los empleadores son particulares sobre lo que sucedi\u00f3 y qu\u00e9 tipo de reclamo se puede presentar.<\/span><\/p>\n<p><span style=\"font-weight: 400;\">La ley requiere reclamos detallados que arrojen luz sobre por qu\u00e9 el incidente es el motivo de la incapacidad de una persona para trabajar como sol\u00eda hacerlo. Es mejor tener un bufete de abogados de renombre como el nuestro para ayudar con el proceso.<\/span><\/p>\n<h2><b>\u00bfLas lesiones y afecciones preexistentes en Fort Myers le impiden presentar reclamaciones de indemnizaci\u00f3n laboral?<\/b><\/h2>\n<p><span style=\"font-weight: 400;\">Las lesiones preexistentes no son una l\u00ednea en la arena cuando se trata de <\/span><a href=\"https:\/\/www.myfloridacfo.com\/division\/wc\/\" target=\"_blank\" rel=\"noopener\"><span style=\"font-weight: 400;\">reclamos de compensaci\u00f3n<\/span><span style=\"font-weight: 400;\"> para <\/span><span style=\"font-weight: 400;\">trabajadores en Florida<\/span><\/a><span style=\"font-weight: 400;\">. En cambio, todo se reduce a cada caso y cu\u00e1l es el principal factor que contribuye a los s\u00edntomas de un cliente.<\/span><\/p>\n<p><span style=\"font-weight: 400;\">Por ejemplo, hay ocasiones en las que una persona puede tener una lesi\u00f3n preexistente relacionada con la espalda, pero luego termina resbalando debido al piso mojado en el lugar que lastima su espalda.<\/span><\/p>\n<p><span style=\"font-weight: 400;\">En este caso, la lesi\u00f3n en la espalda ya estaba ah\u00ed, pero el resbal\u00f3n y la ca\u00edda lo agravaron. Luego, esto puede enumerarse como un factor contribuyente significativo en el estado de Florida para el reclamo de compensaci\u00f3n para trabajadores.<\/span><\/p>\n<p><span style=\"font-weight: 400;\">Es por eso que el mejor curso de acci\u00f3n es tomarse el tiempo para hablar con nosotros en Work Injury Rights. Siempre estamos buscando ayudar a nuestros clientes y eso es tambi\u00e9n lo que podemos hacer por usted.<\/span><\/p>\n<h2><b>\u00bfQu\u00e9 obst\u00e1culos puedo enfrentar con mi reclamo de compensaci\u00f3n laboral cuando demuestre que una condici\u00f3n preexistente ha empeorado?<\/b><\/h2>\n<p><span style=\"font-weight: 400;\">Es dif\u00edcil encontrar una manera de separar una lesi\u00f3n preexistente de una lesi\u00f3n en el lugar de trabajo. Un buen ejemplo de esto puede ser una persona que est\u00e1 empezando a lidiar con un dolor en los nudillos que le dificulta completar las tareas manuales en el trabajo.<\/span><\/p>\n<p><span style=\"font-weight: 400;\">Esta es una lesi\u00f3n repetitiva y puede presentarse mientras no tenga una afecci\u00f3n existente, como la artritis. Aqu\u00ed es cuando se vuelve dif\u00edcil demostrar que el dolor no proviene de una condici\u00f3n preexistente que acaba de empeorar.<\/span><\/p>\n<p><a href=\"https:\/\/workinjuryrights.com\/wp-content\/uploads\/2021\/08\/pre-existing-injuries-and-conditions-in-Fort-Myers.jpeg\"><img fetchpriority=\"high\" decoding=\"async\" class=\"alignnone size-full wp-image-3494\" src=\"https:\/\/workinjuryrights.com\/wp-content\/uploads\/2021\/08\/pre-existing-injuries-and-conditions-in-Fort-Myers.jpeg\" alt=\"Lawyer helping worker with pre-existing injuries and conditions in Fort Myers\" width=\"500\" height=\"334\" srcset=\"https:\/\/workinjuryrights.com\/wp-content\/uploads\/2021\/08\/pre-existing-injuries-and-conditions-in-Fort-Myers.jpeg 500w, https:\/\/workinjuryrights.com\/wp-content\/uploads\/2021\/08\/pre-existing-injuries-and-conditions-in-Fort-Myers-300x200.jpeg 300w\" sizes=\"(max-width: 500px) 100vw, 500px\" \/><\/a><\/p>\n<p><span style=\"font-weight: 400;\">Es importante hablar con un abogado de confianza para ver qu\u00e9 se puede hacer por su caso. Esta es la \u00fanica manera de asegurarse de que no est\u00e1 presentando un reclamo que no va a ser procesado o uno que pueda manejarse siempre que elija un bufete de abogados de confianza.<\/span><\/p>\n<p><span style=\"font-weight: 400;\">En Work Injury Rights, lo hemos visto todo y eso es lo que nos permite tener confianza. Nos tomaremos el tiempo necesario para elaborar una estrategia y elaborar un plan legal que est\u00e9 a su favor. Para obtener m\u00e1s informaci\u00f3n sobre lo que podemos hacer por usted, t\u00f3mese el tiempo para comunicarse con nosotros al <a href=\"tel:+19543888616\">954-388-8616<\/a>.<\/span><\/p>\n<h2><b>\u00bfC\u00f3mo puede proteger su reclamo de indemnizaci\u00f3n laboral?<\/b><\/h2>\n<p><span style=\"font-weight: 400;\">Cuando tiene lesiones y afecciones preexistentes en Fort Myers, obtener una compensaci\u00f3n para trabajadores suele ser m\u00e1s complicado. Todav\u00eda querr\u00e1s seguir adelante con el reclamo, pero eso solo es posible cuando tienes todo en orden. Aquellos que no cuidan estos detalles son los que m\u00e1s van a tener problemas.<\/span><\/p>\n<p><span style=\"font-weight: 400;\">Con nuestra ayuda en Work Injury Rights, no tendr\u00e1 que preocuparse por esto. En su lugar, simplemente ll\u00e1menos y podemos comenzar a planificar lo que debe suceder para que el reclamo se lleve a cabo en Florida.<\/span><\/p>\n<p><span style=\"font-weight: 400;\">Hay varios pasos que querr\u00e1 implementar cuando sea el momento de proteger su capacidad de presentar un reclamo de compensaci\u00f3n para trabajadores cuando tenga lesiones y afecciones preexistentes en Fort Myers.<\/span><\/p>\n<p><span style=\"font-weight: 400;\">Estos pueden incluir:<\/span><\/p>\n<ul>\n<li><span style=\"font-weight: 400;\"> Presente su reclamo a tiempo (<\/span><span style=\"font-weight: 400;\">dentro de dos a\u00f1os<\/span><span style=\"font-weight: 400;\">)<\/span><\/li>\n<li><span style=\"font-weight: 400;\"> Mantener registros m\u00e9dicos<\/span><\/li>\n<li><span style=\"font-weight: 400;\"> Someterse a un examen m\u00e9dico cuando lo requiera el seguro.<\/span><\/li>\n<li><span style=\"font-weight: 400;\"> Comun\u00edquese con un abogado de compensaci\u00f3n laboral<\/span><\/li>\n<\/ul>\n<p><span style=\"font-weight: 400;\">T\u00f3mese el tiempo para seguir estos pasos uno por uno. Deber\u00e1 asegurarse de que cada paso se siga al pie de la letra, ya que eso permitir\u00e1 que el reclamo se lleve a cabo m\u00e1s f\u00e1cilmente. Si esto le resulta confuso o desea comenzar de la manera correcta, lo mejor es llamar a los Derechos de Accidentes Laborales.<\/span><\/p>\n<h2><b>Perm\u00edtanos ayudarlo cuando presente una solicitud de indemnizaci\u00f3n por accidentes de trabajo con lesiones y afecciones preexistentes en Fort Myers<\/b><\/h2>\n<p><span style=\"font-weight: 400;\">Cuando se encuentra en una situaci\u00f3n de lesi\u00f3n laboral con lesiones y condiciones preexistentes en Fort Myers, es importante observar cada detalle con atenci\u00f3n. Esto es importante ya que se asegurar\u00e1 de que el reclamo de compensaci\u00f3n para trabajadores se lleve a cabo en Florida.<\/span><\/p>\n<p><span style=\"font-weight: 400;\">Muchos clientes asumir\u00e1n que las lesiones y condiciones preexistentes en Fort Myers significan que est\u00e1n en problemas. Esto no es cierto, ya que una lesi\u00f3n preexistente no significa que no pueda presentar una reclamaci\u00f3n siempre que el incidente est\u00e9 vinculado al empleador. Esto puede suceder de varias formas y es importante demostrarlo en la reclamaci\u00f3n.<\/span><\/p>\n<p><span style=\"font-weight: 400;\">Si no est\u00e1 seguro de sus opciones y desea concentrarse en hacer las cosas de la manera correcta, entonces es hora de comunicarse con <\/span><a href=\"\/\"><span style=\"font-weight: 400;\">Work Injury Rights<\/span><\/a><span style=\"font-weight: 400;\"> . Somos un bufete de abogados de confianza que presta servicios en Fort Myers y nos tomaremos el tiempo para concentrarnos en su situaci\u00f3n.<\/span><\/p>\n<p><span style=\"font-weight: 400;\">Esto nos permitir\u00e1 analizar su estado y el incidente. Cuando revisamos esta informaci\u00f3n, podemos idear una estrategia legal que funcione para el reclamo. Para comenzar a trabajar con nosotros en Work Injury Rights, llame al equipo al <a href=\"tel:+19543888616\">954-388-8616<\/a>.<\/span><\/p>\n","protected":false},"excerpt":{"rendered":"<p>No es f\u00e1cil comprender los entresijos del sistema de compensaci\u00f3n para trabajadores en Florida. Esto es especialmente cierto para aquellos que tienen lesiones y afecciones preexistentes en Fort Myers. En Work Injury Rights, queremos aclarar cada paso para asegurarnos de que reciba la orientaci\u00f3n legal adecuada cuando m\u00e1s la necesite. Podemos ayudarlo a presentar un [&hellip;]<\/p>\n","protected":false},"author":29,"featured_media":0,"parent":5721,"menu_order":0,"comment_status":"closed","ping_status":"closed","template":"","meta":{"_acf_changed":false,"anchor_text":"","footnotes":""},"categories":[],"tags":[113,108],"class_list":["post-5722","page","type-page","status-publish","hentry","tag-workers-compensation-es-2","tag-workers-compensation-es"],"acf":[],"_links":{"self":[{"href":"https:\/\/workinjuryrights.com\/es\/wp-json\/wp\/v2\/pages\/5722","targetHints":{"allow":["GET"]}}],"collection":[{"href":"https:\/\/workinjuryrights.com\/es\/wp-json\/wp\/v2\/pages"}],"about":[{"href":"https:\/\/workinjuryrights.com\/es\/wp-json\/wp\/v2\/types\/page"}],"author":[{"embeddable":true,"href":"https:\/\/workinjuryrights.com\/es\/wp-json\/wp\/v2\/users\/29"}],"replies":[{"embeddable":true,"href":"https:\/\/workinjuryrights.com\/es\/wp-json\/wp\/v2\/comments?post=5722"}],"version-history":[{"count":7,"href":"https:\/\/workinjuryrights.com\/es\/wp-json\/wp\/v2\/pages\/5722\/revisions"}],"predecessor-version":[{"id":7697,"href":"https:\/\/workinjuryrights.com\/es\/wp-json\/wp\/v2\/pages\/5722\/revisions\/7697"}],"up":[{"embeddable":true,"href":"https:\/\/workinjuryrights.com\/es\/wp-json\/wp\/v2\/pages\/5721"}],"wp:attachment":[{"href":"https:\/\/workinjuryrights.com\/es\/wp-json\/wp\/v2\/media?parent=5722"}],"wp:term":[{"taxonomy":"category","embeddable":true,"href":"https:\/\/workinjuryrights.com\/es\/wp-json\/wp\/v2\/categories?post=5722"},{"taxonomy":"post_tag","embeddable":true,"href":"https:\/\/workinjuryrights.com\/es\/wp-json\/wp\/v2\/tags?post=5722"}],"curies":[{"name":"wp","href":"https:\/\/api.w.org\/{rel}","templated":true}]}}