{"id":5723,"date":"2021-08-16T16:02:53","date_gmt":"2021-08-16T16:02:53","guid":{"rendered":"https:\/\/workinjuryrights.com\/fort-myers\/reporting-a-work-injury\/"},"modified":"2023-08-22T09:31:56","modified_gmt":"2023-08-22T14:31:56","slug":"informar-lesion-laboral","status":"publish","type":"page","link":"https:\/\/workinjuryrights.com\/es\/fort-myers\/abogado-compensacion-laboral\/informar-lesion-laboral\/","title":{"rendered":"C\u00f3mo Informar una Lesi\u00f3n Laboral en Fort Myers"},"content":{"rendered":"<p><span style=\"font-weight: 400;\">Las enfermedades ocupacionales y los accidentes laborales no son infrecuentes en Florida, y es por eso que la compensaci\u00f3n para trabajadores es obligatoria para la mayor\u00eda de las empresas o empresas con al menos cuatro empleados. Tambi\u00e9n conocida como compensaci\u00f3n de trabajadores, esta es una pol\u00edtica impuesta por el gobierno que est\u00e1 destinada a proporcionar beneficios monetarios a los empleados que sufren lesiones o se enferman mientras hacen su trabajo.<\/span><\/p>\n<p><span style=\"font-weight: 400;\">Esta forma de cobertura brinda beneficios monetarios por gastos m\u00e9dicos, salarios perdidos e incluso la muerte de los empleados y sus seres queridos. Si es v\u00edctima de una enfermedad o lesi\u00f3n ocupacional, es imperativo conocer estos beneficios y c\u00f3mo puede luchar por sus derechos. Esto incluye reportar una lesi\u00f3n laboral en Fort Myers a tiempo. La falta de este conocimiento solo lo pone en riesgo de perder todo lo que tiene derecho.<\/span><\/p>\n<p><span style=\"font-weight: 400;\">Desafortunadamente, reportar una lesi\u00f3n o presentar reclamos de compensaci\u00f3n para trabajadores no siempre es sencillo. Algunos empleadores y sus aseguradoras pueden intentar privarlo de todos sus beneficios. Por eso es recomendable buscar representaci\u00f3n legal de una firma como Work Injury Rights.<\/span><\/p>\n<p><span style=\"font-weight: 400;\">Nuestros <\/span><a href=\"https:\/\/workinjuryrights.com\/es\/fort-myers\/abogado-compensacion-laboral\/\"><span style=\"font-weight: 400;\">abogados de compensaci\u00f3n de trabajadores<\/span><\/a><span style=\"font-weight: 400;\"> trabajar\u00e1n agresivamente para luchar por sus derechos y buscar la compensaci\u00f3n que se merece. Por lo tanto, si vive o trabaja en Fort Myers y desea comenzar a reportar una lesi\u00f3n laboral en Fort Myers, no dude en comunicarse con nosotros llamando al <a href=\"tel:+19543888616\">954-388-8616<\/a> para una consulta inicial gratuita.<\/span><\/p>\n<p><span style=\"font-weight: 400;\"><\/span><\/p>\n<h2><b>\u00bfCu\u00e1nto tiempo tengo para informar una lesi\u00f3n laboral en Fort Myers?<\/b><\/h2>\n<p><span style=\"font-weight: 400;\">Para ser elegible para los beneficios completos de su lesi\u00f3n o enfermedad, debe notificar a su empleador o su representante de inmediato sobre su condici\u00f3n o lesi\u00f3n. Espec\u00edficamente, la ley de Florida estipula que los trabajadores que sufren lesiones tienen <\/span><span style=\"font-weight: 400;\">30 d\u00edas<\/span><span style=\"font-weight: 400;\"> para informarlo.<\/span><\/p>\n<p><span style=\"font-weight: 400;\">Este per\u00edodo de 30 d\u00edas para hacer una notificaci\u00f3n se incluy\u00f3 en la Ley de Compensaci\u00f3n para Trabajadores de Florida para dar a las empresas el tiempo suficiente para investigar el caso mientras a\u00fan hay evidencia sustancial disponible.<\/span><\/p>\n<p><span style=\"font-weight: 400;\">No es necesario informar la lesi\u00f3n por escrito, pero se recomienda encarecidamente hacerlo siempre que sea posible. En algunos casos, es posible que el empleador no informe la lesi\u00f3n a tiempo, lo que provocar\u00e1 m\u00e1s demoras, entre otros problemas.<\/span><\/p>\n<h2><b>\u00bfA qui\u00e9n tengo que informar la lesi\u00f3n?<\/b><\/h2>\n<p><span style=\"font-weight: 400;\">De acuerdo con la Ley de Compensaci\u00f3n para Trabajadores de Florida, los empleados lesionados deben notificar a sus empleadores o supervisores informando una lesi\u00f3n laboral en Fort Myers de manera oportuna. Como se mencion\u00f3 anteriormente, la ley estipula que debe hacerlo dentro de los 30 d\u00edas.<\/span><\/p>\n<h2><b>\u00bfCu\u00e1les son las responsabilidades de un empleador despu\u00e9s de una lesi\u00f3n en el lugar de trabajo?<\/b><\/h2>\n<p><span style=\"font-weight: 400;\">En la mayor\u00eda de las industrias de Florida, las empresas con cuatro o m\u00e1s trabajadores deben tener un <\/span><span style=\"font-weight: 400;\">seguro de compensaci\u00f3n para trabajadores<\/span><span style=\"font-weight: 400;\"> . Los empleadores tienen una variedad de responsabilidades despu\u00e9s de una lesi\u00f3n o enfermedad relacionada con el trabajo, que incluyen:<\/span><\/p>\n<h3><b>Brindar primeros auxilios y atenci\u00f3n m\u00e9dica<\/b><\/h3>\n<p><span style=\"font-weight: 400;\">Abordar el incidente proporcionando primeros auxilios y transporte al hospital para los heridos es una de las responsabilidades m\u00e1s importantes de un empleador. Si la lesi\u00f3n es grave, deben llamar al 911 de inmediato. Los empleadores con Compensaci\u00f3n Laboral tienen una lista de m\u00e9dicos aprobados y puede usar uno de ellos para recibir atenci\u00f3n m\u00e9dica.<\/span><\/p>\n<h3><b>Informar la lesi\u00f3n<\/b><\/h3>\n<p><span style=\"font-weight: 400;\">Tambi\u00e9n se espera que los empleadores informen el incidente a la compa\u00f1\u00eda de seguros, siempre que:<\/span><\/p>\n<ul>\n<li style=\"font-weight: 400;\" aria-level=\"1\"><span style=\"font-weight: 400;\">Necesita recibir atenci\u00f3n m\u00e9dica por una enfermedad o lesi\u00f3n ocupacional.<\/span><span style=\"font-weight: 400;\">\u00a0\u00a0\u00a0\u00a0\u00a0\u00a0<\/span><\/li>\n<li style=\"font-weight: 400;\" aria-level=\"1\"><span style=\"font-weight: 400;\">Tiene que tomarse un tiempo libre del trabajo y no puede ganar un salario regular como resultado de una lesi\u00f3n o enfermedad relacionada con el trabajo.<\/span><span style=\"font-weight: 400;\">\u00a0\u00a0\u00a0\u00a0\u00a0\u00a0<\/span><\/li>\n<\/ul>\n<h3><b>Evaluar los requisitos de capacitaci\u00f3n y seguridad en el lugar de trabajo<\/b><\/h3>\n<p><span style=\"font-weight: 400;\">Los accidentes laborales son desafortunados y tienden a requerir medidas adicionales en materia de seguridad y capacitaci\u00f3n. El empleador es responsable de realizar auditor\u00edas de seguridad y utiliza las partes pertinentes para implementar las mejores pr\u00e1cticas de seguridad en la oficina.<\/span><\/p>\n<p><a href=\"https:\/\/workinjuryrights.com\/wp-content\/uploads\/2021\/08\/reporting-a-work-injury-in-Fort-Myers.jpg\"><img fetchpriority=\"high\" decoding=\"async\" class=\"alignnone size-full wp-image-3477\" src=\"https:\/\/workinjuryrights.com\/wp-content\/uploads\/2021\/08\/reporting-a-work-injury-in-Fort-Myers.jpg\" alt=\"Clipboard with form for reporting a work injury in Fort Myers\" width=\"500\" height=\"331\" srcset=\"https:\/\/workinjuryrights.com\/wp-content\/uploads\/2021\/08\/reporting-a-work-injury-in-Fort-Myers.jpg 500w, https:\/\/workinjuryrights.com\/wp-content\/uploads\/2021\/08\/reporting-a-work-injury-in-Fort-Myers-300x199.jpg 300w\" sizes=\"(max-width: 500px) 100vw, 500px\" \/><\/a><\/p>\n<h2><b>\u00bfCu\u00e1les son las responsabilidades del empleado despu\u00e9s de una lesi\u00f3n relacionada con el trabajo?<\/b><\/h2>\n<p><span style=\"font-weight: 400;\">Despu\u00e9s de sufrir una lesi\u00f3n o enfermedad en el lugar de trabajo, hay varias cosas importantes que se espera que los empleados hagan para ser elegibles para una compensaci\u00f3n completa. \u00c9stos incluyen:<\/span><\/p>\n<h3><b>Informar la lesi\u00f3n<\/b><\/h3>\n<p><span style=\"font-weight: 400;\">Si su lesi\u00f3n no es grave y no requiere atenci\u00f3n m\u00e9dica inmediata, debe comenzar a reportar una lesi\u00f3n laboral en Fort Myers a su empleador o supervisor lo antes posible. Tenga en cuenta que tiene un m\u00e1ximo de 30 d\u00edas para hacer esto.<\/span><\/p>\n<h3><b>Buscando atenci\u00f3n m\u00e9dica<\/b><\/h3>\n<p><span style=\"font-weight: 400;\">Este es otro paso crucial despu\u00e9s de una lesi\u00f3n, independientemente de su gravedad. No buscar atenci\u00f3n m\u00e9dica solo le dar\u00e1 a su empleador y a su compa\u00f1\u00eda de seguros una base legal para decir que su lesi\u00f3n o condici\u00f3n no es v\u00e1lida. Para aumentar sus posibilidades de obtener todos los beneficios, busque atenci\u00f3n m\u00e9dica lo antes posible.<\/span><\/p>\n<p><span style=\"font-weight: 400;\">Adem\u00e1s, tenga en cuenta que debe buscar tratamiento de uno de los m\u00e9dicos aprobados en el panel de m\u00e9dicos de su empleador. Recibir tratamiento de un m\u00e9dico diferente solo anular\u00e1 su reclamo por buscar beneficios de compensaci\u00f3n para trabajadores.<\/span><\/p>\n<h3><b>Presentar una reclamaci\u00f3n<\/b><\/h3>\n<p><span style=\"font-weight: 400;\">Si su reclamo es rechazado por el empleador o la compa\u00f1\u00eda de seguros, debe completar la petici\u00f3n de peticiones y enviarla a la Divisi\u00f3n de Compensaci\u00f3n para Trabajadores de Florida. Aseg\u00farese de entregar una copia del formulario al empleador y al proveedor de seguros.<\/span><\/p>\n<h3><b>Mantener registros<\/b><\/h3>\n<p><span style=\"font-weight: 400;\">Mantener los diversos informes en su reclamo es otra responsabilidad importante. P\u00eddale a su jefe una copia del informe que envi\u00f3 a la compa\u00f1\u00eda de seguros y aseg\u00farese de guardar una copia del formulario de petici\u00f3n de beneficios.<\/span><\/p>\n<h3><b>Mantener al empleador actualizado<\/b><\/h3>\n<p><span style=\"font-weight: 400;\">Adem\u00e1s, es importante que notifique a su jefe o su representante sobre cualquier cambio o desarrollo nuevo en su lesi\u00f3n o afecci\u00f3n, as\u00ed como el tratamiento. Por lo tanto, si su m\u00e9dico le pide que busque atenci\u00f3n m\u00e1s especializada o que se tome un tiempo libre, aseg\u00farese de informar al empleador.<\/span><\/p>\n<h2><b>\u00bfPor qu\u00e9 contratar a un abogado de indemnizaci\u00f3n laboral en Fort Myers?<\/b><\/h2>\n<p><span style=\"font-weight: 400;\">Antes de iniciar el proceso de reclamos, es aconsejable comunicarse con un abogado con experiencia en compensaci\u00f3n para trabajadores. El proceso de reclamos tiene muchos peligros potenciales y tener una representaci\u00f3n legal adecuada podr\u00eda ser de gran ayuda cuando se informa una lesi\u00f3n laboral en Fort Myers.<\/span><\/p>\n<h2><b>Llame a Work Injury Rights hoy para obtener ayuda para informar una lesi\u00f3n laboral en Fort Myers<\/b><\/h2>\n<p><span style=\"font-weight: 400;\">La compensaci\u00f3n para trabajadores es una forma vital de cobertura, no solo para los empleadores sino tambi\u00e9n para los empleados. Cubre los salarios perdidos y los gastos m\u00e9dicos despu\u00e9s de un accidente y tambi\u00e9n ayuda a las empresas a pagar el costo. Por eso es crucial comenzar el proceso de reclamos informando una lesi\u00f3n laboral en Fort Myers a un supervisor o gerente lo antes posible.<\/span><\/p>\n<p><span style=\"font-weight: 400;\">Aunque pueda parecer un proceso sencillo, no siempre es as\u00ed y puede haber discrepancias entre las partes involucradas. Al contratar a un abogado de compensaci\u00f3n para trabajadores en Fort Myers, puede evitar los peligros potenciales y obtener todos los beneficios que se merece. Llame a <\/span><a href=\"\/\"><span style=\"font-weight: 400;\">Work Injury Rights<\/span><\/a><span style=\"font-weight: 400;\"> al <a href=\"tel:+19543888616\">954-388-8616<\/a> hoy para obtener la mejor representaci\u00f3n al informar una lesi\u00f3n en el trabajo en Fort Myers.<\/span><\/p>\n","protected":false},"excerpt":{"rendered":"<p>Las enfermedades ocupacionales y los accidentes laborales no son infrecuentes en Florida, y es por eso que la compensaci\u00f3n para trabajadores es obligatoria para la mayor\u00eda de las empresas o empresas con al menos cuatro empleados. Tambi\u00e9n conocida como compensaci\u00f3n de trabajadores, esta es una pol\u00edtica impuesta por el gobierno que est\u00e1 destinada a proporcionar [&hellip;]<\/p>\n","protected":false},"author":29,"featured_media":0,"parent":5721,"menu_order":0,"comment_status":"closed","ping_status":"closed","template":"","meta":{"_acf_changed":false,"anchor_text":"","footnotes":""},"categories":[],"tags":[45,113,108],"class_list":["post-5723","page","type-page","status-publish","hentry","tag-workers-compensation","tag-workers-compensation-es-2","tag-workers-compensation-es"],"acf":[],"_links":{"self":[{"href":"https:\/\/workinjuryrights.com\/es\/wp-json\/wp\/v2\/pages\/5723","targetHints":{"allow":["GET"]}}],"collection":[{"href":"https:\/\/workinjuryrights.com\/es\/wp-json\/wp\/v2\/pages"}],"about":[{"href":"https:\/\/workinjuryrights.com\/es\/wp-json\/wp\/v2\/types\/page"}],"author":[{"embeddable":true,"href":"https:\/\/workinjuryrights.com\/es\/wp-json\/wp\/v2\/users\/29"}],"replies":[{"embeddable":true,"href":"https:\/\/workinjuryrights.com\/es\/wp-json\/wp\/v2\/comments?post=5723"}],"version-history":[{"count":7,"href":"https:\/\/workinjuryrights.com\/es\/wp-json\/wp\/v2\/pages\/5723\/revisions"}],"predecessor-version":[{"id":12669,"href":"https:\/\/workinjuryrights.com\/es\/wp-json\/wp\/v2\/pages\/5723\/revisions\/12669"}],"up":[{"embeddable":true,"href":"https:\/\/workinjuryrights.com\/es\/wp-json\/wp\/v2\/pages\/5721"}],"wp:attachment":[{"href":"https:\/\/workinjuryrights.com\/es\/wp-json\/wp\/v2\/media?parent=5723"}],"wp:term":[{"taxonomy":"category","embeddable":true,"href":"https:\/\/workinjuryrights.com\/es\/wp-json\/wp\/v2\/categories?post=5723"},{"taxonomy":"post_tag","embeddable":true,"href":"https:\/\/workinjuryrights.com\/es\/wp-json\/wp\/v2\/tags?post=5723"}],"curies":[{"name":"wp","href":"https:\/\/api.w.org\/{rel}","templated":true}]}}