{"id":5724,"date":"2021-08-16T18:01:31","date_gmt":"2021-08-16T18:01:31","guid":{"rendered":"https:\/\/workinjuryrights.com\/fort-myers\/workers-compensation-benefits\/"},"modified":"2021-10-05T17:09:41","modified_gmt":"2021-10-05T17:09:41","slug":"beneficios-laborales","status":"publish","type":"page","link":"https:\/\/workinjuryrights.com\/es\/fort-myers\/abogado-compensacion-laboral\/beneficios-laborales\/","title":{"rendered":"Beneficios de Compensaci\u00f3n Laboral en Fort Myers"},"content":{"rendered":"<p><span style=\"font-weight: 400;\">Cuando se lesiona en el trabajo, debe conocer los beneficios de compensaci\u00f3n para trabajadores en Fort Myers para reclamar la compensaci\u00f3n m\u00e1xima por sus lesiones. Las leyes de compensaci\u00f3n para trabajadores de Florida son complejas y requieren asistencia profesional para navegar el sistema con \u00e9xito. Un buen abogado de compensaci\u00f3n para trabajadores evaluar\u00e1 su reclamo y lo ayudar\u00e1 a recuperar los beneficios de compensaci\u00f3n para trabajadores en Fort Myers.<\/span><\/p>\n<p><span style=\"font-weight: 400;\">Fort Myers tiene docenas de bufetes de abogados de compensaci\u00f3n para trabajadores, pero todos estos bufetes no son de primera categor\u00eda. Su investigaci\u00f3n es crucial para elegir el abogado adecuado para manejar su reclamo y obtener las cuotas que le corresponden. Work Injury Rights cuenta con un equipo de primera categor\u00eda de abogados de compensaci\u00f3n para trabajadores con amplia experiencia.<\/span><\/p>\n<p><span style=\"font-weight: 400;\">Nuestros abogados experimentados se han ocupado de cientos de reclamaciones de este tipo en el pasado y han ganado millones de d\u00f3lares en compensaci\u00f3n en nombre de sus clientes. Tratamos a todos nuestros clientes como individuos y no solo como n\u00fameros. Nuestros abogados pueden ayudarlo a luchar por los derechos y la compensaci\u00f3n que se merece.<\/span><\/p>\n<p><span style=\"font-weight: 400;\">Comun\u00edquese hoy mismo con los <\/span><a href=\"https:\/\/workinjuryrights.com\/es\/fort-myers\/abogado-compensacion-laboral\/\"><span style=\"font-weight: 400;\">abogados con<\/span><span style=\"font-weight: 400;\"> experiencia en compensaci\u00f3n<\/span><\/a> para trabajadores de Fort Myers<span style=\"font-weight: 400;\"> de Work Injury Rights al <a href=\"tel:+19543888616\">954-388-8616<\/a> para evaluar sus reclamos por lesiones y obtener los beneficios m\u00e1ximos de compensaci\u00f3n para trabajadores en Fort Myers por sus lesiones en el lugar de trabajo.<\/span><\/p>\n<p><span style=\"font-weight: 400;\"><\/span><\/p>\n<h2><b>\u00bfCu\u00e1les son los l\u00edmites de ingresos de compensaci\u00f3n laboral de Florida?<\/b><\/h2>\n<p><span style=\"font-weight: 400;\">La ley de compensaci\u00f3n para trabajadores en Florida hace obligatorio que la mayor\u00eda de los empleadores que tienen m\u00e1s de cuatro trabajadores a tiempo parcial o completo tengan un seguro de compensaci\u00f3n para trabajadores para proteger a los trabajadores en caso de un accidente o enfermedad relacionada con el trabajo. De hecho, el seguro de compensaci\u00f3n para trabajadores no solo protege al empleado lesionado sino tambi\u00e9n al empleador.<\/span><\/p>\n<p><span style=\"font-weight: 400;\">Por ejemplo, si un empleado lesionado presenta un reclamo de responsabilidad contra el empleador para recuperar da\u00f1os por sus lesiones, el sistema de seguros proteger\u00e1 al empleador pagando honorarios judiciales, honorarios legales, honorarios m\u00e9dicos y pagos por discapacidad al trabajador lesionado. Estos pagos tambi\u00e9n se conocen como beneficios de compensaci\u00f3n para trabajadores en Fort Myers.<\/span><\/p>\n<p><span style=\"font-weight: 400;\">El empleador no tiene que pagar de su bolsillo por s\u00ed mismo gracias al sistema de seguro de compensaci\u00f3n para trabajadores. El empleador puede aumentar o disminuir los l\u00edmites del seguro de compensaci\u00f3n para trabajadores seg\u00fan las necesidades y el presupuesto de su negocio.<\/span><\/p>\n<p><span style=\"font-weight: 400;\">Estos son los l\u00edmites de ingresos de compensaci\u00f3n para trabajadores de Florida:<\/span><\/p>\n<ul>\n<li style=\"font-weight: 400;\" aria-level=\"1\"><span style=\"font-weight: 400;\">L\u00edmite de $500,000 en la p\u00f3liza por lesiones debido a infecciones<\/span><span style=\"font-weight: 400;\">\u00a0\u00a0\u00a0\u00a0\u00a0\u00a0<\/span><\/li>\n<li style=\"font-weight: 400;\" aria-level=\"1\"><span style=\"font-weight: 400;\">$100,000 por empleado por lesiones corporales debido a una infecci\u00f3n<\/span><span style=\"font-weight: 400;\">\u00a0\u00a0\u00a0\u00a0\u00a0\u00a0<\/span><\/li>\n<li style=\"font-weight: 400;\" aria-level=\"1\"><span style=\"font-weight: 400;\">$100,000 por ocurrencia por lesiones corporales.<\/span><span style=\"font-weight: 400;\">\u00a0\u00a0\u00a0\u00a0\u00a0\u00a0<\/span><\/li>\n<\/ul>\n<h2><b>\u00bfCu\u00e1les son los tipos de beneficios de compensaci\u00f3n laboral en Fort Myers?<\/b><\/h2>\n<p><span style=\"font-weight: 400;\">Los beneficios m\u00e9dicos son algunos de los beneficios de compensaci\u00f3n para trabajadores m\u00e1s importantes en Fort Myers, Florida. Un empleado lesionado no tiene que pagar de su bolsillo los gastos m\u00e9dicos relacionados con su lesi\u00f3n en el lugar de trabajo. El seguro de compensaci\u00f3n para trabajadores cubrir\u00e1 sus gastos m\u00e9dicos, incluidas las visitas al m\u00e9dico, los medicamentos, los gastos de ambulancia, los gastos de cirug\u00eda, la atenci\u00f3n m\u00e9dica de emergencia, la fisioterapia y los gastos de rehabilitaci\u00f3n.<\/span><\/p>\n<p><span style=\"font-weight: 400;\">Su empleador tendr\u00e1 un m\u00e9dico autorizado donde debe recibir tratamiento para sus lesiones en el lugar de trabajo. Nuestros abogados de compensaci\u00f3n de trabajadores representar\u00e1n su reclamo y no la compa\u00f1\u00eda de seguros. En el proceso, nos aseguraremos de que obtenga los beneficios de compensaci\u00f3n laboral que le corresponden en Fort Myers.<\/span><\/p>\n<p><a href=\"https:\/\/www.myfloridacfo.com\/Division\/WC\/Employee\/Benefits\/lost-wages.htm\" target=\"_blank\" rel=\"noopener\"><span style=\"font-weight: 400;\">Los beneficios por discapacidad<\/span><\/a><span style=\"font-weight: 400;\"> se clasifican como beneficios por discapacidad temporal y permanente. Si el empleado lesionado no puede trabajar de manera temporal o permanente, la compa\u00f1\u00eda de seguros pagar\u00e1 los beneficios por discapacidad correspondientes.<\/span><\/p>\n<p><span style=\"font-weight: 400;\">Hay cuatro tipos de beneficios por discapacidad, incluidos dos tipos de beneficios por discapacidad temporal y dos tipos de beneficios por discapacidad permanente:<\/span><\/p>\n<h3><b>Beneficios por discapacidad parcial temporal (TPD)<\/b><\/h3>\n<p><span style=\"font-weight: 400;\">Si su m\u00e9dico le dice que puede volver a trabajar con restricciones, tiene derecho a beneficios por discapacidad parcial temporal (TPD). Si gana menos de lo que ganaba antes, el TPD es el 80% de la diferencia entre sus ingresos actuales y el 80% de sus ingresos antes de sufrir la lesi\u00f3n.<\/span><\/p>\n<p><a href=\"https:\/\/workinjuryrights.com\/wp-content\/uploads\/2021\/08\/Workers-compensation-benefits-in-Fort-Myers-FL.jpg\"><img fetchpriority=\"high\" decoding=\"async\" class=\"alignnone size-full wp-image-3489\" src=\"https:\/\/workinjuryrights.com\/wp-content\/uploads\/2021\/08\/Workers-compensation-benefits-in-Fort-Myers-FL.jpg\" alt=\"Concept of workers' compensation benefits in Fort Myers\" width=\"500\" height=\"333\" srcset=\"https:\/\/workinjuryrights.com\/wp-content\/uploads\/2021\/08\/Workers-compensation-benefits-in-Fort-Myers-FL.jpg 500w, https:\/\/workinjuryrights.com\/wp-content\/uploads\/2021\/08\/Workers-compensation-benefits-in-Fort-Myers-FL-300x200.jpg 300w\" sizes=\"(max-width: 500px) 100vw, 500px\" \/><\/a><\/p>\n<h3><b>Beneficios por discapacidad total temporal (TTD)<\/b><\/h3>\n<p><span style=\"font-weight: 400;\">Los beneficios por discapacidad total temporal (TTD) generalmente tienen un l\u00edmite de $971 por semana en Florida. Usted es elegible para TTD si sus lesiones lo mantienen fuera del trabajo por m\u00e1s de 7 d\u00edas. Habr\u00e1 un per\u00edodo de espera de 7 d\u00edas antes de que los beneficios comiencen a surtir efecto. Pero si estuvo sin trabajo durante 21 d\u00edas, tambi\u00e9n puede reclamar el per\u00edodo de espera de 7 d\u00edas.<\/span><\/p>\n<p><span style=\"font-weight: 400;\">TTD se calcula a 2\/3 de su salario promedio semanal. Continuar\u00e1 recibiendo beneficios por discapacidad temporal hasta que su m\u00e9dico le diga que su condici\u00f3n no mejorar\u00e1 m\u00e1s y que haya alcanzado el MMM o la mejor\u00eda m\u00e9dica m\u00e1xima.<\/span><\/p>\n<h3><b>Beneficios por discapacidad parcial permanente (PPD)<\/b><\/h3>\n<p><span style=\"font-weight: 400;\">Los beneficios por discapacidad parcial permanente (PPD) se pagan cuando el trabajador lesionado ha alcanzado la mejor\u00eda m\u00e9dica m\u00e1xima o MMM. MMM es el estado donde la condici\u00f3n del trabajador lesionado ha mejorado tanto desde el punto de vista m\u00e9dico como ha sido posible. Su condici\u00f3n no mejorar\u00e1 m\u00e1s seg\u00fan su m\u00e9dico tratante.<\/span><\/p>\n<p><span style=\"font-weight: 400;\">En la mayor\u00eda de los casos, la compa\u00f1\u00eda de seguros resolver\u00e1 el reclamo de compensaci\u00f3n para trabajadores cuando el trabajador lesionado llegue a Fort Myers MMM.<\/span><\/p>\n<h3><b>Beneficios por discapacidad total permanente (PTD)<\/b><\/h3>\n<p><span style=\"font-weight: 400;\">Por otro lado, los beneficios por incapacidad total permanente se pagan cuando el m\u00e9dico tratante confirma que el empleado lesionado no puede trabajar en ning\u00fan puesto por el resto de su tiempo.<\/span><\/p>\n<p><span style=\"font-weight: 400;\">vida. El empleado recibir\u00e1 PTD durante toda su vida, ya que no podr\u00e1 volver a trabajar ni siquiera en un puesto diferente.<\/span><\/p>\n<h2><b>\u00bfC\u00f3mo se calculan los beneficios de compensaci\u00f3n para trabajadores en Florida?<\/b><\/h2>\n<p><span style=\"font-weight: 400;\">El salario semanal promedio o AWW juega un papel importante al calcular los beneficios de compensaci\u00f3n para trabajadores en Fort Myers, FL. Cuando el trabajador lleva m\u00e1s de un a\u00f1o en la empresa, se toma en consideraci\u00f3n la suma total de dinero recibido por el trabajador durante las \u00faltimas 52 semanas para calcular el AWW.<\/span><\/p>\n<p><span style=\"font-weight: 400;\">Si el empleado estuvo empleado por menos de un a\u00f1o, el pago total recibido por el empleado lesionado dividido por el n\u00famero de semanas se tomar\u00e1 en consideraci\u00f3n para calcular el AWW. Si el trabajador lesionado estuvo en la empresa por poco tiempo, se comparan los salarios de los trabajadores en una capacidad similar para calcular el AWW.<\/span><\/p>\n<h2><b>\u00bfSe gravan los beneficios de compensaci\u00f3n para trabajadores en Fort Myers?<\/b><\/h2>\n<p><span style=\"font-weight: 400;\">No, <\/span><a href=\"https:\/\/www.irs.gov\/pub\/irs-drop\/rr-04-55.pdf\" target=\"_blank\" rel=\"noopener\"><span style=\"font-weight: 400;\">los beneficios de compensaci\u00f3n para trabajadores<\/span><\/a><span style=\"font-weight: 400;\"> en Fort Myers no est\u00e1n sujetos a impuestos.<\/span><\/p>\n<h2><b>Perm\u00edtanos ayudarlo a obtener los m\u00e1ximos beneficios de compensaci\u00f3n para trabajadores en Fort Myers<\/b><\/h2>\n<p><span style=\"font-weight: 400;\">Cuando se lesiona en el trabajo en Fort Myers FL, tiene derecho a recibir una compensaci\u00f3n a trav\u00e9s del seguro de compensaci\u00f3n para trabajadores. Debe contratar al mejor abogado de la ciudad para manejar su reclamo a fin de recibir los beneficios m\u00e1ximos de compensaci\u00f3n para trabajadores en Fort Myers.<\/span><\/p>\n<p><span style=\"font-weight: 400;\">Comun\u00edquese hoy mismo con los abogados con experiencia en compensaci\u00f3n para trabajadores de <\/span><a href=\"\/\"><span style=\"font-weight: 400;\">Work Injury Rights<\/span><\/a><span style=\"font-weight: 400;\"> al <a href=\"tel:+19543888616\">954-388-8616<\/a> para evaluar su reclamo de compensaci\u00f3n para trabajadores y obtener los beneficios m\u00e1ximos por sus lesiones en el lugar de trabajo.<\/span><\/p>\n","protected":false},"excerpt":{"rendered":"<p>Cuando se lesiona en el trabajo, debe conocer los beneficios de compensaci\u00f3n para trabajadores en Fort Myers para reclamar la compensaci\u00f3n m\u00e1xima por sus lesiones. Las leyes de compensaci\u00f3n para trabajadores de Florida son complejas y requieren asistencia profesional para navegar el sistema con \u00e9xito. Un buen abogado de compensaci\u00f3n para trabajadores evaluar\u00e1 su reclamo [&hellip;]<\/p>\n","protected":false},"author":29,"featured_media":0,"parent":5721,"menu_order":0,"comment_status":"closed","ping_status":"closed","template":"","meta":{"_acf_changed":false,"anchor_text":"","footnotes":""},"categories":[],"tags":[113,108],"class_list":["post-5724","page","type-page","status-publish","hentry","tag-workers-compensation-es-2","tag-workers-compensation-es"],"acf":[],"_links":{"self":[{"href":"https:\/\/workinjuryrights.com\/es\/wp-json\/wp\/v2\/pages\/5724","targetHints":{"allow":["GET"]}}],"collection":[{"href":"https:\/\/workinjuryrights.com\/es\/wp-json\/wp\/v2\/pages"}],"about":[{"href":"https:\/\/workinjuryrights.com\/es\/wp-json\/wp\/v2\/types\/page"}],"author":[{"embeddable":true,"href":"https:\/\/workinjuryrights.com\/es\/wp-json\/wp\/v2\/users\/29"}],"replies":[{"embeddable":true,"href":"https:\/\/workinjuryrights.com\/es\/wp-json\/wp\/v2\/comments?post=5724"}],"version-history":[{"count":5,"href":"https:\/\/workinjuryrights.com\/es\/wp-json\/wp\/v2\/pages\/5724\/revisions"}],"predecessor-version":[{"id":6493,"href":"https:\/\/workinjuryrights.com\/es\/wp-json\/wp\/v2\/pages\/5724\/revisions\/6493"}],"up":[{"embeddable":true,"href":"https:\/\/workinjuryrights.com\/es\/wp-json\/wp\/v2\/pages\/5721"}],"wp:attachment":[{"href":"https:\/\/workinjuryrights.com\/es\/wp-json\/wp\/v2\/media?parent=5724"}],"wp:term":[{"taxonomy":"category","embeddable":true,"href":"https:\/\/workinjuryrights.com\/es\/wp-json\/wp\/v2\/categories?post=5724"},{"taxonomy":"post_tag","embeddable":true,"href":"https:\/\/workinjuryrights.com\/es\/wp-json\/wp\/v2\/tags?post=5724"}],"curies":[{"name":"wp","href":"https:\/\/api.w.org\/{rel}","templated":true}]}}