{"id":5725,"date":"2021-08-16T15:36:09","date_gmt":"2021-08-16T15:36:09","guid":{"rendered":"https:\/\/workinjuryrights.com\/fort-myers\/workers-compensation-claims-process\/"},"modified":"2022-02-04T16:18:50","modified_gmt":"2022-02-04T16:18:50","slug":"proceso-reclamaciones-indemnizacion-laboral","status":"publish","type":"page","link":"https:\/\/workinjuryrights.com\/es\/fort-myers\/abogado-compensacion-laboral\/proceso-reclamaciones-indemnizacion-laboral\/","title":{"rendered":"Proceso de Reclamos de Indemnizaci\u00f3n Laboral en Fort Myers"},"content":{"rendered":"<p><span style=\"font-weight: 400;\">Mucha gente est\u00e1 confundida sobre el proceso de reclamos de compensaci\u00f3n para trabajadores en Fort Myers. Cuando se lesiona en el trabajo en Fort Myers, Florida, tiene derecho a reclamar una compensaci\u00f3n del seguro de compensaci\u00f3n para trabajadores de su empleador.<\/span><\/p>\n<p><span style=\"font-weight: 400;\">De hecho, el estatuto de compensaci\u00f3n para trabajadores de Florida es complicado y requiere asistencia profesional para reclamar los m\u00e1ximos beneficios por sus lesiones. Con cientos de bufetes de abogados operando en el \u00e1rea de Fort Myers, elegir el mejor bufete no es f\u00e1cil. Su extensa investigaci\u00f3n es crucial para seleccionar el <\/span><a href=\"https:\/\/workinjuryrights.com\/es\/fort-myers\/abogado-compensacion-laboral\/\"><span style=\"font-weight: 400;\">abogado de compensaci\u00f3n de trabajadores<\/span><span style=\"font-weight: 400;\"> adecuado <\/span><span style=\"font-weight: 400;\">en Fort Myers<\/span><\/a><span style=\"font-weight: 400;\"> para manejar su reclamo.<\/span><\/p>\n<p><span style=\"font-weight: 400;\">Work Injury Rights es su socio de confianza para todos los casos de compensaci\u00f3n de trabajadores. Hemos servido a cientos de trabajadores lesionados en Fort Myers y hemos ganado millones de d\u00f3lares en su nombre a lo largo de los a\u00f1os de nuestro servicio.<\/span><\/p>\n<p><span style=\"font-weight: 400;\">El equipo de abogados y el personal siempre est\u00e1n dedicados a brindar a cada cliente servicios legales de alta calidad para el proceso de reclamos de compensaci\u00f3n para trabajadores en Fort Myers. Brindamos representaci\u00f3n personalizada a todos los clientes en Florida con numerosas oficinas en todo el oeste de Florida.<\/span><\/p>\n<p><span style=\"font-weight: 400;\">Si ha resultado lesionado en el trabajo en Fort Myers o en cualquier regi\u00f3n de Florida, puede confiar en nuestras sesiones de consulta gratuitas para saber si tiene un reclamo v\u00e1lido de compensaci\u00f3n para trabajadores en Florida. Cuando se lesiona en el trabajo y desea saber qu\u00e9 tipo de lesiones est\u00e1n cubiertas por el seguro de compensaci\u00f3n para trabajadores y c\u00f3mo comenzar el proceso de reclamos de compensaci\u00f3n para trabajadores en Fort Myers, Florida, llame a Work Injury Rights hoy mismo al <a href=\"tel:+19543888616\">954-388-8616<\/a>.<\/span><\/p>\n<p><span style=\"font-weight: 400;\"><\/span><\/p>\n<h2><b>\u00bfC\u00f3mo saber si mis lesiones est\u00e1n cubiertas por un reclamo de indemnizaci\u00f3n laboral?<\/b><\/h2>\n<p><span style=\"font-weight: 400;\">Aunque el seguro de compensaci\u00f3n para trabajadores cubre casi todas las lesiones y enfermedades relacionadas con el trabajo en Fort Myers, existen algunas excepciones al estatuto. Por ejemplo, si la lesi\u00f3n o enfermedad no est\u00e1 relacionada con el trabajo que realiza en su organizaci\u00f3n, su empleador o su proveedor de seguros pueden rechazar su reclamo.<\/span><\/p>\n<p><span style=\"font-weight: 400;\">La lesi\u00f3n debe estar relacionada con el tipo de trabajo que realiza y ocurri\u00f3 mientras realizaba el trabajo. Navegar por el proceso de reclamos de compensaci\u00f3n para trabajadores en Fort Myers puede ser confuso.<\/span><\/p>\n<p><span style=\"font-weight: 400;\">Si sus lesiones ocurren mientras est\u00e1 en el lugar de trabajo pero no est\u00e1 realizando su trabajo, dichas lesiones no est\u00e1n cubiertas por la ley de compensaci\u00f3n de trabajadores. Por ejemplo, si sufre un ataque card\u00edaco mientras almuerza en el lugar de trabajo, el seguro de compensaci\u00f3n para trabajadores no cubre la afecci\u00f3n.<\/span><\/p>\n<p><span style=\"font-weight: 400;\">Estas son algunas de las lesiones comunes relacionadas con el lugar de trabajo que est\u00e1n cubiertas por el seguro de compensaci\u00f3n para trabajadores:<\/span><\/p>\n<ul>\n<li style=\"font-weight: 400;\" aria-level=\"1\"><span style=\"font-weight: 400;\">Lesiones por resbalones y ca\u00eddas<\/span><span style=\"font-weight: 400;\">\u00a0\u00a0\u00a0\u00a0\u00a0\u00a0<\/span><\/li>\n<li style=\"font-weight: 400;\" aria-level=\"1\"><span style=\"font-weight: 400;\">P\u00e9rdida de la vista o la audici\u00f3n.<\/span><span style=\"font-weight: 400;\">\u00a0\u00a0\u00a0\u00a0\u00a0\u00a0<\/span><\/li>\n<li style=\"font-weight: 400;\" aria-level=\"1\"><span style=\"font-weight: 400;\">Amputaciones resultantes de operar equipos y maquinaria de trabajo pesado.<\/span><span style=\"font-weight: 400;\">\u00a0\u00a0\u00a0\u00a0\u00a0\u00a0<\/span><\/li>\n<li style=\"font-weight: 400;\" aria-level=\"1\"><span style=\"font-weight: 400;\">Lesiones cerebrales traum\u00e1ticas<\/span><span style=\"font-weight: 400;\">\u00a0\u00a0\u00a0\u00a0\u00a0\u00a0<\/span><\/li>\n<li style=\"font-weight: 400;\" aria-level=\"1\"><span style=\"font-weight: 400;\">Quemaduras por electrocuci\u00f3n y productos qu\u00edmicos.<\/span><span style=\"font-weight: 400;\">\u00a0\u00a0\u00a0\u00a0\u00a0\u00a0<\/span><\/li>\n<li style=\"font-weight: 400;\" aria-level=\"1\"><span style=\"font-weight: 400;\">Mesotelioma y c\u00e1ncer de pulm\u00f3n debido a la exposici\u00f3n prolongada al asbesto.<\/span><span style=\"font-weight: 400;\">\u00a0\u00a0\u00a0\u00a0\u00a0\u00a0<\/span><\/li>\n<li style=\"font-weight: 400;\" aria-level=\"1\"><span style=\"font-weight: 400;\">Asma y enfermedades neum\u00f3nicas graves<\/span><span style=\"font-weight: 400;\">\u00a0\u00a0\u00a0\u00a0\u00a0\u00a0<\/span><\/li>\n<\/ul>\n<p><span style=\"font-weight: 400;\">Aqu\u00ed hay algunas lesiones comunes que no est\u00e1n cubiertas por el seguro de compensaci\u00f3n para trabajadores en Florida:<\/span><\/p>\n<ul>\n<li style=\"font-weight: 400;\" aria-level=\"1\"><span style=\"font-weight: 400;\">Lesiones auto-infligidas por el empleado para reclamar una indemnizaci\u00f3n.<\/span><span style=\"font-weight: 400;\">\u00a0\u00a0\u00a0\u00a0\u00a0\u00a0<\/span><\/li>\n<li style=\"font-weight: 400;\" aria-level=\"1\"><span style=\"font-weight: 400;\">Lesiones que ocurren al pelear con otro trabajador.<\/span><span style=\"font-weight: 400;\">\u00a0\u00a0\u00a0\u00a0\u00a0\u00a0<\/span><\/li>\n<li style=\"font-weight: 400;\" aria-level=\"1\"><span style=\"font-weight: 400;\">Trabajar sin equipo de seguridad y lesionarse en el proceso<\/span><span style=\"font-weight: 400;\">\u00a0\u00a0\u00a0\u00a0\u00a0\u00a0<\/span><\/li>\n<li style=\"font-weight: 400;\" aria-level=\"1\"><span style=\"font-weight: 400;\">Lesionado bajo la influencia de alcohol o drogas.<\/span><span style=\"font-weight: 400;\">\u00a0\u00a0\u00a0\u00a0\u00a0\u00a0<\/span><\/li>\n<li style=\"font-weight: 400;\" aria-level=\"1\"><span style=\"font-weight: 400;\">Lesionado por no seguir las normas de seguridad establecidas por el empleador.<\/span><span style=\"font-weight: 400;\">\u00a0\u00a0\u00a0\u00a0\u00a0\u00a0<\/span><\/li>\n<\/ul>\n<p><span style=\"font-weight: 400;\">Cuando se lesiona en el trabajo y desea reclamar los beneficios m\u00e1ximos por sus lesiones, debe contratar al mejor abogado de compensaci\u00f3n para trabajadores en Fort Myers, FL. Los abogados de Work Injury Rights son su mejor opci\u00f3n para manejar el reclamo y obtener la m\u00e1xima compensaci\u00f3n por sus lesiones a trav\u00e9s del proceso de reclamos de compensaci\u00f3n para trabajadores en Fort Myers.<\/span><\/p>\n<p><a href=\"https:\/\/workinjuryrights.com\/wp-content\/uploads\/2021\/08\/Workers-compensation-claims-process-Fort-Myers-Florida.jpg\"><img fetchpriority=\"high\" decoding=\"async\" class=\"alignnone size-full wp-image-3418\" src=\"https:\/\/workinjuryrights.com\/wp-content\/uploads\/2021\/08\/Workers-compensation-claims-process-Fort-Myers-Florida.jpg\" alt=\"Form for workers' compensation claims process in Fort Myers, Florida\" width=\"500\" height=\"331\" srcset=\"https:\/\/workinjuryrights.com\/wp-content\/uploads\/2021\/08\/Workers-compensation-claims-process-Fort-Myers-Florida.jpg 500w, https:\/\/workinjuryrights.com\/wp-content\/uploads\/2021\/08\/Workers-compensation-claims-process-Fort-Myers-Florida-300x199.jpg 300w\" sizes=\"(max-width: 500px) 100vw, 500px\" \/><\/a><\/p>\n<h2><b>\u00bfCu\u00e1nto tiempo tengo para presentar y comenzar el proceso de reclamos de compensaci\u00f3n para trabajadores en Fort Myers?<\/b><\/h2>\n<p><span style=\"font-weight: 400;\">El primer paso es <\/span><a href=\"https:\/\/www.myfloridacfo.com\/division\/wc\/employee\/reportaclaim.htm\" target=\"_blank\" rel=\"noopener\"><span style=\"font-weight: 400;\">informar su lesi\u00f3n o enfermedad<\/span><\/a><span style=\"font-weight: 400;\"> al empleador o su representante. En Florida, tiene solo 30 d\u00edas para informar el accidente y las lesiones posteriores a su empleador y comenzar el proceso de reclamos de compensaci\u00f3n para trabajadores en Fort Myers.<\/span><\/p>\n<p><span style=\"font-weight: 400;\">Si la lesi\u00f3n o enfermedad se desarrolla con el tiempo, debe informar la lesi\u00f3n dentro de los 30 d\u00edas posteriores a descubrir su relaci\u00f3n con su trabajo.<\/span><\/p>\n<p><span style=\"font-weight: 400;\">El siguiente paso es presentar su reclamo con la ayuda de un abogado con experiencia en compensaci\u00f3n de trabajadores en Fort Myers FL. Tiene solo dos a\u00f1os a partir de la fecha de la lesi\u00f3n subyacente para presentar su reclamo en Fort Myers FL. Debe presentar la reclamaci\u00f3n lo antes posible para proteger la accesibilidad de las pruebas y los testigos.<\/span><\/p>\n<p><span style=\"font-weight: 400;\">Estos son factores importantes para probar su reclamo y obtener los m\u00e1ximos beneficios en el proceso. Comun\u00edquese con un abogado con experiencia en compensaci\u00f3n para trabajadores en Work Injury Rights para conocer sus opciones y el proceso de reclamos de compensaci\u00f3n para trabajadores en Fort Myers.<\/span><\/p>\n<h2><b>\u00bfC\u00f3mo presentar y comenzar el proceso de reclamos de indemnizaci\u00f3n laboral en Fort Myers, Florida?<\/b><\/h2>\n<p><span style=\"font-weight: 400;\">Cuando se lesiona en el trabajo, el primer paso es informar el incidente a su empleador o supervisor inmediato. Informe la lesi\u00f3n dentro de los 30 d\u00edas posteriores a la lesi\u00f3n en el trabajo. Debe proporcionar todos los detalles del incidente, incluido d\u00f3nde y cu\u00e1ndo ocurri\u00f3 el accidente, y las lesiones que sufri\u00f3 como resultado del accidente cuando comience el proceso de reclamos de compensaci\u00f3n para trabajadores en Fort Lauderdale.<\/span><\/p>\n<p><span style=\"font-weight: 400;\">No cumplir con el l\u00edmite de tiempo podr\u00eda hacer que sea imposible presentar su reclamo de WC en Florida. Por otro lado, tiene <\/span><span style=\"font-weight: 400;\">dos a\u00f1os<\/span>\u00a0<span style=\"font-weight: 400;\">a partir de la fecha de la lesi\u00f3n para presentar su reclamo de compensaci\u00f3n para trabajadores en Fort Myers. Debe completar el formulario de petici\u00f3n de beneficios y presentar el reclamo formal ante la Divisi\u00f3n de Compensaci\u00f3n para Trabajadores de Florida. Las autoridades aceptar\u00e1n o rechazar\u00e1n su reclamo y le notificar\u00e1n la decisi\u00f3n por escrito.<\/span><\/p>\n<p><span style=\"font-weight: 400;\">Contratar a un abogado confiable de compensaci\u00f3n para trabajadores en Fort Myers es la mejor manera de comprender el proceso de reclamos de compensaci\u00f3n para trabajadores en Fort Myers para reclamar los beneficios m\u00e1ximos por sus lesiones relacionadas con el trabajo. El equipo experimentado de Work Injury Rights es su mejor opci\u00f3n para presentar un reclamo de compensaci\u00f3n para trabajadores y obtener la compensaci\u00f3n m\u00e1xima por sus lesiones.<\/span><\/p>\n<h2><b>Podemos ayudarlo con el proceso de reclamos de compensaci\u00f3n para trabajadores en Fort Myers<\/b><\/h2>\n<p><span style=\"font-weight: 400;\">Cuando se lesiona en el trabajo, tiene derecho a reclamar los beneficios m\u00e1ximos por sus lesiones. La ley de compensaci\u00f3n de trabajadores en Florida es bastante complicada y requiere asistencia profesional para obtener los m\u00e1ximos beneficios por sus lesiones.<\/span><\/p>\n<p><span style=\"font-weight: 400;\">Con cientos de bufetes de abogados de compensaci\u00f3n de trabajadores que operan en el \u00e1rea de Fort Myer, elegir el mejor equipo no es f\u00e1cil. Su investigaci\u00f3n es crucial para elegir el proveedor de servicios adecuado para manejar su reclamo. <\/span><a href=\"\/\"><span style=\"font-weight: 400;\">Work Injury Rights<\/span><\/a><span style=\"font-weight: 400;\"> es un nombre confiable en Fort Myers, FL para todas sus reclamaciones de compensaci\u00f3n para trabajadores. Hemos manejado cientos de reclamos en el pasado y hemos ganado millones de d\u00f3lares en compensaci\u00f3n.<\/span><\/p>\n<p><span style=\"font-weight: 400;\">Cuando se lesiona en el trabajo y desea saber qu\u00e9 tipo de lesiones est\u00e1n cubiertas por el seguro de compensaci\u00f3n para trabajadores y c\u00f3mo navegar el proceso de reclamos de compensaci\u00f3n para trabajadores en Fort Myers, Florida, llame a Work Injury Rights hoy al <a href=\"tel:+19543888616\">954-388-8616<\/a>.<\/span><\/p>\n","protected":false},"excerpt":{"rendered":"<p>Mucha gente est\u00e1 confundida sobre el proceso de reclamos de compensaci\u00f3n para trabajadores en Fort Myers. Cuando se lesiona en el trabajo en Fort Myers, Florida, tiene derecho a reclamar una compensaci\u00f3n del seguro de compensaci\u00f3n para trabajadores de su empleador. De hecho, el estatuto de compensaci\u00f3n para trabajadores de Florida es complicado y requiere [&hellip;]<\/p>\n","protected":false},"author":29,"featured_media":0,"parent":5721,"menu_order":0,"comment_status":"closed","ping_status":"closed","template":"","meta":{"_acf_changed":false,"anchor_text":"","footnotes":""},"categories":[],"tags":[45,113,108],"class_list":["post-5725","page","type-page","status-publish","hentry","tag-workers-compensation","tag-workers-compensation-es-2","tag-workers-compensation-es"],"acf":[],"_links":{"self":[{"href":"https:\/\/workinjuryrights.com\/es\/wp-json\/wp\/v2\/pages\/5725","targetHints":{"allow":["GET"]}}],"collection":[{"href":"https:\/\/workinjuryrights.com\/es\/wp-json\/wp\/v2\/pages"}],"about":[{"href":"https:\/\/workinjuryrights.com\/es\/wp-json\/wp\/v2\/types\/page"}],"author":[{"embeddable":true,"href":"https:\/\/workinjuryrights.com\/es\/wp-json\/wp\/v2\/users\/29"}],"replies":[{"embeddable":true,"href":"https:\/\/workinjuryrights.com\/es\/wp-json\/wp\/v2\/comments?post=5725"}],"version-history":[{"count":6,"href":"https:\/\/workinjuryrights.com\/es\/wp-json\/wp\/v2\/pages\/5725\/revisions"}],"predecessor-version":[{"id":7698,"href":"https:\/\/workinjuryrights.com\/es\/wp-json\/wp\/v2\/pages\/5725\/revisions\/7698"}],"up":[{"embeddable":true,"href":"https:\/\/workinjuryrights.com\/es\/wp-json\/wp\/v2\/pages\/5721"}],"wp:attachment":[{"href":"https:\/\/workinjuryrights.com\/es\/wp-json\/wp\/v2\/media?parent=5725"}],"wp:term":[{"taxonomy":"category","embeddable":true,"href":"https:\/\/workinjuryrights.com\/es\/wp-json\/wp\/v2\/categories?post=5725"},{"taxonomy":"post_tag","embeddable":true,"href":"https:\/\/workinjuryrights.com\/es\/wp-json\/wp\/v2\/tags?post=5725"}],"curies":[{"name":"wp","href":"https:\/\/api.w.org\/{rel}","templated":true}]}}