{"id":5726,"date":"2021-08-16T15:55:51","date_gmt":"2021-08-16T15:55:51","guid":{"rendered":"https:\/\/workinjuryrights.com\/fort-myers\/workers-compensation-disputes-in-fort-myers\/"},"modified":"2022-02-04T16:16:45","modified_gmt":"2022-02-04T16:16:45","slug":"disputas","status":"publish","type":"page","link":"https:\/\/workinjuryrights.com\/es\/fort-myers\/abogado-compensacion-laboral\/disputas\/","title":{"rendered":"Disputas de Compensaci\u00f3n Laboral en Fort Myers"},"content":{"rendered":"<p><span style=\"font-weight: 400;\">\u00bfSu reclamo por lesiones enfrenta disputas de compensaci\u00f3n laboral en Fort Myers por parte de su empleador o la compa\u00f1\u00eda de seguros? Si es as\u00ed, debe trabajar con un abogado de buena reputaci\u00f3n con experiencia en el manejo de disputas de compensaci\u00f3n para trabajadores en Fort Myers.<\/span><\/p>\n<p><span style=\"font-weight: 400;\">Una lesi\u00f3n grave en el lugar de trabajo puede poner en riesgo su salud y su estabilidad financiera a largo plazo. Cuando se lesiona en el trabajo, tiene derecho a reclamar una compensaci\u00f3n del sistema de seguro de compensaci\u00f3n de trabajadores del empleador. Pero su empleador o la compa\u00f1\u00eda de seguros pueden disputar o negar su reclamo por muchas razones.<\/span><\/p>\n<p><span style=\"font-weight: 400;\">Con cientos de abogados de compensaci\u00f3n de trabajadores operando en el \u00e1rea de Fort Myers, elegir al mejor abogado no es f\u00e1cil. Su extensa investigaci\u00f3n juega un papel crucial en la selecci\u00f3n del candidato adecuado para manejar su reclamo de compensaci\u00f3n para trabajadores.<\/span><\/p>\n<p><span style=\"font-weight: 400;\">Work Injury Rights es su socio de confianza en Fort Myers para manejar su reclamo y obtener los m\u00e1ximos beneficios en el proceso. Hemos tratado cientos de reclamos similares en el pasado y hemos ganado millones de d\u00f3lares en compensaci\u00f3n en nombre de los clientes.<\/span><\/p>\n<p><span style=\"font-weight: 400;\">Nuestro equipo de abogados con experiencia en compensaci\u00f3n para trabajadores tiene las habilidades, el conocimiento y la experiencia adecuados para manejar su reclamo y obtener los m\u00e1ximos beneficios por sus lesiones. Nuestro enfoque principal es la ley de compensaci\u00f3n para trabajadores, lo que nos convierte en un candidato l\u00edder para manejar su disputa de compensaci\u00f3n para trabajadores en Fort Myers, Florida.<\/span><\/p>\n<p><span style=\"font-weight: 400;\">Comun\u00edquese con Work Injury Rights hoy mismo al <a href=\"tel:+19543888616\">954-388-8616<\/a> para programar una consulta gratuita con un <\/span><a href=\"https:\/\/workinjuryrights.com\/es\/fort-myers\/abogado-compensacion-laboral\/\"><span style=\"font-weight: 400;\">abogado de compensaci\u00f3n para trabajadores de Fort Myers<\/span><\/a><span style=\"font-weight: 400;\"> .<\/span><\/p>\n<p><span style=\"font-weight: 400;\"><\/span><\/p>\n<h2><b>\u00bfCu\u00e1les son las causas de las disputas por compensaci\u00f3n laboral en Fort Myers?<\/b><\/h2>\n<p><span style=\"font-weight: 400;\">Aunque el seguro de compensaci\u00f3n para trabajadores est\u00e1 dise\u00f1ado para compensar a los trabajadores lesionados en Fort Myers, no significa que la compa\u00f1\u00eda de seguros aprobar\u00e1 autom\u00e1ticamente su reclamo. Su empleador o la compa\u00f1\u00eda de seguros pueden disputar o negar completamente su reclamo leg\u00edtimo por muchas razones.<\/span><\/p>\n<p><span style=\"font-weight: 400;\">Existen numerosas razones para que un empleador o el proveedor de seguros nieguen o impugnen su reclamo de compensaci\u00f3n para trabajadores en Fort Myers FL:<\/span><\/p>\n<h3><b>Estado de Empleo<\/b><\/h3>\n<p><span style=\"font-weight: 400;\">Deber\u00eda lesionarse en el lugar de trabajo mientras realiza su trabajo para reclamar los beneficios del seguro de compensaci\u00f3n para trabajadores. Muchos trabajadores cometen el error de esperar hasta ser despedidos para presentar el reclamo. Si espera hasta que lo despidan o lo despidan para presentar el reclamo, su empleador o su compa\u00f1\u00eda de seguros pueden disputar o rechazar su reclamo f\u00e1cilmente. La mejor manera de presentar su reclamo es hacerlo tan pronto como se lesione en el trabajo.<\/span><\/p>\n<h3><b>Sin testigos<\/b><\/h3>\n<p><span style=\"font-weight: 400;\">Si no hay testigos presenciales del accidente en el lugar de trabajo, su empleador o su proveedor de seguros pueden f\u00e1cilmente disputar su reclamo.<\/span><\/p>\n<h3><b>Plazos perdidos<\/b><\/h3>\n<p><span style=\"font-weight: 400;\">Tiene 30 d\u00edas desde la fecha del accidente para notificar al empleador o su representante sobre las lesiones que ha sufrido como consecuencia del incidente. Aseg\u00farese de informar el incidente al empleador dentro del plazo correspondiente para evitar cualquier disputa de compensaci\u00f3n laboral con la compa\u00f1\u00eda de seguros.<\/span><\/p>\n<h3><b>Alcance externo del empleo<\/b><\/h3>\n<p><span style=\"font-weight: 400;\">Si las lesiones ocurrieron fuera del alcance de su empleo, la compa\u00f1\u00eda de seguros puede negar o disputar f\u00e1cilmente su reclamo. La lesi\u00f3n debe ocurrir en el lugar de trabajo mientras realiza el trabajo que le asign\u00f3 el empleador. Deber\u00eda haber seguido todas las normas de seguridad establecidas por la empresa y llevar todo el equipo de seguridad al realizar su trabajo. De lo contrario, la compa\u00f1\u00eda de seguros puede rechazar o disputar su reclamo.<\/span><\/p>\n<h2><b>\u00bfQu\u00e9 debe hacer si se rechaza su reclamo de indemnizaci\u00f3n laboral en Fort Myers, Florida?<\/b><\/h2>\n<p><span style=\"font-weight: 400;\">El empleador o su proveedor de seguros pueden disputar o rechazar las reclamaciones de compensaci\u00f3n para trabajadores en Fort Myers por diferentes razones. Tiene derecho a apelar la denegaci\u00f3n ante la <\/span><a href=\"https:\/\/www.jcc.state.fl.us\/jcc\/\" target=\"_blank\" rel=\"noopener\"><span style=\"font-weight: 400;\">Oficina de Jueces de Reclamaciones de Compensaci\u00f3n (OJCC)<\/span><\/a><span style=\"font-weight: 400;\"> . Todo lo que necesita hacer es presentar su apelaci\u00f3n con la ayuda de un abogado de compensaci\u00f3n laboral profesional y con experiencia en Fort Myers FL. Una vez que env\u00ede la apelaci\u00f3n, la OJCC organizar\u00e1 una mediaci\u00f3n informal para resolver su reclamo de compensaci\u00f3n para trabajadores.<\/span><\/p>\n<p><span style=\"font-weight: 400;\">Si el reclamo no se resuelve durante el proceso de mediaci\u00f3n, tiene derecho a solicitar una audiencia previa al juicio. Debe <\/span><span style=\"font-weight: 400;\">presentar una petici\u00f3n de beneficios dentro de los dos a\u00f1os<\/span>.<\/p>\n<p><a href=\"https:\/\/workinjuryrights.com\/wp-content\/uploads\/2021\/08\/workers-compensation-disputes-in-Fort-Myers-FL.jpg\"><img fetchpriority=\"high\" decoding=\"async\" class=\"alignnone size-full wp-image-3460\" src=\"https:\/\/workinjuryrights.com\/wp-content\/uploads\/2021\/08\/workers-compensation-disputes-in-Fort-Myers-FL.jpg\" alt=\"Concept of workers' compensation disputes in Fort Myers, denied work injury claim\" width=\"500\" height=\"375\" srcset=\"https:\/\/workinjuryrights.com\/wp-content\/uploads\/2021\/08\/workers-compensation-disputes-in-Fort-Myers-FL.jpg 500w, https:\/\/workinjuryrights.com\/wp-content\/uploads\/2021\/08\/workers-compensation-disputes-in-Fort-Myers-FL-300x225.jpg 300w\" sizes=\"(max-width: 500px) 100vw, 500px\" \/><\/a><\/p>\n<p><span style=\"font-weight: 400;\">Lo m\u00e1s importante es trabajar con un abogado confiable de compensaci\u00f3n para trabajadores de Work Injury Rights para manejar con \u00e9xito su reclamo y obtener los m\u00e1ximos beneficios por sus lesiones y salarios perdidos. Nuestro equipo de abogados de compensaci\u00f3n para trabajadores est\u00e1 listo para ayudarlo a obtener la compensaci\u00f3n que le corresponde por las lesiones que ha sufrido como resultado del accidente en el lugar de trabajo.<\/span><\/p>\n<h2><b>\u00bfCu\u00e1les son algunos de los tipos de disputas por compensaci\u00f3n laboral?<\/b><\/h2>\n<p><span style=\"font-weight: 400;\">Hay dos tipos principales de disputas por compensaci\u00f3n laboral.<\/span><\/p>\n<h3><b>Disputas m\u00e9dicas<\/b><\/h3>\n<p><span style=\"font-weight: 400;\">Las disputas m\u00e9dicas son algunas de las disputas de compensaci\u00f3n laboral m\u00e1s comunes en Fort Myers. Las disputas m\u00e9dicas ocurren por opiniones y hechos m\u00e9dicos sobre c\u00f3mo se debe tratar al trabajador lesionado. Por ejemplo, las disputas m\u00e9dicas pueden incluir cirug\u00edas, tratamientos y otros servicios m\u00e9dicos denegados. Un buen abogado puede negociar con el m\u00e9dico autorizado y resolver la mayor\u00eda de estas disputas.<\/span><\/p>\n<h3><b>Reclamar disputas<\/b><\/h3>\n<p><span style=\"font-weight: 400;\">Las disputas de reclamos involucran c\u00f3mo se procesa su reclamo de WC en Fort Myers FL. El alcance de sus lesiones puede afectar la forma en que la compa\u00f1\u00eda de seguros decide pagar una compensaci\u00f3n por sus lesiones. Por ejemplo, la compa\u00f1\u00eda de seguros considerar\u00e1 c\u00f3mo las lesiones afectan las diferentes partes de su cuerpo y su salud en general.<\/span><\/p>\n<p><span style=\"font-weight: 400;\">Las disputas por discapacidad ocurren cuando la compa\u00f1\u00eda de seguros intenta determinar c\u00f3mo sus lesiones afectan su capacidad de generar ingresos. De hecho, el salario semanal promedio es una parte crucial del c\u00e1lculo de sus beneficios por discapacidad a lo largo del tiempo.<\/span><\/p>\n<h2><b>\u00bfQu\u00e9 es el Proceso de Apelaciones y Disputas de Compensaci\u00f3n para Trabajadores en Florida?<\/b><\/h2>\n<p><span style=\"font-weight: 400;\">Cuando el empleador o su compa\u00f1\u00eda de seguros niega o disputa su reclamo de compensaci\u00f3n para trabajadores en Fort Myers, puede impugnar su decisi\u00f3n apelando formalmente ante la Oficina de Jueces de Reclamaciones de Compensaci\u00f3n (OJCC). Las autoridades notificar\u00e1n a la compa\u00f1\u00eda de seguros sobre su apelaci\u00f3n. De hecho, el proveedor de seguros debe pagar su compensaci\u00f3n o informar a la OCJJ dentro de los 14 d\u00edas.<\/span><\/p>\n<h2><b>Comun\u00edquese con Derechos de Lesiones Laborales para una consulta gratuita<\/b><\/h2>\n<p><span style=\"font-weight: 400;\">\u00bfEst\u00e1 experimentando una disputa de compensaci\u00f3n laboral en Fort Myers? Si es as\u00ed, debe contratar al mejor abogado de compensaci\u00f3n para trabajadores de la ciudad para que se encargue de su apelaci\u00f3n. Comun\u00edquese con <\/span><a href=\"\/\"><span style=\"font-weight: 400;\">Work Injury Rights<\/span><\/a><span style=\"font-weight: 400;\"> hoy mismo al <a href=\"tel:+19543888616\">954-388-8616<\/a> para manejar su reclamo de compensaci\u00f3n para trabajadores en Fort Myers, FL, y obtener los m\u00e1ximos beneficios en el proceso.<\/span><\/p>\n<p><span style=\"font-weight: 400;\">Ofrecemos una consulta inicial gratuita y usted no paga nada a menos que ganemos su caso.<\/span><\/p>\n","protected":false},"excerpt":{"rendered":"<p>\u00bfSu reclamo por lesiones enfrenta disputas de compensaci\u00f3n laboral en Fort Myers por parte de su empleador o la compa\u00f1\u00eda de seguros? Si es as\u00ed, debe trabajar con un abogado de buena reputaci\u00f3n con experiencia en el manejo de disputas de compensaci\u00f3n para trabajadores en Fort Myers. Una lesi\u00f3n grave en el lugar de trabajo [&hellip;]<\/p>\n","protected":false},"author":29,"featured_media":0,"parent":5721,"menu_order":0,"comment_status":"closed","ping_status":"closed","template":"","meta":{"_acf_changed":false,"anchor_text":"","footnotes":""},"categories":[],"tags":[45,113,108],"class_list":["post-5726","page","type-page","status-publish","hentry","tag-workers-compensation","tag-workers-compensation-es-2","tag-workers-compensation-es"],"acf":[],"_links":{"self":[{"href":"https:\/\/workinjuryrights.com\/es\/wp-json\/wp\/v2\/pages\/5726","targetHints":{"allow":["GET"]}}],"collection":[{"href":"https:\/\/workinjuryrights.com\/es\/wp-json\/wp\/v2\/pages"}],"about":[{"href":"https:\/\/workinjuryrights.com\/es\/wp-json\/wp\/v2\/types\/page"}],"author":[{"embeddable":true,"href":"https:\/\/workinjuryrights.com\/es\/wp-json\/wp\/v2\/users\/29"}],"replies":[{"embeddable":true,"href":"https:\/\/workinjuryrights.com\/es\/wp-json\/wp\/v2\/comments?post=5726"}],"version-history":[{"count":7,"href":"https:\/\/workinjuryrights.com\/es\/wp-json\/wp\/v2\/pages\/5726\/revisions"}],"predecessor-version":[{"id":7694,"href":"https:\/\/workinjuryrights.com\/es\/wp-json\/wp\/v2\/pages\/5726\/revisions\/7694"}],"up":[{"embeddable":true,"href":"https:\/\/workinjuryrights.com\/es\/wp-json\/wp\/v2\/pages\/5721"}],"wp:attachment":[{"href":"https:\/\/workinjuryrights.com\/es\/wp-json\/wp\/v2\/media?parent=5726"}],"wp:term":[{"taxonomy":"category","embeddable":true,"href":"https:\/\/workinjuryrights.com\/es\/wp-json\/wp\/v2\/categories?post=5726"},{"taxonomy":"post_tag","embeddable":true,"href":"https:\/\/workinjuryrights.com\/es\/wp-json\/wp\/v2\/tags?post=5726"}],"curies":[{"name":"wp","href":"https:\/\/api.w.org\/{rel}","templated":true}]}}