{"id":5728,"date":"2021-08-15T17:20:15","date_gmt":"2021-08-15T17:20:15","guid":{"rendered":"https:\/\/workinjuryrights.com\/ubicacion-de-la-lesion\/auto\/"},"modified":"2021-09-27T23:38:02","modified_gmt":"2021-09-27T23:38:02","slug":"auto","status":"publish","type":"page","link":"https:\/\/workinjuryrights.com\/es\/ubicacion-de-la-lesion\/auto\/","title":{"rendered":"Auto"},"content":{"rendered":"<style>.practice-areas{display:none;}<\/style>\n<p><span style=\"font-weight: 400;\">Si bien muchos accidentes relacionados con el trabajo ocurren en un lugar de trabajo, como un sitio de construcci\u00f3n, una oficina o una tienda, los accidentes automovil\u00edsticos son una de las principales causas de lesiones laborales. Si se lesion\u00f3 en un accidente automovil\u00edstico mientras viajaba en un veh\u00edculo o conduc\u00eda por razones relacionadas con el trabajo, puede ser elegible para los beneficios de compensaci\u00f3n para trabajadores.<\/span><\/p>\n<p><span style=\"font-weight: 400;\">Cuando su accidente automovil\u00edstico est\u00e1 relacionado con el trabajo, no importa si usted tuvo la culpa del accidente o contribuy\u00f3 al accidente. En Work Injury Rights, tenemos 45 a\u00f1os de experiencia combinada representando a trabajadores de Florida lesionados en accidentes automovil\u00edsticos en el trabajo. P\u00f3ngase en contacto con nuestros <\/span><a href=\"https:\/\/workinjuryrights.com\/coral-springs\/workers-compensation-lawyer\/\"><span style=\"font-weight: 400;\">abogados de compensaci\u00f3n para trabajadores<\/span><\/a><span style=\"font-weight: 400;\"> hoy para programar su consulta gratuita.<\/span><\/p>\n<p><span style=\"font-weight: 400;\"> <\/span><\/p>\n<h2><b>\u00bfCu\u00e1ndo est\u00e1 cubierto por la indemnizaci\u00f3n laboral en Florida un accidente automovil\u00edstico?<\/b><\/h2>\n<p><span style=\"font-weight: 400;\">No todas las lesiones y accidentes est\u00e1n cubiertos por la compensaci\u00f3n de trabajadores. Para que sus lesiones est\u00e9n cubiertas, deben haber ocurrido durante el alcance de su trabajo. En otras palabras, estaba realizando tareas relacionadas con su trabajo cuando ocurri\u00f3 el accidente.<\/span><\/p>\n<p><span style=\"font-weight: 400;\">Puede ser elegible para los beneficios de compensaci\u00f3n para trabajadores si se lesion\u00f3 mientras viajaba o conduc\u00eda un veh\u00edculo con fines relacionados con el trabajo. Esto incluye:<\/span><\/p>\n<ul>\n<li><span style=\"font-weight: 400;\"> Realizaci\u00f3n de entregas<\/span><\/li>\n<li><span style=\"font-weight: 400;\"> Viajar por una raz\u00f3n relacionada con el trabajo remunerado<\/span><\/li>\n<li><span style=\"font-weight: 400;\"> Conducir a otro empleado por motivos laborales<\/span><\/li>\n<li><span style=\"font-weight: 400;\"> Conducir entre lugares de trabajo<\/span><\/li>\n<li><span style=\"font-weight: 400;\"> Hacer un recado relacionado con el trabajo.<\/span><\/li>\n<\/ul>\n<p><span style=\"font-weight: 400;\">Tambi\u00e9n puede calificar para la compensaci\u00f3n de trabajadores si sus responsabilidades y deberes principales implican conducir, como un conductor de cami\u00f3n. Tambi\u00e9n puede calificar si es un trabajador remoto pagado por el tiempo de viaje si se lesiona en un accidente durante el viaje.<\/span><\/p>\n<p><span style=\"font-weight: 400;\">Si no est\u00e1 seguro de recibir beneficios por sufrir un accidente automovil\u00edstico durante la pausa del almuerzo u otro escenario, comun\u00edquese hoy mismo con nuestros abogados con experiencia en lesiones laborales.<\/span><\/p>\n<p><a href=\"https:\/\/workinjuryrights.com\/wp-content\/uploads\/2021\/09\/car-auto-accident-workers-comp-florida.jpg\"><img fetchpriority=\"high\" decoding=\"async\" class=\"alignnone wp-image-3637 size-full\" src=\"https:\/\/workinjuryrights.com\/wp-content\/uploads\/2021\/09\/car-auto-accident-workers-comp-florida.jpg\" alt=\"Work-related auto accident, concept of Florida workers' compensation\" width=\"500\" height=\"333\" srcset=\"https:\/\/workinjuryrights.com\/wp-content\/uploads\/2021\/09\/car-auto-accident-workers-comp-florida.jpg 500w, https:\/\/workinjuryrights.com\/wp-content\/uploads\/2021\/09\/car-auto-accident-workers-comp-florida-300x200.jpg 300w\" sizes=\"(max-width: 500px) 100vw, 500px\" \/><\/a><\/p>\n<h2><b>\u00bfImporta la culpa en un reclamo por accidente automovil\u00edstico de compensaci\u00f3n para trabajadores?<\/b><\/h2>\n<p><span style=\"font-weight: 400;\">Cuando se presenta una demanda contra otro conductor por un accidente, la culpa es crucial. Seg\u00fan las leyes de negligencia comparativa de Florida, la culpa se calcula como un porcentaje. Si se le encuentra parcialmente culpable de un accidente, los da\u00f1os que reciba pueden reducirse directamente.<\/span><\/p>\n<p><span style=\"font-weight: 400;\">La compensaci\u00f3n para los trabajadores es muy diferente. Este sistema no es un caso civil, es un sistema de seguro sin culpa. Seg\u00fan <\/span><a href=\"https:\/\/www.myfloridacfo.com\/Division\/WC\/\" target=\"_blank\" rel=\"noopener\"><span style=\"font-weight: 400;\">la compensaci\u00f3n para trabajadores en Florida<\/span><\/a><span style=\"font-weight: 400;\"> , no es necesario que demuestre que otra persona tuvo la culpa de sus lesiones. A\u00fan puede calificar para los beneficios incluso si fue responsable del accidente, siempre y cuando condujera por motivos relacionados con el trabajo.<\/span><\/p>\n<h2><b>Reclamaciones de terceros y accidentes automovil\u00edsticos<\/b><\/h2>\n<p><span style=\"font-weight: 400;\">Tambi\u00e9n puede tener un reclamo contra un tercero adem\u00e1s de la compensaci\u00f3n para trabajadores si otro conductor caus\u00f3 el accidente. Esto puede aumentar la compensaci\u00f3n que puede recibir por sus lesiones, pero puede ser un desaf\u00edo presentar ambas reclamaciones.<\/span><\/p>\n<p><span style=\"font-weight: 400;\">Con un reclamo de terceros, deber\u00e1 demostrar que el <\/span><a href=\"https:\/\/www.americanbar.org\/groups\/public_education\/resources\/law_issues_for_consumers\/negligence_liability\/\" target=\"_blank\" rel=\"noopener\"><span style=\"font-weight: 400;\">otro conductor tuvo la culpa<\/span><\/a><span style=\"font-weight: 400;\"> . La aseguradora de compensaci\u00f3n para trabajadores de su empleador tendr\u00e1 derecho al reembolso de una parte de los beneficios de compensaci\u00f3n para trabajadores que reciba si se recupera de un tercero.<\/span><\/p>\n<h2><b>Programe una consulta gratuita con nuestros abogados de lesiones laborales hoy mismo<\/b><\/h2>\n<p><span style=\"font-weight: 400;\">\u00bfLesionado en un accidente automovil\u00edstico en el trabajo? No tiene que pasar solo por el complicado proceso de reclamos de compensaci\u00f3n para trabajadores. Si est\u00e1 listo para hacer un reclamo o su reclamo ya ha sido denegado, WorkInjuryRights.Com \u2122 est\u00e1 aqu\u00ed para ayudarlo.<\/span><\/p>\n<p><span style=\"font-weight: 400;\">Nuestros<\/span><a href=\"https:\/\/workinjuryrights.com\/\"><span style=\"font-weight: 400;\"> abogados de compensaci\u00f3n laboral<\/span><\/a><span style=\"font-weight: 400;\"> representan a los trabajadores lesionados en toda Florida con consultas gratuitas. No paga nada a menos que obtengamos un premio del jurado o un acuerdo en su nombre. Cont\u00e1ctenos hoy para programar una consulta gratuita para revisar su reclamo.<\/span><\/p>\n","protected":false},"excerpt":{"rendered":"<p>Si bien muchos accidentes relacionados con el trabajo ocurren en un lugar de trabajo, como un sitio de construcci\u00f3n, una oficina o una tienda, los accidentes automovil\u00edsticos son una de las principales causas de lesiones laborales. Si se lesion\u00f3 en un accidente automovil\u00edstico mientras viajaba en un veh\u00edculo o conduc\u00eda por razones relacionadas con el [&hellip;]<\/p>\n","protected":false},"author":36,"featured_media":0,"parent":5389,"menu_order":0,"comment_status":"closed","ping_status":"closed","template":"","meta":{"_acf_changed":false,"anchor_text":"","footnotes":""},"categories":[],"tags":[],"class_list":["post-5728","page","type-page","status-publish","hentry"],"acf":[],"_links":{"self":[{"href":"https:\/\/workinjuryrights.com\/es\/wp-json\/wp\/v2\/pages\/5728","targetHints":{"allow":["GET"]}}],"collection":[{"href":"https:\/\/workinjuryrights.com\/es\/wp-json\/wp\/v2\/pages"}],"about":[{"href":"https:\/\/workinjuryrights.com\/es\/wp-json\/wp\/v2\/types\/page"}],"author":[{"embeddable":true,"href":"https:\/\/workinjuryrights.com\/es\/wp-json\/wp\/v2\/users\/36"}],"replies":[{"embeddable":true,"href":"https:\/\/workinjuryrights.com\/es\/wp-json\/wp\/v2\/comments?post=5728"}],"version-history":[{"count":2,"href":"https:\/\/workinjuryrights.com\/es\/wp-json\/wp\/v2\/pages\/5728\/revisions"}],"predecessor-version":[{"id":6158,"href":"https:\/\/workinjuryrights.com\/es\/wp-json\/wp\/v2\/pages\/5728\/revisions\/6158"}],"up":[{"embeddable":true,"href":"https:\/\/workinjuryrights.com\/es\/wp-json\/wp\/v2\/pages\/5389"}],"wp:attachment":[{"href":"https:\/\/workinjuryrights.com\/es\/wp-json\/wp\/v2\/media?parent=5728"}],"wp:term":[{"taxonomy":"category","embeddable":true,"href":"https:\/\/workinjuryrights.com\/es\/wp-json\/wp\/v2\/categories?post=5728"},{"taxonomy":"post_tag","embeddable":true,"href":"https:\/\/workinjuryrights.com\/es\/wp-json\/wp\/v2\/tags?post=5728"}],"curies":[{"name":"wp","href":"https:\/\/api.w.org\/{rel}","templated":true}]}}