{"id":5729,"date":"2021-08-15T17:21:39","date_gmt":"2021-08-15T17:21:39","guid":{"rendered":"https:\/\/workinjuryrights.com\/ubicacion-de-la-lesion\/construction-site\/"},"modified":"2023-08-22T09:22:10","modified_gmt":"2023-08-22T14:22:10","slug":"sitio-de-construccion","status":"publish","type":"page","link":"https:\/\/workinjuryrights.com\/es\/ubicacion-de-la-lesion\/sitio-de-construccion\/","title":{"rendered":"Sitio de construcci\u00f3n"},"content":{"rendered":"<style>.practice-areas{display:none;}<\/style>\n<p><span style=\"font-weight: 400;\">Los sitios de construcci\u00f3n son uno de los entornos de trabajo m\u00e1s peligrosos de los Estados Unidos. Cada a\u00f1o, hay alrededor de 150,000 lesiones en sitios de construcci\u00f3n en los Estados Unidos. La construcci\u00f3n tambi\u00e9n representa el 21% de las muertes en el lugar de trabajo de la industria privada.<\/span><\/p>\n<p><span style=\"font-weight: 400;\">Si ha resultado lesionado en un sitio de construcci\u00f3n, puede tener derecho a beneficios a trav\u00e9s del sistema de compensaci\u00f3n para trabajadores. Otras partes tambi\u00e9n pueden ser responsables de sus lesiones, incluidos los fabricantes de productos defectuosos y los contratistas externos.<\/span><\/p>\n<p><span style=\"font-weight: 400;\">En Work Injury Rights, tenemos m\u00e1s de 45 a\u00f1os de experiencia representando a trabajadores lesionados en toda Florida. Comun\u00edquese con nuestra firma hoy mismo para una consulta gratuita y revisar su reclamo por lesiones en el sitio de construcci\u00f3n.<\/span><\/p>\n<h2><b>Lesiones comunes en sitios de construcci\u00f3n en Florida<\/b><\/h2>\n<p><span style=\"font-weight: 400;\">Los sitios de construcci\u00f3n son intr\u00ednsecamente peligrosos con maquinaria pesada, materiales peligrosos, herramientas el\u00e9ctricas y andamios. Los tipos m\u00e1s comunes de accidentes que ocurren en sitios de construcci\u00f3n incluyen:<\/span><\/p>\n<ul>\n<li><a href=\"https:\/\/workinjuryrights.com\/injury-type\/fall-from-heights\/\"><span style=\"font-weight: 400;\">Ca\u00eddas<\/span><\/a><span style=\"font-weight: 400;\"> , que son responsables del <\/span><span style=\"font-weight: 400;\">40% de las muertes en la construcci\u00f3n<\/span><span style=\"font-weight: 400;\"> . Estas ca\u00eddas pueden ocurrir desde <\/span><a href=\"https:\/\/workinjuryrights.com\/accident-cause\/scaffolding-ladder-accidents\/\"><span style=\"font-weight: 400;\">andamios<\/span><\/a><span style=\"font-weight: 400;\"> , <\/span><a href=\"https:\/\/workinjuryrights.com\/accident-cause\/crane-accidents\/\"><span style=\"font-weight: 400;\">gr\u00faas<\/span><\/a><span style=\"font-weight: 400;\"> , escaleras, techos y repisas.<\/span><\/li>\n<li><a href=\"https:\/\/workinjuryrights.com\/accident-cause\/electrocution-accidents\/\"><span style=\"font-weight: 400;\">Electrocuciones<\/span><\/a><span style=\"font-weight: 400;\"> : Un trabajador est\u00e1 en riesgo de electrocuci\u00f3n cuando el equipo est\u00e1 defectuoso o no se usa correctamente o cuando entran en contacto con l\u00edneas el\u00e9ctricas.<\/span><\/li>\n<li><span style=\"font-weight: 400;\"> Golpeado por un objeto: muchos de estos accidentes ocurren cuando los trabajadores est\u00e1n en diferentes niveles. Los trabajadores que se encuentran en niveles inferiores pueden ser golpeados por una herramienta o material de construcci\u00f3n que se caiga.<\/span><\/li>\n<li><span style=\"font-weight: 400;\"> Atrapados entre objetos: los trabajadores tambi\u00e9n corren el riesgo de sufrir lesiones graves o la muerte cuando quedan atrapados entre objetos o entre ellos. Esto puede incluir quedar atrapado entre un veh\u00edculo grande y el suelo o la pared.<\/span><\/li>\n<li><a href=\"https:\/\/workinjuryrights.com\/injury-type\/slip-and-fall\/\"><span style=\"font-weight: 400;\"> Accidentes por resbalones y ca\u00eddas<\/span><\/a><span style=\"font-weight: 400;\">: El aserr\u00edn, los l\u00edquidos derramados, los cables de extensi\u00f3n y las zanjas pueden ser peligrosos resbalones o tropiezos.<\/span><\/li>\n<li><span style=\"font-weight: 400;\"> Accidentes de veh\u00edculos: los trabajadores de la construcci\u00f3n pueden sufrir lesiones graves al trabajar en o cerca de un <\/span><a href=\"https:\/\/workinjuryrights.com\/accident-cause\/forklift-accidents\/\"><span style=\"font-weight: 400;\">montacargas<\/span><\/a><span style=\"font-weight: 400;\"> o maquinaria pesada en el sitio de construcci\u00f3n.<\/span><\/li>\n<li><a href=\"https:\/\/workinjuryrights.com\/accident-cause\/machinery-accidents\/\"><span style=\"font-weight: 400;\">Accidentes de maquinaria<\/span><\/a><span style=\"font-weight: 400;\">: muchas lesiones en sitios de construcci\u00f3n involucran maquinaria y herramientas el\u00e9ctricas como gr\u00faas, martillos neum\u00e1ticos, montacargas y pistolas de clavos.<\/span><\/li>\n<\/ul>\n<p><a href=\"https:\/\/workinjuryrights.com\/wp-content\/uploads\/2021\/09\/construction-site-injuries.jpg\"><img fetchpriority=\"high\" decoding=\"async\" class=\"alignnone size-full wp-image-3723\" src=\"https:\/\/workinjuryrights.com\/wp-content\/uploads\/2021\/09\/construction-site-injuries.jpg\" alt=\"Construction site injuries, worker with hurt back\" width=\"500\" height=\"333\" srcset=\"https:\/\/workinjuryrights.com\/wp-content\/uploads\/2021\/09\/construction-site-injuries.jpg 500w, https:\/\/workinjuryrights.com\/wp-content\/uploads\/2021\/09\/construction-site-injuries-300x200.jpg 300w\" sizes=\"(max-width: 500px) 100vw, 500px\" \/><\/a><\/p>\n<p><span style=\"font-weight: 400;\">Los accidentes en el sitio de construcci\u00f3n pueden causar lesiones graves que pueden cambiar la vida. Los trabajadores lesionados pueden sufrir fracturas, amputaciones, quemaduras, p\u00e9rdida de audici\u00f3n o visi\u00f3n, par\u00e1lisis, lesiones por movimientos repetitivos, problemas respiratorios y lesiones cerebrales traum\u00e1ticas.<\/span><\/p>\n<h2><b>Beneficios de compensaci\u00f3n para trabajadores por lesiones en el sitio de construcci\u00f3n<\/b><\/h2>\n<p><span style=\"font-weight: 400;\">Despu\u00e9s de un accidente en un sitio de construcci\u00f3n, es posible que se enfrente a meses de baja laboral y una recuperaci\u00f3n dolorosa con costosas facturas m\u00e9dicas. Los beneficios de compensaci\u00f3n para trabajadores pueden ayudar pagando sus <\/span><span style=\"font-weight: 400;\">gastos m\u00e9dicos<\/span><span style=\"font-weight: 400;\"> y reemplazando algunos de los <\/span><span style=\"font-weight: 400;\">salarios que ha perdido<\/span><span style=\"font-weight: 400;\"> . Tambi\u00e9n puede calificar para los beneficios por discapacidad si no puede regresar al trabajo despu\u00e9s de su accidente.<\/span><\/p>\n<p><span style=\"font-weight: 400;\">Desafortunadamente, obtener los beneficios que se merece no siempre es f\u00e1cil. Su empleador y su compa\u00f1\u00eda de seguros pueden intentar argumentar que sus lesiones no est\u00e1n relacionadas con el trabajo, que no son tan graves como cree o que se ha recuperado cuando sabe que no puede regresar al trabajo.<\/span><\/p>\n<p><span style=\"font-weight: 400;\">Nuestro abogado experimentado en compensaci\u00f3n de trabajadores de Florida puede ayudarlo a luchar por los beneficios que se merece. Si ya ha presentado una reclamaci\u00f3n de compensaci\u00f3n laboral que ha sido denegada, es crucial comenzar a trabajar con un abogado de compensaci\u00f3n laboral para comenzar el proceso de apelaciones. Su abogado evaluar\u00e1 el verdadero valor de su caso para luchar por una compensaci\u00f3n completa. \u00a1No acepte una oferta de liquidaci\u00f3n de la compa\u00f1\u00eda de seguros hasta que busque un asesor legal experimentado o puede que no sea suficiente para cubrir sus gastos m\u00e9dicos futuros!<\/span><\/p>\n<h2><b>Cont\u00e1ctenos hoy para una revisi\u00f3n gratuita de su caso<\/b><\/h2>\n<p><span style=\"font-weight: 400;\">Un accidente en un sitio de construcci\u00f3n puede ser devastador, tanto f\u00edsica como financieramente. Usted no est\u00e1 solo. En <\/span><a href=\"https:\/\/workinjuryrights.com\/\"><span style=\"font-weight: 400;\">Work Injury Rights,<\/span><\/a><span style=\"font-weight: 400;\"> luchamos por los derechos de nuestros clientes y buscamos la m\u00e1xima compensaci\u00f3n a trav\u00e9s del sistema de compensaci\u00f3n para trabajadores. Tambi\u00e9n lo ayudaremos a explorar reclamos de terceros en su caso.<\/span><\/p>\n<p><span style=\"font-weight: 400;\">Cont\u00e1ctenos hoy para programar una consulta gratis. \u00a1Pondremos nuestros 45 a\u00f1os de experiencia combinados a trabajar para usted! Trabajamos sobre la base de una tarifa de contingencia, lo que significa que usted no paga nada a menos que garanticemos un acuerdo o una adjudicaci\u00f3n del jurado para usted.<\/span><\/p>\n","protected":false},"excerpt":{"rendered":"<p>Los sitios de construcci\u00f3n son uno de los entornos de trabajo m\u00e1s peligrosos de los Estados Unidos. Cada a\u00f1o, hay alrededor de 150,000 lesiones en sitios de construcci\u00f3n en los Estados Unidos. La construcci\u00f3n tambi\u00e9n representa el 21% de las muertes en el lugar de trabajo de la industria privada. Si ha resultado lesionado en [&hellip;]<\/p>\n","protected":false},"author":36,"featured_media":0,"parent":5389,"menu_order":0,"comment_status":"closed","ping_status":"closed","template":"","meta":{"_acf_changed":false,"anchor_text":"","footnotes":""},"categories":[],"tags":[],"class_list":["post-5729","page","type-page","status-publish","hentry"],"acf":[],"_links":{"self":[{"href":"https:\/\/workinjuryrights.com\/es\/wp-json\/wp\/v2\/pages\/5729","targetHints":{"allow":["GET"]}}],"collection":[{"href":"https:\/\/workinjuryrights.com\/es\/wp-json\/wp\/v2\/pages"}],"about":[{"href":"https:\/\/workinjuryrights.com\/es\/wp-json\/wp\/v2\/types\/page"}],"author":[{"embeddable":true,"href":"https:\/\/workinjuryrights.com\/es\/wp-json\/wp\/v2\/users\/36"}],"replies":[{"embeddable":true,"href":"https:\/\/workinjuryrights.com\/es\/wp-json\/wp\/v2\/comments?post=5729"}],"version-history":[{"count":5,"href":"https:\/\/workinjuryrights.com\/es\/wp-json\/wp\/v2\/pages\/5729\/revisions"}],"predecessor-version":[{"id":12659,"href":"https:\/\/workinjuryrights.com\/es\/wp-json\/wp\/v2\/pages\/5729\/revisions\/12659"}],"up":[{"embeddable":true,"href":"https:\/\/workinjuryrights.com\/es\/wp-json\/wp\/v2\/pages\/5389"}],"wp:attachment":[{"href":"https:\/\/workinjuryrights.com\/es\/wp-json\/wp\/v2\/media?parent=5729"}],"wp:term":[{"taxonomy":"category","embeddable":true,"href":"https:\/\/workinjuryrights.com\/es\/wp-json\/wp\/v2\/categories?post=5729"},{"taxonomy":"post_tag","embeddable":true,"href":"https:\/\/workinjuryrights.com\/es\/wp-json\/wp\/v2\/tags?post=5729"}],"curies":[{"name":"wp","href":"https:\/\/api.w.org\/{rel}","templated":true}]}}