{"id":5730,"date":"2021-08-15T17:22:42","date_gmt":"2021-08-15T17:22:42","guid":{"rendered":"https:\/\/workinjuryrights.com\/ubicacion-de-la-lesion\/hotel\/"},"modified":"2021-09-27T23:55:33","modified_gmt":"2021-09-27T23:55:33","slug":"hotel","status":"publish","type":"page","link":"https:\/\/workinjuryrights.com\/es\/ubicacion-de-la-lesion\/hotel\/","title":{"rendered":"Hotel"},"content":{"rendered":"<style>.practice-areas{display:none;}<\/style>\n<p><span style=\"font-weight: 400;\">Lamentablemente, las lesiones laborales en hoteles son un problema. El centro y el sur de Florida son dos de los destinos tur\u00edsticos m\u00e1s grandes de los Estados Unidos y contribuyen en gran medida a la econom\u00eda local. M\u00e1s de 188.000 personas en Florida est\u00e1n empleadas en hoteles y moteles, un sector que solo ha estado creciendo durante las \u00faltimas dos d\u00e9cadas. La hosteler\u00eda se centra principalmente en la satisfacci\u00f3n del cliente y los trabajadores se enfrentan a una gran presi\u00f3n para ofrecer servicios y comodidades que mantengan contentos a los hu\u00e9spedes.<\/span><\/p>\n<p><span style=\"font-weight: 400;\">Durante el transcurso de su trabajo, muchos empleados del hotel, incluidas las amas de llaves, los trabajadores de la recepci\u00f3n y el personal de la cocina, sufren lesiones graves en el trabajo del hotel. \u00bfHa resultado lesionado en un accidente laboral en un hotel o motel? Un<\/span><a href=\"https:\/\/workinjuryrights.com\/coral-springs\/workers-compensation-lawyer\/\"><span style=\"font-weight: 400;\"> abogado de compensaci\u00f3n para trabajadores de Florida<\/span><\/a><span style=\"font-weight: 400;\"> puede ayudarlo a construir su reclamo y luchar por los beneficios que se merece.<\/span><\/p>\n<p><span style=\"font-weight: 400;\"> <\/span><\/p>\n<h2><b>Lesiones laborales comunes en hoteles<\/b><\/h2>\n<p><span style=\"font-weight: 400;\">Los encargados de las habitaciones del hotel pueden ser invisibles para el hu\u00e9sped t\u00edpico, pero realizan un trabajo agotador y f\u00edsicamente desafiante. El ama de llaves promedio de un hotel limpia de 10 a 14 habitaciones por d\u00eda y se enfrenta a una tasa de lesiones laborales del hotel un 50% m\u00e1s alta que otros trabajadores del hotel.<\/span><\/p>\n<p><span style=\"font-weight: 400;\">Las amas de llaves realizan tareas repetitivas, como levantar camas pesadas con la parte superior acolchada para cambiar las s\u00e1banas, pasar la aspiradora, cargar ropa de cama pesada, arrodillarse y empujar carritos. La cama tama\u00f1o king promedio pesa 100 libras y muchos hoteles ni siquiera proporcionan s\u00e1banas ajustables. Estas tareas pueden provocar lesiones debilitantes al personal de limpieza que pueden acompa\u00f1ar al dolor cr\u00f3nico y la necesidad de cirug\u00eda.<\/span><\/p>\n<p><span style=\"font-weight: 400;\">Las lesiones comunes entre las amas de llaves incluyen:<\/span><\/p>\n<ul>\n<li><span style=\"font-weight: 400;\"> Trastornos musculoesquel\u00e9ticos que incluyen dolor lumbar, s\u00edndrome del t\u00fanel carpiano y tendinitis.<\/span><\/li>\n<li><span style=\"font-weight: 400;\"> Traumatismos agudos como laceraciones, quemaduras y contusiones.<\/span><\/li>\n<li><span style=\"font-weight: 400;\"> Exposici\u00f3n a sustancias qu\u00edmicas y pat\u00f3genos transmitidos por la sangre.<\/span><\/li>\n<li><span style=\"font-weight: 400;\"> Acoso o agresi\u00f3n sexual por parte de invitados masculinos.<\/span><\/li>\n<li><span style=\"font-weight: 400;\"> Lesiones por resbalones y ca\u00eddas<\/span><\/li>\n<\/ul>\n<p><span style=\"font-weight: 400;\">Seg\u00fan el <\/span><a href=\"https:\/\/onlinelibrary.wiley.com\/doi\/abs\/10.1002\/ajim.20724\" target=\"_blank\" rel=\"noopener\"><span style=\"font-weight: 400;\">American Journal of Industrial Medicine<\/span><\/a><span style=\"font-weight: 400;\"> , el 47% de las empleadas de limpieza de hoteles encuestadas hab\u00edan tenido dolor severo o muy severo en el \u00faltimo mes. El 84% tom\u00f3 analg\u00e9sicos para el dolor relacionado con el trabajo en el \u00faltimo mes. Aproximadamente el 87% tuvo dolor en el \u00faltimo a\u00f1o causado o agravado por su trabajo.<\/span><\/p>\n<p><a href=\"https:\/\/workinjuryrights.com\/wp-content\/uploads\/2021\/09\/hotel-work-injuries.jpg\"><img fetchpriority=\"high\" decoding=\"async\" class=\"alignnone size-full wp-image-3729\" src=\"https:\/\/workinjuryrights.com\/wp-content\/uploads\/2021\/09\/hotel-work-injuries.jpg\" alt=\"Hotel work injuries, hotel maid on floor after fall\" width=\"500\" height=\"375\" srcset=\"https:\/\/workinjuryrights.com\/wp-content\/uploads\/2021\/09\/hotel-work-injuries.jpg 500w, https:\/\/workinjuryrights.com\/wp-content\/uploads\/2021\/09\/hotel-work-injuries-300x225.jpg 300w\" sizes=\"(max-width: 500px) 100vw, 500px\" \/><\/a><\/p>\n<h2><b>Beneficios de compensaci\u00f3n para trabajadores por lesiones laborales en hoteles<\/b><\/h2>\n<p><span style=\"font-weight: 400;\">Si se lesion\u00f3 durante el curso de su trabajo en un hotel, puede recibir beneficios a trav\u00e9s del sistema de compensaci\u00f3n para trabajadores. La compensaci\u00f3n para trabajadores puede cubrir las facturas m\u00e9dicas y reemplazar su salario perdido mientras se recupera o proporciona beneficios si queda discapacitado debido a sus lesiones.<\/span><\/p>\n<p><span style=\"font-weight: 400;\">Si bien el sistema de compensaci\u00f3n para trabajadores est\u00e1 dise\u00f1ado para ayudar a los trabajadores lesionados, puede enfrentar muchos desaf\u00edos para presentar una reclamaci\u00f3n exitosa. Su empleador o la compa\u00f1\u00eda de seguros pueden argumentar que su lesi\u00f3n en realidad no est\u00e1 relacionada con el trabajo o afirmar que est\u00e1 completamente recuperado cuando no lo est\u00e1. Un abogado de compensaci\u00f3n laboral en Florida puede ayudarlo a reunir evidencia para construir su reclamo o representarlo en una apelaci\u00f3n si se rechaza su reclamo de compensaci\u00f3n laboral.<\/span><\/p>\n<h2><b>Comun\u00edquese con nuestros abogados de lesiones laborales para una consulta gratuita<\/b><\/h2>\n<p><span style=\"font-weight: 400;\">M\u00e1s de <\/span><a href=\"https:\/\/www.ibisworld.com\/industry-statistics\/employment\/hotels-motels-in-florida-united-states\" target=\"_blank\" rel=\"noopener\"><span style=\"font-weight: 400;\">188.000 personas en Florida<\/span><\/a><span style=\"font-weight: 400;\"> est\u00e1n empleadas en hoteles y moteles. Los trabajadores de hoteles enfrentan largas horas de trabajo manual dif\u00edcil, a menudo con un salario que no coincide con el nivel de esfuerzo y el alto riesgo de lesiones laborales que enfrentan. \u00bfHa resultado lesionado en el trabajo en un hotel y su reclamo ha sido denegado? \u00bfEst\u00e1 considerando solicitar beneficios de compensaci\u00f3n para trabajadores en Florida?<\/span><\/p>\n<p><span style=\"font-weight: 400;\">Comun\u00edquese con Work Injury Rights para obtener la ayuda que necesita. Un <\/span><a href=\"https:\/\/workinjuryrights.com\/\"><span style=\"font-weight: 400;\">abogado de compensaci\u00f3n para trabajadores de Florida <\/span><\/a><span style=\"font-weight: 400;\">ser\u00e1 su defensor y pondr\u00e1 d\u00e9cadas de experiencia a trabajar para que usted luche por los beneficios que se merece. Cont\u00e1ctenos hoy al <a href=\"tel:+19543888616\">954-388-8616<\/a> para una consulta gratuita para revisar su reclamo por lesiones laborales en el hotel.<\/span><\/p>\n","protected":false},"excerpt":{"rendered":"<p>Lamentablemente, las lesiones laborales en hoteles son un problema. El centro y el sur de Florida son dos de los destinos tur\u00edsticos m\u00e1s grandes de los Estados Unidos y contribuyen en gran medida a la econom\u00eda local. M\u00e1s de 188.000 personas en Florida est\u00e1n empleadas en hoteles y moteles, un sector que solo ha estado [&hellip;]<\/p>\n","protected":false},"author":36,"featured_media":0,"parent":5389,"menu_order":0,"comment_status":"closed","ping_status":"closed","template":"","meta":{"_acf_changed":false,"anchor_text":"","footnotes":""},"categories":[],"tags":[],"class_list":["post-5730","page","type-page","status-publish","hentry"],"acf":[],"_links":{"self":[{"href":"https:\/\/workinjuryrights.com\/es\/wp-json\/wp\/v2\/pages\/5730","targetHints":{"allow":["GET"]}}],"collection":[{"href":"https:\/\/workinjuryrights.com\/es\/wp-json\/wp\/v2\/pages"}],"about":[{"href":"https:\/\/workinjuryrights.com\/es\/wp-json\/wp\/v2\/types\/page"}],"author":[{"embeddable":true,"href":"https:\/\/workinjuryrights.com\/es\/wp-json\/wp\/v2\/users\/36"}],"replies":[{"embeddable":true,"href":"https:\/\/workinjuryrights.com\/es\/wp-json\/wp\/v2\/comments?post=5730"}],"version-history":[{"count":2,"href":"https:\/\/workinjuryrights.com\/es\/wp-json\/wp\/v2\/pages\/5730\/revisions"}],"predecessor-version":[{"id":6163,"href":"https:\/\/workinjuryrights.com\/es\/wp-json\/wp\/v2\/pages\/5730\/revisions\/6163"}],"up":[{"embeddable":true,"href":"https:\/\/workinjuryrights.com\/es\/wp-json\/wp\/v2\/pages\/5389"}],"wp:attachment":[{"href":"https:\/\/workinjuryrights.com\/es\/wp-json\/wp\/v2\/media?parent=5730"}],"wp:term":[{"taxonomy":"category","embeddable":true,"href":"https:\/\/workinjuryrights.com\/es\/wp-json\/wp\/v2\/categories?post=5730"},{"taxonomy":"post_tag","embeddable":true,"href":"https:\/\/workinjuryrights.com\/es\/wp-json\/wp\/v2\/tags?post=5730"}],"curies":[{"name":"wp","href":"https:\/\/api.w.org\/{rel}","templated":true}]}}