{"id":5731,"date":"2021-08-15T17:23:37","date_gmt":"2021-08-15T17:23:37","guid":{"rendered":"https:\/\/workinjuryrights.com\/ubicacion-de-la-lesion\/restaurant\/"},"modified":"2021-09-28T00:01:32","modified_gmt":"2021-09-28T00:01:32","slug":"restaurante","status":"publish","type":"page","link":"https:\/\/workinjuryrights.com\/es\/ubicacion-de-la-lesion\/restaurante\/","title":{"rendered":"Restaurante"},"content":{"rendered":"<style>.practice-areas{display:none;}<\/style>\n<p><span style=\"font-weight: 400;\">Una lesi\u00f3n o accidente puede ocurrir en cualquier lugar de trabajo y los accidentes en restaurantes no son una excepci\u00f3n. Si bien las obras de construcci\u00f3n son conocidas por sus peligros inherentes, los trabajadores de los restaurantes tambi\u00e9n corren un alto riesgo de sufrir lesiones en el trabajo. De hecho, de los 2,9 millones de lesiones en el lugar de trabajo que se informaron en 2015, 2,8 millones o el 97% ocurrieron en las industrias de servicios. Esto incluye accidentes en bares y restaurantes.<\/span><\/p>\n<p><span style=\"font-weight: 400;\">\u00bfHa resultado lesionado en un accidente en un restaurante mientras trabajaba? En Work Injury Rights, representamos a los trabajadores lesionados en toda Florida con consultas gratuitas. Cont\u00e1ctenos hoy para programar su consulta con un <\/span><a href=\"https:\/\/workinjuryrights.com\/coral-springs\/workers-compensation-lawyer\/\"><span style=\"font-weight: 400;\">abogado de compensaci\u00f3n laboral de Florida<\/span><\/a><span style=\"font-weight: 400;\"> para revisar su caso.<\/span><\/p>\n<p><span style=\"font-weight: 400;\"> <\/span><\/p>\n<h2><b>Lesiones comunes entre los trabajadores de restaurantes<\/b><\/h2>\n<p><span style=\"font-weight: 400;\">Todo tipo de trabajadores de la industria de servicios y restaurantes pueden sufrir lesiones en el trabajo, incluidos cocineros, meseros, lavaplatos y camareros. A veces, los accidentes provocan lesiones graves como quemaduras y accidentes por resbalones y ca\u00eddas. Los trabajadores de los restaurantes tambi\u00e9n pueden enfrentar lesiones por estr\u00e9s repetitivo y afecciones cr\u00f3nicas. De los 2,9 millones de lesiones en el lugar de trabajo que se informaron en 2015, <\/span><a href=\"https:\/\/www.bls.gov\/opub\/ted\/2019\/injury-and-illness-rates-higher-in-special-food-services-than-in-broader-food-services-industry.htm\" target=\"_blank\" rel=\"noopener\"><span style=\"font-weight: 400;\">2,8 millones o el 97%<\/span><\/a><span style=\"font-weight: 400;\"> ocurrieron en las industrias de servicios. Esto incluye restaurantes y bares.<\/span><\/p>\n<p><span style=\"font-weight: 400;\">Algunas de las lesiones m\u00e1s comunes entre los trabajadores de restaurantes y servicios son:<\/span><\/p>\n<ul>\n<li><span style=\"font-weight: 400;\"> Lesiones de rodilla<\/span><\/li>\n<li><span style=\"font-weight: 400;\"> Lesiones en la espalda por torcerse, doblarse, cargar y levantar<\/span><\/li>\n<li><span style=\"font-weight: 400;\"> Lesiones de hombro<\/span><\/li>\n<li><span style=\"font-weight: 400;\"> Lesiones de cuello<\/span><\/li>\n<li><span style=\"font-weight: 400;\"> Lesiones por estr\u00e9s repetitivo como el s\u00edndrome del t\u00fanel carpiano y la tendinitis.<\/span><\/li>\n<li><span style=\"font-weight: 400;\"> Esguinces, torceduras y desgarros<\/span><\/li>\n<li><span style=\"font-weight: 400;\"> Quemaduras t\u00e9rmicas de freidoras, estufas calientes y agua hirviendo. <\/span><a href=\"https:\/\/www.qsrmagazine.com\/news\/top-four-restaurant-injuries\" target=\"_blank\" rel=\"noopener\"><span style=\"font-weight: 400;\">Un tercio de las quemaduras ocupacionales<\/span><\/a><span style=\"font-weight: 400;\"> cada a\u00f1o ocurren en restaurantes con m\u00e1s de 12,000 reportados cada a\u00f1o.<\/span><\/li>\n<li><span style=\"font-weight: 400;\"> Laceraciones o pinchazos por el uso frecuente de rebanadoras, cuchillos y vidrios rotos<\/span><\/li>\n<li><span style=\"font-weight: 400;\">Lesiones oculares por productos qu\u00edmicos desinfectantes y salpicaduras de grasa.<\/span><span style=\"font-weight: 400;\"> \u00a0 \u00a0<\/span><\/li>\n<\/ul>\n<p>&nbsp;<\/p>\n<p><a href=\"https:\/\/workinjuryrights.com\/wp-content\/uploads\/2021\/09\/restaurant-accident.jpg\"><img fetchpriority=\"high\" decoding=\"async\" class=\"alignnone size-full wp-image-3886\" src=\"https:\/\/workinjuryrights.com\/wp-content\/uploads\/2021\/09\/restaurant-accident.jpg\" alt=\"Bandage on hand burned in restaurant accident\" width=\"500\" height=\"333\" srcset=\"https:\/\/workinjuryrights.com\/wp-content\/uploads\/2021\/09\/restaurant-accident.jpg 500w, https:\/\/workinjuryrights.com\/wp-content\/uploads\/2021\/09\/restaurant-accident-300x200.jpg 300w\" sizes=\"(max-width: 500px) 100vw, 500px\" \/><\/a><\/p>\n<h2><b>Compensaci\u00f3n para trabajadores de Florida por accidentes en restaurantes<\/b><\/h2>\n<p><span style=\"font-weight: 400;\">Incluso una lesi\u00f3n leve en un restaurante puede hacer que falte al trabajo durante d\u00edas o semanas con costosas facturas m\u00e9dicas. Algunas lesiones son lo suficientemente graves como para provocar una discapacidad permanente, una lesi\u00f3n catastr\u00f3fica o incluso la muerte. No debe sentirse atrapado con el alto impacto financiero de su lesi\u00f3n laboral. Seg\u00fan el sistema de compensaci\u00f3n para trabajadores de Florida, los trabajadores de restaurantes lesionados tienen derecho a beneficios por lesiones que ocurran en el trabajo. Esto incluye beneficios m\u00e9dicos para pagar sus gastos m\u00e9dicos relacionados y beneficios para cubrir sus salarios perdidos y su discapacidad, ya sea temporal o permanente.<\/span><\/p>\n<p><span style=\"font-weight: 400;\">Desafortunadamente, recibir los beneficios a los que tiene derecho bajo el sistema de compensaci\u00f3n para trabajadores es m\u00e1s f\u00e1cil de decir que de hacer. Muchos trabajadores de restaurantes lesionados se sienten presionados a no presentar ning\u00fan reclamo. Otros pueden tener dificultades con un empleador o una compa\u00f1\u00eda de seguros que niega que la lesi\u00f3n est\u00e9 relacionada con el trabajo, resta importancia a la gravedad de una lesi\u00f3n o afirma que una lesi\u00f3n grave y duradera se cura y el empleado puede regresar al trabajo.<\/span><\/p>\n<p><span style=\"font-weight: 400;\">Un abogado con experiencia en compensaci\u00f3n para trabajadores en Florida lo ayudar\u00e1 a explorar sus opciones y evaluar el valor de su reclamo. Nunca acepte la primera oferta de liquidaci\u00f3n que reciba de la compa\u00f1\u00eda de seguros de su empleador. Nuestros abogados de lesiones laborales luchan por usted y trabajan para asegurar todos los beneficios que se merece para que pueda concentrarse en la recuperaci\u00f3n.<\/span><\/p>\n<h2><b>Comun\u00edquese con Derechos de Lesiones Laborales para una consulta gratuita<\/b><\/h2>\n<p><span style=\"font-weight: 400;\">Work Injury Rights tiene m\u00e1s de 45 a\u00f1os de experiencia representando a trabajadores lesionados en toda Florida. Podemos ayudar con todos los aspectos de su reclamo, incluida la recopilaci\u00f3n de pruebas para probar la causa y el alcance de su lesi\u00f3n, solicitar beneficios, apelar su reclamo si se rechaza, resolver disputas sobre la cobertura y determinar si hay terceros que puedan tener responsabilidad por sus lesiones.<\/span><\/p>\n<p><span style=\"font-weight: 400;\">No es necesario luchar solo contra la compa\u00f1\u00eda de seguros. Si bien luchar por los beneficios de compensaci\u00f3n para trabajadores a veces puede sentirse desesperado, especialmente cuando observa c\u00f3mo aumentan las facturas m\u00e9dicas mientras no puede trabajar, nuestros <\/span><a href=\"https:\/\/workinjuryrights.com\/\"><span style=\"font-weight: 400;\">abogados con experiencia en compensaci\u00f3n para trabajadores de Florida<\/span><\/a><span style=\"font-weight: 400;\"> est\u00e1n aqu\u00ed para ayudarlo. P\u00f3ngase en contacto con Work Injury Rights hoy mismo para programar su consulta gratuita. Trabajamos sobre la base de una tarifa de contingencia; \u00a1no paga nada a menos que recuperemos un acuerdo o veredicto para usted!<\/span><\/p>\n","protected":false},"excerpt":{"rendered":"<p>Una lesi\u00f3n o accidente puede ocurrir en cualquier lugar de trabajo y los accidentes en restaurantes no son una excepci\u00f3n. Si bien las obras de construcci\u00f3n son conocidas por sus peligros inherentes, los trabajadores de los restaurantes tambi\u00e9n corren un alto riesgo de sufrir lesiones en el trabajo. De hecho, de los 2,9 millones de [&hellip;]<\/p>\n","protected":false},"author":36,"featured_media":0,"parent":5389,"menu_order":0,"comment_status":"closed","ping_status":"closed","template":"","meta":{"_acf_changed":false,"anchor_text":"","footnotes":""},"categories":[],"tags":[],"class_list":["post-5731","page","type-page","status-publish","hentry"],"acf":[],"_links":{"self":[{"href":"https:\/\/workinjuryrights.com\/es\/wp-json\/wp\/v2\/pages\/5731","targetHints":{"allow":["GET"]}}],"collection":[{"href":"https:\/\/workinjuryrights.com\/es\/wp-json\/wp\/v2\/pages"}],"about":[{"href":"https:\/\/workinjuryrights.com\/es\/wp-json\/wp\/v2\/types\/page"}],"author":[{"embeddable":true,"href":"https:\/\/workinjuryrights.com\/es\/wp-json\/wp\/v2\/users\/36"}],"replies":[{"embeddable":true,"href":"https:\/\/workinjuryrights.com\/es\/wp-json\/wp\/v2\/comments?post=5731"}],"version-history":[{"count":3,"href":"https:\/\/workinjuryrights.com\/es\/wp-json\/wp\/v2\/pages\/5731\/revisions"}],"predecessor-version":[{"id":6169,"href":"https:\/\/workinjuryrights.com\/es\/wp-json\/wp\/v2\/pages\/5731\/revisions\/6169"}],"up":[{"embeddable":true,"href":"https:\/\/workinjuryrights.com\/es\/wp-json\/wp\/v2\/pages\/5389"}],"wp:attachment":[{"href":"https:\/\/workinjuryrights.com\/es\/wp-json\/wp\/v2\/media?parent=5731"}],"wp:term":[{"taxonomy":"category","embeddable":true,"href":"https:\/\/workinjuryrights.com\/es\/wp-json\/wp\/v2\/categories?post=5731"},{"taxonomy":"post_tag","embeddable":true,"href":"https:\/\/workinjuryrights.com\/es\/wp-json\/wp\/v2\/tags?post=5731"}],"curies":[{"name":"wp","href":"https:\/\/api.w.org\/{rel}","templated":true}]}}