{"id":5732,"date":"2021-08-15T17:24:47","date_gmt":"2021-08-15T17:24:47","guid":{"rendered":"https:\/\/workinjuryrights.com\/ubicacion-de-la-lesion\/traveling\/"},"modified":"2021-09-27T23:58:04","modified_gmt":"2021-09-27T23:58:04","slug":"de-viaje","status":"publish","type":"page","link":"https:\/\/workinjuryrights.com\/es\/ubicacion-de-la-lesion\/de-viaje\/","title":{"rendered":"De viaje"},"content":{"rendered":"<style>.practice-areas{display:none;}<\/style>\n<p><span style=\"font-weight: 400;\">La compensaci\u00f3n para trabajadores est\u00e1 dise\u00f1ada para compensar a los trabajadores lesionados por lesiones relacionadas con el trabajo. Si bien estas lesiones a menudo ocurren en un sitio de trabajo real, como un sitio de construcci\u00f3n, restaurante, hotel o tienda, muchas lesiones relacionadas con el trabajo ocurren fuera de las instalaciones del empleador, es decir, mientras viaja por trabajo.<\/span><\/p>\n<p><span style=\"font-weight: 400;\">Si viaja por motivos de trabajo en relaci\u00f3n con su trabajo, se le considera un empleado que viaja. Seg\u00fan <\/span><a href=\"https:\/\/workinjuryrights.com\/coral-springs\/workers-compensation-lawyer\/\"><span style=\"font-weight: 400;\">la ley de compensaci\u00f3n para trabajadores de Florida<\/span><\/a><span style=\"font-weight: 400;\"> , eso significa que se lo considera un empleado que realiza tareas relacionadas con el trabajo. A\u00fan est\u00e1 cubierto por la compensaci\u00f3n para trabajadores mientras viaja, incluso mientras realiza actividades normales como dormir en un hotel, aunque hay algunas excepciones.<\/span><\/p>\n<p><span style=\"font-weight: 400;\">\u00bfSe ha lesionado en un accidente de trabajo mientras viajaba por su trabajo? En Work Injury Rights, tenemos m\u00e1s de 45 a\u00f1os de experiencia combinada representando a trabajadores lesionados en toda Florida. Cont\u00e1ctenos hoy para una consulta gratuita para revisar su reclamo.<\/span><\/p>\n<p><span style=\"font-weight: 400;\"> <\/span><\/p>\n<h2><b>Compensaci\u00f3n para trabajadores mientras viaja por trabajo<\/b><\/h2>\n<p><span style=\"font-weight: 400;\">Cuando se lesiona mientras viaja por trabajo, generalmente todav\u00eda est\u00e1 cubierto por el <\/span><a href=\"https:\/\/www.myfloridacfo.com\/Division\/WC\/\" target=\"_blank\" rel=\"noopener\"><span style=\"font-weight: 400;\">sistema de compensaci\u00f3n para trabajadores de Florida<\/span><\/a><span style=\"font-weight: 400;\"> . Como regla general, si se encuentra en un viaje de negocios durante la noche, se considera que est\u00e1 en el curso de su empleo en su viaje, incluso mientras se encuentre hospedado en el hotel. A esto a veces se le llama cobertura de portal a portal.<\/span><\/p>\n<p><span style=\"font-weight: 400;\">Si bien la duraci\u00f3n de su viaje de negocios no afecta estrictamente si califica para la compensaci\u00f3n de trabajadores, puede afectar las actividades que se consideran razonables. Por ejemplo, en un viaje de negocios prolongado, es razonable incluir actividades que se esperan razonablemente.<\/span><\/p>\n<p><span style=\"font-weight: 400;\">Sin embargo, los reclamos pueden ser complicados ya que la ubicaci\u00f3n del accidente puede elegir qu\u00e9 leyes estatales de compensaci\u00f3n de trabajadores se aplican a usted. Su reclamo tambi\u00e9n puede ser complicado porque si el accidente o la lesi\u00f3n est\u00e1n cubiertos depende de la situaci\u00f3n y es posible que no est\u00e9 claro.<\/span><\/p>\n<p><a href=\"https:\/\/workinjuryrights.com\/wp-content\/uploads\/2021\/09\/traveling-work-injury.jpg\"><img fetchpriority=\"high\" decoding=\"async\" class=\"alignnone size-full wp-image-3733\" src=\"https:\/\/workinjuryrights.com\/wp-content\/uploads\/2021\/09\/traveling-work-injury.jpg\" alt=\"Businessman traveling for work, concept of workers' compensation\" width=\"500\" height=\"333\" srcset=\"https:\/\/workinjuryrights.com\/wp-content\/uploads\/2021\/09\/traveling-work-injury.jpg 500w, https:\/\/workinjuryrights.com\/wp-content\/uploads\/2021\/09\/traveling-work-injury-300x200.jpg 300w\" sizes=\"(max-width: 500px) 100vw, 500px\" \/><\/a><\/p>\n<p><span style=\"font-weight: 400;\">Hay algunos casos en los que una lesi\u00f3n est\u00e1 claramente cubierta por la compensaci\u00f3n para trabajadores. Por ejemplo, si se encuentra en un viaje de negocios fuera del \u00e1rea para una conferencia y se lesiona mientras trabaja en el stand de su empresa, es probable que su lesi\u00f3n est\u00e9 cubierta. Si extiende el viaje por motivos personales y se lesiona en esta extensi\u00f3n, es probable que la lesi\u00f3n no est\u00e9 cubierta.<\/span><\/p>\n<p><span style=\"font-weight: 400;\">Debido a que puede haber muchas \u00e1reas grises en t\u00e9rminos de si se cubrir\u00e1 una lesi\u00f3n, es importante trabajar con un abogado con experiencia en compensaci\u00f3n para trabajadores en Florida para investigar su reclamo.<\/span><\/p>\n<p><span style=\"font-weight: 400;\">Desafortunadamente, <\/span><a href=\"https:\/\/www.bls.gov\/iif\/\" target=\"_blank\" rel=\"noopener\"><span style=\"font-weight: 400;\">las lesiones relacionadas con el trabajo<\/span><\/a><span style=\"font-weight: 400;\"> no siempre son simples y directas. Incluso las lesiones laborales que ocurren en las instalaciones del empleador pueden ser complicadas, pero las lesiones que ocurren durante un viaje de negocios pueden ser particularmente complejas.<\/span><\/p>\n<h2><b>P\u00f3ngase en contacto con nuestros abogados de lesiones laborales hoy para una consulta gratuita sobre su accidente mientras viaja por trabajo<\/b><\/h2>\n<p><span style=\"font-weight: 400;\">\u00bfHa sufrido alguna lesi\u00f3n mientras viajaba por trabajo? En Work Injury Rights, hemos representado a trabajadores en toda Florida con m\u00e1s de 45 a\u00f1os de experiencia combinada. No es necesario luchar solo con la compa\u00f1\u00eda de seguros.<\/span><\/p>\n<p><span style=\"font-weight: 400;\">Comun\u00edquese con nuestros <\/span><a href=\"https:\/\/workinjuryrights.com\/\"><span style=\"font-weight: 400;\">abogados de lesiones laborales<\/span><\/a><span style=\"font-weight: 400;\"> hoy mismo llamando al <a href=\"tel:+19543888616\">954-388-8616<\/a> para programar su consulta gratuita con un abogado con experiencia en compensaci\u00f3n para trabajadores en viajes de negocios en Florida para discutir su caso. Trabajaremos con usted para revisar las leyes aplicables, los detalles de su caso y cu\u00e1nto puede valer su caso, y luego lo ayudaremos a obtener los beneficios justos que se merece.<\/span><\/p>\n","protected":false},"excerpt":{"rendered":"<p>La compensaci\u00f3n para trabajadores est\u00e1 dise\u00f1ada para compensar a los trabajadores lesionados por lesiones relacionadas con el trabajo. Si bien estas lesiones a menudo ocurren en un sitio de trabajo real, como un sitio de construcci\u00f3n, restaurante, hotel o tienda, muchas lesiones relacionadas con el trabajo ocurren fuera de las instalaciones del empleador, es decir, [&hellip;]<\/p>\n","protected":false},"author":36,"featured_media":0,"parent":5389,"menu_order":0,"comment_status":"closed","ping_status":"closed","template":"","meta":{"_acf_changed":false,"anchor_text":"","footnotes":""},"categories":[],"tags":[],"class_list":["post-5732","page","type-page","status-publish","hentry"],"acf":[],"_links":{"self":[{"href":"https:\/\/workinjuryrights.com\/es\/wp-json\/wp\/v2\/pages\/5732","targetHints":{"allow":["GET"]}}],"collection":[{"href":"https:\/\/workinjuryrights.com\/es\/wp-json\/wp\/v2\/pages"}],"about":[{"href":"https:\/\/workinjuryrights.com\/es\/wp-json\/wp\/v2\/types\/page"}],"author":[{"embeddable":true,"href":"https:\/\/workinjuryrights.com\/es\/wp-json\/wp\/v2\/users\/36"}],"replies":[{"embeddable":true,"href":"https:\/\/workinjuryrights.com\/es\/wp-json\/wp\/v2\/comments?post=5732"}],"version-history":[{"count":3,"href":"https:\/\/workinjuryrights.com\/es\/wp-json\/wp\/v2\/pages\/5732\/revisions"}],"predecessor-version":[{"id":6166,"href":"https:\/\/workinjuryrights.com\/es\/wp-json\/wp\/v2\/pages\/5732\/revisions\/6166"}],"up":[{"embeddable":true,"href":"https:\/\/workinjuryrights.com\/es\/wp-json\/wp\/v2\/pages\/5389"}],"wp:attachment":[{"href":"https:\/\/workinjuryrights.com\/es\/wp-json\/wp\/v2\/media?parent=5732"}],"wp:term":[{"taxonomy":"category","embeddable":true,"href":"https:\/\/workinjuryrights.com\/es\/wp-json\/wp\/v2\/categories?post=5732"},{"taxonomy":"post_tag","embeddable":true,"href":"https:\/\/workinjuryrights.com\/es\/wp-json\/wp\/v2\/tags?post=5732"}],"curies":[{"name":"wp","href":"https:\/\/api.w.org\/{rel}","templated":true}]}}