{"id":5733,"date":"2021-08-15T17:25:31","date_gmt":"2021-08-15T17:25:31","guid":{"rendered":"https:\/\/workinjuryrights.com\/ubicacion-de-la-lesion\/warehouse\/"},"modified":"2023-08-22T09:23:18","modified_gmt":"2023-08-22T14:23:18","slug":"deposito","status":"publish","type":"page","link":"https:\/\/workinjuryrights.com\/es\/ubicacion-de-la-lesion\/deposito\/","title":{"rendered":"Dep\u00f3sito"},"content":{"rendered":"<style>.practice-areas{display:none;}<\/style>\n<p><span style=\"font-weight: 400;\">Incluso con las medidas de seguridad establecidas, los almacenes son entornos de trabajo peligrosos. Hay m\u00e1s de 800,000 trabajadores de almac\u00e9n en los Estados Unidos con decenas de miles de accidentes reportados cada a\u00f1o. Los accidentes por resbalones y ca\u00eddas y los accidentes con montacargas representan la mayor\u00eda de las lesiones en el almac\u00e9n, pero los trabajadores tambi\u00e9n pueden resultar heridos cuando son golpeados por un objeto, aplastados entre objetos o incluso electrocutados.<\/span><\/p>\n<p><span style=\"font-weight: 400;\">\u00bfHa resultado lesionado en un accidente laboral en un almac\u00e9n o en un centro log\u00edstico de Amazon? Un <\/span><a href=\"https:\/\/workinjuryrights.com\/coral-springs\/workers-compensation-lawyer\/\"><span style=\"font-weight: 400;\">abogado de compensaci\u00f3n para trabajadores de Florida<\/span><\/a><span style=\"font-weight: 400;\"> en Work Injury Rights puede ayudarlo a presentar su reclamo y luchar por los beneficios que se merece. Cont\u00e1ctenos hoy al <a href=\"tel:+19543888616\">954-388-8616<\/a> para una consulta gratuita.<\/span><\/p>\n<p><span style=\"font-weight: 400;\"> <\/span><\/p>\n<h2><b>Accidentes comunes de almac\u00e9n en Florida<\/b><\/h2>\n<p><span style=\"font-weight: 400;\">Los trabajadores del almac\u00e9n tienen una de las tasas de lesiones m\u00e1s altas entre las industrias privadas de los Estados Unidos. En 2018, hubo <\/span><a href=\"https:\/\/www.bls.gov\/news.release\/archives\/osh_11072019.htm\" target=\"_blank\" rel=\"noopener\"><span style=\"font-weight: 400;\">4.5 lesiones y enfermedades notificables<\/span><\/a><span style=\"font-weight: 400;\"> por cada 100 trabajadores de almac\u00e9n a tiempo completo. Se estima que 1 de cada 20 trabajadores del almac\u00e9n se lesiona en un incidente en el almac\u00e9n cada a\u00f1o.<\/span><\/p>\n<p><span style=\"font-weight: 400;\">Los accidentes de almac\u00e9n y las condiciones de salud a menudo son el resultado de uno de los siguientes:<\/span><\/p>\n<ul>\n<li><span style=\"font-weight: 400;\"> Los <\/span><a href=\"https:\/\/workinjuryrights.com\/accident-cause\/forklift-accidents\/\"><span style=\"font-weight: 400;\">accidentes de montacargas<\/span><\/a><span style=\"font-weight: 400;\"> causan alrededor de 100,000 lesiones cada a\u00f1o.<\/span><\/li>\n<li><a href=\"https:\/\/workinjuryrights.com\/injury-type\/exposure-to-chemicals-fumes\/\"><span style=\"font-weight: 400;\">Los materiales peligrosos<\/span><\/a><span style=\"font-weight: 400;\"> pueden causar problemas respiratorios y quemaduras.<\/span><\/li>\n<li><a href=\"https:\/\/workinjuryrights.com\/injury-type\/slip-and-fall\/\"><span style=\"font-weight: 400;\">Los accidentes por resbalones y ca\u00eddas<\/span><\/a><span style=\"font-weight: 400;\"> son responsables de aproximadamente el 25% de los accidentes de almac\u00e9n.<\/span><\/li>\n<li><a href=\"https:\/\/workinjuryrights.com\/accident-cause\/electrocution-accidents\/\"><span style=\"font-weight: 400;\">Electrocuci\u00f3n<\/span><\/a><\/li>\n<li><span style=\"font-weight: 400;\"> Lesi\u00f3n respiratoria por ventilaci\u00f3n inadecuada<\/span><\/li>\n<li><a href=\"https:\/\/workinjuryrights.com\/injury-type\/repetitive-stress-injuries\/\"><span style=\"font-weight: 400;\">Lesiones en la espalda<\/span><\/a><span style=\"font-weight: 400;\"> por levantar objetos pesados \u200b\u200bo repetidos<\/span><\/li>\n<li><span style=\"font-weight: 400;\"> Lesiones de la m\u00e9dula espinal debidas a ca\u00eddas o aplastamiento.<\/span><\/li>\n<li><a href=\"https:\/\/workinjuryrights.com\/injury-type\/repetitive-stress-injuries\/\"><span style=\"font-weight: 400;\">Lesiones por estr\u00e9s repetitivo<\/span><\/a><\/li>\n<li><a href=\"https:\/\/workinjuryrights.com\/injury-type\/falling-flying-objects\/\"><span style=\"font-weight: 400;\">Lesiones por ca\u00edda de objetos<\/span><\/a><span style=\"font-weight: 400;\"> .<\/span><\/li>\n<\/ul>\n<h2><b>Abogado de Compensaci\u00f3n Laboral por Lesiones en Amazon Warehouse<\/b><\/h2>\n<p><span style=\"font-weight: 400;\">Las lesiones en los almacenes de Amazon contin\u00faan aumentando cada a\u00f1o desde 2016. Hay quienes supuestamente se desmayan debido al sobrecalentamiento mientras pasan horas de pie, agachados y caminando por los pisos superiores de los almacenes extremadamente calientes y sin clima controlado.<\/span><\/p>\n<p><span style=\"font-weight: 400;\">Como Amazon opera varios centros log\u00edsticos en Florida, nuestros abogados de lesiones laborales est\u00e1n aqu\u00ed para ayudarlo a usted oa su ser querido. Para obtener m\u00e1s informaci\u00f3n sobre si califica para la compensaci\u00f3n de trabajadores, comun\u00edquese hoy mismo con nuestros abogados con experiencia.<\/span><\/p>\n<h2><b>Se informaron altas tasas de lesiones en Amazon Warehouse<\/b><\/h2>\n<p><span style=\"font-weight: 400;\">Seg\u00fan las cifras oficiales, Amazon, que opera decenas de almacenes en todo el pa\u00eds, tuvo una tasa de lesiones graves de 7.7 por cada 100 empleados en 2019, lo que sum\u00f3 m\u00e1s de 14,000 lesiones en todo el pa\u00eds. La tasa promedio de lesiones para las empresas que son equivalentes a Amazon es casi la mitad de esa cantidad, o 7,000 en general y 3.5 lesiones por cada 100 empleados.<\/span><\/p>\n<p><span style=\"font-weight: 400;\">Entonces, la pregunta es \u00bfpor qu\u00e9 Amazon tiene tasas de lesiones tan altas? Esta poderosa empresa es conocida por insistir en que los empleados del almac\u00e9n trabajen a una velocidad extremadamente r\u00e1pida. Solo tienen unos minutos para encontrar el siguiente elemento en su pistola de escaneo, lo que los obliga a moverse r\u00e1pidamente.<\/span><\/p>\n<p><span style=\"font-weight: 400;\">Esto, as\u00ed como el trabajo, que implica mucho agacharse, estirarse y estirarse repetidamente durante un turno de 12 horas, tiende a provocar muchos esguinces, distensiones y otras lesiones por uso excesivo o movimientos repetitivos.<\/span><\/p>\n<p><span style=\"font-weight: 400;\">Si ha resultado lesionado en una de las instalaciones de Amazon en Florida, comun\u00edquese con WorkInjuryRights.com para una consulta gratuita.<\/span><\/p>\n<h2><b>Presentaci\u00f3n de reclamaciones de indemnizaci\u00f3n laboral por lesiones en el almac\u00e9n de Amazon<\/b><\/h2>\n<p><span style=\"font-weight: 400;\">Los empleadores a menudo son responsables de las lesiones que ocurren en el trabajo y Amazon no es una excepci\u00f3n. Si un trabajador de un almac\u00e9n de Amazon se resbala y cae en un piso mojado que no tiene un letrero de precauci\u00f3n, rompi\u00e9ndose la pierna en el proceso, entonces la compa\u00f1\u00eda puede ser responsable de su salario perdido y facturas m\u00e9dicas.<\/span><\/p>\n<p><span style=\"font-weight: 400;\">Otras lesiones, como esguinces y distensiones causadas por movimientos repetitivos, como agacharse o meter la mano en contenedores para recuperar y procesar compras, tienden a ser m\u00e1s dif\u00edciles de probar, pero esta no es una tarea imposible cuando busca la orientaci\u00f3n legal de un abogado experimentado. Llame al <a href=\"tel:+19543888616\">954-388-8616<\/a> hoy para una consulta gratuita.<\/span><\/p>\n<p><a href=\"https:\/\/workinjuryrights.com\/wp-content\/uploads\/2021\/09\/warehouse-accidents.jpg\"><img fetchpriority=\"high\" decoding=\"async\" class=\"alignnone size-full wp-image-3896\" src=\"https:\/\/workinjuryrights.com\/wp-content\/uploads\/2021\/09\/warehouse-accidents.jpg\" alt=\"Worker injured in warehouse accident\" width=\"500\" height=\"338\" srcset=\"https:\/\/workinjuryrights.com\/wp-content\/uploads\/2021\/09\/warehouse-accidents.jpg 500w, https:\/\/workinjuryrights.com\/wp-content\/uploads\/2021\/09\/warehouse-accidents-300x203.jpg 300w\" sizes=\"(max-width: 500px) 100vw, 500px\" \/><\/a><\/p>\n<h2><b>Accidentes de almac\u00e9n e indemnizaci\u00f3n laboral<\/b><\/h2>\n<p><span style=\"font-weight: 400;\">Los trabajadores de un almac\u00e9n que resulten lesionados en un accidente pueden sufrir lesiones graves que les cambiar\u00e1n la vida. Es posible que no pueda trabajar durante semanas, meses o incluso permanentemente. Puede vivir con dolor cr\u00f3nico y una calidad de vida reducida, incluso despu\u00e9s de tratamientos invasivos. Cuando su lesi\u00f3n ocurre en el lugar de trabajo o est\u00e1 relacionada con el trabajo,<\/span><span style=\"font-weight: 400;\"> el sistema de compensaci\u00f3n para trabajadores de Florida<\/span><span style=\"font-weight: 400;\"> est\u00e1 dise\u00f1ado para brindar beneficios para cubrir sus gastos m\u00e9dicos y salarios perdidos.<\/span><\/p>\n<p><span style=\"font-weight: 400;\">La compensaci\u00f3n para trabajadores puede cubrir todos los costos m\u00e9dicos razonables asociados con su accidente y proporcionar <\/span><span style=\"font-weight: 400;\">beneficios salariales perdidos<\/span><span style=\"font-weight: 400;\"> mientras no pueda trabajar o si solo puede trabajar a tiempo parcial. Desafortunadamente, obtener los beneficios que tiene derecho a recibir puede ser un desaf\u00edo. Su empleador y su compa\u00f1\u00eda de seguros pueden ofrecer un acuerdo bajo o negar su reclamo v\u00e1lido.<\/span><\/p>\n<p><span style=\"font-weight: 400;\">Pueden argumentar que su lesi\u00f3n es preexistente, que no es tan grave como afirma o que se encuentra lo suficientemente bien como para regresar al trabajo. Para complicar m\u00e1s las cosas, la ley de compensaci\u00f3n para trabajadores de Florida no le permite elegir su propio m\u00e9dico: ser\u00e1n elegidos por su empleador o su compa\u00f1\u00eda de seguros.<\/span><\/p>\n<p><span style=\"font-weight: 400;\">Cuando se enfrenta a lesiones graves despu\u00e9s de un accidente en el almac\u00e9n, se merece un defensor de su lado que lo ayude en cada etapa del proceso de reclamo. En Work Injury Rights, representamos a los trabajadores lesionados en la lucha por los beneficios justos que merecen. Investigaremos su accidente y recopilaremos evidencia para respaldar c\u00f3mo ocurri\u00f3 el accidente y la gravedad de sus lesiones. Si su reclamo es denegado, tambi\u00e9n lo representaremos en una audiencia para presentar su caso.<\/span><\/p>\n<h2><b>Preguntas frecuentes sobre accidentes de almac\u00e9n<\/b><\/h2>\n<h3><b>Amput\u00e9 un dedo mientras trabajaba en una f\u00e1brica. \u00bfC\u00f3mo puede ayudarme la compensaci\u00f3n para trabajadores?<\/b><\/h3>\n<p><span style=\"font-weight: 400;\">Si sufri\u00f3 una amputaci\u00f3n mientras estaba en el trabajo, primero aseg\u00farese de que su empleador ya haya presentado un reclamo de compensaci\u00f3n para trabajadores. Luego, la Compensaci\u00f3n para Trabajadores debe comunicarse con usted. Aseg\u00farese de que todas sus lesiones hayan sido documentadas minuciosamente, como cu\u00e1ndo \/ c\u00f3mo sucedieron y que la lesi\u00f3n ocurri\u00f3 en el trabajo.<\/span><\/p>\n<p><span style=\"font-weight: 400;\">Sus beneficios ayudar\u00e1n a cubrir cualquier gasto m\u00e9dico, tiempo libre o discapacidad. La compensaci\u00f3n para trabajadores puede requerir que se someta a otras evaluaciones m\u00e9dicas para establecer sus capacidades laborales. Es mejor ponerse en contacto hoy mismo con nuestros abogados de compensaci\u00f3n para trabajadores para ver si podr\u00eda calificar para otros beneficios elegibles y asegurarse de que se le defienda con precisi\u00f3n.<\/span><\/p>\n<h3><b>\u00bfQu\u00e9 son las lesiones comunes en los almacenes?<\/b><\/h3>\n<p><span style=\"font-weight: 400;\">Las lesiones comunes en el almac\u00e9n incluyen trabajar con materiales peligrosos, electrocuci\u00f3n, problemas respiratorios, lesiones de espalda, ca\u00eddas, resbalones y accidentes de maquinaria (como lesiones con montacargas). Los accidentes por traumatismos repetitivos tambi\u00e9n son comunes, que incluyen cosas como el t\u00fanel carpiano por escribir con frecuencia o lesiones en el hombro. Dado que los almacenes a menudo incluyen trabajos que requieren mucha mano de obra, es com\u00fan que los art\u00edculos se caigan de los estantes o que los trabajadores tiren de los m\u00fasculos.<\/span><\/p>\n<p><span style=\"font-weight: 400;\">Las lesiones en los almacenes de Amazon han aumentado considerablemente desde 2016. Los trabajadores de las instalaciones de Amazon luchan contra el sobrecalentamiento y sufren lesiones como consecuencia, con una tasa de lesiones de 7.7 por cada 100 empleados. Si ha sufrido una lesi\u00f3n en el trabajo, aseg\u00farese de informar de inmediato a su supervisor, ya que puede ser elegible para la Compensaci\u00f3n para Trabajadores, luego haga un seguimiento con uno de nuestros abogados de lesiones en el almac\u00e9n.<\/span><\/p>\n<h3><b>\u00bfSoy elegible para la compensaci\u00f3n de trabajadores si no estaba usando mi casco y sufr\u00ed una lesi\u00f3n?<\/b><\/h3>\n<p><span style=\"font-weight: 400;\">Florida tiene un sistema de compensaci\u00f3n para trabajadores sin culpa. Esto significa que la culpa no se distribuye ni al empleado ni al empleador. Si su empleador tiene cobertura de compensaci\u00f3n para trabajadores, deber\u00eda poder recibir beneficios que cubran sus gastos m\u00e9dicos, p\u00e9rdida de salario, rehabilitaci\u00f3n, discapacidad u otros costos relacionados.<\/span><\/p>\n<p><span style=\"font-weight: 400;\">Tenga cuidado con los empleadores que lo culpan por no usar equipo de protecci\u00f3n. Independientemente de usar casco, la ausencia de culpa le da derecho a beneficios y es posible que est\u00e9n tratando de evitar presentar un reclamo o pagar beneficios. Para una consulta gratuita, ll\u00e1menos hoy al <a href=\"tel:+19543888616\">954-388-8616<\/a>.<\/span><\/p>\n<h2><b>Comun\u00edquese con Derechos de Lesiones Laborales para una consulta gratuita<\/b><\/h2>\n<p><span style=\"font-weight: 400;\">\u00bfTiene problemas con las lesiones despu\u00e9s de un accidente en el almac\u00e9n? No es necesario que se enfrente solo a su empleador y su compa\u00f1\u00eda de seguros. En Work Injury Rights, tenemos m\u00e1s de 45 a\u00f1os de experiencia combinada luchando por una compensaci\u00f3n para nuestros clientes. Trabajamos sobre la base de honorarios de contingencia, lo que significa que usted no paga nada a menos que recuperemos un acuerdo o veredicto por usted. Cont\u00e1ctenos hoy al <a href=\"tel:+19543888616\">954-388-8616<\/a> para programar su consulta inicial gratuita con un <\/span><a href=\"https:\/\/workinjuryrights.com\/\"><span style=\"font-weight: 400;\">abogado de compensaci\u00f3n para trabajadores de Florida<\/span><\/a><span style=\"font-weight: 400;\"> .<\/span><\/p>\n","protected":false},"excerpt":{"rendered":"<p>Incluso con las medidas de seguridad establecidas, los almacenes son entornos de trabajo peligrosos. Hay m\u00e1s de 800,000 trabajadores de almac\u00e9n en los Estados Unidos con decenas de miles de accidentes reportados cada a\u00f1o. Los accidentes por resbalones y ca\u00eddas y los accidentes con montacargas representan la mayor\u00eda de las lesiones en el almac\u00e9n, pero [&hellip;]<\/p>\n","protected":false},"author":36,"featured_media":0,"parent":5389,"menu_order":0,"comment_status":"closed","ping_status":"closed","template":"","meta":{"_acf_changed":false,"anchor_text":"","footnotes":""},"categories":[],"tags":[],"class_list":["post-5733","page","type-page","status-publish","hentry"],"acf":[],"_links":{"self":[{"href":"https:\/\/workinjuryrights.com\/es\/wp-json\/wp\/v2\/pages\/5733","targetHints":{"allow":["GET"]}}],"collection":[{"href":"https:\/\/workinjuryrights.com\/es\/wp-json\/wp\/v2\/pages"}],"about":[{"href":"https:\/\/workinjuryrights.com\/es\/wp-json\/wp\/v2\/types\/page"}],"author":[{"embeddable":true,"href":"https:\/\/workinjuryrights.com\/es\/wp-json\/wp\/v2\/users\/36"}],"replies":[{"embeddable":true,"href":"https:\/\/workinjuryrights.com\/es\/wp-json\/wp\/v2\/comments?post=5733"}],"version-history":[{"count":4,"href":"https:\/\/workinjuryrights.com\/es\/wp-json\/wp\/v2\/pages\/5733\/revisions"}],"predecessor-version":[{"id":12660,"href":"https:\/\/workinjuryrights.com\/es\/wp-json\/wp\/v2\/pages\/5733\/revisions\/12660"}],"up":[{"embeddable":true,"href":"https:\/\/workinjuryrights.com\/es\/wp-json\/wp\/v2\/pages\/5389"}],"wp:attachment":[{"href":"https:\/\/workinjuryrights.com\/es\/wp-json\/wp\/v2\/media?parent=5733"}],"wp:term":[{"taxonomy":"category","embeddable":true,"href":"https:\/\/workinjuryrights.com\/es\/wp-json\/wp\/v2\/categories?post=5733"},{"taxonomy":"post_tag","embeddable":true,"href":"https:\/\/workinjuryrights.com\/es\/wp-json\/wp\/v2\/tags?post=5733"}],"curies":[{"name":"wp","href":"https:\/\/api.w.org\/{rel}","templated":true}]}}