{"id":5734,"date":"2021-08-15T15:47:00","date_gmt":"2021-08-15T15:47:00","guid":{"rendered":"https:\/\/workinjuryrights.com\/tipo-de-lesion\/back-injury\/"},"modified":"2021-09-28T13:32:43","modified_gmt":"2021-09-28T13:32:43","slug":"lesion-espalda","status":"publish","type":"page","link":"https:\/\/workinjuryrights.com\/es\/tipo-de-lesion\/lesion-espalda\/","title":{"rendered":"Lesi\u00f3n de Espalda"},"content":{"rendered":"<style>.practice-areas{display:none;}<\/style>\n<p><span style=\"font-weight: 400;\">La naturaleza compleja de nuestra columna vertebral puede explicar los cientos de miles de personas que se lesionan la espalda durante el trabajo cada a\u00f1o. Es un hecho bien conocido que puede sufrir una lesi\u00f3n en la espalda f\u00e1cilmente al levantar objetos pesados \u200b\u200by girar de un lado a otro. La columna vertebral puede incluso lesionarse por accidentes aparentemente inofensivos o movimientos repetitivos que ejercen una tensi\u00f3n indebida en la espalda. Las lesiones de espalda y columna pueden tener un gran impacto en su vida.<\/span><\/p>\n<p><span style=\"font-weight: 400;\">Si se lesion\u00f3 en el trabajo, es posible que tenga derecho a una compensaci\u00f3n para trabajadores. En Work Injury Rights, tenemos m\u00e1s de 45 a\u00f1os de experiencia combinada representando a trabajadores lesionados en toda Florida. Nuestro equipo de especialistas en lesiones laborales tiene la experiencia y los conocimientos necesarios para ayudarlo a obtener la mejor representaci\u00f3n legal para su reclamo de compensaci\u00f3n para trabajadores. P\u00f3ngase en contacto con nuestros <\/span><a href=\"https:\/\/workinjuryrights.com\/coral-springs\/workers-compensation-lawyer\/\"><span style=\"font-weight: 400;\">abogados con<\/span><span style=\"font-weight: 400;\"> experiencia <\/span><span style=\"font-weight: 400;\">en compensaci\u00f3n<\/span><span style=\"font-weight: 400;\"> para <\/span><span style=\"font-weight: 400;\">trabajadores<\/span><\/a><span style=\"font-weight: 400;\"> hoy mismo para obtener una consulta gratuita y revisar su reclamo por lesiones en la espalda llamando al <a href=\"tel:+19543888616\">954-388-8616<\/a>.<\/span><\/p>\n<p><span style=\"font-weight: 400;\"><\/span><\/p>\n<h2><b>La mec\u00e1nica espinal de tu espalda<\/b><\/h2>\n<p><span style=\"font-weight: 400;\">Su columna est\u00e1 formada por numerosos huesos, as\u00ed como por nervios que se conectan a su cerebro. Cuando nos movemos, los impulsos el\u00e9ctricos se env\u00edan a trav\u00e9s de la m\u00e9dula espinal a las \u00e1reas del cerebro responsables del movimiento. Los <\/span><a href=\"https:\/\/www.physio-pedia.com\/Fryette%2527s_Laws_of_Spinal_Motion\" target=\"_blank\" rel=\"noopener\"><span style=\"font-weight: 400;\">huesos de la columna<\/span><\/a><span style=\"font-weight: 400;\"> se conocen como v\u00e9rtebras y el material blando entre las v\u00e9rtebras se conoce como discos. Estos discos son parte integral de su movimiento y los huesos protegen los nervios de la m\u00e9dula espinal.<\/span><\/p>\n<p><span style=\"font-weight: 400;\">La columna est\u00e1 formada por tres partes principales conocidas como columna cervical, columna tor\u00e1cica y lumbar, todas las cuales son importantes para un movimiento saludable. Cuando se lesiona la columna vertebral, esto puede afectar gravemente su capacidad para moverse y realizar su trabajo de manera segura.<\/span><\/p>\n<h2><b>Lesiones de espalda comunes en Florida<\/b><\/h2>\n<p><span style=\"font-weight: 400;\">Su columna es duradera y un trabajo de maravilla natural cuando se trata de fuerza, flexibilidad y durabilidad. Sin embargo, eso no significa que no sea propenso a sufrir lesiones, especialmente cuando se somete a una fuerza repetitiva o pesada.<\/span><\/p>\n<p><span style=\"font-weight: 400;\">Echemos un vistazo a algunas <\/span><a href=\"https:\/\/www.cedars-sinai.org\/health-library\/diseases-and-conditions\/b\/back-injuries.html\" target=\"_blank\" rel=\"noopener\"><span style=\"font-weight: 400;\">lesiones<\/span><span style=\"font-weight: 400;\"> comunes de <\/span><span style=\"font-weight: 400;\">espalda y cuello<\/span><\/a><span style=\"font-weight: 400;\"> que pueden ocurrir durante el trabajo:<\/span><\/p>\n<h3><b>Latigazo<\/b><\/h3>\n<p><span style=\"font-weight: 400;\">Esta es una de las lesiones m\u00e1s comunes de la columna. Muchas veces, es causado por accidentes automovil\u00edsticos. El da\u00f1o se produce cuando la cabeza y el cuello de una persona se mueven hacia adelante m\u00e1s r\u00e1pido que el cuerpo. Las lesiones por latigazo cervical generalmente involucran m\u00fasculos, ligamentos y tejidos del cuello en la columna cervical y el cuello.<\/span><\/p>\n<h3><b>Lesi\u00f3n de la columna tor\u00e1cica<\/b><\/h3>\n<p><span style=\"font-weight: 400;\">Este tipo de lesi\u00f3n afecta el pecho y la zona media de la espalda. La lesi\u00f3n de la columna tor\u00e1cica a menudo puede ser bastante grave y causar da\u00f1o permanente a los nervios. Esto puede ser causado por impactos fuertes que resultan de accidentes como un accidente automovil\u00edstico o accidentes en un sitio de construcci\u00f3n. Los s\u00edntomas pueden incluir espasmos, hormigueo, debilidad y dolor en las costillas, hombros, brazos o piernas.<\/span><\/p>\n<h3><b>Lesi\u00f3n de la columna lumbar<\/b><\/h3>\n<p><span style=\"font-weight: 400;\">El levantamiento de objetos pesados \u200b\u200bes a menudo la causa de esta lesi\u00f3n en la espalda baja. Si los m\u00fasculos de la espalda baja se estiran demasiado, pueden producirse da\u00f1os, junto con hinchaz\u00f3n dolorosa, dolor y movilidad limitada.<\/span><\/p>\n<h3><b>Hernia de disco<\/b><\/h3>\n<p><span style=\"font-weight: 400;\">M\u00e1s com\u00fanmente conocida como hernia de disco, esta lesi\u00f3n tambi\u00e9n se puede llamar disco deslizado. Los discos herniados ocurren cuando un disco de v\u00e9rtebras est\u00e1 fuera de lugar y en un lugar inc\u00f3modo. Esto puede hacer que los huesos entren en contacto con los nervios, provocando un dolor que var\u00eda de sordo a completamente debilitante. Otros s\u00edntomas son entumecimiento, debilidad y dolores agudos.<\/span><\/p>\n<p><a href=\"https:\/\/workinjuryrights.com\/wp-content\/uploads\/2021\/09\/back-injury-1.jpg\"><img fetchpriority=\"high\" decoding=\"async\" class=\"alignnone size-full wp-image-3593\" src=\"https:\/\/workinjuryrights.com\/wp-content\/uploads\/2021\/09\/back-injury-1.jpg\" alt=\"Man working with lumber with a back injury\" width=\"500\" height=\"333\" srcset=\"https:\/\/workinjuryrights.com\/wp-content\/uploads\/2021\/09\/back-injury-1.jpg 500w, https:\/\/workinjuryrights.com\/wp-content\/uploads\/2021\/09\/back-injury-1-300x200.jpg 300w\" sizes=\"(max-width: 500px) 100vw, 500px\" \/><\/a><\/p>\n<h2><b>Preguntas frecuentes sobre lesiones de espalda<\/b><\/h2>\n<h3><b>Ayud\u00e9 a un paciente a levantarse despu\u00e9s de caer al suelo; ahora me duele la espalda. \u00bfLos beneficios de compensaci\u00f3n para trabajadores cubrir\u00e1n los costos de mis lesiones?<\/b><\/h3>\n<p><span style=\"font-weight: 400;\">Si bien no es posible decir definitivamente que los beneficios de compensaci\u00f3n para trabajadores cubrir\u00e1n los costos de sus lesiones, es muy probable que siga los procedimientos adecuados. Debe informar de inmediato su lesi\u00f3n y asegurarse de que haya un informe creado con su supervisor. A partir de ah\u00ed, busque atenci\u00f3n m\u00e9dica y obtenga documentaci\u00f3n para todos sus costos y tratamientos.<\/span><\/p>\n<p><span style=\"font-weight: 400;\">Obtener los beneficios de Compensaci\u00f3n para Trabajadores es dif\u00edcil, ya que trabajan muy duro para darle mucho menos dinero del que es elegible. As\u00ed que aseg\u00farese de contactar a un abogado para que lo ayude a guiarlo a trav\u00e9s del proceso legal y presente su reclamo. En Work Injury Rights, lo ayudamos a obtener la compensaci\u00f3n m\u00e1xima que se merece, mientras exploramos todas sus opciones. <\/span><a href=\"https:\/\/workinjuryrights.com\/contact\/\"><span style=\"font-weight: 400;\">Cont\u00e1ctenos hoy<\/span><\/a><span style=\"font-weight: 400;\"> para comenzar a solicitar sus beneficios de Compensaci\u00f3n para Trabajadores.<\/span><\/p>\n<h3><b>Estaba en el trabajo y me lastim\u00e9 la espalda. \u00bfPuedo obtener ayuda a trav\u00e9s de la Compensaci\u00f3n al Trabajador o hay otra opci\u00f3n?<\/b><\/h3>\n<p><span style=\"font-weight: 400;\">Hay algunos otros programas que son similares a la Compensaci\u00f3n para Trabajadores, aunque por lo general no son tan beneficiosos. Las legislaturas locales y ciertos sindicatos est\u00e1n trabajando en nuevos enfoques para las lesiones en el trabajo, pero son pocos y distantes entre s\u00ed. Lo mejor que puede hacer es pasar por el proceso tradicional de compensaci\u00f3n para trabajadores y, al mismo tiempo, analizar algunas de sus otras opciones, pero desea actuar lo m\u00e1s r\u00e1pido posible.<\/span><\/p>\n<p><span style=\"font-weight: 400;\">Es importante que se comunique con un abogado que pueda explicarle el proceso y explorar sus opciones. Para obtener m\u00e1s informaci\u00f3n, llame hoy a Work Injury Rights, y lo pondremos en <\/span><a href=\"https:\/\/workinjuryrights.com\/contact\/\"><span style=\"font-weight: 400;\">contacto<\/span><\/a><span style=\"font-weight: 400;\"> con uno de nuestros abogados con experiencia en compensaci\u00f3n para trabajadores en Florida.<\/span><\/p>\n<h3><b>Me lesion\u00e9 la espalda en el trabajo, \u00bfcu\u00e1ndo debo llamar a un abogado?<\/b><\/h3>\n<p><span style=\"font-weight: 400;\">El mejor momento para llamar a un abogado es inmediatamente despu\u00e9s de informar su lesi\u00f3n a su supervisor. Despu\u00e9s de informar su lesi\u00f3n, es imperativo llamar a un abogado que pueda ayudarlo a comprender sus derechos. Es probable que su supervisor presente un informe y usted reciba una llamada de Compensaci\u00f3n para trabajadores. Tener un abogado de su lado durante este tiempo puede garantizar que obtenga todo lo que le corresponde.<\/span><\/p>\n<p><span style=\"font-weight: 400;\">Lo m\u00e1s importante es cuidarse primero, pero luego debe buscar orientaci\u00f3n legal. En Work Injury Rights, lo ayudaremos a obtener la compensaci\u00f3n m\u00e1xima y a explorar sus opciones, incluidas las reclamaciones de terceros.<\/span><\/p>\n<h3><b>Despu\u00e9s de lesionarme la espalda en el trabajo, \u00bfqu\u00e9 compensaci\u00f3n debo esperar?<\/b><\/h3>\n<p><span style=\"font-weight: 400;\">Despu\u00e9s de lesionarse la espalda en el trabajo, la compensaci\u00f3n que reciba estar\u00e1 directamente relacionada con la gravedad de la lesi\u00f3n. La compensaci\u00f3n para trabajadores debe cubrir sus costos m\u00e9dicos, salarios perdidos e incluso dolor y sufrimiento. Debe esperar recibir una compensaci\u00f3n durante el tratamiento de su lesi\u00f3n y si la lesi\u00f3n le impide regresar al trabajo de alguna manera significativa, puede tener derecho a una compensaci\u00f3n a\u00fan mayor.<\/span><\/p>\n<p><span style=\"font-weight: 400;\">Si cree que se va a quedar sin trabajo despu\u00e9s de lesionarse la espalda, debe comunicarse con nosotros de inmediato. Podemos ayudarlo a comprender qu\u00e9 compensaci\u00f3n esperar y luego luchar para que reciba la cantidad m\u00e1xima de manera oportuna.<\/span><\/p>\n<h3><b>He estado luchando contra el dolor de espalda durante dos a\u00f1os y me diagnosticaron una hernia de disco. No he podido trabajar porque el dolor ha afectado mi vida, \u00bfestoy<\/b><\/h3>\n<h3><b>elegible para discapacidad?<\/b><\/h3>\n<p><span style=\"font-weight: 400;\">Si le diagnosticaron una hernia de disco y tiene pruebas m\u00e9dicas de que tiene un problema de espalda, entonces puede solicitar una discapacidad. Solicitar una discapacidad es un proceso bastante largo y puede ser bastante complicado, por lo que la mayor\u00eda de las personas buscan la ayuda de un abogado. Un abogado de compensaci\u00f3n laboral puede asegurarse de que complete todos los formularios correctamente para obtener la m\u00e1xima cobertura.<\/span><\/p>\n<p><span style=\"font-weight: 400;\">Si est\u00e1 pensando en presentar una solicitud de discapacidad debido a una lesi\u00f3n en la espalda o un problema relacionado, llame a Work Injury Rights hoy y lo pondremos en contacto con un abogado que puede ayudarlo a presentar un reclamo de compensaci\u00f3n para trabajadores simult\u00e1neamente.<\/span><\/p>\n<p><a href=\"https:\/\/workinjuryrights.com\/wp-content\/uploads\/2021\/09\/lawyer-working-desk-1.jpg\"><img decoding=\"async\" class=\"alignnone size-full wp-image-3602\" src=\"https:\/\/workinjuryrights.com\/wp-content\/uploads\/2021\/09\/lawyer-working-desk-1.jpg\" alt=\"Workers' compensation attorney working on his client's case of a work related back injury\" width=\"500\" height=\"333\" srcset=\"https:\/\/workinjuryrights.com\/wp-content\/uploads\/2021\/09\/lawyer-working-desk-1.jpg 500w, https:\/\/workinjuryrights.com\/wp-content\/uploads\/2021\/09\/lawyer-working-desk-1-300x200.jpg 300w\" sizes=\"(max-width: 500px) 100vw, 500px\" \/><\/a><\/p>\n<h2><b>Comun\u00edquese con nuestros abogados de lesiones laborales para obtener una consulta gratuita sobre su lesi\u00f3n en la espalda relacionada con el trabajo<\/b><\/h2>\n<p><span style=\"font-weight: 400;\">Una lesi\u00f3n en la espalda puede ser un evento bastante traum\u00e1tico, no solo f\u00edsicamente sino tambi\u00e9n econ\u00f3micamente. La buena noticia es que tiene opciones. Cuando se lesiona en el trabajo, puede ser elegible para cobrar los beneficios de compensaci\u00f3n para trabajadores para proporcionarle los salarios perdidos y los beneficios m\u00e9dicos despu\u00e9s de su lesi\u00f3n en la espalda.<\/span><\/p>\n<p><span style=\"font-weight: 400;\">En <\/span><a href=\"https:\/\/workinjuryrights.com\/\"><span style=\"font-weight: 400;\">Work Injury Rights<\/span><\/a><span style=\"font-weight: 400;\"> , buscamos la m\u00e1xima compensaci\u00f3n y podemos ayudarlo a explorar sus opciones, incluidas las reclamaciones de terceros. \u00a1Ponemos nuestros m\u00e1s de 45 a\u00f1os de experiencia a trabajar para usted! Trabajamos sobre la base de una tarifa de contingencia, lo que significa que no paga nada a menos que garanticemos un acuerdo o una adjudicaci\u00f3n del jurado para usted. D\u00e9 el primer paso y cont\u00e1ctenos hoy para una consulta gratuita llamando al <a href=\"tel:+19543888616\">954-388-8616<\/a>.<\/span><\/p>\n","protected":false},"excerpt":{"rendered":"<p>La naturaleza compleja de nuestra columna vertebral puede explicar los cientos de miles de personas que se lesionan la espalda durante el trabajo cada a\u00f1o. Es un hecho bien conocido que puede sufrir una lesi\u00f3n en la espalda f\u00e1cilmente al levantar objetos pesados \u200b\u200by girar de un lado a otro. La columna vertebral puede incluso [&hellip;]<\/p>\n","protected":false},"author":36,"featured_media":0,"parent":5395,"menu_order":0,"comment_status":"closed","ping_status":"closed","template":"","meta":{"_acf_changed":false,"anchor_text":"","footnotes":""},"categories":[],"tags":[],"class_list":["post-5734","page","type-page","status-publish","hentry"],"acf":[],"_links":{"self":[{"href":"https:\/\/workinjuryrights.com\/es\/wp-json\/wp\/v2\/pages\/5734","targetHints":{"allow":["GET"]}}],"collection":[{"href":"https:\/\/workinjuryrights.com\/es\/wp-json\/wp\/v2\/pages"}],"about":[{"href":"https:\/\/workinjuryrights.com\/es\/wp-json\/wp\/v2\/types\/page"}],"author":[{"embeddable":true,"href":"https:\/\/workinjuryrights.com\/es\/wp-json\/wp\/v2\/users\/36"}],"replies":[{"embeddable":true,"href":"https:\/\/workinjuryrights.com\/es\/wp-json\/wp\/v2\/comments?post=5734"}],"version-history":[{"count":3,"href":"https:\/\/workinjuryrights.com\/es\/wp-json\/wp\/v2\/pages\/5734\/revisions"}],"predecessor-version":[{"id":6172,"href":"https:\/\/workinjuryrights.com\/es\/wp-json\/wp\/v2\/pages\/5734\/revisions\/6172"}],"up":[{"embeddable":true,"href":"https:\/\/workinjuryrights.com\/es\/wp-json\/wp\/v2\/pages\/5395"}],"wp:attachment":[{"href":"https:\/\/workinjuryrights.com\/es\/wp-json\/wp\/v2\/media?parent=5734"}],"wp:term":[{"taxonomy":"category","embeddable":true,"href":"https:\/\/workinjuryrights.com\/es\/wp-json\/wp\/v2\/categories?post=5734"},{"taxonomy":"post_tag","embeddable":true,"href":"https:\/\/workinjuryrights.com\/es\/wp-json\/wp\/v2\/tags?post=5734"}],"curies":[{"name":"wp","href":"https:\/\/api.w.org\/{rel}","templated":true}]}}