{"id":5735,"date":"2021-08-15T15:59:48","date_gmt":"2021-08-15T15:59:48","guid":{"rendered":"https:\/\/workinjuryrights.com\/tipo-de-lesion\/broken-bones-fractures\/"},"modified":"2021-09-28T13:40:27","modified_gmt":"2021-09-28T13:40:27","slug":"huesos-rotos-fracturas","status":"publish","type":"page","link":"https:\/\/workinjuryrights.com\/es\/tipo-de-lesion\/huesos-rotos-fracturas\/","title":{"rendered":"Huesos Rotos \/ Fracturas"},"content":{"rendered":"<style>.practice-areas{display:none;}<\/style>\n<p><span style=\"font-weight: 400;\">Una de las razones m\u00e1s comunes de las visitas a la sala de emergencias cada a\u00f1o es el resultado de huesos rotos, tambi\u00e9n conocidos como fracturas. A menudo, estos huesos rotos requieren alg\u00fan tiempo dedicado a la recuperaci\u00f3n, ya que este tipo de lesiones pueden variar de leves a graves. Algunas fracturas pueden dificultar la realizaci\u00f3n de sus actividades diarias y deberes laborales. Cosas como la fisioterapia y la falta de movilidad pueden significar p\u00e9rdida de tiempo y salario en el trabajo. Si ha sufrido una fractura en un hueso o una fractura debido a un accidente relacionado con el trabajo, es posible que tenga derecho a un acuerdo de compensaci\u00f3n para trabajadores. En Work Injury Rights, nuestro equipo est\u00e1 listo para ayudarlo a obtener la compensaci\u00f3n que se merece por sus lesiones. Cont\u00e1ctenos hoy para averiguar c\u00f3mo puede presentar su reclamo y calificar para los beneficios.<\/span><\/p>\n<p><span style=\"font-weight: 400;\"><\/span><\/p>\n<h2><b>Causas comunes de huesos fracturados y rotos<\/b><\/h2>\n<p><a href=\"https:\/\/medlineplus.gov\/ency\/article\/000001.htm\" target=\"_blank\" rel=\"noopener\"><span style=\"font-weight: 400;\">Las fracturas de huesos<\/span><\/a><span style=\"font-weight: 400;\"> o articulaciones son algunas de las lesiones m\u00e1s comunes que ocurren en el lugar de trabajo. Naturalmente, algunas industrias son m\u00e1s propensas al riesgo y representan un peligro mayor que otras. Uno de los m\u00e1s peligrosos es la industria de la construcci\u00f3n, que conlleva una gran cantidad de riesgos laborales.<\/span><\/p>\n<p><span style=\"font-weight: 400;\">Varias condiciones peligrosas en el lugar de trabajo pueden causar fracturas, que incluyen:<\/span><\/p>\n<ul>\n<li style=\"font-weight: 400;\" aria-level=\"1\"><span style=\"font-weight: 400;\">Objetos que caen<\/span><span style=\"font-weight: 400;\">\u00a0\u00a0\u00a0\u00a0\u00a0\u00a0<\/span><\/li>\n<li style=\"font-weight: 400;\" aria-level=\"1\"><span style=\"font-weight: 400;\">Accidentes por resbalones y ca\u00eddas<\/span><span style=\"font-weight: 400;\">\u00a0\u00a0\u00a0\u00a0\u00a0\u00a0<\/span><\/li>\n<li style=\"font-weight: 400;\" aria-level=\"1\"><span style=\"font-weight: 400;\">Choques de autom\u00f3viles o veh\u00edculos<\/span><span style=\"font-weight: 400;\">\u00a0\u00a0\u00a0\u00a0\u00a0\u00a0<\/span><\/li>\n<li style=\"font-weight: 400;\" aria-level=\"1\"><span style=\"font-weight: 400;\">Mal funcionamiento del equipo<\/span><span style=\"font-weight: 400;\">\u00a0\u00a0\u00a0\u00a0\u00a0\u00a0<\/span><\/li>\n<\/ul>\n<p><span style=\"font-weight: 400;\">Accidentes por tropiezos y ca\u00eddas<\/span><span style=\"font-weight: 400;\">\u00a0 \u00a0 \u00a0 <\/span><\/p>\n<p><a href=\"https:\/\/workinjuryrights.com\/wp-content\/uploads\/2021\/09\/broken-collar-bone-xray-1.jpg\"><img fetchpriority=\"high\" decoding=\"async\" class=\"alignnone size-full wp-image-3556\" src=\"https:\/\/workinjuryrights.com\/wp-content\/uploads\/2021\/09\/broken-collar-bone-xray-1.jpg\" alt=\"Broken bone of the clavicle xray\" width=\"500\" height=\"336\" srcset=\"https:\/\/workinjuryrights.com\/wp-content\/uploads\/2021\/09\/broken-collar-bone-xray-1.jpg 500w, https:\/\/workinjuryrights.com\/wp-content\/uploads\/2021\/09\/broken-collar-bone-xray-1-300x202.jpg 300w\" sizes=\"(max-width: 500px) 100vw, 500px\" \/><\/a><\/p>\n<h2><b>Tipos de huesos fracturados y rotos<\/b><\/h2>\n<p><span style=\"font-weight: 400;\">Como ocurre con cualquier lesi\u00f3n, existen diferentes tipos de fracturas \u00f3seas. Cada uno con diferentes per\u00edodos de recuperaci\u00f3n y opciones de tratamiento seg\u00fan la naturaleza de la lesi\u00f3n. Un hueso que est\u00e1 roto pero que no ha perforado la piel puede requerir de cuatro a seis semanas para recuperarse y un tiempo fuera de su trabajo. Esto se conoce como fractura simple o cerrada.<\/span><\/p>\n<p><span style=\"font-weight: 400;\">Cuando el hueso rompe la piel, la rotura se denomina fractura compuesta o abierta. Las fracturas var\u00edan mucho en tama\u00f1o, ubicaci\u00f3n y gravedad. Todos estos factores se consideran al determinar el valor de un reclamo de compensaci\u00f3n para trabajadores.<\/span><\/p>\n<p><span style=\"font-weight: 400;\">Algunos de los otros tipos de fracturas m\u00e1s comunes son:<\/span><\/p>\n<ul>\n<li><b>Estr\u00e9s: peque\u00f1as grietas en el hueso, a menudo por estr\u00e9s intenso.<\/b><\/li>\n<li><b>Estable <\/b><span style=\"font-weight: 400;\">: esta fractura leve no causa ning\u00fan da\u00f1o a los nervios.<\/span><\/li>\n<li><b>Lineal <\/b><span style=\"font-weight: 400;\">: tipo de fractura leve que se extiende a lo largo del hueso.<\/span><\/li>\n<li><b>Impactado <\/b><span style=\"font-weight: 400;\">: cuando varios fragmentos de hueso se empujan entre s\u00ed.<\/span><\/li>\n<li><b>Fisura <\/b><span style=\"font-weight: 400;\">: cuando un hueso se divide pero no se rompe<\/span><\/li>\n<li><b>Palo verde <\/b><span style=\"font-weight: 400;\">: una parte del hueso est\u00e1 doblada y otra parte est\u00e1 rota.<\/span><\/li>\n<li><b>Deprimido <\/b><span style=\"font-weight: 400;\">: cuando el cr\u00e1neo se aplasta hacia el cerebro.<\/span><\/li>\n<li><b>Compuesto <\/b><span style=\"font-weight: 400;\">: cuando un hueso roto (o huesos) causa otra lesi\u00f3n, como un pulm\u00f3n perforado.<\/span><\/li>\n<li><b>Conminuta <\/b><span style=\"font-weight: 400;\">: un hueso roto en varios lugares.<\/span><\/li>\n<\/ul>\n<h2><b>P\u00f3ngase en contacto con nuestros abogados de lesiones laborales para una consulta gratuita<\/b><\/h2>\n<p><span style=\"font-weight: 400;\">\u00bfHa sufrido una fractura o un hueso roto por un incidente relacionado con el trabajo? Si es as\u00ed, puede tener derecho a los beneficios de compensaci\u00f3n para trabajadores. \u00bfNecesita un abogado con experiencia para describir sus derechos y ayudarlo a presentar su reclamo? En <\/span><a href=\"https:\/\/workinjuryrights.com\/\"><span style=\"font-weight: 400;\">Work Injury Rights<\/span><\/a><span style=\"font-weight: 400;\"> , luchamos por sus derechos y le brindamos la mejor representaci\u00f3n legal en el negocio.<\/span><\/p>\n<p><span style=\"font-weight: 400;\">Con m\u00e1s de 45 a\u00f1os de experiencia combinada, tenemos la experiencia para ofrecer servicios legales de la m\u00e1s alta calidad. Todo nuestro trabajo se realiza sobre la base de una tarifa de contingencia, por lo que no tiene que pagar a menos que se le otorgue un acuerdo. P\u00f3ngase en contacto con nuestro equipo legal experto hoy para una consulta gratuita.<\/span><\/p>\n","protected":false},"excerpt":{"rendered":"<p>Una de las razones m\u00e1s comunes de las visitas a la sala de emergencias cada a\u00f1o es el resultado de huesos rotos, tambi\u00e9n conocidos como fracturas. A menudo, estos huesos rotos requieren alg\u00fan tiempo dedicado a la recuperaci\u00f3n, ya que este tipo de lesiones pueden variar de leves a graves. Algunas fracturas pueden dificultar la [&hellip;]<\/p>\n","protected":false},"author":36,"featured_media":0,"parent":5395,"menu_order":0,"comment_status":"closed","ping_status":"closed","template":"","meta":{"_acf_changed":false,"anchor_text":"","footnotes":""},"categories":[],"tags":[],"class_list":["post-5735","page","type-page","status-publish","hentry"],"acf":[],"_links":{"self":[{"href":"https:\/\/workinjuryrights.com\/es\/wp-json\/wp\/v2\/pages\/5735","targetHints":{"allow":["GET"]}}],"collection":[{"href":"https:\/\/workinjuryrights.com\/es\/wp-json\/wp\/v2\/pages"}],"about":[{"href":"https:\/\/workinjuryrights.com\/es\/wp-json\/wp\/v2\/types\/page"}],"author":[{"embeddable":true,"href":"https:\/\/workinjuryrights.com\/es\/wp-json\/wp\/v2\/users\/36"}],"replies":[{"embeddable":true,"href":"https:\/\/workinjuryrights.com\/es\/wp-json\/wp\/v2\/comments?post=5735"}],"version-history":[{"count":3,"href":"https:\/\/workinjuryrights.com\/es\/wp-json\/wp\/v2\/pages\/5735\/revisions"}],"predecessor-version":[{"id":6175,"href":"https:\/\/workinjuryrights.com\/es\/wp-json\/wp\/v2\/pages\/5735\/revisions\/6175"}],"up":[{"embeddable":true,"href":"https:\/\/workinjuryrights.com\/es\/wp-json\/wp\/v2\/pages\/5395"}],"wp:attachment":[{"href":"https:\/\/workinjuryrights.com\/es\/wp-json\/wp\/v2\/media?parent=5735"}],"wp:term":[{"taxonomy":"category","embeddable":true,"href":"https:\/\/workinjuryrights.com\/es\/wp-json\/wp\/v2\/categories?post=5735"},{"taxonomy":"post_tag","embeddable":true,"href":"https:\/\/workinjuryrights.com\/es\/wp-json\/wp\/v2\/tags?post=5735"}],"curies":[{"name":"wp","href":"https:\/\/api.w.org\/{rel}","templated":true}]}}