{"id":5736,"date":"2021-08-15T16:17:02","date_gmt":"2021-08-15T16:17:02","guid":{"rendered":"https:\/\/workinjuryrights.com\/tipo-de-lesion\/burn-injury\/"},"modified":"2021-09-28T13:48:51","modified_gmt":"2021-09-28T13:48:51","slug":"lesion-quemaduras","status":"publish","type":"page","link":"https:\/\/workinjuryrights.com\/es\/tipo-de-lesion\/lesion-quemaduras\/","title":{"rendered":"Lesi\u00f3n por Quemaduras"},"content":{"rendered":"<style>.practice-areas{display:none;}<\/style>\n<p><span style=\"font-weight: 400;\">Tr\u00e1gicamente, todos los d\u00edas ocurren dolorosas quemaduras en todo el pa\u00eds. Si bien las quemaduras peque\u00f1as pueden curarse r\u00e1pidamente y dejar solo da\u00f1os cosm\u00e9ticos, las quemaduras graves pueden provocar da\u00f1os f\u00edsicos e incluso emocionales duraderos. Este tipo de lesi\u00f3n por quemadura tr\u00e1gica en el lugar de trabajo puede dejarlo con un mont\u00f3n de problemas, que incluyen facturas m\u00e9dicas extensas y salarios perdidos. Una forma de recuperar algunos de estos costos es a trav\u00e9s de un reclamo de compensaci\u00f3n para trabajadores.<\/span><\/p>\n<p><span style=\"font-weight: 400;\">Si ha sufrido una quemadura grave mientras estaba en el trabajo, es posible que tenga derecho a un acuerdo de compensaci\u00f3n para trabajadores. El mejor curso de acci\u00f3n es buscar la orientaci\u00f3n de un <\/span><a href=\"https:\/\/workinjuryrights.com\/coral-springs\/workers-compensation-lawyer\/\"><span style=\"font-weight: 400;\">abogado con experiencia en compensaci\u00f3n para trabajadores<\/span><\/a><span style=\"font-weight: 400;\"> . En Work Injury Rights, luchamos por sus derechos. Cont\u00e1ctenos para obtener m\u00e1s informaci\u00f3n sobre el proceso de compensaci\u00f3n para trabajadores y c\u00f3mo presentar su reclamo.<\/span><\/p>\n<p><span style=\"font-weight: 400;\"><\/span><\/p>\n<h2><b>Tipos de quemaduras<\/b><\/h2>\n<p><span style=\"font-weight: 400;\">Hay <\/span><a href=\"https:\/\/www.healthline.com\/health\/burns\" target=\"_blank\" rel=\"noopener\"><span style=\"font-weight: 400;\">tres tipos principales<\/span><\/a><span style=\"font-weight: 400;\"> de lesiones por quemaduras. \u00c9stos incluyen:<\/span><\/p>\n<h3><b>Quemaduras de primer grado<\/b><\/h3>\n<p><span style=\"font-weight: 400;\">Este tipo de quemadura leve es extremadamente com\u00fan. Es una quemadura leve que no requiere ning\u00fan tratamiento m\u00e9dico. Puede causar malestar e irritaci\u00f3n en las capas externas de la piel, pero se puede tratar con cremas para quemaduras de venta libre u otros remedios como el aloe vera para calmar. De cualquier manera, las quemaduras de primer grado sanar\u00e1n por s\u00ed solas despu\u00e9s de unos d\u00edas.<\/span><\/p>\n<h3><b>Quemaduras de segundo grado<\/b><\/h3>\n<p><span style=\"font-weight: 400;\">Las quemaduras de segundo grado suelen ir acompa\u00f1adas de s\u00edntomas que incluyen enrojecimiento de la piel, ampollas y dolor. Las quemaduras de segundo grado pueden hacer que la piel luzca h\u00fameda, derramar l\u00edquido y, a veces, provocar la p\u00e9rdida de la piel. Estos tipos de quemaduras deben tratarse de inmediato bajo el cuidado de un profesional m\u00e9dico.<\/span><\/p>\n<h3><b>Quemaduras de tercer grado<\/b><\/h3>\n<p><span style=\"font-weight: 400;\">Las quemaduras de tercer grado son las m\u00e1s graves y deben tomarse en serio. Este tipo de lesi\u00f3n quema todas las capas de la piel y destruye el tejido, lo que provoca un dolor importante y la posibilidad de infecciones masivas. La piel se vuelve seca y curtida o carbonizada y oscura. Si alguien sufre una quemadura de tercer grado, debe buscar atenci\u00f3n m\u00e9dica de inmediato.<\/span><\/p>\n<p><span style=\"font-weight: 400;\">Hay muchas formas de convertirse en una v\u00edctima de lesiones por quemaduras mientras est\u00e1 en el trabajo. Las lesiones por quemaduras m\u00e1s comunes pueden deberse a:<\/span><\/p>\n<ul>\n<li style=\"font-weight: 400;\" aria-level=\"1\"><b>Explosiones de <\/b><span style=\"font-weight: 400;\">gas: las fugas de gas que se incendian se quemar\u00e1n.<\/span><span style=\"font-weight: 400;\">\u00a0\u00a0\u00a0\u00a0\u00a0\u00a0<\/span><\/li>\n<li style=\"font-weight: 400;\" aria-level=\"1\"><b>Escaldado <\/b><span style=\"font-weight: 400;\">: cuando el l\u00edquido caliente toca la piel.<\/span><span style=\"font-weight: 400;\">\u00a0\u00a0\u00a0\u00a0\u00a0\u00a0<\/span><\/li>\n<li style=\"font-weight: 400;\" aria-level=\"1\"><b>Quemaduras qu\u00edmicas <\/b><span style=\"font-weight: 400;\">: pueden ser causadas por \u00e1cidos fuertes que entran en contacto con la piel.<\/span><span style=\"font-weight: 400;\">\u00a0\u00a0\u00a0\u00a0\u00a0\u00a0<\/span><\/li>\n<li style=\"font-weight: 400;\" aria-level=\"1\"><b>Quemaduras <\/b><span style=\"font-weight: 400;\">el\u00e9ctricas: el voltaje el\u00e9ctrico que toca la superficie de la piel puede causar quemaduras graves.<\/span><span style=\"font-weight: 400;\">\u00a0\u00a0\u00a0\u00a0\u00a0\u00a0<\/span><\/li>\n<\/ul>\n<p><b>Quemaduras por inhalaci\u00f3n <\/b><span style=\"font-weight: 400;\">: por inhalar humo, vapor o vapores t\u00f3xicos<\/span><\/p>\n<p><a href=\"https:\/\/workinjuryrights.com\/wp-content\/uploads\/2021\/09\/burn-injury-work-1.jpg\"><img fetchpriority=\"high\" decoding=\"async\" class=\"alignnone size-full wp-image-3618\" src=\"https:\/\/workinjuryrights.com\/wp-content\/uploads\/2021\/09\/burn-injury-work-1.jpg\" alt=\"Worker inspecting circuit breaker that can cause a burn injury\" width=\"500\" height=\"333\" srcset=\"https:\/\/workinjuryrights.com\/wp-content\/uploads\/2021\/09\/burn-injury-work-1.jpg 500w, https:\/\/workinjuryrights.com\/wp-content\/uploads\/2021\/09\/burn-injury-work-1-300x200.jpg 300w\" sizes=\"(max-width: 500px) 100vw, 500px\" \/><\/a><\/p>\n<h2><b>Compensaci\u00f3n por el dolor y el sufrimiento f\u00edsico y emocional<\/b><\/h2>\n<p><span style=\"font-weight: 400;\">Aunque las quemaduras pueden ser incre\u00edblemente dolorosas y provocar da\u00f1os f\u00edsicos permanentes, usted o su ser querido tambi\u00e9n merecen una compensaci\u00f3n por el dolor y el sufrimiento emocional. Sin embargo, si se determina que el acusado es responsable, se le exigir\u00e1 que pague m\u00e1s que solo las facturas del hospital y los salarios perdidos. El dolor emocional, el sufrimiento y el trauma relacionados con una lesi\u00f3n por quemadura tambi\u00e9n ser\u00e1n un factor en cualquier acuerdo.<\/span><\/p>\n<h2><b>Preguntas frecuentes sobre lesiones por quemaduras<\/b><\/h2>\n<h3><b>\u00bfMi reclamo de compensaci\u00f3n para trabajadores y mi compensaci\u00f3n ser\u00e1n diferentes dependiendo de mis lesiones?<\/b><\/h3>\n<p><span style=\"font-weight: 400;\">Si bien todas las lesiones por quemaduras son importantes, la cantidad de dinero que reciba variar\u00e1 seg\u00fan la gravedad de la quemadura. Una quemadura m\u00e1s importante y debilitante resultar\u00e1 en m\u00e1s dinero que una quemadura de primer grado. Las quemaduras se dividen en cuatro categor\u00edas:<\/span><\/p>\n<ul>\n<li><span style=\"font-weight: 400;\"> Quemaduras de primer grado: las menos graves y pueden tratarse in situ con vendaje y antis\u00e9ptico.<\/span><\/li>\n<li><span style=\"font-weight: 400;\"> Quemaduras de segundo grado: provocan dolor, enrojecimiento y da\u00f1o a la piel. Pueden provocar cicatrices si no son tratadas por un profesional.<\/span><\/li>\n<li><span style=\"font-weight: 400;\"> Quemaduras de tercer grado: impactan la capa de grasa debajo de la segunda capa de su piel. Las v\u00edctimas que tengan quemaduras tan graves necesitar\u00e1n medicamentos recetados y tiempo libre del trabajo.<\/span><\/li>\n<li><span style=\"font-weight: 400;\"> Quemaduras de cuarto grado: las m\u00e1s graves y pueden afectar significativamente la vida de una persona y, a menudo, pueden provocar la muerte.<\/span><\/li>\n<\/ul>\n<p><span style=\"font-weight: 400;\">La gravedad de sus quemaduras, cu\u00e1nto afectan su capacidad para vivir su vida y su trabajo, y c\u00f3mo afectan sus ingresos, determinar\u00e1n su reclamo de compensaci\u00f3n para trabajadores. Para asegurarse de obtener la mayor cantidad posible despu\u00e9s de una lesi\u00f3n por quemadura en el trabajo, <\/span><a href=\"https:\/\/workinjuryrights.com\/contact\/\"><span style=\"font-weight: 400;\">comun\u00edquese<\/span><\/a><span style=\"font-weight: 400;\"> hoy mismo <\/span><span style=\"font-weight: 400;\">con<\/span><span style=\"font-weight: 400;\"> Work Injury Rights.<\/span><\/p>\n<h3><b>Estaba en el condado de Broward haciendo mi trabajo y me quem\u00e9 mucho. La recuperaci\u00f3n ha sido lenta y mis ingresos han ca\u00eddo a niveles insostenibles. \u00bfSoy elegible para conseguir trabajadores?<\/b><\/h3>\n<h3><b>comp de mi trabajo?<\/b><\/h3>\n<p><span style=\"font-weight: 400;\">Si fue quemado en su lugar de trabajo del condado de Broward, entonces es absolutamente elegible para la compensaci\u00f3n de trabajadores porque falta al trabajo y no puede aumentar sus ingresos. Sin embargo, es una lucha dura porque las compa\u00f1\u00edas de seguros tratan de evitar los pagos tanto como sea posible.<\/span><\/p>\n<p><span style=\"font-weight: 400;\">La mayor\u00eda de las personas que se queman en el trabajo necesitar\u00e1n recibir tratamiento continuo para ayudar con da\u00f1os, cicatrices e incluso apoyo para la salud mental. Hay diferentes factores que influyen en cu\u00e1ndo y c\u00f3mo puede volver al trabajo. Cada situaci\u00f3n es diferente y requiere un enfoque \u00fanico.<\/span><\/p>\n<p><span style=\"font-weight: 400;\">Como abogados con experiencia en compensaci\u00f3n laboral y lesiones por quemaduras del condado de Broward, podemos ayudarlo a obtener la compensaci\u00f3n que se merece. Trabajaremos con usted para archivar correctamente su documentaci\u00f3n y satisfacer sus necesidades m\u00e9dicas. Ll\u00e1menos hoy llamando al <a href=\"tel:+19543888616\">954-388-8616<\/a> o complete este formulario de contacto aqu\u00ed.<\/span><\/p>\n<h3><b>Mi hijo tiene su primer trabajo y no recibe seguro por \u00e9l. Mientras trabajaban, sufrieron quemaduras por una freidora. \u00bfTengo que pagar de mi bolsillo o puede<\/b><\/h3>\n<h3><b>estar cubierto por la compensaci\u00f3n de trabajadores?<\/b><\/h3>\n<p><span style=\"font-weight: 400;\">Estos casos siempre son dif\u00edciles, pero de acuerdo con la Divisi\u00f3n de Compensaci\u00f3n para Trabajadores de Florida, si un lugar de trabajo tiene m\u00e1s de cuatro trabajadores (a tiempo parcial o completo), entonces deben tener un seguro de compensaci\u00f3n para trabajadores. En particular, los trabajadores del servicio de alimentos deben tener un seguro que cubra:<\/span><\/p>\n<ul>\n<li><span style=\"font-weight: 400;\"> Visitas de atenci\u00f3n m\u00e9dica<\/span><\/li>\n<li><span style=\"font-weight: 400;\"> Hospitalizaci\u00f3n \/ Estancias en el hospital<\/span><\/li>\n<li><span style=\"font-weight: 400;\"> fisioterapia<\/span><\/li>\n<li><span style=\"font-weight: 400;\"> Todas las pruebas m\u00e9dicas<\/span><\/li>\n<li><span style=\"font-weight: 400;\"> Recetas y medicamentos<\/span><\/li>\n<li><span style=\"font-weight: 400;\"> Necesidades de pr\u00f3tesis<\/span><\/li>\n<li><span style=\"font-weight: 400;\"> Tratamientos psicol\u00f3gicos<\/span><\/li>\n<li><span style=\"font-weight: 400;\"> Kilometraje \/ gastos de viaje<\/span><\/li>\n<\/ul>\n<p><span style=\"font-weight: 400;\">Dependiendo de la gravedad de la quemadura y de si afecta o no la capacidad de trabajar en el futuro, es probable que un adolescente sea elegible para los beneficios de compensaci\u00f3n para trabajadores. Para obtener m\u00e1s informaci\u00f3n sobre su caso individual, comun\u00edquese hoy mismo con Work Injury Rights.<\/span><\/p>\n<h3><b>\u00bfQu\u00e9 compensaci\u00f3n recibir\u00e9 por una lesi\u00f3n por quemadura?<\/b><\/h3>\n<p><span style=\"font-weight: 400;\">Puede reclamar una compensaci\u00f3n econ\u00f3mica y no econ\u00f3mica despu\u00e9s de una lesi\u00f3n por quemadura. Deber\u00e1 enumerar las demandas de su reclamo y explicar por qu\u00e9 sus lesiones por quemaduras lo llevaron a buscar una compensaci\u00f3n. Es un proceso complicado, pero podemos ayudar.<\/span><\/p>\n<p><span style=\"font-weight: 400;\">Es dif\u00edcil predecir cu\u00e1nta compensaci\u00f3n recibir\u00e1 por una lesi\u00f3n por quemadura, ya que todos tienen diferentes circunstancias en torno a sus lesiones. <\/span><span style=\"font-weight: 400;\"><a href=\"https:\/\/workinjuryrights.com\/contact\/\">Comun\u00edquese<\/a> con<\/span><span style=\"font-weight: 400;\"> Work Injury Rights hoy mismo y le ofreceremos una consulta gratuita y lo ayudaremos a comprender para qu\u00e9 compensaci\u00f3n puede ser elegible.<\/span><\/p>\n<h3><b>\u00bfPuedo solicitar una compensaci\u00f3n para trabajadores por una quemadura de segundo grado?<\/b><\/h3>\n<p><span style=\"font-weight: 400;\">S\u00ed, puede presentar un reclamo de compensaci\u00f3n para trabajadores siempre que pueda demostrar negligencia y que la quemadura afecte su trabajo. Como abogados de lesiones laborales y quemaduras, analizamos algunos factores diferentes que rodean su lesi\u00f3n, que incluyen:<\/span><\/p>\n<ul>\n<li><span style=\"font-weight: 400;\"> Qu\u00e9 tan grave es la quemadura<\/span><\/li>\n<li><span style=\"font-weight: 400;\"> \u00bfQu\u00e9 caus\u00f3 su quemadura de segundo grado?<\/span><\/li>\n<li><span style=\"font-weight: 400;\"> Cu\u00e1nto trabajo perdi\u00f3 debido a la lesi\u00f3n<\/span><\/li>\n<li><span style=\"font-weight: 400;\"> Si la quemadura lo afect\u00f3 mentalmente<\/span><\/li>\n<li><span style=\"font-weight: 400;\"> Dolor y sufrimiento<\/span><\/li>\n<li><span style=\"font-weight: 400;\"> Niveles de ingresos antes y despu\u00e9s de la lesi\u00f3n.<\/span><\/li>\n<li><span style=\"font-weight: 400;\"> El costo de sus gastos m\u00e9dicos.<\/span><\/li>\n<\/ul>\n<p><span style=\"font-weight: 400;\">Si\u00e9ntese para hablar con uno de nuestros profesionales legales y lo ayudaremos a comprender la importancia de su reclamo y lo que podr\u00eda significar para usted en el futuro. Antes de buscar una indemnizaci\u00f3n, es importante hablar con un abogado con experiencia en lesiones por quemaduras. Ll\u00e1manos hoy al <a href=\"tel:+19543888616\">954-388-8616<\/a>.<\/span><\/p>\n<p><a href=\"https:\/\/workinjuryrights.com\/wp-content\/uploads\/2021\/09\/lawyer-client-consult-1.jpg\"><img decoding=\"async\" class=\"alignnone size-full wp-image-3621\" src=\"https:\/\/workinjuryrights.com\/wp-content\/uploads\/2021\/09\/lawyer-client-consult-1.jpg\" alt=\"Lawyer consulting client about workers' compensation for a burn injury\" width=\"500\" height=\"333\" srcset=\"https:\/\/workinjuryrights.com\/wp-content\/uploads\/2021\/09\/lawyer-client-consult-1.jpg 500w, https:\/\/workinjuryrights.com\/wp-content\/uploads\/2021\/09\/lawyer-client-consult-1-300x200.jpg 300w\" sizes=\"(max-width: 500px) 100vw, 500px\" \/><\/a><\/p>\n<h2><b>P\u00f3ngase en contacto con nuestros abogados de lesiones laborales para una consulta gratuita<\/b><\/h2>\n<p><span style=\"font-weight: 400;\">Una lesi\u00f3n por quemadura puede ser un evento debilitante, no solo f\u00edsica sino tambi\u00e9n emocional y econ\u00f3micamente. Pero es importante saber que no est\u00e1 solo. En <\/span><a href=\"https:\/\/workinjuryrights.com\/\"><span style=\"font-weight: 400;\">Work Injury Rights<\/span><\/a><span style=\"font-weight: 400;\"> , luchamos por nuestros clientes, ayud\u00e1ndoles a obtener el m\u00e1ximo acuerdo de compensaci\u00f3n laboral disponible.<\/span><\/p>\n<p><span style=\"font-weight: 400;\">Nuestro equipo tiene m\u00e1s de 45 a\u00f1os de experiencia combinada en el manejo de las complejidades de las reclamaciones por lesiones laborales. Adem\u00e1s, trabajamos sobre la base de una tarifa de contingencia, por lo que no tendr\u00e1 que pagar nada hasta que haya recibido los fondos de su acuerdo. Comun\u00edquese hoy mismo con nuestro equipo legal experto para una consulta gratuita llamando al <a href=\"tel:+19543888616\">954-388-8616<\/a>.<\/span><\/p>\n","protected":false},"excerpt":{"rendered":"<p>Tr\u00e1gicamente, todos los d\u00edas ocurren dolorosas quemaduras en todo el pa\u00eds. Si bien las quemaduras peque\u00f1as pueden curarse r\u00e1pidamente y dejar solo da\u00f1os cosm\u00e9ticos, las quemaduras graves pueden provocar da\u00f1os f\u00edsicos e incluso emocionales duraderos. Este tipo de lesi\u00f3n por quemadura tr\u00e1gica en el lugar de trabajo puede dejarlo con un mont\u00f3n de problemas, que [&hellip;]<\/p>\n","protected":false},"author":36,"featured_media":0,"parent":5395,"menu_order":0,"comment_status":"closed","ping_status":"closed","template":"","meta":{"_acf_changed":false,"anchor_text":"","footnotes":""},"categories":[],"tags":[],"class_list":["post-5736","page","type-page","status-publish","hentry"],"acf":[],"_links":{"self":[{"href":"https:\/\/workinjuryrights.com\/es\/wp-json\/wp\/v2\/pages\/5736","targetHints":{"allow":["GET"]}}],"collection":[{"href":"https:\/\/workinjuryrights.com\/es\/wp-json\/wp\/v2\/pages"}],"about":[{"href":"https:\/\/workinjuryrights.com\/es\/wp-json\/wp\/v2\/types\/page"}],"author":[{"embeddable":true,"href":"https:\/\/workinjuryrights.com\/es\/wp-json\/wp\/v2\/users\/36"}],"replies":[{"embeddable":true,"href":"https:\/\/workinjuryrights.com\/es\/wp-json\/wp\/v2\/comments?post=5736"}],"version-history":[{"count":3,"href":"https:\/\/workinjuryrights.com\/es\/wp-json\/wp\/v2\/pages\/5736\/revisions"}],"predecessor-version":[{"id":6178,"href":"https:\/\/workinjuryrights.com\/es\/wp-json\/wp\/v2\/pages\/5736\/revisions\/6178"}],"up":[{"embeddable":true,"href":"https:\/\/workinjuryrights.com\/es\/wp-json\/wp\/v2\/pages\/5395"}],"wp:attachment":[{"href":"https:\/\/workinjuryrights.com\/es\/wp-json\/wp\/v2\/media?parent=5736"}],"wp:term":[{"taxonomy":"category","embeddable":true,"href":"https:\/\/workinjuryrights.com\/es\/wp-json\/wp\/v2\/categories?post=5736"},{"taxonomy":"post_tag","embeddable":true,"href":"https:\/\/workinjuryrights.com\/es\/wp-json\/wp\/v2\/tags?post=5736"}],"curies":[{"name":"wp","href":"https:\/\/api.w.org\/{rel}","templated":true}]}}