{"id":5737,"date":"2021-08-15T16:20:59","date_gmt":"2021-08-15T16:20:59","guid":{"rendered":"https:\/\/workinjuryrights.com\/tipo-de-lesion\/construction-site-accidents\/"},"modified":"2021-09-28T14:07:35","modified_gmt":"2021-09-28T14:07:35","slug":"accidentes-sitio-construccion","status":"publish","type":"page","link":"https:\/\/workinjuryrights.com\/es\/tipo-de-lesion\/accidentes-sitio-construccion\/","title":{"rendered":"Accidentes en el Sitio de Construcci\u00f3n"},"content":{"rendered":"<style>.practice-areas{display:none;}<\/style>\n<p><span style=\"font-weight: 400;\">Cada a\u00f1o, miles de trabajadores de obras de construcci\u00f3n se lesionan en el lugar de trabajo. Aunque existen muchas regulaciones federales y estatales para prevenir accidentes en sitios de construcci\u00f3n, este tipo de lesiones son muy comunes en Florida y el resto de los Estados Unidos. La fecha l\u00edmite para presentar un reclamo de compensaci\u00f3n para trabajadores es dentro de los 30 d\u00edas posteriores al accidente. .<\/span><\/p>\n<p><span style=\"font-weight: 400;\">Si se lesion\u00f3 en el trabajo, es mejor buscar la orientaci\u00f3n legal de un abogado de lesiones laborales lo antes posible porque presentar un reclamo puede ser un proceso complejo y puede pasar por alto detalles pertinentes a su caso si contin\u00faa sin representaci\u00f3n legal. . Es una buena idea ponerse en contacto con un abogado dentro de las dos semanas posteriores al incidente.<\/span><\/p>\n<p><span style=\"font-weight: 400;\">En Work Injury Rights, tenemos experiencia y estamos listos para luchar por usted. Nuestros <\/span><a href=\"https:\/\/workinjuryrights.com\/coral-springs\/workers-compensation-lawyer\/\"><span style=\"font-weight: 400;\">abogados con<\/span><span style=\"font-weight: 400;\"> experiencia <\/span><span style=\"font-weight: 400;\">en compensaci\u00f3n para trabajadores<\/span><\/a><span style=\"font-weight: 400;\"> pueden ayudarlo a recuperar los gastos m\u00e9dicos, los salarios perdidos y los fondos para futuros tratamientos m\u00e9dicos debido a accidentes en el sitio de construcci\u00f3n. Cont\u00e1ctenos hoy para una consulta gratuita para obtener m\u00e1s informaci\u00f3n sobre sus derechos y c\u00f3mo presentar su reclamo de compensaci\u00f3n para trabajadores por accidentes en el sitio de construcci\u00f3n.<\/span><\/p>\n<p><span style=\"font-weight: 400;\"><\/span><\/p>\n<h2><b>Causas comunes de accidentes en sitios de construcci\u00f3n<\/b><\/h2>\n<p><span style=\"font-weight: 400;\">Hay muchos peligros en la industria de la construcci\u00f3n y los accidentes pueden ocurrir por varias razones. Los cuatro tipos principales de accidentes en el sitio de construcci\u00f3n son ca\u00eddas, golpes, atrapamientos y electrocuciones. Debido a estos peligros, <\/span><a href=\"https:\/\/www.osha.gov\/\" target=\"_blank\" rel=\"noopener\"><span style=\"font-weight: 400;\">OSHA<\/span><\/a><span style=\"font-weight: 400;\"> ha establecido requisitos estrictos en lo que respecta a permisos, inspecciones peri\u00f3dicas y programas de seguridad en el trabajo para prevenir accidentes en el sitio de construcci\u00f3n. El incumplimiento de los procedimientos y protocolos de seguridad adecuados, la negligencia y el mal funcionamiento del producto pueden provocar accidentes graves e incluso potencialmente mortales.<\/span><\/p>\n<p><span style=\"font-weight: 400;\">Algunas de las principales causas de accidentes en sitios de construcci\u00f3n incluyen:<\/span><\/p>\n<ul>\n<li><span style=\"font-weight: 400;\"> Precauciones de seguridad deficientes<\/span><\/li>\n<li><span style=\"font-weight: 400;\"> Entrenamiento insuficiente<\/span><\/li>\n<li><span style=\"font-weight: 400;\"> Objetos que caen<\/span><\/li>\n<li><span style=\"font-weight: 400;\"> Accidentes de soldadura<\/span><\/li>\n<li><span style=\"font-weight: 400;\"> Accidentes de gr\u00faas<\/span><\/li>\n<li><span style=\"font-weight: 400;\"> Accidentes de polipastos<\/span><\/li>\n<li><span style=\"font-weight: 400;\"> Estructuras colapsadas<\/span><\/li>\n<li><span style=\"font-weight: 400;\"> Accidentes con arn\u00e9s<\/span><\/li>\n<li><span style=\"font-weight: 400;\"> Uso inadecuado del equipo<\/span><\/li>\n<li><span style=\"font-weight: 400;\"> Accidentes por resbalones y ca\u00eddas<\/span><\/li>\n<li><span style=\"font-weight: 400;\"> Riesgos mec\u00e1nicos<\/span><\/li>\n<li><span style=\"font-weight: 400;\"> Exposici\u00f3n a productos qu\u00edmicos<\/span><\/li>\n<li><span style=\"font-weight: 400;\"> incendios<\/span><\/li>\n<li><span style=\"font-weight: 400;\"> Explosiones<\/span><\/li>\n<li><span style=\"font-weight: 400;\"> Gas comprimido<\/span><\/li>\n<li><span style=\"font-weight: 400;\"> Accidentes de andamios<\/span><\/li>\n<li><span style=\"font-weight: 400;\"> Ca\u00eddas desde grandes alturas<\/span><\/li>\n<\/ul>\n<p><span style=\"font-weight: 400;\">Adem\u00e1s, los accidentes de torres de telefon\u00eda celular han aumentado en los \u00faltimos a\u00f1os. Las muertes por accidentes de torres de telefon\u00eda celular tambi\u00e9n han aumentado. Esto puede deberse a normas de seguridad inadecuadas y condiciones inseguras.<\/span><\/p>\n<p><a href=\"https:\/\/workinjuryrights.com\/wp-content\/uploads\/2021\/09\/construction-site-1.jpg\"><img fetchpriority=\"high\" decoding=\"async\" class=\"alignnone wp-image-3625 size-full\" src=\"https:\/\/workinjuryrights.com\/wp-content\/uploads\/2021\/09\/construction-site-1.jpg\" alt=\"Construction site at dusk concept of construction site accidents\" width=\"500\" height=\"334\" srcset=\"https:\/\/workinjuryrights.com\/wp-content\/uploads\/2021\/09\/construction-site-1.jpg 500w, https:\/\/workinjuryrights.com\/wp-content\/uploads\/2021\/09\/construction-site-1-300x200.jpg 300w\" sizes=\"(max-width: 500px) 100vw, 500px\" \/><\/a><\/p>\n<h2><b>Preguntas frecuentes sobre accidentes en el sitio de construcci\u00f3n<\/b><\/h2>\n<h3><b>Trabajo en Florida en un sitio de construcci\u00f3n y un poste aterriz\u00f3 en mi pierna, rompi\u00e9ndola. Tambi\u00e9n tengo otras lesiones. \u00bfSoy elegible para la Compensaci\u00f3n para Trabajadores?<\/b><\/h3>\n<p><span style=\"font-weight: 400;\">Si se lesion\u00f3 en un sitio de construcci\u00f3n de Florida porque un poste aterriz\u00f3 en su pierna, es probable que sea elegible para la compensaci\u00f3n de trabajadores. Los beneficios ofrecidos a trav\u00e9s de la compensaci\u00f3n para trabajadores ayudar\u00e1n a cubrir los gastos m\u00e9dicos, recetas, terapia e incluso cirug\u00eda para ayudarlo a volver a su estado de salud normal. En muchos casos, tambi\u00e9n le proporcionar\u00e1 salarios perdidos si no puede regresar al trabajo debido a sus lesiones o durante cualquier tratamiento necesario que deba someterse.<\/span><\/p>\n<p><span style=\"font-weight: 400;\">Si se rompi\u00f3 la pierna en el trabajo y necesita ayuda de los beneficios de compensaci\u00f3n para trabajadores, es importante que se comunique con un abogado con licencia y experiencia. La compensaci\u00f3n de trabajadores no siempre quiere pagar reclamaciones, por lo que para proteger sus derechos, <\/span><a href=\"https:\/\/workinjuryrights.com\/contact\/\"><span style=\"font-weight: 400;\">comun\u00edquese con Work Injury Rights<\/span><\/a><span style=\"font-weight: 400;\"> hoy mismo para sus accidentes en el sitio de construcci\u00f3n.<\/span><\/p>\n<h3><b>Estaba trabajando en Florida en un sitio de construcci\u00f3n y me golpe\u00f3 un cable suelto. Me ca\u00ed y me he sentido extra\u00f1o desde entonces, \u00bfsoy elegible para la Compensaci\u00f3n al Trabajador?<\/b><\/h3>\n<p><span style=\"font-weight: 400;\">La compensaci\u00f3n para trabajadores se cre\u00f3 para evitar que los trabajadores sufran una devastaci\u00f3n financiera debido a las lesiones sufridas en el trabajo. Si fue golpeado por un cable suelto en el trabajo y ahora no se siente bien, es posible que tenga derecho a una compensaci\u00f3n. Si informaste de este accidente, te resultar\u00e1 m\u00e1s f\u00e1cil. Si no inform\u00f3 el accidente, puede ser un poco m\u00e1s dif\u00edcil buscar una compensaci\u00f3n.<\/span><\/p>\n<p><span style=\"font-weight: 400;\">En cualquier situaci\u00f3n, es mejor trabajar con un abogado de Work Injury Rights. La compensaci\u00f3n para trabajadores tiende a pelear en algunas situaciones, y ser golpeado por un cable suelto puede ser una de esas situaciones complicadas. Tendr\u00e1s una batalla cuesta arriba, pero es una pelea posible con nuestra ayuda. \u00a1Ll\u00e1manos al [tel\u00e9fono] hoy!<\/span><\/p>\n<h3><b>\u00bfQu\u00e9 diferentes tipos de accidentes en obras de construcci\u00f3n cubre?<\/b><\/h3>\n<p><span style=\"font-weight: 400;\">La compensaci\u00f3n para trabajadores cubre una gran mayor\u00eda de accidentes y lesiones en sitios de construcci\u00f3n. La mayor\u00eda de los accidentes est\u00e1n relacionados con huesos rotos o dolor de espalda. Sin embargo, existen muchos tipos diferentes de lesiones y accidentes seg\u00fan el lugar de trabajo.<\/span><\/p>\n<p><span style=\"font-weight: 400;\">Algunas de las lesiones cubiertas incluyen (pero no se limitan a): lesiones personales (huesos rotos, lesiones en la espalda, lesiones en la cabeza, electrocuci\u00f3n y m\u00e1s); <\/span><a href=\"https:\/\/workinjuryrights.com\/accident-cause\/machinery-accidents\/\"><span style=\"font-weight: 400;\">lesiones por maquinaria peada<\/span><\/a><span style=\"font-weight: 400;\">; negligencia laboral; Responsabilidad del producto; y muerte por negligencia. Si se lesion\u00f3 en un sitio de construcci\u00f3n, \u00a1podemos ayudarlo a recibir los beneficios de compensaci\u00f3n para trabajadores que se merece! Simplemente <\/span><a href=\"https:\/\/workinjuryrights.com\/contact\/\"><span style=\"font-weight: 400;\">cont\u00e1ctenos<\/span><\/a><span style=\"font-weight: 400;\"> hoy llenando el formulario o llam\u00e1ndonos, para que podamos comenzar con su reclamo.<\/span><\/p>\n<h3><b>A mi esposo le amputaron una extremidad en un sitio de construcci\u00f3n, pero no le ofrecen suficiente dinero para que podamos sobrevivir. \u00bfQu\u00e9 podemos hacer ahora?<\/b><\/h3>\n<p><span style=\"font-weight: 400;\">Una amputaci\u00f3n es uno de los accidentes m\u00e1s graves en un sitio de construcci\u00f3n que alguien puede enfrentar, y la compensaci\u00f3n para trabajadores a menudo no da suficiente dinero para ayudar a las personas a seguir adelante con sus vidas. Si a\u00fan no ha firmado nada, abst\u00e9ngase de hacerlo hasta que hable con un abogado. Si es as\u00ed, es posible que a\u00fan tenga un camino hacia la compensaci\u00f3n. A menudo, la compensaci\u00f3n de trabajadores solo intentar\u00e1 pagar los costos m\u00e9dicos relacionados con la lesi\u00f3n, aunque deber\u00edan ofrecer mucho m\u00e1s. <\/span><a href=\"https:\/\/workinjuryrights.com\/contact\/\"><span style=\"font-weight: 400;\">Llame a Work Injury Rights<\/span><\/a><span style=\"font-weight: 400;\"> hoy mismo y cu\u00e9ntenos sobre su situaci\u00f3n. Lucharemos para que obtenga la compensaci\u00f3n que se merece.<\/span><\/p>\n<h3><b>\u00bfC\u00f3mo podemos prevenir accidentes con equipo pesado en un sitio de construcci\u00f3n?<\/b><\/h3>\n<p><span style=\"font-weight: 400;\">En general, los sitios de construcci\u00f3n tienen gerentes y supervisores que siguen los estrictos protocolos de seguridad en los sitios de construcci\u00f3n de Florida. Hay muchas reglas y regulaciones que los lugares de trabajo deben seguir y, si no lo hacen, deben informarse lo antes posible. Todo el equipo pesado debe estar debidamente inspeccionado, autorizado y asegurado. Adem\u00e1s, todas las personas que operan ese equipo deben tener una formaci\u00f3n adecuada sobre seguridad.<\/span><\/p>\n<p><span style=\"font-weight: 400;\">Usar la ropa adecuada, seguir siempre las mejores pr\u00e1cticas y asegurarse de que todos en un sitio est\u00e9n seguros puede ayudar a prevenir cualquier problema con el equipo pesado. Si usted o un ser querido result\u00f3 herido debido a protocolos inseguros en un sitio de construcci\u00f3n de Florida, \u00a1llame a Work Injury Rights al [tel\u00e9fono] hoy mismo!<\/span><\/p>\n<p><a href=\"https:\/\/workinjuryrights.com\/wp-content\/uploads\/2021\/09\/lawyer-consult-1.jpg\"><img decoding=\"async\" class=\"alignnone size-full wp-image-4210\" src=\"https:\/\/workinjuryrights.com\/wp-content\/uploads\/2021\/09\/lawyer-consult-1.jpg\" alt=\"Lawyer discussing construction site accidents with client\" width=\"500\" height=\"333\" srcset=\"https:\/\/workinjuryrights.com\/wp-content\/uploads\/2021\/09\/lawyer-consult-1.jpg 500w, https:\/\/workinjuryrights.com\/wp-content\/uploads\/2021\/09\/lawyer-consult-1-300x200.jpg 300w\" sizes=\"(max-width: 500px) 100vw, 500px\" \/><\/a><\/p>\n<h2><b>Comun\u00edquese con nuestros abogados de lesiones laborales para una consulta gratuita sobre sus accidentes en el sitio de construcci\u00f3n<\/b><\/h2>\n<p><span style=\"font-weight: 400;\">Si usted es un trabajador de la construcci\u00f3n que ha resultado lesionado por actividades relacionadas con el trabajo, necesitar\u00e1 un abogado de compensaci\u00f3n para trabajadores que lo gu\u00ede a trav\u00e9s del proceso legal. Si le ofrecen un acuerdo, no lo acepte hasta que haya consultado con un abogado de lesiones laborales. Es posible que el acuerdo no sea lo mejor para usted, especialmente si tiene lesiones graves o p\u00e9rdidas financieras que recuperar.<\/span><\/p>\n<p><span style=\"font-weight: 400;\">Los trabajadores que se han lesionado en el trabajo pueden tener derecho a m\u00faltiples fuentes de compensaci\u00f3n. Esto depende de los eventos que conducen a la lesi\u00f3n. Desafortunadamente, algunos abogados de accidentes en sitios de construcci\u00f3n pueden pasar por alto detalles importantes, lo que puede dejarlo con menos de lo que la ley de Florida le hubiera otorgado. La buena noticia es que nuestros abogados tienen experiencia en los matices de los accidentes en el sitio de construcci\u00f3n y las reclamaciones de compensaci\u00f3n para trabajadores.<\/span><\/p>\n<p><span style=\"font-weight: 400;\">Estas son solo algunas de las muchas razones para contratar a un abogado experto en compensaci\u00f3n para trabajadores con un historial probado. En <\/span><a href=\"https:\/\/workinjuryrights.com\/\"><span style=\"font-weight: 400;\">Work Injury Rights<\/span><\/a><span style=\"font-weight: 400;\"> , podemos ayudarlo a obtener la m\u00e1xima cantidad de beneficios disponibles. Tenemos m\u00e1s de 45 a\u00f1os de experiencia combinada luchando por los derechos de los trabajadores. Cont\u00e1ctenos hoy para una consulta gratuita llamando al [tel\u00e9fono] o completando un <\/span><a href=\"https:\/\/workinjuryrights.com\/contact\/\"><span style=\"font-weight: 400;\">formulario de contacto<\/span><\/a><span style=\"font-weight: 400;\">.<\/span><\/p>\n","protected":false},"excerpt":{"rendered":"<p>Cada a\u00f1o, miles de trabajadores de obras de construcci\u00f3n se lesionan en el lugar de trabajo. Aunque existen muchas regulaciones federales y estatales para prevenir accidentes en sitios de construcci\u00f3n, este tipo de lesiones son muy comunes en Florida y el resto de los Estados Unidos. La fecha l\u00edmite para presentar un reclamo de compensaci\u00f3n [&hellip;]<\/p>\n","protected":false},"author":36,"featured_media":0,"parent":5395,"menu_order":0,"comment_status":"closed","ping_status":"closed","template":"","meta":{"_acf_changed":false,"anchor_text":"","footnotes":""},"categories":[],"tags":[],"class_list":["post-5737","page","type-page","status-publish","hentry"],"acf":[],"_links":{"self":[{"href":"https:\/\/workinjuryrights.com\/es\/wp-json\/wp\/v2\/pages\/5737","targetHints":{"allow":["GET"]}}],"collection":[{"href":"https:\/\/workinjuryrights.com\/es\/wp-json\/wp\/v2\/pages"}],"about":[{"href":"https:\/\/workinjuryrights.com\/es\/wp-json\/wp\/v2\/types\/page"}],"author":[{"embeddable":true,"href":"https:\/\/workinjuryrights.com\/es\/wp-json\/wp\/v2\/users\/36"}],"replies":[{"embeddable":true,"href":"https:\/\/workinjuryrights.com\/es\/wp-json\/wp\/v2\/comments?post=5737"}],"version-history":[{"count":3,"href":"https:\/\/workinjuryrights.com\/es\/wp-json\/wp\/v2\/pages\/5737\/revisions"}],"predecessor-version":[{"id":6181,"href":"https:\/\/workinjuryrights.com\/es\/wp-json\/wp\/v2\/pages\/5737\/revisions\/6181"}],"up":[{"embeddable":true,"href":"https:\/\/workinjuryrights.com\/es\/wp-json\/wp\/v2\/pages\/5395"}],"wp:attachment":[{"href":"https:\/\/workinjuryrights.com\/es\/wp-json\/wp\/v2\/media?parent=5737"}],"wp:term":[{"taxonomy":"category","embeddable":true,"href":"https:\/\/workinjuryrights.com\/es\/wp-json\/wp\/v2\/categories?post=5737"},{"taxonomy":"post_tag","embeddable":true,"href":"https:\/\/workinjuryrights.com\/es\/wp-json\/wp\/v2\/tags?post=5737"}],"curies":[{"name":"wp","href":"https:\/\/api.w.org\/{rel}","templated":true}]}}