{"id":5738,"date":"2021-08-15T16:23:03","date_gmt":"2021-08-15T16:23:03","guid":{"rendered":"https:\/\/workinjuryrights.com\/tipo-de-lesion\/exposure-to-chemicals-fumes\/"},"modified":"2021-09-28T14:14:32","modified_gmt":"2021-09-28T14:14:32","slug":"exposicion-productos-quimicos-humos","status":"publish","type":"page","link":"https:\/\/workinjuryrights.com\/es\/tipo-de-lesion\/exposicion-productos-quimicos-humos\/","title":{"rendered":"Exposici\u00f3n a Productos Qu\u00edmicos \/ Humos"},"content":{"rendered":"<style>.practice-areas{display:none;}<\/style>\n<p><span style=\"font-weight: 400;\">Las lesiones en el lugar de trabajo que involucran peligros qu\u00edmicos y sustancias t\u00f3xicas pueden dejarlo con da\u00f1os duraderos y grandes p\u00e9rdidas financieras. Los trabajadores expuestos a metales pesados, polvo, pintura, disolventes o \u00e1cidos corren un alto riesgo de sufrir lesiones. Este tipo de lesiones incluso pueden ser fatales. Si estuvo expuesto a sustancias qu\u00edmicas y humos en el trabajo, es posible que tenga derecho a los beneficios de compensaci\u00f3n para trabajadores.<\/span><\/p>\n<p><span style=\"font-weight: 400;\">En Work Injury Rights, nuestro equipo de <\/span><a href=\"https:\/\/workinjuryrights.com\/coral-springs\/workers-compensation-lawyer\/\"><span style=\"font-weight: 400;\">abogados de lesiones laborales<\/span><\/a><span style=\"font-weight: 400;\"> tiene la experiencia y el conocimiento combinados para brindarle una representaci\u00f3n legal de la m\u00e1s alta calidad. Estamos listos para luchar por usted y la compensaci\u00f3n que se merece. Cont\u00e1ctenos para una consulta gratuita y m\u00e1s informaci\u00f3n sobre sus derechos de compensaci\u00f3n laboral si estuvo expuesto a qu\u00edmicos y \/ o humos en el trabajo.<\/span><\/p>\n<p><span style=\"font-weight: 400;\"><\/span><\/p>\n<h2><b>Lesiones por exposici\u00f3n a sustancias qu\u00edmicas en el trabajo<\/b><\/h2>\n<p><a href=\"https:\/\/www.cdc.gov\/mmwr\/preview\/mmwrhtml\/ss6402a6.htm\" target=\"_blank\" rel=\"noopener\"><span style=\"font-weight: 400;\">Seg\u00fan los CDC<\/span><\/a><span style=\"font-weight: 400;\"> , la exposici\u00f3n al amon\u00edaco, cloro, \u00e1cido clorh\u00eddrico y \u00e1cido sulf\u00farico son las principales causas de lesiones relacionadas con la exposici\u00f3n a productos qu\u00edmicos \/ humos. Casi cualquier tipo de empleado puede estar expuesto a productos qu\u00edmicos peligrosos en el trabajo. La mayor\u00eda de las lesiones causadas por la exposici\u00f3n a sustancias qu\u00edmicas ocurren en f\u00e1bricas o lugares donde se extraen, fabrican o utilizan sustancias qu\u00edmicas peligrosas. En un entorno de oficina, cosas como pinturas y productos de limpieza tambi\u00e9n pueden ser t\u00f3xicos si no hay una ventilaci\u00f3n adecuada.<\/span><\/p>\n<p><span style=\"font-weight: 400;\">Los empleados que tienen un equipo de protecci\u00f3n personal (PPE) inadecuado tambi\u00e9n pueden sufrir una exposici\u00f3n peligrosa. Siempre es responsabilidad del empleador asegurarse de que todos los empleados tengan el equipo de protecci\u00f3n adecuado. El equipo de seguridad adecuado incluye gafas, protecci\u00f3n respiratoria, guantes, cascos y trajes para materiales peligrosos.<\/span><\/p>\n<p><span style=\"font-weight: 400;\">Algunos de los productos qu\u00edmicos y humos m\u00e1s comunes que pueden causar lesiones en el lugar de trabajo son:<\/span><\/p>\n<ul>\n<li style=\"font-weight: 400;\" aria-level=\"1\"><span style=\"font-weight: 400;\">Glifosato<\/span><span style=\"font-weight: 400;\">\u00a0\u00a0\u00a0\u00a0\u00a0\u00a0<\/span><\/li>\n<li style=\"font-weight: 400;\" aria-level=\"1\"><span style=\"font-weight: 400;\">Formaldeh\u00eddo<\/span><span style=\"font-weight: 400;\">\u00a0\u00a0\u00a0\u00a0\u00a0\u00a0<\/span><\/li>\n<li style=\"font-weight: 400;\" aria-level=\"1\"><span style=\"font-weight: 400;\">Mercurio<\/span><span style=\"font-weight: 400;\">\u00a0\u00a0\u00a0\u00a0\u00a0\u00a0<\/span><\/li>\n<li style=\"font-weight: 400;\" aria-level=\"1\"><span style=\"font-weight: 400;\">Plomo<\/span><span style=\"font-weight: 400;\">\u00a0\u00a0\u00a0\u00a0\u00a0\u00a0<\/span><\/li>\n<li style=\"font-weight: 400;\" aria-level=\"1\"><span style=\"font-weight: 400;\">amianto<\/span><span style=\"font-weight: 400;\">\u00a0\u00a0\u00a0\u00a0\u00a0\u00a0<\/span><\/li>\n<li style=\"font-weight: 400;\" aria-level=\"1\"><span style=\"font-weight: 400;\">Contaminantes t\u00f3xicos del aire<\/span><span style=\"font-weight: 400;\">\u00a0\u00a0\u00a0\u00a0\u00a0\u00a0<\/span><\/li>\n<li style=\"font-weight: 400;\" aria-level=\"1\"><span style=\"font-weight: 400;\">Productos qu\u00edmicos pesticidas<\/span><span style=\"font-weight: 400;\">\u00a0\u00a0\u00a0\u00a0\u00a0\u00a0<\/span><\/li>\n<li style=\"font-weight: 400;\" aria-level=\"1\"><span style=\"font-weight: 400;\">Bifenilos policlorados<\/span><span style=\"font-weight: 400;\">\u00a0\u00a0\u00a0\u00a0\u00a0\u00a0<\/span><\/li>\n<\/ul>\n<p><span style=\"font-weight: 400;\">Las quemaduras, erupciones cut\u00e1neas y lesiones en la garganta y los pulmones son los tipos m\u00e1s comunes de lesiones que resultan de la exposici\u00f3n a sustancias qu\u00edmicas. Tambi\u00e9n pueden producirse lesiones neurol\u00f3gicas y el da\u00f1o puede deberse a la exposici\u00f3n por inhalaci\u00f3n o contacto con la piel.<\/span><\/p>\n<h2><b>Compensaci\u00f3n para trabajadores y exposici\u00f3n a sustancias qu\u00edmicas<\/b><\/h2>\n<p><span style=\"font-weight: 400;\">Algunos factores determinar\u00e1n si puede cobrar los beneficios de compensaci\u00f3n para trabajadores si estuvo expuesto a sustancias qu\u00edmicas. Primero, debe identificar la sustancia que caus\u00f3 su lesi\u00f3n. Esto puede significar ex\u00e1menes m\u00e9dicos y pruebas despu\u00e9s de la exposici\u00f3n.<\/span><\/p>\n<p><span style=\"font-weight: 400;\">Puede que no sea f\u00e1cil identificar de d\u00f3nde provienen el qu\u00edmico o el humo. Si bien los s\u00edntomas como las quemaduras qu\u00edmicas pueden aparecer de inmediato, otras enfermedades pueden tardar a\u00f1os en desarrollarse. El mesotelioma, un tipo de c\u00e1ncer causado por la exposici\u00f3n al asbesto, puede tardar m\u00e1s de diez a\u00f1os en desarrollarse. Puede ser necesario que revise todo su historial laboral para saber cu\u00e1ndo estuvo expuesto.<\/span><\/p>\n<p><span style=\"font-weight: 400;\">\u00a1Nuestros abogados de compensaci\u00f3n laboral pueden guiarlo a trav\u00e9s del proceso legal y obtener la compensaci\u00f3n que se merece!<\/span><\/p>\n<p><a href=\"https:\/\/workinjuryrights.com\/wp-content\/uploads\/2021\/09\/chemical-exposure-beakers-1.jpg\"><img fetchpriority=\"high\" decoding=\"async\" class=\"alignnone size-full wp-image-3630\" src=\"https:\/\/workinjuryrights.com\/wp-content\/uploads\/2021\/09\/chemical-exposure-beakers-1.jpg\" alt=\"Chemical reaction and bubbling in science beaks concept of exposure to chemicals on the job\" width=\"500\" height=\"333\" srcset=\"https:\/\/workinjuryrights.com\/wp-content\/uploads\/2021\/09\/chemical-exposure-beakers-1.jpg 500w, https:\/\/workinjuryrights.com\/wp-content\/uploads\/2021\/09\/chemical-exposure-beakers-1-300x200.jpg 300w\" sizes=\"(max-width: 500px) 100vw, 500px\" \/><\/a><\/p>\n<h2><b>Preguntas frecuentes sobre exposici\u00f3n a sustancias qu\u00edmicas<\/b><\/h2>\n<h3><b>Tengo una lesi\u00f3n en el ojo debido a una exposici\u00f3n qu\u00edmica en el trabajo, \u00bfQu\u00e9 sucede despu\u00e9s?<\/b><\/h3>\n<p><span style=\"font-weight: 400;\">Cuando se trata de lesiones oculares, es imperativo que busque atenci\u00f3n m\u00e9dica lo antes posible, especialmente si presenta s\u00edntomas de exposici\u00f3n qu\u00edmica. Sus ojos son las herramientas m\u00e1s importantes que tiene para hacer su trabajo y si no busca atenci\u00f3n m\u00e9dica, podr\u00eda perder la visi\u00f3n.<\/span><\/p>\n<p><span style=\"font-weight: 400;\">Si su empleador tiene un seguro de compensaci\u00f3n para trabajadores, es posible que tenga un reclamo de compensaci\u00f3n para trabajadores en sus manos. Incluso si este no es el caso, debe buscar los servicios de un abogado de exposici\u00f3n qu\u00edmica en Florida. Podemos ayudarlo a comprender qu\u00e9 tipo de atenci\u00f3n debe recibir y ayudarlo a obtener la compensaci\u00f3n que se merece. <\/span><a href=\"https:\/\/workinjuryrights.com\/contact\/\"><span style=\"font-weight: 400;\">\u00a1Cont\u00e1ctenos<\/span><span style=\"font-weight: 400;\"> hoy!<\/span><\/a><\/p>\n<h3><b>Estuve expuesta a la s\u00edlice en mi trabajo y ahora tengo una tos fuerte. \u00bfC\u00f3mo puedo probar que es del trabajo y puedo obtener la Compensaci\u00f3n al Trabajador si sufro de silicosis?<\/b><\/h3>\n<p><span style=\"font-weight: 400;\">El polvo de s\u00edlice es uno de los productos qu\u00edmicos m\u00e1s graves con los que alguien puede entrar en contacto en el trabajo. La silicosis es una enfermedad mortal de los pulmones que causa falta de aire persistente y permanente, bronquitis y c\u00e1ncer de pulm\u00f3n. Algunas personas contraen silicosis de inmediato, pero algunas personas pueden tardar hasta 20 a\u00f1os en presentar s\u00edntomas.<\/span><\/p>\n<p><span style=\"font-weight: 400;\">Si le preocupa que sus s\u00edntomas sean signos de silicosis en el lugar de trabajo, debe comunicarse con un abogado de Compensaci\u00f3n para Trabajadores de Florida que pueda ayudarlo. Ll\u00e1manos hoy al <a href=\"tel:+19543888616\">954-388-8616<\/a> para comenzar.<\/span><\/p>\n<h3><b>He estado expuesto al asbesto y ahora estoy enfermo. \u00bfSoy elegible para la compensaci\u00f3n de trabajadores?<\/b><\/h3>\n<p><span style=\"font-weight: 400;\">El asbesto es una de las peores exposiciones a sustancias qu\u00edmicas en el lugar de trabajo porque puede provocar mesotelioma, enfermedad pleural, c\u00e1ncer de pulm\u00f3n y otros problemas. Nuestro equipo podr\u00e1 analizar su caso y ayudar a rastrear la exposici\u00f3n a su enfermedad. Lo ayudaremos a obtener la compensaci\u00f3n que se merece para comenzar su recuperaci\u00f3n.<\/span><\/p>\n<p><span style=\"font-weight: 400;\">Si estuvo expuesto, comun\u00edquese con uno de nuestros <\/span><span style=\"font-weight: 400;\"><a href=\"https:\/\/workinjuryrights.com\/injury-type\/exposure-to-chemicals-fumes\/\">abogados de exposici\u00f3n qu\u00edmica<\/a> lo<\/span><span style=\"font-weight: 400;\"> antes posible.<\/span><\/p>\n<h3><b>\u00bfCu\u00e1les son los tipos de lesiones que se producen por la exposici\u00f3n a sustancias qu\u00edmicas en el lugar de trabajo?<\/b><\/h3>\n<p><span style=\"font-weight: 400;\">La exposici\u00f3n a sustancias qu\u00edmicas en el trabajo est\u00e1 presente en muchas industrias diferentes, incluidas la construcci\u00f3n, la limpieza, el control de plagas y m\u00e1s. Los tipos de lesiones tambi\u00e9n son vastos, incluida la p\u00e9rdida de memoria, da\u00f1o cerebral, da\u00f1o pulmonar, c\u00e1ncer, da\u00f1o ocular y m\u00e1s. Ya sea que haya estado expuesto a productos peligrosos o humos t\u00f3xicos causados \u200b\u200bpor un incendio, puede afectar su salud y su capacidad para llevar una vida normal.<\/span><\/p>\n<p><span style=\"font-weight: 400;\">Si ha sufrido exposici\u00f3n a sustancias qu\u00edmicas y \/ o humos t\u00f3xicos en el trabajo, comun\u00edquese con un abogado especializado en exposici\u00f3n a sustancias qu\u00edmicas lo antes posible. Podremos ayudarlo a buscar una compensaci\u00f3n financiera por su p\u00e9rdida de salario, facturas m\u00e9dicas y m\u00e1s. <\/span><a href=\"https:\/\/workinjuryrights.com\/contact\/\"><span style=\"font-weight: 400;\">\u00a1Cont\u00e1ctenos<\/span><span style=\"font-weight: 400;\"> hoy!<\/span><\/a><\/p>\n<h2><b>Comun\u00edquese con nuestros abogados de lesiones laborales para una consulta gratuita si estuvo expuesto a sustancias qu\u00edmicas \/ humos<\/b><\/h2>\n<p><span style=\"font-weight: 400;\">Las lesiones por exposici\u00f3n a sustancias qu\u00edmicas o humos pueden ser un evento traum\u00e1tico. Tambi\u00e9n puede pesar mucho en su situaci\u00f3n econ\u00f3mica. Es importante encontrar la mejor representaci\u00f3n legal posible despu\u00e9s de lesionarse en el trabajo. Es posible que tenga derecho a beneficios de compensaci\u00f3n para trabajadores, y el seguro de compensaci\u00f3n para trabajadores lo ayudar\u00e1 a recuperar los salarios perdidos y a cubrir los costos m\u00e9dicos.<\/span><\/p>\n<p><span style=\"font-weight: 400;\">En <\/span><a href=\"https:\/\/workinjuryrights.com\/\"><span style=\"font-weight: 400;\">Work Injury Rights<\/span><\/a><span style=\"font-weight: 400;\"> , podemos ayudarlo a obtener el acuerdo que se merece. Con 45 a\u00f1os de experiencia en el manejo de casos de lesiones laborales, tenemos el conocimiento y la experiencia para ofrecerle los mejores servicios legales.<\/span><\/p>\n<p><a href=\"https:\/\/workinjuryrights.com\/contact\/\"><span style=\"font-weight: 400;\">Cont\u00e1ctenos<\/span><\/a><span style=\"font-weight: 400;\"> hoy para una consulta gratuita con uno de nuestros abogados expertos en derechos de lesiones laborales que estar\u00e1 encantado de ayudarle a explorar sus opciones.<\/span><\/p>\n","protected":false},"excerpt":{"rendered":"<p>Las lesiones en el lugar de trabajo que involucran peligros qu\u00edmicos y sustancias t\u00f3xicas pueden dejarlo con da\u00f1os duraderos y grandes p\u00e9rdidas financieras. Los trabajadores expuestos a metales pesados, polvo, pintura, disolventes o \u00e1cidos corren un alto riesgo de sufrir lesiones. Este tipo de lesiones incluso pueden ser fatales. Si estuvo expuesto a sustancias qu\u00edmicas [&hellip;]<\/p>\n","protected":false},"author":36,"featured_media":0,"parent":5395,"menu_order":0,"comment_status":"closed","ping_status":"closed","template":"","meta":{"_acf_changed":false,"anchor_text":"","footnotes":""},"categories":[],"tags":[],"class_list":["post-5738","page","type-page","status-publish","hentry"],"acf":[],"_links":{"self":[{"href":"https:\/\/workinjuryrights.com\/es\/wp-json\/wp\/v2\/pages\/5738","targetHints":{"allow":["GET"]}}],"collection":[{"href":"https:\/\/workinjuryrights.com\/es\/wp-json\/wp\/v2\/pages"}],"about":[{"href":"https:\/\/workinjuryrights.com\/es\/wp-json\/wp\/v2\/types\/page"}],"author":[{"embeddable":true,"href":"https:\/\/workinjuryrights.com\/es\/wp-json\/wp\/v2\/users\/36"}],"replies":[{"embeddable":true,"href":"https:\/\/workinjuryrights.com\/es\/wp-json\/wp\/v2\/comments?post=5738"}],"version-history":[{"count":3,"href":"https:\/\/workinjuryrights.com\/es\/wp-json\/wp\/v2\/pages\/5738\/revisions"}],"predecessor-version":[{"id":6184,"href":"https:\/\/workinjuryrights.com\/es\/wp-json\/wp\/v2\/pages\/5738\/revisions\/6184"}],"up":[{"embeddable":true,"href":"https:\/\/workinjuryrights.com\/es\/wp-json\/wp\/v2\/pages\/5395"}],"wp:attachment":[{"href":"https:\/\/workinjuryrights.com\/es\/wp-json\/wp\/v2\/media?parent=5738"}],"wp:term":[{"taxonomy":"category","embeddable":true,"href":"https:\/\/workinjuryrights.com\/es\/wp-json\/wp\/v2\/categories?post=5738"},{"taxonomy":"post_tag","embeddable":true,"href":"https:\/\/workinjuryrights.com\/es\/wp-json\/wp\/v2\/tags?post=5738"}],"curies":[{"name":"wp","href":"https:\/\/api.w.org\/{rel}","templated":true}]}}