{"id":5739,"date":"2021-08-15T16:23:45","date_gmt":"2021-08-15T16:23:45","guid":{"rendered":"https:\/\/workinjuryrights.com\/tipo-de-lesion\/fall-from-heights\/"},"modified":"2022-02-04T16:22:17","modified_gmt":"2022-02-04T16:22:17","slug":"caer-desde-alturas","status":"publish","type":"page","link":"https:\/\/workinjuryrights.com\/es\/tipo-de-lesion\/caer-desde-alturas\/","title":{"rendered":"Caer Desde las Alturas"},"content":{"rendered":"<style>.practice-areas{display:none;}<\/style>\n<p><span style=\"font-weight: 400;\">Una ca\u00edda desde cualquier altura puede provocar lesiones graves o fatales que pueden afectar el resto de su vida y las vidas de sus seres queridos. Si ha resultado lesionado por una ca\u00edda desde alturas, especialmente mientras estaba en el trabajo, debe comprender sus derechos con respecto a los beneficios de compensaci\u00f3n para trabajadores.<\/span><\/p>\n<p><span style=\"font-weight: 400;\">Con una lesi\u00f3n relacionada con una ca\u00edda, es importante actuar lo m\u00e1s r\u00e1pido posible, porque hay pruebas importantes que deben conservarse y documentarse en el lugar del accidente. Los empleadores a menudo intentar\u00e1n encubrir el catalizador que provoc\u00f3 la ca\u00edda o la lesi\u00f3n para aliviar su responsabilidad.<\/span><\/p>\n<p><span style=\"font-weight: 400;\">Si ha sufrido una ca\u00edda desde alturas mientras trabajaba, comun\u00edquese con un <\/span><a href=\"https:\/\/workinjuryrights.com\/coral-springs\/workers-compensation-lawyer\/\"><span style=\"font-weight: 400;\">abogado de lesiones personales<\/span><\/a><span style=\"font-weight: 400;\"> en Work Injury Rights para una revisi\u00f3n gratuita del caso al <a href=\"tel:+19543888616\">954-388-8616<\/a>.<\/span><\/p>\n<p><span style=\"font-weight: 400;\"><\/span><\/p>\n<h2><b>Ca\u00eddas de la industria de la construcci\u00f3n<\/b><\/h2>\n<p><span style=\"font-weight: 400;\">La mayor\u00eda de las ca\u00eddas desde alturas que ocurren en el trabajo provienen de la industria de la construcci\u00f3n. Trabajar en escaleras, gr\u00faas y techos conlleva un mayor riesgo de ca\u00eddas. Esas ca\u00eddas pueden resultar en huesos rotos, lesiones cerebrales traum\u00e1ticas (TBI), lesiones internas, da\u00f1o a la m\u00e9dula espinal y m\u00e1s. Incluso las ca\u00eddas simples desde unos pocos pies pueden provocar da\u00f1os importantes y la posibilidad de una afecci\u00f3n de por vida.<\/span><\/p>\n<p><span style=\"font-weight: 400;\">Las ca\u00eddas mientras se trabaja en la construcci\u00f3n son la principal causa de reclamos de compensaci\u00f3n para trabajadores en los Estados Unidos. Las empresas tienen pautas estrictas que deben cumplirse para garantizar la seguridad de sus trabajadores, pero esas regulaciones a menudo no se siguen. Si se lesion\u00f3 en una ca\u00edda desde alturas en un sitio de construcci\u00f3n, el equipo legal de Derechos de Lesiones Laborales puede ayudarlo a investigar las circunstancias que rodearon su ca\u00edda y determinar si su empleador tuvo la culpa.<\/span><\/p>\n<p><span style=\"font-weight: 400;\">Los empleadores a menudo cometen errores en sus medidas preventivas, que incluyen:<\/span><\/p>\n<ul>\n<li style=\"font-weight: 400;\" aria-level=\"1\"><span style=\"font-weight: 400;\">No inspeccionar el equipo utilizado (escaleras, equipo de protecci\u00f3n contra ca\u00eddas, etc.)<\/span><span style=\"font-weight: 400;\">\u00a0\u00a0\u00a0\u00a0\u00a0\u00a0<\/span><\/li>\n<li style=\"font-weight: 400;\" aria-level=\"1\"><span style=\"font-weight: 400;\">No colocar arneses en trabajadores individuales.<\/span><span style=\"font-weight: 400;\">\u00a0\u00a0\u00a0\u00a0\u00a0\u00a0<\/span><\/li>\n<li style=\"font-weight: 400;\" aria-level=\"1\"><span style=\"font-weight: 400;\">No seguir las pautas del l\u00edmite de peso.<\/span><span style=\"font-weight: 400;\">\u00a0\u00a0\u00a0\u00a0\u00a0\u00a0<\/span><\/li>\n<li style=\"font-weight: 400;\" aria-level=\"1\"><span style=\"font-weight: 400;\">Evitar andamios o terrenos inseguros<\/span><span style=\"font-weight: 400;\">\u00a0\u00a0\u00a0\u00a0\u00a0\u00a0<\/span><\/li>\n<li style=\"font-weight: 400;\" aria-level=\"1\"><span style=\"font-weight: 400;\">Proteger a los trabajadores de los escombros<\/span><span style=\"font-weight: 400;\">\u00a0\u00a0\u00a0\u00a0\u00a0\u00a0<\/span><\/li>\n<li style=\"font-weight: 400;\" aria-level=\"1\"><span style=\"font-weight: 400;\">Prohibir que los trabajadores se paren en las barandillas de los andamios.<\/span><span style=\"font-weight: 400;\">\u00a0\u00a0\u00a0\u00a0\u00a0\u00a0<\/span><\/li>\n<\/ul>\n<h2><b>Otras industrias: ca\u00edda desde las alturas<\/b><\/h2>\n<p><span style=\"font-weight: 400;\">Si bien la construcci\u00f3n es la industria l\u00edder en lo que respecta a las lesiones relacionadas con ca\u00eddas en el trabajo, hay otros empleados que tambi\u00e9n est\u00e1n en riesgo. Estos incluyen techadores, pintores, trabajadores del servicio de \u00e1rboles, limpiadores de ventanas y m\u00e1s. Cualquier persona que trabaje en una industria en la que deba utilizar escaleras o pararse sobre una superficie elevada corre el riesgo de sufrir lesiones o incluso de morir por una ca\u00edda.<\/span><\/p>\n<p><a href=\"https:\/\/workinjuryrights.com\/wp-content\/uploads\/2021\/09\/workers-harnessed-heights-1.jpg\"><img fetchpriority=\"high\" decoding=\"async\" class=\"alignnone size-full wp-image-3677\" src=\"https:\/\/workinjuryrights.com\/wp-content\/uploads\/2021\/09\/workers-harnessed-heights-1.jpg\" alt=\"Two construction workers harnessed to keep from having a fall from heights\" width=\"500\" height=\"333\" srcset=\"https:\/\/workinjuryrights.com\/wp-content\/uploads\/2021\/09\/workers-harnessed-heights-1.jpg 500w, https:\/\/workinjuryrights.com\/wp-content\/uploads\/2021\/09\/workers-harnessed-heights-1-300x200.jpg 300w\" sizes=\"(max-width: 500px) 100vw, 500px\" \/><\/a><\/p>\n<h2><b>Recibir beneficios de compensaci\u00f3n para trabajadores despu\u00e9s de una ca\u00edda en el lugar de trabajo<\/b><\/h2>\n<p><span style=\"font-weight: 400;\">Si se lesion\u00f3 en una ca\u00edda desde las alturas, es elegible para <\/span><span style=\"font-weight: 400;\">los beneficios de compensaci\u00f3n<\/span><span style=\"font-weight: 400;\"> para <\/span><span style=\"font-weight: 400;\">trabajadores<\/span><span style=\"font-weight: 400;\">, ya sea que trabaje a tiempo parcial o completo. Su tiempo de empleo no es un factor.<\/span><\/p>\n<p><span style=\"font-weight: 400;\">Si se lesion\u00f3 en el trabajo, debe informar de inmediato el incidente a su supervisor y buscar atenci\u00f3n m\u00e9dica. Incluso si no cree que su lesi\u00f3n sea significativa, debe ser examinado adecuadamente por un profesional m\u00e9dico. A veces, la adrenalina enmascara el dolor que siente y algunas lesiones no se manifiestan hasta unos d\u00edas despu\u00e9s. Tener un registro m\u00e9dico es imperativo para su caso si llega a ese punto.<\/span><\/p>\n<p><span style=\"font-weight: 400;\">Si no puede trabajar en absoluto mientras se recupera de sus lesiones y \/ o las rehabilita, recibir\u00e1 los beneficios de Discapacidad Total Temporal (TTD). Si est\u00e1 trabajando en un puesto temporal y gana menos dinero que antes de su accidente, es posible que tambi\u00e9n pueda obtener beneficios por Incapacidad Parcial Temporal (TPD).<\/span><\/p>\n<p><span style=\"font-weight: 400;\">Si las lesiones de su ca\u00edda resultan en una discapacidad permanente o no puede volver a trabajar, es elegible para recibir beneficios por discapacidad parcial permanente (PPD) para compensar. Si un ser querido muri\u00f3 por una ca\u00edda desde las alturas, el c\u00f3nyuge o los hijos dependientes son elegibles para recibir beneficios por fallecimiento. Estos cubrir\u00e1n los gastos de funeral y entierro, as\u00ed como tambi\u00e9n proporcionar\u00e1n algo de dinero para ayudar a compensar la p\u00e9rdida de ingresos.<\/span><\/p>\n<p><span style=\"font-weight: 400;\">Es importante que se comunique con un abogado con experiencia en compensaci\u00f3n para trabajadores para que lo ayude a trav\u00e9s del proceso legal y obtenga la compensaci\u00f3n que se merece.<\/span><\/p>\n<h2><b>\u00bfQu\u00e9 debo hacer a continuaci\u00f3n para recibir una compensaci\u00f3n por mi accidente de ca\u00edda desde alturas?<\/b><\/h2>\n<p><span style=\"font-weight: 400;\">Tratar de solicitar una compensaci\u00f3n para trabajadores es dif\u00edcil, ya que las regulaciones son extremadamente espec\u00edficas y complejas. Contratar a un abogado con experiencia en compensaci\u00f3n de trabajadores ayudar\u00e1 a garantizar que reciba sus beneficios lo antes posible. Al eliminar parte del estr\u00e9s financiero, podr\u00e1 concentrarse en su recuperaci\u00f3n, tanto mental como f\u00edsicamente. \u00a1Permita que el equipo legal de WorkInjuryRights.Com \u2122 lo ayude a cobrar la compensaci\u00f3n que se merece!<\/span><\/p>\n<p><span style=\"font-weight: 400;\">\u00bfSufre el dolor de un accidente de ca\u00edda desde alturas? \u00a1Llame hoy a <\/span><a href=\"https:\/\/workinjuryrights.com\/\"><span style=\"font-weight: 400;\">Work Injury Rights<\/span><\/a><span style=\"font-weight: 400;\"> al <a href=\"tel:+19543888616\">954-388-8616<\/a> para una consulta gratuita!<\/span><\/p>\n","protected":false},"excerpt":{"rendered":"<p>Una ca\u00edda desde cualquier altura puede provocar lesiones graves o fatales que pueden afectar el resto de su vida y las vidas de sus seres queridos. Si ha resultado lesionado por una ca\u00edda desde alturas, especialmente mientras estaba en el trabajo, debe comprender sus derechos con respecto a los beneficios de compensaci\u00f3n para trabajadores. Con [&hellip;]<\/p>\n","protected":false},"author":36,"featured_media":0,"parent":5395,"menu_order":0,"comment_status":"closed","ping_status":"closed","template":"","meta":{"_acf_changed":false,"anchor_text":"","footnotes":""},"categories":[],"tags":[],"class_list":["post-5739","page","type-page","status-publish","hentry"],"acf":[],"_links":{"self":[{"href":"https:\/\/workinjuryrights.com\/es\/wp-json\/wp\/v2\/pages\/5739","targetHints":{"allow":["GET"]}}],"collection":[{"href":"https:\/\/workinjuryrights.com\/es\/wp-json\/wp\/v2\/pages"}],"about":[{"href":"https:\/\/workinjuryrights.com\/es\/wp-json\/wp\/v2\/types\/page"}],"author":[{"embeddable":true,"href":"https:\/\/workinjuryrights.com\/es\/wp-json\/wp\/v2\/users\/36"}],"replies":[{"embeddable":true,"href":"https:\/\/workinjuryrights.com\/es\/wp-json\/wp\/v2\/comments?post=5739"}],"version-history":[{"count":3,"href":"https:\/\/workinjuryrights.com\/es\/wp-json\/wp\/v2\/pages\/5739\/revisions"}],"predecessor-version":[{"id":7703,"href":"https:\/\/workinjuryrights.com\/es\/wp-json\/wp\/v2\/pages\/5739\/revisions\/7703"}],"up":[{"embeddable":true,"href":"https:\/\/workinjuryrights.com\/es\/wp-json\/wp\/v2\/pages\/5395"}],"wp:attachment":[{"href":"https:\/\/workinjuryrights.com\/es\/wp-json\/wp\/v2\/media?parent=5739"}],"wp:term":[{"taxonomy":"category","embeddable":true,"href":"https:\/\/workinjuryrights.com\/es\/wp-json\/wp\/v2\/categories?post=5739"},{"taxonomy":"post_tag","embeddable":true,"href":"https:\/\/workinjuryrights.com\/es\/wp-json\/wp\/v2\/tags?post=5739"}],"curies":[{"name":"wp","href":"https:\/\/api.w.org\/{rel}","templated":true}]}}