{"id":5740,"date":"2021-08-15T16:24:33","date_gmt":"2021-08-15T16:24:33","guid":{"rendered":"https:\/\/workinjuryrights.com\/tipo-de-lesion\/falling-flying-objects\/"},"modified":"2024-10-04T15:44:27","modified_gmt":"2024-10-04T20:44:27","slug":"objetos-caen-vuelan","status":"publish","type":"page","link":"https:\/\/workinjuryrights.com\/es\/tipo-de-lesion\/objetos-caen-vuelan\/","title":{"rendered":"Objetos que Caen \/ Vuelan"},"content":{"rendered":"<style>.practice-areas{display:none;}<\/style>\n<p><span style=\"font-weight: 400;\">Cada a\u00f1o, unas 4.800 personas mueren en accidentes laborales y muchas m\u00e1s sufren lesiones graves. Aproximadamente el 20% de estas muertes ocurren en la construcci\u00f3n y ser golpeado por objetos que caen o vuelan causa aproximadamente el <\/span><a href=\"https:\/\/www.osha.gov\/data\/commonstats\" target=\"_blank\" rel=\"noopener\"><span style=\"font-weight: 400;\">11% de todas las muertes en el lugar de trabajo<\/span><\/a><span style=\"font-weight: 400;\"> , seg\u00fan OSHA.<\/span><\/p>\n<p><span style=\"font-weight: 400;\">Los objetos ca\u00eddos tambi\u00e9n son la tercera causa principal de lesiones en el lugar de trabajo con casi <\/span><a href=\"https:\/\/safetyequipment.org\/isea-leads-industry-action-on-preventing-workplace-fatalities-from-dropped-objects\/\" target=\"_blank\" rel=\"noopener\"><span style=\"font-weight: 400;\">48,000 lesiones<\/span><span style=\"font-weight: 400;\"> solo <\/span><span style=\"font-weight: 400;\">en 2016<\/span><\/a><span style=\"font-weight: 400;\">, seg\u00fan la Oficina de Estad\u00edsticas Laborales. Las violaciones de protecci\u00f3n contra ca\u00eddas para personas y objetos tambi\u00e9n son los tipos m\u00e1s comunes de violaciones de OSHA.<\/span><\/p>\n<p><span style=\"font-weight: 400;\">Si ha sufrido una lesi\u00f3n grave debido a la ca\u00edda o el vuelo de objetos en un lugar de trabajo, tiene derecho a recuperar una compensaci\u00f3n seg\u00fan el sistema de compensaci\u00f3n para trabajadores de Florida. Un abogado con experiencia en compensaci\u00f3n para trabajadores en Florida puede ayudarlo a presentar su reclamo o apelar un reclamo de compensaci\u00f3n para trabajadores denegado para buscar la compensaci\u00f3n justa que necesita mientras se recupera.<\/span><\/p>\n<p><span style=\"font-weight: 400;\"><\/span><\/p>\n<h2><b>\u00bfCu\u00e1les son algunas de las causas comunes de accidentes por ca\u00edda de objetos en Florida?<\/b><\/h2>\n<p><span style=\"font-weight: 400;\">Los accidentes que involucran objetos que vuelan \/ caen pueden ocurrir por muchas razones, tales como:<\/span><\/p>\n<ul>\n<li><span style=\"font-weight: 400;\"> Falta de formaci\u00f3n<\/span><\/li>\n<li><span style=\"font-weight: 400;\"> Uso incorrecto de equipos o herramientas.<\/span><\/li>\n<li><span style=\"font-weight: 400;\"> Carga insuficientemente asegurada en una pluma, polipasto o gr\u00faa<\/span><\/li>\n<li><span style=\"font-weight: 400;\"> Una carga demasiado pesada<\/span><\/li>\n<li><span style=\"font-weight: 400;\"> Materiales apilados incorrectamente<\/span><\/li>\n<li><span style=\"font-weight: 400;\"> No seguir los protocolos de seguridad.<\/span><\/li>\n<li><span style=\"font-weight: 400;\"> Materiales defectuosos o maquinaria que funciona mal<\/span><\/li>\n<li><span style=\"font-weight: 400;\"> No usar dispositivos de seguridad que puedan detener o atrapar objetos que caen<\/span><\/li>\n<li><span style=\"font-weight: 400;\"> Advertencias insuficientes publicadas<\/span><\/li>\n<\/ul>\n<p><span style=\"font-weight: 400;\">Los trabajadores de la construcci\u00f3n corren mayor riesgo de sufrir lesiones por objetos que vuelan o caen mientras trabajan cerca de escaleras, andamios, gr\u00faas y en sitios donde el trabajo se realiza por encima de la cabeza. No solo los trabajadores de la construcci\u00f3n corren el riesgo de sufrir lesiones por objetos voladores o ca\u00eddas.<\/span><\/p>\n<p><span style=\"font-weight: 400;\">Otras ocupaciones en riesgo incluyen:<\/span><\/p>\n<ul>\n<li><span style=\"font-weight: 400;\"> Ensambladores<\/span><\/li>\n<li><span style=\"font-weight: 400;\"> Conductores de camiones<\/span><\/li>\n<li><span style=\"font-weight: 400;\"> Carpinteros<\/span><\/li>\n<li><span style=\"font-weight: 400;\"> Conserjes<\/span><\/li>\n<li><span style=\"font-weight: 400;\"> Gestores de stock<\/span><\/li>\n<li><span style=\"font-weight: 400;\"> Trabajadores de la preparaci\u00f3n de alimentos<\/span><\/li>\n<li><span style=\"font-weight: 400;\"> cocineros<\/span><\/li>\n<\/ul>\n<h2><b>\u00bfCu\u00e1les son algunas de las lesiones asociadas con la ca\u00edda o el vuelo de objetos?<\/b><\/h2>\n<p><span style=\"font-weight: 400;\">Incluso un objeto peque\u00f1o o bastante liviano puede provocar lesiones graves cuando cae desde una gran altura. Una herramienta de 8 libras dej\u00f3 caer solo 200 pies con una fuerza superior a 2,800 libras por pulgada cuadrada. Eso es m\u00e1s o menos lo mismo que un peque\u00f1o autom\u00f3vil de pasajeros que choca contra un \u00e1rea no mucho m\u00e1s grande que una cuarta parte.<\/span><\/p>\n<p><span style=\"font-weight: 400;\">Los tipos de lesiones que pueden resultar de la ca\u00edda de un objeto dependen del peso y el tama\u00f1o del objeto, la altura de la ca\u00edda y la protecci\u00f3n de la v\u00edctima. Para muchos trabajadores, una lesi\u00f3n por ca\u00edda o ca\u00edda de un objeto es muy grave y puede incluir laceraciones, lesiones de la m\u00e9dula espinal, lesiones cerebrales traum\u00e1ticas, lesiones de cuello y espalda y fracturas. Estos accidentes tambi\u00e9n pueden provocar una discapacidad permanente como la par\u00e1lisis.<\/span><\/p>\n<p><a href=\"https:\/\/workinjuryrights.com\/wp-content\/uploads\/2021\/09\/worker-freight-container-1.jpg\"><img fetchpriority=\"high\" decoding=\"async\" class=\"alignnone size-full wp-image-3680\" src=\"https:\/\/workinjuryrights.com\/wp-content\/uploads\/2021\/09\/worker-freight-container-1.jpg\" alt=\"Worker looking at shipping container as its being lifted concept of falling\/flyings objects at work\" width=\"500\" height=\"333\" srcset=\"https:\/\/workinjuryrights.com\/wp-content\/uploads\/2021\/09\/worker-freight-container-1.jpg 500w, https:\/\/workinjuryrights.com\/wp-content\/uploads\/2021\/09\/worker-freight-container-1-300x200.jpg 300w\" sizes=\"(max-width: 500px) 100vw, 500px\" \/><\/a><\/p>\n<h2><b>Accidentes por ca\u00edda \/ objetos voladores y compensaci\u00f3n para trabajadores<\/b><\/h2>\n<p><span style=\"font-weight: 400;\">Cuando se lesiona en el trabajo en Florida, por ejemplo, al caer o volar objetos, tiene derecho a una compensaci\u00f3n a trav\u00e9s de la p\u00f3liza de seguro de compensaci\u00f3n para trabajadores de su empleador. Estos beneficios pueden incluir beneficios por incapacidad temporal o permanente para reemplazar parcialmente los salarios perdidos y otros beneficios como compensaci\u00f3n por sus gastos m\u00e9dicos e incluso rehabilitaci\u00f3n vocacional.<\/span><\/p>\n<p><span style=\"font-weight: 400;\">Si bien el sistema de compensaci\u00f3n para trabajadores est\u00e1 dise\u00f1ado para reembolsarle r\u00e1pidamente sus da\u00f1os, presentar un reclamo puede conllevar una gran cantidad de papeleo y plazos. Un <\/span><a href=\"https:\/\/workinjuryrights.com\/es\/abogado-de-compensacion-de-trabajadores-de-florida\/\"><span style=\"font-weight: 400;\">abogado con<\/span><span style=\"font-weight: 400;\"> experiencia <\/span><span style=\"font-weight: 400;\">en compensaci\u00f3n para trabajadores en Florida<\/span><\/a><span style=\"font-weight: 400;\"> puede ayudarlo a presentar su reclamo mientras se concentra en la recuperaci\u00f3n. Su abogado tambi\u00e9n puede ayudarlo si se rechaza su reclamo de compensaci\u00f3n para trabajadores o si sus beneficios se retrasan. Incluso si se rechaza su reclamo, tiene derecho a apelar la decisi\u00f3n, pero debe hacerlo dentro del plazo.<\/span><\/p>\n<p><span style=\"font-weight: 400;\">En la mayor\u00eda de los casos, no puede demandar a su empleador por da\u00f1os, incluso si fue negligente. Sin embargo, a veces es posible presentar una demanda contra alguien que no sea su empleador despu\u00e9s de un accidente con un objeto que cae. Por ejemplo, una lesi\u00f3n por objeto volador causada por maquinaria o equipo defectuoso puede ser elegible para un reclamo de terceros si el fabricante fue responsable de su lesi\u00f3n para asegurarse de que est\u00e9 completamente compensado por las p\u00e9rdidas que ha sufrido.<\/span><\/p>\n<h2><b>Preguntas frecuentes sobre objetos que caen \/ vuelan<\/b><\/h2>\n<h3><b>Un objeto en el trabajo me golpe\u00f3 dentro o alrededor del ojo, caus\u00e1ndome da\u00f1o. Tengo tiempo libre, pero \u00bfdeber\u00eda obtener la Compensaci\u00f3n para Trabajadores tambi\u00e9n?<\/b><\/h3>\n<p><span style=\"font-weight: 400;\">Las lesiones oculares pueden provocar da\u00f1os graves, incluidos da\u00f1os que no se presentan durante alg\u00fan tiempo. Los ojos pueden sufrir da\u00f1os por objetos voladores o quemaduras por radiaci\u00f3n dentro o alrededor del ojo. Esto a menudo da como resultado un cambio en la visi\u00f3n o una p\u00e9rdida general de la visi\u00f3n. Necesita que sus ojos funcionen en el trabajo, por lo que cualquier tipo de cambio podr\u00eda afectar su capacidad para ganarse la vida.<\/span><\/p>\n<p><span style=\"font-weight: 400;\">Perder la vista puede cambiar completamente su forma de vida. Nuestros abogados de lesiones laborales pueden ayudarlo a comprender el impacto de su lesi\u00f3n en su trabajo, as\u00ed como a obtener la atenci\u00f3n que necesita. Para una consulta gratuita, ll\u00e1menos hoy al <a href=\"tel:+19543888616\">954-388-8616<\/a>.<\/span><\/p>\n<h3><b>\u00bfEs un reclamo por muerte por negligencia o un reclamo de compensaci\u00f3n para trabajadores si mi esposo fue asesinado por un objeto en el trabajo?<\/b><\/h3>\n<p><span style=\"font-weight: 400;\">Desafortunadamente, los objetos en ca\u00edda libre \/ voladores son la causa de muchas muertes y lesiones importantes para las personas que trabajan en sitios de construcci\u00f3n o aquellos con objetos pesados. Si su c\u00f3nyuge o un ser querido muri\u00f3 en el trabajo, puede seguir cualquiera de los dos caminos con su reclamo.<\/span><\/p>\n<p><span style=\"font-weight: 400;\">Si bien es posible que pueda presentar un reclamo de compensaci\u00f3n para trabajadores, es probable que su mejor opci\u00f3n sea buscar un reclamo por muerte por negligencia. Esto le ayudar\u00e1 a obtener una mayor compensaci\u00f3n, para que pueda llorar y sanar. Si bien ning\u00fan acuerdo puede traer de vuelta a su ser querido, es importante asegurarse de obtener todo lo que se merece. <\/span><span style=\"font-weight: 400;\">P\u00f3ngase en <a href=\"https:\/\/workinjuryrights.com\/contact\/\">contacto con<\/a><\/span><span style=\"font-weight: 400;\"> nuestros abogados de compensaci\u00f3n para trabajadores hoy.<\/span><\/p>\n<h3><b>\u00bfPuedo cobrar Compensaci\u00f3n Laboral despu\u00e9s de ser golpeado por un objeto en ca\u00edda libre en el trabajo y necesitar atenci\u00f3n m\u00e9dica?<\/b><\/h3>\n<p><span style=\"font-weight: 400;\">S\u00ed, ser golpeado por un objeto en el trabajo lo califica para recibir los beneficios de Compensaci\u00f3n para Trabajadores. Si necesita buscar atenci\u00f3n m\u00e9dica, tiene que ausentarse del trabajo o ir a rehabilitaci\u00f3n, debe recibir beneficios durante ese tiempo. Si la lesi\u00f3n fue debilitante, tambi\u00e9n debe obtener cobertura.<\/span><\/p>\n<p><span style=\"font-weight: 400;\">Estos beneficios est\u00e1n ah\u00ed para ayudarlo a cubrir la p\u00e9rdida de salarios, facturas m\u00e9dicas, costos de medicamentos y m\u00e1s. Desafortunadamente, puede ser dif\u00edcil transitar por este camino y eso a menudo resulta en confusi\u00f3n, irritaci\u00f3n y conformarse con menos de lo que se merece. <\/span><a href=\"https:\/\/workinjuryrights.com\/contact\/\"><span style=\"font-weight: 400;\">Cont\u00e1ctenos hoy<\/span><\/a><span style=\"font-weight: 400;\"> para una consulta gratuita, de modo que podamos ayudarlo a obtener la compensaci\u00f3n y los beneficios que necesita para su recuperaci\u00f3n.<\/span><\/p>\n<h3><b>Mi contratista no proporcion\u00f3 un casco y sufr\u00ed una lesi\u00f3n en la cabeza en un sitio de construcci\u00f3n. \u00bfEs \u00e9l responsable?<\/b><\/h3>\n<p><span style=\"font-weight: 400;\">Si est\u00e1 trabajando en un sitio de construcci\u00f3n, debe usar un casco para evitar lesiones en la construcci\u00f3n. Su empleador debe exigir un casco para cualquier persona en el lugar de trabajo. OSHA requiere esto y tambi\u00e9n requiere que el sombrero cumpla con las designaciones de <\/span><a href=\"https:\/\/wwwn.cdc.gov\/PPEInfo\/Standards\/Info\/29CFR1910136\" target=\"_blank\" rel=\"noopener\"><span style=\"font-weight: 400;\">la Norma Nacional Estadounidense para la Protecci\u00f3n del Personal<\/span><\/a><span style=\"font-weight: 400;\"> o <\/span><a href=\"https:\/\/www.osha.gov\/laws-regs\/regulations\/standardnumber\/1915\/1915.155\" target=\"_blank\" rel=\"noopener\"><span style=\"font-weight: 400;\">la Norma Nacional Estadounidense para la Protecci\u00f3n Industrial de la Cabeza<\/span><\/a><span style=\"font-weight: 400;\"> .<\/span><\/p>\n<p><span style=\"font-weight: 400;\">Si result\u00f3 lesionado porque no se le entreg\u00f3 un casco, lo ayudaremos a investigar la situaci\u00f3n que rodea su lesi\u00f3n y lo ayudaremos a obtener la justicia y la compensaci\u00f3n que se merece. \u00a1Llame a nuestros abogados al <a href=\"tel:+19543888616\">954-388-8616<\/a> hoy!<\/span><\/p>\n<h2><b>Comun\u00edquese hoy mismo con un abogado de compensaci\u00f3n laboral de Florida para obtener una consulta gratuita por su lesi\u00f3n por ca\u00edda \/ objetos voladores<\/b><\/h2>\n<p><span style=\"font-weight: 400;\">\u00bfHa sufrido lesiones graves debido a la ca\u00edda \/ ca\u00edda de objetos en el trabajo o se le ha denegado su reclamo de compensaci\u00f3n para trabajadores? <\/span><a href=\"https:\/\/workinjuryrights.com\/contact\/\"><span style=\"font-weight: 400;\">P\u00f3ngase en contacto con Work Injury Rights<\/span><\/a><span style=\"font-weight: 400;\"> hoy mismo para programar una consulta gratuita. Nuestra firma de abogados de compensaci\u00f3n de trabajadores de Florida luchar\u00e1 por la compensaci\u00f3n justa que usted merece por sus lesiones y lo ayudar\u00e1 a navegar por el complejo panorama legal del sistema de compensaci\u00f3n de trabajadores.<\/span><\/p>\n<p><span style=\"font-weight: 400;\">Trabajamos sobre la base de una tarifa de contingencia, lo que significa que usted no paga nada a menos que obtengamos un premio del jurado o un acuerdo para usted.<\/span><\/p>\n","protected":false},"excerpt":{"rendered":"<p>Cada a\u00f1o, unas 4.800 personas mueren en accidentes laborales y muchas m\u00e1s sufren lesiones graves. Aproximadamente el 20% de estas muertes ocurren en la construcci\u00f3n y ser golpeado por objetos que caen o vuelan causa aproximadamente el 11% de todas las muertes en el lugar de trabajo , seg\u00fan OSHA. Los objetos ca\u00eddos tambi\u00e9n son [&hellip;]<\/p>\n","protected":false},"author":36,"featured_media":0,"parent":5395,"menu_order":0,"comment_status":"closed","ping_status":"closed","template":"","meta":{"_acf_changed":false,"anchor_text":"","footnotes":""},"categories":[],"tags":[],"class_list":["post-5740","page","type-page","status-publish","hentry"],"acf":[],"_links":{"self":[{"href":"https:\/\/workinjuryrights.com\/es\/wp-json\/wp\/v2\/pages\/5740","targetHints":{"allow":["GET"]}}],"collection":[{"href":"https:\/\/workinjuryrights.com\/es\/wp-json\/wp\/v2\/pages"}],"about":[{"href":"https:\/\/workinjuryrights.com\/es\/wp-json\/wp\/v2\/types\/page"}],"author":[{"embeddable":true,"href":"https:\/\/workinjuryrights.com\/es\/wp-json\/wp\/v2\/users\/36"}],"replies":[{"embeddable":true,"href":"https:\/\/workinjuryrights.com\/es\/wp-json\/wp\/v2\/comments?post=5740"}],"version-history":[{"count":4,"href":"https:\/\/workinjuryrights.com\/es\/wp-json\/wp\/v2\/pages\/5740\/revisions"}],"predecessor-version":[{"id":19392,"href":"https:\/\/workinjuryrights.com\/es\/wp-json\/wp\/v2\/pages\/5740\/revisions\/19392"}],"up":[{"embeddable":true,"href":"https:\/\/workinjuryrights.com\/es\/wp-json\/wp\/v2\/pages\/5395"}],"wp:attachment":[{"href":"https:\/\/workinjuryrights.com\/es\/wp-json\/wp\/v2\/media?parent=5740"}],"wp:term":[{"taxonomy":"category","embeddable":true,"href":"https:\/\/workinjuryrights.com\/es\/wp-json\/wp\/v2\/categories?post=5740"},{"taxonomy":"post_tag","embeddable":true,"href":"https:\/\/workinjuryrights.com\/es\/wp-json\/wp\/v2\/tags?post=5740"}],"curies":[{"name":"wp","href":"https:\/\/api.w.org\/{rel}","templated":true}]}}